{"id":375,"date":"2018-08-11T16:36:05","date_gmt":"2018-08-11T13:36:05","guid":{"rendered":"https:\/\/h2n312.wordpress.com\/?page_id=375"},"modified":"2025-06-04T18:57:34","modified_gmt":"2025-06-04T15:57:34","slug":"add-nickname-winrate-stacksize","status":"publish","type":"page","link":"https:\/\/hand2noteguide.com\/de\/guide\/hud\/add-nickname-winrate-stacksize\/","title":{"rendered":"Wie man Nickname, Winrate und Stackgr\u00f6\u00dfe in das HUD einf\u00fcgt"},"content":{"rendered":"<p>Um diese Informationen in Ihr HUD einzuf\u00fcgen, \u00f6ffnen Sie den Editor (F5), klicken Sie mit der rechten Maustaste auf die gew\u00fcnschte Zelle und w\u00e4hlen Sie den erforderlichen Men\u00fcpunkt aus:<\/p>\n<p><img loading=\"lazy\" decoding=\"async\" class=\"alignnone size-full wp-image-827\" src=\"https:\/\/hand2noteguide.com\/wp-content\/uploads\/2019\/05\/hand2note-insert-nickname-winrate-stacksize-into-hud.png\" alt=\"hand2note insert nickname winrate stacksize into HUD\" width=\"566\" height=\"443\" srcset=\"https:\/\/hand2noteguide.com\/wp-content\/uploads\/2019\/05\/hand2note-insert-nickname-winrate-stacksize-into-hud.png 566w, https:\/\/hand2noteguide.com\/wp-content\/uploads\/2019\/05\/hand2note-insert-nickname-winrate-stacksize-into-hud-300x235.png 300w\" sizes=\"auto, (max-width: 566px) 100vw, 566px\" \/><\/p>\n\n\n<p>Wenn Sie nicht m\u00f6chten, dass die Spielernamen vollst\u00e4ndig angezeigt werden und viel Platz im HUD einnehmen, k\u00f6nnen Sie die maximal zul\u00e4ssige L\u00e4nge festlegen. Markieren Sie dazu die Zelle mit dem Nickname und legen Sie den Parameter f\u00fcr die maximale L\u00e4nge im rechten Teil des Bildschirms fest. Im untenstehenden Beispiel wird der Spielername abgeschnitten, wenn seine L\u00e4nge 5 Zeichen \u00fcberschreitet.<\/p>\n\n\n\n<figure class=\"wp-block-image\"><img loading=\"lazy\" decoding=\"async\" width=\"612\" height=\"309\" src=\"https:\/\/hand2noteguide.com\/wp-content\/uploads\/2019\/07\/hand2note-hud-nickname-max-length.png\" alt=\"hand2note hud nickname set max length\" class=\"wp-image-1451\" srcset=\"https:\/\/hand2noteguide.com\/wp-content\/uploads\/2019\/07\/hand2note-hud-nickname-max-length.png 612w, https:\/\/hand2noteguide.com\/wp-content\/uploads\/2019\/07\/hand2note-hud-nickname-max-length-300x151.png 300w\" sizes=\"auto, (max-width: 612px) 100vw, 612px\" \/><\/figure>\n\n\n\n<p>Beim Hinzuf\u00fcgen einer Stackgr\u00f6\u00dfe k\u00f6nnen Sie eine von drei Optionen w\u00e4hlen.<\/p>\n\n\n\n<figure class=\"wp-block-image\"><img loading=\"lazy\" decoding=\"async\" width=\"581\" height=\"399\" src=\"https:\/\/hand2noteguide.com\/wp-content\/uploads\/2019\/07\/hand2note-hud-stacksize-options.png\" alt=\"hand2note hud stacksize options\" class=\"wp-image-1453\" srcset=\"https:\/\/hand2noteguide.com\/wp-content\/uploads\/2019\/07\/hand2note-hud-stacksize-options.png 581w, https:\/\/hand2noteguide.com\/wp-content\/uploads\/2019\/07\/hand2note-hud-stacksize-options-300x206.png 300w\" sizes=\"auto, (max-width: 581px) 100vw, 581px\" \/><\/figure>\n\n\n\n<ol class=\"wp-block-list\"><li><strong>Stackgr\u00f6\u00dfe in Big Blinds<\/strong> ist einfach die aktuelle Gr\u00f6\u00dfe des Spielerstapels, unabh\u00e4ngig von der Anzahl der Chips in den Stapeln anderer Spieler.<\/li><li><strong>Effektive Stackgr\u00f6\u00dfe<\/strong> ist die maximale Stackgr\u00f6\u00dfe unter den Gegnern, die die Gr\u00f6\u00dfe des Spielerstapels nicht \u00fcberschreitet. Mit anderen Worten, dies ist die maximale Anzahl an Chips, die der Spieler in einer Hand gewinnen oder verlieren kann.<\/li><li><strong>Effektive Stackgr\u00f6\u00dfe vs. Hero\u2019s Stack<\/strong> ist derselbe effektive Stack, jedoch nicht gegen alle Gegner, sondern nur gegen den Hero.<\/li><\/ol>\n\n\n\n<p>Alle Stackgr\u00f6\u00dfen werden in Big Blinds angezeigt.<\/p>\n","protected":false},"excerpt":{"rendered":"<p>Um diese Informationen in Ihr HUD einzuf\u00fcgen, \u00f6ffnen Sie den Editor (F5), klicken Sie mit der rechten Maustaste auf die gew\u00fcnschte Zelle und w\u00e4hlen Sie den erforderlichen Men\u00fcpunkt aus: Wenn Sie nicht m\u00f6chten, dass die Spielernamen vollst\u00e4ndig angezeigt werden und viel Platz im HUD einnehmen, k\u00f6nnen Sie die maximal zul\u00e4ssige L\u00e4nge festlegen. Markieren Sie dazu &hellip; <a href=\"https:\/\/hand2noteguide.com\/de\/guide\/hud\/add-nickname-winrate-stacksize\/\" class=\"more-link\">Continue reading <span class=\"screen-reader-text\">Wie man Nickname, Winrate und Stackgr\u00f6\u00dfe in das HUD einf\u00fcgt<\/span><\/a><\/p>\n","protected":false},"author":1,"featured_media":0,"parent":372,"menu_order":0,"comment_status":"closed","ping_status":"closed","template":"page-templates\/full-width-page.php","meta":{"footnotes":""},"class_list":["post-375","page","type-page","status-publish","hentry"],"translation":{"provider":"WPGlobus","version":"3.0.2","language":"de","enabled_languages":["en","ru","pt","zh","es","fr","de","it","ja"],"languages":{"en":{"title":true,"content":true,"excerpt":false},"ru":{"title":true,"content":true,"excerpt":false},"pt":{"title":true,"content":true,"excerpt":false},"zh":{"title":true,"content":true,"excerpt":false},"es":{"title":true,"content":true,"excerpt":false},"fr":{"title":true,"content":true,"excerpt":false},"de":{"title":true,"content":true,"excerpt":false},"it":{"title":true,"content":true,"excerpt":false},"ja":{"title":true,"content":true,"excerpt":false}}},"yoast_head":"<!-- This site is optimized with the Yoast SEO plugin v27.0 - https:\/\/yoast.com\/product\/yoast-seo-wordpress\/ -->\n<title>F\u00fcgen Sie Nickname, Winrate und Stackgr\u00f6\u00dfe zum Poker-HUD hinzu<\/title>\n<meta name=\"description\" content=\"Erfahren Sie, wie Sie Ihr Poker-HUD anpassen, indem Sie Spielernamen, Winrate und Stackgr\u00f6\u00dfe hinzuf\u00fcgen. Folgen Sie unserer Schritt-f\u00fcr-Schritt-Anleitung f\u00fcr bessere Spielanalysen.\" \/>\n<meta name=\"robots\" content=\"index, follow, max-snippet:-1, max-image-preview:large, max-video-preview:-1\" \/>\n<link rel=\"canonical\" href=\"https:\/\/hand2noteguide.com\/guide\/hud\/add-nickname-winrate-stacksize\/\" \/>\n<meta property=\"og:locale\" content=\"de_DE\" \/>\n<meta property=\"og:type\" content=\"article\" \/>\n<meta property=\"og:title\" content=\"F\u00fcgen Sie Nickname, Winrate und Stackgr\u00f6\u00dfe zum Poker-HUD hinzu\" \/>\n<meta property=\"og:description\" content=\"Erfahren Sie, wie Sie Ihr Poker-HUD anpassen, indem Sie Spielernamen, Winrate und Stackgr\u00f6\u00dfe hinzuf\u00fcgen. Folgen Sie unserer Schritt-f\u00fcr-Schritt-Anleitung f\u00fcr bessere Spielanalysen.\" \/>\n<meta property=\"og:url\" content=\"https:\/\/hand2noteguide.com\/guide\/hud\/add-nickname-winrate-stacksize\/\" \/>\n<meta property=\"og:site_name\" content=\"Hand2Note Guide\" \/>\n<meta property=\"article:modified_time\" content=\"2025-06-04T15:57:34+00:00\" \/>\n<meta property=\"og:image\" content=\"https:\/\/hand2noteguide.com\/wp-content\/uploads\/2018\/08\/hand2note-d0b2d181d182d0b0d0b2d0b8d182d18c-d0bdd0b8d0bad0bdd0b5d0b9d0bc-d0b2d0b8d0bdd180d0b5d0b9d182-d180d0b0d0b7d0bcd0b5d180-d181d1821.png\" \/>\n<meta name=\"twitter:card\" content=\"summary_large_image\" \/>\n<meta name=\"twitter:label1\" content=\"Est. reading time\" \/>\n\t<meta name=\"twitter:data1\" content=\"6 minutes\" \/>\n<!-- \/ Yoast SEO plugin. -->","yoast_head_json":{"title":"F\u00fcgen Sie Nickname, Winrate und Stackgr\u00f6\u00dfe zum Poker-HUD hinzu","description":"Erfahren Sie, wie Sie Ihr Poker-HUD anpassen, indem Sie Spielernamen, Winrate und Stackgr\u00f6\u00dfe hinzuf\u00fcgen. Folgen Sie unserer Schritt-f\u00fcr-Schritt-Anleitung f\u00fcr bessere Spielanalysen.","robots":{"index":"index","follow":"follow","max-snippet":"max-snippet:-1","max-image-preview":"max-image-preview:large","max-video-preview":"max-video-preview:-1"},"canonical":"https:\/\/hand2noteguide.com\/guide\/hud\/add-nickname-winrate-stacksize\/","og_locale":"de_DE","og_type":"article","og_title":"F\u00fcgen Sie Nickname, Winrate und Stackgr\u00f6\u00dfe zum Poker-HUD hinzu","og_description":"Erfahren Sie, wie Sie Ihr Poker-HUD anpassen, indem Sie Spielernamen, Winrate und Stackgr\u00f6\u00dfe hinzuf\u00fcgen. Folgen Sie unserer Schritt-f\u00fcr-Schritt-Anleitung f\u00fcr bessere Spielanalysen.","og_url":"https:\/\/hand2noteguide.com\/guide\/hud\/add-nickname-winrate-stacksize\/","og_site_name":"Hand2Note Guide","article_modified_time":"2025-06-04T15:57:34+00:00","og_image":[{"url":"https:\/\/hand2noteguide.com\/wp-content\/uploads\/2018\/08\/hand2note-d0b2d181d182d0b0d0b2d0b8d182d18c-d0bdd0b8d0bad0bdd0b5d0b9d0bc-d0b2d0b8d0bdd180d0b5d0b9d182-d180d0b0d0b7d0bcd0b5d180-d181d1821.png","type":"","width":"","height":""}],"twitter_card":"summary_large_image","twitter_misc":{"Est. reading time":"6 minutes"},"schema":{"@context":"https:\/\/schema.org","@graph":[]}},"jetpack_sharing_enabled":false,"_links":{"self":[{"href":"https:\/\/hand2noteguide.com\/de\/wp-json\/wp\/v2\/pages\/375","targetHints":{"allow":["GET"]}}],"collection":[{"href":"https:\/\/hand2noteguide.com\/de\/wp-json\/wp\/v2\/pages"}],"about":[{"href":"https:\/\/hand2noteguide.com\/de\/wp-json\/wp\/v2\/types\/page"}],"author":[{"embeddable":true,"href":"https:\/\/hand2noteguide.com\/de\/wp-json\/wp\/v2\/users\/1"}],"replies":[{"embeddable":true,"href":"https:\/\/hand2noteguide.com\/de\/wp-json\/wp\/v2\/comments?post=375"}],"version-history":[{"count":16,"href":"https:\/\/hand2noteguide.com\/de\/wp-json\/wp\/v2\/pages\/375\/revisions"}],"predecessor-version":[{"id":13532,"href":"https:\/\/hand2noteguide.com\/de\/wp-json\/wp\/v2\/pages\/375\/revisions\/13532"}],"up":[{"embeddable":true,"href":"https:\/\/hand2noteguide.com\/de\/wp-json\/wp\/v2\/pages\/372"}],"wp:attachment":[{"href":"https:\/\/hand2noteguide.com\/de\/wp-json\/wp\/v2\/media?parent=375"}],"curies":[{"name":"wp","href":"https:\/\/api.w.org\/{rel}","templated":true}]}}