{"id":379,"date":"2018-08-11T16:42:57","date_gmt":"2018-08-11T13:42:57","guid":{"rendered":"https:\/\/h2n312.wordpress.com\/?page_id=379"},"modified":"2025-06-04T18:56:46","modified_gmt":"2025-06-04T15:56:46","slug":"activate-session-hud","status":"publish","type":"page","link":"https:\/\/hand2noteguide.com\/de\/guide\/hud\/activate-session-hud\/","title":{"rendered":"So aktivieren Sie das Session HUD"},"content":{"rendered":"<p>W\u00e4hrend des Spiels, um die Anzeige von Stats nur f\u00fcr die H\u00e4nde zu aktivieren, die am aktuellen Tisch gespielt wurden, klicken Sie mit der rechten Maustaste doppelt auf den HUD-Block eines bestimmten Spielers. Um die Statistiken in ihren urspr\u00fcnglichen Zustand zur\u00fcckzusetzen, klicken Sie erneut mit der rechten Maustaste doppelt.<\/p>\n<p>Bitte beachten Sie, dass diese Funktion an Zoom-Tischen nicht funktioniert.<\/p>\n","protected":false},"excerpt":{"rendered":"<p>W\u00e4hrend des Spiels, um die Anzeige von Stats nur f\u00fcr die H\u00e4nde zu aktivieren, die am aktuellen Tisch gespielt wurden, klicken Sie mit der rechten Maustaste doppelt auf den HUD-Block eines bestimmten Spielers. Um die Statistiken in ihren urspr\u00fcnglichen Zustand zur\u00fcckzusetzen, klicken Sie erneut mit der rechten Maustaste doppelt. Bitte beachten Sie, dass diese Funktion &hellip; <a href=\"https:\/\/hand2noteguide.com\/de\/guide\/hud\/activate-session-hud\/\" class=\"more-link\">Continue reading <span class=\"screen-reader-text\">So aktivieren Sie das Session HUD<\/span><\/a><\/p>\n","protected":false},"author":1,"featured_media":0,"parent":372,"menu_order":0,"comment_status":"closed","ping_status":"closed","template":"page-templates\/full-width-page.php","meta":{"footnotes":""},"class_list":["post-379","page","type-page","status-publish","hentry"],"translation":{"provider":"WPGlobus","version":"3.0.2","language":"de","enabled_languages":["en","ru","pt","zh","es","fr","de","it","ja"],"languages":{"en":{"title":true,"content":true,"excerpt":false},"ru":{"title":true,"content":true,"excerpt":false},"pt":{"title":true,"content":true,"excerpt":false},"zh":{"title":true,"content":true,"excerpt":false},"es":{"title":true,"content":true,"excerpt":false},"fr":{"title":true,"content":true,"excerpt":false},"de":{"title":true,"content":true,"excerpt":false},"it":{"title":true,"content":true,"excerpt":false},"ja":{"title":true,"content":true,"excerpt":false}}},"yoast_head":"<!-- This site is optimized with the Yoast SEO plugin v27.0 - https:\/\/yoast.com\/product\/yoast-seo-wordpress\/ -->\n<title>Session HUD aktivieren: Schneller Leitfaden f\u00fcr Pokerspieler<\/title>\n<meta name=\"description\" content=\"Erfahren Sie, wie Sie das Session HUD schnell aktivieren, um Echtzeit-Stats f\u00fcr die am aktuellen Tisch gespielten H\u00e4nde anzuzeigen. Hinweis: Nicht verf\u00fcgbar f\u00fcr Zoom-Tische.\" \/>\n<meta name=\"robots\" content=\"index, follow, max-snippet:-1, max-image-preview:large, max-video-preview:-1\" \/>\n<link rel=\"canonical\" href=\"https:\/\/hand2noteguide.com\/ru\/guide\/hud\/activate-session-hud\/\" \/>\n<meta property=\"og:locale\" content=\"de_DE\" \/>\n<meta property=\"og:type\" content=\"article\" \/>\n<meta property=\"og:title\" content=\"Session HUD aktivieren: Schneller Leitfaden f\u00fcr Pokerspieler\" \/>\n<meta property=\"og:description\" content=\"Erfahren Sie, wie Sie das Session HUD schnell aktivieren, um Echtzeit-Stats f\u00fcr die am aktuellen Tisch gespielten H\u00e4nde anzuzeigen. Hinweis: Nicht verf\u00fcgbar f\u00fcr Zoom-Tische.\" \/>\n<meta property=\"og:url\" content=\"https:\/\/hand2noteguide.com\/ru\/guide\/hud\/activate-session-hud\/\" \/>\n<meta property=\"og:site_name\" content=\"Hand2Note Guide\" \/>\n<meta property=\"article:modified_time\" content=\"2025-06-04T15:56:46+00:00\" \/>\n<meta name=\"twitter:card\" content=\"summary_large_image\" \/>\n<meta name=\"twitter:label1\" content=\"Est. reading time\" \/>\n\t<meta name=\"twitter:data1\" content=\"2 minutes\" \/>\n<!-- \/ Yoast SEO plugin. -->","yoast_head_json":{"title":"Session HUD aktivieren: Schneller Leitfaden f\u00fcr Pokerspieler","description":"Erfahren Sie, wie Sie das Session HUD schnell aktivieren, um Echtzeit-Stats f\u00fcr die am aktuellen Tisch gespielten H\u00e4nde anzuzeigen. Hinweis: Nicht verf\u00fcgbar f\u00fcr Zoom-Tische.","robots":{"index":"index","follow":"follow","max-snippet":"max-snippet:-1","max-image-preview":"max-image-preview:large","max-video-preview":"max-video-preview:-1"},"canonical":"https:\/\/hand2noteguide.com\/ru\/guide\/hud\/activate-session-hud\/","og_locale":"de_DE","og_type":"article","og_title":"Session HUD aktivieren: Schneller Leitfaden f\u00fcr Pokerspieler","og_description":"Erfahren Sie, wie Sie das Session HUD schnell aktivieren, um Echtzeit-Stats f\u00fcr die am aktuellen Tisch gespielten H\u00e4nde anzuzeigen. Hinweis: Nicht verf\u00fcgbar f\u00fcr Zoom-Tische.","og_url":"https:\/\/hand2noteguide.com\/ru\/guide\/hud\/activate-session-hud\/","og_site_name":"Hand2Note Guide","article_modified_time":"2025-06-04T15:56:46+00:00","twitter_card":"summary_large_image","twitter_misc":{"Est. reading time":"2 minutes"},"schema":{"@context":"https:\/\/schema.org","@graph":[]}},"jetpack_sharing_enabled":false,"_links":{"self":[{"href":"https:\/\/hand2noteguide.com\/de\/wp-json\/wp\/v2\/pages\/379","targetHints":{"allow":["GET"]}}],"collection":[{"href":"https:\/\/hand2noteguide.com\/de\/wp-json\/wp\/v2\/pages"}],"about":[{"href":"https:\/\/hand2noteguide.com\/de\/wp-json\/wp\/v2\/types\/page"}],"author":[{"embeddable":true,"href":"https:\/\/hand2noteguide.com\/de\/wp-json\/wp\/v2\/users\/1"}],"replies":[{"embeddable":true,"href":"https:\/\/hand2noteguide.com\/de\/wp-json\/wp\/v2\/comments?post=379"}],"version-history":[{"count":16,"href":"https:\/\/hand2noteguide.com\/de\/wp-json\/wp\/v2\/pages\/379\/revisions"}],"predecessor-version":[{"id":13531,"href":"https:\/\/hand2noteguide.com\/de\/wp-json\/wp\/v2\/pages\/379\/revisions\/13531"}],"up":[{"embeddable":true,"href":"https:\/\/hand2noteguide.com\/de\/wp-json\/wp\/v2\/pages\/372"}],"wp:attachment":[{"href":"https:\/\/hand2noteguide.com\/de\/wp-json\/wp\/v2\/media?parent=379"}],"curies":[{"name":"wp","href":"https:\/\/api.w.org\/{rel}","templated":true}]}}