{"id":396,"date":"2018-08-13T18:37:53","date_gmt":"2018-08-13T15:37:53","guid":{"rendered":"https:\/\/h2n312.wordpress.com\/?page_id=396"},"modified":"2025-06-04T18:56:05","modified_gmt":"2025-06-04T15:56:05","slug":"add-abbreviations","status":"publish","type":"page","link":"https:\/\/hand2noteguide.com\/de\/guide\/hud\/add-abbreviations\/","title":{"rendered":"Wie f\u00fcgt man Abk\u00fcrzungen zu Stats hinzu?"},"content":{"rendered":"<p>Um Abk\u00fcrzungen zu Stats im HUD hinzuzuf\u00fcgen, erstellen Sie einfach zus\u00e4tzliche Spalten und geben Sie den erforderlichen Text in die Zellen links von den Stats ein:<\/p>\n<p><img loading=\"lazy\" decoding=\"async\" class=\"alignnone size-full wp-image-397\" src=\"https:\/\/hand2noteguide.com\/wp-content\/uploads\/2018\/08\/hand2note-d0b0d0b1d0b1d180d0b5d0b2d0b8d0b0d182d183d180d18b-d0bfd0b5d180d0b5d0b4-d181d182d0b0d182d0b0d0bcd0b8-d0b2-hud.png\" alt=\"Hand2Note \u0430\u0431\u0431\u0440\u0435\u0432\u0438\u0430\u0442\u0443\u0440\u044b \u043f\u0435\u0440\u0435\u0434 \u0441\u0442\u0430\u0442\u0430\u043c\u0438 \u0432 HUD\" width=\"245\" height=\"56\" \/><\/p>\n<p>Sie k\u00f6nnen Spalten\/Zeilen mit diesen Schaltfl\u00e4chen in der Symbolleiste hinzuf\u00fcgen und entfernen:<\/p>\n<p><img loading=\"lazy\" decoding=\"async\" class=\"alignnone size-full wp-image-660\" src=\"https:\/\/hand2noteguide.com\/wp-content\/uploads\/2018\/11\/hand2note-hud-add-remove-rows-columns.png\" alt=\"hand2note hud add remove rows columns\" width=\"591\" height=\"67\" srcset=\"https:\/\/hand2noteguide.com\/wp-content\/uploads\/2018\/11\/hand2note-hud-add-remove-rows-columns.png 591w, https:\/\/hand2noteguide.com\/wp-content\/uploads\/2018\/11\/hand2note-hud-add-remove-rows-columns-300x34.png 300w\" sizes=\"auto, (max-width: 591px) 100vw, 591px\" \/><\/p>\n","protected":false},"excerpt":{"rendered":"<p>Um Abk\u00fcrzungen zu Stats im HUD hinzuzuf\u00fcgen, erstellen Sie einfach zus\u00e4tzliche Spalten und geben Sie den erforderlichen Text in die Zellen links von den Stats ein: Sie k\u00f6nnen Spalten\/Zeilen mit diesen Schaltfl\u00e4chen in der Symbolleiste hinzuf\u00fcgen und entfernen:<\/p>\n","protected":false},"author":1,"featured_media":0,"parent":372,"menu_order":0,"comment_status":"closed","ping_status":"closed","template":"page-templates\/full-width-page.php","meta":{"footnotes":""},"class_list":["post-396","page","type-page","status-publish","hentry"],"translation":{"provider":"WPGlobus","version":"3.0.2","language":"de","enabled_languages":["en","ru","pt","zh","es","fr","de","it","ja"],"languages":{"en":{"title":true,"content":true,"excerpt":false},"ru":{"title":true,"content":true,"excerpt":false},"pt":{"title":true,"content":true,"excerpt":false},"zh":{"title":true,"content":true,"excerpt":false},"es":{"title":true,"content":true,"excerpt":false},"fr":{"title":true,"content":true,"excerpt":false},"de":{"title":true,"content":true,"excerpt":false},"it":{"title":true,"content":true,"excerpt":false},"ja":{"title":true,"content":true,"excerpt":false}}},"yoast_head":"<!-- This site is optimized with the Yoast SEO plugin v27.0 - https:\/\/yoast.com\/product\/yoast-seo-wordpress\/ -->\n<title>Abk\u00fcrzungen zu HUD-Stats hinzuf\u00fcgen: Ein einfacher Leitfaden<\/title>\n<meta name=\"description\" content=\"Erfahren Sie, wie Sie ganz einfach Abk\u00fcrzungen zu Ihren HUD-Stats hinzuf\u00fcgen k\u00f6nnen. Folgen Sie unserem Schritt-f\u00fcr-Schritt-Leitfaden, um Ihr Pokererlebnis mit klaren und pr\u00e4gnanten Stats zu verbessern.\" \/>\n<meta name=\"robots\" content=\"index, follow, max-snippet:-1, max-image-preview:large, max-video-preview:-1\" \/>\n<link rel=\"canonical\" href=\"https:\/\/hand2noteguide.com\/guide\/hud\/add-abbreviations\/\" \/>\n<meta property=\"og:locale\" content=\"de_DE\" \/>\n<meta property=\"og:type\" content=\"article\" \/>\n<meta property=\"og:title\" content=\"Abk\u00fcrzungen zu HUD-Stats hinzuf\u00fcgen: Ein einfacher Leitfaden\" \/>\n<meta property=\"og:description\" content=\"Erfahren Sie, wie Sie ganz einfach Abk\u00fcrzungen zu Ihren HUD-Stats hinzuf\u00fcgen k\u00f6nnen. Folgen Sie unserem Schritt-f\u00fcr-Schritt-Leitfaden, um Ihr Pokererlebnis mit klaren und pr\u00e4gnanten Stats zu verbessern.\" \/>\n<meta property=\"og:url\" content=\"https:\/\/hand2noteguide.com\/guide\/hud\/add-abbreviations\/\" \/>\n<meta property=\"og:site_name\" content=\"Hand2Note Guide\" \/>\n<meta property=\"article:modified_time\" content=\"2025-06-04T15:56:05+00:00\" \/>\n<meta property=\"og:image\" content=\"https:\/\/hand2noteguide.com\/wp-content\/uploads\/2018\/08\/hand2note-d0b0d0b1d0b1d180d0b5d0b2d0b8d0b0d182d183d180d18b-d0bfd0b5d180d0b5d0b4-d181d182d0b0d182d0b0d0bcd0b8-d0b2-hud.png\" \/>\n<meta name=\"twitter:card\" content=\"summary_large_image\" \/>\n<meta name=\"twitter:label1\" content=\"Est. reading time\" \/>\n\t<meta name=\"twitter:data1\" content=\"1 minute\" \/>\n<!-- \/ Yoast SEO plugin. -->","yoast_head_json":{"title":"Abk\u00fcrzungen zu HUD-Stats hinzuf\u00fcgen: Ein einfacher Leitfaden","description":"Erfahren Sie, wie Sie ganz einfach Abk\u00fcrzungen zu Ihren HUD-Stats hinzuf\u00fcgen k\u00f6nnen. Folgen Sie unserem Schritt-f\u00fcr-Schritt-Leitfaden, um Ihr Pokererlebnis mit klaren und pr\u00e4gnanten Stats zu verbessern.","robots":{"index":"index","follow":"follow","max-snippet":"max-snippet:-1","max-image-preview":"max-image-preview:large","max-video-preview":"max-video-preview:-1"},"canonical":"https:\/\/hand2noteguide.com\/guide\/hud\/add-abbreviations\/","og_locale":"de_DE","og_type":"article","og_title":"Abk\u00fcrzungen zu HUD-Stats hinzuf\u00fcgen: Ein einfacher Leitfaden","og_description":"Erfahren Sie, wie Sie ganz einfach Abk\u00fcrzungen zu Ihren HUD-Stats hinzuf\u00fcgen k\u00f6nnen. Folgen Sie unserem Schritt-f\u00fcr-Schritt-Leitfaden, um Ihr Pokererlebnis mit klaren und pr\u00e4gnanten Stats zu verbessern.","og_url":"https:\/\/hand2noteguide.com\/guide\/hud\/add-abbreviations\/","og_site_name":"Hand2Note Guide","article_modified_time":"2025-06-04T15:56:05+00:00","og_image":[{"url":"https:\/\/hand2noteguide.com\/wp-content\/uploads\/2018\/08\/hand2note-d0b0d0b1d0b1d180d0b5d0b2d0b8d0b0d182d183d180d18b-d0bfd0b5d180d0b5d0b4-d181d182d0b0d182d0b0d0bcd0b8-d0b2-hud.png","type":"","width":"","height":""}],"twitter_card":"summary_large_image","twitter_misc":{"Est. reading time":"1 minute"},"schema":{"@context":"https:\/\/schema.org","@graph":[]}},"jetpack_sharing_enabled":false,"_links":{"self":[{"href":"https:\/\/hand2noteguide.com\/de\/wp-json\/wp\/v2\/pages\/396","targetHints":{"allow":["GET"]}}],"collection":[{"href":"https:\/\/hand2noteguide.com\/de\/wp-json\/wp\/v2\/pages"}],"about":[{"href":"https:\/\/hand2noteguide.com\/de\/wp-json\/wp\/v2\/types\/page"}],"author":[{"embeddable":true,"href":"https:\/\/hand2noteguide.com\/de\/wp-json\/wp\/v2\/users\/1"}],"replies":[{"embeddable":true,"href":"https:\/\/hand2noteguide.com\/de\/wp-json\/wp\/v2\/comments?post=396"}],"version-history":[{"count":12,"href":"https:\/\/hand2noteguide.com\/de\/wp-json\/wp\/v2\/pages\/396\/revisions"}],"predecessor-version":[{"id":13530,"href":"https:\/\/hand2noteguide.com\/de\/wp-json\/wp\/v2\/pages\/396\/revisions\/13530"}],"up":[{"embeddable":true,"href":"https:\/\/hand2noteguide.com\/de\/wp-json\/wp\/v2\/pages\/372"}],"wp:attachment":[{"href":"https:\/\/hand2noteguide.com\/de\/wp-json\/wp\/v2\/media?parent=396"}],"curies":[{"name":"wp","href":"https:\/\/api.w.org\/{rel}","templated":true}]}}