{"id":409,"date":"2018-08-14T19:41:21","date_gmt":"2018-08-14T16:41:21","guid":{"rendered":"https:\/\/h2n312.wordpress.com\/?page_id=409"},"modified":"2025-06-04T18:54:42","modified_gmt":"2025-06-04T15:54:42","slug":"hero-hud","status":"publish","type":"page","link":"https:\/\/hand2noteguide.com\/de\/guide\/hud\/hero-hud\/","title":{"rendered":"Wie erh\u00e4lt man ein HUD f\u00fcr Hero?"},"content":{"rendered":"<p>Hand2Note zeigt standardm\u00e4\u00dfig nur das HUD f\u00fcr Gegner an. Wenn du auch das HUD f\u00fcr Hero an den Tischen sehen m\u00f6chtest, musst du einen separaten Block von <a href=\"https:\/\/hand2noteguide.com\/de\/guide\/creating-stats\/\">Stats<\/a> im HUD-Editor erstellen und den folgenden Filter auf seine Zellen anwenden:<\/p>\n<p><img loading=\"lazy\" decoding=\"async\" class=\"alignnone size-full wp-image-655\" src=\"https:\/\/hand2noteguide.com\/wp-content\/uploads\/2018\/11\/hand2note-hero-hud.png\" alt=\"Hand2Note hero hud\" width=\"534\" height=\"322\" srcset=\"https:\/\/hand2noteguide.com\/wp-content\/uploads\/2018\/11\/hand2note-hero-hud.png 534w, https:\/\/hand2noteguide.com\/wp-content\/uploads\/2018\/11\/hand2note-hero-hud-300x181.png 300w\" sizes=\"auto, (max-width: 534px) 100vw, 534px\" \/><\/p>\n","protected":false},"excerpt":{"rendered":"<p>Hand2Note zeigt standardm\u00e4\u00dfig nur das HUD f\u00fcr Gegner an. Wenn du auch das HUD f\u00fcr Hero an den Tischen sehen m\u00f6chtest, musst du einen separaten Block von Stats im HUD-Editor erstellen und den folgenden Filter auf seine Zellen anwenden:<\/p>\n","protected":false},"author":1,"featured_media":0,"parent":372,"menu_order":0,"comment_status":"closed","ping_status":"closed","template":"page-templates\/full-width-page.php","meta":{"footnotes":""},"class_list":["post-409","page","type-page","status-publish","hentry"],"translation":{"provider":"WPGlobus","version":"3.0.2","language":"de","enabled_languages":["en","ru","pt","zh","es","fr","de","it","ja"],"languages":{"en":{"title":true,"content":true,"excerpt":false},"ru":{"title":true,"content":true,"excerpt":false},"pt":{"title":true,"content":true,"excerpt":false},"zh":{"title":true,"content":true,"excerpt":false},"es":{"title":true,"content":true,"excerpt":false},"fr":{"title":true,"content":true,"excerpt":false},"de":{"title":true,"content":true,"excerpt":false},"it":{"title":true,"content":true,"excerpt":false},"ja":{"title":true,"content":true,"excerpt":false}}},"yoast_head":"<!-- This site is optimized with the Yoast SEO plugin v27.0 - https:\/\/yoast.com\/product\/yoast-seo-wordpress\/ -->\n<title>Wie man das Hero-HUD in Hand2Note einfach anzeigt<\/title>\n<meta name=\"description\" content=\"Erfahre, wie du das Hero-HUD in Hand2Note einrichtest und anzeigst. Folge unserer Schritt-f\u00fcr-Schritt-Anleitung, um deine Pokerstrategie und Spielerfahrung zu verbessern.\" \/>\n<meta name=\"robots\" content=\"index, follow, max-snippet:-1, max-image-preview:large, max-video-preview:-1\" \/>\n<link rel=\"canonical\" href=\"https:\/\/hand2noteguide.com\/guide\/hud\/hero-hud\/\" \/>\n<meta property=\"og:locale\" content=\"de_DE\" \/>\n<meta property=\"og:type\" content=\"article\" \/>\n<meta property=\"og:title\" content=\"Wie man das Hero-HUD in Hand2Note einfach anzeigt\" \/>\n<meta property=\"og:description\" content=\"Erfahre, wie du das Hero-HUD in Hand2Note einrichtest und anzeigst. Folge unserer Schritt-f\u00fcr-Schritt-Anleitung, um deine Pokerstrategie und Spielerfahrung zu verbessern.\" \/>\n<meta property=\"og:url\" content=\"https:\/\/hand2noteguide.com\/guide\/hud\/hero-hud\/\" \/>\n<meta property=\"og:site_name\" content=\"Hand2Note Guide\" \/>\n<meta property=\"article:modified_time\" content=\"2025-06-04T15:54:42+00:00\" \/>\n<meta property=\"og:image\" content=\"https:\/\/hand2noteguide.com\/wp-content\/uploads\/2018\/08\/hand2note-hud-d0bdd0b0-d181d0b5d0b1d18f.png\" \/>\n<meta name=\"twitter:card\" content=\"summary_large_image\" \/>\n<meta name=\"twitter:label1\" content=\"Est. reading time\" \/>\n\t<meta name=\"twitter:data1\" content=\"1 minute\" \/>\n<!-- \/ Yoast SEO plugin. -->","yoast_head_json":{"title":"Wie man das Hero-HUD in Hand2Note einfach anzeigt","description":"Erfahre, wie du das Hero-HUD in Hand2Note einrichtest und anzeigst. Folge unserer Schritt-f\u00fcr-Schritt-Anleitung, um deine Pokerstrategie und Spielerfahrung zu verbessern.","robots":{"index":"index","follow":"follow","max-snippet":"max-snippet:-1","max-image-preview":"max-image-preview:large","max-video-preview":"max-video-preview:-1"},"canonical":"https:\/\/hand2noteguide.com\/guide\/hud\/hero-hud\/","og_locale":"de_DE","og_type":"article","og_title":"Wie man das Hero-HUD in Hand2Note einfach anzeigt","og_description":"Erfahre, wie du das Hero-HUD in Hand2Note einrichtest und anzeigst. Folge unserer Schritt-f\u00fcr-Schritt-Anleitung, um deine Pokerstrategie und Spielerfahrung zu verbessern.","og_url":"https:\/\/hand2noteguide.com\/guide\/hud\/hero-hud\/","og_site_name":"Hand2Note Guide","article_modified_time":"2025-06-04T15:54:42+00:00","og_image":[{"url":"https:\/\/hand2noteguide.com\/wp-content\/uploads\/2018\/08\/hand2note-hud-d0bdd0b0-d181d0b5d0b1d18f.png","type":"","width":"","height":""}],"twitter_card":"summary_large_image","twitter_misc":{"Est. reading time":"1 minute"},"schema":{"@context":"https:\/\/schema.org","@graph":[]}},"jetpack_sharing_enabled":false,"_links":{"self":[{"href":"https:\/\/hand2noteguide.com\/de\/wp-json\/wp\/v2\/pages\/409","targetHints":{"allow":["GET"]}}],"collection":[{"href":"https:\/\/hand2noteguide.com\/de\/wp-json\/wp\/v2\/pages"}],"about":[{"href":"https:\/\/hand2noteguide.com\/de\/wp-json\/wp\/v2\/types\/page"}],"author":[{"embeddable":true,"href":"https:\/\/hand2noteguide.com\/de\/wp-json\/wp\/v2\/users\/1"}],"replies":[{"embeddable":true,"href":"https:\/\/hand2noteguide.com\/de\/wp-json\/wp\/v2\/comments?post=409"}],"version-history":[{"count":13,"href":"https:\/\/hand2noteguide.com\/de\/wp-json\/wp\/v2\/pages\/409\/revisions"}],"predecessor-version":[{"id":13528,"href":"https:\/\/hand2noteguide.com\/de\/wp-json\/wp\/v2\/pages\/409\/revisions\/13528"}],"up":[{"embeddable":true,"href":"https:\/\/hand2noteguide.com\/de\/wp-json\/wp\/v2\/pages\/372"}],"wp:attachment":[{"href":"https:\/\/hand2noteguide.com\/de\/wp-json\/wp\/v2\/media?parent=409"}],"curies":[{"name":"wp","href":"https:\/\/api.w.org\/{rel}","templated":true}]}}