{"id":413,"date":"2018-08-14T19:45:23","date_gmt":"2018-08-14T16:45:23","guid":{"rendered":"https:\/\/h2n312.wordpress.com\/?page_id=413"},"modified":"2025-06-04T18:53:58","modified_gmt":"2025-06-04T15:53:58","slug":"hero-stats","status":"publish","type":"page","link":"https:\/\/hand2noteguide.com\/de\/guide\/hero-stats\/","title":{"rendered":"Wie \u00fcberpr\u00fcft man die Hero-Stats?"},"content":{"rendered":"<p>Um die <a href=\"https:\/\/hand2noteguide.com\/de\/guide\/creating-stats\/\">Statistiken<\/a> \u00fcber sich selbst zu \u00fcberpr\u00fcfen, suchen Sie Ihren Spitznamen oder <a href=\"https:\/\/hand2noteguide.com\/de\/guide\/alias\/\">Alias<\/a>-Namen in der Liste der Spieler im Hauptfenster von Hand2Note und doppelklicken Sie darauf. Das allgemeine Popup wird ge\u00f6ffnet, in dem Sie die Hero-Stats \u00fcberpr\u00fcfen k\u00f6nnen.<\/p>\n\n\n<figure class=\"wp-block-image\"><img loading=\"lazy\" decoding=\"async\" width=\"644\" height=\"643\" src=\"https:\/\/hand2noteguide.com\/wp-content\/uploads\/2020\/04\/hand2note-hero-popup.png\" alt=\"hand2note hero popup\" class=\"wp-image-2126\" srcset=\"https:\/\/hand2noteguide.com\/wp-content\/uploads\/2020\/04\/hand2note-hero-popup.png 644w, https:\/\/hand2noteguide.com\/wp-content\/uploads\/2020\/04\/hand2note-hero-popup-150x150.png 150w, https:\/\/hand2noteguide.com\/wp-content\/uploads\/2020\/04\/hand2note-hero-popup-300x300.png 300w, https:\/\/hand2noteguide.com\/wp-content\/uploads\/2020\/04\/hand2note-hero-popup-96x96.png 96w, https:\/\/hand2noteguide.com\/wp-content\/uploads\/2020\/04\/hand2note-hero-popup-624x624.png 624w\" sizes=\"auto, (max-width: 644px) 100vw, 644px\" \/><\/figure>\n\n\n\n<p>Auf die gleiche Weise k\u00f6nnen Sie die Statistiken eines anderen Spielers \u00fcberpr\u00fcfen.<\/p>\n\n\n\n<p>Siehe auch: <a href=\"https:\/\/hand2noteguide.com\/de\/guide\/hud\/hero-hud\/\">Wie zeigt man das HUD auf Hero an<\/a>?<\/p>\n","protected":false},"excerpt":{"rendered":"<p>Um die Statistiken \u00fcber sich selbst zu \u00fcberpr\u00fcfen, suchen Sie Ihren Spitznamen oder Alias-Namen in der Liste der Spieler im Hauptfenster von Hand2Note und doppelklicken Sie darauf. Das allgemeine Popup wird ge\u00f6ffnet, in dem Sie die Hero-Stats \u00fcberpr\u00fcfen k\u00f6nnen. Auf die gleiche Weise k\u00f6nnen Sie die Statistiken eines anderen Spielers \u00fcberpr\u00fcfen. Siehe auch: Wie zeigt &hellip; <a href=\"https:\/\/hand2noteguide.com\/de\/guide\/hero-stats\/\" class=\"more-link\">Continue reading <span class=\"screen-reader-text\">Wie \u00fcberpr\u00fcft man die Hero-Stats?<\/span><\/a><\/p>\n","protected":false},"author":1,"featured_media":0,"parent":74,"menu_order":0,"comment_status":"closed","ping_status":"closed","template":"page-templates\/full-width-page.php","meta":{"footnotes":""},"class_list":["post-413","page","type-page","status-publish","hentry"],"translation":{"provider":"WPGlobus","version":"3.0.2","language":"de","enabled_languages":["en","ru","pt","zh","es","fr","de","it","ja"],"languages":{"en":{"title":true,"content":true,"excerpt":false},"ru":{"title":true,"content":true,"excerpt":false},"pt":{"title":true,"content":true,"excerpt":false},"zh":{"title":true,"content":true,"excerpt":false},"es":{"title":true,"content":true,"excerpt":false},"fr":{"title":true,"content":true,"excerpt":false},"de":{"title":true,"content":true,"excerpt":false},"it":{"title":true,"content":true,"excerpt":false},"ja":{"title":true,"content":true,"excerpt":false}}},"yoast_head":"<!-- This site is optimized with the Yoast SEO plugin v27.0 - https:\/\/yoast.com\/product\/yoast-seo-wordpress\/ -->\n<title>\u00dcberpr\u00fcfung der Poker-Stats des Hero: Ein einfacher Leitfaden<\/title>\n<meta name=\"description\" content=\"Erfahren Sie, wie Sie die Poker-Stats Ihres Hero in Hand2Note einfach \u00fcberpr\u00fcfen k\u00f6nnen. Folgen Sie unserem Schritt-f\u00fcr-Schritt-Leitfaden, um Ihre Leistung zu analysieren und Ihr Spiel zu verbessern.\" \/>\n<meta name=\"robots\" content=\"index, follow, max-snippet:-1, max-image-preview:large, max-video-preview:-1\" \/>\n<link rel=\"canonical\" href=\"https:\/\/hand2noteguide.com\/guide\/hero-stats\/\" \/>\n<meta property=\"og:locale\" content=\"de_DE\" \/>\n<meta property=\"og:type\" content=\"article\" \/>\n<meta property=\"og:title\" content=\"\u00dcberpr\u00fcfung der Poker-Stats des Hero: Ein einfacher Leitfaden\" \/>\n<meta property=\"og:description\" content=\"Erfahren Sie, wie Sie die Poker-Stats Ihres Hero in Hand2Note einfach \u00fcberpr\u00fcfen k\u00f6nnen. Folgen Sie unserem Schritt-f\u00fcr-Schritt-Leitfaden, um Ihre Leistung zu analysieren und Ihr Spiel zu verbessern.\" \/>\n<meta property=\"og:url\" content=\"https:\/\/hand2noteguide.com\/guide\/hero-stats\/\" \/>\n<meta property=\"og:site_name\" content=\"Hand2Note Guide\" \/>\n<meta property=\"article:modified_time\" content=\"2025-06-04T15:53:58+00:00\" \/>\n<meta property=\"og:image\" content=\"https:\/\/hand2noteguide.com\/wp-content\/uploads\/2020\/04\/hand2note-hero-popup.png\" \/>\n<meta name=\"twitter:card\" content=\"summary_large_image\" \/>\n<meta name=\"twitter:label1\" content=\"Est. reading time\" \/>\n\t<meta name=\"twitter:data1\" content=\"2 minutes\" \/>\n<!-- \/ Yoast SEO plugin. -->","yoast_head_json":{"title":"\u00dcberpr\u00fcfung der Poker-Stats des Hero: Ein einfacher Leitfaden","description":"Erfahren Sie, wie Sie die Poker-Stats Ihres Hero in Hand2Note einfach \u00fcberpr\u00fcfen k\u00f6nnen. Folgen Sie unserem Schritt-f\u00fcr-Schritt-Leitfaden, um Ihre Leistung zu analysieren und Ihr Spiel zu verbessern.","robots":{"index":"index","follow":"follow","max-snippet":"max-snippet:-1","max-image-preview":"max-image-preview:large","max-video-preview":"max-video-preview:-1"},"canonical":"https:\/\/hand2noteguide.com\/guide\/hero-stats\/","og_locale":"de_DE","og_type":"article","og_title":"\u00dcberpr\u00fcfung der Poker-Stats des Hero: Ein einfacher Leitfaden","og_description":"Erfahren Sie, wie Sie die Poker-Stats Ihres Hero in Hand2Note einfach \u00fcberpr\u00fcfen k\u00f6nnen. Folgen Sie unserem Schritt-f\u00fcr-Schritt-Leitfaden, um Ihre Leistung zu analysieren und Ihr Spiel zu verbessern.","og_url":"https:\/\/hand2noteguide.com\/guide\/hero-stats\/","og_site_name":"Hand2Note Guide","article_modified_time":"2025-06-04T15:53:58+00:00","og_image":[{"url":"https:\/\/hand2noteguide.com\/wp-content\/uploads\/2020\/04\/hand2note-hero-popup.png","type":"","width":"","height":""}],"twitter_card":"summary_large_image","twitter_misc":{"Est. reading time":"2 minutes"},"schema":{"@context":"https:\/\/schema.org","@graph":[]}},"jetpack_sharing_enabled":false,"_links":{"self":[{"href":"https:\/\/hand2noteguide.com\/de\/wp-json\/wp\/v2\/pages\/413","targetHints":{"allow":["GET"]}}],"collection":[{"href":"https:\/\/hand2noteguide.com\/de\/wp-json\/wp\/v2\/pages"}],"about":[{"href":"https:\/\/hand2noteguide.com\/de\/wp-json\/wp\/v2\/types\/page"}],"author":[{"embeddable":true,"href":"https:\/\/hand2noteguide.com\/de\/wp-json\/wp\/v2\/users\/1"}],"replies":[{"embeddable":true,"href":"https:\/\/hand2noteguide.com\/de\/wp-json\/wp\/v2\/comments?post=413"}],"version-history":[{"count":16,"href":"https:\/\/hand2noteguide.com\/de\/wp-json\/wp\/v2\/pages\/413\/revisions"}],"predecessor-version":[{"id":13527,"href":"https:\/\/hand2noteguide.com\/de\/wp-json\/wp\/v2\/pages\/413\/revisions\/13527"}],"up":[{"embeddable":true,"href":"https:\/\/hand2noteguide.com\/de\/wp-json\/wp\/v2\/pages\/74"}],"wp:attachment":[{"href":"https:\/\/hand2noteguide.com\/de\/wp-json\/wp\/v2\/media?parent=413"}],"curies":[{"name":"wp","href":"https:\/\/api.w.org\/{rel}","templated":true}]}}