{"id":420,"date":"2018-08-15T18:03:35","date_gmt":"2018-08-15T15:03:35","guid":{"rendered":"https:\/\/h2n312.wordpress.com\/?page_id=420"},"modified":"2025-06-04T18:53:18","modified_gmt":"2025-06-04T15:53:18","slug":"notes-on-players","status":"publish","type":"page","link":"https:\/\/hand2noteguide.com\/de\/guide\/notes-on-players\/","title":{"rendered":"Notizen \u00fcber Spieler schreiben"},"content":{"rendered":"<p>Wenn Sie das Standard-HUD und das Popup-Profil verwenden, klicken Sie auf den Spielernamen im HUD und wechseln Sie zum &#8220;Notes&#8221;-Tab.<\/p>\n<p><img loading=\"lazy\" decoding=\"async\" class=\"alignnone size-full wp-image-432\" src=\"https:\/\/hand2noteguide.com\/wp-content\/uploads\/2018\/08\/hand2note-d0bfd0bed0bfd0b0d0bf-d0bdd0bed182d181d18b.png\" alt=\"Hand2Note \u043f\u043e\u043f\u0430\u043f \u043d\u043e\u0442\u0441\u044b\" width=\"300\" height=\"130\" \/><\/p>\n<p>Hier k\u00f6nnen Sie Notizen \u00fcber den Spieler schreiben. Ein zus\u00e4tzliches kleines Quadrat erscheint in der unteren linken Ecke des Spieler-Icons im HUD, was darauf hinweist, dass es gespeicherte Notizen zu diesem Spieler gibt. Wenn Sie dar\u00fcber fahren, sehen Sie eine Liste der gespeicherten Notizen.<\/p>\n<p><img loading=\"lazy\" decoding=\"async\" class=\"alignnone size-full wp-image-433\" src=\"https:\/\/hand2noteguide.com\/wp-content\/uploads\/2018\/08\/hand2note-d0bcd0b5d182d0bad0b0-d0bdd0bed181d182d0bed0b2-d0b2-hud.png\" alt=\"Hand2Note \u043c\u0435\u0442\u043a\u0430 \u043d\u043e\u0441\u0442\u043e\u0432 \u0432 HUD\" width=\"282\" height=\"140\" \/><\/p>\n<p>Beachten Sie, dass Sie H\u00e4nde in die Notizen einf\u00fcgen k\u00f6nnen. Verwenden Sie dazu die &#8220;N&#8221;-Taste links von der Hand:<\/p>\n<p><img loading=\"lazy\" decoding=\"async\" class=\"alignnone size-full wp-image-448\" src=\"https:\/\/hand2noteguide.com\/wp-content\/uploads\/2018\/08\/hand2note-d0b1d18bd181d182d180d0b0d18f-d0b2d181d182d0b0d0b2d0bad0b0-d180d0b0d0b7d0b4d0b0d187d0b8-d0b2-d0bdd0bed182d181.png\" alt=\"Hand2Note \u0431\u044b\u0441\u0442\u0440\u0430\u044f \u0432\u0441\u0442\u0430\u0432\u043a\u0430 \u0440\u0430\u0437\u0434\u0430\u0447\u0438 \u0432 \u043d\u043e\u0442\u0441\" width=\"660\" height=\"171\" srcset=\"https:\/\/hand2noteguide.com\/wp-content\/uploads\/2018\/08\/hand2note-d0b1d18bd181d182d180d0b0d18f-d0b2d181d182d0b0d0b2d0bad0b0-d180d0b0d0b7d0b4d0b0d187d0b8-d0b2-d0bdd0bed182d181.png 660w, https:\/\/hand2noteguide.com\/wp-content\/uploads\/2018\/08\/hand2note-d0b1d18bd181d182d180d0b0d18f-d0b2d181d182d0b0d0b2d0bad0b0-d180d0b0d0b7d0b4d0b0d187d0b8-d0b2-d0bdd0bed182d181-300x78.png 300w, https:\/\/hand2noteguide.com\/wp-content\/uploads\/2018\/08\/hand2note-d0b1d18bd181d182d180d0b0d18f-d0b2d181d182d0b0d0b2d0bad0b0-d180d0b0d0b7d0b4d0b0d187d0b8-d0b2-d0bdd0bed182d181-624x162.png 624w\" sizes=\"auto, (max-width: 660px) 100vw, 660px\" \/><\/p>\n<p>Wenn es keine solche Taste gibt, ziehen Sie die Hand einfach mit gedr\u00fcckter rechter Maustaste in die Notiz (<a href=\"https:\/\/hand2noteguide.com\/wp-content\/uploads\/2018\/08\/hand2note-d0b4d0bed0b1d0b0d0b2d0bbd0b5d0bdd0b8d0b5-d180d0b0d0b7d0b4d0b0d187d0b8-d0b2-d0bdd0bed182d181.gif\" target=\"_blank\" rel=\"noopener noreferrer\">wie?<\/a>).<\/p>\n<p>Wenn Sie ein <a href=\"http:\/\/www.hand2note.com\/Shop\" target=\"_blank\" rel=\"noopener noreferrer\">kommerzielles Paket<\/a> verwenden, fragen Sie die Entwickler, auf welche Zelle im HUD Sie klicken m\u00fcssen, um das Popup mit dem Notizen-Container zu \u00f6ffnen. Meistens ist es ebenfalls der Spielernamen.<\/p>\n<p>Wenn Sie das HUD und die Popups selbst gestalten und die M\u00f6glichkeit haben m\u00f6chten, Notizen \u00fcber Spieler zu schreiben, gehen Sie wie folgt vor:<\/p>\n<ol>\n<li>Gehen Sie zum Popup-Editor, erstellen Sie einen neuen Tab, benennen Sie ihn &#8220;Notes&#8221; und f\u00fcgen Sie den Notes Container hinzu:<br \/>\n<img loading=\"lazy\" decoding=\"async\" class=\"alignnone size-full wp-image-439\" src=\"https:\/\/hand2noteguide.com\/wp-content\/uploads\/2018\/08\/hand2note-add-notes-container.png\" alt=\"Hand2Note add notes container\" width=\"546\" height=\"464\" srcset=\"https:\/\/hand2noteguide.com\/wp-content\/uploads\/2018\/08\/hand2note-add-notes-container.png 546w, https:\/\/hand2noteguide.com\/wp-content\/uploads\/2018\/08\/hand2note-add-notes-container-300x255.png 300w\" sizes=\"auto, (max-width: 546px) 100vw, 546px\" \/><\/li>\n<li>Gehen Sie zum HUD-Editor, markieren Sie die Zelle mit dem Spielernamen (<a href=\"https:\/\/hand2noteguide.com\/de\/guide\/hud\/add-nickname-winrate-stacksize\/\">wie f\u00fcgt man einen Spielernamen ins HUD ein<\/a>?) und weisen Sie das neu erstellte Popup zu:<br \/>\n<img loading=\"lazy\" decoding=\"async\" class=\"alignnone size-full wp-image-440\" src=\"https:\/\/hand2noteguide.com\/wp-content\/uploads\/2018\/08\/hand2note-assign-notes-popup-to-nickname.png\" alt=\"Hand2Note assign notes popup to nickname\" width=\"709\" height=\"320\" srcset=\"https:\/\/hand2noteguide.com\/wp-content\/uploads\/2018\/08\/hand2note-assign-notes-popup-to-nickname.png 709w, https:\/\/hand2noteguide.com\/wp-content\/uploads\/2018\/08\/hand2note-assign-notes-popup-to-nickname-300x135.png 300w, https:\/\/hand2noteguide.com\/wp-content\/uploads\/2018\/08\/hand2note-assign-notes-popup-to-nickname-624x282.png 624w\" sizes=\"auto, (max-width: 709px) 100vw, 709px\" \/><\/li>\n<li>Wenn Sie noch kein Notizen-Icon im HUD haben, f\u00fcgen Sie es ein, indem Sie mit der rechten Maustaste auf die Zelle im HUD-Editor klicken:<br \/>\n<img loading=\"lazy\" decoding=\"async\" class=\"alignnone size-full wp-image-832\" src=\"https:\/\/hand2noteguide.com\/wp-content\/uploads\/2019\/05\/hand2note-insert-notes-icon-into-hud.png\" alt=\"hand2note insert notes icon into HUD\" width=\"547\" height=\"456\" srcset=\"https:\/\/hand2noteguide.com\/wp-content\/uploads\/2019\/05\/hand2note-insert-notes-icon-into-hud.png 547w, https:\/\/hand2noteguide.com\/wp-content\/uploads\/2019\/05\/hand2note-insert-notes-icon-into-hud-300x250.png 300w\" sizes=\"auto, (max-width: 547px) 100vw, 547px\" \/><\/li>\n<li>Nun k\u00f6nnen Sie die Notizen \u00fcber die Spieler wie oben beschrieben verwalten.<\/li>\n<\/ol>\n<p>Beachten Sie, dass <a href=\"https:\/\/hand2noteguide.com\/de\/guide\/where-are-notes-stored\/\">Notizen separat von der Datenbank gespeichert werden<\/a> und Sie diese leicht speichern und auf einen anderen Computer \u00fcbertragen k\u00f6nnen.<\/p>\n","protected":false},"excerpt":{"rendered":"<p>Wenn Sie das Standard-HUD und das Popup-Profil verwenden, klicken Sie auf den Spielernamen im HUD und wechseln Sie zum &#8220;Notes&#8221;-Tab. Hier k\u00f6nnen Sie Notizen \u00fcber den Spieler schreiben. Ein zus\u00e4tzliches kleines Quadrat erscheint in der unteren linken Ecke des Spieler-Icons im HUD, was darauf hinweist, dass es gespeicherte Notizen zu diesem Spieler gibt. Wenn Sie &hellip; <a href=\"https:\/\/hand2noteguide.com\/de\/guide\/notes-on-players\/\" class=\"more-link\">Continue reading <span class=\"screen-reader-text\">Notizen \u00fcber Spieler schreiben<\/span><\/a><\/p>\n","protected":false},"author":1,"featured_media":0,"parent":74,"menu_order":0,"comment_status":"closed","ping_status":"closed","template":"page-templates\/full-width-page.php","meta":{"footnotes":""},"class_list":["post-420","page","type-page","status-publish","hentry"],"translation":{"provider":"WPGlobus","version":"3.0.2","language":"de","enabled_languages":["en","ru","pt","zh","es","fr","de","it","ja"],"languages":{"en":{"title":true,"content":true,"excerpt":false},"ru":{"title":true,"content":true,"excerpt":false},"pt":{"title":true,"content":true,"excerpt":false},"zh":{"title":true,"content":true,"excerpt":false},"es":{"title":true,"content":true,"excerpt":false},"fr":{"title":true,"content":true,"excerpt":false},"de":{"title":true,"content":true,"excerpt":false},"it":{"title":true,"content":true,"excerpt":false},"ja":{"title":true,"content":true,"excerpt":false}}},"yoast_head":"<!-- This site is optimized with the Yoast SEO plugin v27.0 - https:\/\/yoast.com\/product\/yoast-seo-wordpress\/ -->\n<title>Wie man effektive Spieler-Notizen im Poker HUD schreibt<\/title>\n<meta name=\"description\" content=\"Erfahren Sie, wie Sie effizient Spieler-Notizen in Ihrem Poker HUD schreiben und verwalten. Verbessern Sie Ihre Spielstrategie mit organisierten und zug\u00e4nglichen Einblicken.\" \/>\n<meta name=\"robots\" content=\"index, follow, max-snippet:-1, max-image-preview:large, max-video-preview:-1\" \/>\n<link rel=\"canonical\" href=\"https:\/\/hand2noteguide.com\/guide\/notes-on-players\/\" \/>\n<meta property=\"og:locale\" content=\"de_DE\" \/>\n<meta property=\"og:type\" content=\"article\" \/>\n<meta property=\"og:title\" content=\"Wie man effektive Spieler-Notizen im Poker HUD schreibt\" \/>\n<meta property=\"og:description\" content=\"Erfahren Sie, wie Sie effizient Spieler-Notizen in Ihrem Poker HUD schreiben und verwalten. Verbessern Sie Ihre Spielstrategie mit organisierten und zug\u00e4nglichen Einblicken.\" \/>\n<meta property=\"og:url\" content=\"https:\/\/hand2noteguide.com\/guide\/notes-on-players\/\" \/>\n<meta property=\"og:site_name\" content=\"Hand2Note Guide\" \/>\n<meta property=\"article:modified_time\" content=\"2025-06-04T15:53:18+00:00\" \/>\n<meta property=\"og:image\" content=\"https:\/\/hand2noteguide.com\/wp-content\/uploads\/2018\/08\/hand2note-d0bfd0bed0bfd0b0d0bf-d0bdd0bed182d181d18b.png\" \/>\n<meta name=\"twitter:card\" content=\"summary_large_image\" \/>\n<meta name=\"twitter:label1\" content=\"Est. reading time\" \/>\n\t<meta name=\"twitter:data1\" content=\"9 minutes\" \/>\n<!-- \/ Yoast SEO plugin. -->","yoast_head_json":{"title":"Wie man effektive Spieler-Notizen im Poker HUD schreibt","description":"Erfahren Sie, wie Sie effizient Spieler-Notizen in Ihrem Poker HUD schreiben und verwalten. Verbessern Sie Ihre Spielstrategie mit organisierten und zug\u00e4nglichen Einblicken.","robots":{"index":"index","follow":"follow","max-snippet":"max-snippet:-1","max-image-preview":"max-image-preview:large","max-video-preview":"max-video-preview:-1"},"canonical":"https:\/\/hand2noteguide.com\/guide\/notes-on-players\/","og_locale":"de_DE","og_type":"article","og_title":"Wie man effektive Spieler-Notizen im Poker HUD schreibt","og_description":"Erfahren Sie, wie Sie effizient Spieler-Notizen in Ihrem Poker HUD schreiben und verwalten. Verbessern Sie Ihre Spielstrategie mit organisierten und zug\u00e4nglichen Einblicken.","og_url":"https:\/\/hand2noteguide.com\/guide\/notes-on-players\/","og_site_name":"Hand2Note Guide","article_modified_time":"2025-06-04T15:53:18+00:00","og_image":[{"url":"https:\/\/hand2noteguide.com\/wp-content\/uploads\/2018\/08\/hand2note-d0bfd0bed0bfd0b0d0bf-d0bdd0bed182d181d18b.png","type":"","width":"","height":""}],"twitter_card":"summary_large_image","twitter_misc":{"Est. reading time":"9 minutes"},"schema":{"@context":"https:\/\/schema.org","@graph":[]}},"jetpack_sharing_enabled":false,"_links":{"self":[{"href":"https:\/\/hand2noteguide.com\/de\/wp-json\/wp\/v2\/pages\/420","targetHints":{"allow":["GET"]}}],"collection":[{"href":"https:\/\/hand2noteguide.com\/de\/wp-json\/wp\/v2\/pages"}],"about":[{"href":"https:\/\/hand2noteguide.com\/de\/wp-json\/wp\/v2\/types\/page"}],"author":[{"embeddable":true,"href":"https:\/\/hand2noteguide.com\/de\/wp-json\/wp\/v2\/users\/1"}],"replies":[{"embeddable":true,"href":"https:\/\/hand2noteguide.com\/de\/wp-json\/wp\/v2\/comments?post=420"}],"version-history":[{"count":13,"href":"https:\/\/hand2noteguide.com\/de\/wp-json\/wp\/v2\/pages\/420\/revisions"}],"predecessor-version":[{"id":13526,"href":"https:\/\/hand2noteguide.com\/de\/wp-json\/wp\/v2\/pages\/420\/revisions\/13526"}],"up":[{"embeddable":true,"href":"https:\/\/hand2noteguide.com\/de\/wp-json\/wp\/v2\/pages\/74"}],"wp:attachment":[{"href":"https:\/\/hand2noteguide.com\/de\/wp-json\/wp\/v2\/media?parent=420"}],"curies":[{"name":"wp","href":"https:\/\/api.w.org\/{rel}","templated":true}]}}