{"id":43,"date":"2018-07-30T00:05:49","date_gmt":"2018-07-29T21:05:49","guid":{"rendered":"https:\/\/h2n312.wordpress.com\/?page_id=43"},"modified":"2026-02-10T12:20:33","modified_gmt":"2026-02-10T09:20:33","slug":"why-hand2note","status":"publish","type":"page","link":"https:\/\/hand2noteguide.com\/de\/why-hand2note\/","title":{"rendered":"Warum Hand2Note?"},"content":{"rendered":"\n<p>\ud83d\udcdd\u00a0<em>Letzte Aktualisierung: 13. September 2024.<\/em><\/p>\n\n\n\n<p>Hand2Note ist eine Pokersoftware, die Ihnen <a href=\"https:\/\/hand2noteguide.com\/de\/poker\/poker-hud\/\">HUD<\/a>, <a href=\"https:\/\/hand2noteguide.com\/de\/poker\/poker-hud-stats\/\">Statistiken<\/a> und viele andere Werkzeuge bietet, um Ihr eigenes Spiel und das Ihrer Gegner zu analysieren. Hand2Note ist nicht das einzige Tool in dieser Kategorie. Warum sollten Sie sich also f\u00fcr Hand2Note entscheiden?<\/p>\n\n\n\n<p>Hand2Note ist schneller als Holdem Manager 3 und Poker Tracker 4 (oder jede andere Software) und bietet eine viel breitere Palette von Funktionen f\u00fcr den Einsatz w\u00e4hrend des Spiels und die Analyse au\u00dferhalb der Tische. Viele der Top-Regulars sind bereits auf diese Software umgestiegen und haben ihren EV erheblich gesteigert.<\/p>\n\n\n\n<p>Die meisten <a href=\"https:\/\/hand2noteguide.com\/de\/poker\/5-best-online-poker-training-sites\/\">beliebten Poker-Trainingsplattformen<\/a> verwenden ebenfalls Hand2Note als ihre Haupt-Poker-Tracking-Software. Au\u00dferdem ist Hand2Note in der <a href=\"https:\/\/hand2noteguide.com\/de\/poker\/5-best-online-poker-software\/\">Liste der besten Poker-Tools<\/a> enthalten, die professionelle Spieler nutzen.<\/p>\n\n\n\n<p>Sehen Sie sich die <a href=\"https:\/\/hand2noteguide.com\/de\/best-poker-tracker-software\/\">Funktionen von Hand2Note<\/a> und den <a aria-label=\"undefined (\u00f6ffnet in einem neuen Tab)\" href=\"https:\/\/hand2note.com\/Help\/pages\/ComparisionTable\/\" target=\"_blank\" rel=\"noreferrer noopener\">Vergleich mit anderen Trackern<\/a> auf der offiziellen Website an. Sie werden feststellen, dass diese Poker-Tracker-Software ihren Konkurrenten weit voraus ist.<\/p>\n\n\n\n<figure class=\"wp-block-image\"><img loading=\"lazy\" decoding=\"async\" width=\"1000\" height=\"752\" src=\"https:\/\/hand2noteguide.com\/wp-content\/uploads\/2020\/03\/why-hand2note.png\" alt=\"\" class=\"wp-image-2004\" srcset=\"https:\/\/hand2noteguide.com\/wp-content\/uploads\/2020\/03\/why-hand2note.png 1000w, https:\/\/hand2noteguide.com\/wp-content\/uploads\/2020\/03\/why-hand2note-300x226.png 300w, https:\/\/hand2noteguide.com\/wp-content\/uploads\/2020\/03\/why-hand2note-768x578.png 768w, https:\/\/hand2noteguide.com\/wp-content\/uploads\/2020\/03\/why-hand2note-772x581.png 772w, https:\/\/hand2noteguide.com\/wp-content\/uploads\/2020\/03\/why-hand2note-624x469.png 624w\" sizes=\"auto, (max-width: 1000px) 100vw, 1000px\" \/><figcaption class=\"wp-element-caption\">Poker-Range-Visualisierung mit Hand2Note<\/figcaption><\/figure>\n\n\n\n<p>Bitte beachten Sie, dass Sie <a href=\"https:\/\/hand2noteguide.com\/de\/hand2note-for-free\/\">Hand2Note kostenlos nutzen<\/a> und auch ein <a href=\"https:\/\/hand2noteguide.com\/de\/free-hud\/\">kostenloses HUD<\/a> f\u00fcr den Anfang erhalten k\u00f6nnen. Sie m\u00fcssen also nichts bezahlen, um die n\u00e4chste Stufe der Software zu nutzen. Selbst mit einem grundlegenden HUD und einer kostenlosen Version bietet es Ihnen mehr Vorteile als andere alte Tracker.<\/p>\n\n\n\n<p>Nach einiger Zeit k\u00f6nnen Sie in unserem <a href=\"\/de\/hud-store\/\">Shop ein fortschrittlicheres HUD<\/a> und auch eine professionelle Lizenz erwerben. Werfen Sie einen Blick auf die <a href=\"https:\/\/hand2noteguide.com\/de\/why-purchase-hand2note\/\">herausragenden M\u00f6glichkeiten<\/a>, die Sie mit einem bezahlten Hand2Note-Abonnement erhalten.<\/p>\n\n\n\n<h2 class=\"wp-block-heading\">Ich benutze HoldemManager \/ PokerTracker und bin ein gewinnender Spieler. Warum etwas \u00e4ndern?<\/h2>\n\n\n\n<p>Online-Poker entwickelt sich sehr schnell, jetzt verwandelt sich das Spiel von einer einfachen Einnahmequelle in ein echtes Wettbewerbsumfeld, in dem es einen harten Kampf zwischen den Regs um das Geld der Fische gibt. Die Winrates derjenigen, die nicht am Spiel arbeiten und die Trends des Feldes nicht studieren, sinken allm\u00e4hlich. Unter modernen Bedingungen m\u00fcssen Sie hart arbeiten und im Trend liegen, um in Cash Games \u00fcber eine betr\u00e4chtliche Distanz 5+ bb\/100 zu haben. (Die einzige Ausnahme sind <a href=\"https:\/\/hand2noteguide.com\/de\/asian\/\">asiatische R\u00e4ume<\/a>, in denen die Winrates viel h\u00f6her sein k\u00f6nnen.)<\/p>\n\n\n\n<p>Hand2Note wird Ihnen helfen, einen Schritt voraus zu sein. Warten Sie nicht auf den Moment, in dem Sie <strong>etwas \u00e4ndern m\u00fcssen<\/strong>. Tun Sie es im Voraus, auch wenn Sie etwas Zeit und Geld verlieren, um es zu lernen, sonst m\u00fcssen Sie in Zukunft viel mehr verlieren.<\/p>\n\n\n\n<h2 class=\"wp-block-heading\">Wie schnell umsteigen?<\/h2>\n\n\n\n<p>Hand2Note ist eine recht schwierige Software zu meistern. Schauen Sie sich zuerst den Abschnitt <a href=\"https:\/\/hand2noteguide.com\/de\/switch-from-hm2\/\">Umstieg von einem anderen Tracker<\/a> an. Sehen Sie sich auch das <a aria-label=\"undefined (\u00f6ffnet in einem neuen Tab)\" href=\"https:\/\/hand2note.com\/Help\/\" target=\"_blank\" rel=\"noreferrer noopener\">offizielle Handbuch<\/a> an, es enth\u00e4lt eine Beschreibung aller Funktionen.<\/p>\n\n\n\n<p>Wenn Sie nicht viel Zeit aufwenden und den Umstellungsprozess reibungslos und effizient gestalten m\u00f6chten, werfen Sie einen Blick auf die folgenden Angebote:<\/p>\n\n\n\n<ul class=\"wp-block-list\">\n<li><a href=\"https:\/\/hand2noteguide.com\/de\/video-course\/\">Hand2Note Videokurs<\/a><\/li>\n\n\n\n<li><a href=\"https:\/\/hand2noteguide.com\/de\/training\/\">Privates Training<\/a><\/li>\n<\/ul>\n\n\n\n<p>Es wird Ihnen helfen, sich schnell an die neue Software anzupassen.<\/p>\n","protected":false},"excerpt":{"rendered":"<p>What is Hand2Note, and why it is so important to use modern software instead of outdated trackers<\/p>\n","protected":false},"author":1,"featured_media":0,"parent":0,"menu_order":1,"comment_status":"closed","ping_status":"closed","template":"","meta":{"footnotes":""},"class_list":["post-43","page","type-page","status-publish","hentry"],"translation":{"provider":"WPGlobus","version":"3.0.2","language":"de","enabled_languages":["en","ru","pt","zh","es","fr","de","it","ja"],"languages":{"en":{"title":true,"content":true,"excerpt":true},"ru":{"title":true,"content":true,"excerpt":true},"pt":{"title":true,"content":true,"excerpt":false},"zh":{"title":true,"content":true,"excerpt":true},"es":{"title":true,"content":true,"excerpt":false},"fr":{"title":true,"content":true,"excerpt":false},"de":{"title":true,"content":true,"excerpt":false},"it":{"title":true,"content":true,"excerpt":false},"ja":{"title":true,"content":true,"excerpt":false}}},"yoast_head":"<!-- This site is optimized with the Yoast SEO plugin v27.0 - https:\/\/yoast.com\/product\/yoast-seo-wordpress\/ -->\n<title>Warum Hand2Note besser ist als Holdem Manager und Poker Tracker<\/title>\n<meta name=\"description\" content=\"Hand2Note ist schneller und bietet eine breitere Palette an Funktionen. Es ist wichtig, heute mit der Nutzung von Hand2Note zu beginnen, auch wenn Sie erfolgreich mit HM spielen.\" \/>\n<meta name=\"robots\" content=\"index, follow, max-snippet:-1, max-image-preview:large, max-video-preview:-1\" \/>\n<link rel=\"canonical\" href=\"https:\/\/hand2noteguide.com\/why-hand2note\/\" \/>\n<meta property=\"og:locale\" content=\"de_DE\" \/>\n<meta property=\"og:type\" content=\"article\" \/>\n<meta property=\"og:title\" content=\"Warum Hand2Note besser ist als Holdem Manager und Poker Tracker\" \/>\n<meta property=\"og:description\" content=\"Hand2Note ist schneller und bietet eine breitere Palette an Funktionen. Es ist wichtig, heute mit der Nutzung von Hand2Note zu beginnen, auch wenn Sie erfolgreich mit HM spielen.\" \/>\n<meta property=\"og:url\" content=\"https:\/\/hand2noteguide.com\/why-hand2note\/\" \/>\n<meta property=\"og:site_name\" content=\"Hand2Note Guide\" \/>\n<meta property=\"article:modified_time\" content=\"2026-02-10T09:20:33+00:00\" \/>\n<meta property=\"og:image\" content=\"https:\/\/hand2noteguide.com\/wp-content\/uploads\/2020\/03\/why-hand2note.png\" \/>\n<meta name=\"twitter:card\" content=\"summary_large_image\" \/>\n<meta name=\"twitter:label1\" content=\"Est. reading time\" \/>\n\t<meta name=\"twitter:data1\" content=\"16 minutes\" \/>\n<!-- \/ Yoast SEO plugin. -->","yoast_head_json":{"title":"Warum Hand2Note besser ist als Holdem Manager und Poker Tracker","description":"Hand2Note ist schneller und bietet eine breitere Palette an Funktionen. Es ist wichtig, heute mit der Nutzung von Hand2Note zu beginnen, auch wenn Sie erfolgreich mit HM spielen.","robots":{"index":"index","follow":"follow","max-snippet":"max-snippet:-1","max-image-preview":"max-image-preview:large","max-video-preview":"max-video-preview:-1"},"canonical":"https:\/\/hand2noteguide.com\/why-hand2note\/","og_locale":"de_DE","og_type":"article","og_title":"Warum Hand2Note besser ist als Holdem Manager und Poker Tracker","og_description":"Hand2Note ist schneller und bietet eine breitere Palette an Funktionen. Es ist wichtig, heute mit der Nutzung von Hand2Note zu beginnen, auch wenn Sie erfolgreich mit HM spielen.","og_url":"https:\/\/hand2noteguide.com\/why-hand2note\/","og_site_name":"Hand2Note Guide","article_modified_time":"2026-02-10T09:20:33+00:00","og_image":[{"url":"https:\/\/hand2noteguide.com\/wp-content\/uploads\/2020\/03\/why-hand2note.png","type":"","width":"","height":""}],"twitter_card":"summary_large_image","twitter_misc":{"Est. reading time":"16 minutes"},"schema":{"@context":"https:\/\/schema.org","@graph":[]}},"jetpack_sharing_enabled":false,"_links":{"self":[{"href":"https:\/\/hand2noteguide.com\/de\/wp-json\/wp\/v2\/pages\/43","targetHints":{"allow":["GET"]}}],"collection":[{"href":"https:\/\/hand2noteguide.com\/de\/wp-json\/wp\/v2\/pages"}],"about":[{"href":"https:\/\/hand2noteguide.com\/de\/wp-json\/wp\/v2\/types\/page"}],"author":[{"embeddable":true,"href":"https:\/\/hand2noteguide.com\/de\/wp-json\/wp\/v2\/users\/1"}],"replies":[{"embeddable":true,"href":"https:\/\/hand2noteguide.com\/de\/wp-json\/wp\/v2\/comments?post=43"}],"version-history":[{"count":68,"href":"https:\/\/hand2noteguide.com\/de\/wp-json\/wp\/v2\/pages\/43\/revisions"}],"predecessor-version":[{"id":13564,"href":"https:\/\/hand2noteguide.com\/de\/wp-json\/wp\/v2\/pages\/43\/revisions\/13564"}],"wp:attachment":[{"href":"https:\/\/hand2noteguide.com\/de\/wp-json\/wp\/v2\/media?parent=43"}],"curies":[{"name":"wp","href":"https:\/\/api.w.org\/{rel}","templated":true}]}}