{"id":4501,"date":"2020-12-11T23:04:43","date_gmt":"2020-12-11T20:04:43","guid":{"rendered":"http:\/\/hand2noteguide.com\/?page_id=4501"},"modified":"2026-03-14T05:28:31","modified_gmt":"2026-03-14T05:28:31","slug":"about-us","status":"publish","type":"page","link":"https:\/\/hand2noteguide.com\/de\/about-us\/","title":{"rendered":"\u00dcber uns"},"content":{"rendered":"\n<img decoding=\"async\" class=\"about-photo\" src=\"http:\/\/hand2noteguide.com\/wp-content\/uploads\/2021\/11\/nick-james-2021-1.png\" style=\"float:left; max-width:200px; margin-top:0px; margin-right:20px; margin-bottom:10px; border-radius:8px;\">\n\n\n\n<p>Hallo! Mein Name ist <a href=\"https:\/\/hand2noteguide.com\/de\/author\/admin\/\"><strong>Nick Korolev<\/strong><\/a>. Ich bin ein professioneller No-Limit Holdem Poker-Spieler. Ich bin auch Mitglied des <a href=\"https:\/\/hand2note.com\/\" target=\"_blank\" aria-label=\"undefined (opens in a new tab)\" rel=\"noreferrer noopener\"><strong>Hand2Note<\/strong><\/a> Teams, Autor des <a aria-label=\"undefined (\u00f6ffnet in einem neuen Tab)\" href=\"https:\/\/hand2note3.hand2note.com\/Help\/\" target=\"_blank\" rel=\"noreferrer noopener\">offiziellen Hand2Note Handbuchs<\/a> und Inhaber dieser Website. Mehr Informationen \u00fcber mich finden Sie auf <a aria-label=\"undefined (\u00f6ffnet in einem neuen Tab)\" href=\"https:\/\/nickkorolev.poker\/\" target=\"_blank\" rel=\"noreferrer noopener\"><strong>nickkorolev.poker<\/strong><\/a>. Schauen Sie sich auch meinen <a href=\"https:\/\/hand2noteguide.com\/de\/video-course\/\">Videokurs<\/a> an, der auf meiner Coaching-Erfahrung basiert. Alle Hand2Note-Funktionen werden im Detail mit praktischen Beispielen und meinen Empfehlungen behandelt.<\/p>\n\n\n\n<p>Urspr\u00fcnglich wurde <a href=\"https:\/\/hand2noteguide.com\/de\/\">Hand2NoteGuide.com<\/a> als Erg\u00e4nzung zum offiziellen Hand2Note Handbuch erstellt. Aber allm\u00e4hlich hat sich das Projekt zu einer vollst\u00e4ndigen <b>Bildungsplattform<\/b> entwickelt, die nicht nur Hand2Note, sondern auch andere moderne Poker-Trainingswerkzeuge und Poker-Strategief\u00fchrer abdeckt.<\/p>\n\n\n\n<p>Der Inhalt auf dieser Website wird von mir und meinem Team &#8211; <b>professionellen Pokerspielern und Software-Experten<\/b> &#8211; erstellt. F\u00fcr weitere Details dar\u00fcber, wie wir Inhalte produzieren, lesen Sie bitte unsere <a href=\"\/de\/editorial-policy\/\">Redaktionsrichtlinien<\/a>.<\/p>\n\n\n\n<p><strong>Update 2024:<\/strong> Wir haben gerade einen neuen Bereich er\u00f6ffnet: <a href=\"https:\/\/hand2noteguide.com\/de\/poker\/\">Allgemeiner Poker-Leitfaden<\/a>. Dieser Bereich ist haupts\u00e4chlich f\u00fcr Anf\u00e4nger geeignet. Er pr\u00e4sentiert 9 aufeinanderfolgende Schritte, wie man sich in die Welt des Pokers einlebt und ein gewinnender Spieler wird. Beginnend mit der Vertrautmachung mit den <a href=\"https:\/\/hand2noteguide.com\/de\/poker\/poker-rules\/\">Pokerregeln<\/a>, <a href=\"https:\/\/hand2noteguide.com\/de\/poker\/poker-hand-rankings\/\">Hand-Rankings<\/a> und <a href=\"https:\/\/hand2noteguide.com\/de\/poker\/poker-terms\/\">Begriffen<\/a>, bis hin zum Studium der <a href=\"https:\/\/hand2noteguide.com\/de\/poker\/poker-gto\/\">GTO-Theorie<\/a>, der Nutzung von <a href=\"https:\/\/hand2noteguide.com\/de\/poker\/poker-hud\/\">HUD<\/a> und anderen Werkzeugen und Konzepten.<\/p>\n\n\n\n<p><strong>Update 2025:<\/strong> Wir haben den Bereich <a href=\"https:\/\/hand2noteguide.com\/de\/user-manual\/\">Hand2Note 4: N\u00fctzliche Leitf\u00e4den Hub<\/a> ver\u00f6ffentlicht, in dem Sie viele n\u00fctzliche Anleitungen zur Nutzung von Hand2Note 4 finden k\u00f6nnen. Diese Anleitungen werden von professionellen Spielern mit jahrelanger Hand2Note-Erfahrung geschrieben.<\/p>\n\n\n\n<p><strong>Update 2026:<\/strong> Komplette Neugestaltung der Website \u2014 modernes Design und verbesserte Leistung. Umfassende \u00dcberpr\u00fcfung und Aktualisierung aller Inhalte. Detaillierte Autorenprofile mit Beschreibung der Expertise und Erfahrung. Wir erweitern weiterhin den Bereich <a href=\"https:\/\/hand2noteguide.com\/de\/user-manual\/\">Hand2Note 4: N\u00fctzliche Leitf\u00e4den Hub<\/a> mit neuen praktischen Anleitungen f\u00fcr Hand2Note 4. In unserem <a href=\"https:\/\/hand2noteguide.com\/de\/poker\/\">Poker Guide<\/a> Unterprojekt haben wir den Bereich <a href=\"https:\/\/hand2noteguide.com\/de\/poker\/free-poker-tools\/\">Kostenlose Poker-Tools<\/a> eingef\u00fchrt \u2014 bereits mit einem <a href=\"https:\/\/hand2noteguide.com\/de\/poker\/free-poker-tools\/poker-odds-calculator\/\">Poker-Odds-Rechner<\/a>, und bald kommen weitere kostenlose Tools und Rechner, die Ihnen helfen, Ihre Poker-F\u00e4higkeiten t\u00e4glich zu verbessern.<\/p>\n\n\n\n<p><strong>Unsere Mission<\/strong> ist es, <strong>maximalen Wert<\/strong> f\u00fcr Poker-Enthusiasten weltweit zu schaffen, indem wir das volle Potenzial fortschrittlicher Software aufzeigen und die Pokertheorie auf einfache und zug\u00e4ngliche Weise erkl\u00e4ren.<\/p>\n\n\n\n<p style=\"clear:both\">Z\u00f6gern Sie nicht, <a href=\"https:\/\/hand2noteguide.com\/de\/contact-us\/\">mein Team zu kontaktieren<\/a>, wenn Sie Fragen zu den auf dieser Website angebotenen Dienstleistungen haben.<\/p>\n","protected":false},"excerpt":{"rendered":"<p>Hallo! Mein Name ist Nick Korolev. Ich bin ein professioneller No-Limit Holdem Poker-Spieler. Ich bin auch Mitglied des Hand2Note Teams, Autor des offiziellen Hand2Note Handbuchs und Inhaber dieser Website. Mehr Informationen \u00fcber mich finden Sie auf nickkorolev.poker. Schauen Sie sich auch meinen Videokurs an, der auf meiner Coaching-Erfahrung basiert. Alle Hand2Note-Funktionen werden im Detail mit &hellip; <a href=\"https:\/\/hand2noteguide.com\/de\/about-us\/\" class=\"more-link\">Continue reading <span class=\"screen-reader-text\">\u00dcber uns<\/span><\/a><\/p>\n","protected":false},"author":1,"featured_media":0,"parent":0,"menu_order":0,"comment_status":"closed","ping_status":"closed","template":"page-templates\/full-width-page.php","meta":{"footnotes":""},"class_list":["post-4501","page","type-page","status-publish","hentry"],"translation":{"provider":"WPGlobus","version":"3.0.2","language":"de","enabled_languages":["en","ru","pt","zh","es","fr","de","it","ja"],"languages":{"en":{"title":true,"content":true,"excerpt":false},"ru":{"title":true,"content":true,"excerpt":false},"pt":{"title":true,"content":true,"excerpt":false},"zh":{"title":true,"content":true,"excerpt":false},"es":{"title":true,"content":true,"excerpt":false},"fr":{"title":true,"content":true,"excerpt":false},"de":{"title":true,"content":true,"excerpt":false},"it":{"title":true,"content":true,"excerpt":false},"ja":{"title":true,"content":true,"excerpt":false}}},"yoast_head":"<!-- This site is optimized with the Yoast SEO plugin v27.0 - https:\/\/yoast.com\/product\/yoast-seo-wordpress\/ -->\n<title>\u00dcber uns | Hand2Note Guide<\/title>\n<meta name=\"description\" content=\"Bildungsressource f\u00fcr Poker von Nick Korolev. Entdecken Sie Anleitungen zu Hand2Note, HUDs, Solvern, Trainingswerkzeugen und Strategien, um Ihr Pokerspiel zu verbessern.\" \/>\n<meta name=\"robots\" content=\"index, follow, max-snippet:-1, max-image-preview:large, max-video-preview:-1\" \/>\n<link rel=\"canonical\" href=\"https:\/\/hand2noteguide.com\/about-us\/\" \/>\n<meta property=\"og:locale\" content=\"de_DE\" \/>\n<meta property=\"og:type\" content=\"article\" \/>\n<meta property=\"og:title\" content=\"\u00dcber uns | Hand2Note Guide\" \/>\n<meta property=\"og:description\" content=\"Bildungsressource f\u00fcr Poker von Nick Korolev. Entdecken Sie Anleitungen zu Hand2Note, HUDs, Solvern, Trainingswerkzeugen und Strategien, um Ihr Pokerspiel zu verbessern.\" \/>\n<meta property=\"og:url\" content=\"https:\/\/hand2noteguide.com\/about-us\/\" \/>\n<meta property=\"og:site_name\" content=\"Hand2Note Guide\" \/>\n<meta property=\"article:modified_time\" content=\"2026-03-14T05:28:31+00:00\" \/>\n<meta property=\"og:image\" content=\"http:\/\/hand2noteguide.com\/wp-content\/uploads\/2021\/11\/nick-james-2021-1.png\" \/>\n<meta name=\"twitter:card\" content=\"summary_large_image\" \/>\n<meta name=\"twitter:label1\" content=\"Est. reading time\" \/>\n\t<meta name=\"twitter:data1\" content=\"13 minutes\" \/>\n<!-- \/ Yoast SEO plugin. -->","yoast_head_json":{"title":"\u00dcber uns | Hand2Note Guide","description":"Bildungsressource f\u00fcr Poker von Nick Korolev. Entdecken Sie Anleitungen zu Hand2Note, HUDs, Solvern, Trainingswerkzeugen und Strategien, um Ihr Pokerspiel zu verbessern.","robots":{"index":"index","follow":"follow","max-snippet":"max-snippet:-1","max-image-preview":"max-image-preview:large","max-video-preview":"max-video-preview:-1"},"canonical":"https:\/\/hand2noteguide.com\/about-us\/","og_locale":"de_DE","og_type":"article","og_title":"\u00dcber uns | Hand2Note Guide","og_description":"Bildungsressource f\u00fcr Poker von Nick Korolev. Entdecken Sie Anleitungen zu Hand2Note, HUDs, Solvern, Trainingswerkzeugen und Strategien, um Ihr Pokerspiel zu verbessern.","og_url":"https:\/\/hand2noteguide.com\/about-us\/","og_site_name":"Hand2Note Guide","article_modified_time":"2026-03-14T05:28:31+00:00","og_image":[{"url":"http:\/\/hand2noteguide.com\/wp-content\/uploads\/2021\/11\/nick-james-2021-1.png","type":"","width":"","height":""}],"twitter_card":"summary_large_image","twitter_misc":{"Est. reading time":"13 minutes"},"schema":{"@context":"https:\/\/schema.org","@graph":[]}},"jetpack_sharing_enabled":true,"_links":{"self":[{"href":"https:\/\/hand2noteguide.com\/de\/wp-json\/wp\/v2\/pages\/4501","targetHints":{"allow":["GET"]}}],"collection":[{"href":"https:\/\/hand2noteguide.com\/de\/wp-json\/wp\/v2\/pages"}],"about":[{"href":"https:\/\/hand2noteguide.com\/de\/wp-json\/wp\/v2\/types\/page"}],"author":[{"embeddable":true,"href":"https:\/\/hand2noteguide.com\/de\/wp-json\/wp\/v2\/users\/1"}],"replies":[{"embeddable":true,"href":"https:\/\/hand2noteguide.com\/de\/wp-json\/wp\/v2\/comments?post=4501"}],"version-history":[{"count":88,"href":"https:\/\/hand2noteguide.com\/de\/wp-json\/wp\/v2\/pages\/4501\/revisions"}],"predecessor-version":[{"id":14670,"href":"https:\/\/hand2noteguide.com\/de\/wp-json\/wp\/v2\/pages\/4501\/revisions\/14670"}],"wp:attachment":[{"href":"https:\/\/hand2noteguide.com\/de\/wp-json\/wp\/v2\/media?parent=4501"}],"curies":[{"name":"wp","href":"https:\/\/api.w.org\/{rel}","templated":true}]}}