{"id":452,"date":"2018-08-17T15:02:41","date_gmt":"2018-08-17T12:02:41","guid":{"rendered":"https:\/\/h2n312.wordpress.com\/?page_id=452"},"modified":"2025-06-04T17:53:50","modified_gmt":"2025-06-04T14:53:50","slug":"divide-stats-sh-fr","status":"publish","type":"page","link":"https:\/\/hand2noteguide.com\/de\/guide\/hud\/divide-stats-sh-fr\/","title":{"rendered":"Wie teilt man Statistiken nach der Anzahl der Spieler (SH\/FR)?"},"content":{"rendered":"<p>Gehen Sie zu <em>Configuration<\/em> \u2192 <em>Game Types<\/em>, erstellen Sie mehrere Spieltypen und legen Sie die erforderliche Anzahl von Spielern in der Hand und die Tischgr\u00f6\u00dfe in jedem Typ fest:<\/p>\n<p><img loading=\"lazy\" decoding=\"async\" class=\"alignnone size-full wp-image-455\" src=\"https:\/\/hand2noteguide.com\/wp-content\/uploads\/2018\/08\/hand2note-game-types-managing.png\" alt=\"Hand2Note game types managing\" width=\"999\" height=\"744\" srcset=\"https:\/\/hand2noteguide.com\/wp-content\/uploads\/2018\/08\/hand2note-game-types-managing.png 999w, https:\/\/hand2noteguide.com\/wp-content\/uploads\/2018\/08\/hand2note-game-types-managing-300x223.png 300w, https:\/\/hand2noteguide.com\/wp-content\/uploads\/2018\/08\/hand2note-game-types-managing-768x572.png 768w, https:\/\/hand2noteguide.com\/wp-content\/uploads\/2018\/08\/hand2note-game-types-managing-772x575.png 772w, https:\/\/hand2noteguide.com\/wp-content\/uploads\/2018\/08\/hand2note-game-types-managing-624x465.png 624w\" sizes=\"auto, (max-width: 999px) 100vw, 999px\" \/><\/p>\n<p>Die Statistiken f\u00fcr jeden Spieltyp werden separat gez\u00e4hlt.<\/p>\n<p>Beachten Sie, dass Sie Spieltypen auch nach anderen Parametern unterteilen k\u00f6nnen. Vergessen Sie nicht, das <a href=\"https:\/\/hand2noteguide.com\/de\/guide\/hud\/\">HUD und Popup<\/a>-Profil auszuw\u00e4hlen, das Sie in jedem Spieltyp verwenden m\u00f6chten.<\/p>\n<p>Nach dem \u00c4ndern der Spieltyp-Einstellungen m\u00fcssen Sie die <a href=\"https:\/\/hand2noteguide.com\/de\/guide\/rebuild-stats\/\">Statistiken neu aufbauen<\/a>, damit die \u00c4nderungen f\u00fcr die gesamte <a href=\"https:\/\/hand2noteguide.com\/de\/guide\/database\/\">Datenbank<\/a> wirksam werden. Klicken Sie im Hauptfenster von Hand2Note auf &#8220;<em>Clear stats<\/em>&#8220;, dann auf &#8220;<em>Build stats<\/em>&#8220;.<\/p>\n","protected":false},"excerpt":{"rendered":"<p>Gehen Sie zu Configuration \u2192 Game Types, erstellen Sie mehrere Spieltypen und legen Sie die erforderliche Anzahl von Spielern in der Hand und die Tischgr\u00f6\u00dfe in jedem Typ fest: Die Statistiken f\u00fcr jeden Spieltyp werden separat gez\u00e4hlt. Beachten Sie, dass Sie Spieltypen auch nach anderen Parametern unterteilen k\u00f6nnen. Vergessen Sie nicht, das HUD und Popup-Profil &hellip; <a href=\"https:\/\/hand2noteguide.com\/de\/guide\/hud\/divide-stats-sh-fr\/\" class=\"more-link\">Continue reading <span class=\"screen-reader-text\">Wie teilt man Statistiken nach der Anzahl der Spieler (SH\/FR)?<\/span><\/a><\/p>\n","protected":false},"author":1,"featured_media":0,"parent":372,"menu_order":0,"comment_status":"closed","ping_status":"closed","template":"page-templates\/full-width-page.php","meta":{"footnotes":""},"class_list":["post-452","page","type-page","status-publish","hentry"],"translation":{"provider":"WPGlobus","version":"3.0.2","language":"de","enabled_languages":["en","ru","pt","zh","es","fr","de","it","ja"],"languages":{"en":{"title":true,"content":true,"excerpt":false},"ru":{"title":true,"content":true,"excerpt":false},"pt":{"title":true,"content":true,"excerpt":false},"zh":{"title":true,"content":true,"excerpt":false},"es":{"title":true,"content":true,"excerpt":false},"fr":{"title":true,"content":true,"excerpt":false},"de":{"title":true,"content":true,"excerpt":false},"it":{"title":true,"content":true,"excerpt":false},"ja":{"title":true,"content":true,"excerpt":false}}},"yoast_head":"<!-- This site is optimized with the Yoast SEO plugin v27.0 - https:\/\/yoast.com\/product\/yoast-seo-wordpress\/ -->\n<title>Wie man Poker-Statistiken nach Spieleranzahl aufteilt (SH\/FR)<\/title>\n<meta name=\"description\" content=\"Erfahren Sie, wie Sie Poker-Statistiken nach der Anzahl der Spieler in jedem Spieltyp organisieren k\u00f6nnen. Passen Sie die Einstellungen f\u00fcr SH\/FR-Tische an und optimieren Sie Ihre Strategie.\" \/>\n<meta name=\"robots\" content=\"index, follow, max-snippet:-1, max-image-preview:large, max-video-preview:-1\" \/>\n<link rel=\"canonical\" href=\"https:\/\/hand2noteguide.com\/guide\/hud\/divide-stats-sh-fr\/\" \/>\n<meta property=\"og:locale\" content=\"de_DE\" \/>\n<meta property=\"og:type\" content=\"article\" \/>\n<meta property=\"og:title\" content=\"Wie man Poker-Statistiken nach Spieleranzahl aufteilt (SH\/FR)\" \/>\n<meta property=\"og:description\" content=\"Erfahren Sie, wie Sie Poker-Statistiken nach der Anzahl der Spieler in jedem Spieltyp organisieren k\u00f6nnen. Passen Sie die Einstellungen f\u00fcr SH\/FR-Tische an und optimieren Sie Ihre Strategie.\" \/>\n<meta property=\"og:url\" content=\"https:\/\/hand2noteguide.com\/guide\/hud\/divide-stats-sh-fr\/\" \/>\n<meta property=\"og:site_name\" content=\"Hand2Note Guide\" \/>\n<meta property=\"article:modified_time\" content=\"2025-06-04T14:53:50+00:00\" \/>\n<meta property=\"og:image\" content=\"https:\/\/hand2noteguide.com\/wp-content\/uploads\/2018\/08\/hand2note-game-types-managing.png\" \/>\n<meta name=\"twitter:card\" content=\"summary_large_image\" \/>\n<meta name=\"twitter:label1\" content=\"Est. reading time\" \/>\n\t<meta name=\"twitter:data1\" content=\"4 minutes\" \/>\n<!-- \/ Yoast SEO plugin. -->","yoast_head_json":{"title":"Wie man Poker-Statistiken nach Spieleranzahl aufteilt (SH\/FR)","description":"Erfahren Sie, wie Sie Poker-Statistiken nach der Anzahl der Spieler in jedem Spieltyp organisieren k\u00f6nnen. Passen Sie die Einstellungen f\u00fcr SH\/FR-Tische an und optimieren Sie Ihre Strategie.","robots":{"index":"index","follow":"follow","max-snippet":"max-snippet:-1","max-image-preview":"max-image-preview:large","max-video-preview":"max-video-preview:-1"},"canonical":"https:\/\/hand2noteguide.com\/guide\/hud\/divide-stats-sh-fr\/","og_locale":"de_DE","og_type":"article","og_title":"Wie man Poker-Statistiken nach Spieleranzahl aufteilt (SH\/FR)","og_description":"Erfahren Sie, wie Sie Poker-Statistiken nach der Anzahl der Spieler in jedem Spieltyp organisieren k\u00f6nnen. Passen Sie die Einstellungen f\u00fcr SH\/FR-Tische an und optimieren Sie Ihre Strategie.","og_url":"https:\/\/hand2noteguide.com\/guide\/hud\/divide-stats-sh-fr\/","og_site_name":"Hand2Note Guide","article_modified_time":"2025-06-04T14:53:50+00:00","og_image":[{"url":"https:\/\/hand2noteguide.com\/wp-content\/uploads\/2018\/08\/hand2note-game-types-managing.png","type":"","width":"","height":""}],"twitter_card":"summary_large_image","twitter_misc":{"Est. reading time":"4 minutes"},"schema":{"@context":"https:\/\/schema.org","@graph":[]}},"jetpack_sharing_enabled":false,"_links":{"self":[{"href":"https:\/\/hand2noteguide.com\/de\/wp-json\/wp\/v2\/pages\/452","targetHints":{"allow":["GET"]}}],"collection":[{"href":"https:\/\/hand2noteguide.com\/de\/wp-json\/wp\/v2\/pages"}],"about":[{"href":"https:\/\/hand2noteguide.com\/de\/wp-json\/wp\/v2\/types\/page"}],"author":[{"embeddable":true,"href":"https:\/\/hand2noteguide.com\/de\/wp-json\/wp\/v2\/users\/1"}],"replies":[{"embeddable":true,"href":"https:\/\/hand2noteguide.com\/de\/wp-json\/wp\/v2\/comments?post=452"}],"version-history":[{"count":12,"href":"https:\/\/hand2noteguide.com\/de\/wp-json\/wp\/v2\/pages\/452\/revisions"}],"predecessor-version":[{"id":13524,"href":"https:\/\/hand2noteguide.com\/de\/wp-json\/wp\/v2\/pages\/452\/revisions\/13524"}],"up":[{"embeddable":true,"href":"https:\/\/hand2noteguide.com\/de\/wp-json\/wp\/v2\/pages\/372"}],"wp:attachment":[{"href":"https:\/\/hand2noteguide.com\/de\/wp-json\/wp\/v2\/media?parent=452"}],"curies":[{"name":"wp","href":"https:\/\/api.w.org\/{rel}","templated":true}]}}