{"id":4666,"date":"2021-01-13T20:58:01","date_gmt":"2021-01-13T17:58:01","guid":{"rendered":"http:\/\/hand2noteguide.com\/?page_id=4666"},"modified":"2026-02-21T19:43:20","modified_gmt":"2026-02-21T16:43:20","slug":"pppoker-hud","status":"publish","type":"page","link":"https:\/\/hand2noteguide.com\/de\/pppoker-hud\/","title":{"rendered":"PPPoker HUD"},"content":{"rendered":"\n<h2 style=\"margin-top:14px\">Verwenden Sie das schnelle und zuverl\u00e4ssige PPPoker HUD mit Hand2Note<\/h2>\n\n\n\n<p><strong>Hand2Note<\/strong> ist ein Poker-Tracker der neuen Generation. Es bietet Ihnen ein funktionales <a href=\"https:\/\/hand2noteguide.com\/de\/poker\/poker-hud\/\">Poker HUD<\/a> und Popups f\u00fcr verschiedene R\u00e4ume. Die PPPoker-App wird ebenfalls unterst\u00fctzt, sodass Sie die volle Leistung von Hand2Note nutzen k\u00f6nnen, um Ihre Gegner an den Tischen zu schlagen.<\/p>\n\n\n<div class=\"wp-block-h2n-cta-button\" style=\"text-align: left;\"><a href=\"https:\/\/hand2noteguide.com\/de\/go\/hand2note\/\" class=\"btn btn-primary\" target=\"_blank\" rel=\"noopener noreferrer nofollow sponsored\">Hand2Note HUD f\u00fcr PPPoker herunterladen<\/a><\/div>\n\n\n<p>Sie k\u00f6nnen sowohl mit der Windows-Anwendung als auch \u00fcber einen Android-Emulator spielen. Hand2Note HUD funktioniert in jedem Fall.<\/p>\n\n\n\n<p>Bitte beachten Sie, dass Hand2Note eine sehr gut optimierte Software ist. Sie k\u00f6nnen das erweiterte HUD und die Popups verwenden, ohne Ihr System zu \u00fcberlasten. Dies ist oft f\u00fcr Spieler von asiatischen Apps relevant, da Multi-Tabling dort hohe Anforderungen an die Computerressourcen stellt.<\/p>\n\n\n\n<h2 class=\"wp-block-heading\">Hand2Note 4: HUD-Leistung der n\u00e4chsten Stufe<\/h2>\n\n\n\n<p><a href=\"https:\/\/hand2noteguide.com\/de\/hand2note-4-getting-started\/\">Hand2Note 4<\/a> wurde von Grund auf mit einer modernen Architektur neu aufgebaut. Hier erfahren Sie, warum das f\u00fcr PPPoker-Spieler wichtig ist:<\/p>\n\n\n\n<ul class=\"wp-block-list\">\n<li><strong>Deutlich schnellere Leistung.<\/strong> Hand2Note 4 nutzt Multi-Core-Prozessoren und RAM voll aus, wodurch die HUD-Anzeige und das Laden von Popups sp\u00fcrbar schneller werden \u2014 selbst beim Multi-Tabling.<\/li>\n\n\n\n<li><strong>50% kleinere Datenbank.<\/strong> Ihre Hand History-Datenbank nimmt nun halb so viel Speicherplatz ein wie bei der Vorg\u00e4ngerversion, mit Optionen zur weiteren Reduzierung.<\/li>\n\n\n\n<li><strong>Optimiert f\u00fcr Multi-Tabling.<\/strong> Spieler asiatischer Apps spielen oft an vielen Tischen gleichzeitig. Hand2Note 4 bew\u00e4ltigt dies mit minimaler Systembelastung, sodass Ihr Emulator oder PPPoker-Client reaktionsf\u00e4hig bleibt.<\/li>\n\n\n\n<li><strong>Neu gestaltete Oberfl\u00e4che.<\/strong> Eine \u00fcbersichtlichere, intuitivere Benutzeroberfl\u00e4che erleichtert die Navigation in Berichten, die Konfiguration von HUDs und die Analyse Ihres Spiels.<\/li>\n<\/ul>\n\n\n\n<figure class=\"wp-block-image size-large\"><img decoding=\"async\" src=\"https:\/\/hand2noteguide.com\/wp-content\/uploads\/2026\/02\/hand2note-4-graph-1-scaled.png\" alt=\"Hand2Note 4 Leistung\" \/><figcaption class=\"wp-element-caption\">Hand2Note 4 Oberfl\u00e4che<\/figcaption><\/figure>\n\n\n\n<h2 class=\"wp-block-heading\">Wie f\u00e4ngt man an?<\/h2>\n\n\n\n<p>Es sind keine Einstellungen erforderlich. Starten Sie einfach Hand2Note zusammen mit einer beliebigen Anzahl von PPPoker-Tischen. Das HUD wird automatisch bei allen erscheinen. Wenn Sie Hand2Note zum ersten Mal mit asiatischen Apps starten, wird automatisch eine spezielle 14-t\u00e4gige kostenlose Testversion aktiviert. Sp\u00e4ter k\u00f6nnen Sie ein passendes Abonnement ausw\u00e4hlen und <a href=\"https:\/\/hand2noteguide.com\/de\/promo\/\">es mit einem Rabatt erhalten<\/a>.<\/p>\n\n\n<div class=\"wp-block-h2n-alert h2n-alert h2n-alert--info\"><div class=\"h2n-alert__icon\" aria-hidden=\"true\"><svg width=\"22\" height=\"22\" viewBox=\"0 0 24 24\" fill=\"none\" stroke=\"currentColor\" stroke-width=\"2\" stroke-linecap=\"round\" stroke-linejoin=\"round\"><circle cx=\"12\" cy=\"12\" r=\"10\"\/><line x1=\"12\" y1=\"16\" x2=\"12\" y2=\"12\"\/><circle cx=\"12\" cy=\"8\" r=\"1\" fill=\"currentColor\" stroke=\"none\"\/><\/svg><\/div><div class=\"h2n-alert__content\">Wenn Sie \u00fcber einen Android-Emulator spielen, empfehlen wir Ihnen, die <a href=\"https:\/\/hand2noteguide.com\/de\/user-manual\/configuring-hand2note-to-play-in-applications-via-an-emulator-using-the-example-of-pokerbros\/\">speziellen Einrichtungsanweisungen<\/a> zu befolgen, um eine reibungslose und unterbrechungsfreie HUD-Leistung zu gew\u00e4hrleisten.<\/div><\/div>\n\n\n<p>Bitte beachten Sie, dass Hand2Note HUD auch funktioniert, wenn Sie nur das Spiel beobachten.<\/p>\n\n\n\n<p>Wenn das HUD aus irgendeinem Grund nicht erscheint, versuchen Sie, <a href=\"https:\/\/hand2noteguide.com\/de\/issues-resolving\/hud-not-showing\/\">die Schritte zur Fehlerbehebung<\/a> zu befolgen. Sollte das Problem weiterhin bestehen, kontaktieren Sie bitte den <a href=\"https:\/\/hand2noteguide.com\/de\/hand2note-official-support\/\">Live-Chat-Support<\/a>, sie werden Ihnen schnell helfen, es zu l\u00f6sen.<\/p>\n\n\n\n<h2 class=\"wp-block-heading\">Ok, ich sehe das HUD! Was kommt als n\u00e4chstes?<\/h2>\n\n\n\n<p>Gro\u00dfartig, Sie haben den ersten Schritt gemacht. Jetzt k\u00f6nnen Sie anfangen zu spielen und die M\u00f6glichkeiten von Hand2Note erkunden. Es ist eine wirklich umfangreiche Poker-Software, daher gibt es ein paar erste Schritte, die Sie unternehmen k\u00f6nnen:<\/p>\n\n\n\n<ol class=\"wp-block-list\">\n<li><a href=\"https:\/\/hand2noteguide.com\/de\/hand2note-hud\/\">Konfigurieren oder w\u00e4hlen Sie das beste HUD f\u00fcr sich aus<\/a>. Ber\u00fccksichtigen Sie alle Optionen sorgf\u00e4ltig und denken Sie an die erweiterten Funktionen von Hand2Note. Denken Sie daran, dass das H2N HUD viel leistungsf\u00e4higer sein kann als andere veraltete Tracker wie Holdem Manager.<\/li>\n\n\n\n<li><a href=\"https:\/\/hand2noteguide.com\/de\/video-course\/\">Nehmen Sie an unserem vollst\u00e4ndigen Hand2Note-Videokurs teil<\/a>. Sie werden beginnen, alle Funktionen in k\u00fcrzester Zeit professionell zu nutzen.<\/li>\n<\/ol>\n\n\n\n<h2 class=\"wp-block-heading\">Welche anderen asiatischen Apps werden unterst\u00fctzt?<\/h2>\n\n\n\n<p>Hand2Note unterst\u00fctzt auch <a href=\"https:\/\/hand2noteguide.com\/de\/pokerbros-hud\/\">PokerBros<\/a> und viele <a href=\"https:\/\/hand2noteguide.com\/de\/asian\/\">andere beliebte Seiten<\/a>.<\/p>\n","protected":false},"excerpt":{"rendered":"<p>Verwenden Sie das schnelle und zuverl\u00e4ssige PPPoker HUD mit Hand2Note Hand2Note ist ein Poker-Tracker der neuen Generation. Es bietet Ihnen ein funktionales Poker HUD und Popups f\u00fcr verschiedene R\u00e4ume. Die PPPoker-App wird ebenfalls unterst\u00fctzt, sodass Sie die volle Leistung von Hand2Note nutzen k\u00f6nnen, um Ihre Gegner an den Tischen zu schlagen. Sie k\u00f6nnen sowohl mit &hellip; <a href=\"https:\/\/hand2noteguide.com\/de\/pppoker-hud\/\" class=\"more-link\">Continue reading <span class=\"screen-reader-text\">PPPoker HUD<\/span><\/a><\/p>\n","protected":false},"author":1,"featured_media":4711,"parent":0,"menu_order":0,"comment_status":"closed","ping_status":"closed","template":"","meta":{"footnotes":""},"class_list":["post-4666","page","type-page","status-publish","has-post-thumbnail","hentry"],"translation":{"provider":"WPGlobus","version":"3.0.2","language":"de","enabled_languages":["en","ru","pt","zh","es","fr","de","it","ja"],"languages":{"en":{"title":true,"content":true,"excerpt":false},"ru":{"title":true,"content":true,"excerpt":false},"pt":{"title":true,"content":true,"excerpt":false},"zh":{"title":true,"content":true,"excerpt":false},"es":{"title":true,"content":true,"excerpt":false},"fr":{"title":true,"content":true,"excerpt":false},"de":{"title":true,"content":true,"excerpt":false},"it":{"title":true,"content":true,"excerpt":false},"ja":{"title":true,"content":true,"excerpt":false}}},"yoast_head":"<!-- This site is optimized with the Yoast SEO plugin v27.0 - https:\/\/yoast.com\/product\/yoast-seo-wordpress\/ -->\n<title>Schnelles und zuverl\u00e4ssiges PPPoker HUD - Hand2Note Guide<\/title>\n<meta name=\"description\" content=\"Hand2Note HUD f\u00fcr PPPoker ist modern, reibungslos und pr\u00e4zise. Sowohl die Windows-App als auch der Android-Emulator werden unterst\u00fctzt. Besiege deine Gegner!\" \/>\n<meta name=\"robots\" content=\"index, follow, max-snippet:-1, max-image-preview:large, max-video-preview:-1\" \/>\n<link rel=\"canonical\" href=\"https:\/\/hand2noteguide.com\/zh\/pppoker-hud\/\" \/>\n<meta property=\"og:locale\" content=\"de_DE\" \/>\n<meta property=\"og:type\" content=\"article\" \/>\n<meta property=\"og:title\" content=\"Schnelles und zuverl\u00e4ssiges PPPoker HUD - Hand2Note Guide\" \/>\n<meta property=\"og:description\" content=\"Hand2Note HUD f\u00fcr PPPoker ist modern, reibungslos und pr\u00e4zise. Sowohl die Windows-App als auch der Android-Emulator werden unterst\u00fctzt. Besiege deine Gegner!\" \/>\n<meta property=\"og:url\" content=\"https:\/\/hand2noteguide.com\/zh\/pppoker-hud\/\" \/>\n<meta property=\"og:site_name\" content=\"Hand2Note Guide\" \/>\n<meta property=\"article:modified_time\" content=\"2026-02-21T16:43:20+00:00\" \/>\n<meta property=\"og:image\" content=\"https:\/\/hand2noteguide.com\/wp-content\/uploads\/2021\/01\/PPPoker-HUD.png\" \/>\n\t<meta property=\"og:image:width\" content=\"879\" \/>\n\t<meta property=\"og:image:height\" content=\"814\" \/>\n\t<meta property=\"og:image:type\" content=\"image\/png\" \/>\n<meta name=\"twitter:card\" content=\"summary_large_image\" \/>\n<meta name=\"twitter:label1\" content=\"Est. reading time\" \/>\n\t<meta name=\"twitter:data1\" content=\"2 minutes\" \/>\n<!-- \/ Yoast SEO plugin. -->","yoast_head_json":{"title":"Schnelles und zuverl\u00e4ssiges PPPoker HUD - Hand2Note Guide","description":"Hand2Note HUD f\u00fcr PPPoker ist modern, reibungslos und pr\u00e4zise. Sowohl die Windows-App als auch der Android-Emulator werden unterst\u00fctzt. Besiege deine Gegner!","robots":{"index":"index","follow":"follow","max-snippet":"max-snippet:-1","max-image-preview":"max-image-preview:large","max-video-preview":"max-video-preview:-1"},"canonical":"https:\/\/hand2noteguide.com\/zh\/pppoker-hud\/","og_locale":"de_DE","og_type":"article","og_title":"Schnelles und zuverl\u00e4ssiges PPPoker HUD - Hand2Note Guide","og_description":"Hand2Note HUD f\u00fcr PPPoker ist modern, reibungslos und pr\u00e4zise. Sowohl die Windows-App als auch der Android-Emulator werden unterst\u00fctzt. Besiege deine Gegner!","og_url":"https:\/\/hand2noteguide.com\/zh\/pppoker-hud\/","og_site_name":"Hand2Note Guide","article_modified_time":"2026-02-21T16:43:20+00:00","og_image":[{"width":879,"height":814,"url":"https:\/\/hand2noteguide.com\/wp-content\/uploads\/2021\/01\/PPPoker-HUD.png","type":"image\/png"}],"twitter_card":"summary_large_image","twitter_misc":{"Est. reading time":"2 minutes"},"schema":{"@context":"https:\/\/schema.org","@graph":[]}},"jetpack_sharing_enabled":true,"_links":{"self":[{"href":"https:\/\/hand2noteguide.com\/de\/wp-json\/wp\/v2\/pages\/4666","targetHints":{"allow":["GET"]}}],"collection":[{"href":"https:\/\/hand2noteguide.com\/de\/wp-json\/wp\/v2\/pages"}],"about":[{"href":"https:\/\/hand2noteguide.com\/de\/wp-json\/wp\/v2\/types\/page"}],"author":[{"embeddable":true,"href":"https:\/\/hand2noteguide.com\/de\/wp-json\/wp\/v2\/users\/1"}],"replies":[{"embeddable":true,"href":"https:\/\/hand2noteguide.com\/de\/wp-json\/wp\/v2\/comments?post=4666"}],"version-history":[{"count":35,"href":"https:\/\/hand2noteguide.com\/de\/wp-json\/wp\/v2\/pages\/4666\/revisions"}],"predecessor-version":[{"id":15252,"href":"https:\/\/hand2noteguide.com\/de\/wp-json\/wp\/v2\/pages\/4666\/revisions\/15252"}],"wp:featuredmedia":[{"embeddable":true,"href":"https:\/\/hand2noteguide.com\/de\/wp-json\/wp\/v2\/media\/4711"}],"wp:attachment":[{"href":"https:\/\/hand2noteguide.com\/de\/wp-json\/wp\/v2\/media?parent=4666"}],"curies":[{"name":"wp","href":"https:\/\/api.w.org\/{rel}","templated":true}]}}