{"id":468,"date":"2018-10-22T21:49:44","date_gmt":"2018-10-22T18:49:44","guid":{"rendered":"https:\/\/h2n312.wordpress.com\/?page_id=468"},"modified":"2025-06-04T17:53:07","modified_gmt":"2025-06-04T14:53:07","slug":"creating-stats","status":"publish","type":"page","link":"https:\/\/hand2noteguide.com\/de\/guide\/creating-stats\/","title":{"rendered":"Statistiken"},"content":{"rendered":"<p>Hand2Note verf\u00fcgt \u00fcber eine leistungsstarke, intuitive Benutzeroberfl\u00e4che zur Erstellung von Statistiken. Au\u00dferdem steht eine gro\u00dfe Anzahl vorgefertigter Statistiken direkt nach der Installation zur Verf\u00fcgung. Sie k\u00f6nnen Statistiken in den folgenden Abschnitten verwalten:<\/p>\n<p><img loading=\"lazy\" decoding=\"async\" class=\"alignnone size-full wp-image-814\" src=\"https:\/\/hand2noteguide.com\/wp-content\/uploads\/2019\/05\/hand2note-create-stats-menu.png\" alt=\"hand2note create stats menu\" width=\"311\" height=\"408\" srcset=\"https:\/\/hand2noteguide.com\/wp-content\/uploads\/2019\/05\/hand2note-create-stats-menu.png 311w, https:\/\/hand2noteguide.com\/wp-content\/uploads\/2019\/05\/hand2note-create-stats-menu-229x300.png 229w\" sizes=\"auto, (max-width: 311px) 100vw, 311px\" \/><\/p>\n<p>Im Hand2Note-System gibt es einfache und Ausdrucksstatistiken. Eine <strong>einfache Statistik<\/strong> beschreibt die H\u00e4ufigkeit einer bestimmten Aktion, zum Beispiel ein Open Raise oder eine Continuation Bet. Eine <strong>Ausdrucksstatistik<\/strong> ist eine mathematische Formel, die aus einfachen Statistiken besteht \u2014 zum Beispiel der Aggressionsfaktor oder der Prozentsatz der Gewinne beim Showdown.<\/p>\n<p>Erfahren Sie, wie Sie <a href=\"https:\/\/hand2noteguide.com\/de\/guide\/creating-stats\/simple\/\">einfache<\/a> und <a href=\"https:\/\/hand2noteguide.com\/de\/guide\/creating-stats\/expression\/\">Ausdrucksstatistiken<\/a> erstellen. Sie k\u00f6nnen auch <a href=\"https:\/\/hand2noteguide.com\/de\/training\/\">personalisierte Schulungen<\/a> zur Erstellung von Statistiken in Hand2Note erhalten.<\/p>\n","protected":false},"excerpt":{"rendered":"<p>Hand2Note verf\u00fcgt \u00fcber eine leistungsstarke, intuitive Benutzeroberfl\u00e4che zur Erstellung von Statistiken. Au\u00dferdem steht eine gro\u00dfe Anzahl vorgefertigter Statistiken direkt nach der Installation zur Verf\u00fcgung. Sie k\u00f6nnen Statistiken in den folgenden Abschnitten verwalten: Im Hand2Note-System gibt es einfache und Ausdrucksstatistiken. Eine einfache Statistik beschreibt die H\u00e4ufigkeit einer bestimmten Aktion, zum Beispiel ein Open Raise oder eine &hellip; <a href=\"https:\/\/hand2noteguide.com\/de\/guide\/creating-stats\/\" class=\"more-link\">Continue reading <span class=\"screen-reader-text\">Statistiken<\/span><\/a><\/p>\n","protected":false},"author":1,"featured_media":0,"parent":74,"menu_order":0,"comment_status":"closed","ping_status":"closed","template":"page-templates\/full-width-page.php","meta":{"footnotes":""},"class_list":["post-468","page","type-page","status-publish","hentry"],"translation":{"provider":"WPGlobus","version":"3.0.2","language":"de","enabled_languages":["en","ru","pt","zh","es","fr","de","it","ja"],"languages":{"en":{"title":true,"content":true,"excerpt":false},"ru":{"title":true,"content":true,"excerpt":false},"pt":{"title":true,"content":true,"excerpt":false},"zh":{"title":true,"content":true,"excerpt":false},"es":{"title":true,"content":true,"excerpt":false},"fr":{"title":true,"content":true,"excerpt":false},"de":{"title":true,"content":true,"excerpt":false},"it":{"title":true,"content":true,"excerpt":false},"ja":{"title":true,"content":true,"excerpt":false}}},"yoast_head":"<!-- This site is optimized with the Yoast SEO plugin v27.0 - https:\/\/yoast.com\/product\/yoast-seo-wordpress\/ -->\n<title>Poker-Statistiken in Hand2Note 3<\/title>\n<meta name=\"description\" content=\"Entdecken Sie, wie Sie Poker-Statistiken mit der intuitiven Benutzeroberfl\u00e4che von Hand2Note erstellen und verwalten k\u00f6nnen. Greifen Sie auf vorgefertigte Statistiken zu und personalisieren Sie Ihre Pokerstrategie.\" \/>\n<meta name=\"robots\" content=\"index, follow, max-snippet:-1, max-image-preview:large, max-video-preview:-1\" \/>\n<link rel=\"canonical\" href=\"https:\/\/hand2noteguide.com\/guide\/creating-stats\/\" \/>\n<meta property=\"og:locale\" content=\"de_DE\" \/>\n<meta property=\"og:type\" content=\"article\" \/>\n<meta property=\"og:title\" content=\"Poker-Statistiken in Hand2Note 3\" \/>\n<meta property=\"og:description\" content=\"Entdecken Sie, wie Sie Poker-Statistiken mit der intuitiven Benutzeroberfl\u00e4che von Hand2Note erstellen und verwalten k\u00f6nnen. Greifen Sie auf vorgefertigte Statistiken zu und personalisieren Sie Ihre Pokerstrategie.\" \/>\n<meta property=\"og:url\" content=\"https:\/\/hand2noteguide.com\/guide\/creating-stats\/\" \/>\n<meta property=\"og:site_name\" content=\"Hand2Note Guide\" \/>\n<meta property=\"article:modified_time\" content=\"2025-06-04T14:53:07+00:00\" \/>\n<meta property=\"og:image\" content=\"https:\/\/hand2noteguide.com\/wp-content\/uploads\/2019\/05\/hand2note-create-stats-menu.png\" \/>\n<meta name=\"twitter:card\" content=\"summary_large_image\" \/>\n<meta name=\"twitter:label1\" content=\"Est. reading time\" \/>\n\t<meta name=\"twitter:data1\" content=\"4 minutes\" \/>\n<!-- \/ Yoast SEO plugin. -->","yoast_head_json":{"title":"Poker-Statistiken in Hand2Note 3","description":"Entdecken Sie, wie Sie Poker-Statistiken mit der intuitiven Benutzeroberfl\u00e4che von Hand2Note erstellen und verwalten k\u00f6nnen. Greifen Sie auf vorgefertigte Statistiken zu und personalisieren Sie Ihre Pokerstrategie.","robots":{"index":"index","follow":"follow","max-snippet":"max-snippet:-1","max-image-preview":"max-image-preview:large","max-video-preview":"max-video-preview:-1"},"canonical":"https:\/\/hand2noteguide.com\/guide\/creating-stats\/","og_locale":"de_DE","og_type":"article","og_title":"Poker-Statistiken in Hand2Note 3","og_description":"Entdecken Sie, wie Sie Poker-Statistiken mit der intuitiven Benutzeroberfl\u00e4che von Hand2Note erstellen und verwalten k\u00f6nnen. Greifen Sie auf vorgefertigte Statistiken zu und personalisieren Sie Ihre Pokerstrategie.","og_url":"https:\/\/hand2noteguide.com\/guide\/creating-stats\/","og_site_name":"Hand2Note Guide","article_modified_time":"2025-06-04T14:53:07+00:00","og_image":[{"url":"https:\/\/hand2noteguide.com\/wp-content\/uploads\/2019\/05\/hand2note-create-stats-menu.png","type":"","width":"","height":""}],"twitter_card":"summary_large_image","twitter_misc":{"Est. reading time":"4 minutes"},"schema":{"@context":"https:\/\/schema.org","@graph":[]}},"jetpack_sharing_enabled":false,"_links":{"self":[{"href":"https:\/\/hand2noteguide.com\/de\/wp-json\/wp\/v2\/pages\/468","targetHints":{"allow":["GET"]}}],"collection":[{"href":"https:\/\/hand2noteguide.com\/de\/wp-json\/wp\/v2\/pages"}],"about":[{"href":"https:\/\/hand2noteguide.com\/de\/wp-json\/wp\/v2\/types\/page"}],"author":[{"embeddable":true,"href":"https:\/\/hand2noteguide.com\/de\/wp-json\/wp\/v2\/users\/1"}],"replies":[{"embeddable":true,"href":"https:\/\/hand2noteguide.com\/de\/wp-json\/wp\/v2\/comments?post=468"}],"version-history":[{"count":18,"href":"https:\/\/hand2noteguide.com\/de\/wp-json\/wp\/v2\/pages\/468\/revisions"}],"predecessor-version":[{"id":13523,"href":"https:\/\/hand2noteguide.com\/de\/wp-json\/wp\/v2\/pages\/468\/revisions\/13523"}],"up":[{"embeddable":true,"href":"https:\/\/hand2noteguide.com\/de\/wp-json\/wp\/v2\/pages\/74"}],"wp:attachment":[{"href":"https:\/\/hand2noteguide.com\/de\/wp-json\/wp\/v2\/media?parent=468"}],"curies":[{"name":"wp","href":"https:\/\/api.w.org\/{rel}","templated":true}]}}