{"id":472,"date":"2018-10-22T22:02:26","date_gmt":"2018-10-22T19:02:26","guid":{"rendered":"https:\/\/h2n312.wordpress.com\/?page_id=472"},"modified":"2025-06-04T17:52:19","modified_gmt":"2025-06-04T14:52:19","slug":"disable-hud","status":"publish","type":"page","link":"https:\/\/hand2noteguide.com\/de\/guide\/hud\/disable-hud\/","title":{"rendered":"Wie man das HUD deaktiviert"},"content":{"rendered":"\n<h2 class=\"wp-block-heading\">Methode #1<\/h2>\n\n\n\n<p>Sie k\u00f6nnen das Modul deaktivieren, das f\u00fcr das Sammeln der Handhistorie aus Ihrem Raum verantwortlich ist. Dazu beenden Sie den entsprechenden Prozess im Task-Manager. Der Prozess startet, nachdem Sie einen Raum ge\u00f6ffnet haben.<\/p>\n\n\n\n<figure class=\"wp-block-image\"><img loading=\"lazy\" decoding=\"async\" width=\"667\" height=\"337\" src=\"https:\/\/hand2noteguide.com\/wp-content\/uploads\/2019\/07\/hand2note-pokerstars-module-process.png\" alt=\"hand2note pokerstars module process\" class=\"wp-image-1609\" srcset=\"https:\/\/hand2noteguide.com\/wp-content\/uploads\/2019\/07\/hand2note-pokerstars-module-process.png 667w, https:\/\/hand2noteguide.com\/wp-content\/uploads\/2019\/07\/hand2note-pokerstars-module-process-300x152.png 300w, https:\/\/hand2noteguide.com\/wp-content\/uploads\/2019\/07\/hand2note-pokerstars-module-process-624x315.png 624w\" sizes=\"auto, (max-width: 667px) 100vw, 667px\" \/><\/figure>\n\n\n\n<p>Sie m\u00fcssen auch die Ordner der Handhistorie des Raums aus der Auto-Import-Liste in Hand2Note entfernen, falls Sie diese hinzugef\u00fcgt haben.<\/p>\n\n\n\n<p>Bitte beachten Sie, dass Hand2Note mit dieser Methode keine H\u00e4nde aus Ihrem Raum erfasst. Wenn Sie das HUD deaktivieren, aber Handhistorien sammeln m\u00f6chten, verwenden Sie die zweite Methode.<\/p>\n\n\n\n<h2 class=\"wp-block-heading\">Methode #2<\/h2>\n\n\n<p>Im HUD-Editor gibt es einen Filter, mit dem Sie die Anzeige des HUD nur in bestimmten R\u00e4umen anpassen k\u00f6nnen. Sie k\u00f6nnen den gesamten Tisch hervorheben und ihm einen Filter mit nur den gew\u00fcnschten R\u00e4umen zuweisen.<\/p>\n<p><img loading=\"lazy\" decoding=\"async\" class=\"alignnone size-full wp-image-473\" src=\"https:\/\/hand2noteguide.com\/wp-content\/uploads\/2018\/10\/hand2note-hud-choose-room.png\" alt=\"hand2note hud choose room\" width=\"640\" height=\"228\" srcset=\"https:\/\/hand2noteguide.com\/wp-content\/uploads\/2018\/10\/hand2note-hud-choose-room.png 640w, https:\/\/hand2noteguide.com\/wp-content\/uploads\/2018\/10\/hand2note-hud-choose-room-300x107.png 300w, https:\/\/hand2noteguide.com\/wp-content\/uploads\/2018\/10\/hand2note-hud-choose-room-624x222.png 624w\" sizes=\"auto, (max-width: 640px) 100vw, 640px\" \/><\/p>\n<p>Wenn Sie das HUD vollst\u00e4ndig deaktivieren m\u00f6chten, w\u00e4hlen Sie einfach einen beliebigen Raum aus, in dem Sie nicht spielen.<\/p>","protected":false},"excerpt":{"rendered":"<p>Methode #1 Sie k\u00f6nnen das Modul deaktivieren, das f\u00fcr das Sammeln der Handhistorie aus Ihrem Raum verantwortlich ist. Dazu beenden Sie den entsprechenden Prozess im Task-Manager. Der Prozess startet, nachdem Sie einen Raum ge\u00f6ffnet haben. Sie m\u00fcssen auch die Ordner der Handhistorie des Raums aus der Auto-Import-Liste in Hand2Note entfernen, falls Sie diese hinzugef\u00fcgt haben. &hellip; <a href=\"https:\/\/hand2noteguide.com\/de\/guide\/hud\/disable-hud\/\" class=\"more-link\">Continue reading <span class=\"screen-reader-text\">Wie man das HUD deaktiviert<\/span><\/a><\/p>\n","protected":false},"author":1,"featured_media":0,"parent":372,"menu_order":0,"comment_status":"closed","ping_status":"closed","template":"page-templates\/full-width-page.php","meta":{"footnotes":""},"class_list":["post-472","page","type-page","status-publish","hentry"],"translation":{"provider":"WPGlobus","version":"3.0.2","language":"de","enabled_languages":["en","ru","pt","zh","es","fr","de","it","ja"],"languages":{"en":{"title":true,"content":true,"excerpt":false},"ru":{"title":true,"content":true,"excerpt":false},"pt":{"title":true,"content":true,"excerpt":false},"zh":{"title":true,"content":true,"excerpt":false},"es":{"title":true,"content":true,"excerpt":false},"fr":{"title":true,"content":true,"excerpt":false},"de":{"title":true,"content":true,"excerpt":false},"it":{"title":true,"content":true,"excerpt":false},"ja":{"title":true,"content":true,"excerpt":false}}},"yoast_head":"<!-- This site is optimized with the Yoast SEO plugin v27.0 - https:\/\/yoast.com\/product\/yoast-seo-wordpress\/ -->\n<title>Wie man das HUD in Hand2Note 3 deaktiviert: Zwei einfache Methoden<\/title>\n<meta name=\"description\" content=\"Erfahren Sie, wie Sie das Hand2Note HUD mit zwei einfachen Methoden deaktivieren k\u00f6nnen. Folgen Sie unserer Schritt-f\u00fcr-Schritt-Anleitung, um die volle Kontrolle \u00fcber Ihr HUD zu haben.\" \/>\n<meta name=\"robots\" content=\"index, follow, max-snippet:-1, max-image-preview:large, max-video-preview:-1\" \/>\n<link rel=\"canonical\" href=\"https:\/\/hand2noteguide.com\/guide\/hud\/disable-hud\/\" \/>\n<meta property=\"og:locale\" content=\"de_DE\" \/>\n<meta property=\"og:type\" content=\"article\" \/>\n<meta property=\"og:title\" content=\"Wie man das HUD in Hand2Note 3 deaktiviert: Zwei einfache Methoden\" \/>\n<meta property=\"og:description\" content=\"Erfahren Sie, wie Sie das Hand2Note HUD mit zwei einfachen Methoden deaktivieren k\u00f6nnen. Folgen Sie unserer Schritt-f\u00fcr-Schritt-Anleitung, um die volle Kontrolle \u00fcber Ihr HUD zu haben.\" \/>\n<meta property=\"og:url\" content=\"https:\/\/hand2noteguide.com\/guide\/hud\/disable-hud\/\" \/>\n<meta property=\"og:site_name\" content=\"Hand2Note Guide\" \/>\n<meta property=\"article:modified_time\" content=\"2025-06-04T14:52:19+00:00\" \/>\n<meta property=\"og:image\" content=\"https:\/\/hand2noteguide.com\/wp-content\/uploads\/2019\/07\/hand2note-pokerstars-module-process.png\" \/>\n<meta name=\"twitter:card\" content=\"summary_large_image\" \/>\n<meta name=\"twitter:label1\" content=\"Est. reading time\" \/>\n\t<meta name=\"twitter:data1\" content=\"5 minutes\" \/>\n<!-- \/ Yoast SEO plugin. -->","yoast_head_json":{"title":"Wie man das HUD in Hand2Note 3 deaktiviert: Zwei einfache Methoden","description":"Erfahren Sie, wie Sie das Hand2Note HUD mit zwei einfachen Methoden deaktivieren k\u00f6nnen. Folgen Sie unserer Schritt-f\u00fcr-Schritt-Anleitung, um die volle Kontrolle \u00fcber Ihr HUD zu haben.","robots":{"index":"index","follow":"follow","max-snippet":"max-snippet:-1","max-image-preview":"max-image-preview:large","max-video-preview":"max-video-preview:-1"},"canonical":"https:\/\/hand2noteguide.com\/guide\/hud\/disable-hud\/","og_locale":"de_DE","og_type":"article","og_title":"Wie man das HUD in Hand2Note 3 deaktiviert: Zwei einfache Methoden","og_description":"Erfahren Sie, wie Sie das Hand2Note HUD mit zwei einfachen Methoden deaktivieren k\u00f6nnen. Folgen Sie unserer Schritt-f\u00fcr-Schritt-Anleitung, um die volle Kontrolle \u00fcber Ihr HUD zu haben.","og_url":"https:\/\/hand2noteguide.com\/guide\/hud\/disable-hud\/","og_site_name":"Hand2Note Guide","article_modified_time":"2025-06-04T14:52:19+00:00","og_image":[{"url":"https:\/\/hand2noteguide.com\/wp-content\/uploads\/2019\/07\/hand2note-pokerstars-module-process.png","type":"","width":"","height":""}],"twitter_card":"summary_large_image","twitter_misc":{"Est. reading time":"5 minutes"},"schema":{"@context":"https:\/\/schema.org","@graph":[]}},"jetpack_sharing_enabled":false,"_links":{"self":[{"href":"https:\/\/hand2noteguide.com\/de\/wp-json\/wp\/v2\/pages\/472","targetHints":{"allow":["GET"]}}],"collection":[{"href":"https:\/\/hand2noteguide.com\/de\/wp-json\/wp\/v2\/pages"}],"about":[{"href":"https:\/\/hand2noteguide.com\/de\/wp-json\/wp\/v2\/types\/page"}],"author":[{"embeddable":true,"href":"https:\/\/hand2noteguide.com\/de\/wp-json\/wp\/v2\/users\/1"}],"replies":[{"embeddable":true,"href":"https:\/\/hand2noteguide.com\/de\/wp-json\/wp\/v2\/comments?post=472"}],"version-history":[{"count":20,"href":"https:\/\/hand2noteguide.com\/de\/wp-json\/wp\/v2\/pages\/472\/revisions"}],"predecessor-version":[{"id":13522,"href":"https:\/\/hand2noteguide.com\/de\/wp-json\/wp\/v2\/pages\/472\/revisions\/13522"}],"up":[{"embeddable":true,"href":"https:\/\/hand2noteguide.com\/de\/wp-json\/wp\/v2\/pages\/372"}],"wp:attachment":[{"href":"https:\/\/hand2noteguide.com\/de\/wp-json\/wp\/v2\/media?parent=472"}],"curies":[{"name":"wp","href":"https:\/\/api.w.org\/{rel}","templated":true}]}}