{"id":4760,"date":"2021-01-21T18:03:14","date_gmt":"2021-01-21T15:03:14","guid":{"rendered":"http:\/\/hand2noteguide.com\/?page_id=4760"},"modified":"2026-03-07T08:38:59","modified_gmt":"2026-03-07T08:38:59","slug":"privacy-policy","status":"publish","type":"page","link":"https:\/\/hand2noteguide.com\/de\/privacy-policy\/","title":{"rendered":"Datenschutzerkl\u00e4rung"},"content":{"rendered":"\n<h2>1. Einf\u00fchrung<\/h2>\n<p>Diese Datenschutzerkl\u00e4rung erkl\u00e4rt, wie <strong>hand2noteguide.com<\/strong> Ihre Informationen sammelt, verwendet und sch\u00fctzt. Hand2Note Guide ist ein autorisierter Partner von <a href=\"https:\/\/hand2note.com\" target=\"_blank\" rel=\"noopener\">Hand2Note<\/a> und anderen Bildungsprodukten f\u00fcr Poker. Durch die Nutzung dieser Website stimmen Sie den hier beschriebenen Praktiken zu.<\/p>\n\n<h2>2. Erhobene personenbezogene Daten \u00fcber Formulare<\/h2>\n<p>Sie k\u00f6nnen optional ein Konto auf unserer Website erstellen. Bei der Registrierung erfassen wir ausschlie\u00dflich Ihre E-Mail-Adresse. Diese Daten werden zur Verwaltung Ihres Kontos und zur Bereitstellung des Zugangs zu unseren Diensten verwendet.<\/p>\n<p>Wenn Sie unsere Kontaktformulare (wie das Feedback-Formular, das HUD-Anfrageformular oder das Rabattanfrageformular) verwenden, k\u00f6nnen wir Ihre E-Mail-Adresse und die Informationen, die Sie in Ihrer Nachricht angeben, erfassen.<\/p>\n<p>Ihre personenbezogenen Daten werden nicht an Dritte zu Marketingzwecken verkauft oder weitergegeben.<\/p>\n\n<h2>3. Technische Daten &#038; Cookies<\/h2>\n<p>Wir verwenden <strong>Google Analytics<\/strong>, um den Website-Verkehr zu verstehen und die Benutzererfahrung zu verbessern. Google Analytics verwendet Cookies, um aggregierte, anonymisierte Daten dar\u00fcber bereitzustellen, wie Besucher mit unserer Website interagieren. F\u00fcr weitere Details siehe <a href=\"https:\/\/policies.google.com\/privacy\" target=\"_blank\" rel=\"noopener\">Googles Datenschutzerkl\u00e4rung<\/a>.<\/p>\n<p>Diese Website verwendet auch Cookies, die f\u00fcr ihre grundlegende Funktionalit\u00e4t als Teil der WordPress-Plattform erforderlich sind. Sie k\u00f6nnen Cookies in Ihren Browsereinstellungen deaktivieren, dies kann jedoch die Funktionalit\u00e4t der Website beeintr\u00e4chtigen.<\/p>\n\n<h2>4. Dienste von Drittanbietern<\/h2>\n<p>Unsere Website kann Links zu Websites von Drittanbietern enthalten, einschlie\u00dflich Affiliate-Partnern und Poker-Software-Anbietern wie Hand2Note. Wir kontrollieren die Datenschutzpraktiken dieser Websites nicht, und deren eigene Datenschutzrichtlinien gelten.<\/p>\n<p>Eingebettete Inhalte (wie YouTube-Videos oder Social-Media-Buttons) k\u00f6nnen sich so verhalten, als ob Sie die externe Website direkt besucht h\u00e4tten, und diese Dienste k\u00f6nnen Daten gem\u00e4\u00df ihren eigenen Richtlinien sammeln.<\/p>\n\n<h2>5. Datenspeicherung &#038; Sicherheit<\/h2>\n<p>\u00dcber Formulare \u00fcbermittelte Informationen werden sicher \u00fcber <strong>Gmail<\/strong> und in unserer Kundensupport-Software <strong>Front<\/strong> gespeichert, die es unserem Support-Team erm\u00f6glicht, Anfragen zu \u00fcberpr\u00fcfen und zu beantworten. Daten werden nur so lange aufbewahrt, wie es zur Bearbeitung Ihrer Anfrage erforderlich ist, danach k\u00f6nnen sie gel\u00f6scht oder anonymisiert werden.<\/p>\n<p>Wir ergreifen angemessene Ma\u00dfnahmen, um Ihre Informationen zu sch\u00fctzen und verwenden nur vertrauensw\u00fcrdige Dienste (WordPress, Gmail, Front). Allerdings kann keine \u00dcbertragungsmethode \u00fcber das Internet als vollst\u00e4ndig sicher garantiert werden.<\/p>\n\n<h2>6. Ihre Rechte<\/h2>\n<p>Sie haben das Recht, Zugang zu Ihren personenbezogenen Daten zu verlangen, diese berichtigen oder l\u00f6schen zu lassen. Um diese Rechte auszu\u00fcben, kontaktieren Sie uns unter <a href=\"mailto:support@hand2noteguide.com\">support@hand2noteguide.com<\/a>.<\/p>\n\n<h2>7. Altersbeschr\u00e4nkungen<\/h2>\n<p>Diese Website ist f\u00fcr Personen ab <strong>18 Jahren<\/strong> vorgesehen und nur dort, wo eine solche Nutzung nach anwendbarem lokalem Recht zul\u00e4ssig ist.<\/p>\n\n<h2>8. Zugeh\u00f6rige Richtlinien<\/h2>\n<p>Diese Datenschutzerkl\u00e4rung ist zusammen mit unseren <a href=\"https:\/\/hand2noteguide.com\/de\/terms-of-use\/\" target=\"_blank\" rel=\"noopener\">Nutzungsbedingungen<\/a>, unserer <a href=\"https:\/\/hand2noteguide.com\/de\/refund-policy\/\" target=\"_blank\" rel=\"noopener\">R\u00fcckerstattungsrichtlinie<\/a> und unserer <a href=\"https:\/\/hand2noteguide.com\/de\/editorial-policy\/\" target=\"_blank\" rel=\"noopener\">Redaktionsrichtlinie<\/a> zu lesen, die einen integralen Bestandteil unserer Website-Richtlinien bilden.<\/p>\n\n<h2>9. Sprachpriorit\u00e4t<\/h2>\n<p>Falls diese Datenschutzerkl\u00e4rung in andere Sprachen \u00fcbersetzt wird und es zu Abweichungen oder Unstimmigkeiten kommt, ist die <strong>englische Version<\/strong> ma\u00dfgeblich.<\/p>\n\n<h2>10. Aktualisierungen dieser Richtlinie<\/h2>\n<p>Wir k\u00f6nnen diese Datenschutzerkl\u00e4rung von Zeit zu Zeit aktualisieren. \u00c4nderungen treten sofort nach der Ver\u00f6ffentlichung auf dieser Seite in Kraft. Durch die fortgesetzte Nutzung der Website stimmen Sie der neuesten Version dieser Datenschutzerkl\u00e4rung zu.<\/p>\n\n<h2>11. Kontakt<\/h2>\n<p>F\u00fcr Fragen zu dieser Datenschutzerkl\u00e4rung kontaktieren Sie bitte: <a href=\"mailto:support@hand2noteguide.com\">support@hand2noteguide.com<\/a><\/p>\n","protected":false},"excerpt":{"rendered":"<p>1. Einf\u00fchrung Diese Datenschutzerkl\u00e4rung erkl\u00e4rt, wie hand2noteguide.com Ihre Informationen sammelt, verwendet und sch\u00fctzt. Hand2Note Guide ist ein autorisierter Partner von Hand2Note und anderen Bildungsprodukten f\u00fcr Poker. Durch die Nutzung dieser Website stimmen Sie den hier beschriebenen Praktiken zu. 2. Erhobene personenbezogene Daten \u00fcber Formulare Sie k\u00f6nnen optional ein Konto auf unserer Website erstellen. Bei der &hellip; <a href=\"https:\/\/hand2noteguide.com\/de\/privacy-policy\/\" class=\"more-link\">Continue reading <span class=\"screen-reader-text\">Datenschutzerkl\u00e4rung<\/span><\/a><\/p>\n","protected":false},"author":1,"featured_media":0,"parent":0,"menu_order":0,"comment_status":"closed","ping_status":"closed","template":"page-templates\/full-width-page.php","meta":{"footnotes":""},"class_list":["post-4760","page","type-page","status-publish","hentry"],"translation":{"provider":"WPGlobus","version":"3.0.2","language":"de","enabled_languages":["en","ru","pt","zh","es","fr","de","it","ja"],"languages":{"en":{"title":true,"content":true,"excerpt":false},"ru":{"title":true,"content":true,"excerpt":false},"pt":{"title":true,"content":true,"excerpt":false},"zh":{"title":true,"content":true,"excerpt":false},"es":{"title":true,"content":true,"excerpt":false},"fr":{"title":true,"content":true,"excerpt":false},"de":{"title":true,"content":true,"excerpt":false},"it":{"title":true,"content":true,"excerpt":false},"ja":{"title":true,"content":true,"excerpt":false}}},"yoast_head":"<!-- This site is optimized with the Yoast SEO plugin v27.0 - https:\/\/yoast.com\/product\/yoast-seo-wordpress\/ -->\n<title>Datenschutzerkl\u00e4rung | Hand2Note Guide<\/title>\n<meta name=\"description\" content=\"Erfahren Sie, wie Hand2Note Guide Ihre Daten sammelt, verwendet und sch\u00fctzt. Verstehen Sie Ihre Datenschutzrechte und wie unsere Richtlinie Ihre pers\u00f6nlichen Informationen sch\u00fctzt.\" \/>\n<meta name=\"robots\" content=\"index, follow, max-snippet:-1, max-image-preview:large, max-video-preview:-1\" \/>\n<link rel=\"canonical\" href=\"https:\/\/hand2noteguide.com\/privacy-policy\/\" \/>\n<meta property=\"og:locale\" content=\"de_DE\" \/>\n<meta property=\"og:type\" content=\"article\" \/>\n<meta property=\"og:title\" content=\"Datenschutzerkl\u00e4rung | Hand2Note Guide\" \/>\n<meta property=\"og:description\" content=\"Erfahren Sie, wie Hand2Note Guide Ihre Daten sammelt, verwendet und sch\u00fctzt. Verstehen Sie Ihre Datenschutzrechte und wie unsere Richtlinie Ihre pers\u00f6nlichen Informationen sch\u00fctzt.\" \/>\n<meta property=\"og:url\" content=\"https:\/\/hand2noteguide.com\/privacy-policy\/\" \/>\n<meta property=\"og:site_name\" content=\"Hand2Note Guide\" \/>\n<meta property=\"article:modified_time\" content=\"2026-03-07T08:38:59+00:00\" \/>\n<meta name=\"twitter:card\" content=\"summary_large_image\" \/>\n<meta name=\"twitter:label1\" content=\"Est. reading time\" \/>\n\t<meta name=\"twitter:data1\" content=\"3 minutes\" \/>\n<!-- \/ Yoast SEO plugin. -->","yoast_head_json":{"title":"Datenschutzerkl\u00e4rung | Hand2Note Guide","description":"Erfahren Sie, wie Hand2Note Guide Ihre Daten sammelt, verwendet und sch\u00fctzt. Verstehen Sie Ihre Datenschutzrechte und wie unsere Richtlinie Ihre pers\u00f6nlichen Informationen sch\u00fctzt.","robots":{"index":"index","follow":"follow","max-snippet":"max-snippet:-1","max-image-preview":"max-image-preview:large","max-video-preview":"max-video-preview:-1"},"canonical":"https:\/\/hand2noteguide.com\/privacy-policy\/","og_locale":"de_DE","og_type":"article","og_title":"Datenschutzerkl\u00e4rung | Hand2Note Guide","og_description":"Erfahren Sie, wie Hand2Note Guide Ihre Daten sammelt, verwendet und sch\u00fctzt. Verstehen Sie Ihre Datenschutzrechte und wie unsere Richtlinie Ihre pers\u00f6nlichen Informationen sch\u00fctzt.","og_url":"https:\/\/hand2noteguide.com\/privacy-policy\/","og_site_name":"Hand2Note Guide","article_modified_time":"2026-03-07T08:38:59+00:00","twitter_card":"summary_large_image","twitter_misc":{"Est. reading time":"3 minutes"},"schema":{"@context":"https:\/\/schema.org","@graph":[]}},"jetpack_sharing_enabled":true,"_links":{"self":[{"href":"https:\/\/hand2noteguide.com\/de\/wp-json\/wp\/v2\/pages\/4760","targetHints":{"allow":["GET"]}}],"collection":[{"href":"https:\/\/hand2noteguide.com\/de\/wp-json\/wp\/v2\/pages"}],"about":[{"href":"https:\/\/hand2noteguide.com\/de\/wp-json\/wp\/v2\/types\/page"}],"author":[{"embeddable":true,"href":"https:\/\/hand2noteguide.com\/de\/wp-json\/wp\/v2\/users\/1"}],"replies":[{"embeddable":true,"href":"https:\/\/hand2noteguide.com\/de\/wp-json\/wp\/v2\/comments?post=4760"}],"version-history":[{"count":39,"href":"https:\/\/hand2noteguide.com\/de\/wp-json\/wp\/v2\/pages\/4760\/revisions"}],"predecessor-version":[{"id":15249,"href":"https:\/\/hand2noteguide.com\/de\/wp-json\/wp\/v2\/pages\/4760\/revisions\/15249"}],"wp:attachment":[{"href":"https:\/\/hand2noteguide.com\/de\/wp-json\/wp\/v2\/media?parent=4760"}],"curies":[{"name":"wp","href":"https:\/\/api.w.org\/{rel}","templated":true}]}}