{"id":4773,"date":"2021-01-22T14:11:19","date_gmt":"2021-01-22T11:11:19","guid":{"rendered":"http:\/\/hand2noteguide.com\/?page_id=4773"},"modified":"2026-03-07T08:29:42","modified_gmt":"2026-03-07T08:29:42","slug":"terms-of-use","status":"publish","type":"page","link":"https:\/\/hand2noteguide.com\/de\/terms-of-use\/","title":{"rendered":"Nutzungsbedingungen"},"content":{"rendered":"\n<h2>1. Nutzung des Inhalts<\/h2>\n<p>Der Inhalt dieser Seite wird ausschlie\u00dflich zu <strong>Bildungs- und Informationszwecken<\/strong> bereitgestellt. Wir garantieren keine spezifischen Ergebnisse im Online-Poker oder verwandten Aktivit\u00e4ten.<\/p>\n<p>Die Benutzer sind allein daf\u00fcr verantwortlich, sicherzustellen, dass die Nutzung von HUDs oder jeglicher Drittanbieter-Software den Regeln ihrer jeweiligen Poker-R\u00e4ume entspricht. Hand2Note Guide \u00fcbernimmt keine Haftung f\u00fcr Verst\u00f6\u00dfe gegen die Regeln von Drittanbieter-Plattformen.<\/p>\n<p>Alle Materialien auf dieser Seite sind ausschlie\u00dflich f\u00fcr den <strong>pers\u00f6nlichen Gebrauch<\/strong> bestimmt. Das Kopieren, Verteilen oder die Nutzung unserer Inhalte f\u00fcr kommerzielle Zwecke ohne vorherige schriftliche Zustimmung ist strengstens untersagt.<\/p>\n\n<h2>2. Benutzerverhalten<\/h2>\n<p>Durch die Nutzung dieser Website stimmen Sie zu, Folgendes zu unterlassen:<\/p>\n<ul>\n  <li>Teilnahme an rechtswidrigen Aktivit\u00e4ten,<\/li>\n  <li>Versuch, zu hacken, Spam zu versenden oder b\u00f6sartigen Code hochzuladen,<\/li>\n  <li>die Nutzung der Seite oder ihrer Inhalte f\u00fcr kommerzielle Zwecke ohne Erlaubnis.<\/li>\n<\/ul>\n<p>Diese Seite ist f\u00fcr Personen ab <strong>18 Jahren<\/strong> bestimmt und nur dort, wo eine solche Nutzung nach anwendbarem lokalem Recht zul\u00e4ssig ist.<\/p>\n\n<h2>3. Beendigung des Zugangs<\/h2>\n<p>Wir behalten uns das Recht vor, nach eigenem Ermessen den Zugang zu dieser Website (ganz oder teilweise) einzuschr\u00e4nken, auszusetzen oder zu beenden, wenn wir vern\u00fcnftigerweise davon ausgehen, dass ein Nutzer gegen diese Bedingungen, geltendes Recht oder die Sicherheit und Integrit\u00e4t der Website versto\u00dfen hat.<\/p>\n\n<h2>4. Affiliate-Links und externe K\u00e4ufe<\/h2>\n<p>Hand2Note Guide verkauft keine Produkte oder Dienstleistungen direkt auf dieser Website. Alle K\u00e4ufe werden ausschlie\u00dflich \u00fcber <strong>Drittanbieter-Websites<\/strong> abgewickelt.<\/p>\n<p>Hand2Note Guide kann Affiliate-Links enthalten. Das bedeutet, dass wir eine Provision erhalten k\u00f6nnen, wenn Sie auf solche Links klicken und einen Kauf t\u00e4tigen. Die Nutzung von Affiliate-Links beeinflusst nicht unsere redaktionelle Unabh\u00e4ngigkeit, und alle Empfehlungen basieren auf unseren eigenen Erfahrungen.<\/p>\n<p>Wir bem\u00fchen uns, Promotionen und Informationen genau und aktuell zu halten; jedoch k\u00f6nnen wir nicht die vollst\u00e4ndige Genauigkeit von Preisen, Verf\u00fcgbarkeit oder Rabattcodes zu jeder Zeit garantieren. Die endg\u00fcltigen Bedingungen, Preise und Konditionen werden ausschlie\u00dflich von der jeweiligen Drittanbieter-Website bestimmt.<\/p>\n<p>F\u00fcr Informationen \u00fcber die Hand2Note-Software im Speziellen, \u00fcberpr\u00fcfen Sie bitte die offiziellen Bedingungen unter <a href=\"https:\/\/hand2note.com\" target=\"_blank\" rel=\"noopener\">hand2note.com<\/a>.<\/p>\n\n<h2>5. Haftungsausschluss und Haftungsbeschr\u00e4nkung<\/h2>\n<p>Die Website und ihre Inhalte werden <strong>\u201ewie besehen\u201c<\/strong> ohne jegliche ausdr\u00fcckliche oder stillschweigende Garantien bereitgestellt.<\/p>\n<p>Hand2Note Guide gibt keine Garantien bez\u00fcglich der Genauigkeit, Vollst\u00e4ndigkeit oder Zuverl\u00e4ssigkeit der bereitgestellten Informationen. Ihre Nutzung der Seite und das Vertrauen auf deren Inhalt erfolgt auf eigenes Risiko.<\/p>\n<p>Soweit nach geltendem Recht maximal zul\u00e4ssig, sind wir <strong>nicht verantwortlich f\u00fcr finanzielle Verluste, Sch\u00e4den oder Entscheidungen<\/strong>, die Sie im Zusammenhang mit Online-Poker oder der Nutzung von Drittanbieter-Software treffen.<\/p>\n<p>Hand2Note Guide bietet keine Echtgeld-Gl\u00fccksspieldienste an und ist kein Online-Gl\u00fccksspielbetreiber.<\/p>\n\n<h2>6. Anwendbares Recht und Streitbeilegung<\/h2>\n<p>Diese Bedingungen unterliegen den geltenden Gesetzen. Im Falle eines Streits wird die zust\u00e4ndige Gerichtsbarkeit durch den Wohnsitz des Website-Besitzers bestimmt.<\/p>\n<p>Bevor Sie formelle Verfahren einleiten, stimmen Sie zu, zu versuchen, jeden Streit informell zu l\u00f6sen, indem Sie uns unter <a href=\"mailto:support@hand2noteguide.com\">support@hand2noteguide.com<\/a> kontaktieren.<\/p>\n\n<h2>7. Zugeh\u00f6rige Richtlinien<\/h2>\n<p>Diese Bedingungen sind zusammen mit unserer <a href=\"https:\/\/hand2noteguide.com\/de\/privacy-policy\/\" target=\"_blank\" rel=\"noopener\">Datenschutzerkl\u00e4rung<\/a>, unserer <a href=\"https:\/\/hand2noteguide.com\/de\/refund-policy\/\" target=\"_blank\" rel=\"noopener\">R\u00fcckerstattungsrichtlinie<\/a> und unserer <a href=\"https:\/\/hand2noteguide.com\/de\/editorial-policy\/\" target=\"_blank\" rel=\"noopener\">Redaktionsrichtlinie<\/a> zu lesen, die einen integralen Bestandteil unserer Website-Richtlinien bilden.<\/p>\n\n<h2>8. Sprachpriorit\u00e4t<\/h2>\n<p>Falls diese Bedingungen in andere Sprachen \u00fcbersetzt werden und es zu Abweichungen oder Unstimmigkeiten kommt, ist die <strong>englische Version<\/strong> ma\u00dfgeblich.<\/p>\n\n<h2>9. Aktualisierungen der Bedingungen<\/h2>\n<p>Wir k\u00f6nnen diese Bedingungen von Zeit zu Zeit aktualisieren. Alle \u00c4nderungen werden sofort nach der Ver\u00f6ffentlichung auf dieser Seite wirksam.<\/p>\n<p>Durch die fortgesetzte Nutzung der Website stimmen Sie zu, an die neueste Version dieser Bedingungen gebunden zu sein.<\/p>\n\n\n<h2>10. Kontakt<\/h2>\n<p>F\u00fcr Fragen zu diesen Bedingungen kontaktieren Sie bitte: <a href=\"mailto:support@hand2noteguide.com\">support@hand2noteguide.com<\/a><\/p>\n","protected":false},"excerpt":{"rendered":"<p>1. Nutzung des Inhalts Der Inhalt dieser Seite wird ausschlie\u00dflich zu Bildungs- und Informationszwecken bereitgestellt. Wir garantieren keine spezifischen Ergebnisse im Online-Poker oder verwandten Aktivit\u00e4ten. Die Benutzer sind allein daf\u00fcr verantwortlich, sicherzustellen, dass die Nutzung von HUDs oder jeglicher Drittanbieter-Software den Regeln ihrer jeweiligen Poker-R\u00e4ume entspricht. Hand2Note Guide \u00fcbernimmt keine Haftung f\u00fcr Verst\u00f6\u00dfe gegen die &hellip; <a href=\"https:\/\/hand2noteguide.com\/de\/terms-of-use\/\" class=\"more-link\">Continue reading <span class=\"screen-reader-text\">Nutzungsbedingungen<\/span><\/a><\/p>\n","protected":false},"author":1,"featured_media":0,"parent":0,"menu_order":0,"comment_status":"closed","ping_status":"closed","template":"page-templates\/full-width-page.php","meta":{"footnotes":""},"class_list":["post-4773","page","type-page","status-publish","hentry"],"translation":{"provider":"WPGlobus","version":"3.0.2","language":"de","enabled_languages":["en","ru","pt","zh","es","fr","de","it","ja"],"languages":{"en":{"title":true,"content":true,"excerpt":false},"ru":{"title":true,"content":true,"excerpt":false},"pt":{"title":true,"content":true,"excerpt":false},"zh":{"title":true,"content":true,"excerpt":false},"es":{"title":true,"content":true,"excerpt":false},"fr":{"title":true,"content":true,"excerpt":false},"de":{"title":true,"content":true,"excerpt":false},"it":{"title":true,"content":true,"excerpt":false},"ja":{"title":true,"content":true,"excerpt":false}}},"yoast_head":"<!-- This site is optimized with the Yoast SEO plugin v27.0 - https:\/\/yoast.com\/product\/yoast-seo-wordpress\/ -->\n<title>Nutzungsbedingungen | Hand2Note Guide<\/title>\n<meta name=\"description\" content=\"Entdecken Sie die wichtigsten Bedingungen f\u00fcr die Nutzung von Hand2Note Guide. Verstehen Sie Ihre Rechte und Pflichten f\u00fcr ein reibungsloses Erlebnis mit unserem Service.\" \/>\n<meta name=\"robots\" content=\"index, follow, max-snippet:-1, max-image-preview:large, max-video-preview:-1\" \/>\n<link rel=\"canonical\" href=\"https:\/\/hand2noteguide.com\/terms-of-use\/\" \/>\n<meta property=\"og:locale\" content=\"de_DE\" \/>\n<meta property=\"og:type\" content=\"article\" \/>\n<meta property=\"og:title\" content=\"Nutzungsbedingungen | Hand2Note Guide\" \/>\n<meta property=\"og:description\" content=\"Entdecken Sie die wichtigsten Bedingungen f\u00fcr die Nutzung von Hand2Note Guide. Verstehen Sie Ihre Rechte und Pflichten f\u00fcr ein reibungsloses Erlebnis mit unserem Service.\" \/>\n<meta property=\"og:url\" content=\"https:\/\/hand2noteguide.com\/terms-of-use\/\" \/>\n<meta property=\"og:site_name\" content=\"Hand2Note Guide\" \/>\n<meta property=\"article:modified_time\" content=\"2026-03-07T08:29:42+00:00\" \/>\n<meta name=\"twitter:card\" content=\"summary_large_image\" \/>\n<meta name=\"twitter:label1\" content=\"Est. reading time\" \/>\n\t<meta name=\"twitter:data1\" content=\"3 minutes\" \/>\n<!-- \/ Yoast SEO plugin. -->","yoast_head_json":{"title":"Nutzungsbedingungen | Hand2Note Guide","description":"Entdecken Sie die wichtigsten Bedingungen f\u00fcr die Nutzung von Hand2Note Guide. Verstehen Sie Ihre Rechte und Pflichten f\u00fcr ein reibungsloses Erlebnis mit unserem Service.","robots":{"index":"index","follow":"follow","max-snippet":"max-snippet:-1","max-image-preview":"max-image-preview:large","max-video-preview":"max-video-preview:-1"},"canonical":"https:\/\/hand2noteguide.com\/terms-of-use\/","og_locale":"de_DE","og_type":"article","og_title":"Nutzungsbedingungen | Hand2Note Guide","og_description":"Entdecken Sie die wichtigsten Bedingungen f\u00fcr die Nutzung von Hand2Note Guide. Verstehen Sie Ihre Rechte und Pflichten f\u00fcr ein reibungsloses Erlebnis mit unserem Service.","og_url":"https:\/\/hand2noteguide.com\/terms-of-use\/","og_site_name":"Hand2Note Guide","article_modified_time":"2026-03-07T08:29:42+00:00","twitter_card":"summary_large_image","twitter_misc":{"Est. reading time":"3 minutes"},"schema":{"@context":"https:\/\/schema.org","@graph":[]}},"jetpack_sharing_enabled":true,"_links":{"self":[{"href":"https:\/\/hand2noteguide.com\/de\/wp-json\/wp\/v2\/pages\/4773","targetHints":{"allow":["GET"]}}],"collection":[{"href":"https:\/\/hand2noteguide.com\/de\/wp-json\/wp\/v2\/pages"}],"about":[{"href":"https:\/\/hand2noteguide.com\/de\/wp-json\/wp\/v2\/types\/page"}],"author":[{"embeddable":true,"href":"https:\/\/hand2noteguide.com\/de\/wp-json\/wp\/v2\/users\/1"}],"replies":[{"embeddable":true,"href":"https:\/\/hand2noteguide.com\/de\/wp-json\/wp\/v2\/comments?post=4773"}],"version-history":[{"count":33,"href":"https:\/\/hand2noteguide.com\/de\/wp-json\/wp\/v2\/pages\/4773\/revisions"}],"predecessor-version":[{"id":15250,"href":"https:\/\/hand2noteguide.com\/de\/wp-json\/wp\/v2\/pages\/4773\/revisions\/15250"}],"wp:attachment":[{"href":"https:\/\/hand2noteguide.com\/de\/wp-json\/wp\/v2\/media?parent=4773"}],"curies":[{"name":"wp","href":"https:\/\/api.w.org\/{rel}","templated":true}]}}