{"id":4885,"date":"2021-03-21T13:02:23","date_gmt":"2021-03-21T10:02:23","guid":{"rendered":"http:\/\/hand2noteguide.com\/?page_id=4885"},"modified":"2025-06-04T16:31:43","modified_gmt":"2025-06-04T13:31:43","slug":"ggpoker-hh","status":"publish","type":"page","link":"https:\/\/hand2noteguide.com\/de\/ggpoker-hh\/","title":{"rendered":"Verwenden Sie Hand2Note mit GGPoker"},"content":{"rendered":"\n<p>HUD ist im GGPoker-Netzwerk nicht erlaubt, aber Sie k\u00f6nnen dennoch <a aria-label=\"undefined (opens in a new tab)\" href=\"https:\/\/hand2note.com\/\" target=\"_blank\" rel=\"noreferrer noopener\">Hand2Note<\/a> verwenden, um Ihr eigenes Spiel zu analysieren und die <a href=\"https:\/\/hand2noteguide.com\/de\/guide\/range-research\/\">Poolforschung<\/a> durchzuf\u00fchren. Befolgen Sie die folgenden Schritte, um Ihre H\u00e4nde in Hand2Note zu bekommen und mit Ihrer Datenbank zu arbeiten.<\/p>\n\n\n\n<h2 class=\"wp-block-heading\">1. Handverl\u00e4ufe erhalten<\/h2>\n\n\n\n<p>Laden Sie zun\u00e4chst Ihre Handverlauf-Dateien von PokerCraft herunter.<\/p>\n\n\n\n<div class=\"green-block\">\n<p>Eine weitere Option ist der <a style=\"font-weight:600 !important\" target=\"_blank\" href=\"https:\/\/handhistorypoker.com\/\" rel=\"noopener\">Kauf von GGpoker-Handverl\u00e4ufen<\/a> von unserem Partner HisHands. Durch den Kauf von Handverl\u00e4ufen erhalten Sie <span style=\"font-weight:600\">vollst\u00e4ndigere Daten<\/span>. Sie k\u00f6nnen nicht nur Ihr Spiel im Detail analysieren, sondern auch <span style=\"font-weight:600\">die Schw\u00e4chen Ihrer Gegner finden<\/span>.<\/p>\n<p style=\"margin-bottom:0\">Verwenden Sie den Code <span style=\"font-weight:600\">H2NGG<\/span>, um einen Rabatt auf Ihre erste Bestellung zu erhalten.<\/p>\n<\/div>\n\n\n\n<h2 class=\"wp-block-heading\">2. Konvertieren<\/h2>\n\n\n\n<p style=\"margin-bottom:6px\">W\u00e4hlen Sie Ihre <a href=\"https:\/\/hand2note.com\/#start\" target=\"_blank\" rel=\"noopener\">Hand2Note-Version<\/a>:<\/p>\n\n\n<div class=\"responsive-tabs\">\n<h2 class=\"tabtitle\">Hand2Note 3<\/h2>\n<div class=\"tabcontent\">\n\n\n\n\n<p>Hand2Note 3 unterst\u00fctzt GGpoker-Handverl\u00e4ufe nicht nativ. Daher m\u00fcssen Sie Ihre H\u00e4nde in ein unterst\u00fctztes Format konvertieren.<\/p>\n\n\n\n<div class=\"wpcf7 no-js\" id=\"wpcf7-f8612-o1\" lang=\"en-US\" dir=\"ltr\" data-wpcf7-id=\"8612\">\n<div class=\"screen-reader-response\"><p role=\"status\" aria-live=\"polite\" aria-atomic=\"true\"><\/p> <ul><\/ul><\/div>\n<form action=\"\/de\/wp-json\/wp\/v2\/pages\/4885#wpcf7-f8612-o1\" method=\"post\" class=\"wpcf7-form init\" aria-label=\"Contact form\" novalidate=\"novalidate\" data-status=\"init\">\n<fieldset class=\"hidden-fields-container\"><input type=\"hidden\" name=\"_wpcf7\" value=\"8612\" \/><input type=\"hidden\" name=\"_wpcf7_version\" value=\"6.1.5\" \/><input type=\"hidden\" name=\"_wpcf7_locale\" value=\"en_US\" \/><input type=\"hidden\" name=\"_wpcf7_unit_tag\" value=\"wpcf7-f8612-o1\" \/><input type=\"hidden\" name=\"_wpcf7_container_post\" value=\"0\" \/><input type=\"hidden\" name=\"_wpcf7_posted_data_hash\" value=\"\" \/><input type=\"hidden\" name=\"_wpcf7_recaptcha_response\" value=\"\" \/>\n<\/fieldset>\n<p class=\"newsletter-title\" style=\"color:#606060; margin-top:14px\">Download Hand2Note GGPoker Converter\n<\/p>\n<p style=\"margin-bottom:0\">Enter your email and we'll send you download link along with the using instructions.\n<\/p>\n<p><br \/>\n<label> Your email<br \/>\n<span class=\"wpcf7-form-control-wrap\" data-name=\"your-email\"><input size=\"40\" maxlength=\"400\" class=\"wpcf7-form-control wpcf7-email wpcf7-validates-as-required wpcf7-text wpcf7-validates-as-email\" autocomplete=\"email\" aria-required=\"true\" aria-invalid=\"false\" value=\"\" type=\"email\" name=\"your-email\" \/><\/span> <\/label>\n<\/p>\n<p style=\"margin-bottom:14px\"><input class=\"wpcf7-form-control wpcf7-submit has-spinner\" type=\"submit\" value=\"Get the converter\" \/>\n<\/p><div class=\"wpcf7-response-output\" aria-hidden=\"true\"><\/div>\n<\/form>\n<\/div>\n\n\n\n\n<figure class=\"wp-block-image size-large\"><img loading=\"lazy\" decoding=\"async\" width=\"1024\" height=\"586\" src=\"http:\/\/hand2noteguide.com\/wp-content\/uploads\/2024\/10\/ggpoker-converter-new-1-min-1024x586.png\" alt=\"Hand2Note GGpoker Converter\" class=\"wp-image-8626\" srcset=\"https:\/\/hand2noteguide.com\/wp-content\/uploads\/2024\/10\/ggpoker-converter-new-1-min-1024x586.png 1024w, https:\/\/hand2noteguide.com\/wp-content\/uploads\/2024\/10\/ggpoker-converter-new-1-min-300x172.png 300w, https:\/\/hand2noteguide.com\/wp-content\/uploads\/2024\/10\/ggpoker-converter-new-1-min-768x440.png 768w, https:\/\/hand2noteguide.com\/wp-content\/uploads\/2024\/10\/ggpoker-converter-new-1-min-772x442.png 772w, https:\/\/hand2noteguide.com\/wp-content\/uploads\/2024\/10\/ggpoker-converter-new-1-min-624x357.png 624w, https:\/\/hand2noteguide.com\/wp-content\/uploads\/2024\/10\/ggpoker-converter-new-1-min.png 1534w\" sizes=\"auto, (max-width: 1024px) 100vw, 1024px\" \/><\/figure>\n\n\n\n<ul class=\"wp-block-list\">\n<li>Bevor Sie den Konverter verwenden, legen Sie alle Ihre Handverlauf-.txt-Dateien in einem bestimmten Ordner ab.<\/li>\n\n\n\n<li>Geben Sie im Feld &#8220;Hand History folder&#8221; Ihren Ordner mit den Handverl\u00e4ufen an.<\/li>\n\n\n\n<li>Geben Sie im Feld &#8220;Export to&#8221; den Ordner an, in dem Sie die konvertierten H\u00e4nde speichern m\u00f6chten.<\/li>\n\n\n\n<li>Klicken Sie auf die Schaltfl\u00e4che &#8220;Start&#8221; und warten Sie, bis der Konvertierungsprozess abgeschlossen ist.<\/li>\n<\/ul>\n\n\n\n<p>Fertig! Jetzt k\u00f6nnen Sie die konvertierten Handverl\u00e4ufe in Hand2Note 3 hochladen.<\/p>\n\n\n\n<\/div><h2 class=\"tabtitle\">Hand2Note 4<\/h2>\n<div class=\"tabcontent\">\n\n\n\n\n<p style=\"font-weight:600;font-size: 18px\">Keine Konvertierung n\u00f6tig!<\/p>\n<p>In der neuen <a style=\"font-weight:600!important\" href=\"https:\/\/hand2noteguide.com\/de\/hand2note-4-getting-started\/\">Hand2Note 4 Beta<\/a> werden GGpoker-Handverl\u00e4ufe nativ unterst\u00fctzt. Sie ben\u00f6tigen den Konverter also nicht mehr.<\/p>\n\n\n<\/div><\/div>\n\n\n\n<h2 style=\"margin-top:40px\">3. Importieren und analysieren<\/h2>\n\n\n\n<p>Befolgen Sie unsere kurzen Anleitungen, um Ihre konvertierten H\u00e4nde von GGPoker in Hand2Note zu importieren und Ihre Poker-Datenbank effizient zu analysieren.<\/p>\n\n\n\n<div class=\"custom-post-preview\" style=\"margin-bottom:15px\">\n\t<div class=\"custom-preview-left-image\"><a href=\"\/de\/ggpoker-import\/\"><img decoding=\"async\" class=\"no-lightbox\" src=\"https:\/\/hand2noteguide.com\/wp-content\/uploads\/2022\/04\/image-8.png\"><\/a><\/div>\n\t<div class=\"custom-preview-right-content\">\n\t\t<p style=\"margin-top: 6px\"><a href=\"\/de\/ggpoker-import\/\" style=\"font-size:18px;font-weight:600 !important\">Wie man GGpoker-H\u00e4nde in Hand2Note importiert<\/a><\/p>\n\t\t<p style=\"font-size: 16px;margin-bottom: 10px\">In diesem Artikel werden wir Schritt f\u00fcr Schritt betrachten, wie man Poker-Handverl\u00e4ufe vom GG-Netzwerk in Hand2Note importiert&#8230; <a href=\"\/de\/ggpoker-import\/\">Mehr lesen \u2192<\/a><\/p>\n\t<\/div>\n<\/div>\n\n\n\n<div class=\"custom-post-preview\" style=\"clear:both\">\n\t<div class=\"custom-preview-left-image\"><a href=\"\/de\/ggpoker-analyze\/\"><img decoding=\"async\" class=\"no-lightbox\" src=\"https:\/\/hand2noteguide.com\/wp-content\/uploads\/2022\/04\/image-11.png\"><\/a><\/div>\n\t<div class=\"custom-preview-right-content\">\n\t\t<p style=\"margin-top: 6px\"><a href=\"\/de\/ggpoker-analyze\/\" style=\"font-size:18px;font-weight:600 !important\">GGPoker-Analyse in Hand2Note<\/a><\/p>\n\t\t<p style=\"font-size: 16px;margin-bottom: 10px\">Die Handverl\u00e4ufe aus den GG-Netzwerk-R\u00e4umen sind anonym, aber Sie k\u00f6nnen dennoch alle erstaunlichen H2N-Analysefunktionen nutzen, um Ihr Spiel aus allen m\u00f6glichen Blickwinkeln zu betrachten&#8230; <a href=\"\/de\/ggpoker-analyze\/\">Mehr lesen \u2192<\/a><\/p>\n\t<\/div>\n<\/div>\n<div style=\"clear:both\"><\/div>\n","protected":false},"excerpt":{"rendered":"<p>HUD ist im GGPoker-Netzwerk nicht erlaubt, aber Sie k\u00f6nnen dennoch Hand2Note verwenden, um Ihr eigenes Spiel zu analysieren und die Poolforschung durchzuf\u00fchren. Befolgen Sie die folgenden Schritte, um Ihre H\u00e4nde in Hand2Note zu bekommen und mit Ihrer Datenbank zu arbeiten. 1. Handverl\u00e4ufe erhalten Laden Sie zun\u00e4chst Ihre Handverlauf-Dateien von PokerCraft herunter. Eine weitere Option ist &hellip; <a href=\"https:\/\/hand2noteguide.com\/de\/ggpoker-hh\/\" class=\"more-link\">Continue reading <span class=\"screen-reader-text\">Verwenden Sie Hand2Note mit GGPoker<\/span><\/a><\/p>\n","protected":false},"author":1,"featured_media":0,"parent":0,"menu_order":0,"comment_status":"closed","ping_status":"closed","template":"page-templates\/full-width-page.php","meta":{"footnotes":""},"class_list":["post-4885","page","type-page","status-publish","hentry"],"translation":{"provider":"WPGlobus","version":"3.0.2","language":"de","enabled_languages":["en","ru","pt","zh","es","fr","de","it","ja"],"languages":{"en":{"title":true,"content":true,"excerpt":false},"ru":{"title":true,"content":true,"excerpt":false},"pt":{"title":true,"content":true,"excerpt":false},"zh":{"title":true,"content":true,"excerpt":false},"es":{"title":true,"content":true,"excerpt":false},"fr":{"title":true,"content":true,"excerpt":false},"de":{"title":true,"content":true,"excerpt":false},"it":{"title":true,"content":true,"excerpt":false},"ja":{"title":true,"content":true,"excerpt":false}}},"yoast_head":"<!-- This site is optimized with the Yoast SEO plugin v27.0 - https:\/\/yoast.com\/product\/yoast-seo-wordpress\/ -->\n<title>Verwenden Sie Hand2Note mit GGPoker \u2013 Konvertieren &amp; Analysieren Sie Ihre H\u00e4nde<\/title>\n<meta name=\"description\" content=\"HUDs sind bei GGPoker nicht erlaubt, aber Sie k\u00f6nnen Ihr Spiel dennoch mit Hand2Note analysieren. Erfahren Sie, wie Sie GGPoker-H\u00e4nde Schritt f\u00fcr Schritt konvertieren, importieren und studieren k\u00f6nnen.\" \/>\n<meta name=\"robots\" content=\"index, follow, max-snippet:-1, max-image-preview:large, max-video-preview:-1\" \/>\n<link rel=\"canonical\" href=\"https:\/\/hand2noteguide.com\/ggpoker-hh\/\" \/>\n<meta property=\"og:locale\" content=\"de_DE\" \/>\n<meta property=\"og:type\" content=\"article\" \/>\n<meta property=\"og:title\" content=\"Verwenden Sie Hand2Note mit GGPoker \u2013 Konvertieren &amp; Analysieren Sie Ihre H\u00e4nde\" \/>\n<meta property=\"og:description\" content=\"HUDs sind bei GGPoker nicht erlaubt, aber Sie k\u00f6nnen Ihr Spiel dennoch mit Hand2Note analysieren. Erfahren Sie, wie Sie GGPoker-H\u00e4nde Schritt f\u00fcr Schritt konvertieren, importieren und studieren k\u00f6nnen.\" \/>\n<meta property=\"og:url\" content=\"https:\/\/hand2noteguide.com\/ggpoker-hh\/\" \/>\n<meta property=\"og:site_name\" content=\"Hand2Note Guide\" \/>\n<meta property=\"article:modified_time\" content=\"2025-06-04T13:31:43+00:00\" \/>\n<meta property=\"og:image\" content=\"http:\/\/hand2noteguide.com\/wp-content\/uploads\/2024\/10\/ggpoker-converter-new-1-min-1024x586.png\" \/>\n<meta name=\"twitter:card\" content=\"summary_large_image\" \/>\n<meta name=\"twitter:label1\" content=\"Est. reading time\" \/>\n\t<meta name=\"twitter:data1\" content=\"12 minutes\" \/>\n<!-- \/ Yoast SEO plugin. -->","yoast_head_json":{"title":"Verwenden Sie Hand2Note mit GGPoker \u2013 Konvertieren & Analysieren Sie Ihre H\u00e4nde","description":"HUDs sind bei GGPoker nicht erlaubt, aber Sie k\u00f6nnen Ihr Spiel dennoch mit Hand2Note analysieren. Erfahren Sie, wie Sie GGPoker-H\u00e4nde Schritt f\u00fcr Schritt konvertieren, importieren und studieren k\u00f6nnen.","robots":{"index":"index","follow":"follow","max-snippet":"max-snippet:-1","max-image-preview":"max-image-preview:large","max-video-preview":"max-video-preview:-1"},"canonical":"https:\/\/hand2noteguide.com\/ggpoker-hh\/","og_locale":"de_DE","og_type":"article","og_title":"Verwenden Sie Hand2Note mit GGPoker \u2013 Konvertieren & Analysieren Sie Ihre H\u00e4nde","og_description":"HUDs sind bei GGPoker nicht erlaubt, aber Sie k\u00f6nnen Ihr Spiel dennoch mit Hand2Note analysieren. Erfahren Sie, wie Sie GGPoker-H\u00e4nde Schritt f\u00fcr Schritt konvertieren, importieren und studieren k\u00f6nnen.","og_url":"https:\/\/hand2noteguide.com\/ggpoker-hh\/","og_site_name":"Hand2Note Guide","article_modified_time":"2025-06-04T13:31:43+00:00","og_image":[{"url":"http:\/\/hand2noteguide.com\/wp-content\/uploads\/2024\/10\/ggpoker-converter-new-1-min-1024x586.png","type":"","width":"","height":""}],"twitter_card":"summary_large_image","twitter_misc":{"Est. reading time":"12 minutes"},"schema":{"@context":"https:\/\/schema.org","@graph":[]}},"jetpack_sharing_enabled":true,"_links":{"self":[{"href":"https:\/\/hand2noteguide.com\/de\/wp-json\/wp\/v2\/pages\/4885","targetHints":{"allow":["GET"]}}],"collection":[{"href":"https:\/\/hand2noteguide.com\/de\/wp-json\/wp\/v2\/pages"}],"about":[{"href":"https:\/\/hand2noteguide.com\/de\/wp-json\/wp\/v2\/types\/page"}],"author":[{"embeddable":true,"href":"https:\/\/hand2noteguide.com\/de\/wp-json\/wp\/v2\/users\/1"}],"replies":[{"embeddable":true,"href":"https:\/\/hand2noteguide.com\/de\/wp-json\/wp\/v2\/comments?post=4885"}],"version-history":[{"count":105,"href":"https:\/\/hand2noteguide.com\/de\/wp-json\/wp\/v2\/pages\/4885\/revisions"}],"predecessor-version":[{"id":13483,"href":"https:\/\/hand2noteguide.com\/de\/wp-json\/wp\/v2\/pages\/4885\/revisions\/13483"}],"wp:attachment":[{"href":"https:\/\/hand2noteguide.com\/de\/wp-json\/wp\/v2\/media?parent=4885"}],"curies":[{"name":"wp","href":"https:\/\/api.w.org\/{rel}","templated":true}]}}