{"id":4910,"date":"2021-03-27T03:25:09","date_gmt":"2021-03-27T00:25:09","guid":{"rendered":"http:\/\/hand2noteguide.com\/?page_id=4910"},"modified":"2025-06-04T16:29:59","modified_gmt":"2025-06-04T13:29:59","slug":"admin","status":"publish","type":"page","link":"https:\/\/hand2noteguide.com\/de\/admin\/","title":{"rendered":"Administrator"},"content":{"rendered":"","protected":true},"excerpt":{"rendered":"","protected":true},"author":1,"featured_media":0,"parent":0,"menu_order":0,"comment_status":"closed","ping_status":"closed","template":"page-templates\/full-width-page.php","meta":{"footnotes":""},"class_list":["post-4910","page","type-page","status-publish","post-password-required","hentry"],"translation":{"provider":"WPGlobus","version":"3.0.2","language":"de","enabled_languages":["en","ru","pt","zh","es","fr","de","it","ja"],"languages":{"en":{"title":true,"content":true,"excerpt":false},"ru":{"title":false,"content":false,"excerpt":false},"pt":{"title":true,"content":true,"excerpt":false},"zh":{"title":true,"content":true,"excerpt":false},"es":{"title":true,"content":true,"excerpt":false},"fr":{"title":true,"content":true,"excerpt":false},"de":{"title":true,"content":true,"excerpt":false},"it":{"title":true,"content":true,"excerpt":false},"ja":{"title":true,"content":true,"excerpt":false}}},"yoast_head":"<!-- This site is optimized with the Yoast SEO plugin v27.0 - https:\/\/yoast.com\/product\/yoast-seo-wordpress\/ -->\n<title>Verwalten Sie Ihr Hand2Note-Konto und Ihre Lizenzen m\u00fchelos<\/title>\n<meta name=\"description\" content=\"Verwalten Sie Ihr Hand2Note-Konto und Ihre Lizenzen ganz einfach. \u00dcberpr\u00fcfen Sie den Kontostatus, weisen Sie Lizenzen zu und greifen Sie mit nur wenigen Klicks auf Monatsberichte zu.\" \/>\n<meta name=\"robots\" content=\"index, follow, max-snippet:-1, max-image-preview:large, max-video-preview:-1\" \/>\n<link rel=\"canonical\" href=\"https:\/\/hand2noteguide.com\/admin\/\" \/>\n<meta property=\"og:locale\" content=\"de_DE\" \/>\n<meta property=\"og:type\" content=\"article\" \/>\n<meta property=\"og:title\" content=\"Verwalten Sie Ihr Hand2Note-Konto und Ihre Lizenzen m\u00fchelos\" \/>\n<meta property=\"og:description\" content=\"Verwalten Sie Ihr Hand2Note-Konto und Ihre Lizenzen ganz einfach. \u00dcberpr\u00fcfen Sie den Kontostatus, weisen Sie Lizenzen zu und greifen Sie mit nur wenigen Klicks auf Monatsberichte zu.\" \/>\n<meta property=\"og:url\" content=\"https:\/\/hand2noteguide.com\/admin\/\" \/>\n<meta property=\"og:site_name\" content=\"Hand2Note Guide\" \/>\n<meta property=\"article:modified_time\" content=\"2025-06-04T13:29:59+00:00\" \/>\n<meta name=\"twitter:card\" content=\"summary_large_image\" \/>\n<meta name=\"twitter:label1\" content=\"Est. reading time\" \/>\n\t<meta name=\"twitter:data1\" content=\"6 minutes\" \/>\n<!-- \/ Yoast SEO plugin. -->","yoast_head_json":{"title":"Verwalten Sie Ihr Hand2Note-Konto und Ihre Lizenzen m\u00fchelos","description":"Verwalten Sie Ihr Hand2Note-Konto und Ihre Lizenzen ganz einfach. \u00dcberpr\u00fcfen Sie den Kontostatus, weisen Sie Lizenzen zu und greifen Sie mit nur wenigen Klicks auf Monatsberichte zu.","robots":{"index":"index","follow":"follow","max-snippet":"max-snippet:-1","max-image-preview":"max-image-preview:large","max-video-preview":"max-video-preview:-1"},"canonical":"https:\/\/hand2noteguide.com\/admin\/","og_locale":"de_DE","og_type":"article","og_title":"Verwalten Sie Ihr Hand2Note-Konto und Ihre Lizenzen m\u00fchelos","og_description":"Verwalten Sie Ihr Hand2Note-Konto und Ihre Lizenzen ganz einfach. \u00dcberpr\u00fcfen Sie den Kontostatus, weisen Sie Lizenzen zu und greifen Sie mit nur wenigen Klicks auf Monatsberichte zu.","og_url":"https:\/\/hand2noteguide.com\/admin\/","og_site_name":"Hand2Note Guide","article_modified_time":"2025-06-04T13:29:59+00:00","twitter_card":"summary_large_image","twitter_misc":{"Est. reading time":"6 minutes"},"schema":{"@context":"https:\/\/schema.org","@graph":[]}},"jetpack_sharing_enabled":true,"_links":{"self":[{"href":"https:\/\/hand2noteguide.com\/de\/wp-json\/wp\/v2\/pages\/4910","targetHints":{"allow":["GET"]}}],"collection":[{"href":"https:\/\/hand2noteguide.com\/de\/wp-json\/wp\/v2\/pages"}],"about":[{"href":"https:\/\/hand2noteguide.com\/de\/wp-json\/wp\/v2\/types\/page"}],"author":[{"embeddable":true,"href":"https:\/\/hand2noteguide.com\/de\/wp-json\/wp\/v2\/users\/1"}],"replies":[{"embeddable":true,"href":"https:\/\/hand2noteguide.com\/de\/wp-json\/wp\/v2\/comments?post=4910"}],"version-history":[{"count":42,"href":"https:\/\/hand2noteguide.com\/de\/wp-json\/wp\/v2\/pages\/4910\/revisions"}],"predecessor-version":[{"id":13481,"href":"https:\/\/hand2noteguide.com\/de\/wp-json\/wp\/v2\/pages\/4910\/revisions\/13481"}],"wp:attachment":[{"href":"https:\/\/hand2noteguide.com\/de\/wp-json\/wp\/v2\/media?parent=4910"}],"curies":[{"name":"wp","href":"https:\/\/api.w.org\/{rel}","templated":true}]}}