{"id":4923,"date":"2021-03-29T17:46:29","date_gmt":"2021-03-29T14:46:29","guid":{"rendered":"http:\/\/hand2noteguide.com\/?page_id=4923"},"modified":"2025-06-04T16:29:06","modified_gmt":"2025-06-04T13:29:06","slug":"for-schools-and-stables","status":"publish","type":"page","link":"https:\/\/hand2noteguide.com\/de\/for-schools-and-stables\/","title":{"rendered":"F\u00fcr Schulen und St\u00e4lle"},"content":{"rendered":"\n<p>Wir freuen uns, exklusive Konditionen f\u00fcr Schulen, St\u00e4lle und einfach Gruppen von Spielern anzubieten. Sie erhalten alles, was Sie ben\u00f6tigen, um das Spiel und die Analyse mit Hand2Note zu einem sehr guten Preis zu meistern.<\/p>\n\n\n\n<p>Unser Angebot umfasst Sonderpreise f\u00fcr:<\/p>\n\n\n\n<h3 class=\"wp-block-heading\">1. Hand2Note-Lizenzen<\/h3>\n\n\n\n<p>Wenn Sie mehrere Lizenzen auf einmal kaufen, k\u00f6nnen wir Ihnen einen soliden Rabatt zusammen mit anderen Boni anbieten.<\/p>\n\n\n\n<h3 class=\"wp-block-heading\">2. Professionelle HUD&amp;Popups<\/h3>\n\n\n\n<p>Erhalten Sie alle HUD&amp;Popup-Sets aus unserem <a aria-label=\"undefined (\u00f6ffnet in einem neuen Tab)\" href=\"https:\/\/hand2noteguide.com\/de\/hud-store\/\" target=\"_blank\" rel=\"noreferrer noopener\">Store<\/a> mit pers\u00f6nlichem Rabatt und Unterst\u00fctzung. Alternativ k\u00f6nnen wir ein <a href=\"https:\/\/hand2noteguide.com\/de\/hud-store\/custom-hud-order\/\" target=\"_blank\" rel=\"noreferrer noopener\">einzigartiges Paket<\/a> f\u00fcr alle Spieler in der Gruppe entwerfen.<\/p>\n\n\n\n<h3 class=\"wp-block-heading\">3. Vollst\u00e4ndiger Videokurs<\/h3>\n\n\n\n<p>Alle Spieler haben Zugang zu <a href=\"https:\/\/nickjames.teachable.com\/courses\/hand2note-professional-usage\/lectures\/14423550?utm_source=hand2noteguide.com&amp;utm_medium=referral&amp;utm_campaign=hand2noteguide.com\" target=\"_blank\" aria-label=\"undefined (\u00f6ffnet in einem neuen Tab)\" rel=\"noreferrer noopener\">allen Videos<\/a>, um sicherzustellen, dass jeder H2N am effizientesten nutzt.<\/p>\n\n\n\n<p><a href=\"https:\/\/hand2noteguide.com\/de\/contact-us\/\">Kontaktieren Sie uns<\/a> f\u00fcr weitere Details.<\/p>\n","protected":false},"excerpt":{"rendered":"<p>Wir freuen uns, exklusive Konditionen f\u00fcr Schulen, St\u00e4lle und einfach Gruppen von Spielern anzubieten. Sie erhalten alles, was Sie ben\u00f6tigen, um das Spiel und die Analyse mit Hand2Note zu einem sehr guten Preis zu meistern. Unser Angebot umfasst Sonderpreise f\u00fcr: 1. Hand2Note-Lizenzen Wenn Sie mehrere Lizenzen auf einmal kaufen, k\u00f6nnen wir Ihnen einen soliden Rabatt &hellip; <a href=\"https:\/\/hand2noteguide.com\/de\/for-schools-and-stables\/\" class=\"more-link\">Continue reading <span class=\"screen-reader-text\">F\u00fcr Schulen und St\u00e4lle<\/span><\/a><\/p>\n","protected":false},"author":1,"featured_media":0,"parent":0,"menu_order":0,"comment_status":"closed","ping_status":"closed","template":"page-templates\/full-width-page.php","meta":{"footnotes":""},"class_list":["post-4923","page","type-page","status-publish","hentry"],"translation":{"provider":"WPGlobus","version":"3.0.2","language":"de","enabled_languages":["en","ru","pt","zh","es","fr","de","it","ja"],"languages":{"en":{"title":true,"content":true,"excerpt":false},"ru":{"title":true,"content":true,"excerpt":false},"pt":{"title":true,"content":true,"excerpt":false},"zh":{"title":true,"content":true,"excerpt":false},"es":{"title":true,"content":true,"excerpt":false},"fr":{"title":true,"content":true,"excerpt":false},"de":{"title":true,"content":true,"excerpt":false},"it":{"title":true,"content":true,"excerpt":false},"ja":{"title":true,"content":true,"excerpt":false}}},"yoast_head":"<!-- This site is optimized with the Yoast SEO plugin v27.0 - https:\/\/yoast.com\/product\/yoast-seo-wordpress\/ -->\n<title>Exklusive Angebote f\u00fcr Pokerschulen und Spielergruppen<\/title>\n<meta name=\"description\" content=\"Entdecken Sie exklusive Angebote f\u00fcr Pokerschulen und Spielergruppen. Erhalten Sie verg\u00fcnstigte Hand2Note-Lizenzen, professionelle HUDs und einen vollst\u00e4ndigen Videokurs.\" \/>\n<meta name=\"robots\" content=\"index, follow, max-snippet:-1, max-image-preview:large, max-video-preview:-1\" \/>\n<link rel=\"canonical\" href=\"https:\/\/hand2noteguide.com\/for-schools-and-stables\/\" \/>\n<meta property=\"og:locale\" content=\"de_DE\" \/>\n<meta property=\"og:type\" content=\"article\" \/>\n<meta property=\"og:title\" content=\"Exklusive Angebote f\u00fcr Pokerschulen und Spielergruppen\" \/>\n<meta property=\"og:description\" content=\"Entdecken Sie exklusive Angebote f\u00fcr Pokerschulen und Spielergruppen. Erhalten Sie verg\u00fcnstigte Hand2Note-Lizenzen, professionelle HUDs und einen vollst\u00e4ndigen Videokurs.\" \/>\n<meta property=\"og:url\" content=\"https:\/\/hand2noteguide.com\/for-schools-and-stables\/\" \/>\n<meta property=\"og:site_name\" content=\"Hand2Note Guide\" \/>\n<meta property=\"article:modified_time\" content=\"2025-06-04T13:29:06+00:00\" \/>\n<meta name=\"twitter:card\" content=\"summary_large_image\" \/>\n<meta name=\"twitter:label1\" content=\"Est. reading time\" \/>\n\t<meta name=\"twitter:data1\" content=\"4 minutes\" \/>\n<!-- \/ Yoast SEO plugin. -->","yoast_head_json":{"title":"Exklusive Angebote f\u00fcr Pokerschulen und Spielergruppen","description":"Entdecken Sie exklusive Angebote f\u00fcr Pokerschulen und Spielergruppen. Erhalten Sie verg\u00fcnstigte Hand2Note-Lizenzen, professionelle HUDs und einen vollst\u00e4ndigen Videokurs.","robots":{"index":"index","follow":"follow","max-snippet":"max-snippet:-1","max-image-preview":"max-image-preview:large","max-video-preview":"max-video-preview:-1"},"canonical":"https:\/\/hand2noteguide.com\/for-schools-and-stables\/","og_locale":"de_DE","og_type":"article","og_title":"Exklusive Angebote f\u00fcr Pokerschulen und Spielergruppen","og_description":"Entdecken Sie exklusive Angebote f\u00fcr Pokerschulen und Spielergruppen. Erhalten Sie verg\u00fcnstigte Hand2Note-Lizenzen, professionelle HUDs und einen vollst\u00e4ndigen Videokurs.","og_url":"https:\/\/hand2noteguide.com\/for-schools-and-stables\/","og_site_name":"Hand2Note Guide","article_modified_time":"2025-06-04T13:29:06+00:00","twitter_card":"summary_large_image","twitter_misc":{"Est. reading time":"4 minutes"},"schema":{"@context":"https:\/\/schema.org","@graph":[]}},"jetpack_sharing_enabled":true,"_links":{"self":[{"href":"https:\/\/hand2noteguide.com\/de\/wp-json\/wp\/v2\/pages\/4923","targetHints":{"allow":["GET"]}}],"collection":[{"href":"https:\/\/hand2noteguide.com\/de\/wp-json\/wp\/v2\/pages"}],"about":[{"href":"https:\/\/hand2noteguide.com\/de\/wp-json\/wp\/v2\/types\/page"}],"author":[{"embeddable":true,"href":"https:\/\/hand2noteguide.com\/de\/wp-json\/wp\/v2\/users\/1"}],"replies":[{"embeddable":true,"href":"https:\/\/hand2noteguide.com\/de\/wp-json\/wp\/v2\/comments?post=4923"}],"version-history":[{"count":17,"href":"https:\/\/hand2noteguide.com\/de\/wp-json\/wp\/v2\/pages\/4923\/revisions"}],"predecessor-version":[{"id":13480,"href":"https:\/\/hand2noteguide.com\/de\/wp-json\/wp\/v2\/pages\/4923\/revisions\/13480"}],"wp:attachment":[{"href":"https:\/\/hand2noteguide.com\/de\/wp-json\/wp\/v2\/media?parent=4923"}],"curies":[{"name":"wp","href":"https:\/\/api.w.org\/{rel}","templated":true}]}}