{"id":5238,"date":"2021-08-13T21:40:09","date_gmt":"2021-08-13T18:40:09","guid":{"rendered":"http:\/\/hand2noteguide.com\/?page_id=5238"},"modified":"2025-06-04T22:44:53","modified_gmt":"2025-06-04T19:44:53","slug":"essential-one-for-spins","status":"publish","type":"page","link":"https:\/\/hand2noteguide.com\/de\/hud-store\/essential-one-for-spins\/","title":{"rendered":"Essential One f\u00fcr Spins"},"content":{"rendered":"\n<p>Mit all den fortschrittlichen Funktionen, die nur in Hand2Note verf\u00fcgbar sind, hatten wir die M\u00f6glichkeit, eines der detailliertesten Spin&amp;Go Huds auf dem Markt zu erstellen. Essential One ist ein dynamisches Hud, das Ihre Position erkennt und nur die relevanten Statistiken f\u00fcr das aktuelle Szenario anzeigt. Obwohl es detailliert ist, haben wir Monate damit verbracht, die Struktur der Panels zu optimieren, um es w\u00e4hrend des Spiels benutzerfreundlich zu gestalten.<\/p>\n\n\n\n<p>Essential One enth\u00e4lt auch ein Layout, das f\u00fcr PokerStars optimiert ist. Es ist trotz der strengen Hud-Beschr\u00e4nkungen auf der Seite dank der M\u00f6glichkeit des schnellen, hotkey-basierten Hud-Layout-Wechsels immer noch leistungsstark.<\/p>\n\n\n\n<div style=\"margin-bottom:10px\">\n        \n        \n            \n            \n            \n            \n            \n            \n            \n            \n\n            <a class=\"button\" href=\"https:\/\/store.hand2noteguide.com\/checkout\/?add-to-cart=95\" style=\"margin-left:0 !important;background-color:#26a95e;border-radius:15px;margin-left:6px;color:#fff\" rel=\"noopener noreferrer\">KAUFEN F\u00dcR 299 $<\/a> <span class=\"store-license-info\">(Unbegrenzte lebenslange Lizenz)<\/span>\n\n         \n    <\/div>\n\n\n<div class=\"responsive-tabs\">\n<h2 class=\"tabtitle\">3-max BTN<\/h2>\n<div class=\"tabcontent\">\n\n\n\n\n<p style=\"font-size:16px\">Das 3-handed Layout ist f\u00fcr jedes m\u00f6gliche Szenario und jede Position optimiert. Das Layout \u00e4ndert sich dynamisch bei jeder Hand und zeigt nur die Panels an, die f\u00fcr Ihre aktuelle Situation relevant sind. Effektive Stapelgr\u00f6\u00dfen werden ebenfalls erkannt und automatisch gefiltert. Diese Funktionen helfen, Ihren Fokus nur auf die relevantesten Statistiken f\u00fcr die gegebene Situation zu richten.<\/p>\n\n\n\n<figure class=\"wp-block-image size-large\"><img loading=\"lazy\" decoding=\"async\" width=\"899\" height=\"550\" src=\"http:\/\/hand2noteguide.com\/wp-content\/uploads\/2020\/09\/eo_h2n_3h_btn.png\" alt=\"\" class=\"wp-image-3975\" srcset=\"https:\/\/hand2noteguide.com\/wp-content\/uploads\/2020\/09\/eo_h2n_3h_btn.png 899w, https:\/\/hand2noteguide.com\/wp-content\/uploads\/2020\/09\/eo_h2n_3h_btn-300x184.png 300w, https:\/\/hand2noteguide.com\/wp-content\/uploads\/2020\/09\/eo_h2n_3h_btn-768x470.png 768w, https:\/\/hand2noteguide.com\/wp-content\/uploads\/2020\/09\/eo_h2n_3h_btn-772x472.png 772w, https:\/\/hand2noteguide.com\/wp-content\/uploads\/2020\/09\/eo_h2n_3h_btn-624x382.png 624w\" sizes=\"auto, (max-width: 899px) 100vw, 899px\" \/><\/figure>\n\n\n\n<figure class=\"wp-block-image size-large\"><img loading=\"lazy\" decoding=\"async\" width=\"1024\" height=\"690\" src=\"http:\/\/hand2noteguide.com\/wp-content\/uploads\/2020\/09\/eo-3h-btn-1-1024x690.png\" alt=\"\" class=\"wp-image-3986\" srcset=\"https:\/\/hand2noteguide.com\/wp-content\/uploads\/2020\/09\/eo-3h-btn-1-1024x690.png 1024w, https:\/\/hand2noteguide.com\/wp-content\/uploads\/2020\/09\/eo-3h-btn-1-300x202.png 300w, https:\/\/hand2noteguide.com\/wp-content\/uploads\/2020\/09\/eo-3h-btn-1-768x518.png 768w, https:\/\/hand2noteguide.com\/wp-content\/uploads\/2020\/09\/eo-3h-btn-1-772x520.png 772w, https:\/\/hand2noteguide.com\/wp-content\/uploads\/2020\/09\/eo-3h-btn-1-624x421.png 624w, https:\/\/hand2noteguide.com\/wp-content\/uploads\/2020\/09\/eo-3h-btn-1.png 1184w\" sizes=\"auto, (max-width: 1024px) 100vw, 1024px\" \/><\/figure>\n\n\n\n<figure class=\"wp-block-image size-large\"><img loading=\"lazy\" decoding=\"async\" width=\"825\" height=\"590\" src=\"http:\/\/hand2noteguide.com\/wp-content\/uploads\/2020\/09\/eo-3h-btn-2.png\" alt=\"\" class=\"wp-image-3987\" srcset=\"https:\/\/hand2noteguide.com\/wp-content\/uploads\/2020\/09\/eo-3h-btn-2.png 825w, https:\/\/hand2noteguide.com\/wp-content\/uploads\/2020\/09\/eo-3h-btn-2-300x215.png 300w, https:\/\/hand2noteguide.com\/wp-content\/uploads\/2020\/09\/eo-3h-btn-2-768x549.png 768w, https:\/\/hand2noteguide.com\/wp-content\/uploads\/2020\/09\/eo-3h-btn-2-772x552.png 772w, https:\/\/hand2noteguide.com\/wp-content\/uploads\/2020\/09\/eo-3h-btn-2-624x446.png 624w\" sizes=\"auto, (max-width: 825px) 100vw, 825px\" \/><\/figure>\n\n\n\n<figure class=\"wp-block-image size-large\"><img loading=\"lazy\" decoding=\"async\" width=\"1024\" height=\"655\" src=\"http:\/\/hand2noteguide.com\/wp-content\/uploads\/2020\/09\/eo-3h-btn-3-1024x655.png\" alt=\"\" class=\"wp-image-3988\" srcset=\"https:\/\/hand2noteguide.com\/wp-content\/uploads\/2020\/09\/eo-3h-btn-3-1024x655.png 1024w, https:\/\/hand2noteguide.com\/wp-content\/uploads\/2020\/09\/eo-3h-btn-3-300x192.png 300w, https:\/\/hand2noteguide.com\/wp-content\/uploads\/2020\/09\/eo-3h-btn-3-768x491.png 768w, https:\/\/hand2noteguide.com\/wp-content\/uploads\/2020\/09\/eo-3h-btn-3-772x494.png 772w, https:\/\/hand2noteguide.com\/wp-content\/uploads\/2020\/09\/eo-3h-btn-3-624x399.png 624w, https:\/\/hand2noteguide.com\/wp-content\/uploads\/2020\/09\/eo-3h-btn-3.png 1170w\" sizes=\"auto, (max-width: 1024px) 100vw, 1024px\" \/><\/figure>\n\n\n\n<\/div><h2 class=\"tabtitle\">3-max SB<\/h2>\n<div class=\"tabcontent\">\n\n\n\n\n<figure class=\"wp-block-image size-large\"><img loading=\"lazy\" decoding=\"async\" width=\"899\" height=\"550\" src=\"http:\/\/hand2noteguide.com\/wp-content\/uploads\/2020\/09\/eo_h2n_3h_sb.png\" alt=\"\" class=\"wp-image-3976\" srcset=\"https:\/\/hand2noteguide.com\/wp-content\/uploads\/2020\/09\/eo_h2n_3h_sb.png 899w, https:\/\/hand2noteguide.com\/wp-content\/uploads\/2020\/09\/eo_h2n_3h_sb-300x184.png 300w, https:\/\/hand2noteguide.com\/wp-content\/uploads\/2020\/09\/eo_h2n_3h_sb-768x470.png 768w, https:\/\/hand2noteguide.com\/wp-content\/uploads\/2020\/09\/eo_h2n_3h_sb-772x472.png 772w, https:\/\/hand2noteguide.com\/wp-content\/uploads\/2020\/09\/eo_h2n_3h_sb-624x382.png 624w\" sizes=\"auto, (max-width: 899px) 100vw, 899px\" \/><\/figure>\n\n\n\n<figure class=\"wp-block-image size-large\"><img loading=\"lazy\" decoding=\"async\" width=\"1024\" height=\"605\" src=\"http:\/\/hand2noteguide.com\/wp-content\/uploads\/2020\/09\/eo-3h-sb-1-1024x605.png\" alt=\"\" class=\"wp-image-3991\" srcset=\"https:\/\/hand2noteguide.com\/wp-content\/uploads\/2020\/09\/eo-3h-sb-1-1024x605.png 1024w, https:\/\/hand2noteguide.com\/wp-content\/uploads\/2020\/09\/eo-3h-sb-1-300x177.png 300w, https:\/\/hand2noteguide.com\/wp-content\/uploads\/2020\/09\/eo-3h-sb-1-768x454.png 768w, https:\/\/hand2noteguide.com\/wp-content\/uploads\/2020\/09\/eo-3h-sb-1-772x456.png 772w, https:\/\/hand2noteguide.com\/wp-content\/uploads\/2020\/09\/eo-3h-sb-1-624x369.png 624w, https:\/\/hand2noteguide.com\/wp-content\/uploads\/2020\/09\/eo-3h-sb-1.png 1324w\" sizes=\"auto, (max-width: 1024px) 100vw, 1024px\" \/><\/figure>\n\n\n\n<figure class=\"wp-block-image size-large\"><img loading=\"lazy\" decoding=\"async\" width=\"1024\" height=\"612\" src=\"http:\/\/hand2noteguide.com\/wp-content\/uploads\/2020\/09\/eo-3h-sb-2-1024x612.png\" alt=\"\" class=\"wp-image-3992\" srcset=\"https:\/\/hand2noteguide.com\/wp-content\/uploads\/2020\/09\/eo-3h-sb-2-1024x612.png 1024w, https:\/\/hand2noteguide.com\/wp-content\/uploads\/2020\/09\/eo-3h-sb-2-300x179.png 300w, https:\/\/hand2noteguide.com\/wp-content\/uploads\/2020\/09\/eo-3h-sb-2-768x459.png 768w, https:\/\/hand2noteguide.com\/wp-content\/uploads\/2020\/09\/eo-3h-sb-2-772x461.png 772w, https:\/\/hand2noteguide.com\/wp-content\/uploads\/2020\/09\/eo-3h-sb-2-624x373.png 624w, https:\/\/hand2noteguide.com\/wp-content\/uploads\/2020\/09\/eo-3h-sb-2.png 1382w\" sizes=\"auto, (max-width: 1024px) 100vw, 1024px\" \/><\/figure>\n\n\n\n<figure class=\"wp-block-image size-large\"><img loading=\"lazy\" decoding=\"async\" width=\"1024\" height=\"486\" src=\"http:\/\/hand2noteguide.com\/wp-content\/uploads\/2020\/09\/eo-3h-sb-3-1024x486.png\" alt=\"\" class=\"wp-image-3993\" srcset=\"https:\/\/hand2noteguide.com\/wp-content\/uploads\/2020\/09\/eo-3h-sb-3-1024x486.png 1024w, https:\/\/hand2noteguide.com\/wp-content\/uploads\/2020\/09\/eo-3h-sb-3-300x142.png 300w, https:\/\/hand2noteguide.com\/wp-content\/uploads\/2020\/09\/eo-3h-sb-3-768x364.png 768w, https:\/\/hand2noteguide.com\/wp-content\/uploads\/2020\/09\/eo-3h-sb-3-772x366.png 772w, https:\/\/hand2noteguide.com\/wp-content\/uploads\/2020\/09\/eo-3h-sb-3-624x296.png 624w, https:\/\/hand2noteguide.com\/wp-content\/uploads\/2020\/09\/eo-3h-sb-3.png 1309w\" sizes=\"auto, (max-width: 1024px) 100vw, 1024px\" \/><\/figure>\n\n\n\n<\/div><h2 class=\"tabtitle\">3-max BB<\/h2>\n<div class=\"tabcontent\">\n\n\n\n\n<figure class=\"wp-block-image size-large\"><img loading=\"lazy\" decoding=\"async\" width=\"899\" height=\"550\" src=\"http:\/\/hand2noteguide.com\/wp-content\/uploads\/2020\/09\/eo_h2n_3h_bb.png\" alt=\"\" class=\"wp-image-3974\" srcset=\"https:\/\/hand2noteguide.com\/wp-content\/uploads\/2020\/09\/eo_h2n_3h_bb.png 899w, https:\/\/hand2noteguide.com\/wp-content\/uploads\/2020\/09\/eo_h2n_3h_bb-300x184.png 300w, https:\/\/hand2noteguide.com\/wp-content\/uploads\/2020\/09\/eo_h2n_3h_bb-768x470.png 768w, https:\/\/hand2noteguide.com\/wp-content\/uploads\/2020\/09\/eo_h2n_3h_bb-772x472.png 772w, https:\/\/hand2noteguide.com\/wp-content\/uploads\/2020\/09\/eo_h2n_3h_bb-624x382.png 624w\" sizes=\"auto, (max-width: 899px) 100vw, 899px\" \/><\/figure>\n\n\n\n<figure class=\"wp-block-image size-large\"><img loading=\"lazy\" decoding=\"async\" width=\"1024\" height=\"668\" src=\"http:\/\/hand2noteguide.com\/wp-content\/uploads\/2020\/09\/eo-3h-bb-1-1024x668.png\" alt=\"\" class=\"wp-image-3995\" srcset=\"https:\/\/hand2noteguide.com\/wp-content\/uploads\/2020\/09\/eo-3h-bb-1-1024x668.png 1024w, https:\/\/hand2noteguide.com\/wp-content\/uploads\/2020\/09\/eo-3h-bb-1-300x196.png 300w, https:\/\/hand2noteguide.com\/wp-content\/uploads\/2020\/09\/eo-3h-bb-1-768x501.png 768w, https:\/\/hand2noteguide.com\/wp-content\/uploads\/2020\/09\/eo-3h-bb-1-772x504.png 772w, https:\/\/hand2noteguide.com\/wp-content\/uploads\/2020\/09\/eo-3h-bb-1-624x407.png 624w, https:\/\/hand2noteguide.com\/wp-content\/uploads\/2020\/09\/eo-3h-bb-1.png 1194w\" sizes=\"auto, (max-width: 1024px) 100vw, 1024px\" \/><\/figure>\n\n\n\n<figure class=\"wp-block-image size-large\"><img loading=\"lazy\" decoding=\"async\" width=\"1024\" height=\"613\" src=\"http:\/\/hand2noteguide.com\/wp-content\/uploads\/2020\/09\/eo-3h-bb-2-1024x613.png\" alt=\"\" class=\"wp-image-3996\" srcset=\"https:\/\/hand2noteguide.com\/wp-content\/uploads\/2020\/09\/eo-3h-bb-2-1024x613.png 1024w, https:\/\/hand2noteguide.com\/wp-content\/uploads\/2020\/09\/eo-3h-bb-2-300x180.png 300w, https:\/\/hand2noteguide.com\/wp-content\/uploads\/2020\/09\/eo-3h-bb-2-768x460.png 768w, https:\/\/hand2noteguide.com\/wp-content\/uploads\/2020\/09\/eo-3h-bb-2-772x462.png 772w, https:\/\/hand2noteguide.com\/wp-content\/uploads\/2020\/09\/eo-3h-bb-2-624x374.png 624w, https:\/\/hand2noteguide.com\/wp-content\/uploads\/2020\/09\/eo-3h-bb-2.png 1174w\" sizes=\"auto, (max-width: 1024px) 100vw, 1024px\" \/><\/figure>\n\n\n\n<\/div><h2 class=\"tabtitle\">2-max<\/h2>\n<div class=\"tabcontent\">\n\n\n\n\n<p style=\"font-size:16px\">Das 2-handed Layout ist ein leistungsstarkes Heads-up HUD mit erweiterten Preflop-Statistiken und reichhaltigen Postflop-Panels. Der Hud-Wechsel erfolgt automatisch, sogar bei PokerStars, sodass Sie sich keine Sorgen \u00fcber l\u00e4stige technische Probleme machen m\u00fcssen.<\/p>\n\n\n\n<figure class=\"wp-block-image size-large\"><img loading=\"lazy\" decoding=\"async\" width=\"897\" height=\"642\" src=\"http:\/\/hand2noteguide.com\/wp-content\/uploads\/2020\/09\/eo_h2n_2h.png\" alt=\"\" class=\"wp-image-3973\" srcset=\"https:\/\/hand2noteguide.com\/wp-content\/uploads\/2020\/09\/eo_h2n_2h.png 897w, https:\/\/hand2noteguide.com\/wp-content\/uploads\/2020\/09\/eo_h2n_2h-300x215.png 300w, https:\/\/hand2noteguide.com\/wp-content\/uploads\/2020\/09\/eo_h2n_2h-768x550.png 768w, https:\/\/hand2noteguide.com\/wp-content\/uploads\/2020\/09\/eo_h2n_2h-772x553.png 772w, https:\/\/hand2noteguide.com\/wp-content\/uploads\/2020\/09\/eo_h2n_2h-624x447.png 624w\" sizes=\"auto, (max-width: 897px) 100vw, 897px\" \/><\/figure>\n\n\n\n<p style=\"font-size:16px\">Die Preflop-Panels enthalten detailliertere effektive Stapel und die Statistiken sind basierend auf GTO eingef\u00e4rbt. Postflop-Panels beinhalten sekund\u00e4re Statistiken, wie Barrels und Folds auf der n\u00e4chsten Stra\u00dfe, um die unn\u00f6tige Verwendung von Popups zu vermeiden. Die revolution\u00e4ren vsVillain-Panels zeigen die lebenslangen Statistiken des Helden gegen den aktuellen Gegner. Dies hilft, nachzuverfolgen, wie der Held gegen den aktuellen Feind in den vorherigen Spielen gespielt hat und was der Feind \u00fcber ihn denken k\u00f6nnte.&nbsp;<\/p>\n\n\n\n<figure class=\"wp-block-image size-large\"><img loading=\"lazy\" decoding=\"async\" width=\"1024\" height=\"721\" src=\"http:\/\/hand2noteguide.com\/wp-content\/uploads\/2020\/09\/eo-2h-1-1024x721.png\" alt=\"\" class=\"wp-image-3997\" srcset=\"https:\/\/hand2noteguide.com\/wp-content\/uploads\/2020\/09\/eo-2h-1-1024x721.png 1024w, https:\/\/hand2noteguide.com\/wp-content\/uploads\/2020\/09\/eo-2h-1-300x211.png 300w, https:\/\/hand2noteguide.com\/wp-content\/uploads\/2020\/09\/eo-2h-1-768x541.png 768w, https:\/\/hand2noteguide.com\/wp-content\/uploads\/2020\/09\/eo-2h-1-772x544.png 772w, https:\/\/hand2noteguide.com\/wp-content\/uploads\/2020\/09\/eo-2h-1-624x440.png 624w, https:\/\/hand2noteguide.com\/wp-content\/uploads\/2020\/09\/eo-2h-1.png 1174w\" sizes=\"auto, (max-width: 1024px) 100vw, 1024px\" \/><\/figure>\n\n\n\n<figure class=\"wp-block-image size-large\"><img loading=\"lazy\" decoding=\"async\" width=\"1024\" height=\"442\" src=\"http:\/\/hand2noteguide.com\/wp-content\/uploads\/2020\/09\/eo-2h-2-1024x442.png\" alt=\"\" class=\"wp-image-3998\" srcset=\"https:\/\/hand2noteguide.com\/wp-content\/uploads\/2020\/09\/eo-2h-2-1024x442.png 1024w, https:\/\/hand2noteguide.com\/wp-content\/uploads\/2020\/09\/eo-2h-2-300x129.png 300w, https:\/\/hand2noteguide.com\/wp-content\/uploads\/2020\/09\/eo-2h-2-768x331.png 768w, https:\/\/hand2noteguide.com\/wp-content\/uploads\/2020\/09\/eo-2h-2-772x333.png 772w, https:\/\/hand2noteguide.com\/wp-content\/uploads\/2020\/09\/eo-2h-2-624x269.png 624w, https:\/\/hand2noteguide.com\/wp-content\/uploads\/2020\/09\/eo-2h-2.png 1168w\" sizes=\"auto, (max-width: 1024px) 100vw, 1024px\" \/><\/figure>\n\n\n\n<figure class=\"wp-block-image size-large\"><img loading=\"lazy\" decoding=\"async\" width=\"1024\" height=\"794\" src=\"http:\/\/hand2noteguide.com\/wp-content\/uploads\/2020\/09\/eo-2h-3-1024x794.png\" alt=\"\" class=\"wp-image-3999\" srcset=\"https:\/\/hand2noteguide.com\/wp-content\/uploads\/2020\/09\/eo-2h-3-1024x794.png 1024w, https:\/\/hand2noteguide.com\/wp-content\/uploads\/2020\/09\/eo-2h-3-300x233.png 300w, https:\/\/hand2noteguide.com\/wp-content\/uploads\/2020\/09\/eo-2h-3-768x596.png 768w, https:\/\/hand2noteguide.com\/wp-content\/uploads\/2020\/09\/eo-2h-3-772x599.png 772w, https:\/\/hand2noteguide.com\/wp-content\/uploads\/2020\/09\/eo-2h-3-624x484.png 624w, https:\/\/hand2noteguide.com\/wp-content\/uploads\/2020\/09\/eo-2h-3.png 1159w\" sizes=\"auto, (max-width: 1024px) 100vw, 1024px\" \/><\/figure>\n\n\n\n<figure class=\"wp-block-image size-large\"><img loading=\"lazy\" decoding=\"async\" width=\"1024\" height=\"456\" src=\"http:\/\/hand2noteguide.com\/wp-content\/uploads\/2020\/09\/eo-2h-4-1024x456.png\" alt=\"\" class=\"wp-image-4000\" srcset=\"https:\/\/hand2noteguide.com\/wp-content\/uploads\/2020\/09\/eo-2h-4-1024x456.png 1024w, https:\/\/hand2noteguide.com\/wp-content\/uploads\/2020\/09\/eo-2h-4-300x134.png 300w, https:\/\/hand2noteguide.com\/wp-content\/uploads\/2020\/09\/eo-2h-4-768x342.png 768w, https:\/\/hand2noteguide.com\/wp-content\/uploads\/2020\/09\/eo-2h-4-772x344.png 772w, https:\/\/hand2noteguide.com\/wp-content\/uploads\/2020\/09\/eo-2h-4-624x278.png 624w, https:\/\/hand2noteguide.com\/wp-content\/uploads\/2020\/09\/eo-2h-4.png 1148w\" sizes=\"auto, (max-width: 1024px) 100vw, 1024px\" \/><\/figure>\n\n\n\n<\/div><h2 class=\"tabtitle\">PokerStars Layout<\/h2>\n<div class=\"tabcontent\">\n\n\n\n\n<p style=\"font-size:16px\">Aufgrund der starken Hud-Beschr\u00e4nkungen bei PokerStars wird das Hud mit einem Layout geliefert, das mit allen PokerStars-Regeln kompatibel ist. Es ist immer noch ein detailliertes 3-handed Hud, das die gro\u00dfe Mehrheit der Situationen abdeckt.<\/p>\n\n\n\n<figure class=\"wp-block-image size-large\"><img loading=\"lazy\" decoding=\"async\" width=\"897\" height=\"551\" src=\"http:\/\/hand2noteguide.com\/wp-content\/uploads\/2020\/09\/eo_h2n_ps.png\" alt=\"\" class=\"wp-image-3977\" srcset=\"https:\/\/hand2noteguide.com\/wp-content\/uploads\/2020\/09\/eo_h2n_ps.png 897w, https:\/\/hand2noteguide.com\/wp-content\/uploads\/2020\/09\/eo_h2n_ps-300x184.png 300w, https:\/\/hand2noteguide.com\/wp-content\/uploads\/2020\/09\/eo_h2n_ps-768x472.png 768w, https:\/\/hand2noteguide.com\/wp-content\/uploads\/2020\/09\/eo_h2n_ps-772x474.png 772w, https:\/\/hand2noteguide.com\/wp-content\/uploads\/2020\/09\/eo_h2n_ps-624x383.png 624w\" sizes=\"auto, (max-width: 897px) 100vw, 897px\" \/><\/figure>\n\n\n\n<p style=\"font-size:16px\">Um den neuen Regeln von PokerStars vollst\u00e4ndig zu entsprechen, werden in dieser Version nur zwei Layouts verwendet: eines f\u00fcr 3-handed und ein weiteres f\u00fcr 2-handed. Der Hud-Wechsel erfolgt automatisch, wenn Heads-up erreicht wird, sodass Sie sich keine Sorgen \u00fcber Skripte oder Drittanbieter-Apps machen m\u00fcssen. Sie k\u00f6nnen auch eine Hotkey-Konfiguration vornehmen, um die erweiterte Version des Huds f\u00fcr die aktuelle Hand zuzugreifen, sodass Sie immer noch die M\u00f6glichkeit haben, nach einer erweiterten Statistik zu suchen.<\/p>\n\n\n\n<\/div><h2 class=\"tabtitle\">Popups<\/h2>\n<div class=\"tabcontent\">\n\n\n\n\n<p style=\"font-size:16px\">Ein Popup ist an jede Statistik angeh\u00e4ngt, um tiefgehend zu visualisieren, was hinter den Rohzahlen passiert. Sie finden die folgenden zus\u00e4tzlichen Informationen zu einer Statistik: Einsatzgr\u00f6\u00dfen, Board-Texturen, Handst\u00e4rke, vsHero-Statistiken, n\u00e4chste Spieleraktionen und Showdowns.<\/p>\n\n\n\n\n\n\n<\/div><\/div>\n","protected":false},"excerpt":{"rendered":"<p>Mit all den fortschrittlichen Funktionen, die nur in Hand2Note verf\u00fcgbar sind, hatten wir die M\u00f6glichkeit, eines der detailliertesten Spin&amp;Go Huds auf dem Markt zu erstellen. Essential One ist ein dynamisches Hud, das Ihre Position erkennt und nur die relevanten Statistiken f\u00fcr das aktuelle Szenario anzeigt. Obwohl es detailliert ist, haben wir Monate damit verbracht, die &hellip; <a href=\"https:\/\/hand2noteguide.com\/de\/hud-store\/essential-one-for-spins\/\" class=\"more-link\">Continue reading <span class=\"screen-reader-text\">Essential One f\u00fcr Spins<\/span><\/a><\/p>\n","protected":false},"author":1,"featured_media":0,"parent":4640,"menu_order":0,"comment_status":"closed","ping_status":"closed","template":"page-templates\/full-width-page.php","meta":{"footnotes":""},"class_list":["post-5238","page","type-page","status-publish","hentry"],"translation":{"provider":"WPGlobus","version":"3.0.2","language":"de","enabled_languages":["en","ru","pt","zh","es","fr","de","it","ja"],"languages":{"en":{"title":true,"content":true,"excerpt":false},"ru":{"title":true,"content":false,"excerpt":false},"pt":{"title":true,"content":true,"excerpt":false},"zh":{"title":true,"content":true,"excerpt":false},"es":{"title":true,"content":true,"excerpt":false},"fr":{"title":true,"content":true,"excerpt":false},"de":{"title":true,"content":true,"excerpt":false},"it":{"title":true,"content":true,"excerpt":false},"ja":{"title":true,"content":true,"excerpt":false}}},"yoast_head":"<!-- This site is optimized with the Yoast SEO plugin v27.0 - https:\/\/yoast.com\/product\/yoast-seo-wordpress\/ -->\n<title>Essential One f\u00fcr Spins \u2013 Hand2Note Poker HUD Store<\/title>\n<meta name=\"description\" content=\"Entdecken Sie Essential One f\u00fcr Spins, ein dynamisches und detailliertes Poker HUD f\u00fcr Spin&amp;Go-Spiele, optimiert f\u00fcr PokerStars mit fortschrittlichen Funktionen und einfacher Bedienbarkeit.\" \/>\n<meta name=\"robots\" content=\"index, follow, max-snippet:-1, max-image-preview:large, max-video-preview:-1\" \/>\n<link rel=\"canonical\" href=\"https:\/\/hand2noteguide.com\/hud-store\/essential-one-for-spins\/\" \/>\n<meta property=\"og:locale\" content=\"de_DE\" \/>\n<meta property=\"og:type\" content=\"article\" \/>\n<meta property=\"og:title\" content=\"Essential One f\u00fcr Spins \u2013 Hand2Note Poker HUD Store\" \/>\n<meta property=\"og:description\" content=\"Entdecken Sie Essential One f\u00fcr Spins, ein dynamisches und detailliertes Poker HUD f\u00fcr Spin&amp;Go-Spiele, optimiert f\u00fcr PokerStars mit fortschrittlichen Funktionen und einfacher Bedienbarkeit.\" \/>\n<meta property=\"og:url\" content=\"https:\/\/hand2noteguide.com\/hud-store\/essential-one-for-spins\/\" \/>\n<meta property=\"og:site_name\" content=\"Hand2Note Guide\" \/>\n<meta property=\"article:modified_time\" content=\"2025-06-04T19:44:53+00:00\" \/>\n<meta property=\"og:image\" content=\"http:\/\/hand2noteguide.com\/wp-content\/uploads\/2020\/09\/eo_h2n_3h_btn.png\" \/>\n<meta name=\"twitter:card\" content=\"summary_large_image\" \/>\n<meta name=\"twitter:label1\" content=\"Est. reading time\" \/>\n\t<meta name=\"twitter:data1\" content=\"15 minutes\" \/>\n<!-- \/ Yoast SEO plugin. -->","yoast_head_json":{"title":"Essential One f\u00fcr Spins \u2013 Hand2Note Poker HUD Store","description":"Entdecken Sie Essential One f\u00fcr Spins, ein dynamisches und detailliertes Poker HUD f\u00fcr Spin&Go-Spiele, optimiert f\u00fcr PokerStars mit fortschrittlichen Funktionen und einfacher Bedienbarkeit.","robots":{"index":"index","follow":"follow","max-snippet":"max-snippet:-1","max-image-preview":"max-image-preview:large","max-video-preview":"max-video-preview:-1"},"canonical":"https:\/\/hand2noteguide.com\/hud-store\/essential-one-for-spins\/","og_locale":"de_DE","og_type":"article","og_title":"Essential One f\u00fcr Spins \u2013 Hand2Note Poker HUD Store","og_description":"Entdecken Sie Essential One f\u00fcr Spins, ein dynamisches und detailliertes Poker HUD f\u00fcr Spin&Go-Spiele, optimiert f\u00fcr PokerStars mit fortschrittlichen Funktionen und einfacher Bedienbarkeit.","og_url":"https:\/\/hand2noteguide.com\/hud-store\/essential-one-for-spins\/","og_site_name":"Hand2Note Guide","article_modified_time":"2025-06-04T19:44:53+00:00","og_image":[{"url":"http:\/\/hand2noteguide.com\/wp-content\/uploads\/2020\/09\/eo_h2n_3h_btn.png","type":"","width":"","height":""}],"twitter_card":"summary_large_image","twitter_misc":{"Est. reading time":"15 minutes"},"schema":{"@context":"https:\/\/schema.org","@graph":[]}},"jetpack_sharing_enabled":true,"_links":{"self":[{"href":"https:\/\/hand2noteguide.com\/de\/wp-json\/wp\/v2\/pages\/5238","targetHints":{"allow":["GET"]}}],"collection":[{"href":"https:\/\/hand2noteguide.com\/de\/wp-json\/wp\/v2\/pages"}],"about":[{"href":"https:\/\/hand2noteguide.com\/de\/wp-json\/wp\/v2\/types\/page"}],"author":[{"embeddable":true,"href":"https:\/\/hand2noteguide.com\/de\/wp-json\/wp\/v2\/users\/1"}],"replies":[{"embeddable":true,"href":"https:\/\/hand2noteguide.com\/de\/wp-json\/wp\/v2\/comments?post=5238"}],"version-history":[{"count":11,"href":"https:\/\/hand2noteguide.com\/de\/wp-json\/wp\/v2\/pages\/5238\/revisions"}],"predecessor-version":[{"id":13574,"href":"https:\/\/hand2noteguide.com\/de\/wp-json\/wp\/v2\/pages\/5238\/revisions\/13574"}],"up":[{"embeddable":true,"href":"https:\/\/hand2noteguide.com\/de\/wp-json\/wp\/v2\/pages\/4640"}],"wp:attachment":[{"href":"https:\/\/hand2noteguide.com\/de\/wp-json\/wp\/v2\/media?parent=5238"}],"curies":[{"name":"wp","href":"https:\/\/api.w.org\/{rel}","templated":true}]}}