{"id":548,"date":"2018-11-07T14:55:48","date_gmt":"2018-11-07T11:55:48","guid":{"rendered":"https:\/\/h2n312.wordpress.com\/?page_id=548"},"modified":"2025-06-04T17:51:25","modified_gmt":"2025-06-04T14:51:25","slug":"simple","status":"publish","type":"page","link":"https:\/\/hand2noteguide.com\/de\/guide\/creating-stats\/simple\/","title":{"rendered":"Einfache Stats"},"content":{"rendered":"\n<p>Ein einfacher Stat ist ein Stat, dessen Wert angibt, wie oft ein Spieler eine bestimmte Aktion ausf\u00fchrt. Zum Beispiel Preflop-Raises oder Continuation Bets.<\/p>\n\n\n\n<p>Um einen einfachen Stat zu erstellen, m\u00fcssen Sie lediglich eine Aktion simulieren, deren H\u00e4ufigkeit Sie im <a href=\"https:\/\/hand2noteguide.com\/de\/guide\/hud\/\">HUD<\/a> sehen m\u00f6chten. Um beispielsweise einen &#8220;Open Raise&#8221; Stat zu erstellen, reicht es aus, die Aktion &#8220;Player Raise&#8221; hinzuzuf\u00fcgen und den Filter &#8220;First not fold action on the street&#8221; zuzuweisen, um Situationen auszuschlie\u00dfen, in denen andere Spieler bereits Geld in den Pot investiert hatten, bevor der Spieler an der Reihe war.<\/p>\n\n\n\n<figure class=\"wp-block-image\"><img loading=\"lazy\" decoding=\"async\" width=\"1307\" height=\"571\" src=\"https:\/\/hand2noteguide.com\/wp-content\/uploads\/2019\/05\/hand2note-create-open-raise-stat.png\" alt=\"hand2note-create-open-raise-stat\" class=\"wp-image-808\" srcset=\"https:\/\/hand2noteguide.com\/wp-content\/uploads\/2019\/05\/hand2note-create-open-raise-stat.png 1307w, https:\/\/hand2noteguide.com\/wp-content\/uploads\/2019\/05\/hand2note-create-open-raise-stat-300x131.png 300w, https:\/\/hand2noteguide.com\/wp-content\/uploads\/2019\/05\/hand2note-create-open-raise-stat-768x336.png 768w, https:\/\/hand2noteguide.com\/wp-content\/uploads\/2019\/05\/hand2note-create-open-raise-stat-1024x447.png 1024w, https:\/\/hand2noteguide.com\/wp-content\/uploads\/2019\/05\/hand2note-create-open-raise-stat-772x337.png 772w, https:\/\/hand2noteguide.com\/wp-content\/uploads\/2019\/05\/hand2note-create-open-raise-stat-624x273.png 624w\" sizes=\"auto, (max-width: 1307px) 100vw, 1307px\" \/><\/figure>\n\n\n\n<p>Der Stat Open Raise ist bereits standardm\u00e4\u00dfig im Programm vorhanden und hei\u00dft <em>Open Raise [Total]<\/em>. Um bereits verf\u00fcgbare Stats zu finden, k\u00f6nnen Sie die Suchleiste verwenden.<\/p>\n\n\n\n<p>Um einen Stat <em>Open Raise BTN<\/em> zu erstellen, sollten Sie auch eine Spielerposition zuweisen. Dies kann entweder durch Auswahl der gew\u00fcnschten Position f\u00fcr die Aktion oder separat im &#8220;Preflop&#8221;-Tab erfolgen:<\/p>\n\n\n\n<figure class=\"wp-block-image\"><img loading=\"lazy\" decoding=\"async\" width=\"1343\" height=\"576\" src=\"https:\/\/hand2noteguide.com\/wp-content\/uploads\/2019\/05\/hand2note-open-raise-btn.png\" alt=\"hand2note open raise btn\" class=\"wp-image-811\" srcset=\"https:\/\/hand2noteguide.com\/wp-content\/uploads\/2019\/05\/hand2note-open-raise-btn.png 1343w, https:\/\/hand2noteguide.com\/wp-content\/uploads\/2019\/05\/hand2note-open-raise-btn-300x129.png 300w, https:\/\/hand2noteguide.com\/wp-content\/uploads\/2019\/05\/hand2note-open-raise-btn-768x329.png 768w, https:\/\/hand2noteguide.com\/wp-content\/uploads\/2019\/05\/hand2note-open-raise-btn-1024x439.png 1024w, https:\/\/hand2noteguide.com\/wp-content\/uploads\/2019\/05\/hand2note-open-raise-btn-772x331.png 772w, https:\/\/hand2noteguide.com\/wp-content\/uploads\/2019\/05\/hand2note-open-raise-btn-624x268.png 624w\" sizes=\"auto, (max-width: 1343px) 100vw, 1343px\" \/><\/figure>\n\n\n\n<p>oder<\/p>\n\n\n\n<figure class=\"wp-block-image\"><img loading=\"lazy\" decoding=\"async\" width=\"1494\" height=\"827\" src=\"https:\/\/hand2noteguide.com\/wp-content\/uploads\/2019\/05\/hand2note-create-stat-set-position.png\" alt=\"hand2note create stat set position\" class=\"wp-image-812\" srcset=\"https:\/\/hand2noteguide.com\/wp-content\/uploads\/2019\/05\/hand2note-create-stat-set-position.png 1494w, https:\/\/hand2noteguide.com\/wp-content\/uploads\/2019\/05\/hand2note-create-stat-set-position-300x166.png 300w, https:\/\/hand2noteguide.com\/wp-content\/uploads\/2019\/05\/hand2note-create-stat-set-position-768x425.png 768w, https:\/\/hand2noteguide.com\/wp-content\/uploads\/2019\/05\/hand2note-create-stat-set-position-1024x567.png 1024w, https:\/\/hand2noteguide.com\/wp-content\/uploads\/2019\/05\/hand2note-create-stat-set-position-772x427.png 772w, https:\/\/hand2noteguide.com\/wp-content\/uploads\/2019\/05\/hand2note-create-stat-set-position-624x345.png 624w\" sizes=\"auto, (max-width: 1494px) 100vw, 1494px\" \/><\/figure>\n","protected":false},"excerpt":{"rendered":"<p>Ein einfacher Stat ist ein Stat, dessen Wert angibt, wie oft ein Spieler eine bestimmte Aktion ausf\u00fchrt. Zum Beispiel Preflop-Raises oder Continuation Bets. Um einen einfachen Stat zu erstellen, m\u00fcssen Sie lediglich eine Aktion simulieren, deren H\u00e4ufigkeit Sie im HUD sehen m\u00f6chten. Um beispielsweise einen &#8220;Open Raise&#8221; Stat zu erstellen, reicht es aus, die Aktion &hellip; <a href=\"https:\/\/hand2noteguide.com\/de\/guide\/creating-stats\/simple\/\" class=\"more-link\">Continue reading <span class=\"screen-reader-text\">Einfache Stats<\/span><\/a><\/p>\n","protected":false},"author":1,"featured_media":0,"parent":468,"menu_order":1,"comment_status":"closed","ping_status":"closed","template":"page-templates\/full-width-page.php","meta":{"footnotes":""},"class_list":["post-548","page","type-page","status-publish","hentry"],"translation":{"provider":"WPGlobus","version":"3.0.2","language":"de","enabled_languages":["en","ru","pt","zh","es","fr","de","it","ja"],"languages":{"en":{"title":true,"content":true,"excerpt":false},"ru":{"title":true,"content":true,"excerpt":false},"pt":{"title":true,"content":true,"excerpt":false},"zh":{"title":true,"content":true,"excerpt":false},"es":{"title":true,"content":true,"excerpt":false},"fr":{"title":true,"content":true,"excerpt":false},"de":{"title":true,"content":true,"excerpt":false},"it":{"title":true,"content":true,"excerpt":false},"ja":{"title":true,"content":true,"excerpt":false}}},"yoast_head":"<!-- This site is optimized with the Yoast SEO plugin v27.0 - https:\/\/yoast.com\/product\/yoast-seo-wordpress\/ -->\n<title>Einfache Stats in Hand2Note 3<\/title>\n<meta name=\"description\" content=\"Erfahren Sie, wie Sie einfache Poker-Stats im Hand2Note HUD erstellen. Entdecken Sie, wie Sie Spieleraktionen wie Open Raises und Continuation Bets effektiv verfolgen k\u00f6nnen.\" \/>\n<meta name=\"robots\" content=\"index, follow, max-snippet:-1, max-image-preview:large, max-video-preview:-1\" \/>\n<link rel=\"canonical\" href=\"https:\/\/hand2noteguide.com\/guide\/creating-stats\/simple\/\" \/>\n<meta property=\"og:locale\" content=\"de_DE\" \/>\n<meta property=\"og:type\" content=\"article\" \/>\n<meta property=\"og:title\" content=\"Einfache Stats in Hand2Note 3\" \/>\n<meta property=\"og:description\" content=\"Erfahren Sie, wie Sie einfache Poker-Stats im Hand2Note HUD erstellen. Entdecken Sie, wie Sie Spieleraktionen wie Open Raises und Continuation Bets effektiv verfolgen k\u00f6nnen.\" \/>\n<meta property=\"og:url\" content=\"https:\/\/hand2noteguide.com\/guide\/creating-stats\/simple\/\" \/>\n<meta property=\"og:site_name\" content=\"Hand2Note Guide\" \/>\n<meta property=\"article:modified_time\" content=\"2025-06-04T14:51:25+00:00\" \/>\n<meta property=\"og:image\" content=\"https:\/\/hand2noteguide.com\/wp-content\/uploads\/2019\/05\/hand2note-create-open-raise-stat.png\" \/>\n<meta name=\"twitter:card\" content=\"summary_large_image\" \/>\n<meta name=\"twitter:label1\" content=\"Est. reading time\" \/>\n\t<meta name=\"twitter:data1\" content=\"5 minutes\" \/>\n<!-- \/ Yoast SEO plugin. -->","yoast_head_json":{"title":"Einfache Stats in Hand2Note 3","description":"Erfahren Sie, wie Sie einfache Poker-Stats im Hand2Note HUD erstellen. Entdecken Sie, wie Sie Spieleraktionen wie Open Raises und Continuation Bets effektiv verfolgen k\u00f6nnen.","robots":{"index":"index","follow":"follow","max-snippet":"max-snippet:-1","max-image-preview":"max-image-preview:large","max-video-preview":"max-video-preview:-1"},"canonical":"https:\/\/hand2noteguide.com\/guide\/creating-stats\/simple\/","og_locale":"de_DE","og_type":"article","og_title":"Einfache Stats in Hand2Note 3","og_description":"Erfahren Sie, wie Sie einfache Poker-Stats im Hand2Note HUD erstellen. Entdecken Sie, wie Sie Spieleraktionen wie Open Raises und Continuation Bets effektiv verfolgen k\u00f6nnen.","og_url":"https:\/\/hand2noteguide.com\/guide\/creating-stats\/simple\/","og_site_name":"Hand2Note Guide","article_modified_time":"2025-06-04T14:51:25+00:00","og_image":[{"url":"https:\/\/hand2noteguide.com\/wp-content\/uploads\/2019\/05\/hand2note-create-open-raise-stat.png","type":"","width":"","height":""}],"twitter_card":"summary_large_image","twitter_misc":{"Est. reading time":"5 minutes"},"schema":{"@context":"https:\/\/schema.org","@graph":[]}},"jetpack_sharing_enabled":false,"_links":{"self":[{"href":"https:\/\/hand2noteguide.com\/de\/wp-json\/wp\/v2\/pages\/548","targetHints":{"allow":["GET"]}}],"collection":[{"href":"https:\/\/hand2noteguide.com\/de\/wp-json\/wp\/v2\/pages"}],"about":[{"href":"https:\/\/hand2noteguide.com\/de\/wp-json\/wp\/v2\/types\/page"}],"author":[{"embeddable":true,"href":"https:\/\/hand2noteguide.com\/de\/wp-json\/wp\/v2\/users\/1"}],"replies":[{"embeddable":true,"href":"https:\/\/hand2noteguide.com\/de\/wp-json\/wp\/v2\/comments?post=548"}],"version-history":[{"count":17,"href":"https:\/\/hand2noteguide.com\/de\/wp-json\/wp\/v2\/pages\/548\/revisions"}],"predecessor-version":[{"id":13521,"href":"https:\/\/hand2noteguide.com\/de\/wp-json\/wp\/v2\/pages\/548\/revisions\/13521"}],"up":[{"embeddable":true,"href":"https:\/\/hand2noteguide.com\/de\/wp-json\/wp\/v2\/pages\/468"}],"wp:attachment":[{"href":"https:\/\/hand2noteguide.com\/de\/wp-json\/wp\/v2\/media?parent=548"}],"curies":[{"name":"wp","href":"https:\/\/api.w.org\/{rel}","templated":true}]}}