{"id":555,"date":"2018-11-07T15:03:18","date_gmt":"2018-11-07T12:03:18","guid":{"rendered":"https:\/\/h2n312.wordpress.com\/?page_id=555"},"modified":"2025-06-04T17:50:35","modified_gmt":"2025-06-04T14:50:35","slug":"expression","status":"publish","type":"page","link":"https:\/\/hand2noteguide.com\/de\/guide\/creating-stats\/expression\/","title":{"rendered":"Ausdrucksstatistiken"},"content":{"rendered":"<p><a href=\"http:\/\/www.hand2note.com\/Help\/Index\/ExpressionStats\" target=\"_blank\" rel=\"noopener noreferrer\">Ausdrucksstatistiken<\/a> sind im Wesentlichen mathematische Formeln, die aus <a href=\"https:\/\/hand2noteguide.com\/de\/guide\/creating-stats\/simple\/\">einfachen Statistiken<\/a> bestehen. Um eine solche Statistik zu erstellen, m\u00fcssen Sie lediglich die gew\u00fcnschte Formel angeben. Die <a href=\"http:\/\/www.hand2note.com\/Help\/Index\/ExpressionSyntax\" target=\"_blank\" rel=\"noopener noreferrer\">Ausdruckssyntax<\/a> wird im Handbuch auf der offiziellen Seite beschrieben.<\/p>\n<h2><strong>Beispiele<\/strong><\/h2>\n<p>Der Name der Statistik in Hand2Note wird in Klammern angegeben, falls sie nach der Installation standardm\u00e4\u00dfig im Programm vorhanden ist.<\/p>\n<ul>\n<li>WTSD (<em>Went to Showdown<\/em>)<br \/>\n<blockquote style=\"margin-top: 15px\"><p>WentToSDCases(Flop Any Action) \/ Cases(Flop Any Action) * 100<\/p><\/blockquote>\n<p>Flop Any Action ist eine speziell erstellte einfache Statistik, die f\u00fcr sich genommen keinen Sinn ergibt. Sie beschreibt die Situationen, in denen der Gegner eine beliebige Aktion am Flop ausf\u00fchrt. Eine solche Statistik wird immer einen Wert von 100 haben, aber eine Ausdrucksstatistik <em>Cases(Flop Any Action)<\/em> bedeutet die Anzahl der H\u00e4nde, in denen der Spieler den Flop gesehen hat, und <em>WentToSDCases(Flop Any Action) &#8211; <\/em>die Anzahl der H\u00e4nde, in denen der Gegner den Showdown erreicht hat, nachdem er den Flop gesehen hat. Any Action Statistiken f\u00fcr jede Stra\u00dfe sind standardm\u00e4\u00dfig im Programm enthalten.<\/li>\n<li>W$SD (<em>Won at Showdown<\/em>)<br \/>\n<blockquote style=\"margin-top: 15px\"><p>WonHandAtSDCases(preflop any action) \/ WentToSDCases(preflop any action) * 100<\/p><\/blockquote>\n<\/li>\n<li>WWSF (<em>Won When Seen Flop<\/em>)<br \/>\n<blockquote style=\"margin-top: 15px\"><p>WonHandCases(flop any action) \/ Cases(flop any action) * 100<\/p><\/blockquote>\n<\/li>\n<li>AFq Flop (<em>Aggression Frequency Flop<\/em>)<br \/>\n<blockquote style=\"margin-top: 15px\"><p>Cases(Flop Raise or Bet)\/Cases(Flop Any Action) * 100<\/p><\/blockquote>\n<\/li>\n<li>AF Flop (<em>Aggression Flop<\/em>)<br \/>\n<blockquote style=\"margin-top: 15px\"><p>(Cases(Bet Flop) + Cases(Raise Flop)) \/ (Cases(Call Flop))<\/p><\/blockquote>\n<\/li>\n<li>4Bet Range (<em>4Bet Range<\/em>)<br \/>\n<blockquote style=\"margin-top: 15px\"><p>Value(Open Raise) * Value(4Bet) \/ 100<\/p><\/blockquote>\n<\/li>\n<\/ul>\n<p>Siehe auch:<\/p>\n<ul>\n<li><a href=\"https:\/\/hand2noteguide.com\/de\/guide\/hud\/add-aggression-wtsd\/\">Wie man Aggressions- und Showdown-Statistiken in das HUD einf\u00fcgt<\/a><\/li>\n<\/ul>\n","protected":false},"excerpt":{"rendered":"<p>Ausdrucksstatistiken sind im Wesentlichen mathematische Formeln, die aus einfachen Statistiken bestehen. Um eine solche Statistik zu erstellen, m\u00fcssen Sie lediglich die gew\u00fcnschte Formel angeben. Die Ausdruckssyntax wird im Handbuch auf der offiziellen Seite beschrieben. Beispiele Der Name der Statistik in Hand2Note wird in Klammern angegeben, falls sie nach der Installation standardm\u00e4\u00dfig im Programm vorhanden ist. &hellip; <a href=\"https:\/\/hand2noteguide.com\/de\/guide\/creating-stats\/expression\/\" class=\"more-link\">Continue reading <span class=\"screen-reader-text\">Ausdrucksstatistiken<\/span><\/a><\/p>\n","protected":false},"author":1,"featured_media":0,"parent":468,"menu_order":2,"comment_status":"closed","ping_status":"closed","template":"page-templates\/full-width-page.php","meta":{"footnotes":""},"class_list":["post-555","page","type-page","status-publish","hentry"],"translation":{"provider":"WPGlobus","version":"3.0.2","language":"de","enabled_languages":["en","ru","pt","zh","es","fr","de","it","ja"],"languages":{"en":{"title":true,"content":true,"excerpt":false},"ru":{"title":true,"content":true,"excerpt":false},"pt":{"title":true,"content":true,"excerpt":false},"zh":{"title":true,"content":true,"excerpt":false},"es":{"title":true,"content":true,"excerpt":false},"fr":{"title":true,"content":true,"excerpt":false},"de":{"title":true,"content":true,"excerpt":false},"it":{"title":true,"content":true,"excerpt":false},"ja":{"title":true,"content":true,"excerpt":false}}},"yoast_head":"<!-- This site is optimized with the Yoast SEO plugin v27.0 - https:\/\/yoast.com\/product\/yoast-seo-wordpress\/ -->\n<title>Ausdrucksstatistiken in Hand2Note 3<\/title>\n<meta name=\"description\" content=\"Erfahren Sie, wie Sie Ausdrucksstatistiken in Hand2Note erstellen und verwenden. Dieser Leitfaden bietet Beispiele und Tipps, um Ihre Pokerstrategie effektiv zu verbessern.\" \/>\n<meta name=\"robots\" content=\"index, follow, max-snippet:-1, max-image-preview:large, max-video-preview:-1\" \/>\n<link rel=\"canonical\" href=\"https:\/\/hand2noteguide.com\/guide\/creating-stats\/expression\/\" \/>\n<meta property=\"og:locale\" content=\"de_DE\" \/>\n<meta property=\"og:type\" content=\"article\" \/>\n<meta property=\"og:title\" content=\"Ausdrucksstatistiken in Hand2Note 3\" \/>\n<meta property=\"og:description\" content=\"Erfahren Sie, wie Sie Ausdrucksstatistiken in Hand2Note erstellen und verwenden. Dieser Leitfaden bietet Beispiele und Tipps, um Ihre Pokerstrategie effektiv zu verbessern.\" \/>\n<meta property=\"og:url\" content=\"https:\/\/hand2noteguide.com\/guide\/creating-stats\/expression\/\" \/>\n<meta property=\"og:site_name\" content=\"Hand2Note Guide\" \/>\n<meta property=\"article:modified_time\" content=\"2025-06-04T14:50:35+00:00\" \/>\n<meta name=\"twitter:card\" content=\"summary_large_image\" \/>\n<meta name=\"twitter:label1\" content=\"Est. reading time\" \/>\n\t<meta name=\"twitter:data1\" content=\"9 minutes\" \/>\n<!-- \/ Yoast SEO plugin. -->","yoast_head_json":{"title":"Ausdrucksstatistiken in Hand2Note 3","description":"Erfahren Sie, wie Sie Ausdrucksstatistiken in Hand2Note erstellen und verwenden. Dieser Leitfaden bietet Beispiele und Tipps, um Ihre Pokerstrategie effektiv zu verbessern.","robots":{"index":"index","follow":"follow","max-snippet":"max-snippet:-1","max-image-preview":"max-image-preview:large","max-video-preview":"max-video-preview:-1"},"canonical":"https:\/\/hand2noteguide.com\/guide\/creating-stats\/expression\/","og_locale":"de_DE","og_type":"article","og_title":"Ausdrucksstatistiken in Hand2Note 3","og_description":"Erfahren Sie, wie Sie Ausdrucksstatistiken in Hand2Note erstellen und verwenden. Dieser Leitfaden bietet Beispiele und Tipps, um Ihre Pokerstrategie effektiv zu verbessern.","og_url":"https:\/\/hand2noteguide.com\/guide\/creating-stats\/expression\/","og_site_name":"Hand2Note Guide","article_modified_time":"2025-06-04T14:50:35+00:00","twitter_card":"summary_large_image","twitter_misc":{"Est. reading time":"9 minutes"},"schema":{"@context":"https:\/\/schema.org","@graph":[]}},"jetpack_sharing_enabled":false,"_links":{"self":[{"href":"https:\/\/hand2noteguide.com\/de\/wp-json\/wp\/v2\/pages\/555","targetHints":{"allow":["GET"]}}],"collection":[{"href":"https:\/\/hand2noteguide.com\/de\/wp-json\/wp\/v2\/pages"}],"about":[{"href":"https:\/\/hand2noteguide.com\/de\/wp-json\/wp\/v2\/types\/page"}],"author":[{"embeddable":true,"href":"https:\/\/hand2noteguide.com\/de\/wp-json\/wp\/v2\/users\/1"}],"replies":[{"embeddable":true,"href":"https:\/\/hand2noteguide.com\/de\/wp-json\/wp\/v2\/comments?post=555"}],"version-history":[{"count":18,"href":"https:\/\/hand2noteguide.com\/de\/wp-json\/wp\/v2\/pages\/555\/revisions"}],"predecessor-version":[{"id":13520,"href":"https:\/\/hand2noteguide.com\/de\/wp-json\/wp\/v2\/pages\/555\/revisions\/13520"}],"up":[{"embeddable":true,"href":"https:\/\/hand2noteguide.com\/de\/wp-json\/wp\/v2\/pages\/468"}],"wp:attachment":[{"href":"https:\/\/hand2noteguide.com\/de\/wp-json\/wp\/v2\/media?parent=555"}],"curies":[{"name":"wp","href":"https:\/\/api.w.org\/{rel}","templated":true}]}}