{"id":572,"date":"2018-11-10T10:52:59","date_gmt":"2018-11-10T07:52:59","guid":{"rendered":"https:\/\/h2n312.wordpress.com\/?page_id=572"},"modified":"2025-06-04T17:49:49","modified_gmt":"2025-06-04T14:49:49","slug":"system-requirements","status":"publish","type":"page","link":"https:\/\/hand2noteguide.com\/de\/guide\/system-requirements\/","title":{"rendered":"Systemanforderungen"},"content":{"rendered":"<p>Hand2Note ist gut optimiert und in der Standardkonfiguration nicht ressourcenintensiv.<\/p>\n<p>Minimale Systemanforderungen laut offizieller Website:<\/p>\n<ul>\n<li>windows 7+<\/li>\n<li>2gb+ RAM<\/li>\n<\/ul>\n<p>Die Geschwindigkeit und Stabilit\u00e4t der Hand2Note-Leistung h\u00e4ngt weitgehend von der Gr\u00f6\u00dfe Ihrer <a href=\"https:\/\/hand2noteguide.com\/de\/guide\/database\/\">Datenbank<\/a> und der Anzahl sowie der Komplexit\u00e4t der verwendeten <a href=\"https:\/\/hand2noteguide.com\/de\/guide\/creating-stats\/\">Stats<\/a> ab. Sie k\u00f6nnen Hand2Note auf ziemlich schwachen Ger\u00e4ten verwenden, sollten jedoch verstehen, dass der Import langsam funktioniert und Sie keine komplexen dynamischen <a href=\"https:\/\/hand2noteguide.com\/de\/guide\/hud\/\">HUD<\/a>s verwenden k\u00f6nnen.<\/p>\n<p>Wenn Sie in <a href=\"https:\/\/hand2noteguide.com\/de\/asian\/\">asiatischen R\u00e4umen<\/a> spielen m\u00f6chten, sollten Sie definitiv st\u00e4rkere Optionen in Betracht ziehen, da Android-Emulatoren prozessorintensiv sind. F\u00fcr weitere Informationen zu den Systemanforderungen f\u00fcr das Spielen \u00fcber den Emulator ist es besser, sich bei den Partnern zu erkundigen.<\/p>\n<p>Siehe auch: <a href=\"https:\/\/hand2noteguide.com\/de\/issues-resolving\/hand2note-lags\/\">Was tun, wenn Hand2Note einfriert oder langsam arbeitet?<\/a><\/p>\n","protected":false},"excerpt":{"rendered":"<p>Hand2Note ist gut optimiert und in der Standardkonfiguration nicht ressourcenintensiv. Minimale Systemanforderungen laut offizieller Website: windows 7+ 2gb+ RAM Die Geschwindigkeit und Stabilit\u00e4t der Hand2Note-Leistung h\u00e4ngt weitgehend von der Gr\u00f6\u00dfe Ihrer Datenbank und der Anzahl sowie der Komplexit\u00e4t der verwendeten Stats ab. Sie k\u00f6nnen Hand2Note auf ziemlich schwachen Ger\u00e4ten verwenden, sollten jedoch verstehen, dass der &hellip; <a href=\"https:\/\/hand2noteguide.com\/de\/guide\/system-requirements\/\" class=\"more-link\">Continue reading <span class=\"screen-reader-text\">Systemanforderungen<\/span><\/a><\/p>\n","protected":false},"author":1,"featured_media":0,"parent":74,"menu_order":0,"comment_status":"closed","ping_status":"closed","template":"page-templates\/full-width-page.php","meta":{"footnotes":""},"class_list":["post-572","page","type-page","status-publish","hentry"],"translation":{"provider":"WPGlobus","version":"3.0.2","language":"de","enabled_languages":["en","ru","pt","zh","es","fr","de","it","ja"],"languages":{"en":{"title":true,"content":true,"excerpt":false},"ru":{"title":true,"content":true,"excerpt":false},"pt":{"title":true,"content":true,"excerpt":false},"zh":{"title":true,"content":true,"excerpt":false},"es":{"title":true,"content":true,"excerpt":false},"fr":{"title":true,"content":true,"excerpt":false},"de":{"title":true,"content":true,"excerpt":false},"it":{"title":true,"content":true,"excerpt":false},"ja":{"title":true,"content":true,"excerpt":false}}},"yoast_head":"<!-- This site is optimized with the Yoast SEO plugin v27.0 - https:\/\/yoast.com\/product\/yoast-seo-wordpress\/ -->\n<title>Optimale Systemanforderungen f\u00fcr die Hand2Note-Leistung<\/title>\n<meta name=\"description\" content=\"Entdecken Sie die minimalen und optimalen Systemanforderungen f\u00fcr Hand2Note, um eine reibungslose Leistung und Stabilit\u00e4t, auch in anspruchsvollen Umgebungen, zu gew\u00e4hrleisten.\" \/>\n<meta name=\"robots\" content=\"index, follow, max-snippet:-1, max-image-preview:large, max-video-preview:-1\" \/>\n<link rel=\"canonical\" href=\"https:\/\/hand2noteguide.com\/guide\/system-requirements\/\" \/>\n<meta property=\"og:locale\" content=\"de_DE\" \/>\n<meta property=\"og:type\" content=\"article\" \/>\n<meta property=\"og:title\" content=\"Optimale Systemanforderungen f\u00fcr die Hand2Note-Leistung\" \/>\n<meta property=\"og:description\" content=\"Entdecken Sie die minimalen und optimalen Systemanforderungen f\u00fcr Hand2Note, um eine reibungslose Leistung und Stabilit\u00e4t, auch in anspruchsvollen Umgebungen, zu gew\u00e4hrleisten.\" \/>\n<meta property=\"og:url\" content=\"https:\/\/hand2noteguide.com\/guide\/system-requirements\/\" \/>\n<meta property=\"og:site_name\" content=\"Hand2Note Guide\" \/>\n<meta property=\"article:modified_time\" content=\"2025-06-04T14:49:49+00:00\" \/>\n<meta name=\"twitter:card\" content=\"summary_large_image\" \/>\n<meta name=\"twitter:label1\" content=\"Est. reading time\" \/>\n\t<meta name=\"twitter:data1\" content=\"4 minutes\" \/>\n<!-- \/ Yoast SEO plugin. -->","yoast_head_json":{"title":"Optimale Systemanforderungen f\u00fcr die Hand2Note-Leistung","description":"Entdecken Sie die minimalen und optimalen Systemanforderungen f\u00fcr Hand2Note, um eine reibungslose Leistung und Stabilit\u00e4t, auch in anspruchsvollen Umgebungen, zu gew\u00e4hrleisten.","robots":{"index":"index","follow":"follow","max-snippet":"max-snippet:-1","max-image-preview":"max-image-preview:large","max-video-preview":"max-video-preview:-1"},"canonical":"https:\/\/hand2noteguide.com\/guide\/system-requirements\/","og_locale":"de_DE","og_type":"article","og_title":"Optimale Systemanforderungen f\u00fcr die Hand2Note-Leistung","og_description":"Entdecken Sie die minimalen und optimalen Systemanforderungen f\u00fcr Hand2Note, um eine reibungslose Leistung und Stabilit\u00e4t, auch in anspruchsvollen Umgebungen, zu gew\u00e4hrleisten.","og_url":"https:\/\/hand2noteguide.com\/guide\/system-requirements\/","og_site_name":"Hand2Note Guide","article_modified_time":"2025-06-04T14:49:49+00:00","twitter_card":"summary_large_image","twitter_misc":{"Est. reading time":"4 minutes"},"schema":{"@context":"https:\/\/schema.org","@graph":[]}},"jetpack_sharing_enabled":false,"_links":{"self":[{"href":"https:\/\/hand2noteguide.com\/de\/wp-json\/wp\/v2\/pages\/572","targetHints":{"allow":["GET"]}}],"collection":[{"href":"https:\/\/hand2noteguide.com\/de\/wp-json\/wp\/v2\/pages"}],"about":[{"href":"https:\/\/hand2noteguide.com\/de\/wp-json\/wp\/v2\/types\/page"}],"author":[{"embeddable":true,"href":"https:\/\/hand2noteguide.com\/de\/wp-json\/wp\/v2\/users\/1"}],"replies":[{"embeddable":true,"href":"https:\/\/hand2noteguide.com\/de\/wp-json\/wp\/v2\/comments?post=572"}],"version-history":[{"count":13,"href":"https:\/\/hand2noteguide.com\/de\/wp-json\/wp\/v2\/pages\/572\/revisions"}],"predecessor-version":[{"id":13519,"href":"https:\/\/hand2noteguide.com\/de\/wp-json\/wp\/v2\/pages\/572\/revisions\/13519"}],"up":[{"embeddable":true,"href":"https:\/\/hand2noteguide.com\/de\/wp-json\/wp\/v2\/pages\/74"}],"wp:attachment":[{"href":"https:\/\/hand2noteguide.com\/de\/wp-json\/wp\/v2\/media?parent=572"}],"curies":[{"name":"wp","href":"https:\/\/api.w.org\/{rel}","templated":true}]}}