{"id":5748,"date":"2022-04-11T16:53:49","date_gmt":"2022-04-11T13:53:49","guid":{"rendered":"http:\/\/hand2noteguide.com\/?page_id=5748"},"modified":"2025-06-04T15:49:44","modified_gmt":"2025-06-04T12:49:44","slug":"ggpoker-import","status":"publish","type":"page","link":"https:\/\/hand2noteguide.com\/de\/ggpoker-hh\/ggpoker-import\/","title":{"rendered":"Wie man GGpoker-H\u00e4nde in Hand2Note importiert"},"content":{"rendered":"\n<p>In diesem Artikel betrachten wir Schritt f\u00fcr Schritt, wie man Poker-Handhistorien vom GG Network in Hand2Note importiert.<\/p>\n\n\n\n<p>Zun\u00e4chst m\u00fcssen Sie Ihre Handhistorien vom GG Network Pokerraum anfordern und sie mit unserem <a href=\"https:\/\/hand2noteguide.com\/de\/ggpoker-hh\/\"><strong>Converter<\/strong><\/a> in ein von Hand2Note unterst\u00fctztes Format konvertieren. Sobald Sie Ihre konvertierte Handhistorie erhalten haben, k\u00f6nnen Sie loslegen.<\/p>\n\n\n\n<div class=\"green-block\">\n<p style=\"margin-bottom:16px;font-weight:600;font-size: 18px\">Tipp: Erstellen einer separaten Datenbank f\u00fcr GGpoker-H\u00e4nde<\/p>\n<p style=\"margin-bottom:6px\">Wenn Sie Hand2Note bereits verwendet haben und Ihre GGpoker-H\u00e4nde nicht mit der aktuellen Datenbank vermischen m\u00f6chten, <a target=\"_blank\" href=\"\/de\/guide\/database\/create-database\/\" rel=\"noopener noreferrer\">erstellen Sie eine neue Datenbank<\/a>, bevor Sie mit dem Import beginnen. Sie k\u00f6nnen jederzeit zwischen den Datenbanken wechseln. Wenn Sie neu bei Hand2Note sind, ignorieren Sie dies.<\/p>\n<\/div>\n\n\n\n<p>Um Ihre Dateien in Hand2Note zu importieren, starten Sie einfach die Software, klicken Sie auf &#8220;Importieren&#8230;&#8221; und w\u00e4hlen Sie entweder &#8220;Aus Ordner&#8221; oder &#8220;Aus Dateien&#8221;.<\/p>\n\n\n\n<figure class=\"wp-block-image size-large\"><img loading=\"lazy\" decoding=\"async\" width=\"1024\" height=\"711\" src=\"https:\/\/hand2noteguide.com\/wp-content\/uploads\/2022\/04\/image-8-1024x711.png\" alt=\"\" class=\"wp-image-5752\" srcset=\"https:\/\/hand2noteguide.com\/wp-content\/uploads\/2022\/04\/image-8-1024x711.png 1024w, https:\/\/hand2noteguide.com\/wp-content\/uploads\/2022\/04\/image-8-300x208.png 300w, https:\/\/hand2noteguide.com\/wp-content\/uploads\/2022\/04\/image-8-768x533.png 768w, https:\/\/hand2noteguide.com\/wp-content\/uploads\/2022\/04\/image-8-1536x1066.png 1536w, https:\/\/hand2noteguide.com\/wp-content\/uploads\/2022\/04\/image-8-2048x1422.png 2048w, https:\/\/hand2noteguide.com\/wp-content\/uploads\/2022\/04\/image-8-772x536.png 772w, https:\/\/hand2noteguide.com\/wp-content\/uploads\/2022\/04\/image-8-624x433.png 624w\" sizes=\"auto, (max-width: 1024px) 100vw, 1024px\" \/><figcaption>Handhistorien in Hand2Note importieren<\/figcaption><\/figure>\n\n\n\n<p>W\u00e4hlen Sie Ihren Zielordner oder die Dateien mit Ihren H\u00e4nden aus und warten Sie, bis der Import- und Statistikaufbau abgeschlossen ist.<\/p>\n\n\n\n<p>Wenn alles korrekt durchgef\u00fchrt wurde, erscheint die Liste der Spieler. Alle Spieler haben zuf\u00e4llige Spitznamen, au\u00dfer Ihrem <strong>Hero<\/strong>. Das liegt daran, dass die Handhistorien des GG Network anonym sind.<\/p>\n\n\n\n<figure class=\"wp-block-image size-large\"><img loading=\"lazy\" decoding=\"async\" width=\"1024\" height=\"714\" src=\"https:\/\/hand2noteguide.com\/wp-content\/uploads\/2022\/04\/image-10-1024x714.png\" alt=\"\" class=\"wp-image-5755\" srcset=\"https:\/\/hand2noteguide.com\/wp-content\/uploads\/2022\/04\/image-10-1024x714.png 1024w, https:\/\/hand2noteguide.com\/wp-content\/uploads\/2022\/04\/image-10-300x209.png 300w, https:\/\/hand2noteguide.com\/wp-content\/uploads\/2022\/04\/image-10-768x536.png 768w, https:\/\/hand2noteguide.com\/wp-content\/uploads\/2022\/04\/image-10-1536x1071.png 1536w, https:\/\/hand2noteguide.com\/wp-content\/uploads\/2022\/04\/image-10-2048x1428.png 2048w, https:\/\/hand2noteguide.com\/wp-content\/uploads\/2022\/04\/image-10-772x538.png 772w, https:\/\/hand2noteguide.com\/wp-content\/uploads\/2022\/04\/image-10-624x435.png 624w\" sizes=\"auto, (max-width: 1024px) 100vw, 1024px\" \/><figcaption>Import abgeschlossen: Spielerliste erscheint<\/figcaption><\/figure>\n\n\n\n<p>Jetzt sind Sie bereit, mit der Software zu arbeiten. Folgen Sie unserem Leitfaden zu <a href=\"https:\/\/hand2noteguide.com\/de\/ggpoker-analyze\/\"><strong>wie Sie Ihre GGPoker-H\u00e4nde in Hand2Note effizient analysieren<\/strong><\/a>.<\/p>\n","protected":false},"excerpt":{"rendered":"<p>In diesem Artikel betrachten wir Schritt f\u00fcr Schritt, wie man Poker-Handhistorien vom GG Network in Hand2Note importiert. Zun\u00e4chst m\u00fcssen Sie Ihre Handhistorien vom GG Network Pokerraum anfordern und sie mit unserem Converter in ein von Hand2Note unterst\u00fctztes Format konvertieren. Sobald Sie Ihre konvertierte Handhistorie erhalten haben, k\u00f6nnen Sie loslegen. Tipp: Erstellen einer separaten Datenbank f\u00fcr &hellip; <a href=\"https:\/\/hand2noteguide.com\/de\/ggpoker-hh\/ggpoker-import\/\" class=\"more-link\">Continue reading <span class=\"screen-reader-text\">Wie man GGpoker-H\u00e4nde in Hand2Note importiert<\/span><\/a><\/p>\n","protected":false},"author":1,"featured_media":0,"parent":4885,"menu_order":0,"comment_status":"closed","ping_status":"closed","template":"page-templates\/full-width-page.php","meta":{"footnotes":""},"class_list":["post-5748","page","type-page","status-publish","hentry"],"translation":{"provider":"WPGlobus","version":"3.0.2","language":"de","enabled_languages":["en","ru","pt","zh","es","fr","de","it","ja"],"languages":{"en":{"title":true,"content":true,"excerpt":false},"ru":{"title":true,"content":true,"excerpt":false},"pt":{"title":true,"content":true,"excerpt":false},"zh":{"title":true,"content":true,"excerpt":false},"es":{"title":true,"content":true,"excerpt":false},"fr":{"title":true,"content":true,"excerpt":false},"de":{"title":true,"content":true,"excerpt":false},"it":{"title":true,"content":true,"excerpt":false},"ja":{"title":true,"content":true,"excerpt":false}}},"yoast_head":"<!-- This site is optimized with the Yoast SEO plugin v27.0 - https:\/\/yoast.com\/product\/yoast-seo-wordpress\/ -->\n<title>Wie man GGpoker-Handhistorien in Hand2Note importiert<\/title>\n<meta name=\"description\" content=\"Erfahren Sie, wie Sie GGpoker-Handhistorien m\u00fchelos in Hand2Note importieren. Folgen Sie unserer Schritt-f\u00fcr-Schritt-Anleitung, um schnell und effizient zu starten.\" \/>\n<meta name=\"robots\" content=\"index, follow, max-snippet:-1, max-image-preview:large, max-video-preview:-1\" \/>\n<link rel=\"canonical\" href=\"https:\/\/hand2noteguide.com\/ggpoker-hh\/ggpoker-import\/\" \/>\n<meta property=\"og:locale\" content=\"de_DE\" \/>\n<meta property=\"og:type\" content=\"article\" \/>\n<meta property=\"og:title\" content=\"Wie man GGpoker-Handhistorien in Hand2Note importiert\" \/>\n<meta property=\"og:description\" content=\"Erfahren Sie, wie Sie GGpoker-Handhistorien m\u00fchelos in Hand2Note importieren. Folgen Sie unserer Schritt-f\u00fcr-Schritt-Anleitung, um schnell und effizient zu starten.\" \/>\n<meta property=\"og:url\" content=\"https:\/\/hand2noteguide.com\/ggpoker-hh\/ggpoker-import\/\" \/>\n<meta property=\"og:site_name\" content=\"Hand2Note Guide\" \/>\n<meta property=\"article:modified_time\" content=\"2025-06-04T12:49:44+00:00\" \/>\n<meta property=\"og:image\" content=\"http:\/\/hand2noteguide.com\/wp-content\/uploads\/2022\/04\/image-8-1024x711.png\" \/>\n<meta name=\"twitter:card\" content=\"summary_large_image\" \/>\n<meta name=\"twitter:label1\" content=\"Est. reading time\" \/>\n\t<meta name=\"twitter:data1\" content=\"8 minutes\" \/>\n<!-- \/ Yoast SEO plugin. -->","yoast_head_json":{"title":"Wie man GGpoker-Handhistorien in Hand2Note importiert","description":"Erfahren Sie, wie Sie GGpoker-Handhistorien m\u00fchelos in Hand2Note importieren. Folgen Sie unserer Schritt-f\u00fcr-Schritt-Anleitung, um schnell und effizient zu starten.","robots":{"index":"index","follow":"follow","max-snippet":"max-snippet:-1","max-image-preview":"max-image-preview:large","max-video-preview":"max-video-preview:-1"},"canonical":"https:\/\/hand2noteguide.com\/ggpoker-hh\/ggpoker-import\/","og_locale":"de_DE","og_type":"article","og_title":"Wie man GGpoker-Handhistorien in Hand2Note importiert","og_description":"Erfahren Sie, wie Sie GGpoker-Handhistorien m\u00fchelos in Hand2Note importieren. Folgen Sie unserer Schritt-f\u00fcr-Schritt-Anleitung, um schnell und effizient zu starten.","og_url":"https:\/\/hand2noteguide.com\/ggpoker-hh\/ggpoker-import\/","og_site_name":"Hand2Note Guide","article_modified_time":"2025-06-04T12:49:44+00:00","og_image":[{"url":"http:\/\/hand2noteguide.com\/wp-content\/uploads\/2022\/04\/image-8-1024x711.png","type":"","width":"","height":""}],"twitter_card":"summary_large_image","twitter_misc":{"Est. reading time":"8 minutes"},"schema":{"@context":"https:\/\/schema.org","@graph":[]}},"jetpack_sharing_enabled":true,"_links":{"self":[{"href":"https:\/\/hand2noteguide.com\/de\/wp-json\/wp\/v2\/pages\/5748","targetHints":{"allow":["GET"]}}],"collection":[{"href":"https:\/\/hand2noteguide.com\/de\/wp-json\/wp\/v2\/pages"}],"about":[{"href":"https:\/\/hand2noteguide.com\/de\/wp-json\/wp\/v2\/types\/page"}],"author":[{"embeddable":true,"href":"https:\/\/hand2noteguide.com\/de\/wp-json\/wp\/v2\/users\/1"}],"replies":[{"embeddable":true,"href":"https:\/\/hand2noteguide.com\/de\/wp-json\/wp\/v2\/comments?post=5748"}],"version-history":[{"count":28,"href":"https:\/\/hand2noteguide.com\/de\/wp-json\/wp\/v2\/pages\/5748\/revisions"}],"predecessor-version":[{"id":13446,"href":"https:\/\/hand2noteguide.com\/de\/wp-json\/wp\/v2\/pages\/5748\/revisions\/13446"}],"up":[{"embeddable":true,"href":"https:\/\/hand2noteguide.com\/de\/wp-json\/wp\/v2\/pages\/4885"}],"wp:attachment":[{"href":"https:\/\/hand2noteguide.com\/de\/wp-json\/wp\/v2\/media?parent=5748"}],"curies":[{"name":"wp","href":"https:\/\/api.w.org\/{rel}","templated":true}]}}