{"id":5761,"date":"2022-04-11T17:19:26","date_gmt":"2022-04-11T14:19:26","guid":{"rendered":"http:\/\/hand2noteguide.com\/?page_id=5761"},"modified":"2025-06-04T15:48:56","modified_gmt":"2025-06-04T12:48:56","slug":"ggpoker-analyze","status":"publish","type":"page","link":"https:\/\/hand2noteguide.com\/de\/ggpoker-hh\/ggpoker-analyze\/","title":{"rendered":"GGPoker-Analyse in Hand2Note"},"content":{"rendered":"\n<p>Nachdem Sie Ihre <a href=\"https:\/\/hand2noteguide.com\/de\/ggpoker-import\/\">GG Network Poker-Hand-Histories in Hand2Note importiert<\/a> haben, k\u00f6nnen Sie mit Ihrer Datenbank arbeiten. Die Hand-Histories aus den GG Network-R\u00e4umen sind anonym, aber Sie k\u00f6nnen dennoch alle erstaunlichen H2N-Analysefunktionen nutzen, um Ihr Spiel aus allen m\u00f6glichen Blickwinkeln zu analysieren!<\/p>\n\n\n\n<div class=\"green-block\">\n<p style=\"margin-bottom:16px;font-weight:600;font-size: 18px\">Tipp: Holen Sie sich spezielle <a target=\"_blank\" href=\"https:\/\/hand2noteguide.com\/de\/hud-store\/simple-cash\/\" rel=\"noopener noreferrer\"><b>GGPoker Popups<\/b><\/a> f\u00fcr eine effiziente Analyse<\/p>\n<p style=\"margin-bottom:6px\">In diesem Artikel verwenden wir GGPoker-Popups, die Sie in <a target=\"_blank\" href=\"https:\/\/store.hand2noteguide.com\/\" rel=\"noopener noreferrer\">unserem Shop<\/a> f\u00fcr nur 29 $ erwerben k\u00f6nnen. Das Paket enth\u00e4lt ein komplettes Set notwendiger Stats f\u00fcr eine effektive Analyse Ihres Spiels und der Trends Ihrer Gegner.<\/p>\n<\/div>\n\n\n\n<p>Beginnen wir mit einer einfachen Sache &#8211; \u00f6ffnen Sie ein Popup f\u00fcr sich selbst, indem Sie im Hauptfenster doppelt auf den Hero-Nickname in der Liste klicken.<\/p>\n\n\n\n<figure class=\"wp-block-image size-large\"><img loading=\"lazy\" decoding=\"async\" width=\"1024\" height=\"738\" src=\"https:\/\/hand2noteguide.com\/wp-content\/uploads\/2022\/04\/image-11-1024x738.png\" alt=\"\" class=\"wp-image-5776\" srcset=\"https:\/\/hand2noteguide.com\/wp-content\/uploads\/2022\/04\/image-11-1024x738.png 1024w, https:\/\/hand2noteguide.com\/wp-content\/uploads\/2022\/04\/image-11-300x216.png 300w, https:\/\/hand2noteguide.com\/wp-content\/uploads\/2022\/04\/image-11-768x554.png 768w, https:\/\/hand2noteguide.com\/wp-content\/uploads\/2022\/04\/image-11-1536x1108.png 1536w, https:\/\/hand2noteguide.com\/wp-content\/uploads\/2022\/04\/image-11-2048x1477.png 2048w, https:\/\/hand2noteguide.com\/wp-content\/uploads\/2022\/04\/image-11-772x557.png 772w, https:\/\/hand2noteguide.com\/wp-content\/uploads\/2022\/04\/image-11-624x450.png 624w\" sizes=\"auto, (max-width: 1024px) 100vw, 1024px\" \/><figcaption class=\"wp-element-caption\">Allgemeines Popup f\u00fcr Hero<\/figcaption><\/figure>\n\n\n\n<p>Sie sehen das allgemeine Popup mit all Ihren Stats. Neben der offensichtlichen \u00dcberpr\u00fcfung der Stats-Werte nutzen Sie die <a aria-label=\"undefined (opens in a new tab)\" href=\"https:\/\/hand2note.com\/Help\/pages\/ExtendedPopup\/\" target=\"_blank\" rel=\"noreferrer noopener nofollow\">erweiterte Popup-<\/a>Funktion: <strong>fahren Sie mit der Maus \u00fcber einen beliebigen Stat<\/strong>, und Sie sehen ein zus\u00e4tzliches Popup mit umfangreichen Informationen zu diesem speziellen Stat.<\/p>\n\n\n\n<p>Im folgenden Beispiel haben wir \u00fcber den <strong>Flop Cbet<\/strong>-Stat gefahren und sofort viele zus\u00e4tzliche Informationen erhalten, wie z.B. die Verteilung der Einsatzgr\u00f6\u00dfen, EV bb\/100, die Zusammensetzung der Handst\u00e4rkenbereiche und eine Liste der tats\u00e4chlichen Showdowns:<\/p>\n\n\n\n<figure class=\"wp-block-image size-large\"><img loading=\"lazy\" decoding=\"async\" width=\"1024\" height=\"617\" src=\"https:\/\/hand2noteguide.com\/wp-content\/uploads\/2022\/04\/image-12-1024x617.png\" alt=\"\" class=\"wp-image-5780\" srcset=\"https:\/\/hand2noteguide.com\/wp-content\/uploads\/2022\/04\/image-12-1024x617.png 1024w, https:\/\/hand2noteguide.com\/wp-content\/uploads\/2022\/04\/image-12-300x181.png 300w, https:\/\/hand2noteguide.com\/wp-content\/uploads\/2022\/04\/image-12-768x463.png 768w, https:\/\/hand2noteguide.com\/wp-content\/uploads\/2022\/04\/image-12-1536x926.png 1536w, https:\/\/hand2noteguide.com\/wp-content\/uploads\/2022\/04\/image-12-2048x1234.png 2048w, https:\/\/hand2noteguide.com\/wp-content\/uploads\/2022\/04\/image-12-772x465.png 772w, https:\/\/hand2noteguide.com\/wp-content\/uploads\/2022\/04\/image-12-624x376.png 624w\" sizes=\"auto, (max-width: 1024px) 100vw, 1024px\" \/><figcaption class=\"wp-element-caption\">Zus\u00e4tzliches Popup f\u00fcr den Cbet Flop-Stat<\/figcaption><\/figure>\n\n\n\n<div class=\"green-block\">\n<p style=\"margin-bottom:16px;font-weight:600;font-size: 18px\">Tipp: PRO-Version schaltet das vollst\u00e4ndige Popup frei<\/p>\n<p style=\"margin-bottom:6px\">Die erweiterten Popups f\u00fcr Stats sind in der kostenlosen Version von Hand2Note teilweise nicht verf\u00fcgbar. Kaufen Sie ein <a target=\"_blank\" href=\"https:\/\/hand2note.com\/\" rel=\"noopener\"><b>PRO-Abonnement<\/b><\/a>, um vollen Zugriff auf die fortschrittlichsten Funktionen zu erhalten. Verwenden Sie den Promo-Code <b>GGPOKER10<\/b>, um einen sofortigen <b>10% Rabatt<\/b> zu erhalten!<\/p>\n<\/div>\n\n\n\n<p>Neben der Analyse Ihres eigenen Spiels k\u00f6nnen Sie auch die Schw\u00e4chen Ihrer Gegner finden. Leider k\u00f6nnen Sie keine bestimmten Spieler \u00fcberpr\u00fcfen, da ihre Nicknames in der Datenbank zuf\u00e4llig sind, aber Sie k\u00f6nnen die exklusive <a href=\"https:\/\/hand2noteguide.com\/de\/guide\/range-research\/\"><strong>Range Research<\/strong><\/a>-Funktion nutzen, die es Ihnen erm\u00f6glicht, die Trends bestimmter Spielergruppen zu untersuchen.<\/p>\n\n\n\n<p>Sie k\u00f6nnen <strong>die durchschnittlichen Stats und Ranges von Regs und Fischen<\/strong> in verschiedenen Spielszenarien analysieren. M\u00f6gliche Spots zur Untersuchung:<\/p>\n\n\n\n<ul class=\"wp-block-list\">\n<li>Mit welcher Range check-raisen passive Fische die Flops?<\/li>\n\n\n\n<li>Wie oft folden enge Regs gegen den dritten Barrel?<\/li>\n\n\n\n<li>und vieles mehr.<\/li>\n<\/ul>\n\n\n\n<figure class=\"wp-block-image size-large\"><img loading=\"lazy\" decoding=\"async\" width=\"1024\" height=\"605\" src=\"http:\/\/hand2noteguide.com\/wp-content\/uploads\/2022\/04\/image-15-1024x605.png\" alt=\"\" class=\"wp-image-5838\" srcset=\"https:\/\/hand2noteguide.com\/wp-content\/uploads\/2022\/04\/image-15-1024x605.png 1024w, https:\/\/hand2noteguide.com\/wp-content\/uploads\/2022\/04\/image-15-300x177.png 300w, https:\/\/hand2noteguide.com\/wp-content\/uploads\/2022\/04\/image-15-768x454.png 768w, https:\/\/hand2noteguide.com\/wp-content\/uploads\/2022\/04\/image-15-1536x907.png 1536w, https:\/\/hand2noteguide.com\/wp-content\/uploads\/2022\/04\/image-15-2048x1210.png 2048w, https:\/\/hand2noteguide.com\/wp-content\/uploads\/2022\/04\/image-15-772x456.png 772w, https:\/\/hand2noteguide.com\/wp-content\/uploads\/2022\/04\/image-15-624x369.png 624w\" sizes=\"auto, (max-width: 1024px) 100vw, 1024px\" \/><figcaption class=\"wp-element-caption\">Beispiel f\u00fcr Range Research: wie Fische 3betten<\/figcaption><\/figure>\n\n\n\n<p>Um mehr \u00fcber Range Research zu erfahren, schauen Sie sich den <a href=\"https:\/\/hand2noteguide.com\/de\/video-course\/\"><strong>kompletten Hand2Note-Videokurs<\/strong><\/a> an. Bitte beachten Sie, dass Sie <strong>diesen Kurs kostenlos erhalten<\/strong> k\u00f6nnen, wenn Sie ein j\u00e4hrliches PRO-Abonnement mit dem Promo-Code <strong>GGPOKER10<\/strong> kaufen.<\/p>\n","protected":false},"excerpt":{"rendered":"<p>Nachdem Sie Ihre GG Network Poker-Hand-Histories in Hand2Note importiert haben, k\u00f6nnen Sie mit Ihrer Datenbank arbeiten. Die Hand-Histories aus den GG Network-R\u00e4umen sind anonym, aber Sie k\u00f6nnen dennoch alle erstaunlichen H2N-Analysefunktionen nutzen, um Ihr Spiel aus allen m\u00f6glichen Blickwinkeln zu analysieren! Tipp: Holen Sie sich spezielle GGPoker Popups f\u00fcr eine effiziente Analyse In diesem Artikel &hellip; <a href=\"https:\/\/hand2noteguide.com\/de\/ggpoker-hh\/ggpoker-analyze\/\" class=\"more-link\">Continue reading <span class=\"screen-reader-text\">GGPoker-Analyse in Hand2Note<\/span><\/a><\/p>\n","protected":false},"author":1,"featured_media":0,"parent":4885,"menu_order":0,"comment_status":"closed","ping_status":"closed","template":"page-templates\/full-width-page.php","meta":{"footnotes":""},"class_list":["post-5761","page","type-page","status-publish","hentry"],"translation":{"provider":"WPGlobus","version":"3.0.2","language":"de","enabled_languages":["en","ru","pt","zh","es","fr","de","it","ja"],"languages":{"en":{"title":true,"content":true,"excerpt":false},"ru":{"title":true,"content":true,"excerpt":false},"pt":{"title":true,"content":true,"excerpt":false},"zh":{"title":true,"content":true,"excerpt":false},"es":{"title":true,"content":true,"excerpt":false},"fr":{"title":true,"content":true,"excerpt":false},"de":{"title":true,"content":true,"excerpt":false},"it":{"title":true,"content":true,"excerpt":false},"ja":{"title":true,"content":true,"excerpt":false}}},"yoast_head":"<!-- This site is optimized with the Yoast SEO plugin v27.0 - https:\/\/yoast.com\/product\/yoast-seo-wordpress\/ -->\n<title>GGPoker-Analyse in Hand2Note: Analysieren Sie Ihr Spiel und die Pool-Trends!<\/title>\n<meta name=\"description\" content=\"Entdecken Sie, wie Sie Ihre GGPoker-H\u00e4nde in Hand2Note analysieren k\u00f6nnen. Nutzen Sie Popups und fortschrittliche Funktionen, um Ihr Spiel zu verbessern und Spielertrends zu verstehen.\" \/>\n<meta name=\"robots\" content=\"index, follow, max-snippet:-1, max-image-preview:large, max-video-preview:-1\" \/>\n<link rel=\"canonical\" href=\"https:\/\/hand2noteguide.com\/ggpoker-hh\/ggpoker-analyze\/\" \/>\n<meta property=\"og:locale\" content=\"de_DE\" \/>\n<meta property=\"og:type\" content=\"article\" \/>\n<meta property=\"og:title\" content=\"GGPoker-Analyse in Hand2Note: Analysieren Sie Ihr Spiel und die Pool-Trends!\" \/>\n<meta property=\"og:description\" content=\"Entdecken Sie, wie Sie Ihre GGPoker-H\u00e4nde in Hand2Note analysieren k\u00f6nnen. Nutzen Sie Popups und fortschrittliche Funktionen, um Ihr Spiel zu verbessern und Spielertrends zu verstehen.\" \/>\n<meta property=\"og:url\" content=\"https:\/\/hand2noteguide.com\/ggpoker-hh\/ggpoker-analyze\/\" \/>\n<meta property=\"og:site_name\" content=\"Hand2Note Guide\" \/>\n<meta property=\"article:modified_time\" content=\"2025-06-04T12:48:56+00:00\" \/>\n<meta property=\"og:image\" content=\"https:\/\/hand2noteguide.com\/wp-content\/uploads\/2022\/04\/image-11-1024x738.png\" \/>\n<meta name=\"twitter:card\" content=\"summary_large_image\" \/>\n<meta name=\"twitter:label1\" content=\"Est. reading time\" \/>\n\t<meta name=\"twitter:data1\" content=\"13 minutes\" \/>\n<!-- \/ Yoast SEO plugin. -->","yoast_head_json":{"title":"GGPoker-Analyse in Hand2Note: Analysieren Sie Ihr Spiel und die Pool-Trends!","description":"Entdecken Sie, wie Sie Ihre GGPoker-H\u00e4nde in Hand2Note analysieren k\u00f6nnen. Nutzen Sie Popups und fortschrittliche Funktionen, um Ihr Spiel zu verbessern und Spielertrends zu verstehen.","robots":{"index":"index","follow":"follow","max-snippet":"max-snippet:-1","max-image-preview":"max-image-preview:large","max-video-preview":"max-video-preview:-1"},"canonical":"https:\/\/hand2noteguide.com\/ggpoker-hh\/ggpoker-analyze\/","og_locale":"de_DE","og_type":"article","og_title":"GGPoker-Analyse in Hand2Note: Analysieren Sie Ihr Spiel und die Pool-Trends!","og_description":"Entdecken Sie, wie Sie Ihre GGPoker-H\u00e4nde in Hand2Note analysieren k\u00f6nnen. Nutzen Sie Popups und fortschrittliche Funktionen, um Ihr Spiel zu verbessern und Spielertrends zu verstehen.","og_url":"https:\/\/hand2noteguide.com\/ggpoker-hh\/ggpoker-analyze\/","og_site_name":"Hand2Note Guide","article_modified_time":"2025-06-04T12:48:56+00:00","og_image":[{"url":"https:\/\/hand2noteguide.com\/wp-content\/uploads\/2022\/04\/image-11-1024x738.png","type":"","width":"","height":""}],"twitter_card":"summary_large_image","twitter_misc":{"Est. reading time":"13 minutes"},"schema":{"@context":"https:\/\/schema.org","@graph":[]}},"jetpack_sharing_enabled":true,"_links":{"self":[{"href":"https:\/\/hand2noteguide.com\/de\/wp-json\/wp\/v2\/pages\/5761","targetHints":{"allow":["GET"]}}],"collection":[{"href":"https:\/\/hand2noteguide.com\/de\/wp-json\/wp\/v2\/pages"}],"about":[{"href":"https:\/\/hand2noteguide.com\/de\/wp-json\/wp\/v2\/types\/page"}],"author":[{"embeddable":true,"href":"https:\/\/hand2noteguide.com\/de\/wp-json\/wp\/v2\/users\/1"}],"replies":[{"embeddable":true,"href":"https:\/\/hand2noteguide.com\/de\/wp-json\/wp\/v2\/comments?post=5761"}],"version-history":[{"count":60,"href":"https:\/\/hand2noteguide.com\/de\/wp-json\/wp\/v2\/pages\/5761\/revisions"}],"predecessor-version":[{"id":13445,"href":"https:\/\/hand2noteguide.com\/de\/wp-json\/wp\/v2\/pages\/5761\/revisions\/13445"}],"up":[{"embeddable":true,"href":"https:\/\/hand2noteguide.com\/de\/wp-json\/wp\/v2\/pages\/4885"}],"wp:attachment":[{"href":"https:\/\/hand2noteguide.com\/de\/wp-json\/wp\/v2\/media?parent=5761"}],"curies":[{"name":"wp","href":"https:\/\/api.w.org\/{rel}","templated":true}]}}