{"id":578,"date":"2018-11-10T13:22:28","date_gmt":"2018-11-10T10:22:28","guid":{"rendered":"https:\/\/h2n312.wordpress.com\/?page_id=578"},"modified":"2025-06-04T12:33:28","modified_gmt":"2025-06-04T09:33:28","slug":"training","status":"publish","type":"page","link":"https:\/\/hand2noteguide.com\/de\/training\/","title":{"rendered":"Hand2Note Coaching"},"content":{"rendered":"\n<p>Erhalten Sie private Schulungen zur professionellen Nutzung von Hand2Note. Passen Sie sich schnell und effektiv an das neue Programm an. Erhalten Sie Antworten auf all Ihre Fragen. Nutzen Sie das volle Potenzial der <a href=\"https:\/\/hand2noteguide.com\/de\/best-poker-tracker-software\/\">besten Poker-Tracking-Software<\/a>, um Ihre Gewinnrate zu erh\u00f6hen!<\/p>\n\n\n\n<p>Hand2Note-Coaching-Sitzungen erm\u00f6glichen es Ihnen, schnell alle Funktionen der Software zu erlernen, einschlie\u00dflich MDA (<a href=\"https:\/\/hand2noteguide.com\/de\/guide\/range-research\/\">Range Research)<\/a>. Sie erhalten auch pers\u00f6nliche Empfehlungen, wie Sie alle Funktionen auf die effizienteste Weise nutzen k\u00f6nnen.<\/p>\n\n\n\n<p>Das Coaching ist sowohl f\u00fcr die Versionen <a href=\"https:\/\/hand2noteguide.com\/de\/basic-setup\/\">Hand2Note 3<\/a> als auch <a href=\"https:\/\/hand2noteguide.com\/de\/hand2note-4-getting-started\/\">Hand2Note 4<\/a> relevant.<\/p>\n\n\n\n<figure class=\"wp-block-gallery has-nested-images columns-default is-cropped wp-block-gallery-1 is-layout-flex wp-block-gallery-is-layout-flex\">\n<figure class=\"wp-block-image size-large\"><img loading=\"lazy\" decoding=\"async\" width=\"957\" height=\"623\" data-id=\"2383\" src=\"https:\/\/hand2noteguide.com\/wp-content\/uploads\/2020\/06\/before1.png\" alt=\"\" class=\"wp-image-2383\" srcset=\"https:\/\/hand2noteguide.com\/wp-content\/uploads\/2020\/06\/before1.png 957w, https:\/\/hand2noteguide.com\/wp-content\/uploads\/2020\/06\/before1-300x195.png 300w, https:\/\/hand2noteguide.com\/wp-content\/uploads\/2020\/06\/before1-768x500.png 768w, https:\/\/hand2noteguide.com\/wp-content\/uploads\/2020\/06\/before1-772x503.png 772w, https:\/\/hand2noteguide.com\/wp-content\/uploads\/2020\/06\/before1-624x406.png 624w\" sizes=\"auto, (max-width: 957px) 100vw, 957px\" \/><figcaption class=\"wp-element-caption\">Vorher<\/figcaption><\/figure>\n\n\n\n<figure class=\"wp-block-image size-large\"><img loading=\"lazy\" decoding=\"async\" width=\"957\" height=\"626\" data-id=\"2382\" src=\"https:\/\/hand2noteguide.com\/wp-content\/uploads\/2020\/06\/after1.png\" alt=\"\" class=\"wp-image-2382\" srcset=\"https:\/\/hand2noteguide.com\/wp-content\/uploads\/2020\/06\/after1.png 957w, https:\/\/hand2noteguide.com\/wp-content\/uploads\/2020\/06\/after1-300x196.png 300w, https:\/\/hand2noteguide.com\/wp-content\/uploads\/2020\/06\/after1-768x502.png 768w, https:\/\/hand2noteguide.com\/wp-content\/uploads\/2020\/06\/after1-772x505.png 772w, https:\/\/hand2noteguide.com\/wp-content\/uploads\/2020\/06\/after1-624x408.png 624w\" sizes=\"auto, (max-width: 957px) 100vw, 957px\" \/><figcaption class=\"wp-element-caption\">Nachher<\/figcaption><\/figure>\n<\/figure>\n\n\n\n<p>Coaching-Sitzungen werden von <a href=\"https:\/\/www.hudstore.poker\/vendors\/belousov-roman\" target=\"_blank\" aria-label=\"undefined (\u00f6ffnet in einem neuen Tab)\" rel=\"noreferrer noopener\">Roman Belousov<\/a> &#8211; dem offiziellen Hand2Note HUD-Experten &#8211; angeboten.<\/p>\n\n\n\n<h2 class=\"wp-block-heading\">Buchen<\/h2>\n\n\n\n<p style=\"margin-top:24px\"><a style=\"font-weight:bold !important\" href=\"https:\/\/www.getcoach.poker\/coaches\/romanbelousov\/\" target=\"_blank\" class=\"article-action-link\" rel=\"noopener\">Termin vereinbaren<\/a><\/p>\n\n\n\n<p>Sie werden zu Romans Profil auf&nbsp;<a href=\"https:\/\/www.getcoach.poker\/\" target=\"_blank\" rel=\"noreferrer noopener\">Getcoach.poker<\/a> weitergeleitet. Dort k\u00f6nnen Sie ganz einfach eine Sitzung buchen und weitere Coaches finden, die Beratungen zur Nutzung von Hand2Note anbieten.<\/p>\n\n\n\n<h2 class=\"wp-block-heading\">FAQ<\/h2>\n\n\n\n<h4 class=\"wp-block-heading\">Was wird f\u00fcr das Training ben\u00f6tigt?<\/h4>\n\n\n\n<p>Nur TeamViewer und Hand2Note. Bitte aktualisieren Sie TeamViewer auf die neueste Version (<em>Hilfe \u2192 Nach neuer Version suchen).<\/em> \u00dcberpr\u00fcfen Sie die <a href=\"https:\/\/hand2noteguide.com\/de\/training\/teamviewer-session-start\/\">detaillierten Anweisungen<\/a>, wie Sie ein Meeting starten.<\/p>\n\n\n\n<h4 class=\"wp-block-heading\">Kann ich ein Video der Sitzung aufnehmen?<\/h4>\n\n\n\n<p>Ja. Und ich nehme es normalerweise selbst auf, also machen Sie sich keine Sorgen dar\u00fcber. Sie erhalten die Aufnahme der Klasse direkt nach der Sitzung. Bitte beachten Sie, dass das Video urheberrechtlich gesch\u00fctzt ist und nicht f\u00fcr kommerzielle Zwecke verwendet werden darf, sondern nur zur pers\u00f6nlichen Ansicht.<\/p>\n\n\n\n<p> Wenn Sie noch Fragen haben, <a href=\"https:\/\/hand2noteguide.com\/de\/contact-us\/\">kontaktieren Sie uns<\/a>. <\/p>\n","protected":false},"excerpt":{"rendered":"<p>Erhalten Sie private Schulungen zur professionellen Nutzung von Hand2Note. Passen Sie sich schnell und effektiv an das neue Programm an. Erhalten Sie Antworten auf all Ihre Fragen. Nutzen Sie das volle Potenzial der besten Poker-Tracking-Software, um Ihre Gewinnrate zu erh\u00f6hen! Hand2Note-Coaching-Sitzungen erm\u00f6glichen es Ihnen, schnell alle Funktionen der Software zu erlernen, einschlie\u00dflich MDA (Range Research). &hellip; <a href=\"https:\/\/hand2noteguide.com\/de\/training\/\" class=\"more-link\">Continue reading <span class=\"screen-reader-text\">Hand2Note Coaching<\/span><\/a><\/p>\n","protected":false},"author":1,"featured_media":10171,"parent":0,"menu_order":0,"comment_status":"closed","ping_status":"closed","template":"page-templates\/full-width-page.php","meta":{"footnotes":""},"class_list":["post-578","page","type-page","status-publish","has-post-thumbnail","hentry"],"translation":{"provider":"WPGlobus","version":"3.0.2","language":"de","enabled_languages":["en","ru","pt","zh","es","fr","de","it","ja"],"languages":{"en":{"title":true,"content":true,"excerpt":false},"ru":{"title":true,"content":true,"excerpt":false},"pt":{"title":true,"content":true,"excerpt":false},"zh":{"title":true,"content":true,"excerpt":false},"es":{"title":true,"content":true,"excerpt":false},"fr":{"title":true,"content":true,"excerpt":false},"de":{"title":true,"content":true,"excerpt":false},"it":{"title":true,"content":true,"excerpt":false},"ja":{"title":true,"content":true,"excerpt":false}}},"yoast_head":"<!-- This site is optimized with the Yoast SEO plugin v27.0 - https:\/\/yoast.com\/product\/yoast-seo-wordpress\/ -->\n<title>Hand2Note Coaching: Erhalten Sie Privatunterricht<\/title>\n<meta name=\"description\" content=\"Buchen Sie private Hand2Note-Coaching-Sitzungen mit einem zertifizierten Experten. Erlernen Sie die Hand2Note-Funktionen schnell und erhalten Sie pers\u00f6nliche Strategietipps.\" \/>\n<meta name=\"robots\" content=\"index, follow, max-snippet:-1, max-image-preview:large, max-video-preview:-1\" \/>\n<link rel=\"canonical\" href=\"https:\/\/hand2noteguide.com\/zh\/training\/\" \/>\n<meta property=\"og:locale\" content=\"de_DE\" \/>\n<meta property=\"og:type\" content=\"article\" \/>\n<meta property=\"og:title\" content=\"Hand2Note Coaching: Erhalten Sie Privatunterricht\" \/>\n<meta property=\"og:description\" content=\"Buchen Sie private Hand2Note-Coaching-Sitzungen mit einem zertifizierten Experten. Erlernen Sie die Hand2Note-Funktionen schnell und erhalten Sie pers\u00f6nliche Strategietipps.\" \/>\n<meta property=\"og:url\" content=\"https:\/\/hand2noteguide.com\/zh\/training\/\" \/>\n<meta property=\"og:site_name\" content=\"Hand2Note Guide\" \/>\n<meta property=\"article:modified_time\" content=\"2025-06-04T09:33:28+00:00\" \/>\n<meta property=\"og:image\" content=\"https:\/\/hand2noteguide.com\/wp-content\/uploads\/2025\/04\/hand2note-coaching-result.png\" \/>\n\t<meta property=\"og:image:width\" content=\"954\" \/>\n\t<meta property=\"og:image:height\" content=\"652\" \/>\n\t<meta property=\"og:image:type\" content=\"image\/png\" \/>\n<meta name=\"twitter:card\" content=\"summary_large_image\" \/>\n<meta name=\"twitter:label1\" content=\"Est. reading time\" \/>\n\t<meta name=\"twitter:data1\" content=\"8 minutes\" \/>\n<!-- \/ Yoast SEO plugin. -->","yoast_head_json":{"title":"Hand2Note Coaching: Erhalten Sie Privatunterricht","description":"Buchen Sie private Hand2Note-Coaching-Sitzungen mit einem zertifizierten Experten. Erlernen Sie die Hand2Note-Funktionen schnell und erhalten Sie pers\u00f6nliche Strategietipps.","robots":{"index":"index","follow":"follow","max-snippet":"max-snippet:-1","max-image-preview":"max-image-preview:large","max-video-preview":"max-video-preview:-1"},"canonical":"https:\/\/hand2noteguide.com\/zh\/training\/","og_locale":"de_DE","og_type":"article","og_title":"Hand2Note Coaching: Erhalten Sie Privatunterricht","og_description":"Buchen Sie private Hand2Note-Coaching-Sitzungen mit einem zertifizierten Experten. Erlernen Sie die Hand2Note-Funktionen schnell und erhalten Sie pers\u00f6nliche Strategietipps.","og_url":"https:\/\/hand2noteguide.com\/zh\/training\/","og_site_name":"Hand2Note Guide","article_modified_time":"2025-06-04T09:33:28+00:00","og_image":[{"width":954,"height":652,"url":"https:\/\/hand2noteguide.com\/wp-content\/uploads\/2025\/04\/hand2note-coaching-result.png","type":"image\/png"}],"twitter_card":"summary_large_image","twitter_misc":{"Est. reading time":"8 minutes"},"schema":{"@context":"https:\/\/schema.org","@graph":[]}},"jetpack_sharing_enabled":false,"_links":{"self":[{"href":"https:\/\/hand2noteguide.com\/de\/wp-json\/wp\/v2\/pages\/578","targetHints":{"allow":["GET"]}}],"collection":[{"href":"https:\/\/hand2noteguide.com\/de\/wp-json\/wp\/v2\/pages"}],"about":[{"href":"https:\/\/hand2noteguide.com\/de\/wp-json\/wp\/v2\/types\/page"}],"author":[{"embeddable":true,"href":"https:\/\/hand2noteguide.com\/de\/wp-json\/wp\/v2\/users\/1"}],"replies":[{"embeddable":true,"href":"https:\/\/hand2noteguide.com\/de\/wp-json\/wp\/v2\/comments?post=578"}],"version-history":[{"count":104,"href":"https:\/\/hand2noteguide.com\/de\/wp-json\/wp\/v2\/pages\/578\/revisions"}],"predecessor-version":[{"id":13360,"href":"https:\/\/hand2noteguide.com\/de\/wp-json\/wp\/v2\/pages\/578\/revisions\/13360"}],"wp:featuredmedia":[{"embeddable":true,"href":"https:\/\/hand2noteguide.com\/de\/wp-json\/wp\/v2\/media\/10171"}],"wp:attachment":[{"href":"https:\/\/hand2noteguide.com\/de\/wp-json\/wp\/v2\/media?parent=578"}],"curies":[{"name":"wp","href":"https:\/\/api.w.org\/{rel}","templated":true}]}}