{"id":586,"date":"2018-11-10T13:47:44","date_gmt":"2018-11-10T10:47:44","guid":{"rendered":"https:\/\/h2n312.wordpress.com\/?page_id=586"},"modified":"2025-06-04T17:49:10","modified_gmt":"2025-06-04T14:49:10","slug":"decision-analysis","status":"publish","type":"page","link":"https:\/\/hand2noteguide.com\/de\/guide\/decision-analysis\/","title":{"rendered":"Finden Sie die Rentabilit\u00e4t verschiedener Handkategorien heraus"},"content":{"rendered":"<p><a href=\"http:\/\/www.hand2note.com\/Help\/Index\/DecisionAnalysis\" target=\"_blank\" rel=\"noopener noreferrer\">Decision Analysis<\/a>-Funktion erm\u00f6glicht es Ihnen, die Rentabilit\u00e4t Ihrer Entscheidungen mit verschiedenen Handkategorien in unterschiedlichen Situationen herauszufinden. Diese Funktion ist nur im <a href=\"https:\/\/hand2noteguide.com\/de\/guide\/choose-subscription\/\">EDGE-Abonnement<\/a> verf\u00fcgbar.<\/p>\n<p>Zum Beispiel m\u00f6chten Sie die Rentabilit\u00e4t Ihrer Open Raises vom Button mit verschiedenen Handtypen sehen. Gehen Sie dazu wie folgt vor:<\/p>\n<ol>\n<li><a href=\"https:\/\/hand2noteguide.com\/de\/guide\/creating-stats\/\">Erstellen Sie eine Statistik<\/a> &#8220;Open Raise BTN&#8221; und f\u00fcgen Sie sie dem Popup hinzu.<\/li>\n<li><a href=\"https:\/\/hand2noteguide.com\/de\/guide\/rebuild-stats\/\">Erstellen Sie die Statistiken neu<\/a>.<\/li>\n<li>\u00d6ffnen Sie das <a href=\"https:\/\/hand2noteguide.com\/de\/guide\/hero-stats\/\">Popup auf Hero<\/a>, indem Sie doppelt auf Ihren Nickname oder <a href=\"https:\/\/hand2noteguide.com\/de\/guide\/alias\/\">Alias-Namen<\/a> im Hauptfenster von Hand2Note klicken.<\/li>\n<li>Fahren Sie mit der Maus \u00fcber die Statistik. Ein <a href=\"https:\/\/href.li\/?http:\/\/www.hand2note.com\/Help\/Index\/StatInfo\" target=\"_blank\" rel=\"noopener noreferrer\">erweitertes Popup<\/a> wird ge\u00f6ffnet, in dem Sie die Rentabilit\u00e4t verschiedener Handkategorien in der jeweiligen Situation sehen.<\/li>\n<\/ol>\n<p><img loading=\"lazy\" decoding=\"async\" class=\"alignnone size-full wp-image-1482\" src=\"https:\/\/hand2noteguide.com\/wp-content\/uploads\/2019\/07\/hand2note-action-profit.png\" alt=\"hand2note action profit\" width=\"421\" height=\"268\" srcset=\"https:\/\/hand2noteguide.com\/wp-content\/uploads\/2019\/07\/hand2note-action-profit.png 421w, https:\/\/hand2noteguide.com\/wp-content\/uploads\/2019\/07\/hand2note-action-profit-300x191.png 300w\" sizes=\"auto, (max-width: 421px) 100vw, 421px\" \/><\/p>\n<p>Handkategorien k\u00f6nnen in den Einstellungen angepasst werden (<em>Configuration \u2192 Action Profit<\/em>).<\/p>\n","protected":false},"excerpt":{"rendered":"<p>Decision Analysis-Funktion erm\u00f6glicht es Ihnen, die Rentabilit\u00e4t Ihrer Entscheidungen mit verschiedenen Handkategorien in unterschiedlichen Situationen herauszufinden. Diese Funktion ist nur im EDGE-Abonnement verf\u00fcgbar. Zum Beispiel m\u00f6chten Sie die Rentabilit\u00e4t Ihrer Open Raises vom Button mit verschiedenen Handtypen sehen. Gehen Sie dazu wie folgt vor: Erstellen Sie eine Statistik &#8220;Open Raise BTN&#8221; und f\u00fcgen Sie sie &hellip; <a href=\"https:\/\/hand2noteguide.com\/de\/guide\/decision-analysis\/\" class=\"more-link\">Continue reading <span class=\"screen-reader-text\">Finden Sie die Rentabilit\u00e4t verschiedener Handkategorien heraus<\/span><\/a><\/p>\n","protected":false},"author":1,"featured_media":0,"parent":74,"menu_order":0,"comment_status":"closed","ping_status":"closed","template":"page-templates\/full-width-page.php","meta":{"footnotes":""},"class_list":["post-586","page","type-page","status-publish","hentry"],"translation":{"provider":"WPGlobus","version":"3.0.2","language":"de","enabled_languages":["en","ru","pt","zh","es","fr","de","it","ja"],"languages":{"en":{"title":true,"content":true,"excerpt":false},"ru":{"title":true,"content":true,"excerpt":false},"pt":{"title":true,"content":true,"excerpt":false},"zh":{"title":true,"content":true,"excerpt":false},"es":{"title":true,"content":true,"excerpt":false},"fr":{"title":true,"content":true,"excerpt":false},"de":{"title":true,"content":true,"excerpt":false},"it":{"title":true,"content":true,"excerpt":false},"ja":{"title":true,"content":true,"excerpt":false}}},"yoast_head":"<!-- This site is optimized with the Yoast SEO plugin v27.0 - https:\/\/yoast.com\/product\/yoast-seo-wordpress\/ -->\n<title>Entdecken Sie die Rentabilit\u00e4t von H\u00e4nden in verschiedenen Situationen<\/title>\n<meta name=\"description\" content=\"Erfahren Sie, wie Sie die Rentabilit\u00e4t Ihrer Pokerh\u00e4nde in verschiedenen Situationen mit der Decision Analysis-Funktion von Hand2Note analysieren k\u00f6nnen. Optimieren Sie noch heute Ihre Strategie!\" \/>\n<meta name=\"robots\" content=\"index, follow, max-snippet:-1, max-image-preview:large, max-video-preview:-1\" \/>\n<link rel=\"canonical\" href=\"https:\/\/hand2noteguide.com\/guide\/decision-analysis\/\" \/>\n<meta property=\"og:locale\" content=\"de_DE\" \/>\n<meta property=\"og:type\" content=\"article\" \/>\n<meta property=\"og:title\" content=\"Entdecken Sie die Rentabilit\u00e4t von H\u00e4nden in verschiedenen Situationen\" \/>\n<meta property=\"og:description\" content=\"Erfahren Sie, wie Sie die Rentabilit\u00e4t Ihrer Pokerh\u00e4nde in verschiedenen Situationen mit der Decision Analysis-Funktion von Hand2Note analysieren k\u00f6nnen. Optimieren Sie noch heute Ihre Strategie!\" \/>\n<meta property=\"og:url\" content=\"https:\/\/hand2noteguide.com\/guide\/decision-analysis\/\" \/>\n<meta property=\"og:site_name\" content=\"Hand2Note Guide\" \/>\n<meta property=\"article:modified_time\" content=\"2025-06-04T14:49:10+00:00\" \/>\n<meta property=\"og:image\" content=\"https:\/\/hand2noteguide.com\/wp-content\/uploads\/2019\/07\/hand2note-action-profit.png\" \/>\n<meta name=\"twitter:card\" content=\"summary_large_image\" \/>\n<meta name=\"twitter:label1\" content=\"Est. reading time\" \/>\n\t<meta name=\"twitter:data1\" content=\"4 minutes\" \/>\n<!-- \/ Yoast SEO plugin. -->","yoast_head_json":{"title":"Entdecken Sie die Rentabilit\u00e4t von H\u00e4nden in verschiedenen Situationen","description":"Erfahren Sie, wie Sie die Rentabilit\u00e4t Ihrer Pokerh\u00e4nde in verschiedenen Situationen mit der Decision Analysis-Funktion von Hand2Note analysieren k\u00f6nnen. Optimieren Sie noch heute Ihre Strategie!","robots":{"index":"index","follow":"follow","max-snippet":"max-snippet:-1","max-image-preview":"max-image-preview:large","max-video-preview":"max-video-preview:-1"},"canonical":"https:\/\/hand2noteguide.com\/guide\/decision-analysis\/","og_locale":"de_DE","og_type":"article","og_title":"Entdecken Sie die Rentabilit\u00e4t von H\u00e4nden in verschiedenen Situationen","og_description":"Erfahren Sie, wie Sie die Rentabilit\u00e4t Ihrer Pokerh\u00e4nde in verschiedenen Situationen mit der Decision Analysis-Funktion von Hand2Note analysieren k\u00f6nnen. Optimieren Sie noch heute Ihre Strategie!","og_url":"https:\/\/hand2noteguide.com\/guide\/decision-analysis\/","og_site_name":"Hand2Note Guide","article_modified_time":"2025-06-04T14:49:10+00:00","og_image":[{"url":"https:\/\/hand2noteguide.com\/wp-content\/uploads\/2019\/07\/hand2note-action-profit.png","type":"","width":"","height":""}],"twitter_card":"summary_large_image","twitter_misc":{"Est. reading time":"4 minutes"},"schema":{"@context":"https:\/\/schema.org","@graph":[]}},"jetpack_sharing_enabled":false,"_links":{"self":[{"href":"https:\/\/hand2noteguide.com\/de\/wp-json\/wp\/v2\/pages\/586","targetHints":{"allow":["GET"]}}],"collection":[{"href":"https:\/\/hand2noteguide.com\/de\/wp-json\/wp\/v2\/pages"}],"about":[{"href":"https:\/\/hand2noteguide.com\/de\/wp-json\/wp\/v2\/types\/page"}],"author":[{"embeddable":true,"href":"https:\/\/hand2noteguide.com\/de\/wp-json\/wp\/v2\/users\/1"}],"replies":[{"embeddable":true,"href":"https:\/\/hand2noteguide.com\/de\/wp-json\/wp\/v2\/comments?post=586"}],"version-history":[{"count":15,"href":"https:\/\/hand2noteguide.com\/de\/wp-json\/wp\/v2\/pages\/586\/revisions"}],"predecessor-version":[{"id":13518,"href":"https:\/\/hand2noteguide.com\/de\/wp-json\/wp\/v2\/pages\/586\/revisions\/13518"}],"up":[{"embeddable":true,"href":"https:\/\/hand2noteguide.com\/de\/wp-json\/wp\/v2\/pages\/74"}],"wp:attachment":[{"href":"https:\/\/hand2noteguide.com\/de\/wp-json\/wp\/v2\/media?parent=586"}],"curies":[{"name":"wp","href":"https:\/\/api.w.org\/{rel}","templated":true}]}}