{"id":5989,"date":"2023-06-11T00:25:01","date_gmt":"2023-06-10T21:25:01","guid":{"rendered":"https:\/\/hand2noteguide.com\/?page_id=5989"},"modified":"2026-04-24T08:10:30","modified_gmt":"2026-04-24T08:10:30","slug":"5-best-online-poker-training-sites","status":"publish","type":"page","link":"https:\/\/hand2noteguide.com\/de\/poker\/5-best-online-poker-training-sites\/","title":{"rendered":"5 beste Online-Poker-Trainingsseiten"},"content":{"rendered":"\n<p>Online-Poker ist zu einem hochkompetitiven und komplexen Spiel geworden, das Geschick, Strategie und Wissen erfordert, um erfolgreich zu sein. Egal auf welchem Niveau Sie sich derzeit befinden, Sie m\u00fcssen st\u00e4ndig lernen und Ihre F\u00e4higkeiten verbessern. In diesem Artikel bieten wir Ihnen eine Auswahl der besten Poker-Trainingswebsites, die Sie nutzen k\u00f6nnen, um Ihr Spiel zu verbessern.<\/p>\n\n\n\n<p>Alle Seiten bieten Schulungen in verschiedenen Formaten an. Die Verwendung verschiedener Tools erm\u00f6glicht es Ihnen, Ihren Lernansatz zu diversifizieren und Ihre Entwicklung als professioneller Spieler zu beschleunigen.<\/p>\n\n\n\n<h2 class=\"wp-block-heading\">1. <a href=\"\/de\/poker\/poker-gto\/gto-wizard-review\/\">GTO Wizard<\/a><\/h2>\n\n\n\n<p>Wenn du m\u00f6glichst schnell mit dem GTO\u2011Studium starten willst, ist <a href=\"\/de\/poker\/poker-gto\/gto-wizard-review\/\">GTO Wizard<\/a> eine der besten Optionen. Es ist ein moderner Browser\u2011Solver mit einer riesigen Bibliothek vorab gel\u00f6ster Spots und einem integrierten Trainer \u2014 du lernst durch das Studium der L\u00f6sungen und durch das Training deiner Entscheidungen.<\/p>\n\n\n<div class=\"wp-block-h2n-cta-button\" style=\"text-align: left;\"><a href=\"https:\/\/hand2noteguide.com\/de\/go\/gtowizard\/\" class=\"btn btn-primary btn-color-amber\" target=\"_blank\" rel=\"noopener noreferrer nofollow sponsored\">GTO Wizard \u00f6ffnen \u2192<\/a><\/div>\n\n\n<figure class=\"wp-block-image size-large\"><img loading=\"lazy\" decoding=\"async\" width=\"1024\" height=\"618\" src=\"https:\/\/hand2noteguide.com\/wp-content\/uploads\/2026\/04\/gto-wizard-preview-2026-1024x618.webp\" alt=\"GTO Wizard \u2014 GTO Poker Training\" class=\"wp-image-16420\" srcset=\"https:\/\/hand2noteguide.com\/wp-content\/uploads\/2026\/04\/gto-wizard-preview-2026-1024x618.webp 1024w, https:\/\/hand2noteguide.com\/wp-content\/uploads\/2026\/04\/gto-wizard-preview-2026-300x181.webp 300w, https:\/\/hand2noteguide.com\/wp-content\/uploads\/2026\/04\/gto-wizard-preview-2026-768x464.webp 768w, https:\/\/hand2noteguide.com\/wp-content\/uploads\/2026\/04\/gto-wizard-preview-2026-1536x927.webp 1536w, https:\/\/hand2noteguide.com\/wp-content\/uploads\/2026\/04\/gto-wizard-preview-2026-2048x1236.webp 2048w, https:\/\/hand2noteguide.com\/wp-content\/uploads\/2026\/04\/gto-wizard-preview-2026-772x466.webp 772w\" sizes=\"auto, (max-width: 1024px) 100vw, 1024px\" \/><\/figure>\n\n\n\n<p>GTO Wizard hat au\u00dferdem eine gro\u00dfe Bibliothek an Trainingsinhalten von High\u2011Level\u2011Poker\u2011Spielern. Viele nutzen GTO Wizard direkt in ihren Lektionen \u2014 so lernst du die Software und verbesserst gleichzeitig dein Poker\u2011Gesamtverst\u00e4ndnis.<\/p>\n\n\n\n<p>Mehr dazu in unserem <a href=\"\/de\/poker\/poker-gto\/gto-wizard-review\/\"><strong>GTO\u2011Wizard\u2011Review<\/strong><\/a>.<\/p>\n\n\n\n<h2 class=\"wp-block-heading\">2. <a href=\"https:\/\/hand2noteguide.com\/de\/poker\/the-best-poker-preflop-charts-software\/\">FreeBetRange<\/a><\/h2>\n\n\n\n<p><a aria-label=\"undefined (\u00f6ffnet in einem neuen Tab)\" href=\"https:\/\/freebetrange.com\/de\/\" target=\"_blank\" rel=\"noreferrer noopener\">Freebetrange<\/a> ist eine browserbasierte Preflop\u2011Training\u2011Plattform. Pokerlernen sollte nicht nur aus Videos bestehen, sondern auch aus praktischem Training \u2014 und Freebetrange ist daf\u00fcr eines der besten Tools am Markt.<\/p>\n\n\n<div class=\"wp-block-h2n-cta-button\" style=\"text-align: left;\"><a href=\"https:\/\/freebetrange.com\/de\" class=\"btn btn-primary btn-color-indigo\" target=\"_blank\" rel=\"noopener noreferrer\">Freebetrange \u00f6ffnen \u2192<\/a><\/div>\n\n\n<figure class=\"wp-block-image size-large\"><a href=\"https:\/\/freebetrange.com\/de\/\" target=\"_blank\" rel=\"noreferrer noopener\"><img loading=\"lazy\" decoding=\"async\" width=\"1024\" height=\"587\" src=\"https:\/\/hand2noteguide.com\/wp-content\/uploads\/2023\/06\/preflop-trainer-1024x587.webp\" alt=\"\" class=\"wp-image-6022\" srcset=\"https:\/\/hand2noteguide.com\/wp-content\/uploads\/2023\/06\/preflop-trainer-1024x587.webp 1024w, https:\/\/hand2noteguide.com\/wp-content\/uploads\/2023\/06\/preflop-trainer-300x172.webp 300w, https:\/\/hand2noteguide.com\/wp-content\/uploads\/2023\/06\/preflop-trainer-768x440.webp 768w, https:\/\/hand2noteguide.com\/wp-content\/uploads\/2023\/06\/preflop-trainer-1536x881.webp 1536w, https:\/\/hand2noteguide.com\/wp-content\/uploads\/2023\/06\/preflop-trainer-772x443.webp 772w, https:\/\/hand2noteguide.com\/wp-content\/uploads\/2023\/06\/preflop-trainer-624x358.webp 624w, https:\/\/hand2noteguide.com\/wp-content\/uploads\/2023\/06\/preflop-trainer.webp 2020w\" sizes=\"auto, (max-width: 1024px) 100vw, 1024px\" \/><\/a><\/figure>\n\n\n\n<p>Die App enth\u00e4lt eine GTO Library mit fertigen Ranges f\u00fcr Cash, MTT, Spin&amp;Go und MBR; einen MDA\u2011Bereich mit Population\u2011Ranges auf Basis realer Handhistories f\u00fcr Exploit\u2011Studium; einen schnellen Preflop\u2011<a aria-label=\"undefined (\u00f6ffnet in einem neuen Tab)\" href=\"https:\/\/help.freebetrange.com\/de\/Trainer\/\" target=\"_blank\" rel=\"noreferrer noopener\">Trainer<\/a>, in dem du Spots in wenigen Klicks ausw\u00e4hlst und direkt trainierst; sowie einen leistungsstarken Editor zum Erstellen und Anpassen eigener Ranges.<\/p>\n\n\n\n<p>Lies unser vollst\u00e4ndiges <a href=\"https:\/\/hand2noteguide.com\/de\/poker\/the-best-poker-preflop-charts-software\/\"><strong>Freebetrange\u2011Review<\/strong><\/a>.<\/p>\n\n\n\n<h2 class=\"wp-block-heading\">3. <a href=\"https:\/\/bluffaces.com\/\" target=\"_blank\" rel=\"noreferrer noopener\">Bluffaces<\/a> (fr\u00fcher Getcoach)<\/h2>\n\n\n<div class=\"wp-block-h2n-alert h2n-alert h2n-alert--info\"><div class=\"h2n-alert__icon\" aria-hidden=\"true\"><svg width=\"22\" height=\"22\" viewBox=\"0 0 24 24\" fill=\"none\" stroke=\"currentColor\" stroke-width=\"2\" stroke-linecap=\"round\" stroke-linejoin=\"round\"><circle cx=\"12\" cy=\"12\" r=\"10\"\/><line x1=\"12\" y1=\"16\" x2=\"12\" y2=\"12\"\/><circle cx=\"12\" cy=\"8\" r=\"1\" fill=\"currentColor\" stroke=\"none\"\/><\/svg><\/div><div class=\"h2n-alert__content\">Hinweis: Das Projekt, das fr\u00fcher Getcoach hie\u00df, wurde in Bluffaces umbenannt.<\/div><\/div>\n\n\n<p><a href=\"https:\/\/bluffaces.com\/\" target=\"_blank\" rel=\"noreferrer noopener\">Bluffaces<\/a> ist eine Plattform, auf der du Poker\u2011Coaches finden, kuratierte Lerninhalte entdecken und eine strukturierte Trainingsroutine aufbauen kannst.<\/p>\n\n\n<div class=\"wp-block-h2n-cta-button\" style=\"text-align: left;\"><a href=\"https:\/\/bluffaces.com\/\" class=\"btn btn-primary btn-large btn-color-slate\" target=\"_blank\" rel=\"noopener noreferrer\">Bluffaces \u00f6ffnen \u2192<\/a><\/div>\n\n\n<figure class=\"wp-block-image size-large\"><a href=\"https:\/\/bluffaces.com\/coaches\/\" target=\"_blank\" rel=\"noreferrer noopener\"><img loading=\"lazy\" decoding=\"async\" width=\"1024\" height=\"766\" src=\"http:\/\/hand2noteguide.com\/wp-content\/uploads\/2024\/04\/getcoach-coaches-min-1024x766.webp\" alt=\"Poker\u2011Coach auf Bluffaces finden\" class=\"wp-image-6362\" srcset=\"https:\/\/hand2noteguide.com\/wp-content\/uploads\/2024\/04\/getcoach-coaches-min-1024x766.webp 1024w, https:\/\/hand2noteguide.com\/wp-content\/uploads\/2024\/04\/getcoach-coaches-min-300x224.webp 300w, https:\/\/hand2noteguide.com\/wp-content\/uploads\/2024\/04\/getcoach-coaches-min-768x574.webp 768w, https:\/\/hand2noteguide.com\/wp-content\/uploads\/2024\/04\/getcoach-coaches-min-1536x1149.webp 1536w, https:\/\/hand2noteguide.com\/wp-content\/uploads\/2024\/04\/getcoach-coaches-min-2048x1531.webp 2048w, https:\/\/hand2noteguide.com\/wp-content\/uploads\/2024\/04\/getcoach-coaches-min-772x577.webp 772w, https:\/\/hand2noteguide.com\/wp-content\/uploads\/2024\/04\/getcoach-coaches-min-624x467.webp 624w\" sizes=\"auto, (max-width: 1024px) 100vw, 1024px\" \/><\/a><figcaption class=\"wp-element-caption\">Finde einen Poker\u2011Coach auf Bluffaces<\/figcaption><\/figure>\n\n\n\n<p>Schau dir auch die kostenlosen <a href=\"https:\/\/bluffaces.com\/calculators\/\" target=\"_blank\" rel=\"noreferrer noopener\"><strong>Poker\u2011Rechner<\/strong><\/a> an \u2014 ideal, um Grundlagen wie Pot Odds, Equity, ICM und EV\u2011Berechnungen zu lernen (oder aufzufrischen).<\/p>\n\n\n\n<h2 class=\"wp-block-heading\">4. <a href=\"https:\/\/www.runitonce.com\/\" target=\"_blank\" rel=\"noreferrer noopener\">Run It Once<\/a><\/h2>\n\n\n\n<p><a href=\"https:\/\/www.runitonce.com\/\" target=\"_blank\" rel=\"noreferrer noopener\">Run It Once<\/a> ist eine bekannte Trainingsseite von High\u2011Stakes\u2011Pro Phil Galfond mit einer gro\u00dfen Bibliothek an Videos und Tutorials (eher f\u00fcr mittleres bis fortgeschrittenes Level) und einem aktiven Community\u2011Forum.<\/p>\n\n\n\n<figure class=\"wp-block-image size-large\"><a href=\"https:\/\/www.runitonce.com\/\" target=\"_blank\" rel=\"noreferrer noopener\"><img loading=\"lazy\" decoding=\"async\" width=\"1024\" height=\"633\" src=\"https:\/\/hand2noteguide.com\/wp-content\/uploads\/2023\/06\/run-it-once-1024x633.webp\" alt=\"\" class=\"wp-image-6004\" srcset=\"https:\/\/hand2noteguide.com\/wp-content\/uploads\/2023\/06\/run-it-once-1024x633.webp 1024w, https:\/\/hand2noteguide.com\/wp-content\/uploads\/2023\/06\/run-it-once-300x185.webp 300w, https:\/\/hand2noteguide.com\/wp-content\/uploads\/2023\/06\/run-it-once-768x474.webp 768w, https:\/\/hand2noteguide.com\/wp-content\/uploads\/2023\/06\/run-it-once-1536x949.webp 1536w, https:\/\/hand2noteguide.com\/wp-content\/uploads\/2023\/06\/run-it-once-2048x1265.webp 2048w, https:\/\/hand2noteguide.com\/wp-content\/uploads\/2023\/06\/run-it-once-772x477.webp 772w, https:\/\/hand2noteguide.com\/wp-content\/uploads\/2023\/06\/run-it-once-624x385.webp 624w\" sizes=\"auto, (max-width: 1024px) 100vw, 1024px\" \/><\/a><figcaption class=\"wp-element-caption\">Entdecke die Poker\u2011Videobibliothek bei Run It Once<\/figcaption><\/figure>\n\n\n\n<h2 class=\"wp-block-heading\">5. <a href=\"https:\/\/www.raiseyouredge.com\/\" target=\"_blank\" rel=\"noreferrer noopener\">Raise Your Edge<\/a><\/h2>\n\n\n\n<p><a href=\"https:\/\/www.raiseyouredge.com\/\" target=\"_blank\" rel=\"noreferrer noopener\">Raise Your Edge<\/a> wurde vom MTT\u2011Pro Benjamin \u201cbencb789\u201d Rolle gegr\u00fcndet. Die Plattform bietet st\u00e4ndig aktualisierte Kurse, Videos und Ressourcen, mit klarem Fokus auf Turnierpoker.<\/p>\n\n\n\n<figure class=\"wp-block-image size-large\"><a href=\"https:\/\/www.raiseyouredge.com\/\" target=\"_blank\" rel=\"noreferrer noopener\"><img loading=\"lazy\" decoding=\"async\" width=\"1024\" height=\"675\" src=\"https:\/\/hand2noteguide.com\/wp-content\/uploads\/2023\/06\/raiseyouredge-1024x675.webp\" alt=\"\" class=\"wp-image-6015\" srcset=\"https:\/\/hand2noteguide.com\/wp-content\/uploads\/2023\/06\/raiseyouredge-1024x675.webp 1024w, https:\/\/hand2noteguide.com\/wp-content\/uploads\/2023\/06\/raiseyouredge-300x198.webp 300w, https:\/\/hand2noteguide.com\/wp-content\/uploads\/2023\/06\/raiseyouredge-768x506.webp 768w, https:\/\/hand2noteguide.com\/wp-content\/uploads\/2023\/06\/raiseyouredge-1536x1013.webp 1536w, https:\/\/hand2noteguide.com\/wp-content\/uploads\/2023\/06\/raiseyouredge-2048x1350.webp 2048w, https:\/\/hand2noteguide.com\/wp-content\/uploads\/2023\/06\/raiseyouredge-772x509.webp 772w, https:\/\/hand2noteguide.com\/wp-content\/uploads\/2023\/06\/raiseyouredge-624x411.webp 624w\" sizes=\"auto, (max-width: 1024px) 100vw, 1024px\" \/><\/a><figcaption class=\"wp-element-caption\">Folge Bencbs Erfolg bei Raise Your Edge<\/figcaption><\/figure>\n\n\n\n<p>Wenn du noch mehr Struktur willst, kannst du auch Multi\u2011Autor\u2011Kursplattformen wie <a href=\"https:\/\/courses.poker\/\" target=\"_blank\" rel=\"noreferrer noopener\">Courses.poker<\/a> nutzen. In der Praxis ist ein starker Workflow f\u00fcr die meisten Spieler: Theorie mit Solver\/Trainer lernen (GTO Wizard), Preflop mit einem dedizierten Trainer festigen (Freebetrange) und dann mit Coaching sowie hochwertigen Video\u2011Libraries weiter wachsen.<\/p>\n\n\n\n<h2 class=\"wp-block-heading\">Fazit<\/h2>\n\n\n\n<p>Es gibt nicht den einen \u201cbesten\u201d Weg, Poker zu lernen \u2014 die besten Ergebnisse entstehen durch die Kombination aus Theorie und Praxis. Nutze strukturierte Tools (GTO Wizard und Freebetrange) als Basis und erg\u00e4nze mit Coaching, Kursen und hochwertigem Content. Am wichtigsten ist Konstanz: ein bisschen jeden Tag schl\u00e4gt seltene Marathon\u2011Sessions.<\/p>\n\n","protected":false},"excerpt":{"rendered":"<p>Online-Poker ist zu einem hochkompetitiven und komplexen Spiel geworden, das Geschick, Strategie und Wissen erfordert, um erfolgreich zu sein. Egal auf welchem Niveau Sie sich derzeit befinden, Sie m\u00fcssen st\u00e4ndig lernen und Ihre F\u00e4higkeiten verbessern. In diesem Artikel bieten wir Ihnen eine Auswahl der besten Poker-Trainingswebsites, die Sie nutzen k\u00f6nnen, um Ihr Spiel zu verbessern. &hellip; <a href=\"https:\/\/hand2noteguide.com\/de\/poker\/5-best-online-poker-training-sites\/\" class=\"more-link\">Continue reading <span class=\"screen-reader-text\">5 beste Online-Poker-Trainingsseiten<\/span><\/a><\/p>\n","protected":false},"author":1,"featured_media":0,"parent":7017,"menu_order":0,"comment_status":"closed","ping_status":"closed","template":"","meta":{"footnotes":""},"class_list":["post-5989","page","type-page","status-publish","hentry"],"translation":{"provider":"WPGlobus","version":"3.0.2","language":"de","enabled_languages":["en","ru","pt","zh","es","fr","de","it","ja"],"languages":{"en":{"title":true,"content":true,"excerpt":false},"ru":{"title":true,"content":true,"excerpt":false},"pt":{"title":true,"content":true,"excerpt":false},"zh":{"title":true,"content":true,"excerpt":false},"es":{"title":true,"content":true,"excerpt":false},"fr":{"title":true,"content":true,"excerpt":false},"de":{"title":true,"content":true,"excerpt":false},"it":{"title":true,"content":true,"excerpt":false},"ja":{"title":true,"content":true,"excerpt":false}}},"yoast_head":"<!-- This site is optimized with the Yoast SEO plugin v27.0 - https:\/\/yoast.com\/product\/yoast-seo-wordpress\/ -->\n<title>Top 5 Online-Poker-Trainingsseiten: Spielst\u00e4rke steigern<\/title>\n<meta name=\"description\" content=\"Die 5 besten Online-Poker-Trainingsseiten in 2026: 1. GTO Wizard 2. FreeBetRange 3. Bluffaces 4. Run It Once 5. Raise Your Edge\" \/>\n<meta name=\"robots\" content=\"index, follow, max-snippet:-1, max-image-preview:large, max-video-preview:-1\" \/>\n<link rel=\"canonical\" href=\"https:\/\/hand2noteguide.com\/poker\/5-best-online-poker-training-sites\/\" \/>\n<meta property=\"og:locale\" content=\"de_DE\" \/>\n<meta property=\"og:type\" content=\"article\" \/>\n<meta property=\"og:title\" content=\"Top 5 Online-Poker-Trainingsseiten: Spielst\u00e4rke steigern\" \/>\n<meta property=\"og:description\" content=\"Die 5 besten Online-Poker-Trainingsseiten in 2026: 1. GTO Wizard 2. FreeBetRange 3. Bluffaces 4. Run It Once 5. Raise Your Edge\" \/>\n<meta property=\"og:url\" content=\"https:\/\/hand2noteguide.com\/poker\/5-best-online-poker-training-sites\/\" \/>\n<meta property=\"og:site_name\" content=\"Hand2Note Guide\" \/>\n<meta property=\"article:modified_time\" content=\"2026-04-24T08:10:30+00:00\" \/>\n<meta property=\"og:image\" content=\"https:\/\/hand2noteguide.com\/wp-content\/uploads\/2026\/04\/gto-wizard-preview-2026-scaled.webp\" \/>\n\t<meta property=\"og:image:width\" content=\"2560\" \/>\n\t<meta property=\"og:image:height\" content=\"1546\" \/>\n\t<meta property=\"og:image:type\" content=\"image\/webp\" \/>\n<meta name=\"twitter:card\" content=\"summary_large_image\" \/>\n<meta name=\"twitter:label1\" content=\"Est. reading time\" \/>\n\t<meta name=\"twitter:data1\" content=\"5 minutes\" \/>\n<!-- \/ Yoast SEO plugin. -->","yoast_head_json":{"title":"Top 5 Online-Poker-Trainingsseiten: Spielst\u00e4rke steigern","description":"Die 5 besten Online-Poker-Trainingsseiten in 2026: 1. GTO Wizard 2. FreeBetRange 3. Bluffaces 4. Run It Once 5. Raise Your Edge","robots":{"index":"index","follow":"follow","max-snippet":"max-snippet:-1","max-image-preview":"max-image-preview:large","max-video-preview":"max-video-preview:-1"},"canonical":"https:\/\/hand2noteguide.com\/poker\/5-best-online-poker-training-sites\/","og_locale":"de_DE","og_type":"article","og_title":"Top 5 Online-Poker-Trainingsseiten: Spielst\u00e4rke steigern","og_description":"Die 5 besten Online-Poker-Trainingsseiten in 2026: 1. GTO Wizard 2. FreeBetRange 3. Bluffaces 4. Run It Once 5. Raise Your Edge","og_url":"https:\/\/hand2noteguide.com\/poker\/5-best-online-poker-training-sites\/","og_site_name":"Hand2Note Guide","article_modified_time":"2026-04-24T08:10:30+00:00","og_image":[{"width":2560,"height":1546,"url":"https:\/\/hand2noteguide.com\/wp-content\/uploads\/2026\/04\/gto-wizard-preview-2026-scaled.webp","type":"image\/webp"}],"twitter_card":"summary_large_image","twitter_misc":{"Est. reading time":"5 minutes"},"schema":{"@context":"https:\/\/schema.org","@graph":[]}},"jetpack_sharing_enabled":true,"_links":{"self":[{"href":"https:\/\/hand2noteguide.com\/de\/wp-json\/wp\/v2\/pages\/5989","targetHints":{"allow":["GET"]}}],"collection":[{"href":"https:\/\/hand2noteguide.com\/de\/wp-json\/wp\/v2\/pages"}],"about":[{"href":"https:\/\/hand2noteguide.com\/de\/wp-json\/wp\/v2\/types\/page"}],"author":[{"embeddable":true,"href":"https:\/\/hand2noteguide.com\/de\/wp-json\/wp\/v2\/users\/1"}],"replies":[{"embeddable":true,"href":"https:\/\/hand2noteguide.com\/de\/wp-json\/wp\/v2\/comments?post=5989"}],"version-history":[{"count":80,"href":"https:\/\/hand2noteguide.com\/de\/wp-json\/wp\/v2\/pages\/5989\/revisions"}],"predecessor-version":[{"id":16428,"href":"https:\/\/hand2noteguide.com\/de\/wp-json\/wp\/v2\/pages\/5989\/revisions\/16428"}],"up":[{"embeddable":true,"href":"https:\/\/hand2noteguide.com\/de\/wp-json\/wp\/v2\/pages\/7017"}],"wp:attachment":[{"href":"https:\/\/hand2noteguide.com\/de\/wp-json\/wp\/v2\/media?parent=5989"}],"curies":[{"name":"wp","href":"https:\/\/api.w.org\/{rel}","templated":true}]}}