{"id":6085,"date":"2024-02-18T21:06:53","date_gmt":"2024-02-18T18:06:53","guid":{"rendered":"https:\/\/hand2noteguide.com\/?page_id=6085"},"modified":"2025-06-04T15:05:19","modified_gmt":"2025-06-04T12:05:19","slug":"how-to-install-a-hud-package-in-hand2note-3","status":"publish","type":"page","link":"https:\/\/hand2noteguide.com\/de\/hud-store\/how-to-install-a-hud-package-in-hand2note-3\/","title":{"rendered":"So installieren Sie ein HUD-Paket in Hand2Note 3"},"content":{"rendered":"<div class=\"wp-block-h2n-alert h2n-alert h2n-alert--danger\"><div class=\"h2n-alert__icon\" aria-hidden=\"true\"><svg width=\"22\" height=\"22\" viewBox=\"0 0 24 24\" fill=\"none\" stroke=\"currentColor\" stroke-width=\"2\" stroke-linecap=\"round\" stroke-linejoin=\"round\"><polygon points=\"7.86 2 16.14 2 22 7.86 22 16.14 16.14 22 7.86 22 2 16.14 2 7.86 7.86 2\"\/><line x1=\"12\" y1=\"8\" x2=\"12\" y2=\"12\"\/><circle cx=\"12\" cy=\"16\" r=\"1\" fill=\"currentColor\" stroke=\"none\"\/><\/svg><\/div><div class=\"h2n-alert__content\">Diese Anleitung bezieht sich auf die veraltete Version <strong>Hand2Note 3<\/strong>. F\u00fcr die aktuelle Version siehe: <a href=\"https:\/\/hand2noteguide.com\/de\/user-manual\/installing-customized-statistics-packages-in-hand2note\/\">Installation von HUD-Paketen in Hand2Note 4<\/a>.<\/div><\/div>\n\n\n<p>Dieses kurze Video zeigt Ihnen Schritt f\u00fcr Schritt, wie Sie ein beliebiges HUD\/Popups-Paket in Hand2Note 3 installieren. Wenn Sie gerade ein Paket in unserem <a href=\"https:\/\/hudstore.poker\/\" target=\"_blank\" aria-label=\"undefined (\u00f6ffnet in einem neuen Tab)\" rel=\"noreferrer noopener\">Store<\/a> gekauft haben und Hand2Note Version 3.x.x verwenden, folgen Sie einfach den Schritten im Video, um Ihr neues HUD zu konfigurieren.<\/p>\n\n\n\n<figure class=\"wp-block-embed is-type-video is-provider-youtube wp-block-embed-youtube wp-embed-aspect-16-9 wp-has-aspect-ratio\"><div class=\"wp-block-embed__wrapper\">\n<div class=\"jetpack-video-wrapper\"><iframe loading=\"lazy\" title=\"How to install third-party HUD in Hand2Note\" width=\"700\" height=\"394\" src=\"https:\/\/www.youtube.com\/embed\/ouiuyhgIJpU?feature=oembed\" frameborder=\"0\" allow=\"accelerometer; autoplay; clipboard-write; encrypted-media; gyroscope; picture-in-picture; web-share\" allowfullscreen><\/iframe><\/div>\n<\/div><\/figure>\n\n\n\n<p>Wenn Sie w\u00e4hrend der HUD-Installation auf Schwierigkeiten sto\u00dfen, wenden Sie sich bitte an den Autor, er sollte Ihnen bei der L\u00f6sung von Problemen helfen.<\/p>\n","protected":false},"excerpt":{"rendered":"<p>Dieses kurze Video zeigt Ihnen Schritt f\u00fcr Schritt, wie Sie ein beliebiges HUD\/Popups-Paket in Hand2Note 3 installieren. Wenn Sie gerade ein Paket in unserem Store gekauft haben und Hand2Note Version 3.x.x verwenden, folgen Sie einfach den Schritten im Video, um Ihr neues HUD zu konfigurieren. Wenn Sie w\u00e4hrend der HUD-Installation auf Schwierigkeiten sto\u00dfen, wenden Sie &hellip; <a href=\"https:\/\/hand2noteguide.com\/de\/hud-store\/how-to-install-a-hud-package-in-hand2note-3\/\" class=\"more-link\">Continue reading <span class=\"screen-reader-text\">So installieren Sie ein HUD-Paket in Hand2Note 3<\/span><\/a><\/p>\n","protected":false},"author":1,"featured_media":0,"parent":4640,"menu_order":0,"comment_status":"closed","ping_status":"closed","template":"page-templates\/full-width-page.php","meta":{"footnotes":""},"class_list":["post-6085","page","type-page","status-publish","hentry"],"translation":{"provider":"WPGlobus","version":"3.0.2","language":"de","enabled_languages":["en","ru","pt","zh","es","fr","de","it","ja"],"languages":{"en":{"title":true,"content":true,"excerpt":false},"ru":{"title":true,"content":true,"excerpt":false},"pt":{"title":true,"content":true,"excerpt":false},"zh":{"title":true,"content":true,"excerpt":false},"es":{"title":true,"content":true,"excerpt":false},"fr":{"title":true,"content":true,"excerpt":false},"de":{"title":true,"content":true,"excerpt":false},"it":{"title":true,"content":true,"excerpt":false},"ja":{"title":true,"content":true,"excerpt":false}}},"yoast_head":"<!-- This site is optimized with the Yoast SEO plugin v27.0 - https:\/\/yoast.com\/product\/yoast-seo-wordpress\/ -->\n<title>So installieren Sie ein HUD-Paket in Hand2Note 3<\/title>\n<meta name=\"description\" content=\"Erfahren Sie, wie Sie HUD-Pakete in Hand2Note 3 mit unserer Schritt-f\u00fcr-Schritt-Videoanleitung einfach installieren k\u00f6nnen. Perfekt f\u00fcr neue Hand2Note-Nutzer, die gerade das neue HUD erhalten haben.\" \/>\n<meta name=\"robots\" content=\"index, follow, max-snippet:-1, max-image-preview:large, max-video-preview:-1\" \/>\n<link rel=\"canonical\" href=\"https:\/\/hand2noteguide.com\/hud-store\/how-to-install-a-hud-package-in-hand2note-3\/\" \/>\n<meta property=\"og:locale\" content=\"de_DE\" \/>\n<meta property=\"og:type\" content=\"article\" \/>\n<meta property=\"og:title\" content=\"So installieren Sie ein HUD-Paket in Hand2Note 3\" \/>\n<meta property=\"og:description\" content=\"Erfahren Sie, wie Sie HUD-Pakete in Hand2Note 3 mit unserer Schritt-f\u00fcr-Schritt-Videoanleitung einfach installieren k\u00f6nnen. Perfekt f\u00fcr neue Hand2Note-Nutzer, die gerade das neue HUD erhalten haben.\" \/>\n<meta property=\"og:url\" content=\"https:\/\/hand2noteguide.com\/hud-store\/how-to-install-a-hud-package-in-hand2note-3\/\" \/>\n<meta property=\"og:site_name\" content=\"Hand2Note Guide\" \/>\n<meta property=\"article:modified_time\" content=\"2025-06-04T12:05:19+00:00\" \/>\n<meta name=\"twitter:card\" content=\"summary_large_image\" \/>\n<meta name=\"twitter:label1\" content=\"Est. reading time\" \/>\n\t<meta name=\"twitter:data1\" content=\"3 minutes\" \/>\n<!-- \/ Yoast SEO plugin. -->","yoast_head_json":{"title":"So installieren Sie ein HUD-Paket in Hand2Note 3","description":"Erfahren Sie, wie Sie HUD-Pakete in Hand2Note 3 mit unserer Schritt-f\u00fcr-Schritt-Videoanleitung einfach installieren k\u00f6nnen. Perfekt f\u00fcr neue Hand2Note-Nutzer, die gerade das neue HUD erhalten haben.","robots":{"index":"index","follow":"follow","max-snippet":"max-snippet:-1","max-image-preview":"max-image-preview:large","max-video-preview":"max-video-preview:-1"},"canonical":"https:\/\/hand2noteguide.com\/hud-store\/how-to-install-a-hud-package-in-hand2note-3\/","og_locale":"de_DE","og_type":"article","og_title":"So installieren Sie ein HUD-Paket in Hand2Note 3","og_description":"Erfahren Sie, wie Sie HUD-Pakete in Hand2Note 3 mit unserer Schritt-f\u00fcr-Schritt-Videoanleitung einfach installieren k\u00f6nnen. Perfekt f\u00fcr neue Hand2Note-Nutzer, die gerade das neue HUD erhalten haben.","og_url":"https:\/\/hand2noteguide.com\/hud-store\/how-to-install-a-hud-package-in-hand2note-3\/","og_site_name":"Hand2Note Guide","article_modified_time":"2025-06-04T12:05:19+00:00","twitter_card":"summary_large_image","twitter_misc":{"Est. reading time":"3 minutes"},"schema":{"@context":"https:\/\/schema.org","@graph":[]}},"jetpack_sharing_enabled":true,"_links":{"self":[{"href":"https:\/\/hand2noteguide.com\/de\/wp-json\/wp\/v2\/pages\/6085","targetHints":{"allow":["GET"]}}],"collection":[{"href":"https:\/\/hand2noteguide.com\/de\/wp-json\/wp\/v2\/pages"}],"about":[{"href":"https:\/\/hand2noteguide.com\/de\/wp-json\/wp\/v2\/types\/page"}],"author":[{"embeddable":true,"href":"https:\/\/hand2noteguide.com\/de\/wp-json\/wp\/v2\/users\/1"}],"replies":[{"embeddable":true,"href":"https:\/\/hand2noteguide.com\/de\/wp-json\/wp\/v2\/comments?post=6085"}],"version-history":[{"count":12,"href":"https:\/\/hand2noteguide.com\/de\/wp-json\/wp\/v2\/pages\/6085\/revisions"}],"predecessor-version":[{"id":13442,"href":"https:\/\/hand2noteguide.com\/de\/wp-json\/wp\/v2\/pages\/6085\/revisions\/13442"}],"up":[{"embeddable":true,"href":"https:\/\/hand2noteguide.com\/de\/wp-json\/wp\/v2\/pages\/4640"}],"wp:attachment":[{"href":"https:\/\/hand2noteguide.com\/de\/wp-json\/wp\/v2\/media?parent=6085"}],"curies":[{"name":"wp","href":"https:\/\/api.w.org\/{rel}","templated":true}]}}