{"id":6096,"date":"2024-03-14T14:01:58","date_gmt":"2024-03-14T11:01:58","guid":{"rendered":"https:\/\/hand2noteguide.com\/?page_id=6096"},"modified":"2026-02-21T16:09:45","modified_gmt":"2026-02-21T13:09:45","slug":"gto-wizard-discount","status":"publish","type":"page","link":"https:\/\/hand2noteguide.com\/de\/poker\/poker-gto\/gto-wizard-review\/gto-wizard-discount\/","title":{"rendered":"GTO Wizard: Rabatt -10% und Bonus!"},"content":{"rendered":"\n<p>Um <strong>sofort 10% Rabatt<\/strong> auf jeden GTO Wizard-Abonnementkauf zu erhalten, befolgen Sie die 3 einfachen Schritte:<\/p>\n\n\n\n<div class=\"green-block\">\n<p><strong>1.<\/strong> \u00d6ffnen Sie die GTO Wizard-Website mit <a href=\"https:\/\/gtowizard.com\/p\/nickkorolev\" target=\"_blank\" rel=\"noopener sponsored\"><strong>unserem Link<\/strong><\/a><\/p>\n<p><strong>2.<\/strong> Erstellen Sie ein Konto und melden Sie sich an<\/p>\n<p><strong>3.<\/strong> Der 10% Rabatt wird automatisch auf jeden Kauf angewendet, den Sie t\u00e4tigen.<\/p>\n<\/div>\n\n\n\n<p>Sie k\u00f6nnen den Link auch kopieren und in einem neuen Tab einf\u00fcgen:<\/p>\n\n\n\n<pre>https:\/\/gtowizard.com\/p\/nickkorolev<\/pre>\n\n\n\n<p>Sobald Sie eingeloggt sind, sehen Sie die Nachricht, dass Sie dank nickkorolev einen Rabatt erhalten haben.<\/p>\n\n\n\n<figure class=\"wp-block-image size-large\"><a href=\"https:\/\/gtowizard.com\/p\/nickkorolev\" target=\"_blank\" rel=\"noreferrer noopener\"><img loading=\"lazy\" decoding=\"async\" width=\"1024\" height=\"556\" src=\"https:\/\/hand2noteguide.com\/wp-content\/uploads\/2024\/03\/gto-wizard-discount-1-min-1024x556.webp\" alt=\"GTO Wizard Rabatt\" class=\"wp-image-6145\" srcset=\"https:\/\/hand2noteguide.com\/wp-content\/uploads\/2024\/03\/gto-wizard-discount-1-min-1024x556.webp 1024w, https:\/\/hand2noteguide.com\/wp-content\/uploads\/2024\/03\/gto-wizard-discount-1-min-300x163.webp 300w, https:\/\/hand2noteguide.com\/wp-content\/uploads\/2024\/03\/gto-wizard-discount-1-min-768x417.webp 768w, https:\/\/hand2noteguide.com\/wp-content\/uploads\/2024\/03\/gto-wizard-discount-1-min-1536x834.webp 1536w, https:\/\/hand2noteguide.com\/wp-content\/uploads\/2024\/03\/gto-wizard-discount-1-min-2048x1112.webp 2048w, https:\/\/hand2noteguide.com\/wp-content\/uploads\/2024\/03\/gto-wizard-discount-1-min-772x419.webp 772w, https:\/\/hand2noteguide.com\/wp-content\/uploads\/2024\/03\/gto-wizard-discount-1-min-624x339.webp 624w\" sizes=\"auto, (max-width: 1024px) 100vw, 1024px\" \/><\/a><\/figure>\n\n\n\n<h2 class=\"wp-block-heading\">Mehr als nur ein Rabatt<\/h2>\n\n\n\n<p>Unser Angebot gibt Ihnen einen zus\u00e4tzlichen Bonus. Wenn Sie sich mit <a href=\"https:\/\/gtowizard.com\/p\/nickkorolev\" target=\"_blank\" rel=\"noreferrer noopener sponsored\"><strong>unserem Link<\/strong><\/a> anmelden und einen <strong>j\u00e4hrlichen<\/strong> Plan von GTO Wizard erwerben, erhalten Sie auch eine <a href=\"https:\/\/hand2noteguide.com\/de\/poker\/the-best-poker-preflop-charts-software\/\"><strong>Freebetrange<\/strong><\/a><strong> 60 Tage PRO-Lizenz kostenlos<\/strong>. Freebetrange unterst\u00fctzt das Ranges-Format von GTO Wizard. Daher k\u00f6nnen Sie diese beiden Tools perfekt kombinieren: Studieren Sie GTO-Ranges im Wizard und erstellen Sie Ihre eigene benutzerdefinierte Preflop-Strategie in Freebetrange.<\/p>\n\n\n\n<figure class=\"wp-block-image size-large\"><a href=\"https:\/\/freebetrange.com\/\" target=\"_blank\" rel=\"noopener\"><img loading=\"lazy\" decoding=\"async\" width=\"1024\" height=\"622\" src=\"https:\/\/hand2noteguide.com\/wp-content\/uploads\/2024\/03\/freebetrange-min-1024x622.webp\" alt=\"Freebetrange Range-Editor\" class=\"wp-image-6150\" srcset=\"https:\/\/hand2noteguide.com\/wp-content\/uploads\/2024\/03\/freebetrange-min-1024x622.webp 1024w, https:\/\/hand2noteguide.com\/wp-content\/uploads\/2024\/03\/freebetrange-min-300x182.webp 300w, https:\/\/hand2noteguide.com\/wp-content\/uploads\/2024\/03\/freebetrange-min-768x467.webp 768w, https:\/\/hand2noteguide.com\/wp-content\/uploads\/2024\/03\/freebetrange-min-1536x933.webp 1536w, https:\/\/hand2noteguide.com\/wp-content\/uploads\/2024\/03\/freebetrange-min-2048x1245.webp 2048w, https:\/\/hand2noteguide.com\/wp-content\/uploads\/2024\/03\/freebetrange-min-772x469.webp 772w, https:\/\/hand2noteguide.com\/wp-content\/uploads\/2024\/03\/freebetrange-min-624x379.webp 624w\" sizes=\"auto, (max-width: 1024px) 100vw, 1024px\" \/><\/a><\/figure>\n\n\n\n<p>Um diesen Bonus zu beanspruchen, m\u00fcssen Sie ein Freebetrange-Konto erstellen und <a href=\"https:\/\/hand2noteguide.com\/de\/contact-us\/\">uns kontaktieren<\/a>. Ihre PRO-Lizenz wird automatisch innerhalb von 24 Stunden nach Ihrem GTO Wizard-Kauf aktiviert.<\/p>\n\n\n\n<h2 class=\"wp-block-heading\">Was tun, wenn der Rabatt nicht funktioniert?<\/h2>\n\n\n\n<p>Bitte stellen Sie sicher, dass Sie <strong>ein neues Konto<\/strong> erstellen. Denn wenn Sie ein bestehendes Konto mit fr\u00fcheren K\u00e4ufen haben, sind Rabatte nicht anwendbar. <a href=\"https:\/\/hand2noteguide.com\/de\/contact-us\/\">Kontaktieren Sie uns<\/a>, wenn Sie sicher sind, dass Sie einen Erstkauf t\u00e4tigen, aber der Rabatt trotzdem nicht funktioniert.<\/p>\n\n\n\n<h2 class=\"wp-block-heading\">Warum sollte ich GTO Wizard kaufen?<\/h2>\n\n\n\n<p>Egal auf welchem Niveau Sie spielen, um ein solider und gewinnender Spieler zu sein, m\u00fcssen Sie GTO lernen. Nat\u00fcrlich m\u00fcssen Sie die Fehler anderer Spieler ausnutzen &#8211; so wird im Poker Geld verdient. Und um auszunutzen, m\u00fcssen Sie von den GTO-Ranges abweichen. Aber wie w\u00fcrden Sie abweichen, wenn Sie die GTO-Ranges nicht zuerst kennen? Wenn Sie keine solide GTO-Basis im Kopf haben, werden Ihre Ranges zu zuf\u00e4llig sein, und Sie werden auch sehr ausnutzbar gegen andere professionelle Spieler sein.<\/p>\n\n\n\n<figure class=\"wp-block-image size-large\"><a href=\"https:\/\/hand2noteguide.com\/de\/gto-wizard-discount\/gto-wizard-app-min\/\" target=\"_blank\" rel=\"noreferrer noopener\"><img loading=\"lazy\" decoding=\"async\" width=\"1024\" height=\"632\" src=\"https:\/\/hand2noteguide.com\/wp-content\/uploads\/2024\/03\/gto-wizard-app-min-1024x632.webp\" alt=\"GTO Wizard App\" class=\"wp-image-6166\" srcset=\"https:\/\/hand2noteguide.com\/wp-content\/uploads\/2024\/03\/gto-wizard-app-min-1024x632.webp 1024w, https:\/\/hand2noteguide.com\/wp-content\/uploads\/2024\/03\/gto-wizard-app-min-300x185.webp 300w, https:\/\/hand2noteguide.com\/wp-content\/uploads\/2024\/03\/gto-wizard-app-min-768x474.webp 768w, https:\/\/hand2noteguide.com\/wp-content\/uploads\/2024\/03\/gto-wizard-app-min-1536x948.webp 1536w, https:\/\/hand2noteguide.com\/wp-content\/uploads\/2024\/03\/gto-wizard-app-min-2048x1264.webp 2048w, https:\/\/hand2noteguide.com\/wp-content\/uploads\/2024\/03\/gto-wizard-app-min-772x476.webp 772w, https:\/\/hand2noteguide.com\/wp-content\/uploads\/2024\/03\/gto-wizard-app-min-624x385.webp 624w\" sizes=\"auto, (max-width: 1024px) 100vw, 1024px\" \/><\/a><\/figure>\n\n\n\n<p>Also ist das Bed\u00fcrfnis, GTO zu studieren, unbestreitbar. GTO Wizard ist eine perfekte App in <a href=\"https:\/\/hand2noteguide.com\/de\/poker\/5-best-online-poker-software\/\">Ihrem Poker-Tool-Arsenal<\/a>, um es vollst\u00e4ndig zu befriedigen. Die App funktioniert in Ihrem Browser, sodass Sie keine Software auf Ihrem PC installieren m\u00fcssen. Alle L\u00f6sungen sind vorab berechnet, sodass Sie nicht warten m\u00fcssen, um einen bestimmten Spot zu l\u00f6sen. Die Anwendung funktioniert schnell und reibungslos und enth\u00e4lt auch eine Reihe von praktischen Trainingsfunktionen, die Sie nach und nach entdecken werden, w\u00e4hrend Sie sie verwenden.<\/p>\n\n\n\n<p>Erfahren Sie mehr \u00fcber die Funktionen von GTO Wizard in unserem <a href=\"https:\/\/hand2noteguide.com\/de\/poker\/poker-gto\/gto-wizard-review\/\">GTO Wizard Review<\/a> Artikel.<\/p>\n\n\n\n<h2 class=\"wp-block-heading\">Welcher Abonnementplan ist f\u00fcr mich geeignet?<\/h2>\n\n\n\n<p>Direkt nach der Anmeldung werden Sie aufgefordert, Ihren Spieltyp auszuw\u00e4hlen:<\/p>\n\n\n\n<ul class=\"wp-block-list\">\n<li>Klassische Cash Games<\/li>\n\n\n\n<li>MTT<\/li>\n\n\n\n<li>Spin&amp;Go<\/li>\n\n\n\n<li>HU SNG<\/li>\n\n\n\n<li>Straddle &amp; Ante Cash Games<\/li>\n<\/ul>\n\n\n\n<p>Keine Sorge, wenn Sie mehr als einen Spieltyp ben\u00f6tigen, k\u00f6nnen Sie sp\u00e4ter weitere ausw\u00e4hlen.<\/p>\n\n\n\n<figure class=\"wp-block-image size-large\"><a href=\"https:\/\/hand2noteguide.com\/de\/gto-wizard-discount\/gto-wizard-plans-1-min\/\" target=\"_blank\" rel=\"noreferrer noopener\"><img loading=\"lazy\" decoding=\"async\" width=\"1024\" height=\"631\" src=\"https:\/\/hand2noteguide.com\/wp-content\/uploads\/2024\/03\/gto-wizard-plans-1-min-1024x631.webp\" alt=\"GTO Wizard w\u00e4hlt einen Poker-Spieltyp\" class=\"wp-image-6159\" srcset=\"https:\/\/hand2noteguide.com\/wp-content\/uploads\/2024\/03\/gto-wizard-plans-1-min-1024x631.webp 1024w, https:\/\/hand2noteguide.com\/wp-content\/uploads\/2024\/03\/gto-wizard-plans-1-min-300x185.webp 300w, https:\/\/hand2noteguide.com\/wp-content\/uploads\/2024\/03\/gto-wizard-plans-1-min-768x474.webp 768w, https:\/\/hand2noteguide.com\/wp-content\/uploads\/2024\/03\/gto-wizard-plans-1-min-1536x947.webp 1536w, https:\/\/hand2noteguide.com\/wp-content\/uploads\/2024\/03\/gto-wizard-plans-1-min-2048x1263.webp 2048w, https:\/\/hand2noteguide.com\/wp-content\/uploads\/2024\/03\/gto-wizard-plans-1-min-772x476.webp 772w, https:\/\/hand2noteguide.com\/wp-content\/uploads\/2024\/03\/gto-wizard-plans-1-min-624x385.webp 624w\" sizes=\"auto, (max-width: 1024px) 100vw, 1024px\" \/><\/a><\/figure>\n\n\n\n<p>Jeder Spieltyp bietet f\u00fcnf Abonnementpl\u00e4ne: <strong>Free, Starter, Premium, Elite und Ultra<\/strong>. Sie unterscheiden sich in Funktionen, Analyselimits und Solver-F\u00e4higkeiten.<\/p>\n\n\n\n<p>Alle kostenpflichtigen Stufen bieten Zugang zur Postflop-L\u00f6sungsbibliothek. Die Limits unterscheiden sich jedoch erheblich:<\/p>\n\n\n\n<ul class=\"wp-block-list\">\n<li><strong>Starter:<\/strong> Analysieren Sie bis zu 50 Hand-Histories pro Monat und trainieren Sie nur 100bb-Tiefe-Spots.<\/li>\n\n\n\n<li><strong>Premium:<\/strong> Analysieren Sie bis zu 100.000 H\u00e4nde pro Monat mit allen Stack-Gr\u00f6\u00dfen im \u00dcbungsmodus.<\/li>\n\n\n\n<li><strong>Elite:<\/strong> Erh\u00f6ht das Analyselimit auf 150.000 H\u00e4nde und schaltet <strong>Node Locking 2.0<\/strong> frei, mit dem Sie die Strategie eines Gegners anpassen k\u00f6nnen, um maximale Exploits zu finden.<\/li>\n<\/ul>\n\n\n\n<p>Das Flaggschiff-Feature der Top-Pl\u00e4ne ist <strong>GTO Wizard AI (ehemals Ruse AI)<\/strong>. W\u00e4hrend der <strong>Elite<\/strong>-Plan es Ihnen erm\u00f6glicht, benutzerdefinierte Heads-Up-Spots zu l\u00f6sen und Ranges oder Stack-Gr\u00f6\u00dfen zu bearbeiten, bringt der neue <strong>Ultra<\/strong>-Plan dies mit <strong>unbegrenztem Multiway-AI-Solving<\/strong> auf die n\u00e4chste Stufe. Damit k\u00f6nnen Sie schnell jede Preflop- oder Postflop-Situation mit bis zu 9 Spielern l\u00f6sen, auch wenn sie nicht in der Bibliothek enthalten ist.<\/p>\n\n\n<div class=\"wp-block-h2n-alert h2n-alert h2n-alert--info\"><div class=\"h2n-alert__icon\" aria-hidden=\"true\"><svg width=\"22\" height=\"22\" viewBox=\"0 0 24 24\" fill=\"none\" stroke=\"currentColor\" stroke-width=\"2\" stroke-linecap=\"round\" stroke-linejoin=\"round\"><circle cx=\"12\" cy=\"12\" r=\"10\"\/><line x1=\"12\" y1=\"16\" x2=\"12\" y2=\"12\"\/><circle cx=\"12\" cy=\"8\" r=\"1\" fill=\"currentColor\" stroke=\"none\"\/><\/svg><\/div><div class=\"h2n-alert__content\">Sie k\u00f6nnen mehr \u00fcber die kostenpflichtigen Pl\u00e4ne in unserem <a href=\"https:\/\/hand2noteguide.com\/de\/gto-wizard-price\/\">GTO Wizard Preis\u00fcbersicht<\/a> Artikel erfahren.<\/div><\/div>\n\n\n<p>\u00dcberpr\u00fcfen Sie die Liste der verf\u00fcgbaren Funktionen in jedem Plan. W\u00e4hlen Sie dann denjenigen, der am besten zu Ihren Poker-Trainingszielen passt.<\/p>\n\n\n\n<h2 class=\"wp-block-heading\">Gibt es einen GTO Wizard Promo-Code oder Gutschein?<\/h2>\n\n\n\n<p>Nein, die App bietet Ihnen keine M\u00f6glichkeit, Gutscheine einzugeben. Um einen Rabatt zu erhalten, m\u00fcssen Sie sich mit einem Speziallink anmelden:<\/p>\n\n\n\n<pre>https:\/\/gtowizard.com\/p\/nickkorolev<\/pre>\n\n\n\n<p>Nach der Anmeldung gehen Sie zur Checkout-Seite. Sie werden sehen, dass Ihr GTO Wizard Rabattcode &#8220;nickkorolev&#8221; bereits angewendet wurde. Dies ist der einzige Weg, um einen erm\u00e4\u00dfigten Preis f\u00fcr das GTO Wizard-Tool zu erhalten.<\/p>\n\n\n\n<p>Nutzen Sie unser Angebot, um Ihre Reise mit <a href=\"\/de\/poker\/5-best-online-poker-software\/\">der besten GTO-Software<\/a> zum besten Preis zu beginnen.<\/p>\n\n\n\n<p style=\"margin-top:24px\"><a target=\"_blank\" class=\"article-action-link\" href=\"https:\/\/gtowizard.com\/p\/nickkorolev\" rel=\"noopener sponsored\">Holen Sie sich GTO Wizard mit 10% Rabatt \u2192<\/a><\/p>\n","protected":false},"excerpt":{"rendered":"<p>Um sofort 10% Rabatt auf jeden GTO Wizard-Abonnementkauf zu erhalten, befolgen Sie die 3 einfachen Schritte: 1. \u00d6ffnen Sie die GTO Wizard-Website mit unserem Link 2. Erstellen Sie ein Konto und melden Sie sich an 3. Der 10% Rabatt wird automatisch auf jeden Kauf angewendet, den Sie t\u00e4tigen. Sie k\u00f6nnen den Link auch kopieren und &hellip; <a href=\"https:\/\/hand2noteguide.com\/de\/poker\/poker-gto\/gto-wizard-review\/gto-wizard-discount\/\" class=\"more-link\">Continue reading <span class=\"screen-reader-text\">GTO Wizard: Rabatt -10% und Bonus!<\/span><\/a><\/p>\n","protected":false},"author":1,"featured_media":0,"parent":6182,"menu_order":0,"comment_status":"closed","ping_status":"closed","template":"","meta":{"footnotes":""},"class_list":["post-6096","page","type-page","status-publish","hentry"],"translation":{"provider":"WPGlobus","version":"3.0.2","language":"de","enabled_languages":["en","ru","pt","zh","es","fr","de","it","ja"],"languages":{"en":{"title":true,"content":true,"excerpt":false},"ru":{"title":true,"content":true,"excerpt":false},"pt":{"title":true,"content":true,"excerpt":false},"zh":{"title":true,"content":true,"excerpt":false},"es":{"title":true,"content":true,"excerpt":false},"fr":{"title":true,"content":true,"excerpt":false},"de":{"title":true,"content":true,"excerpt":false},"it":{"title":true,"content":true,"excerpt":false},"ja":{"title":true,"content":true,"excerpt":false}}},"yoast_head":"<!-- This site is optimized with the Yoast SEO plugin v27.0 - https:\/\/yoast.com\/product\/yoast-seo-wordpress\/ -->\n<title>GTO Wizard Rabatt - 10% auf jedes Abonnement + Bonus<\/title>\n<meta name=\"description\" content=\"Holen Sie sich die Nr. 1 GTO Poker-App mit Rabatt und Bonus. Nutzen Sie unseren Link zur Anmeldung und genie\u00dfen Sie sofort 10% Rabatt auf jeden Kauf, den Sie in der App t\u00e4tigen.\" \/>\n<meta name=\"robots\" content=\"index, follow, max-snippet:-1, max-image-preview:large, max-video-preview:-1\" \/>\n<link rel=\"canonical\" href=\"https:\/\/hand2noteguide.com\/poker\/poker-gto\/gto-wizard-review\/gto-wizard-discount\/\" \/>\n<meta property=\"og:locale\" content=\"de_DE\" \/>\n<meta property=\"og:type\" content=\"article\" \/>\n<meta property=\"og:title\" content=\"GTO Wizard Rabatt - 10% auf jedes Abonnement + Bonus\" \/>\n<meta property=\"og:description\" content=\"Holen Sie sich die Nr. 1 GTO Poker-App mit Rabatt und Bonus. Nutzen Sie unseren Link zur Anmeldung und genie\u00dfen Sie sofort 10% Rabatt auf jeden Kauf, den Sie in der App t\u00e4tigen.\" \/>\n<meta property=\"og:url\" content=\"https:\/\/hand2noteguide.com\/poker\/poker-gto\/gto-wizard-review\/gto-wizard-discount\/\" \/>\n<meta property=\"og:site_name\" content=\"Hand2Note Guide\" \/>\n<meta property=\"article:modified_time\" content=\"2026-02-21T13:09:45+00:00\" \/>\n<meta property=\"og:image\" content=\"https:\/\/hand2noteguide.com\/wp-content\/uploads\/2024\/03\/gto-wizard-discount-1-min-1024x556.webp\" \/>\n<meta name=\"twitter:card\" content=\"summary_large_image\" \/>\n<meta name=\"twitter:label1\" content=\"Est. reading time\" \/>\n\t<meta name=\"twitter:data1\" content=\"5 minutes\" \/>\n<!-- \/ Yoast SEO plugin. -->","yoast_head_json":{"title":"GTO Wizard Rabatt - 10% auf jedes Abonnement + Bonus","description":"Holen Sie sich die Nr. 1 GTO Poker-App mit Rabatt und Bonus. Nutzen Sie unseren Link zur Anmeldung und genie\u00dfen Sie sofort 10% Rabatt auf jeden Kauf, den Sie in der App t\u00e4tigen.","robots":{"index":"index","follow":"follow","max-snippet":"max-snippet:-1","max-image-preview":"max-image-preview:large","max-video-preview":"max-video-preview:-1"},"canonical":"https:\/\/hand2noteguide.com\/poker\/poker-gto\/gto-wizard-review\/gto-wizard-discount\/","og_locale":"de_DE","og_type":"article","og_title":"GTO Wizard Rabatt - 10% auf jedes Abonnement + Bonus","og_description":"Holen Sie sich die Nr. 1 GTO Poker-App mit Rabatt und Bonus. Nutzen Sie unseren Link zur Anmeldung und genie\u00dfen Sie sofort 10% Rabatt auf jeden Kauf, den Sie in der App t\u00e4tigen.","og_url":"https:\/\/hand2noteguide.com\/poker\/poker-gto\/gto-wizard-review\/gto-wizard-discount\/","og_site_name":"Hand2Note Guide","article_modified_time":"2026-02-21T13:09:45+00:00","og_image":[{"url":"https:\/\/hand2noteguide.com\/wp-content\/uploads\/2024\/03\/gto-wizard-discount-1-min-1024x556.webp","type":"","width":"","height":""}],"twitter_card":"summary_large_image","twitter_misc":{"Est. reading time":"5 minutes"},"schema":{"@context":"https:\/\/schema.org","@graph":[]}},"jetpack_sharing_enabled":true,"_links":{"self":[{"href":"https:\/\/hand2noteguide.com\/de\/wp-json\/wp\/v2\/pages\/6096","targetHints":{"allow":["GET"]}}],"collection":[{"href":"https:\/\/hand2noteguide.com\/de\/wp-json\/wp\/v2\/pages"}],"about":[{"href":"https:\/\/hand2noteguide.com\/de\/wp-json\/wp\/v2\/types\/page"}],"author":[{"embeddable":true,"href":"https:\/\/hand2noteguide.com\/de\/wp-json\/wp\/v2\/users\/1"}],"replies":[{"embeddable":true,"href":"https:\/\/hand2noteguide.com\/de\/wp-json\/wp\/v2\/comments?post=6096"}],"version-history":[{"count":128,"href":"https:\/\/hand2noteguide.com\/de\/wp-json\/wp\/v2\/pages\/6096\/revisions"}],"predecessor-version":[{"id":15222,"href":"https:\/\/hand2noteguide.com\/de\/wp-json\/wp\/v2\/pages\/6096\/revisions\/15222"}],"up":[{"embeddable":true,"href":"https:\/\/hand2noteguide.com\/de\/wp-json\/wp\/v2\/pages\/6182"}],"wp:attachment":[{"href":"https:\/\/hand2noteguide.com\/de\/wp-json\/wp\/v2\/media?parent=6096"}],"curies":[{"name":"wp","href":"https:\/\/api.w.org\/{rel}","templated":true}]}}