{"id":6182,"date":"2024-03-16T13:26:25","date_gmt":"2024-03-16T10:26:25","guid":{"rendered":"https:\/\/hand2noteguide.com\/?page_id=6182"},"modified":"2026-02-23T12:09:58","modified_gmt":"2026-02-23T09:09:58","slug":"gto-wizard-review","status":"publish","type":"page","link":"https:\/\/hand2noteguide.com\/de\/poker\/poker-gto\/gto-wizard-review\/","title":{"rendered":"GTO Wizard Bewertung"},"content":{"rendered":"\n<p>In diesem Artikel werden wir die Hauptmerkmale von GTO Wizard &#8211; der ultimativen GTO-Software f\u00fcr Pokerspieler &#8211; \u00fcberpr\u00fcfen. Es spielt keine Rolle, auf welchem Niveau Sie sich derzeit befinden &#8211; von Mikro- bis hin zu hohen Eins\u00e4tzen. Im modernen Online-Poker m\u00fcssen Sie zumindest ein grundlegendes Verst\u00e4ndnis von GTO haben. Aber der Wizard bietet Ihnen weit mehr als nur ein grundlegendes Verst\u00e4ndnis. Er erm\u00f6glicht es Ihnen, GTO sehr tiefgehend zu studieren, und das gleichzeitig schnell und effizient. Lassen Sie uns einen Blick darauf werfen.<\/p>\n\n\n\n<h2 class=\"wp-block-heading\">Was ist GTO Wizard?<\/h2>\n\n\n\n<p>Kurz gesagt, GTO Wizard ist eine webbasierte Pokeranwendung zum Studium von <a href=\"https:\/\/hand2noteguide.com\/de\/poker\/poker-gto\/\">GTO<\/a>.<\/p>\n\n\n\n<figure class=\"wp-block-image size-large\"><a href=\"https:\/\/gtowizard.com\/p\/nickkorolev\" target=\"_blank\" rel=\"noopener\"><img loading=\"lazy\" decoding=\"async\" width=\"1024\" height=\"660\" src=\"https:\/\/hand2noteguide.com\/wp-content\/uploads\/2024\/03\/1-gto-wizard-main-min-1024x660.webp\" alt=\"GTO Wizard Bewertung\" class=\"wp-image-6208\" srcset=\"https:\/\/hand2noteguide.com\/wp-content\/uploads\/2024\/03\/1-gto-wizard-main-min-1024x660.webp 1024w, https:\/\/hand2noteguide.com\/wp-content\/uploads\/2024\/03\/1-gto-wizard-main-min-300x193.webp 300w, https:\/\/hand2noteguide.com\/wp-content\/uploads\/2024\/03\/1-gto-wizard-main-min-768x495.webp 768w, https:\/\/hand2noteguide.com\/wp-content\/uploads\/2024\/03\/1-gto-wizard-main-min-1536x989.webp 1536w, https:\/\/hand2noteguide.com\/wp-content\/uploads\/2024\/03\/1-gto-wizard-main-min-2048x1319.webp 2048w, https:\/\/hand2noteguide.com\/wp-content\/uploads\/2024\/03\/1-gto-wizard-main-min-772x497.webp 772w, https:\/\/hand2noteguide.com\/wp-content\/uploads\/2024\/03\/1-gto-wizard-main-min-624x402.webp 624w\" sizes=\"auto, (max-width: 1024px) 100vw, 1024px\" \/><\/a><\/figure>\n\n\n\n<p>Zun\u00e4chst einmal verf\u00fcgt es \u00fcber eine Bibliothek mit mehr als 10 Millionen vorgespeicherten Situationen f\u00fcr Preflop und Postflop. Alle Formate von Cash, Heads-up SNGs, MTTs und Spins-Spielen werden unterst\u00fctzt. Die zweite Hauptfunktion der Software ist die M\u00f6glichkeit, die GTO-Strategie zu \u00fcben. Und drittens die Analyse, das hei\u00dft, das Laden Ihrer Handhistorien und das Erkunden der Berichte dar\u00fcber, wie korrekt Sie aus der GTO-Perspektive gespielt haben. Wir werden sp\u00e4ter in diesem Artikel auf jede dieser Funktionen genauer eingehen.<\/p>\n\n\n\n<h2 class=\"wp-block-heading\">Erstellen eines Kontos und Anmeldung<\/h2>\n\n\n\n<p>Sie k\u00f6nnen die App mit nur wenigen Klicks betreten. Verwenden Sie Ihr Google-, Facebook- oder Apple-Konto.<\/p>\n\n\n\n<div class=\"green-block\" style=\"margin:16px 0 24px 0\">\n<p style=\"margin-bottom:0\">Stellen Sie sicher, dass Sie die GTO Wizard-Website mit dem Link <a href=\"https:\/\/gtowizard.com\/p\/nickkorolev\" target=\"_blank\" rel=\"sponsored noopener\">https:\/\/gtowizard.com\/p\/nickkorolev<\/a> \u00f6ffnen, bevor Sie ein Konto erstellen.<br>Auf diese Weise erhalten Sie einen <b>10% Rabatt auf Ihren Abonnementkauf<\/b> und eine kostenlose Freebetrange PRO-Lizenz.<br><a href=\"\/de\/poker\/poker-gto\/gto-wizard-review\/gto-wizard-discount\/\">Mehr \u00fcber dieses Angebot \u2192<\/a><\/p>\n<\/div>\n\n\n\n<figure class=\"wp-block-image size-large is-resized\"><a href=\"https:\/\/hand2noteguide.com\/?attachment_id=6209\" target=\"_blank\" rel=\"noreferrer noopener\"><img loading=\"lazy\" decoding=\"async\" src=\"https:\/\/hand2noteguide.com\/wp-content\/uploads\/2024\/03\/2-gto-wizard-login-min-1024x685.webp\" alt=\"GTO Wizard Anmeldung\" class=\"wp-image-6209\" width=\"840\" height=\"561\" srcset=\"https:\/\/hand2noteguide.com\/wp-content\/uploads\/2024\/03\/2-gto-wizard-login-min-1024x685.webp 1024w, https:\/\/hand2noteguide.com\/wp-content\/uploads\/2024\/03\/2-gto-wizard-login-min-300x201.webp 300w, https:\/\/hand2noteguide.com\/wp-content\/uploads\/2024\/03\/2-gto-wizard-login-min-768x514.webp 768w, https:\/\/hand2noteguide.com\/wp-content\/uploads\/2024\/03\/2-gto-wizard-login-min-1536x1028.webp 1536w, https:\/\/hand2noteguide.com\/wp-content\/uploads\/2024\/03\/2-gto-wizard-login-min-772x517.webp 772w, https:\/\/hand2noteguide.com\/wp-content\/uploads\/2024\/03\/2-gto-wizard-login-min-624x418.webp 624w, https:\/\/hand2noteguide.com\/wp-content\/uploads\/2024\/03\/2-gto-wizard-login-min.webp 2031w\" sizes=\"auto, (max-width: 840px) 100vw, 840px\" \/><\/a><figcaption class=\"wp-element-caption\">GTO Wizard Anmeldung<\/figcaption><\/figure>\n\n\n\n<p>Sobald Sie die App betreten, sehen Sie ein Dashboard mit allen Hauptfunktionen, Trainer- und Analysetools sowie einem Nachrichtenblock mit den neuesten Artikeln und Videos.<\/p>\n\n\n\n<figure class=\"wp-block-image size-large\"><a href=\"https:\/\/hand2noteguide.com\/?attachment_id=6210\" target=\"_blank\" rel=\"noreferrer noopener\"><img loading=\"lazy\" decoding=\"async\" width=\"1024\" height=\"664\" src=\"https:\/\/hand2noteguide.com\/wp-content\/uploads\/2024\/03\/3-gto-wizard-main-min-1024x664.webp\" alt=\"GTO Wizard Benutzer-Dashboard\" class=\"wp-image-6210\" srcset=\"https:\/\/hand2noteguide.com\/wp-content\/uploads\/2024\/03\/3-gto-wizard-main-min-1024x664.webp 1024w, https:\/\/hand2noteguide.com\/wp-content\/uploads\/2024\/03\/3-gto-wizard-main-min-300x194.webp 300w, https:\/\/hand2noteguide.com\/wp-content\/uploads\/2024\/03\/3-gto-wizard-main-min-768x498.webp 768w, https:\/\/hand2noteguide.com\/wp-content\/uploads\/2024\/03\/3-gto-wizard-main-min-1536x996.webp 1536w, https:\/\/hand2noteguide.com\/wp-content\/uploads\/2024\/03\/3-gto-wizard-main-min-2048x1327.webp 2048w, https:\/\/hand2noteguide.com\/wp-content\/uploads\/2024\/03\/3-gto-wizard-main-min-772x500.webp 772w, https:\/\/hand2noteguide.com\/wp-content\/uploads\/2024\/03\/3-gto-wizard-main-min-624x404.webp 624w\" sizes=\"auto, (max-width: 1024px) 100vw, 1024px\" \/><\/a><figcaption class=\"wp-element-caption\">GTO Wizard Benutzer-Dashboard<\/figcaption><\/figure>\n\n\n\n<p>Beginnen wir mit einer der Hauptfunktionen &#8211; der Bibliothek der vorkalkulierten L\u00f6sungen. Um dorthin zu gelangen, w\u00e4hlen Sie &#8220;Study&#8221; auf dem Dashboard.<\/p>\n\n\n\n<h2 class=\"wp-block-heading\">Bibliothek der vorgespeicherten L\u00f6sungen<\/h2>\n\n\n\n<p>Auf dieser Seite k\u00f6nnen Sie die Spielparameter konfigurieren (1) und dann einfach durch die Ranges navigieren (2).<\/p>\n\n\n\n<figure class=\"wp-block-image size-large\"><img loading=\"lazy\" decoding=\"async\" width=\"1024\" height=\"586\" src=\"https:\/\/hand2noteguide.com\/wp-content\/uploads\/2024\/03\/4-gto-wizard-library-1-2-min-1024x586.webp\" alt=\"GTO Wizard Bewertung der L\u00f6sung\" class=\"wp-image-6268\" srcset=\"https:\/\/hand2noteguide.com\/wp-content\/uploads\/2024\/03\/4-gto-wizard-library-1-2-min-1024x586.webp 1024w, https:\/\/hand2noteguide.com\/wp-content\/uploads\/2024\/03\/4-gto-wizard-library-1-2-min-300x172.webp 300w, https:\/\/hand2noteguide.com\/wp-content\/uploads\/2024\/03\/4-gto-wizard-library-1-2-min-768x440.webp 768w, https:\/\/hand2noteguide.com\/wp-content\/uploads\/2024\/03\/4-gto-wizard-library-1-2-min-1536x880.webp 1536w, https:\/\/hand2noteguide.com\/wp-content\/uploads\/2024\/03\/4-gto-wizard-library-1-2-min-2048x1173.webp 2048w, https:\/\/hand2noteguide.com\/wp-content\/uploads\/2024\/03\/4-gto-wizard-library-1-2-min-772x442.webp 772w, https:\/\/hand2noteguide.com\/wp-content\/uploads\/2024\/03\/4-gto-wizard-library-1-2-min-624x357.webp 624w\" sizes=\"auto, (max-width: 1024px) 100vw, 1024px\" \/><figcaption class=\"wp-element-caption\">GTO Ranges<\/figcaption><\/figure>\n\n\n\n<p>In der Simulation wird angenommen, dass alle Spieler die GTO-Strategie befolgen. Sie k\u00f6nnen jede Sequenz von <a href=\"https:\/\/hand2noteguide.com\/de\/poker\/poker-actions\/\">Aktionen<\/a> festlegen und dann genau sehen, wie ein bestimmter Spieler in dieser speziellen Spielsituation reagieren sollte. W\u00e4hlen Sie eine beliebige Hand in einer Range-Matrix aus, und Sie sehen den Equity-Wert (EV) jeder Aktion.<\/p>\n\n\n\n<p>Sie k\u00f6nnen das Spielformat sehr flexibel anpassen. Ihnen stehen viele Parameter zur Verf\u00fcgung &#8211; klassische, Ante-, Straddle-Spiele; HU, Short-Handed und Full-Ring-Tische; Stack- und Einsatzgr\u00f6\u00dfen; Rake-Struktur und mehr.<\/p>\n\n\n\n<figure class=\"wp-block-image size-large\"><img loading=\"lazy\" decoding=\"async\" width=\"1024\" height=\"697\" src=\"https:\/\/hand2noteguide.com\/wp-content\/uploads\/2024\/03\/5-gto-wizard-game-types-min-1024x697.webp\" alt=\"GTO Wizard Spieleinstellungen\" class=\"wp-image-6277\" srcset=\"https:\/\/hand2noteguide.com\/wp-content\/uploads\/2024\/03\/5-gto-wizard-game-types-min-1024x697.webp 1024w, https:\/\/hand2noteguide.com\/wp-content\/uploads\/2024\/03\/5-gto-wizard-game-types-min-300x204.webp 300w, https:\/\/hand2noteguide.com\/wp-content\/uploads\/2024\/03\/5-gto-wizard-game-types-min-768x523.webp 768w, https:\/\/hand2noteguide.com\/wp-content\/uploads\/2024\/03\/5-gto-wizard-game-types-min-1536x1046.webp 1536w, https:\/\/hand2noteguide.com\/wp-content\/uploads\/2024\/03\/5-gto-wizard-game-types-min-772x526.webp 772w, https:\/\/hand2noteguide.com\/wp-content\/uploads\/2024\/03\/5-gto-wizard-game-types-min-624x425.webp 624w, https:\/\/hand2noteguide.com\/wp-content\/uploads\/2024\/03\/5-gto-wizard-game-types-min.webp 1893w\" sizes=\"auto, (max-width: 1024px) 100vw, 1024px\" \/><figcaption class=\"wp-element-caption\">GTO Solutions Library<\/figcaption><\/figure>\n\n\n\n<p>Im &#8220;Study&#8221;-Bereich k\u00f6nnen Sie GTO-Ranges ansehen und studieren. Wir gehen nun zum &#8220;Practice&#8221;-Bereich \u00fcber, in dem Sie sich selbst herausfordern k\u00f6nnen, wie genau Sie die GTO-Ranges im Spiel befolgen k\u00f6nnen.<\/p>\n\n\n\n<h2 class=\"wp-block-heading\">GTO Trainer<\/h2>\n\n\n\n<p>Im &#8220;Practice&#8221;-Bereich k\u00f6nnen Sie GTO-Ranges trainieren und auch die detaillierten Statistiken Ihrer Trainings einsehen.<\/p>\n\n\n\n<figure class=\"wp-block-image size-large\"><img loading=\"lazy\" decoding=\"async\" width=\"1024\" height=\"616\" src=\"https:\/\/hand2noteguide.com\/wp-content\/uploads\/2024\/03\/6-gto-wizard-practice-min-1024x616.webp\" alt=\"GTO Wizard \u00dcbungsbereich\" class=\"wp-image-6306\" srcset=\"https:\/\/hand2noteguide.com\/wp-content\/uploads\/2024\/03\/6-gto-wizard-practice-min-1024x616.webp 1024w, https:\/\/hand2noteguide.com\/wp-content\/uploads\/2024\/03\/6-gto-wizard-practice-min-300x181.webp 300w, https:\/\/hand2noteguide.com\/wp-content\/uploads\/2024\/03\/6-gto-wizard-practice-min-768x462.webp 768w, https:\/\/hand2noteguide.com\/wp-content\/uploads\/2024\/03\/6-gto-wizard-practice-min-1536x925.webp 1536w, https:\/\/hand2noteguide.com\/wp-content\/uploads\/2024\/03\/6-gto-wizard-practice-min-2048x1233.webp 2048w, https:\/\/hand2noteguide.com\/wp-content\/uploads\/2024\/03\/6-gto-wizard-practice-min-772x465.webp 772w, https:\/\/hand2noteguide.com\/wp-content\/uploads\/2024\/03\/6-gto-wizard-practice-min-624x376.webp 624w\" sizes=\"auto, (max-width: 1024px) 100vw, 1024px\" \/><figcaption class=\"wp-element-caption\">GTO Trainer<\/figcaption><\/figure>\n\n\n\n<p>Die beliebteste Funktion hier ist der &#8220;Trainer&#8221;, der ein echtes Spiel gegen GTO-Gegner simuliert. Jede Aktion, die Sie im &#8220;Spiel&#8221; ausf\u00fchren, wird bewertet: Bester Zug, Richtiger Zug, Ungenauigkeit, Falscher Zug oder Fehler. Wie im Study-Bereich ist der Trainer hochgradig anpassbar &#8211; Sie k\u00f6nnen die Spots festlegen, die Sie trainieren m\u00f6chten, die Schwierigkeit, die Anzahl der Tische und so weiter.<\/p>\n\n\n\n<figure class=\"wp-block-image size-large\"><img loading=\"lazy\" decoding=\"async\" width=\"1024\" height=\"742\" src=\"https:\/\/hand2noteguide.com\/wp-content\/uploads\/2024\/03\/7-gto-wizard-trainer-min-1024x742.webp\" alt=\"Poker GTO Trainer\" class=\"wp-image-6307\" srcset=\"https:\/\/hand2noteguide.com\/wp-content\/uploads\/2024\/03\/7-gto-wizard-trainer-min-1024x742.webp 1024w, https:\/\/hand2noteguide.com\/wp-content\/uploads\/2024\/03\/7-gto-wizard-trainer-min-300x218.webp 300w, https:\/\/hand2noteguide.com\/wp-content\/uploads\/2024\/03\/7-gto-wizard-trainer-min-768x557.webp 768w, https:\/\/hand2noteguide.com\/wp-content\/uploads\/2024\/03\/7-gto-wizard-trainer-min-1536x1114.webp 1536w, https:\/\/hand2noteguide.com\/wp-content\/uploads\/2024\/03\/7-gto-wizard-trainer-min-2048x1485.webp 2048w, https:\/\/hand2noteguide.com\/wp-content\/uploads\/2024\/03\/7-gto-wizard-trainer-min-772x560.webp 772w, https:\/\/hand2noteguide.com\/wp-content\/uploads\/2024\/03\/7-gto-wizard-trainer-min-624x452.webp 624w\" sizes=\"auto, (max-width: 1024px) 100vw, 1024px\" \/><figcaption class=\"wp-element-caption\">GTO Trainer in Aktion<\/figcaption><\/figure>\n\n\n\n<p>Als n\u00e4chstes gehen wir zum &#8220;Analyze&#8221;-Bereich, in dem Sie die Analyse der realen H\u00e4nde durchf\u00fchren k\u00f6nnen, die Sie gespielt haben.<\/p>\n\n\n\n<h2 class=\"wp-block-heading\">Analyzer von Handhistorien<\/h2>\n\n\n\n<p>Sie k\u00f6nnen eine einzelne Datei oder einen Ordner mit einer Vielzahl von Handhistorien hochladen. GTO Wizard wird alle Entscheidungen analysieren, die Sie in diesen H\u00e4nden getroffen haben. Nach dem Hochladen und Abschluss der Berechnungen (sie sind super schnell und h\u00e4ngen nur von Ihrer Internetgeschwindigkeit ab) sehen Sie eine Liste Ihrer H\u00e4nde, die aus GTO-Perspektive bewertet wurden.<\/p>\n\n\n\n<figure class=\"wp-block-image size-large\"><img loading=\"lazy\" decoding=\"async\" width=\"1024\" height=\"701\" src=\"https:\/\/hand2noteguide.com\/wp-content\/uploads\/2024\/03\/9-gto-wizard-analyzed-hands-min-1024x701.webp\" alt=\"GTO Handhistorie-Analyzer\" class=\"wp-image-6312\" srcset=\"https:\/\/hand2noteguide.com\/wp-content\/uploads\/2024\/03\/9-gto-wizard-analyzed-hands-min-1024x701.webp 1024w, https:\/\/hand2noteguide.com\/wp-content\/uploads\/2024\/03\/9-gto-wizard-analyzed-hands-min-300x205.webp 300w, https:\/\/hand2noteguide.com\/wp-content\/uploads\/2024\/03\/9-gto-wizard-analyzed-hands-min-768x526.webp 768w, https:\/\/hand2noteguide.com\/wp-content\/uploads\/2024\/03\/9-gto-wizard-analyzed-hands-min-1536x1051.webp 1536w, https:\/\/hand2noteguide.com\/wp-content\/uploads\/2024\/03\/9-gto-wizard-analyzed-hands-min-2048x1402.webp 2048w, https:\/\/hand2noteguide.com\/wp-content\/uploads\/2024\/03\/9-gto-wizard-analyzed-hands-min-772x528.webp 772w, https:\/\/hand2noteguide.com\/wp-content\/uploads\/2024\/03\/9-gto-wizard-analyzed-hands-min-624x427.webp 624w\" sizes=\"auto, (max-width: 1024px) 100vw, 1024px\" \/><\/figure>\n\n\n\n<p>Sie k\u00f6nnen nun mit diesen Daten arbeiten, um die Schw\u00e4chen in Ihrem Spiel zu finden.<\/p>\n\n\n\n<h2 class=\"wp-block-heading\">Anpassung<\/h2>\n\n\n\n<p>Sie k\u00f6nnen das Erscheinungsbild und die Hotkeys in der App vollst\u00e4ndig anpassen. Dies macht Ihren Lernprozess so bequem wie m\u00f6glich.<\/p>\n\n\n\n<figure class=\"wp-block-image size-large\"><img loading=\"lazy\" decoding=\"async\" width=\"1024\" height=\"653\" src=\"https:\/\/hand2noteguide.com\/wp-content\/uploads\/2024\/03\/10-gto-wizard-settings-min-1024x653.webp\" alt=\"GTO Wizard App-Anpassung\" class=\"wp-image-6313\" srcset=\"https:\/\/hand2noteguide.com\/wp-content\/uploads\/2024\/03\/10-gto-wizard-settings-min-1024x653.webp 1024w, https:\/\/hand2noteguide.com\/wp-content\/uploads\/2024\/03\/10-gto-wizard-settings-min-300x191.webp 300w, https:\/\/hand2noteguide.com\/wp-content\/uploads\/2024\/03\/10-gto-wizard-settings-min-768x490.webp 768w, https:\/\/hand2noteguide.com\/wp-content\/uploads\/2024\/03\/10-gto-wizard-settings-min-1536x979.webp 1536w, https:\/\/hand2noteguide.com\/wp-content\/uploads\/2024\/03\/10-gto-wizard-settings-min-2048x1305.webp 2048w, https:\/\/hand2noteguide.com\/wp-content\/uploads\/2024\/03\/10-gto-wizard-settings-min-772x492.webp 772w, https:\/\/hand2noteguide.com\/wp-content\/uploads\/2024\/03\/10-gto-wizard-settings-min-624x398.webp 624w\" sizes=\"auto, (max-width: 1024px) 100vw, 1024px\" \/><\/figure>\n\n\n\n<h2 class=\"wp-block-heading\">Preise<\/h2>\n\n\n\n<p>GTO Wizard hat eine <strong>kostenlose Version<\/strong>, die in ihrer Funktionalit\u00e4t sehr eingeschr\u00e4nkt ist:<\/p>\n\n\n\n<ul class=\"wp-block-list\">\n<li>Sie k\u00f6nnen nur 1 Postflop-Spot pro Tag studieren.<\/li>\n\n\n\n<li>Sie k\u00f6nnen nur 10 H\u00e4nde pro Tag im Trainer \u00fcben.<\/li>\n\n\n\n<li>Sie k\u00f6nnen nur 5 H\u00e4nde pro Monat analysieren.<\/li>\n<\/ul>\n\n\n\n<p><strong>Premium<\/strong>-Stufen er\u00f6ffnen Ihnen die volle Kapazit\u00e4t der App. Der Preis h\u00e4ngt vom Spieltyp ab und beginnt <strong>bei 39 $ pro Monat<\/strong>. Eine detailliertere Beschreibung und die Kosten aller Stufen finden Sie in unserem <a href=\"https:\/\/hand2noteguide.com\/de\/poker\/poker-gto\/gto-wizard-review\/gto-wizard-price\/\">GTO Wizard Preis<\/a> Artikel.<\/p>\n\n\n\n<h2 class=\"wp-block-heading\">Fazit<\/h2>\n\n\n\n<p>GTO Wizard ist eines der <a href=\"https:\/\/hand2noteguide.com\/de\/poker\/5-best-online-poker-software\/\">besten Poker-Tools<\/a>, um die Spieltheorie zu erkunden. Wir haben eine kurze Tour durch die Software gemacht und die Hauptbereiche der Anwendung \u00fcberpr\u00fcft. Dieses Wissen reicht bereits aus, um dieses Tool in Ihren Poker-Trainingsplan aufzunehmen. Beachten Sie jedoch, dass GTO Wizard ein sehr tiefgehendes Tool mit einer Vielzahl von Lernfunktionen ist, die Sie beim Verwenden selbst entdecken werden.<\/p>\n\n\n<div class=\"wp-block-h2n-cta-button\" style=\"text-align: left;\"><a href=\"https:\/\/hand2noteguide.com\/de\/go\/gtowizard\/\" class=\"btn btn-primary\" target=\"_blank\" rel=\"noopener noreferrer nofollow sponsored\">Zur GTO Wizard-Website \u2192<\/a><\/div>\n\n\n<h2 class=\"wp-block-heading\">Wichtige GTO Wizard Updates 2026<\/h2>\n\n\n\n<p>GTO Wizard hat sich von einer einfachen L\u00f6sungsbibliothek zu einer Hochgeschwindigkeits-KI-Engine entwickelt. Hier sind die wichtigsten Updates, die Ihren Studienprozess tats\u00e4chlich beeinflussen:<\/p>\n\n\n\n<p><strong>1. GTO Wizard AI: Multiway-Solving in Echtzeit<\/strong> Die Zeiten, in denen man sich auf vorgefertigte &#8220;statische&#8221; Ranges verlassen musste, sind vorbei. GTO Wizard AI berechnet jetzt <strong>Multiway Preflop (bis zu 9 Spieler)<\/strong> und <strong>Postflop (3-Way-Pots)<\/strong> Szenarien in Sekunden, direkt in Ihrem Browser. Sie k\u00f6nnen jede beliebige Stacktiefe, Ante-Struktur oder Bet-Gr\u00f6\u00dfe einstellen, und die Software berechnet die L\u00f6sung sofort.<\/p>\n\n\n\n<p><strong>2. Node Locking 2.0 &amp; Exploitative Profile<\/strong> Reines GTO ist die Grundlage, aber das Geld liegt in den Exploits. GTO Wizard erm\u00f6glicht es Ihnen jetzt, bestimmte Gegnerfehler zu &#8220;sperren&#8221; \u2014 wie zu h\u00e4ufiges Folden gegen Bluffs oder unzureichendes Verteidigen der Big Blind. Die KI zeigt Ihnen sofort die beste Gegenstrategie, um Ihren EV zu maximieren.<\/p>\n\n\n\n<p><strong>3. Spielintegrit\u00e4t &amp; Fair-Play-Pr\u00fcfung<\/strong> W\u00e4hrend die Pokerbranche gegen RTA (Real-Time Assistance) k\u00e4mpft, ist GTO Wizard offizieller Integrit\u00e4tspartner f\u00fcr gro\u00dfe Netzwerke wie GGPoker geworden.<\/p>\n\n\n\n<p><strong>Bonus:<\/strong> Das 2026-Update enth\u00e4lt eine <strong>Native Mobile App<\/strong> mit einem \u00fcberarbeiteten Trainer, der deutlich schneller l\u00e4uft als fr\u00fchere Webversionen, und das <strong>Ultra Tier<\/strong>, das unbegrenzte Multiway-KI-Berechnungen f\u00fcr High-Stakes-Profis bietet.<\/p>\n\n\n\n<h2 class=\"wp-block-heading\">H\u00e4ufig gestellte Fragen (FAQ)<\/h2>\n\n\n\n<h3 class=\"wp-block-heading\">Was ist der Unterschied zwischen GTO Wizard und einem durchschnittlichen Poker-Solver?<\/h3>\n\n\n\n<ol class=\"wp-block-list\">\n<li>GTO Wizard funktioniert in Ihrem Webbrowser, sodass Sie nichts auf Ihrem PC installieren m\u00fcssen.<\/li>\n\n\n\n<li>Es verf\u00fcgt \u00fcber eine Bibliothek von vorgespeicherten L\u00f6sungen f\u00fcr fast jeden Spot. So m\u00fcssen Sie keine Zeit mit der Durchf\u00fchrung von Simulationen verbringen.<\/li>\n\n\n\n<li>Es bietet Ihnen detaillierte Berichte und viele andere Tools, die durchschnittliche Solver nicht haben.<\/li>\n<\/ol>\n\n\n\n<p>Wenn Sie alle Funktionen von GTO Wizard im Detail kennenlernen m\u00f6chten, empfehlen wir Ihnen, den <a href=\"https:\/\/help.gtowizard.com\/\" target=\"_blank\" rel=\"noreferrer noopener\">offiziellen GTO Wizard-Leitfaden<\/a> zu lesen.<\/p>\n","protected":false},"excerpt":{"rendered":"<p>In diesem Artikel werden wir die Hauptmerkmale von GTO Wizard &#8211; der ultimativen GTO-Software f\u00fcr Pokerspieler &#8211; \u00fcberpr\u00fcfen. Es spielt keine Rolle, auf welchem Niveau Sie sich derzeit befinden &#8211; von Mikro- bis hin zu hohen Eins\u00e4tzen. Im modernen Online-Poker m\u00fcssen Sie zumindest ein grundlegendes Verst\u00e4ndnis von GTO haben. Aber der Wizard bietet Ihnen weit &hellip; <a href=\"https:\/\/hand2noteguide.com\/de\/poker\/poker-gto\/gto-wizard-review\/\" class=\"more-link\">Continue reading <span class=\"screen-reader-text\">GTO Wizard Bewertung<\/span><\/a><\/p>\n","protected":false},"author":1,"featured_media":0,"parent":8071,"menu_order":0,"comment_status":"closed","ping_status":"closed","template":"","meta":{"footnotes":""},"class_list":["post-6182","page","type-page","status-publish","hentry"],"translation":{"provider":"WPGlobus","version":"3.0.2","language":"de","enabled_languages":["en","ru","pt","zh","es","fr","de","it","ja"],"languages":{"en":{"title":true,"content":true,"excerpt":false},"ru":{"title":true,"content":true,"excerpt":false},"pt":{"title":true,"content":true,"excerpt":false},"zh":{"title":true,"content":true,"excerpt":false},"es":{"title":true,"content":true,"excerpt":false},"fr":{"title":true,"content":true,"excerpt":false},"de":{"title":true,"content":true,"excerpt":false},"it":{"title":true,"content":true,"excerpt":false},"ja":{"title":true,"content":true,"excerpt":false}}},"yoast_head":"<!-- This site is optimized with the Yoast SEO plugin v27.0 - https:\/\/yoast.com\/product\/yoast-seo-wordpress\/ -->\n<title>GTO Wizard Bewertung - Hauptmerkmale und Vorteile 2025<\/title>\n<meta name=\"description\" content=\"Unsere ultimative GTO Wizard Bewertung umfasst die Bereiche Study, Practice und Analyze der App. Erstellen Sie ein Konto bei uns und erhalten Sie 10% Rabatt.\" \/>\n<meta name=\"robots\" content=\"index, follow, max-snippet:-1, max-image-preview:large, max-video-preview:-1\" \/>\n<link rel=\"canonical\" href=\"https:\/\/hand2noteguide.com\/poker\/poker-gto\/gto-wizard-review\/\" \/>\n<meta property=\"og:locale\" content=\"de_DE\" \/>\n<meta property=\"og:type\" content=\"article\" \/>\n<meta property=\"og:title\" content=\"GTO Wizard Bewertung - Hauptmerkmale und Vorteile 2025\" \/>\n<meta property=\"og:description\" content=\"Unsere ultimative GTO Wizard Bewertung umfasst die Bereiche Study, Practice und Analyze der App. Erstellen Sie ein Konto bei uns und erhalten Sie 10% Rabatt.\" \/>\n<meta property=\"og:url\" content=\"https:\/\/hand2noteguide.com\/poker\/poker-gto\/gto-wizard-review\/\" \/>\n<meta property=\"og:site_name\" content=\"Hand2Note Guide\" \/>\n<meta property=\"article:modified_time\" content=\"2026-02-23T09:09:58+00:00\" \/>\n<meta property=\"og:image\" content=\"https:\/\/hand2noteguide.com\/wp-content\/uploads\/2024\/03\/1-gto-wizard-main-min.webp\" \/>\n\t<meta property=\"og:image:width\" content=\"2433\" \/>\n\t<meta property=\"og:image:height\" content=\"1567\" \/>\n\t<meta property=\"og:image:type\" content=\"image\/webp\" \/>\n<meta name=\"twitter:card\" content=\"summary_large_image\" \/>\n<meta name=\"twitter:label1\" content=\"Est. reading time\" \/>\n\t<meta name=\"twitter:data1\" content=\"8 minutes\" \/>\n<!-- \/ Yoast SEO plugin. -->","yoast_head_json":{"title":"GTO Wizard Bewertung - Hauptmerkmale und Vorteile 2025","description":"Unsere ultimative GTO Wizard Bewertung umfasst die Bereiche Study, Practice und Analyze der App. Erstellen Sie ein Konto bei uns und erhalten Sie 10% Rabatt.","robots":{"index":"index","follow":"follow","max-snippet":"max-snippet:-1","max-image-preview":"max-image-preview:large","max-video-preview":"max-video-preview:-1"},"canonical":"https:\/\/hand2noteguide.com\/poker\/poker-gto\/gto-wizard-review\/","og_locale":"de_DE","og_type":"article","og_title":"GTO Wizard Bewertung - Hauptmerkmale und Vorteile 2025","og_description":"Unsere ultimative GTO Wizard Bewertung umfasst die Bereiche Study, Practice und Analyze der App. Erstellen Sie ein Konto bei uns und erhalten Sie 10% Rabatt.","og_url":"https:\/\/hand2noteguide.com\/poker\/poker-gto\/gto-wizard-review\/","og_site_name":"Hand2Note Guide","article_modified_time":"2026-02-23T09:09:58+00:00","og_image":[{"width":2433,"height":1567,"url":"https:\/\/hand2noteguide.com\/wp-content\/uploads\/2024\/03\/1-gto-wizard-main-min.webp","type":"image\/webp"}],"twitter_card":"summary_large_image","twitter_misc":{"Est. reading time":"8 minutes"},"schema":{"@context":"https:\/\/schema.org","@graph":[]}},"jetpack_sharing_enabled":true,"_links":{"self":[{"href":"https:\/\/hand2noteguide.com\/de\/wp-json\/wp\/v2\/pages\/6182","targetHints":{"allow":["GET"]}}],"collection":[{"href":"https:\/\/hand2noteguide.com\/de\/wp-json\/wp\/v2\/pages"}],"about":[{"href":"https:\/\/hand2noteguide.com\/de\/wp-json\/wp\/v2\/types\/page"}],"author":[{"embeddable":true,"href":"https:\/\/hand2noteguide.com\/de\/wp-json\/wp\/v2\/users\/1"}],"replies":[{"embeddable":true,"href":"https:\/\/hand2noteguide.com\/de\/wp-json\/wp\/v2\/comments?post=6182"}],"version-history":[{"count":142,"href":"https:\/\/hand2noteguide.com\/de\/wp-json\/wp\/v2\/pages\/6182\/revisions"}],"predecessor-version":[{"id":15307,"href":"https:\/\/hand2noteguide.com\/de\/wp-json\/wp\/v2\/pages\/6182\/revisions\/15307"}],"up":[{"embeddable":true,"href":"https:\/\/hand2noteguide.com\/de\/wp-json\/wp\/v2\/pages\/8071"}],"wp:attachment":[{"href":"https:\/\/hand2noteguide.com\/de\/wp-json\/wp\/v2\/media?parent=6182"}],"curies":[{"name":"wp","href":"https:\/\/api.w.org\/{rel}","templated":true}]}}