{"id":65,"date":"2018-07-30T00:23:54","date_gmt":"2018-07-29T21:23:54","guid":{"rendered":"https:\/\/h2n312.wordpress.com\/?page_id=65"},"modified":"2025-06-04T19:23:42","modified_gmt":"2025-06-04T16:23:42","slug":"switch-from-hm2","status":"publish","type":"page","link":"https:\/\/hand2noteguide.com\/de\/switch-from-hm2\/","title":{"rendered":"Umstieg auf Hand2Note von anderen Trackern"},"content":{"rendered":"\n<p>In diesem Artikel werden wir die grundlegenden Schritte des Umstiegs auf Hand2Note von anderer Poker-Tracking-Software erl\u00e4utern. Folgen Sie unserem Leitfaden, und Ihr \u00dcbergang wird reibungslos und einfach verlaufen.<\/p>\n\n\n\n<h2 style=\"margin-top:10px\">Ist H2N sehr unterschiedlich von anderen Trackern wie HM oder PT?<\/h2>\n\n\n\n<p>Im Kern ist Hand2Note \u00e4hnlich wie Holdem Manager, Poker Tracker, DriveHUD und andere. Grunds\u00e4tzlich erm\u00f6glicht jede Poker-Tracking-Software die Anzeige eines <a href=\"https:\/\/hand2noteguide.com\/de\/poker\/poker-hud\/\">HUD<\/a>, also Statistiken \u00fcber Ihre Gegner am Tisch. Solche Programme bieten in der Regel auch Werkzeuge zur Analyse des Spiels von Hero und Gegnern au\u00dferhalb der Tische.<\/p>\n\n\n\n<p>Hand2Note ist jedoch eine viel schnellere, modernere und fortschrittlichere Software als jeder andere Tracker. <a href=\"https:\/\/hand2noteguide.com\/de\/why-hand2note\/\">Warum sollten Sie jetzt zu Hand2Note wechseln?<\/a><\/p>\n\n\n\n<figure class=\"wp-block-image size-large\"><img loading=\"lazy\" decoding=\"async\" width=\"979\" height=\"655\" src=\"https:\/\/hand2noteguide.com\/wp-content\/uploads\/2020\/07\/holdem-manager-hand2note.png\" alt=\"\" class=\"wp-image-3206\" srcset=\"https:\/\/hand2noteguide.com\/wp-content\/uploads\/2020\/07\/holdem-manager-hand2note.png 979w, https:\/\/hand2noteguide.com\/wp-content\/uploads\/2020\/07\/holdem-manager-hand2note-300x201.png 300w, https:\/\/hand2noteguide.com\/wp-content\/uploads\/2020\/07\/holdem-manager-hand2note-768x514.png 768w, https:\/\/hand2noteguide.com\/wp-content\/uploads\/2020\/07\/holdem-manager-hand2note-772x517.png 772w, https:\/\/hand2noteguide.com\/wp-content\/uploads\/2020\/07\/holdem-manager-hand2note-624x417.png 624w\" sizes=\"auto, (max-width: 979px) 100vw, 979px\" \/><figcaption class=\"wp-element-caption\">Hand2Note vs Holdem Manager<\/figcaption><\/figure>\n\n\n\n<h2 class=\"wp-block-heading\">Gut, wie wechselt man?<\/h2>\n\n\n\n<p>Wenn Sie mit Holdem Manager oder einem anderen Tracker spielen und Hand2Note verwenden m\u00f6chten, folgen Sie diesen Schritten:<\/p>\n\n\n\n<ol class=\"wp-block-list\">\n<li><a rel=\"noreferrer noopener\" href=\"https:\/\/hand2note.com\/?aid=c0\" target=\"_blank\">Laden Sie Hand2Note herunter<\/a> und installieren Sie es. Keine Sorge, Sie k\u00f6nnen <a href=\"https:\/\/hand2noteguide.com\/de\/hand2note-for-free\/\">Hand2Note kostenlos nutzen<\/a>!<\/li>\n\n\n\n<li><a href=\"https:\/\/hand2noteguide.com\/de\/switch-from-hm2\/import-database-from-hm2\/\">Importieren Sie Ihre Datenbank<\/a>. Nach Abschluss des Imports sollte eine Liste der Spieler im Hauptfenster erscheinen. Sie k\u00f6nnen diesen Schritt auch \u00fcberspringen.<\/li>\n\n\n\n<li>Nehmen Sie <a href=\"https:\/\/hand2noteguide.com\/de\/basic-setup\/\">die Grundeinstellungen<\/a> von Hand2Note und Ihrem Pokerraum vor.<\/li>\n\n\n\n<li><strong>Fangen Sie an zu spielen!<\/strong><\/li>\n<\/ol>\n\n\n\n<p>Standardm\u00e4\u00dfig wird ein einfaches HUD mit den grundlegendsten Daten f\u00fcr jeden Gegner am Tisch angezeigt. Werfen Sie einen Blick in das Hand2Note HUD-Auswahlhandbuch, um ein fortgeschritteneres HUD zu erhalten. Sie k\u00f6nnen auch weiterhin das gleiche HUD vom vorherigen Tracker verwenden!<\/p>\n\n\n\n<h2 class=\"wp-block-heading\">Ich m\u00f6chte mehr \u00fcber Hand2Note erfahren<\/h2>\n\n\n\n<p>Sie k\u00f6nnen mit dem <a href=\"https:\/\/hand2noteguide.com\/de\/guide\/\">allgemeinen Handbuch<\/a> beginnen, das eine grundlegende Beschreibung aller Funktionen enth\u00e4lt. F\u00fcr ein schnelleres, reibungsloseres und effizienteres Studium der neuen Software k\u00f6nnen Sie einen <a aria-label=\"undefined (\u043e\u0442\u043a\u0440\u043e\u0435\u0442\u0441\u044f \u0432 \u043d\u043e\u0432\u043e\u0439 \u0432\u043a\u043b\u0430\u0434\u043a\u0435)\" href=\"https:\/\/nickjames.teachable.com\/courses\/hand2note-professional-usage\/lectures\/14423550?utm_source=hand2noteguide.com&amp;utm_medium=referral&amp;utm_campaign=hand2noteguide.com\" target=\"_blank\" rel=\"noreferrer noopener\">Videokurs zur professionellen Nutzung von Hand2Note<\/a> belegen.<\/p>\n\n\n\n<p>Sie k\u00f6nnen auch ein <a href=\"https:\/\/hand2noteguide.com\/de\/training\/\">pers\u00f6nliches Training<\/a> durchlaufen, um sich so schnell wie m\u00f6glich an die neue Software anzupassen.<\/p>\n\n\n\n<p>Wenn Sie auf Probleme bei der Verwendung von Hand2Note sto\u00dfen, versuchen Sie, <a href=\"https:\/\/hand2noteguide.com\/de\/issues-resolving\/\">eine L\u00f6sung<\/a> im entsprechenden Abschnitt zu finden oder kontaktieren Sie den <a href=\"https:\/\/hand2noteguide.com\/de\/hand2note-official-support\/\">Kundensupport<\/a>.<\/p>\n","protected":false},"excerpt":{"rendered":"<p>A step-by-step guide to the transition from using Holdem Manager 2 to Hand2Note<\/p>\n","protected":false},"author":1,"featured_media":0,"parent":0,"menu_order":4,"comment_status":"closed","ping_status":"closed","template":"page-templates\/full-width-page.php","meta":{"footnotes":""},"class_list":["post-65","page","type-page","status-publish","hentry"],"translation":{"provider":"WPGlobus","version":"3.0.2","language":"de","enabled_languages":["en","ru","pt","zh","es","fr","de","it","ja"],"languages":{"en":{"title":true,"content":true,"excerpt":true},"ru":{"title":true,"content":true,"excerpt":true},"pt":{"title":true,"content":true,"excerpt":false},"zh":{"title":true,"content":true,"excerpt":true},"es":{"title":true,"content":true,"excerpt":false},"fr":{"title":true,"content":true,"excerpt":false},"de":{"title":true,"content":true,"excerpt":false},"it":{"title":true,"content":true,"excerpt":false},"ja":{"title":true,"content":true,"excerpt":false}}},"yoast_head":"<!-- This site is optimized with the Yoast SEO plugin v27.0 - https:\/\/yoast.com\/product\/yoast-seo-wordpress\/ -->\n<title>Umstieg auf Hand2Note von anderen Poker-Tracking-Programmen<\/title>\n<meta name=\"description\" content=\"Erfahren Sie, wie Sie nahtlos von anderer Poker-Tracking-Software zu Hand2Note wechseln k\u00f6nnen, mit unserem Schritt-f\u00fcr-Schritt-Leitfaden. Verbessern Sie noch heute Ihr Pokererlebnis!\" \/>\n<meta name=\"robots\" content=\"index, follow, max-snippet:-1, max-image-preview:large, max-video-preview:-1\" \/>\n<link rel=\"canonical\" href=\"https:\/\/hand2noteguide.com\/switch-from-hm2\/\" \/>\n<meta property=\"og:locale\" content=\"de_DE\" \/>\n<meta property=\"og:type\" content=\"article\" \/>\n<meta property=\"og:title\" content=\"Umstieg auf Hand2Note von anderen Poker-Tracking-Programmen\" \/>\n<meta property=\"og:description\" content=\"Erfahren Sie, wie Sie nahtlos von anderer Poker-Tracking-Software zu Hand2Note wechseln k\u00f6nnen, mit unserem Schritt-f\u00fcr-Schritt-Leitfaden. Verbessern Sie noch heute Ihr Pokererlebnis!\" \/>\n<meta property=\"og:url\" content=\"https:\/\/hand2noteguide.com\/switch-from-hm2\/\" \/>\n<meta property=\"og:site_name\" content=\"Hand2Note Guide\" \/>\n<meta property=\"article:modified_time\" content=\"2025-06-04T16:23:42+00:00\" \/>\n<meta property=\"og:image\" content=\"https:\/\/hand2noteguide.com\/wp-content\/uploads\/2020\/07\/holdem-manager-hand2note.png\" \/>\n<meta name=\"twitter:card\" content=\"summary_large_image\" \/>\n<meta name=\"twitter:label1\" content=\"Est. reading time\" \/>\n\t<meta name=\"twitter:data1\" content=\"11 minutes\" \/>\n<!-- \/ Yoast SEO plugin. -->","yoast_head_json":{"title":"Umstieg auf Hand2Note von anderen Poker-Tracking-Programmen","description":"Erfahren Sie, wie Sie nahtlos von anderer Poker-Tracking-Software zu Hand2Note wechseln k\u00f6nnen, mit unserem Schritt-f\u00fcr-Schritt-Leitfaden. Verbessern Sie noch heute Ihr Pokererlebnis!","robots":{"index":"index","follow":"follow","max-snippet":"max-snippet:-1","max-image-preview":"max-image-preview:large","max-video-preview":"max-video-preview:-1"},"canonical":"https:\/\/hand2noteguide.com\/switch-from-hm2\/","og_locale":"de_DE","og_type":"article","og_title":"Umstieg auf Hand2Note von anderen Poker-Tracking-Programmen","og_description":"Erfahren Sie, wie Sie nahtlos von anderer Poker-Tracking-Software zu Hand2Note wechseln k\u00f6nnen, mit unserem Schritt-f\u00fcr-Schritt-Leitfaden. Verbessern Sie noch heute Ihr Pokererlebnis!","og_url":"https:\/\/hand2noteguide.com\/switch-from-hm2\/","og_site_name":"Hand2Note Guide","article_modified_time":"2025-06-04T16:23:42+00:00","og_image":[{"url":"https:\/\/hand2noteguide.com\/wp-content\/uploads\/2020\/07\/holdem-manager-hand2note.png","type":"","width":"","height":""}],"twitter_card":"summary_large_image","twitter_misc":{"Est. reading time":"11 minutes"},"schema":{"@context":"https:\/\/schema.org","@graph":[]}},"jetpack_sharing_enabled":false,"_links":{"self":[{"href":"https:\/\/hand2noteguide.com\/de\/wp-json\/wp\/v2\/pages\/65","targetHints":{"allow":["GET"]}}],"collection":[{"href":"https:\/\/hand2noteguide.com\/de\/wp-json\/wp\/v2\/pages"}],"about":[{"href":"https:\/\/hand2noteguide.com\/de\/wp-json\/wp\/v2\/types\/page"}],"author":[{"embeddable":true,"href":"https:\/\/hand2noteguide.com\/de\/wp-json\/wp\/v2\/users\/1"}],"replies":[{"embeddable":true,"href":"https:\/\/hand2noteguide.com\/de\/wp-json\/wp\/v2\/comments?post=65"}],"version-history":[{"count":44,"href":"https:\/\/hand2noteguide.com\/de\/wp-json\/wp\/v2\/pages\/65\/revisions"}],"predecessor-version":[{"id":13563,"href":"https:\/\/hand2noteguide.com\/de\/wp-json\/wp\/v2\/pages\/65\/revisions\/13563"}],"wp:attachment":[{"href":"https:\/\/hand2noteguide.com\/de\/wp-json\/wp\/v2\/media?parent=65"}],"curies":[{"name":"wp","href":"https:\/\/api.w.org\/{rel}","templated":true}]}}