{"id":6602,"date":"2024-05-27T19:56:21","date_gmt":"2024-05-27T16:56:21","guid":{"rendered":"https:\/\/hand2noteguide.com\/?page_id=6602"},"modified":"2026-03-21T15:03:05","modified_gmt":"2026-03-21T12:03:05","slug":"starscaption","status":"publish","type":"page","link":"https:\/\/hand2noteguide.com\/de\/starscaption\/","title":{"rendered":"StarsCaption \u2b50 Ihr bester Helfer auf PokerStars"},"content":{"rendered":"\n<p style=\"margin-top:8px\"><span class=\"product-price\">$24<\/span> <span class=\"product-price-desc\">(1-Jahres-Lizenz)<\/span><\/p>\n\n\n<p><a class=\"btn btn-primary h2n-crypto-open-checkout\" href=\"https:\/\/hand2noteguide.com\/de\/?h2n_crypto_checkout=1&#038;cfg=eyJwcm9kdWN0X2lkIjoxLCJwcm9kdWN0X3ByaWNlIjoiMjQiLCJkb3dubG9hZF9saW5rIjoiaHR0cHM6XC9cL3Bva2VyY2FwdGlvbi5jb21cL2Rvd25sb2Fkcy5odG1sIiwidmVuZG9yX2VtYWlsIjoicG9rZXJjYXB0aW9uQGdtYWlsLmNvbSIsImxpY2Vuc2VfaWRfcmVxdWlyZWQiOnRydWUsIm5ldHdvcmsiOiJ1c2R0X3RyYzIwIiwiY3VycmVuY3kiOiJVU0RUIiwiYmFzZV9hbW91bnQiOiIyNC4wMDAwMDAiLCJidXR0b25fdGV4dCI6IkthdWZlbiIsInRpdGxlIjoiIiwiZGVzY3JpcHRpb24iOiIiLCJzdWNjZXNzX21vZGUiOiJtYW51YWxfZnVsZmlsbG1lbnQiLCJyZXF1aXJlX2VtYWlsIjp0cnVlLCJ0dGxfbWludXRlcyI6NjAsIndhbGxldCI6IlRNSndSM0dlNXlMSm9DSjhyRnRjaVFrUmNoNWpEUkxudTMifQ%3D%3D&#038;sig=200c4851d0ac110dacbb4598ec7633e5fec4b8461e3f25959a23fb555aa8cf92\" target=\"_blank\" rel=\"noopener noreferrer\">Kaufen<\/a><\/p>\n\n\n\n<p>StarsCaption ist ein Poker-Assistenten-Tool f\u00fcr komfortables Spielen im PokerStars-Raum. Das Programm erm\u00f6glicht Ihnen:<\/p>\n\n\n\n<ul class=\"wp-block-list\">\n<li>Alle <strong>Chip-Betr\u00e4ge in Big Blinds<\/strong> anzeigen<\/li>\n\n\n\n<li><strong>Positionsnamen<\/strong> f\u00fcr alle Spieler anzeigen<\/li>\n\n\n\n<li><strong>Vordefinierte Einsatzgr\u00f6\u00dfen<\/strong> f\u00fcr verschiedene Spielsituationen festlegen<\/li>\n\n\n\n<li><strong>Hotkeys<\/strong> f\u00fcr alle Aktionen konfigurieren<\/li>\n\n\n\n<li><strong>HUD<\/strong> mit n\u00fctzlichen Informationen anzeigen (<strong><a href=\"https:\/\/hand2noteguide.com\/de\/poker\/free-poker-tools\/pot-odds-calculator\">Pot Odds<\/a><\/strong>, Blind-Level, SPR, Zeitbank, etc.)<\/li>\n\n\n\n<li>Und vieles mehr!<\/li>\n<\/ul>\n\n\n\n<p>Die Software ist offiziell von <strong>PokerStars genehmigt<\/strong>.<\/p>\n\n\n\n<figure class=\"wp-block-gallery has-nested-images columns-default is-cropped wp-block-gallery-1 is-layout-flex wp-block-gallery-is-layout-flex\">\n<figure class=\"wp-block-image size-large\"><img loading=\"lazy\" decoding=\"async\" width=\"1024\" height=\"723\" data-id=\"6645\" src=\"https:\/\/hand2noteguide.com\/wp-content\/uploads\/2024\/05\/Starscaption-1-1024x723.png\" alt=\"Starscaption Bet Script\" class=\"wp-image-6645\" srcset=\"https:\/\/hand2noteguide.com\/wp-content\/uploads\/2024\/05\/Starscaption-1-1024x723.png 1024w, https:\/\/hand2noteguide.com\/wp-content\/uploads\/2024\/05\/Starscaption-1-300x212.png 300w, https:\/\/hand2noteguide.com\/wp-content\/uploads\/2024\/05\/Starscaption-1-768x542.png 768w, https:\/\/hand2noteguide.com\/wp-content\/uploads\/2024\/05\/Starscaption-1-1536x1084.png 1536w, https:\/\/hand2noteguide.com\/wp-content\/uploads\/2024\/05\/Starscaption-1-772x545.png 772w, https:\/\/hand2noteguide.com\/wp-content\/uploads\/2024\/05\/Starscaption-1-624x440.png 624w, https:\/\/hand2noteguide.com\/wp-content\/uploads\/2024\/05\/Starscaption-1.png 1970w\" sizes=\"auto, (max-width: 1024px) 100vw, 1024px\" \/><figcaption class=\"wp-element-caption\">Einsatzskript<\/figcaption><\/figure>\n\n\n\n<figure class=\"wp-block-image size-large\"><img loading=\"lazy\" decoding=\"async\" width=\"1024\" height=\"722\" data-id=\"6656\" src=\"https:\/\/hand2noteguide.com\/wp-content\/uploads\/2024\/05\/Starscaption-2-1024x722.png\" alt=\"Starscaption Hot Keys\" class=\"wp-image-6656\" srcset=\"https:\/\/hand2noteguide.com\/wp-content\/uploads\/2024\/05\/Starscaption-2-1024x722.png 1024w, https:\/\/hand2noteguide.com\/wp-content\/uploads\/2024\/05\/Starscaption-2-300x212.png 300w, https:\/\/hand2noteguide.com\/wp-content\/uploads\/2024\/05\/Starscaption-2-768x542.png 768w, https:\/\/hand2noteguide.com\/wp-content\/uploads\/2024\/05\/Starscaption-2-1536x1084.png 1536w, https:\/\/hand2noteguide.com\/wp-content\/uploads\/2024\/05\/Starscaption-2-772x545.png 772w, https:\/\/hand2noteguide.com\/wp-content\/uploads\/2024\/05\/Starscaption-2-624x440.png 624w, https:\/\/hand2noteguide.com\/wp-content\/uploads\/2024\/05\/Starscaption-2.png 1969w\" sizes=\"auto, (max-width: 1024px) 100vw, 1024px\" \/><figcaption class=\"wp-element-caption\">Hotkeys<\/figcaption><\/figure>\n\n\n\n<figure class=\"wp-block-image size-large\"><img loading=\"lazy\" decoding=\"async\" width=\"1024\" height=\"722\" data-id=\"6657\" src=\"https:\/\/hand2noteguide.com\/wp-content\/uploads\/2024\/05\/Starscaption-3-1024x722.png\" alt=\"Starscaption HUD\" class=\"wp-image-6657\" srcset=\"https:\/\/hand2noteguide.com\/wp-content\/uploads\/2024\/05\/Starscaption-3-1024x722.png 1024w, https:\/\/hand2noteguide.com\/wp-content\/uploads\/2024\/05\/Starscaption-3-300x212.png 300w, https:\/\/hand2noteguide.com\/wp-content\/uploads\/2024\/05\/Starscaption-3-768x541.png 768w, https:\/\/hand2noteguide.com\/wp-content\/uploads\/2024\/05\/Starscaption-3-1536x1083.png 1536w, https:\/\/hand2noteguide.com\/wp-content\/uploads\/2024\/05\/Starscaption-3-772x544.png 772w, https:\/\/hand2noteguide.com\/wp-content\/uploads\/2024\/05\/Starscaption-3-624x440.png 624w, https:\/\/hand2noteguide.com\/wp-content\/uploads\/2024\/05\/Starscaption-3.png 1970w\" sizes=\"auto, (max-width: 1024px) 100vw, 1024px\" \/><figcaption class=\"wp-element-caption\">HUD<\/figcaption><\/figure>\n\n\n\n<figure class=\"wp-block-image size-large\"><img loading=\"lazy\" decoding=\"async\" width=\"1024\" height=\"723\" data-id=\"6651\" src=\"https:\/\/hand2noteguide.com\/wp-content\/uploads\/2024\/05\/Starscaption-4-1024x723.png\" alt=\"Starscaption Lobby\" class=\"wp-image-6651\" srcset=\"https:\/\/hand2noteguide.com\/wp-content\/uploads\/2024\/05\/Starscaption-4-1024x723.png 1024w, https:\/\/hand2noteguide.com\/wp-content\/uploads\/2024\/05\/Starscaption-4-300x212.png 300w, https:\/\/hand2noteguide.com\/wp-content\/uploads\/2024\/05\/Starscaption-4-768x542.png 768w, https:\/\/hand2noteguide.com\/wp-content\/uploads\/2024\/05\/Starscaption-4-1536x1084.png 1536w, https:\/\/hand2noteguide.com\/wp-content\/uploads\/2024\/05\/Starscaption-4-772x545.png 772w, https:\/\/hand2noteguide.com\/wp-content\/uploads\/2024\/05\/Starscaption-4-624x440.png 624w, https:\/\/hand2noteguide.com\/wp-content\/uploads\/2024\/05\/Starscaption-4.png 1970w\" sizes=\"auto, (max-width: 1024px) 100vw, 1024px\" \/><figcaption class=\"wp-element-caption\">Lobby<\/figcaption><\/figure>\n\n\n\n<figure class=\"wp-block-image size-large\"><img loading=\"lazy\" decoding=\"async\" width=\"808\" height=\"557\" data-id=\"6685\" src=\"https:\/\/hand2noteguide.com\/wp-content\/uploads\/2024\/05\/starscaption-0-table-min.png\" alt=\"PokerStars table with Starscaption integration\" class=\"wp-image-6685\" srcset=\"https:\/\/hand2noteguide.com\/wp-content\/uploads\/2024\/05\/starscaption-0-table-min.png 808w, https:\/\/hand2noteguide.com\/wp-content\/uploads\/2024\/05\/starscaption-0-table-min-300x207.png 300w, https:\/\/hand2noteguide.com\/wp-content\/uploads\/2024\/05\/starscaption-0-table-min-768x529.png 768w, https:\/\/hand2noteguide.com\/wp-content\/uploads\/2024\/05\/starscaption-0-table-min-772x532.png 772w, https:\/\/hand2noteguide.com\/wp-content\/uploads\/2024\/05\/starscaption-0-table-min-624x430.png 624w\" sizes=\"auto, (max-width: 808px) 100vw, 808px\" \/><figcaption class=\"wp-element-caption\">Echtes Tischbeispiel<\/figcaption><\/figure>\n\n\n\n<figure class=\"wp-block-image size-large\"><img loading=\"lazy\" decoding=\"async\" width=\"1024\" height=\"722\" data-id=\"6654\" src=\"https:\/\/hand2noteguide.com\/wp-content\/uploads\/2024\/05\/Starscaption-5-1024x722.png\" alt=\"Starscaption Options\" class=\"wp-image-6654\" srcset=\"https:\/\/hand2noteguide.com\/wp-content\/uploads\/2024\/05\/Starscaption-5-1024x722.png 1024w, https:\/\/hand2noteguide.com\/wp-content\/uploads\/2024\/05\/Starscaption-5-300x212.png 300w, https:\/\/hand2noteguide.com\/wp-content\/uploads\/2024\/05\/Starscaption-5-768x541.png 768w, https:\/\/hand2noteguide.com\/wp-content\/uploads\/2024\/05\/Starscaption-5-1536x1083.png 1536w, https:\/\/hand2noteguide.com\/wp-content\/uploads\/2024\/05\/Starscaption-5-772x544.png 772w, https:\/\/hand2noteguide.com\/wp-content\/uploads\/2024\/05\/Starscaption-5-624x440.png 624w, https:\/\/hand2noteguide.com\/wp-content\/uploads\/2024\/05\/Starscaption-5.png 1970w\" sizes=\"auto, (max-width: 1024px) 100vw, 1024px\" \/><figcaption class=\"wp-element-caption\">Optionen<\/figcaption><\/figure>\n\n\n\n<figure class=\"wp-block-image size-large\"><img loading=\"lazy\" decoding=\"async\" width=\"1024\" height=\"722\" data-id=\"6655\" src=\"https:\/\/hand2noteguide.com\/wp-content\/uploads\/2024\/05\/Starscaption-6-1024x722.png\" alt=\"Starscaption Dialogs\" class=\"wp-image-6655\" srcset=\"https:\/\/hand2noteguide.com\/wp-content\/uploads\/2024\/05\/Starscaption-6-1024x722.png 1024w, https:\/\/hand2noteguide.com\/wp-content\/uploads\/2024\/05\/Starscaption-6-300x212.png 300w, https:\/\/hand2noteguide.com\/wp-content\/uploads\/2024\/05\/Starscaption-6-768x542.png 768w, https:\/\/hand2noteguide.com\/wp-content\/uploads\/2024\/05\/Starscaption-6-1536x1083.png 1536w, https:\/\/hand2noteguide.com\/wp-content\/uploads\/2024\/05\/Starscaption-6-772x544.png 772w, https:\/\/hand2noteguide.com\/wp-content\/uploads\/2024\/05\/Starscaption-6-624x440.png 624w, https:\/\/hand2noteguide.com\/wp-content\/uploads\/2024\/05\/Starscaption-6.png 1971w\" sizes=\"auto, (max-width: 1024px) 100vw, 1024px\" \/><figcaption class=\"wp-element-caption\">Dialoge<\/figcaption><\/figure>\n\n\n\n<figure class=\"wp-block-image size-large\"><img loading=\"lazy\" decoding=\"async\" width=\"1024\" height=\"723\" data-id=\"6649\" src=\"https:\/\/hand2noteguide.com\/wp-content\/uploads\/2024\/05\/Starscaption-7-1024x723.png\" alt=\"Starscaption Table Highlight\" class=\"wp-image-6649\" srcset=\"https:\/\/hand2noteguide.com\/wp-content\/uploads\/2024\/05\/Starscaption-7-1024x723.png 1024w, https:\/\/hand2noteguide.com\/wp-content\/uploads\/2024\/05\/Starscaption-7-300x212.png 300w, https:\/\/hand2noteguide.com\/wp-content\/uploads\/2024\/05\/Starscaption-7-768x542.png 768w, https:\/\/hand2noteguide.com\/wp-content\/uploads\/2024\/05\/Starscaption-7-1536x1085.png 1536w, https:\/\/hand2noteguide.com\/wp-content\/uploads\/2024\/05\/Starscaption-7-772x545.png 772w, https:\/\/hand2noteguide.com\/wp-content\/uploads\/2024\/05\/Starscaption-7-624x441.png 624w, https:\/\/hand2noteguide.com\/wp-content\/uploads\/2024\/05\/Starscaption-7.png 1970w\" sizes=\"auto, (max-width: 1024px) 100vw, 1024px\" \/><figcaption class=\"wp-element-caption\">Tischhervorhebung<\/figcaption><\/figure>\n\n\n\n<figure class=\"wp-block-image size-large\"><img loading=\"lazy\" decoding=\"async\" width=\"1024\" height=\"723\" data-id=\"6652\" src=\"https:\/\/hand2noteguide.com\/wp-content\/uploads\/2024\/05\/Starscaption-8-1024x723.png\" alt=\"Starscaption Table Manager\" class=\"wp-image-6652\" srcset=\"https:\/\/hand2noteguide.com\/wp-content\/uploads\/2024\/05\/Starscaption-8-1024x723.png 1024w, https:\/\/hand2noteguide.com\/wp-content\/uploads\/2024\/05\/Starscaption-8-300x212.png 300w, https:\/\/hand2noteguide.com\/wp-content\/uploads\/2024\/05\/Starscaption-8-768x542.png 768w, https:\/\/hand2noteguide.com\/wp-content\/uploads\/2024\/05\/Starscaption-8-1536x1084.png 1536w, https:\/\/hand2noteguide.com\/wp-content\/uploads\/2024\/05\/Starscaption-8-772x545.png 772w, https:\/\/hand2noteguide.com\/wp-content\/uploads\/2024\/05\/Starscaption-8-624x440.png 624w, https:\/\/hand2noteguide.com\/wp-content\/uploads\/2024\/05\/Starscaption-8.png 1971w\" sizes=\"auto, (max-width: 1024px) 100vw, 1024px\" \/><figcaption class=\"wp-element-caption\">Tischmanager<\/figcaption><\/figure>\n\n\n\n<figure class=\"wp-block-image size-full\"><img loading=\"lazy\" decoding=\"async\" width=\"838\" height=\"691\" data-id=\"6681\" src=\"https:\/\/hand2noteguide.com\/wp-content\/uploads\/2024\/05\/starscaption-bb-min.png\" alt=\"\" class=\"wp-image-6681\" srcset=\"https:\/\/hand2noteguide.com\/wp-content\/uploads\/2024\/05\/starscaption-bb-min.png 838w, https:\/\/hand2noteguide.com\/wp-content\/uploads\/2024\/05\/starscaption-bb-min-300x247.png 300w, https:\/\/hand2noteguide.com\/wp-content\/uploads\/2024\/05\/starscaption-bb-min-768x633.png 768w, https:\/\/hand2noteguide.com\/wp-content\/uploads\/2024\/05\/starscaption-bb-min-772x637.png 772w, https:\/\/hand2noteguide.com\/wp-content\/uploads\/2024\/05\/starscaption-bb-min-624x515.png 624w\" sizes=\"auto, (max-width: 838px) 100vw, 838px\" \/><figcaption class=\"wp-element-caption\">Chips umrechnen<\/figcaption><\/figure>\n\n\n\n<figure class=\"wp-block-image size-large\"><img loading=\"lazy\" decoding=\"async\" width=\"1024\" height=\"723\" data-id=\"6647\" src=\"https:\/\/hand2noteguide.com\/wp-content\/uploads\/2024\/05\/Starscaption-10-1024x723.png\" alt=\"Starscaption Action Blocking\" class=\"wp-image-6647\" srcset=\"https:\/\/hand2noteguide.com\/wp-content\/uploads\/2024\/05\/Starscaption-10-1024x723.png 1024w, https:\/\/hand2noteguide.com\/wp-content\/uploads\/2024\/05\/Starscaption-10-300x212.png 300w, https:\/\/hand2noteguide.com\/wp-content\/uploads\/2024\/05\/Starscaption-10-768x542.png 768w, https:\/\/hand2noteguide.com\/wp-content\/uploads\/2024\/05\/Starscaption-10-1536x1084.png 1536w, https:\/\/hand2noteguide.com\/wp-content\/uploads\/2024\/05\/Starscaption-10-772x545.png 772w, https:\/\/hand2noteguide.com\/wp-content\/uploads\/2024\/05\/Starscaption-10-624x440.png 624w, https:\/\/hand2noteguide.com\/wp-content\/uploads\/2024\/05\/Starscaption-10.png 1970w\" sizes=\"auto, (max-width: 1024px) 100vw, 1024px\" \/><figcaption class=\"wp-element-caption\">Aktionsblockierung<\/figcaption><\/figure>\n\n\n\n<figure class=\"wp-block-image size-large\"><img loading=\"lazy\" decoding=\"async\" width=\"1024\" height=\"724\" data-id=\"6653\" src=\"https:\/\/hand2noteguide.com\/wp-content\/uploads\/2024\/05\/Starscaption-11-1024x724.png\" alt=\"Starscaption Layout Editor\" class=\"wp-image-6653\" srcset=\"https:\/\/hand2noteguide.com\/wp-content\/uploads\/2024\/05\/Starscaption-11-1024x724.png 1024w, https:\/\/hand2noteguide.com\/wp-content\/uploads\/2024\/05\/Starscaption-11-300x212.png 300w, https:\/\/hand2noteguide.com\/wp-content\/uploads\/2024\/05\/Starscaption-11-768x543.png 768w, https:\/\/hand2noteguide.com\/wp-content\/uploads\/2024\/05\/Starscaption-11-1536x1085.png 1536w, https:\/\/hand2noteguide.com\/wp-content\/uploads\/2024\/05\/Starscaption-11-772x545.png 772w, https:\/\/hand2noteguide.com\/wp-content\/uploads\/2024\/05\/Starscaption-11-624x441.png 624w, https:\/\/hand2noteguide.com\/wp-content\/uploads\/2024\/05\/Starscaption-11.png 1970w\" sizes=\"auto, (max-width: 1024px) 100vw, 1024px\" \/><figcaption class=\"wp-element-caption\">Layout-Editor<\/figcaption><\/figure>\n<\/figure>\n\n\n\n<h2 class=\"wp-block-heading\">Was sind die Funktionen von Starscaption?<\/h2>\n\n\n\n<p>Starscaption bietet Ihnen zahlreiche Funktionen, um Ihr Spielerlebnis auf PokerStars zu verbessern. All diese Funktionen machen Ihre Pokersitzungen unbeschreiblich bequemer. Ihr Leben wird sich in den Moment vor und nach der Integration von Starscaption in Ihr Spiel teilen.<\/p>\n\n\n\n<p>Die Hauptfunktionen von Starscaption sind:<\/p>\n\n\n\n<ul class=\"wp-block-list\">\n<li><strong>Chips zu BB<\/strong>. Anzeige aller Chip-Betr\u00e4ge (Eins\u00e4tze und Stapelgr\u00f6\u00dfen) in Big Blinds. So m\u00fcssen Sie nicht im Kopf berechnen, wie viele Blinds im Stapel Ihres Gegners sind. Jetzt sehen Sie diese Information sofort.<\/li>\n\n\n\n<li><strong>Einsatzskript<\/strong>. Sie k\u00f6nnen verschiedene Einsatz- und Erh\u00f6hungsgr\u00f6\u00dfen f\u00fcr unterschiedliche Spielsituationen vordefinieren. Wenn die bestimmte Situation am Tisch eintritt, wird Ihre Einsatzgr\u00f6\u00dfe bereits im Einsatzfeld eingegeben sein.<\/li>\n\n\n\n<li><strong>Hotkeys<\/strong>. Legen Sie Hotkeys f\u00fcr nahezu jede m\u00f6gliche Aktion an den Tischen fest &#8211; Einsatz, Erh\u00f6hung, Passen, Check, Sitzen aus n\u00e4chstem BB, Passen zu jedem Einsatz, Tisch schlie\u00dfen, etc.<\/li>\n\n\n\n<li><strong>HUD<\/strong>. Das Starscaption HUD hilft Ihnen, viele n\u00fctzliche zus\u00e4tzliche Informationen sowohl f\u00fcr Cash Games als auch Turniere anzuzeigen. Einsatzhistorie, <a href=\"https:\/\/hand2noteguide.com\/de\/poker\/free-poker-tools\/pot-odds-calculator\">Pot Odds<\/a>, Stack-to-Pot-Verh\u00e4ltnis, Bluff Equity, Stapelgr\u00f6\u00dfe auf der n\u00e4chsten Stra\u00dfe (abh\u00e4ngig von Ihrer aktuellen Einsatzgr\u00f6\u00dfe) und vieles mehr.<\/li>\n\n\n\n<li><strong>Tischorganisator<\/strong>. Ein Muss f\u00fcr Multitabling. Die M\u00f6glichkeit, <strong>Tischlayouts<\/strong> zu konfigurieren und Tische automatisch in die ben\u00f6tigten Slots zu platzieren. <strong>Der Rahmen um den Tisch, der Ihre Aufmerksamkeit erfordert<\/strong>.<\/li>\n\n\n\n<li>Viele &#8220;kleine&#8221; Funktionen, um Ihr Spiel reibungslos und bequem zu gestalten. <strong>Automatisches Klicken auf &#8220;Ich bin zur\u00fcck&#8221;<\/strong>, <strong>Automatische Aktivierung der Zeitbanken<\/strong>, <strong>Automatisches Schlie\u00dfen der Dialogfenster des Pokerraums<\/strong> und mehr.<\/li>\n<\/ul>\n\n\n\n<p>Sehen Sie eine detailliertere Beschreibung aller Funktionen und Anpassungstipps auf der <a href=\"https:\/\/sites.google.com\/site\/starscaption\/betscript\" target=\"_blank\" aria-label=\"undefined (\u00f6ffnet in einem neuen Tab)\" rel=\"noreferrer noopener\">offiziellen Starscaption-Hilfeseite<\/a>.<\/p>\n\n\n\n<h2 class=\"wp-block-heading\">Was kostet Starscaption?<\/h2>\n\n\n\n<p>Der Preis betr\u00e4gt <strong>$24 f\u00fcr eine einj\u00e4hrige Lizenz<\/strong>. Sie k\u00f6nnen eine neue Lizenz erwerben oder eine bestehende verl\u00e4ngern \u2014 klicken Sie dazu oben auf dieser Seite auf <strong>Kaufen<\/strong>.<\/p>\n\n\n\n<p>Es werden keine Rabatte gem\u00e4\u00df der Entwicklerpolitik angeboten. Dennoch ist der Preis sehr fair, wenn man die Funktionalit\u00e4t betrachtet, die die Software bietet. F\u00fcr jeden ernsthaften Pokerspieler, der auf PokerStars spielt, ist Starscaption eine lohnende Investition.<\/p>\n","protected":false},"excerpt":{"rendered":"<p>$24 (1-Jahres-Lizenz) StarsCaption ist ein Poker-Assistenten-Tool f\u00fcr komfortables Spielen im PokerStars-Raum. Das Programm erm\u00f6glicht Ihnen: Die Software ist offiziell von PokerStars genehmigt. Was sind die Funktionen von Starscaption? Starscaption bietet Ihnen zahlreiche Funktionen, um Ihr Spielerlebnis auf PokerStars zu verbessern. All diese Funktionen machen Ihre Pokersitzungen unbeschreiblich bequemer. Ihr Leben wird sich in den Moment &hellip; <a href=\"https:\/\/hand2noteguide.com\/de\/starscaption\/\" class=\"more-link\">Continue reading <span class=\"screen-reader-text\">StarsCaption \u2b50 Ihr bester Helfer auf PokerStars<\/span><\/a><\/p>\n","protected":false},"author":1,"featured_media":0,"parent":0,"menu_order":0,"comment_status":"closed","ping_status":"closed","template":"page-templates\/full-width-page.php","meta":{"footnotes":""},"class_list":["post-6602","page","type-page","status-publish","hentry"],"translation":{"provider":"WPGlobus","version":"3.0.2","language":"de","enabled_languages":["en","ru","pt","zh","es","fr","de","it","ja"],"languages":{"en":{"title":true,"content":true,"excerpt":false},"ru":{"title":true,"content":true,"excerpt":false},"pt":{"title":true,"content":true,"excerpt":false},"zh":{"title":true,"content":true,"excerpt":false},"es":{"title":true,"content":true,"excerpt":false},"fr":{"title":true,"content":true,"excerpt":false},"de":{"title":true,"content":true,"excerpt":false},"it":{"title":true,"content":true,"excerpt":false},"ja":{"title":true,"content":true,"excerpt":false}}},"yoast_head":"<!-- This site is optimized with the Yoast SEO plugin v27.0 - https:\/\/yoast.com\/product\/yoast-seo-wordpress\/ -->\n<title>StarsCaption \u2b50 Ihr bester Helfer auf PokerStars<\/title>\n<meta name=\"description\" content=\"StarsCaption ist das beste Assistenten-Tool f\u00fcr das Spielen auf PokerStars. Konvertieren Sie Chips in BB, sehen Sie die Positionen der Spieler, nutzen Sie Hotkeys, zeigen Sie Pot Odds an und mehr!\" \/>\n<meta name=\"robots\" content=\"index, follow, max-snippet:-1, max-image-preview:large, max-video-preview:-1\" \/>\n<link rel=\"canonical\" href=\"https:\/\/hand2noteguide.com\/starscaption\/\" \/>\n<meta property=\"og:locale\" content=\"de_DE\" \/>\n<meta property=\"og:type\" content=\"article\" \/>\n<meta property=\"og:title\" content=\"StarsCaption \u2b50 Ihr bester Helfer auf PokerStars\" \/>\n<meta property=\"og:description\" content=\"StarsCaption ist das beste Assistenten-Tool f\u00fcr das Spielen auf PokerStars. Konvertieren Sie Chips in BB, sehen Sie die Positionen der Spieler, nutzen Sie Hotkeys, zeigen Sie Pot Odds an und mehr!\" \/>\n<meta property=\"og:url\" content=\"https:\/\/hand2noteguide.com\/starscaption\/\" \/>\n<meta property=\"og:site_name\" content=\"Hand2Note Guide\" \/>\n<meta property=\"article:modified_time\" content=\"2026-03-21T12:03:05+00:00\" \/>\n<meta property=\"og:image\" content=\"https:\/\/hand2noteguide.com\/wp-content\/uploads\/2024\/05\/Starscaption-1.png\" \/>\n\t<meta property=\"og:image:width\" content=\"1970\" \/>\n\t<meta property=\"og:image:height\" content=\"1390\" \/>\n\t<meta property=\"og:image:type\" content=\"image\/png\" \/>\n<meta name=\"twitter:card\" content=\"summary_large_image\" \/>\n<meta name=\"twitter:label1\" content=\"Est. reading time\" \/>\n\t<meta name=\"twitter:data1\" content=\"5 minutes\" \/>\n<!-- \/ Yoast SEO plugin. -->","yoast_head_json":{"title":"StarsCaption \u2b50 Ihr bester Helfer auf PokerStars","description":"StarsCaption ist das beste Assistenten-Tool f\u00fcr das Spielen auf PokerStars. Konvertieren Sie Chips in BB, sehen Sie die Positionen der Spieler, nutzen Sie Hotkeys, zeigen Sie Pot Odds an und mehr!","robots":{"index":"index","follow":"follow","max-snippet":"max-snippet:-1","max-image-preview":"max-image-preview:large","max-video-preview":"max-video-preview:-1"},"canonical":"https:\/\/hand2noteguide.com\/starscaption\/","og_locale":"de_DE","og_type":"article","og_title":"StarsCaption \u2b50 Ihr bester Helfer auf PokerStars","og_description":"StarsCaption ist das beste Assistenten-Tool f\u00fcr das Spielen auf PokerStars. Konvertieren Sie Chips in BB, sehen Sie die Positionen der Spieler, nutzen Sie Hotkeys, zeigen Sie Pot Odds an und mehr!","og_url":"https:\/\/hand2noteguide.com\/starscaption\/","og_site_name":"Hand2Note Guide","article_modified_time":"2026-03-21T12:03:05+00:00","og_image":[{"width":1970,"height":1390,"url":"https:\/\/hand2noteguide.com\/wp-content\/uploads\/2024\/05\/Starscaption-1.png","type":"image\/png"}],"twitter_card":"summary_large_image","twitter_misc":{"Est. reading time":"5 minutes"},"schema":{"@context":"https:\/\/schema.org","@graph":[]}},"jetpack_sharing_enabled":true,"_links":{"self":[{"href":"https:\/\/hand2noteguide.com\/de\/wp-json\/wp\/v2\/pages\/6602","targetHints":{"allow":["GET"]}}],"collection":[{"href":"https:\/\/hand2noteguide.com\/de\/wp-json\/wp\/v2\/pages"}],"about":[{"href":"https:\/\/hand2noteguide.com\/de\/wp-json\/wp\/v2\/types\/page"}],"author":[{"embeddable":true,"href":"https:\/\/hand2noteguide.com\/de\/wp-json\/wp\/v2\/users\/1"}],"replies":[{"embeddable":true,"href":"https:\/\/hand2noteguide.com\/de\/wp-json\/wp\/v2\/comments?post=6602"}],"version-history":[{"count":89,"href":"https:\/\/hand2noteguide.com\/de\/wp-json\/wp\/v2\/pages\/6602\/revisions"}],"predecessor-version":[{"id":15961,"href":"https:\/\/hand2noteguide.com\/de\/wp-json\/wp\/v2\/pages\/6602\/revisions\/15961"}],"wp:attachment":[{"href":"https:\/\/hand2noteguide.com\/de\/wp-json\/wp\/v2\/media?parent=6602"}],"curies":[{"name":"wp","href":"https:\/\/api.w.org\/{rel}","templated":true}]}}