{"id":6865,"date":"2024-06-05T23:26:41","date_gmt":"2024-06-05T20:26:41","guid":{"rendered":"https:\/\/hand2noteguide.com\/?page_id=6865"},"modified":"2026-02-21T14:13:48","modified_gmt":"2026-02-21T11:13:48","slug":"get-hand2note-cosmos-hud","status":"publish","type":"page","link":"https:\/\/hand2noteguide.com\/de\/free-hud\/get-hand2note-cosmos-hud\/","title":{"rendered":"Erhalten Sie das Hand2Note Cosmos HUD"},"content":{"rendered":"\n<p>F\u00fcllen Sie <a href=\"https:\/\/form.typeform.com\/to\/Vvagp0Xi\" target=\"_blank\" aria-label=\"undefined (\u00f6ffnet in einem neuen Tab)\" rel=\"noreferrer noopener\">dieses 1-min\u00fctige Formular<\/a> aus, um das Cosmos HUD sofort kostenlos zu erhalten. Es gibt zwei Optionen &#8211; f\u00fcr Cash- und Turnierspieler. Sie erhalten alle Dateien und Installationsanweisungen.<\/p>\n\n\n\n<p>Die Cosmos HUDs wurden von Roman Belousov erstellt &#8211; dem offiziellen Hand2Note HUD-Experten. Weitere Cosmos-Pakete finden Sie auf <a href=\"https:\/\/www.hudstore.poker\/vendors\/belousov-roman\" target=\"_blank\" rel=\"noreferrer noopener\">Romans Seite im HUD Store<\/a>.<\/p>\n\n\n\n<div data-tf-live=\"01HZN18EG6A7AP1Z2J4B3EWW8C\"><\/div><script src=\"\/\/embed.typeform.com\/next\/embed.js\"><\/script>\n\n\n\n<div style=\"margin-bottom:40px\"><\/div>\n","protected":false},"excerpt":{"rendered":"<p>F\u00fcllen Sie dieses 1-min\u00fctige Formular aus, um das Cosmos HUD sofort kostenlos zu erhalten. Es gibt zwei Optionen &#8211; f\u00fcr Cash- und Turnierspieler. Sie erhalten alle Dateien und Installationsanweisungen. Die Cosmos HUDs wurden von Roman Belousov erstellt &#8211; dem offiziellen Hand2Note HUD-Experten. Weitere Cosmos-Pakete finden Sie auf Romans Seite im HUD Store.<\/p>\n","protected":false},"author":1,"featured_media":0,"parent":1766,"menu_order":0,"comment_status":"closed","ping_status":"closed","template":"page-templates\/full-width-page.php","meta":{"footnotes":""},"class_list":["post-6865","page","type-page","status-publish","hentry"],"translation":{"provider":"WPGlobus","version":"3.0.2","language":"de","enabled_languages":["en","ru","pt","zh","es","fr","de","it","ja"],"languages":{"en":{"title":true,"content":true,"excerpt":false},"ru":{"title":true,"content":true,"excerpt":false},"pt":{"title":true,"content":true,"excerpt":false},"zh":{"title":true,"content":true,"excerpt":false},"es":{"title":true,"content":true,"excerpt":false},"fr":{"title":true,"content":true,"excerpt":false},"de":{"title":true,"content":true,"excerpt":false},"it":{"title":true,"content":true,"excerpt":false},"ja":{"title":true,"content":true,"excerpt":false}}},"yoast_head":"<!-- This site is optimized with the Yoast SEO plugin v27.0 - https:\/\/yoast.com\/product\/yoast-seo-wordpress\/ -->\n<title>Erhalten Sie das Hand2Note Cosmos HUD kostenlos<\/title>\n<meta name=\"description\" content=\"Erhalten Sie ein kostenloses Poker-HUD f\u00fcr Cash Games und MTT-Turniere vom offiziellen Hand2Note-Experten Roman Belousov. F\u00fcllen Sie ein einfaches Formular aus und laden Sie das HUD herunter.\" \/>\n<meta name=\"robots\" content=\"index, follow, max-snippet:-1, max-image-preview:large, max-video-preview:-1\" \/>\n<link rel=\"canonical\" href=\"https:\/\/hand2noteguide.com\/free-hud\/get-hand2note-cosmos-hud\/\" \/>\n<meta property=\"og:locale\" content=\"de_DE\" \/>\n<meta property=\"og:type\" content=\"article\" \/>\n<meta property=\"og:title\" content=\"Erhalten Sie das Hand2Note Cosmos HUD kostenlos\" \/>\n<meta property=\"og:description\" content=\"Erhalten Sie ein kostenloses Poker-HUD f\u00fcr Cash Games und MTT-Turniere vom offiziellen Hand2Note-Experten Roman Belousov. F\u00fcllen Sie ein einfaches Formular aus und laden Sie das HUD herunter.\" \/>\n<meta property=\"og:url\" content=\"https:\/\/hand2noteguide.com\/free-hud\/get-hand2note-cosmos-hud\/\" \/>\n<meta property=\"og:site_name\" content=\"Hand2Note Guide\" \/>\n<meta property=\"article:modified_time\" content=\"2026-02-21T11:13:48+00:00\" \/>\n<meta name=\"twitter:card\" content=\"summary_large_image\" \/>\n<meta name=\"twitter:label1\" content=\"Est. reading time\" \/>\n\t<meta name=\"twitter:data1\" content=\"1 minute\" \/>\n<!-- \/ Yoast SEO plugin. -->","yoast_head_json":{"title":"Erhalten Sie das Hand2Note Cosmos HUD kostenlos","description":"Erhalten Sie ein kostenloses Poker-HUD f\u00fcr Cash Games und MTT-Turniere vom offiziellen Hand2Note-Experten Roman Belousov. F\u00fcllen Sie ein einfaches Formular aus und laden Sie das HUD herunter.","robots":{"index":"index","follow":"follow","max-snippet":"max-snippet:-1","max-image-preview":"max-image-preview:large","max-video-preview":"max-video-preview:-1"},"canonical":"https:\/\/hand2noteguide.com\/free-hud\/get-hand2note-cosmos-hud\/","og_locale":"de_DE","og_type":"article","og_title":"Erhalten Sie das Hand2Note Cosmos HUD kostenlos","og_description":"Erhalten Sie ein kostenloses Poker-HUD f\u00fcr Cash Games und MTT-Turniere vom offiziellen Hand2Note-Experten Roman Belousov. F\u00fcllen Sie ein einfaches Formular aus und laden Sie das HUD herunter.","og_url":"https:\/\/hand2noteguide.com\/free-hud\/get-hand2note-cosmos-hud\/","og_site_name":"Hand2Note Guide","article_modified_time":"2026-02-21T11:13:48+00:00","twitter_card":"summary_large_image","twitter_misc":{"Est. reading time":"1 minute"},"schema":{"@context":"https:\/\/schema.org","@graph":[]}},"jetpack_sharing_enabled":true,"_links":{"self":[{"href":"https:\/\/hand2noteguide.com\/de\/wp-json\/wp\/v2\/pages\/6865","targetHints":{"allow":["GET"]}}],"collection":[{"href":"https:\/\/hand2noteguide.com\/de\/wp-json\/wp\/v2\/pages"}],"about":[{"href":"https:\/\/hand2noteguide.com\/de\/wp-json\/wp\/v2\/types\/page"}],"author":[{"embeddable":true,"href":"https:\/\/hand2noteguide.com\/de\/wp-json\/wp\/v2\/users\/1"}],"replies":[{"embeddable":true,"href":"https:\/\/hand2noteguide.com\/de\/wp-json\/wp\/v2\/comments?post=6865"}],"version-history":[{"count":35,"href":"https:\/\/hand2noteguide.com\/de\/wp-json\/wp\/v2\/pages\/6865\/revisions"}],"predecessor-version":[{"id":15006,"href":"https:\/\/hand2noteguide.com\/de\/wp-json\/wp\/v2\/pages\/6865\/revisions\/15006"}],"up":[{"embeddable":true,"href":"https:\/\/hand2noteguide.com\/de\/wp-json\/wp\/v2\/pages\/1766"}],"wp:attachment":[{"href":"https:\/\/hand2noteguide.com\/de\/wp-json\/wp\/v2\/media?parent=6865"}],"curies":[{"name":"wp","href":"https:\/\/api.w.org\/{rel}","templated":true}]}}