{"id":6879,"date":"2024-06-11T03:18:03","date_gmt":"2024-06-11T00:18:03","guid":{"rendered":"https:\/\/hand2noteguide.com\/?page_id=6879"},"modified":"2026-02-21T14:04:02","modified_gmt":"2026-02-21T11:04:02","slug":"hand2note-4-getting-started","status":"publish","type":"page","link":"https:\/\/hand2noteguide.com\/de\/hand2note-4-getting-started\/","title":{"rendered":"Hand2Note 4: Erste Schritte"},"content":{"rendered":"\n<p><a href=\"https:\/\/hand2note.com\/\" target=\"_blank\" rel=\"noreferrer noopener\">Hand2Note<\/a> ist eines der <a href=\"https:\/\/hand2noteguide.com\/de\/poker\/5-best-online-poker-software\/\">besten Poker-Tools<\/a>, und Hand2Note 4 ist die neueste Version der Software. Sie enth\u00e4lt alle fortschrittlichsten Funktionen. Die Hauptunterschiede zur vorherigen Version sind Smart Reports und eine verbesserte Importgeschwindigkeit.<\/p>\n\n\n\n<p>Lassen Sie uns mit der Einrichtung von Hand2Note 4 beginnen.<\/p>\n\n\n\n<h2 class=\"wp-block-heading\">1. Download &amp; Installation<\/h2>\n\n\n\n<p><a href=\"https:\/\/hand2noteguide.com\/de\/go\/hand2note\/\" target=\"_blank\" rel=\"noreferrer noopener sponsored\">Laden Sie Hand2Note 4 von der offiziellen Website herunter<\/a> und folgen Sie den einfachen Installationsschritten (einfach immer auf &#8220;Weiter&#8221; klicken).<\/p>\n\n\n\n<figure class=\"wp-block-image size-full is-resized\"><img loading=\"lazy\" decoding=\"async\" src=\"https:\/\/hand2noteguide.com\/wp-content\/uploads\/2024\/06\/hand2note4-setup-min.png\" alt=\"Hand2Note 4 Installation\" class=\"wp-image-6908\" width=\"495\" height=\"385\" srcset=\"https:\/\/hand2noteguide.com\/wp-content\/uploads\/2024\/06\/hand2note4-setup-min.png 990w, https:\/\/hand2noteguide.com\/wp-content\/uploads\/2024\/06\/hand2note4-setup-min-300x233.png 300w, https:\/\/hand2noteguide.com\/wp-content\/uploads\/2024\/06\/hand2note4-setup-min-768x597.png 768w, https:\/\/hand2noteguide.com\/wp-content\/uploads\/2024\/06\/hand2note4-setup-min-772x600.png 772w, https:\/\/hand2noteguide.com\/wp-content\/uploads\/2024\/06\/hand2note4-setup-min-624x485.png 624w\" sizes=\"auto, (max-width: 495px) 100vw, 495px\" \/><figcaption class=\"wp-element-caption\">Hand2Note 4 Installation<\/figcaption><\/figure>\n\n\n\n<h2 class=\"wp-block-heading\">2. Genie\u00dfen Sie die kostenlose Testversion<\/h2>\n\n\n\n<p>Sie k\u00f6nnen alle H2N-Funktionen w\u00e4hrend der 14-t\u00e4gigen kostenlosen Testphase kostenlos nutzen. Diese wird automatisch aktiviert, nachdem Sie Hand2Note zum ersten Mal gestartet haben.<\/p>\n\n\n\n<div class=\"green-block\">\n<p style=\"margin-bottom:0\">\ud83d\udd25 Nach Ablauf Ihrer Testphase k\u00f6nnen Sie <a href=\"\/de\/promo\/\"><b>Hand2Note PRO mit 10% Rabatt<\/b><\/a> mit unserem <b>GUIDE10<\/b> Promo-Code kaufen.<\/p><\/div>\n\n\n\n<h2 class=\"wp-block-heading\">3. \u00dcbertragen Sie Ihre Hand2Note 3 Konfiguration (Optional)<\/h2>\n\n\n\n<p>Wenn Sie zuvor Hand2Note 3 verwendet haben, k\u00f6nnen Sie sicher alle Ihre HUDs, Einstellungen und Datenbanken auf Hand2Note 4 \u00fcbertragen.<\/p>\n\n\n\n<p>Um Ihre HUDs, Popups und Einstellungen zu importieren, w\u00e4hlen Sie im oberen Men\u00fc &#8220;Tools&#8221; \u2192 &#8220;Convert Hand2Note 3 Config&#8230;&#8221;.<\/p>\n\n\n\n<figure class=\"wp-block-image size-large is-resized\"><img loading=\"lazy\" decoding=\"async\" src=\"https:\/\/hand2noteguide.com\/wp-content\/uploads\/2024\/06\/image-1024x495.png\" alt=\"\" class=\"wp-image-6924\" width=\"768\" height=\"371\" srcset=\"https:\/\/hand2noteguide.com\/wp-content\/uploads\/2024\/06\/image-1024x495.png 1024w, https:\/\/hand2noteguide.com\/wp-content\/uploads\/2024\/06\/image-300x145.png 300w, https:\/\/hand2noteguide.com\/wp-content\/uploads\/2024\/06\/image-768x372.png 768w, https:\/\/hand2noteguide.com\/wp-content\/uploads\/2024\/06\/image-1536x743.png 1536w, https:\/\/hand2noteguide.com\/wp-content\/uploads\/2024\/06\/image-772x373.png 772w, https:\/\/hand2noteguide.com\/wp-content\/uploads\/2024\/06\/image-624x302.png 624w, https:\/\/hand2noteguide.com\/wp-content\/uploads\/2024\/06\/image.png 1726w\" sizes=\"auto, (max-width: 768px) 100vw, 768px\" \/><\/figure>\n\n\n\n<p>Dann m\u00fcssen Sie den Speicherort Ihres Hand2Note 3 Ordners ausw\u00e4hlen. Bitte beachten Sie: Sie m\u00fcssen den Hauptordner von Hand2Note 3 ausw\u00e4hlen, nicht den Config-Ordner. Standardm\u00e4\u00dfig befindet sich der Hauptordner von Hand2Note 3 unter &#8220;C:Program FilesHand2Note&#8221;.<\/p>\n\n\n\n<p>Nachdem Ihr Einstellungsimport abgeschlossen ist, k\u00f6nnen Sie auch Ihre Datenbank importieren. Gehen Sie dazu zur\u00fcck zum oberen Men\u00fc und w\u00e4hlen Sie &#8220;Import&#8221; \u2192 &#8220;Import from Database&#8230;&#8221;.<\/p>\n\n\n\n<figure class=\"wp-block-image size-large is-resized\"><img loading=\"lazy\" decoding=\"async\" src=\"https:\/\/hand2noteguide.com\/wp-content\/uploads\/2024\/06\/image-1-1024x495.png\" alt=\"\" class=\"wp-image-6933\" width=\"768\" height=\"371\" srcset=\"https:\/\/hand2noteguide.com\/wp-content\/uploads\/2024\/06\/image-1-1024x495.png 1024w, https:\/\/hand2noteguide.com\/wp-content\/uploads\/2024\/06\/image-1-300x145.png 300w, https:\/\/hand2noteguide.com\/wp-content\/uploads\/2024\/06\/image-1-768x372.png 768w, https:\/\/hand2noteguide.com\/wp-content\/uploads\/2024\/06\/image-1-1536x743.png 1536w, https:\/\/hand2noteguide.com\/wp-content\/uploads\/2024\/06\/image-1-772x373.png 772w, https:\/\/hand2noteguide.com\/wp-content\/uploads\/2024\/06\/image-1-624x302.png 624w, https:\/\/hand2noteguide.com\/wp-content\/uploads\/2024\/06\/image-1.png 1726w\" sizes=\"auto, (max-width: 768px) 100vw, 768px\" \/><\/figure>\n\n\n\n<p>Sie m\u00fcssen erneut den Speicherort des Hand2Note 3 Ordners ausw\u00e4hlen (C:Program FilesHand2Note) und auch ausw\u00e4hlen, aus welcher genauen Datenbank Sie Ihre H\u00e4nde importieren m\u00f6chten.<\/p>\n\n\n\n<p>Nach diesen beiden Schritten haben Sie Ihre vollst\u00e4ndige Hand2Note 3 Konfiguration in Ihrer neuen Hand2Note 4 Software.<\/p>\n\n\n\n<h2 class=\"wp-block-heading\">4. Starten Sie HUD<\/h2>\n\n\n\n<p>Um Hand2Note HUD zu starten, m\u00fcssen Sie in den meisten F\u00e4llen einfach Hand2Note und Ihren Pokerraum-Client gleichzeitig starten. Dann sollte HUD automatisch erscheinen, nachdem Sie einen Tisch ge\u00f6ffnet haben. Sie k\u00f6nnen die Genauigkeit der Handerfassung f\u00fcr einige R\u00e4ume verbessern, indem Sie <a href=\"https:\/\/hand2noteguide.com\/de\/user-manual\/setting-up-an-auto-import-in-hand2note\/\">Auto-Import-Ordner konfigurieren<\/a>.<\/p>\n\n\n\n<p>Wenn Sie in Poker-Mobile-Apps wie PokerBros spielen, folgen Sie bitte unserem speziellen Leitfaden: <a href=\"https:\/\/hand2noteguide.com\/de\/user-manual\/configuring-hand2note-to-play-in-applications-via-an-emulator-using-the-example-of-pokerbros\/\">Einrichten von Hand2Note f\u00fcr das Spielen in Apps \u00fcber einen Emulator<\/a>.<\/p>\n\n\n\n<figure class=\"wp-block-image size-large\"><img loading=\"lazy\" decoding=\"async\" width=\"1024\" height=\"727\" src=\"https:\/\/hand2noteguide.com\/wp-content\/uploads\/2024\/06\/hand2note-mtt-hud-min-1024x727.png\" alt=\"Hand2Note 4 HUD\" class=\"wp-image-6944\" srcset=\"https:\/\/hand2noteguide.com\/wp-content\/uploads\/2024\/06\/hand2note-mtt-hud-min-1024x727.png 1024w, https:\/\/hand2noteguide.com\/wp-content\/uploads\/2024\/06\/hand2note-mtt-hud-min-300x213.png 300w, https:\/\/hand2noteguide.com\/wp-content\/uploads\/2024\/06\/hand2note-mtt-hud-min-768x545.png 768w, https:\/\/hand2noteguide.com\/wp-content\/uploads\/2024\/06\/hand2note-mtt-hud-min-1536x1091.png 1536w, https:\/\/hand2noteguide.com\/wp-content\/uploads\/2024\/06\/hand2note-mtt-hud-min-772x548.png 772w, https:\/\/hand2noteguide.com\/wp-content\/uploads\/2024\/06\/hand2note-mtt-hud-min-624x443.png 624w, https:\/\/hand2noteguide.com\/wp-content\/uploads\/2024\/06\/hand2note-mtt-hud-min.png 1818w\" sizes=\"auto, (max-width: 1024px) 100vw, 1024px\" \/><figcaption class=\"wp-element-caption\">Hand2Note 4 HUD Beispiel: <a href=\"https:\/\/www.hudstore.poker\/products\/cosmos-mtt\" target=\"_blank\" aria-label=\"undefined (opens in a new tab)\" rel=\"noreferrer noopener\">Cosmos MTT<\/a><\/figcaption><\/figure>\n\n\n\n<p>Wenn es Probleme mit der HUD-Anzeige gibt, folgen Sie den&nbsp;<a href=\"https:\/\/hand2noteguide.com\/de\/user-manual\/hand2note4-hud-problem\/\">Fehlerbehebungsschritten<\/a>. Wenn diese nicht helfen, kontaktieren Sie das&nbsp;<a href=\"https:\/\/hand2noteguide.com\/de\/hand2note-official-support\/\">Hand2Note Support-Team<\/a>.<\/p>\n\n\n\n<p>Das Standard-Hand2Note HUD enth\u00e4lt einige grundlegende Statistiken: VPIP, PFR, <a href=\"https:\/\/hand2noteguide.com\/de\/poker\/poker-hud-stats\/3bet-in-poker\/\">3Bet<\/a> und die Anzahl der H\u00e4nde. M\u00f6glicherweise m\u00f6chten Sie ein etwas komplexeres HUD verwenden. In diesem Fall empfehlen wir Ihnen, unser&nbsp;<a href=\"https:\/\/hand2noteguide.com\/de\/free-hud\/\">kostenloses HUD<\/a> zu \u00fcberpr\u00fcfen. F\u00fcr noch fortschrittlichere, professionelle HUD- &amp; Popup-Pakete besuchen Sie den <a aria-label=\"undefined (opens in a new tab)\" href=\"https:\/\/hudstore.poker\" target=\"_blank\" rel=\"noreferrer noopener\">HUD Store<\/a>.<\/p>\n\n\n\n<h2 class=\"wp-block-heading\">Was kommt als N\u00e4chstes?<\/h2>\n\n\n\n<p>Erkunden Sie weiter Hand2Note 4, da es zahlreiche Funktionen bietet, um Ihr Spiel zu verbessern:<\/p>\n\n\n\n<ul class=\"wp-block-list\">\n<li>Entdecken Sie unsere Sammlung von <a href=\"https:\/\/hand2noteguide.com\/de\/user-manual\/\">n\u00fctzlichen Hand2Note-Anleitungen<\/a><\/li>\n\n\n\n<li>Lesen Sie das <a href=\"https:\/\/hand2note.com\/Help\/Index\" target=\"_blank\" rel=\"noreferrer noopener\">offizielle Hand2Note-Handbuch<\/a><\/li>\n<\/ul>\n\n\n\n<p>Eine der besten Funktionen sind die Multi-Player Reports (ehemals Range Research), die es Ihnen erm\u00f6glichen, MDA-Berichte auszuf\u00fchren und verschiedene Spielertypen \u2013 ihr typisches Verhalten in verschiedenen Spielsituationen \u2013 eingehend zu untersuchen. Mehr \u00fcber MDA erfahren Sie in unserem <a href=\"https:\/\/www.hudstore.poker\/mda-poker-how-to-use-mass-data-analysis-to-crush-games\" target=\"_blank\" rel=\"noreferrer noopener\">Artikel \u00fcber die Nutzung von Mass Data Analysis, um Spiele zu dominieren<\/a>.<\/p>\n","protected":false},"excerpt":{"rendered":"<p>Hand2Note ist eines der besten Poker-Tools, und Hand2Note 4 ist die neueste Version der Software. Sie enth\u00e4lt alle fortschrittlichsten Funktionen. Die Hauptunterschiede zur vorherigen Version sind Smart Reports und eine verbesserte Importgeschwindigkeit. Lassen Sie uns mit der Einrichtung von Hand2Note 4 beginnen. 1. Download &amp; Installation Laden Sie Hand2Note 4 von der offiziellen Website herunter &hellip; <a href=\"https:\/\/hand2noteguide.com\/de\/hand2note-4-getting-started\/\" class=\"more-link\">Continue reading <span class=\"screen-reader-text\">Hand2Note 4: Erste Schritte<\/span><\/a><\/p>\n","protected":false},"author":1,"featured_media":10163,"parent":0,"menu_order":0,"comment_status":"closed","ping_status":"closed","template":"","meta":{"footnotes":""},"class_list":["post-6879","page","type-page","status-publish","has-post-thumbnail","hentry"],"translation":{"provider":"WPGlobus","version":"3.0.2","language":"de","enabled_languages":["en","ru","pt","zh","es","fr","de","it","ja"],"languages":{"en":{"title":true,"content":true,"excerpt":false},"ru":{"title":true,"content":true,"excerpt":false},"pt":{"title":true,"content":true,"excerpt":false},"zh":{"title":true,"content":true,"excerpt":false},"es":{"title":true,"content":true,"excerpt":false},"fr":{"title":true,"content":true,"excerpt":false},"de":{"title":true,"content":true,"excerpt":false},"it":{"title":true,"content":true,"excerpt":false},"ja":{"title":true,"content":true,"excerpt":false}}},"yoast_head":"<!-- This site is optimized with the Yoast SEO plugin v27.0 - https:\/\/yoast.com\/product\/yoast-seo-wordpress\/ -->\n<title>Hand2Note 4: Erste Schritte<\/title>\n<meta name=\"description\" content=\"Hand2Note 4 ist die neueste Version mit Smart Reports und unglaublicher Importgeschwindigkeit. Folgen Sie unserem Leitfaden, um H2N 4 zu installieren, eine kostenlose Lizenz zu erhalten und das beste HUD zu nutzen.\" \/>\n<meta name=\"robots\" content=\"index, follow, max-snippet:-1, max-image-preview:large, max-video-preview:-1\" \/>\n<link rel=\"canonical\" href=\"https:\/\/hand2noteguide.com\/hand2note-4-getting-started\/\" \/>\n<meta property=\"og:locale\" content=\"de_DE\" \/>\n<meta property=\"og:type\" content=\"article\" \/>\n<meta property=\"og:title\" content=\"Hand2Note 4: Erste Schritte\" \/>\n<meta property=\"og:description\" content=\"Hand2Note 4 ist die neueste Version mit Smart Reports und unglaublicher Importgeschwindigkeit. Folgen Sie unserem Leitfaden, um H2N 4 zu installieren, eine kostenlose Lizenz zu erhalten und das beste HUD zu nutzen.\" \/>\n<meta property=\"og:url\" content=\"https:\/\/hand2noteguide.com\/hand2note-4-getting-started\/\" \/>\n<meta property=\"og:site_name\" content=\"Hand2Note Guide\" \/>\n<meta property=\"article:modified_time\" content=\"2026-02-21T11:04:02+00:00\" \/>\n<meta property=\"og:image\" content=\"https:\/\/hand2noteguide.com\/wp-content\/uploads\/2025\/04\/h2n-1-min.webp\" \/>\n\t<meta property=\"og:image:width\" content=\"1590\" \/>\n\t<meta property=\"og:image:height\" content=\"989\" \/>\n\t<meta property=\"og:image:type\" content=\"image\/webp\" \/>\n<meta name=\"twitter:card\" content=\"summary_large_image\" \/>\n<meta name=\"twitter:label1\" content=\"Est. reading time\" \/>\n\t<meta name=\"twitter:data1\" content=\"4 minutes\" \/>\n<!-- \/ Yoast SEO plugin. -->","yoast_head_json":{"title":"Hand2Note 4: Erste Schritte","description":"Hand2Note 4 ist die neueste Version mit Smart Reports und unglaublicher Importgeschwindigkeit. Folgen Sie unserem Leitfaden, um H2N 4 zu installieren, eine kostenlose Lizenz zu erhalten und das beste HUD zu nutzen.","robots":{"index":"index","follow":"follow","max-snippet":"max-snippet:-1","max-image-preview":"max-image-preview:large","max-video-preview":"max-video-preview:-1"},"canonical":"https:\/\/hand2noteguide.com\/hand2note-4-getting-started\/","og_locale":"de_DE","og_type":"article","og_title":"Hand2Note 4: Erste Schritte","og_description":"Hand2Note 4 ist die neueste Version mit Smart Reports und unglaublicher Importgeschwindigkeit. Folgen Sie unserem Leitfaden, um H2N 4 zu installieren, eine kostenlose Lizenz zu erhalten und das beste HUD zu nutzen.","og_url":"https:\/\/hand2noteguide.com\/hand2note-4-getting-started\/","og_site_name":"Hand2Note Guide","article_modified_time":"2026-02-21T11:04:02+00:00","og_image":[{"width":1590,"height":989,"url":"https:\/\/hand2noteguide.com\/wp-content\/uploads\/2025\/04\/h2n-1-min.webp","type":"image\/webp"}],"twitter_card":"summary_large_image","twitter_misc":{"Est. reading time":"4 minutes"},"schema":{"@context":"https:\/\/schema.org","@graph":[]}},"jetpack_sharing_enabled":true,"_links":{"self":[{"href":"https:\/\/hand2noteguide.com\/de\/wp-json\/wp\/v2\/pages\/6879","targetHints":{"allow":["GET"]}}],"collection":[{"href":"https:\/\/hand2noteguide.com\/de\/wp-json\/wp\/v2\/pages"}],"about":[{"href":"https:\/\/hand2noteguide.com\/de\/wp-json\/wp\/v2\/types\/page"}],"author":[{"embeddable":true,"href":"https:\/\/hand2noteguide.com\/de\/wp-json\/wp\/v2\/users\/1"}],"replies":[{"embeddable":true,"href":"https:\/\/hand2noteguide.com\/de\/wp-json\/wp\/v2\/comments?post=6879"}],"version-history":[{"count":84,"href":"https:\/\/hand2noteguide.com\/de\/wp-json\/wp\/v2\/pages\/6879\/revisions"}],"predecessor-version":[{"id":13434,"href":"https:\/\/hand2noteguide.com\/de\/wp-json\/wp\/v2\/pages\/6879\/revisions\/13434"}],"wp:featuredmedia":[{"embeddable":true,"href":"https:\/\/hand2noteguide.com\/de\/wp-json\/wp\/v2\/media\/10163"}],"wp:attachment":[{"href":"https:\/\/hand2noteguide.com\/de\/wp-json\/wp\/v2\/media?parent=6879"}],"curies":[{"name":"wp","href":"https:\/\/api.w.org\/{rel}","templated":true}]}}