{"id":700,"date":"2019-05-20T23:55:24","date_gmt":"2019-05-20T20:55:24","guid":{"rendered":"https:\/\/h2n312.wordpress.com\/?page_id=700"},"modified":"2025-06-04T17:48:11","modified_gmt":"2025-06-04T14:48:11","slug":"trial","status":"publish","type":"page","link":"https:\/\/hand2noteguide.com\/de\/trial\/","title":{"rendered":"Kostenlose Testversion"},"content":{"rendered":"<p>Kostenlose 30-t\u00e4gige Testphase f\u00fcr europ\u00e4ische und amerikanische R\u00e4ume wird automatisch direkt nach dem ersten Start von Hand2Note aktiviert. Eine separate 14-t\u00e4gige Testphase f\u00fcr <a href=\"https:\/\/hand2noteguide.com\/de\/asian\/\">asiatische R\u00e4ume<\/a> wird ebenfalls automatisch aktiviert, wenn Sie den Emulator zum ersten Mal starten.<\/p>\n<p><img loading=\"lazy\" decoding=\"async\" class=\"alignnone size-full wp-image-1611\" src=\"https:\/\/hand2noteguide.com\/wp-content\/uploads\/2019\/07\/hand2note-trial.png\" alt=\"hand2note trial\" width=\"423\" height=\"92\" srcset=\"https:\/\/hand2noteguide.com\/wp-content\/uploads\/2019\/07\/hand2note-trial.png 423w, https:\/\/hand2noteguide.com\/wp-content\/uploads\/2019\/07\/hand2note-trial-300x65.png 300w\" sizes=\"auto, (max-width: 423px) 100vw, 423px\" \/><\/p>\n<p>W\u00e4hrend der Testphase k\u00f6nnen Sie alle Funktionen des Programms nutzen (au\u00dfer&nbsp;<a href=\"https:\/\/hand2noteguide.com\/de\/guide\/range-research\/\">Range Research<\/a>&nbsp;und&nbsp;<a href=\"https:\/\/hand2noteguide.com\/de\/guide\/decision-analysis\/\">Decision Analysis<\/a>) f\u00fcr das Spielen auf beliebigen Eins\u00e4tzen kostenlos.<\/p>\n<p>Wenn Sie Hand2Note in einer der chinesischen Apps ausprobieren m\u00f6chten, aber die Aktivierung der Testphase aus irgendeinem Grund nicht funktioniert, <a href=\"https:\/\/hand2noteguide.com\/de\/contact-us\/\">kontaktieren Sie uns<\/a>, wir stellen Ihnen 3 Tage kostenlose PRO-Abonnement zur Verf\u00fcgung, damit Sie die Software testen k\u00f6nnen.<\/p>\n<p>Wenn die Testphase abgelaufen ist, k\u00f6nnen Sie entweder Hand2Note im kostenlosen Modus weiter nutzen oder ein Abonnement kaufen. Sehen Sie <a href=\"https:\/\/hand2noteguide.com\/de\/guide\/choose-subscription\/\">welche Abonnementoption f\u00fcr Sie die richtige ist<\/a>.<\/p>\n","protected":false},"excerpt":{"rendered":"<p>Kostenlose 30-t\u00e4gige Testphase f\u00fcr europ\u00e4ische und amerikanische R\u00e4ume wird automatisch direkt nach dem ersten Start von Hand2Note aktiviert. Eine separate 14-t\u00e4gige Testphase f\u00fcr asiatische R\u00e4ume wird ebenfalls automatisch aktiviert, wenn Sie den Emulator zum ersten Mal starten. W\u00e4hrend der Testphase k\u00f6nnen Sie alle Funktionen des Programms nutzen (au\u00dfer&nbsp;Range Research&nbsp;und&nbsp;Decision Analysis) f\u00fcr das Spielen auf beliebigen &hellip; <a href=\"https:\/\/hand2noteguide.com\/de\/trial\/\" class=\"more-link\">Continue reading <span class=\"screen-reader-text\">Kostenlose Testversion<\/span><\/a><\/p>\n","protected":false},"author":1,"featured_media":0,"parent":0,"menu_order":0,"comment_status":"closed","ping_status":"closed","template":"page-templates\/full-width-page.php","meta":{"footnotes":""},"class_list":["post-700","page","type-page","status-publish","hentry"],"translation":{"provider":"WPGlobus","version":"3.0.2","language":"de","enabled_languages":["en","ru","pt","zh","es","fr","de","it","ja"],"languages":{"en":{"title":true,"content":true,"excerpt":false},"ru":{"title":true,"content":true,"excerpt":false},"pt":{"title":true,"content":true,"excerpt":false},"zh":{"title":true,"content":true,"excerpt":false},"es":{"title":true,"content":true,"excerpt":false},"fr":{"title":true,"content":true,"excerpt":false},"de":{"title":true,"content":true,"excerpt":false},"it":{"title":true,"content":true,"excerpt":false},"ja":{"title":true,"content":true,"excerpt":false}}},"yoast_head":"<!-- This site is optimized with the Yoast SEO plugin v27.0 - https:\/\/yoast.com\/product\/yoast-seo-wordpress\/ -->\n<title>Probieren Sie Hand2Note 3: Kostenlose Testphase<\/title>\n<meta name=\"description\" content=\"Die Hand2Note-Testversion sollte nach dem ersten Start automatisch aktiviert werden. Wenn dies nicht funktioniert, kontaktieren Sie uns, wir stellen Ihnen 3 Tage kostenloses Abonnement zur Verf\u00fcgung.\" \/>\n<meta name=\"robots\" content=\"index, follow, max-snippet:-1, max-image-preview:large, max-video-preview:-1\" \/>\n<link rel=\"canonical\" href=\"https:\/\/hand2noteguide.com\/trial\/\" \/>\n<meta property=\"og:locale\" content=\"de_DE\" \/>\n<meta property=\"og:type\" content=\"article\" \/>\n<meta property=\"og:title\" content=\"Probieren Sie Hand2Note 3: Kostenlose Testphase\" \/>\n<meta property=\"og:description\" content=\"Die Hand2Note-Testversion sollte nach dem ersten Start automatisch aktiviert werden. Wenn dies nicht funktioniert, kontaktieren Sie uns, wir stellen Ihnen 3 Tage kostenloses Abonnement zur Verf\u00fcgung.\" \/>\n<meta property=\"og:url\" content=\"https:\/\/hand2noteguide.com\/trial\/\" \/>\n<meta property=\"og:site_name\" content=\"Hand2Note Guide\" \/>\n<meta property=\"article:modified_time\" content=\"2025-06-04T14:48:11+00:00\" \/>\n<meta property=\"og:image\" content=\"https:\/\/hand2noteguide.com\/wp-content\/uploads\/2019\/07\/hand2note-trial.png\" \/>\n<meta name=\"twitter:card\" content=\"summary_large_image\" \/>\n<meta name=\"twitter:label1\" content=\"Est. reading time\" \/>\n\t<meta name=\"twitter:data1\" content=\"4 minutes\" \/>\n<!-- \/ Yoast SEO plugin. -->","yoast_head_json":{"title":"Probieren Sie Hand2Note 3: Kostenlose Testphase","description":"Die Hand2Note-Testversion sollte nach dem ersten Start automatisch aktiviert werden. Wenn dies nicht funktioniert, kontaktieren Sie uns, wir stellen Ihnen 3 Tage kostenloses Abonnement zur Verf\u00fcgung.","robots":{"index":"index","follow":"follow","max-snippet":"max-snippet:-1","max-image-preview":"max-image-preview:large","max-video-preview":"max-video-preview:-1"},"canonical":"https:\/\/hand2noteguide.com\/trial\/","og_locale":"de_DE","og_type":"article","og_title":"Probieren Sie Hand2Note 3: Kostenlose Testphase","og_description":"Die Hand2Note-Testversion sollte nach dem ersten Start automatisch aktiviert werden. Wenn dies nicht funktioniert, kontaktieren Sie uns, wir stellen Ihnen 3 Tage kostenloses Abonnement zur Verf\u00fcgung.","og_url":"https:\/\/hand2noteguide.com\/trial\/","og_site_name":"Hand2Note Guide","article_modified_time":"2025-06-04T14:48:11+00:00","og_image":[{"url":"https:\/\/hand2noteguide.com\/wp-content\/uploads\/2019\/07\/hand2note-trial.png","type":"","width":"","height":""}],"twitter_card":"summary_large_image","twitter_misc":{"Est. reading time":"4 minutes"},"schema":{"@context":"https:\/\/schema.org","@graph":[]}},"jetpack_sharing_enabled":false,"_links":{"self":[{"href":"https:\/\/hand2noteguide.com\/de\/wp-json\/wp\/v2\/pages\/700","targetHints":{"allow":["GET"]}}],"collection":[{"href":"https:\/\/hand2noteguide.com\/de\/wp-json\/wp\/v2\/pages"}],"about":[{"href":"https:\/\/hand2noteguide.com\/de\/wp-json\/wp\/v2\/types\/page"}],"author":[{"embeddable":true,"href":"https:\/\/hand2noteguide.com\/de\/wp-json\/wp\/v2\/users\/1"}],"replies":[{"embeddable":true,"href":"https:\/\/hand2noteguide.com\/de\/wp-json\/wp\/v2\/comments?post=700"}],"version-history":[{"count":24,"href":"https:\/\/hand2noteguide.com\/de\/wp-json\/wp\/v2\/pages\/700\/revisions"}],"predecessor-version":[{"id":13517,"href":"https:\/\/hand2noteguide.com\/de\/wp-json\/wp\/v2\/pages\/700\/revisions\/13517"}],"wp:attachment":[{"href":"https:\/\/hand2noteguide.com\/de\/wp-json\/wp\/v2\/media?parent=700"}],"curies":[{"name":"wp","href":"https:\/\/api.w.org\/{rel}","templated":true}]}}