{"id":708,"date":"2019-05-21T00:06:10","date_gmt":"2019-05-20T21:06:10","guid":{"rendered":"https:\/\/h2n312.wordpress.com\/?page_id=708"},"modified":"2025-06-04T17:47:23","modified_gmt":"2025-06-04T14:47:23","slug":"choose-subscription","status":"publish","type":"page","link":"https:\/\/hand2noteguide.com\/de\/guide\/choose-subscription\/","title":{"rendered":"Welcher Abonnementplan ist f\u00fcr mich geeignet?"},"content":{"rendered":"<p>Die Wahl des Abonnements h\u00e4ngt vom Raum, den gespielten Eins\u00e4tzen und der gew\u00fcnschten Funktionalit\u00e4t ab.<\/p>\n<p><img loading=\"lazy\" decoding=\"async\" class=\"alignnone size-full wp-image-1488\" src=\"https:\/\/hand2noteguide.com\/wp-content\/uploads\/2019\/07\/hand2note-subscriptions.png\" alt=\"hand2note subscriptions\" width=\"486\" height=\"104\" srcset=\"https:\/\/hand2noteguide.com\/wp-content\/uploads\/2019\/07\/hand2note-subscriptions.png 486w, https:\/\/hand2noteguide.com\/wp-content\/uploads\/2019\/07\/hand2note-subscriptions-300x64.png 300w\" sizes=\"auto, (max-width: 486px) 100vw, 486px\" \/><\/p>\n<h3>Europ\u00e4ische und amerikanische R\u00e4ume<\/h3>\n<p>Hand2Note ist v\u00f6llig kostenlos f\u00fcr Eins\u00e4tze bis zu NL25 und Turniere mit Buy-ins bis zu $9. In diesem Fall ben\u00f6tigen Sie kein Abonnement. Wenn die <a href=\"https:\/\/hand2noteguide.com\/de\/trial\/\">Testversion<\/a> endet, wechselt das Programm einfach in den kostenlosen Modus, Sie m\u00fcssen nichts unternehmen.<\/p>\n<p>Wenn Sie Eins\u00e4tze h\u00f6her als NL25 spielen, k\u00f6nnen Sie hier ein Abonnement kaufen: <a href=\"http:\/\/www.hand2note.com\/Purchase\" target=\"_blank\" rel=\"noopener noreferrer\">http:\/\/www.hand2note.com\/Purchase<\/a>. Verwenden Sie den Promo-Code GUIDE10, um 10% Rabatt und <a href=\"https:\/\/hand2noteguide.com\/de\/promo\/\">weitere Boni<\/a> zu erhalten.<\/p>\n<p>Sie k\u00f6nnen die beste Option f\u00fcr Ihre Eins\u00e4tze w\u00e4hlen. Beachten Sie, dass die Funktionen <a href=\"https:\/\/hand2noteguide.com\/de\/guide\/range-research\/\">Range Research<\/a> und <a href=\"https:\/\/hand2noteguide.com\/de\/guide\/decision-analysis\/\">Decision Analysis<\/a> nur in der EDGE-Version verf\u00fcgbar sind. Daher m\u00fcssen Sie, selbst wenn Sie niedrige Eins\u00e4tze spielen, aber diese Funktionen nutzen m\u00f6chten, die EDGE-Version erwerben.<\/p>\n<h3>Asiatische R\u00e4ume<\/h3>\n<p>Es gibt keine kostenlose Version von Hand2Note f\u00fcr <a href=\"https:\/\/hand2noteguide.com\/de\/asian\/\">chinesische Apps<\/a>. Nach dem Ende der <a href=\"https:\/\/hand2noteguide.com\/de\/trial\/\">Testversion<\/a> m\u00fcssen Sie ein spezielles Abonnement erwerben, um das Programm weiterhin nutzen zu k\u00f6nnen: <a href=\"http:\/\/www.hand2note.com\/Purchase#poker-master-subscription\" target=\"_blank\" rel=\"noopener noreferrer\">http:\/\/www.hand2note.com\/Purchase#poker-master-subscription<\/a>. Verwenden Sie den Promo-Code GUIDE10 beim Kauf, um 10% Rabatt und <a href=\"https:\/\/hand2noteguide.com\/de\/promo\/\">weitere Vorteile<\/a> zu erhalten.<\/p>\n<p>Bitte beachten Sie, dass der positionale und dynamische HUD in der STANDARD-Version nicht funktioniert und es auch nicht m\u00f6glich ist, H\u00e4nde im Beobachtermodus zu erfassen (Sie m\u00fcssen am Tisch sitzen, damit die H\u00e4nde gesammelt werden k\u00f6nnen). Diese Funktionen sind nur in der HYPER-Version verf\u00fcgbar.<\/p>\n<p>Wenn Sie nur asiatische R\u00e4ume spielen, ben\u00f6tigen Sie kein regul\u00e4res Abonnement. Wenn Sie jedoch <a href=\"https:\/\/hand2noteguide.com\/de\/guide\/range-research\/\">Range Research<\/a> oder <a href=\"https:\/\/hand2noteguide.com\/de\/guide\/decision-analysis\/\">Decision Analysis<\/a> nutzen m\u00f6chten, m\u00fcssen Sie zus\u00e4tzlich die EDGE-Version erwerben.<\/p>\n","protected":false},"excerpt":{"rendered":"<p>Die Wahl des Abonnements h\u00e4ngt vom Raum, den gespielten Eins\u00e4tzen und der gew\u00fcnschten Funktionalit\u00e4t ab. Europ\u00e4ische und amerikanische R\u00e4ume Hand2Note ist v\u00f6llig kostenlos f\u00fcr Eins\u00e4tze bis zu NL25 und Turniere mit Buy-ins bis zu $9. In diesem Fall ben\u00f6tigen Sie kein Abonnement. Wenn die Testversion endet, wechselt das Programm einfach in den kostenlosen Modus, Sie &hellip; <a href=\"https:\/\/hand2noteguide.com\/de\/guide\/choose-subscription\/\" class=\"more-link\">Continue reading <span class=\"screen-reader-text\">Welcher Abonnementplan ist f\u00fcr mich geeignet?<\/span><\/a><\/p>\n","protected":false},"author":1,"featured_media":0,"parent":74,"menu_order":0,"comment_status":"closed","ping_status":"closed","template":"page-templates\/full-width-page.php","meta":{"footnotes":""},"class_list":["post-708","page","type-page","status-publish","hentry"],"translation":{"provider":"WPGlobus","version":"3.0.2","language":"de","enabled_languages":["en","ru","pt","zh","es","fr","de","it","ja"],"languages":{"en":{"title":true,"content":true,"excerpt":false},"ru":{"title":true,"content":true,"excerpt":false},"pt":{"title":true,"content":true,"excerpt":false},"zh":{"title":true,"content":true,"excerpt":false},"es":{"title":true,"content":true,"excerpt":false},"fr":{"title":true,"content":true,"excerpt":false},"de":{"title":true,"content":true,"excerpt":false},"it":{"title":true,"content":true,"excerpt":false},"ja":{"title":true,"content":true,"excerpt":false}}},"yoast_head":"<!-- This site is optimized with the Yoast SEO plugin v27.0 - https:\/\/yoast.com\/product\/yoast-seo-wordpress\/ -->\n<title>Die richtige Hand2Note-Abonnementplan w\u00e4hlen<\/title>\n<meta name=\"description\" content=\"Entdecken Sie, welches Hand2Note-Abonnement zu Ihren Pokerbed\u00fcrfnissen passt. Vergleichen Sie Funktionen f\u00fcr europ\u00e4ische, amerikanische und asiatische R\u00e4ume, um Ihr Spiel zu verbessern.\" \/>\n<meta name=\"robots\" content=\"index, follow, max-snippet:-1, max-image-preview:large, max-video-preview:-1\" \/>\n<link rel=\"canonical\" href=\"https:\/\/hand2noteguide.com\/it\/guide\/choose-subscription\/\" \/>\n<meta property=\"og:locale\" content=\"de_DE\" \/>\n<meta property=\"og:type\" content=\"article\" \/>\n<meta property=\"og:title\" content=\"Die richtige Hand2Note-Abonnementplan w\u00e4hlen\" \/>\n<meta property=\"og:description\" content=\"Entdecken Sie, welches Hand2Note-Abonnement zu Ihren Pokerbed\u00fcrfnissen passt. Vergleichen Sie Funktionen f\u00fcr europ\u00e4ische, amerikanische und asiatische R\u00e4ume, um Ihr Spiel zu verbessern.\" \/>\n<meta property=\"og:url\" content=\"https:\/\/hand2noteguide.com\/it\/guide\/choose-subscription\/\" \/>\n<meta property=\"og:site_name\" content=\"Hand2Note Guide\" \/>\n<meta property=\"article:modified_time\" content=\"2025-06-04T14:47:23+00:00\" \/>\n<meta property=\"og:image\" content=\"https:\/\/hand2noteguide.com\/wp-content\/uploads\/2019\/07\/hand2note-subscriptions.png\" \/>\n<meta name=\"twitter:card\" content=\"summary_large_image\" \/>\n<meta name=\"twitter:label1\" content=\"Est. reading time\" \/>\n\t<meta name=\"twitter:data1\" content=\"9 minutes\" \/>\n<!-- \/ Yoast SEO plugin. -->","yoast_head_json":{"title":"Die richtige Hand2Note-Abonnementplan w\u00e4hlen","description":"Entdecken Sie, welches Hand2Note-Abonnement zu Ihren Pokerbed\u00fcrfnissen passt. Vergleichen Sie Funktionen f\u00fcr europ\u00e4ische, amerikanische und asiatische R\u00e4ume, um Ihr Spiel zu verbessern.","robots":{"index":"index","follow":"follow","max-snippet":"max-snippet:-1","max-image-preview":"max-image-preview:large","max-video-preview":"max-video-preview:-1"},"canonical":"https:\/\/hand2noteguide.com\/it\/guide\/choose-subscription\/","og_locale":"de_DE","og_type":"article","og_title":"Die richtige Hand2Note-Abonnementplan w\u00e4hlen","og_description":"Entdecken Sie, welches Hand2Note-Abonnement zu Ihren Pokerbed\u00fcrfnissen passt. Vergleichen Sie Funktionen f\u00fcr europ\u00e4ische, amerikanische und asiatische R\u00e4ume, um Ihr Spiel zu verbessern.","og_url":"https:\/\/hand2noteguide.com\/it\/guide\/choose-subscription\/","og_site_name":"Hand2Note Guide","article_modified_time":"2025-06-04T14:47:23+00:00","og_image":[{"url":"https:\/\/hand2noteguide.com\/wp-content\/uploads\/2019\/07\/hand2note-subscriptions.png","type":"","width":"","height":""}],"twitter_card":"summary_large_image","twitter_misc":{"Est. reading time":"9 minutes"},"schema":{"@context":"https:\/\/schema.org","@graph":[]}},"jetpack_sharing_enabled":false,"_links":{"self":[{"href":"https:\/\/hand2noteguide.com\/de\/wp-json\/wp\/v2\/pages\/708","targetHints":{"allow":["GET"]}}],"collection":[{"href":"https:\/\/hand2noteguide.com\/de\/wp-json\/wp\/v2\/pages"}],"about":[{"href":"https:\/\/hand2noteguide.com\/de\/wp-json\/wp\/v2\/types\/page"}],"author":[{"embeddable":true,"href":"https:\/\/hand2noteguide.com\/de\/wp-json\/wp\/v2\/users\/1"}],"replies":[{"embeddable":true,"href":"https:\/\/hand2noteguide.com\/de\/wp-json\/wp\/v2\/comments?post=708"}],"version-history":[{"count":18,"href":"https:\/\/hand2noteguide.com\/de\/wp-json\/wp\/v2\/pages\/708\/revisions"}],"predecessor-version":[{"id":13516,"href":"https:\/\/hand2noteguide.com\/de\/wp-json\/wp\/v2\/pages\/708\/revisions\/13516"}],"up":[{"embeddable":true,"href":"https:\/\/hand2noteguide.com\/de\/wp-json\/wp\/v2\/pages\/74"}],"wp:attachment":[{"href":"https:\/\/hand2noteguide.com\/de\/wp-json\/wp\/v2\/media?parent=708"}],"curies":[{"name":"wp","href":"https:\/\/api.w.org\/{rel}","templated":true}]}}