{"id":71,"date":"2018-07-30T00:35:21","date_gmt":"2018-07-29T21:35:21","guid":{"rendered":"https:\/\/h2n312.wordpress.com\/?page_id=71"},"modified":"2025-06-04T19:22:41","modified_gmt":"2025-06-04T16:22:41","slug":"asian","status":"publish","type":"page","link":"https:\/\/hand2noteguide.com\/de\/asian\/","title":{"rendered":"Der beste Poker-HUD f\u00fcr asiatische Apps"},"content":{"rendered":"\n<p>Chinesische mobile Apps sind ein neuer Trend im Online-Poker. Das sehr schwache Spielerfeld und die konstante Verf\u00fcgbarkeit des Spiels bei jedem Einsatz ziehen immer mehr Regulars aus europ\u00e4ischen R\u00e4umen an. Das Spiel in China ist schneller, lockerer und variabler, aber die Gewinnraten der regul\u00e4ren Spieler sind viel h\u00f6her.<\/p>\n\n\n\n<div class=\"wp-block-buttons h2n-buttons-block\">\n<div class=\"wp-block-button\"><a class=\"wp-block-button__link has-text-color has-background\" href=\"https:\/\/hand2note.com\/\" style=\"background-color:#2abb68;color:#ffffff\" target=\"_blank\" rel=\"noreferrer noopener\"><span style=\"font-size:22px\">Hand2Note Asia HUD erhalten<\/span><br><span style=\"font-size:12px;font-weight:normal\">PokerBros, PPPoker, RedDragon und viele andere Apps<\/span><\/a><\/div>\n<\/div>\n\n\n\n<div class=\"green-block\"><p style=\"margin-bottom:0\">Wenn Sie Hand2Note verwenden m\u00f6chten, schauen Sie sich unser <a href=\"https:\/\/hand2noteguide.com\/de\/starter-pack\/\">Hand2Note Starter-Paket<\/a> an. Es enth\u00e4lt eine j\u00e4hrliche PRO-Lizenz, ein erweitertes HUD, einen vollst\u00e4ndigen Videokurs und pers\u00f6nlichen Support.<\/p><\/div>\n\n\n\n<p>Nat\u00fcrlich k\u00f6nnen Sie Ihr Telefon verwenden, um in diesen Apps zu spielen. Es ist aber auch m\u00f6glich, spezielle Android-Emulator-Software zu verwenden, um auf einem PC zu spielen. Sie k\u00f6nnen Hand2Note HUD auf Emulatoren genauso verwenden, wie Sie es an regul\u00e4ren Tischen in klassischen R\u00e4umen tun.<\/p>\n\n\n\n<figure class=\"wp-block-image\"><img loading=\"lazy\" decoding=\"async\" width=\"1024\" height=\"682\" src=\"https:\/\/hand2noteguide.com\/wp-content\/uploads\/2020\/03\/hand2note-pokermaster-1024x682.png\" alt=\"hand2note pokermaster\" class=\"wp-image-2029\" srcset=\"https:\/\/hand2noteguide.com\/wp-content\/uploads\/2020\/03\/hand2note-pokermaster-1024x682.png 1024w, https:\/\/hand2noteguide.com\/wp-content\/uploads\/2020\/03\/hand2note-pokermaster-300x200.png 300w, https:\/\/hand2noteguide.com\/wp-content\/uploads\/2020\/03\/hand2note-pokermaster-768x511.png 768w, https:\/\/hand2noteguide.com\/wp-content\/uploads\/2020\/03\/hand2note-pokermaster-772x514.png 772w, https:\/\/hand2noteguide.com\/wp-content\/uploads\/2020\/03\/hand2note-pokermaster-624x416.png 624w, https:\/\/hand2noteguide.com\/wp-content\/uploads\/2020\/03\/hand2note-pokermaster.png 1389w\" sizes=\"auto, (max-width: 1024px) 100vw, 1024px\" \/><figcaption class=\"wp-element-caption\">Spielen Sie in asiatischen Apps mit Hand2Note HUD<\/figcaption><\/figure>\n\n\n\n<p>Die Registrierung in chinesischen R\u00e4umen ist nur \u00fcber spezielle Partner m\u00f6glich. <a href=\"https:\/\/hand2noteguide.com\/de\/contact-us\/\">Kontaktieren Sie uns<\/a> f\u00fcr weitere Informationen.<\/p>\n\n\n\n<h2 class=\"wp-block-heading\">Welche Apps werden unterst\u00fctzt?<\/h2>\n\n\n\n<p>Die Liste kann entweder mit neuen R\u00e4umen aktualisiert oder vor\u00fcbergehend aufgrund von Updates einiger Apps eingeschr\u00e4nkt werden. Sie k\u00f6nnen jederzeit die aktuellen Informationen zu Ihrem Raum beim <a href=\"https:\/\/hand2noteguide.com\/de\/hand2note-official-support\/\">Support-Service<\/a> \u00fcberpr\u00fcfen.<\/p>\n\n\n\n<ul class=\"wp-block-list\">\n<li>PokerKing<\/li>\n\n\n\n<li><a href=\"https:\/\/hand2noteguide.com\/de\/pokerbros-hud\/\">PokerBros<\/a><\/li>\n\n\n\n<li>Molly\u2019s Game (ehem. PokerKingdom)<\/li>\n\n\n\n<li><a href=\"https:\/\/hand2noteguide.com\/de\/pppoker-hud\/\">PPPoker<\/a><\/li>\n\n\n\n<li>KKpoker<\/li>\n\n\n\n<li><a href=\"https:\/\/hand2noteguide.com\/de\/coinpoker-hud\/\">CoinPoker<\/a><\/li>\n\n\n\n<li>PokerCommunity<\/li>\n\n\n\n<li>FishPoker<\/li>\n\n\n\n<li>Tribal Pioneer (ehem. PokerClans)<\/li>\n\n\n\n<li>RedDragon<\/li>\n\n\n\n<li>RealPoker (ehem. 1pokerstars)<\/li>\n\n\n\n<li>AllinPoker<\/li>\n\n\n\n<li>Bingo (ehem. HiTea)<\/li>\n\n\n\n<li>UPoker<\/li>\n\n\n\n<li>WePoker<\/li>\n\n\n\n<li>PokerTime<\/li>\n<\/ul>\n\n\n\n<figure class=\"wp-block-image size-large\"><img loading=\"lazy\" decoding=\"async\" width=\"416\" height=\"765\" src=\"https:\/\/hand2noteguide.com\/wp-content\/uploads\/2020\/07\/pokerbros.png\" alt=\"\" class=\"wp-image-2923\" srcset=\"https:\/\/hand2noteguide.com\/wp-content\/uploads\/2020\/07\/pokerbros.png 416w, https:\/\/hand2noteguide.com\/wp-content\/uploads\/2020\/07\/pokerbros-163x300.png 163w, https:\/\/hand2noteguide.com\/wp-content\/uploads\/2020\/07\/pokerbros-339x624.png 339w\" sizes=\"auto, (max-width: 416px) 100vw, 416px\" \/><figcaption class=\"wp-element-caption\">Sie k\u00f6nnen das <a href=\"https:\/\/hand2noteguide.com\/de\/pokerbros-hud\/\">HUD auf PokerBros<\/a> und anderen unterst\u00fctzten Apps verwenden<\/figcaption><\/figure>\n\n\n\n<h2 class=\"wp-block-heading\">Wie richtet man alles ein?<\/h2>\n\n\n\n<p><a href=\"https:\/\/hand2noteguide.com\/de\/basic-setup\/\">Der Einstieg mit Hand2Note<\/a> in chinesischen Anwendungen ist sehr einfach. Sie m\u00fcssen nur Hand2Note und den Pokertisch in einem der unterst\u00fctzten R\u00e4ume gleichzeitig ausf\u00fchren. Das HUD erscheint automatisch, und die H\u00e4nde werden in der Datenbank gespeichert. Bei Bedarf k\u00f6nnen Sie mehrere Emulatoren ausf\u00fchren. Hand2Note wird das HUD auf allen laufenden Tischen anzeigen.<\/p>\n\n\n\n<p>Standardm\u00e4\u00dfig zeigt Hand2Note ein Standard-HUD an, das aus den einfachsten Statistiken besteht &#8211; VPIP, PFR und der Anzahl der H\u00e4nde. Wenn Ihnen das nicht ausreicht, k\u00f6nnen Sie <a href=\"https:\/\/hand2noteguide.com\/de\/hand2note-hud\/\">ein komplexeres HUD und Popups erstellen oder kaufen<\/a>.<\/p>\n\n\n\n<figure class=\"wp-block-image size-large\"><img loading=\"lazy\" decoding=\"async\" width=\"1024\" height=\"660\" src=\"https:\/\/hand2noteguide.com\/wp-content\/uploads\/2020\/07\/hand2note-asian-hud-1024x660.png\" alt=\"\" class=\"wp-image-3285\" srcset=\"https:\/\/hand2noteguide.com\/wp-content\/uploads\/2020\/07\/hand2note-asian-hud-1024x660.png 1024w, https:\/\/hand2noteguide.com\/wp-content\/uploads\/2020\/07\/hand2note-asian-hud-300x193.png 300w, https:\/\/hand2noteguide.com\/wp-content\/uploads\/2020\/07\/hand2note-asian-hud-768x495.png 768w, https:\/\/hand2noteguide.com\/wp-content\/uploads\/2020\/07\/hand2note-asian-hud-772x498.png 772w, https:\/\/hand2noteguide.com\/wp-content\/uploads\/2020\/07\/hand2note-asian-hud-624x402.png 624w, https:\/\/hand2noteguide.com\/wp-content\/uploads\/2020\/07\/hand2note-asian-hud.png 1027w\" sizes=\"auto, (max-width: 1024px) 100vw, 1024px\" \/><figcaption class=\"wp-element-caption\">Beispiel eines erweiterten Popups. Dies ist Teil des <a href=\"https:\/\/hand2noteguide.com\/de\/hud-store\/#package_venom_straddle\">Venom Straddle<\/a> Pakets aus unserem Store.<\/figcaption><\/figure>\n","protected":false},"excerpt":{"rendered":"<p>Instructions for using Hand2Note in Chinese applications, resolving issues with the lack of HUD at the tables<\/p>\n","protected":false},"author":1,"featured_media":0,"parent":0,"menu_order":3,"comment_status":"closed","ping_status":"closed","template":"page-templates\/full-width-page.php","meta":{"footnotes":""},"class_list":["post-71","page","type-page","status-publish","hentry"],"translation":{"provider":"WPGlobus","version":"3.0.2","language":"de","enabled_languages":["en","ru","pt","zh","es","fr","de","it","ja"],"languages":{"en":{"title":true,"content":true,"excerpt":true},"ru":{"title":true,"content":true,"excerpt":true},"pt":{"title":true,"content":true,"excerpt":false},"zh":{"title":true,"content":true,"excerpt":true},"es":{"title":true,"content":true,"excerpt":false},"fr":{"title":true,"content":true,"excerpt":false},"de":{"title":true,"content":true,"excerpt":false},"it":{"title":true,"content":true,"excerpt":false},"ja":{"title":true,"content":true,"excerpt":false}}},"yoast_head":"<!-- This site is optimized with the Yoast SEO plugin v27.0 - https:\/\/yoast.com\/product\/yoast-seo-wordpress\/ -->\n<title>Der beste Poker-HUD f\u00fcr mobile Apps (PPPoker, PokerBros, CoinPoker, ...)<\/title>\n<meta name=\"description\" content=\"Spielen Sie in asiatischen Apps mit Hand2Note - der besten Poker-Tracker-Software auf dem Markt. Nutzen Sie fortschrittliche und pr\u00e4zise HUDs und andere Funktionen.\" \/>\n<meta name=\"robots\" content=\"index, follow, max-snippet:-1, max-image-preview:large, max-video-preview:-1\" \/>\n<link rel=\"canonical\" href=\"https:\/\/hand2noteguide.com\/asian\/\" \/>\n<meta property=\"og:locale\" content=\"de_DE\" \/>\n<meta property=\"og:type\" content=\"article\" \/>\n<meta property=\"og:title\" content=\"Der beste Poker-HUD f\u00fcr mobile Apps (PPPoker, PokerBros, CoinPoker, ...)\" \/>\n<meta property=\"og:description\" content=\"Spielen Sie in asiatischen Apps mit Hand2Note - der besten Poker-Tracker-Software auf dem Markt. Nutzen Sie fortschrittliche und pr\u00e4zise HUDs und andere Funktionen.\" \/>\n<meta property=\"og:url\" content=\"https:\/\/hand2noteguide.com\/asian\/\" \/>\n<meta property=\"og:site_name\" content=\"Hand2Note Guide\" \/>\n<meta property=\"article:modified_time\" content=\"2025-06-04T16:22:41+00:00\" \/>\n<meta property=\"og:image\" content=\"https:\/\/hand2noteguide.com\/wp-content\/uploads\/2020\/03\/hand2note-pokermaster-1024x682.png\" \/>\n<meta name=\"twitter:card\" content=\"summary_large_image\" \/>\n<meta name=\"twitter:label1\" content=\"Est. reading time\" \/>\n\t<meta name=\"twitter:data1\" content=\"13 minutes\" \/>\n<!-- \/ Yoast SEO plugin. -->","yoast_head_json":{"title":"Der beste Poker-HUD f\u00fcr mobile Apps (PPPoker, PokerBros, CoinPoker, ...)","description":"Spielen Sie in asiatischen Apps mit Hand2Note - der besten Poker-Tracker-Software auf dem Markt. Nutzen Sie fortschrittliche und pr\u00e4zise HUDs und andere Funktionen.","robots":{"index":"index","follow":"follow","max-snippet":"max-snippet:-1","max-image-preview":"max-image-preview:large","max-video-preview":"max-video-preview:-1"},"canonical":"https:\/\/hand2noteguide.com\/asian\/","og_locale":"de_DE","og_type":"article","og_title":"Der beste Poker-HUD f\u00fcr mobile Apps (PPPoker, PokerBros, CoinPoker, ...)","og_description":"Spielen Sie in asiatischen Apps mit Hand2Note - der besten Poker-Tracker-Software auf dem Markt. Nutzen Sie fortschrittliche und pr\u00e4zise HUDs und andere Funktionen.","og_url":"https:\/\/hand2noteguide.com\/asian\/","og_site_name":"Hand2Note Guide","article_modified_time":"2025-06-04T16:22:41+00:00","og_image":[{"url":"https:\/\/hand2noteguide.com\/wp-content\/uploads\/2020\/03\/hand2note-pokermaster-1024x682.png","type":"","width":"","height":""}],"twitter_card":"summary_large_image","twitter_misc":{"Est. reading time":"13 minutes"},"schema":{"@context":"https:\/\/schema.org","@graph":[]}},"jetpack_sharing_enabled":false,"_links":{"self":[{"href":"https:\/\/hand2noteguide.com\/de\/wp-json\/wp\/v2\/pages\/71","targetHints":{"allow":["GET"]}}],"collection":[{"href":"https:\/\/hand2noteguide.com\/de\/wp-json\/wp\/v2\/pages"}],"about":[{"href":"https:\/\/hand2noteguide.com\/de\/wp-json\/wp\/v2\/types\/page"}],"author":[{"embeddable":true,"href":"https:\/\/hand2noteguide.com\/de\/wp-json\/wp\/v2\/users\/1"}],"replies":[{"embeddable":true,"href":"https:\/\/hand2noteguide.com\/de\/wp-json\/wp\/v2\/comments?post=71"}],"version-history":[{"count":71,"href":"https:\/\/hand2noteguide.com\/de\/wp-json\/wp\/v2\/pages\/71\/revisions"}],"predecessor-version":[{"id":13562,"href":"https:\/\/hand2noteguide.com\/de\/wp-json\/wp\/v2\/pages\/71\/revisions\/13562"}],"wp:attachment":[{"href":"https:\/\/hand2noteguide.com\/de\/wp-json\/wp\/v2\/media?parent=71"}],"curies":[{"name":"wp","href":"https:\/\/api.w.org\/{rel}","templated":true}]}}