{"id":7322,"date":"2024-07-02T21:28:26","date_gmt":"2024-07-02T18:28:26","guid":{"rendered":"https:\/\/hand2noteguide.com\/?page_id=7322"},"modified":"2026-03-11T20:16:29","modified_gmt":"2026-03-11T17:16:29","slug":"3bet-in-poker","status":"publish","type":"page","link":"https:\/\/hand2noteguide.com\/de\/poker\/poker-hud-stats\/3bet-in-poker\/","title":{"rendered":"3-Bet im Poker: der komplette Guide mit Beispielen"},"content":{"rendered":"\n<h2 class=\"wp-block-heading\">Was ist ein 3-Bet im Poker?<\/h2>\n\n\n\n<p>Ein 3-Bet im Poker ist eine Aktion, bei der ein Spieler eine Erh\u00f6hung des urspr\u00fcnglichen Raisers erneut erh\u00f6ht. Der Begriff wird am h\u00e4ufigsten im Preflop-Kontext verwendet, kann aber auch eine Postflop-Aktion bezeichnen. Obwohl der Name die Zahl <em>3<\/em> enth\u00e4lt, muss die Gr\u00f6\u00dfe eines 3-Bets nicht unbedingt 3x betragen. Technisch kann sie von einem Minimum-Re-Raise (Click-3-Bet) bis hin zu einem All-in (3-Bet-Push) reichen.<\/p>\n\n\n\n<figure class=\"wp-block-image size-large\"><img loading=\"lazy\" decoding=\"async\" width=\"1024\" height=\"576\" src=\"http:\/\/hand2noteguide.com\/wp-content\/uploads\/2024\/09\/3Bet-min-1024x576.jpg\" alt=\"3bet\" class=\"wp-image-8154\" srcset=\"https:\/\/hand2noteguide.com\/wp-content\/uploads\/2024\/09\/3Bet-min-1024x576.jpg 1024w, https:\/\/hand2noteguide.com\/wp-content\/uploads\/2024\/09\/3Bet-min-300x169.jpg 300w, https:\/\/hand2noteguide.com\/wp-content\/uploads\/2024\/09\/3Bet-min-768x432.jpg 768w, https:\/\/hand2noteguide.com\/wp-content\/uploads\/2024\/09\/3Bet-min-1536x864.jpg 1536w, https:\/\/hand2noteguide.com\/wp-content\/uploads\/2024\/09\/3Bet-min-772x434.jpg 772w, https:\/\/hand2noteguide.com\/wp-content\/uploads\/2024\/09\/3Bet-min-624x351.jpg 624w, https:\/\/hand2noteguide.com\/wp-content\/uploads\/2024\/09\/3Bet-min.jpg 1600w\" sizes=\"auto, (max-width: 1024px) 100vw, 1024px\" \/><figcaption class=\"wp-element-caption\">Ein Beispiel f\u00fcr einen 3-Bet im Poker: Der Hero er\u00f6ffnet mit einem Raise vom Button und der Gegner im Small Blind macht einen 3-Bet.<\/figcaption><\/figure>\n\n\n\n<h2 class=\"wp-block-heading\">3-Bet-Beispiele<\/h2>\n\n\n\n<ol class=\"wp-block-list\">\n<li>Spieler A erh\u00f6ht auf 2bb, Spieler B re-raist auf 6bb. Spieler B hat einen 3-Bet gemacht.<\/li>\n\n\n\n<li>Spieler A erh\u00f6ht auf 2bb, Spieler B re-raist auf 3bb. Spieler B hat einen Click-3-Bet gemacht.<\/li>\n\n\n\n<li>Spieler A erh\u00f6ht auf 2bb, Spieler B re-raist auf 100bb. Spieler B hat einen 3-Bet-Push gemacht.<\/li>\n<\/ol>\n\n\n\n<h2 class=\"wp-block-heading\">3-Bet-Ranges<\/h2>\n\n\n\n<p>Im Poker gibt es drei grundlegende Arten von 3-Bet-Ranges:<\/p>\n\n\n\n<h3 class=\"wp-block-heading\">1. Konservative 3-Bet-Range<\/h3>\n\n\n\n<p>Diese Range besteht ausschlie\u00dflich aus Premiumh\u00e4nden.<\/p>\n\n\n\n<figure class=\"wp-block-image size-large is-resized\"><img loading=\"lazy\" decoding=\"async\" src=\"http:\/\/hand2noteguide.com\/wp-content\/uploads\/2024\/07\/poker-3bet-conservative-min-960x1024.png\" alt=\"poker 3bet range\" class=\"wp-image-7324\" width=\"480\" height=\"512\" srcset=\"https:\/\/hand2noteguide.com\/wp-content\/uploads\/2024\/07\/poker-3bet-conservative-min-960x1024.png 960w, https:\/\/hand2noteguide.com\/wp-content\/uploads\/2024\/07\/poker-3bet-conservative-min-281x300.png 281w, https:\/\/hand2noteguide.com\/wp-content\/uploads\/2024\/07\/poker-3bet-conservative-min-768x819.png 768w, https:\/\/hand2noteguide.com\/wp-content\/uploads\/2024\/07\/poker-3bet-conservative-min-772x823.png 772w, https:\/\/hand2noteguide.com\/wp-content\/uploads\/2024\/07\/poker-3bet-conservative-min-585x624.png 585w, https:\/\/hand2noteguide.com\/wp-content\/uploads\/2024\/07\/poker-3bet-conservative-min.png 1080w\" sizes=\"auto, (max-width: 480px) 100vw, 480px\" \/><\/figure>\n\n\n\n<h3 class=\"wp-block-heading\">2. Merged 3-Bet-Range<\/h3>\n\n\n\n<p>Eine Merged-Range besteht aus Premiumh\u00e4nden sowie einigen guten H\u00e4nden, die sich Postflop gut spielen lassen.<\/p>\n\n\n\n<figure class=\"wp-block-image size-large is-resized\"><img loading=\"lazy\" decoding=\"async\" src=\"http:\/\/hand2noteguide.com\/wp-content\/uploads\/2024\/07\/poker-3bet-merged-min-960x1024.png\" alt=\"poker 3bet merged range\" class=\"wp-image-7325\" width=\"480\" height=\"512\" srcset=\"https:\/\/hand2noteguide.com\/wp-content\/uploads\/2024\/07\/poker-3bet-merged-min-960x1024.png 960w, https:\/\/hand2noteguide.com\/wp-content\/uploads\/2024\/07\/poker-3bet-merged-min-281x300.png 281w, https:\/\/hand2noteguide.com\/wp-content\/uploads\/2024\/07\/poker-3bet-merged-min-768x819.png 768w, https:\/\/hand2noteguide.com\/wp-content\/uploads\/2024\/07\/poker-3bet-merged-min-772x823.png 772w, https:\/\/hand2noteguide.com\/wp-content\/uploads\/2024\/07\/poker-3bet-merged-min-585x624.png 585w, https:\/\/hand2noteguide.com\/wp-content\/uploads\/2024\/07\/poker-3bet-merged-min.png 1080w\" sizes=\"auto, (max-width: 480px) 100vw, 480px\" \/><\/figure>\n\n\n\n<h3 class=\"wp-block-heading\">3. Polare 3-Bet-Range<\/h3>\n\n\n\n<p>Neben Premiumh\u00e4nden enth\u00e4lt eine polarisierte Range auch reine Bluffh\u00e4nde.<\/p>\n\n\n\n<figure class=\"wp-block-image size-large is-resized\"><img loading=\"lazy\" decoding=\"async\" src=\"http:\/\/hand2noteguide.com\/wp-content\/uploads\/2024\/07\/poker-3bet-polarized-min-960x1024.png\" alt=\"poker 3bet polarized range\" class=\"wp-image-7326\" width=\"480\" height=\"512\" srcset=\"https:\/\/hand2noteguide.com\/wp-content\/uploads\/2024\/07\/poker-3bet-polarized-min-960x1024.png 960w, https:\/\/hand2noteguide.com\/wp-content\/uploads\/2024\/07\/poker-3bet-polarized-min-281x300.png 281w, https:\/\/hand2noteguide.com\/wp-content\/uploads\/2024\/07\/poker-3bet-polarized-min-768x819.png 768w, https:\/\/hand2noteguide.com\/wp-content\/uploads\/2024\/07\/poker-3bet-polarized-min-772x823.png 772w, https:\/\/hand2noteguide.com\/wp-content\/uploads\/2024\/07\/poker-3bet-polarized-min-585x624.png 585w, https:\/\/hand2noteguide.com\/wp-content\/uploads\/2024\/07\/poker-3bet-polarized-min.png 1080w\" sizes=\"auto, (max-width: 480px) 100vw, 480px\" \/><\/figure>\n\n\n\n<h2 class=\"wp-block-heading\">Der Zweck eines 3-Bets<\/h2>\n\n\n\n<p>Im Allgemeinen besteht der Zweck eines 3-Bets darin, <strong>mit Premiumh\u00e4nden den Pot zu vergr\u00f6\u00dfern<\/strong>, um m\u00f6glichst viele Chips zu gewinnen. Unter Premiumh\u00e4nden verstehen wir hier die Range JJ+, AK+ (etwa 3 % aller H\u00e4nde).<\/p>\n\n\n\n<div class=\"green-block\">\n<p style=\"margin-bottom:0\">\u261d\ufe0f Allerdings ist es im modernen Poker etwas veraltet, ausschlie\u00dflich mit Premiumh\u00e4nden zu 3-betten. Der Grund: Wenn Gegner Ihren 3-Bet-Prozentsatz sehen, werden sie h\u00e4ufig fast alles folden, wodurch Sie weniger Value aus Ihren starken H\u00e4nden herausholen k\u00f6nnen.<\/p><\/div>\n\n\n\n<p>Daher gibt es heute <strong>mehrere zus\u00e4tzliche Gr\u00fcnde, einen 3-Bet zu verwenden:<\/strong><\/p>\n\n\n\n<ol class=\"wp-block-list\">\n<li>Ein 3-Bet gibt Ihnen \u2013 im Gegensatz zum Cold Call \u2013 die M\u00f6glichkeit, die Chips bereits Preflop zu gewinnen.<\/li>\n\n\n\n<li>Mit einem 3-Bet k\u00f6nnen Sie schw\u00e4chere Gegner isolieren, die h\u00e4ufig folden, wenn sie den Flop verfehlen. Statistisch gesehen verfehlen sie den Flop in mehr als \u2154 der F\u00e4lle.<\/li>\n\n\n\n<li>Mit einem 3-Bet zwingen Sie Spieler hinter Ihnen, sogar st\u00e4rkere H\u00e4nde als Ihre zu folden.<\/li>\n\n\n\n<li>Durch einen 3-Bet spielen Sie h\u00e4ufiger einen Pot gegen nur einen Gegner, was die Equity Ihrer Hand im Vergleich zu einem Multiway-Pot erh\u00f6ht.<\/li>\n<\/ol>\n\n\n\n<h2 class=\"wp-block-heading\">3-Bet-Sizings<\/h2>\n\n\n\n<p>Bei Stacks von etwa 100bb sind die h\u00e4ufigsten 3-Bet-Sizings etwa 3\u20133,5x in Position und 4\u20135x out of position.<\/p>\n\n\n\n<h2 class=\"wp-block-heading\">3-Bet-Frequenzen<\/h2>\n\n\n\n<p><strong>Weniger als 4 % ist sehr tight.<\/strong> Diese Spieler machen einen 3-Bet nur mit Premiumh\u00e4nden wie JJ+, AK+. Dadurch verpassen sie Chancen, mit anderen guten H\u00e4nden zus\u00e4tzlichen Value zu generieren.<\/p>\n\n\n\n<p><strong>4 % bis 10 % ist solide.<\/strong> Diese Spieler 3-betten in der Regel gute und Premiumh\u00e4nde aus vorteilhaften Positionen.<\/p>\n\n\n\n<p><strong>10 % bis 14 % ist semi-loose.<\/strong> Diese Spieler k\u00f6nnen auch spekulativere H\u00e4nde in ihrer Range 3-betten. Mit guten Postflop-Skills k\u00f6nnen sie genauso profitabel spielen wie solide Spieler \u2013 oder sogar profitabler. Wenn ihr Postflop-Spiel jedoch nicht stark ist, spielen sie wahrscheinlich zu viele H\u00e4nde.<\/p>\n\n\n\n<p><strong>Mehr als 15 % ist sehr loose.<\/strong> Oft handelt es sich dabei um Maniacs. Mit einer solchen 3-Bet-Strategie kann man langfristig kaum profitabel spielen. Gute Gegner passen sich schnell an diese schwache Range an, indem sie mit starken H\u00e4nden callen oder mit 4-Bets reagieren.<\/p>\n\n\n\n<h2 class=\"wp-block-heading\">Fazit<\/h2>\n\n\n\n<p>3-Bets sind eine wichtige Aktion im Poker und ein wesentlicher Bestandteil einer erfolgreichen Strategie. Achten Sie darauf, 3-Bets in Ihr Spiel zu integrieren. Tun Sie dies jedoch mit Bedacht \u2013 in den richtigen Situationen, mit der passenden Gr\u00f6\u00dfe und einer spielbaren Range.<\/p>\n","protected":false},"excerpt":{"rendered":"<p>Was ist ein 3-Bet im Poker? Ein 3-Bet im Poker ist eine Aktion, bei der ein Spieler eine Erh\u00f6hung des urspr\u00fcnglichen Raisers erneut erh\u00f6ht. Der Begriff wird am h\u00e4ufigsten im Preflop-Kontext verwendet, kann aber auch eine Postflop-Aktion bezeichnen. Obwohl der Name die Zahl 3 enth\u00e4lt, muss die Gr\u00f6\u00dfe eines 3-Bets nicht unbedingt 3x betragen. Technisch &hellip; <a href=\"https:\/\/hand2noteguide.com\/de\/poker\/poker-hud-stats\/3bet-in-poker\/\" class=\"more-link\">Continue reading <span class=\"screen-reader-text\">3-Bet im Poker: der komplette Guide mit Beispielen<\/span><\/a><\/p>\n","protected":false},"author":1,"featured_media":0,"parent":8180,"menu_order":0,"comment_status":"closed","ping_status":"closed","template":"","meta":{"footnotes":""},"class_list":["post-7322","page","type-page","status-publish","hentry"],"translation":{"provider":"WPGlobus","version":"3.0.2","language":"de","enabled_languages":["en","ru","pt","zh","es","fr","de","it","ja"],"languages":{"en":{"title":true,"content":true,"excerpt":false},"ru":{"title":true,"content":true,"excerpt":false},"pt":{"title":true,"content":true,"excerpt":false},"zh":{"title":true,"content":true,"excerpt":false},"es":{"title":true,"content":true,"excerpt":false},"fr":{"title":true,"content":true,"excerpt":false},"de":{"title":true,"content":true,"excerpt":false},"it":{"title":true,"content":true,"excerpt":false},"ja":{"title":true,"content":true,"excerpt":false}}},"yoast_head":"<!-- This site is optimized with the Yoast SEO plugin v27.0 - https:\/\/yoast.com\/product\/yoast-seo-wordpress\/ -->\n<title>3-Bet im Poker: der komplette Guide mit Beispielen<\/title>\n<meta name=\"description\" content=\"Ein 3-Bet im Poker ist eine Aktion, bei der ein Spieler einen Re-Raise macht. Erfahre, warum und wie h\u00e4ufig du 3-Bets in deiner Strategie einsetzen solltest. Detaillierter Guide mit Beispielen.\" \/>\n<meta name=\"robots\" content=\"index, follow, max-snippet:-1, max-image-preview:large, max-video-preview:-1\" \/>\n<link rel=\"canonical\" href=\"https:\/\/hand2noteguide.com\/poker\/poker-hud-stats\/3bet-in-poker\/\" \/>\n<meta property=\"og:locale\" content=\"de_DE\" \/>\n<meta property=\"og:type\" content=\"article\" \/>\n<meta property=\"og:title\" content=\"3-Bet im Poker: der komplette Guide mit Beispielen\" \/>\n<meta property=\"og:description\" content=\"Ein 3-Bet im Poker ist eine Aktion, bei der ein Spieler einen Re-Raise macht. Erfahre, warum und wie h\u00e4ufig du 3-Bets in deiner Strategie einsetzen solltest. Detaillierter Guide mit Beispielen.\" \/>\n<meta property=\"og:url\" content=\"https:\/\/hand2noteguide.com\/poker\/poker-hud-stats\/3bet-in-poker\/\" \/>\n<meta property=\"og:site_name\" content=\"Hand2Note Guide\" \/>\n<meta property=\"article:modified_time\" content=\"2026-03-11T17:16:29+00:00\" \/>\n<meta property=\"og:image\" content=\"http:\/\/hand2noteguide.com\/wp-content\/uploads\/2024\/09\/3Bet-min-1024x576.jpg\" \/>\n<meta name=\"twitter:card\" content=\"summary_large_image\" \/>\n<meta name=\"twitter:label1\" content=\"Est. reading time\" \/>\n\t<meta name=\"twitter:data1\" content=\"19 minutes\" \/>\n<!-- \/ Yoast SEO plugin. -->","yoast_head_json":{"title":"3-Bet im Poker: der komplette Guide mit Beispielen","description":"Ein 3-Bet im Poker ist eine Aktion, bei der ein Spieler einen Re-Raise macht. Erfahre, warum und wie h\u00e4ufig du 3-Bets in deiner Strategie einsetzen solltest. Detaillierter Guide mit Beispielen.","robots":{"index":"index","follow":"follow","max-snippet":"max-snippet:-1","max-image-preview":"max-image-preview:large","max-video-preview":"max-video-preview:-1"},"canonical":"https:\/\/hand2noteguide.com\/poker\/poker-hud-stats\/3bet-in-poker\/","og_locale":"de_DE","og_type":"article","og_title":"3-Bet im Poker: der komplette Guide mit Beispielen","og_description":"Ein 3-Bet im Poker ist eine Aktion, bei der ein Spieler einen Re-Raise macht. Erfahre, warum und wie h\u00e4ufig du 3-Bets in deiner Strategie einsetzen solltest. Detaillierter Guide mit Beispielen.","og_url":"https:\/\/hand2noteguide.com\/poker\/poker-hud-stats\/3bet-in-poker\/","og_site_name":"Hand2Note Guide","article_modified_time":"2026-03-11T17:16:29+00:00","og_image":[{"url":"http:\/\/hand2noteguide.com\/wp-content\/uploads\/2024\/09\/3Bet-min-1024x576.jpg","type":"","width":"","height":""}],"twitter_card":"summary_large_image","twitter_misc":{"Est. reading time":"19 minutes"},"schema":{"@context":"https:\/\/schema.org","@graph":[]}},"jetpack_sharing_enabled":true,"_links":{"self":[{"href":"https:\/\/hand2noteguide.com\/de\/wp-json\/wp\/v2\/pages\/7322","targetHints":{"allow":["GET"]}}],"collection":[{"href":"https:\/\/hand2noteguide.com\/de\/wp-json\/wp\/v2\/pages"}],"about":[{"href":"https:\/\/hand2noteguide.com\/de\/wp-json\/wp\/v2\/types\/page"}],"author":[{"embeddable":true,"href":"https:\/\/hand2noteguide.com\/de\/wp-json\/wp\/v2\/users\/1"}],"replies":[{"embeddable":true,"href":"https:\/\/hand2noteguide.com\/de\/wp-json\/wp\/v2\/comments?post=7322"}],"version-history":[{"count":26,"href":"https:\/\/hand2noteguide.com\/de\/wp-json\/wp\/v2\/pages\/7322\/revisions"}],"predecessor-version":[{"id":15855,"href":"https:\/\/hand2noteguide.com\/de\/wp-json\/wp\/v2\/pages\/7322\/revisions\/15855"}],"up":[{"embeddable":true,"href":"https:\/\/hand2noteguide.com\/de\/wp-json\/wp\/v2\/pages\/8180"}],"wp:attachment":[{"href":"https:\/\/hand2noteguide.com\/de\/wp-json\/wp\/v2\/media?parent=7322"}],"curies":[{"name":"wp","href":"https:\/\/api.w.org\/{rel}","templated":true}]}}