{"id":74,"date":"2018-07-30T00:39:48","date_gmt":"2018-07-29T21:39:48","guid":{"rendered":"https:\/\/h2n312.wordpress.com\/?page_id=74"},"modified":"2025-06-04T19:21:44","modified_gmt":"2025-06-04T16:21:44","slug":"guide","status":"publish","type":"page","link":"https:\/\/hand2noteguide.com\/de\/guide\/","title":{"rendered":"Hand2Note 3 Benutzerhandbuch"},"content":{"rendered":"\n<p>In diesem Artikel werden wir alle Funktionen von Hand2Note durchgehen. Das Handbuch enth\u00e4lt Informationen \u00fcber alle Funktionen der Software.<\/p>\n\n\n\n<div class=\"red-block\">\n<p style=\"margin-bottom:0\">\u26a0\ufe0f Dieses Handbuch bezieht sich auf Hand2Note Version 3, die mittlerweile veraltet ist. Schauen Sie sich das <a href=\"https:\/\/hand2noteguide.com\/de\/user-manual\/\"><strong>Hand2Note 4 Benutzerhandbuch<\/strong><\/a> an.<\/p>\n<\/div>\n\n\n\n<h2 class=\"wp-block-heading\"><a href=\"https:\/\/hand2noteguide.com\/de\/guide\/hud\/\">HUD<\/a><\/h2>\n\n\n\n<figure class=\"wp-block-image\"><img loading=\"lazy\" decoding=\"async\" width=\"887\" height=\"604\" src=\"https:\/\/hand2noteguide.com\/wp-content\/uploads\/2020\/03\/hand2note-default-hud.png\" alt=\"hand2note hud\" class=\"wp-image-1792\" srcset=\"https:\/\/hand2noteguide.com\/wp-content\/uploads\/2020\/03\/hand2note-default-hud.png 887w, https:\/\/hand2noteguide.com\/wp-content\/uploads\/2020\/03\/hand2note-default-hud-300x204.png 300w, https:\/\/hand2noteguide.com\/wp-content\/uploads\/2020\/03\/hand2note-default-hud-768x523.png 768w, https:\/\/hand2noteguide.com\/wp-content\/uploads\/2020\/03\/hand2note-default-hud-772x526.png 772w, https:\/\/hand2noteguide.com\/wp-content\/uploads\/2020\/03\/hand2note-default-hud-624x425.png 624w\" sizes=\"auto, (max-width: 887px) 100vw, 887px\" \/><figcaption class=\"wp-element-caption\">Hand2Note Standard-HUD<\/figcaption><\/figure>\n\n\n\n<p><a href=\"https:\/\/hand2noteguide.com\/de\/poker\/poker-hud\/\">HUD<\/a> ist eine der Hauptfunktionen jeder Poker-Tracker-Software und Hand2Note bildet da keine Ausnahme. Hand2Note bietet den Nutzern fortschrittliche positionale und dynamische HUDs, aber Sie k\u00f6nnen auch einfache statische HUDs verwenden. Erfahren Sie mehr \u00fcber die verschiedenen Arten von HUDs in <a aria-label=\"diesem Artikel (\u00f6ffnet in einem neuen Tab)\" href=\"http:\/\/www.hand2note.com\/Help\/pages\/HUDOverview\/\" target=\"_blank\" rel=\"noreferrer noopener\">diesem Artikel<\/a>.<\/p>\n\n\n\n<p>Zwei Standard-HUD-Profile sind in Hand2Note direkt nach der Installation verf\u00fcgbar. Sie k\u00f6nnen auch Ihr eigenes HUD erstellen, ein HUD von einem anderen Tracker importieren oder eines der kommerziellen Pakete im offiziellen Store kaufen. Lesen Sie <a href=\"https:\/\/hand2noteguide.com\/de\/hand2note-hud\/\">dieses Material<\/a>, um zu verstehen, welche HUD-Option am besten zu Ihnen passt.<\/p>\n\n\n\n<h3 class=\"wp-block-heading\">HUD FAQ<\/h3>\n\n\n\n\n<!-- Page-list plugin v.5.2 wordpress.org\/plugins\/page-list\/ -->\n<ul class=\"page-list \">\n<li class=\"page_item page-item-1556\"><a href=\"https:\/\/hand2noteguide.com\/de\/guide\/hud\/different-huds-in-different-rooms\/\">Verwendung verschiedener HUDs in unterschiedlichen R\u00e4umen<\/a><\/li>\n<li class=\"page_item page-item-379\"><a href=\"https:\/\/hand2noteguide.com\/de\/guide\/hud\/activate-session-hud\/\">So aktivieren Sie das Session HUD<\/a><\/li>\n<li class=\"page_item page-item-409\"><a href=\"https:\/\/hand2noteguide.com\/de\/guide\/hud\/hero-hud\/\">Wie erh\u00e4lt man ein HUD f\u00fcr Hero?<\/a><\/li>\n<li class=\"page_item page-item-472\"><a href=\"https:\/\/hand2noteguide.com\/de\/guide\/hud\/disable-hud\/\">Wie man das HUD deaktiviert<\/a><\/li>\n<li class=\"page_item page-item-452\"><a href=\"https:\/\/hand2noteguide.com\/de\/guide\/hud\/divide-stats-sh-fr\/\">Wie teilt man Statistiken nach der Anzahl der Spieler (SH\/FR)?<\/a><\/li>\n<li class=\"page_item page-item-1527\"><a href=\"https:\/\/hand2noteguide.com\/de\/guide\/hud\/switch-profile\/\">Wie man das HUD-Profil wechselt<\/a><\/li>\n\n<\/ul>\n\n\n\n<h3 class=\"wp-block-heading\">HUD erstellen<\/h3>\n\n\n\n<p>Hand2Note bietet sehr flexible Werkzeuge, um Ihr eigenes HUD zu erstellen. Sie k\u00f6nnen Ihre Stats, HUDs und Popups tiefgehend anpassen, um ein Profil zu erstellen, das Ihren Bed\u00fcrfnissen entspricht.<\/p>\n\n\n\n<p>Lesen Sie zuerst das Handbuch \u00fcber <a href=\"https:\/\/www.hand2note.com\/Help\/pages\/HUDCustomization\/\" target=\"_blank\" rel=\"noreferrer noopener\" aria-label=\"Arbeiten mit dem HUD-Editor (\u00f6ffnet in einem neuen Tab)\">Arbeiten mit dem HUD-Editor<\/a>. Unten finden Sie auch Antworten auf h\u00e4ufig gestellte Fragen.<\/p>\n\n\n\n\n<!-- Page-list plugin v.5.2 wordpress.org\/plugins\/page-list\/ -->\n<ul class=\"page-list \">\n<li class=\"page_item page-item-367\"><a href=\"https:\/\/hand2noteguide.com\/de\/guide\/hud\/add-aggression-wtsd\/\">Wie man Aggressions- und Showdown-Stats in das HUD einf\u00fcgt<\/a><\/li>\n<li class=\"page_item page-item-402\"><a href=\"https:\/\/hand2noteguide.com\/de\/guide\/hud\/add-hands-counter\/\">Wie f\u00fcgt man einen Handz\u00e4hler ein?<\/a><\/li>\n<li class=\"page_item page-item-396\"><a href=\"https:\/\/hand2noteguide.com\/de\/guide\/hud\/add-abbreviations\/\">Wie f\u00fcgt man Abk\u00fcrzungen zu Stats hinzu?<\/a><\/li>\n<li class=\"page_item page-item-375\"><a href=\"https:\/\/hand2noteguide.com\/de\/guide\/hud\/add-nickname-winrate-stacksize\/\">Wie man Nickname, Winrate und Stackgr\u00f6\u00dfe in das HUD einf\u00fcgt<\/a><\/li>\n\n<\/ul>\n\n\n\n<h2 class=\"wp-block-heading\"><a href=\"https:\/\/hand2noteguide.com\/de\/guide\/creating-stats\/\">Stats<\/a><\/h2>\n\n\n\n<figure class=\"wp-block-image\"><img loading=\"lazy\" decoding=\"async\" width=\"1024\" height=\"569\" src=\"https:\/\/hand2noteguide.com\/wp-content\/uploads\/2020\/03\/hand2note-stats-editor-1024x569.png\" alt=\"hand2note stats editor\" class=\"wp-image-1804\" srcset=\"https:\/\/hand2noteguide.com\/wp-content\/uploads\/2020\/03\/hand2note-stats-editor-1024x569.png 1024w, https:\/\/hand2noteguide.com\/wp-content\/uploads\/2020\/03\/hand2note-stats-editor-300x167.png 300w, https:\/\/hand2noteguide.com\/wp-content\/uploads\/2020\/03\/hand2note-stats-editor-768x427.png 768w, https:\/\/hand2noteguide.com\/wp-content\/uploads\/2020\/03\/hand2note-stats-editor-772x429.png 772w, https:\/\/hand2noteguide.com\/wp-content\/uploads\/2020\/03\/hand2note-stats-editor-624x347.png 624w, https:\/\/hand2noteguide.com\/wp-content\/uploads\/2020\/03\/hand2note-stats-editor.png 1121w\" sizes=\"auto, (max-width: 1024px) 100vw, 1024px\" \/><figcaption class=\"wp-element-caption\">Hand2Note Stats-Editor<\/figcaption><\/figure>\n\n\n\n<p>Hand2Note verf\u00fcgt \u00fcber eine leistungsstarke, intuitive Oberfl\u00e4che zur Erstellung benutzerdefinierter <a href=\"https:\/\/hand2noteguide.com\/de\/poker\/poker-hud-stats\/\">Poker-Stats<\/a>. Au\u00dferdem sind eine gro\u00dfe Anzahl vorgefertigter Stats direkt nach der Installation verf\u00fcgbar.<\/p>\n\n\n\n<p>Lesen Sie die <a href=\"https:\/\/hand2noteguide.com\/de\/guide\/creating-stats\/\">Einf\u00fchrung<\/a> in die Poker-Statistiken in Hand2Note. Schauen Sie sich dann die Handb\u00fccher zur Bedienung der verschiedenen Arten von Stats in der Software an:<\/p>\n\n\n\n\n<!-- Page-list plugin v.5.2 wordpress.org\/plugins\/page-list\/ -->\n<ul class=\"page-list \">\n<li class=\"page_item page-item-548\"><a href=\"https:\/\/hand2noteguide.com\/de\/guide\/creating-stats\/simple\/\">Einfache Stats<\/a><\/li>\n<li class=\"page_item page-item-555\"><a href=\"https:\/\/hand2noteguide.com\/de\/guide\/creating-stats\/expression\/\">Ausdrucksstatistiken<\/a><\/li>\n\n<\/ul>\n\n\n\n<h2 class=\"wp-block-heading\"><a href=\"https:\/\/hand2noteguide.com\/de\/guide\/database\/\">Datenbank<\/a><\/h2>\n\n\n\n<figure class=\"wp-block-image\"><img loading=\"lazy\" decoding=\"async\" width=\"985\" height=\"661\" src=\"https:\/\/hand2noteguide.com\/wp-content\/uploads\/2020\/03\/hand2note-database.png\" alt=\"hand2note database\" class=\"wp-image-1802\" srcset=\"https:\/\/hand2noteguide.com\/wp-content\/uploads\/2020\/03\/hand2note-database.png 985w, https:\/\/hand2noteguide.com\/wp-content\/uploads\/2020\/03\/hand2note-database-300x201.png 300w, https:\/\/hand2noteguide.com\/wp-content\/uploads\/2020\/03\/hand2note-database-768x515.png 768w, https:\/\/hand2noteguide.com\/wp-content\/uploads\/2020\/03\/hand2note-database-772x518.png 772w, https:\/\/hand2noteguide.com\/wp-content\/uploads\/2020\/03\/hand2note-database-624x419.png 624w\" sizes=\"auto, (max-width: 985px) 100vw, 985px\" \/><figcaption class=\"wp-element-caption\">Hand2Note Datenbankverwaltung<\/figcaption><\/figure>\n\n\n\n<p>Hand2Note verwendet standardm\u00e4\u00dfig seinen integrierten Datenbankserver. Sie m\u00fcssen also kein PostgreSQL auf Ihrem PC installiert haben, um den korrekten Betrieb von Hand2Note zu gew\u00e4hrleisten.<\/p>\n\n\n\n<p>Sie k\u00f6nnen Datenbanken \u00fcber die Hand2Note-Oberfl\u00e4che in <em>Configuration \u2192 Database<\/em> verwalten. Lesen Sie das <a href=\"https:\/\/hand2noteguide.com\/de\/guide\/database\/\">kurze Handbuch<\/a> \u00fcber Datenbanken in Hand2Note. Es gibt auch einige schnelle Links f\u00fcr die h\u00e4ufigsten Anfragen:<\/p>\n\n\n\n\n<!-- Page-list plugin v.5.2 wordpress.org\/plugins\/page-list\/ -->\n<ul class=\"page-list \">\n<li class=\"page_item page-item-196\"><a href=\"https:\/\/hand2noteguide.com\/de\/guide\/database\/where-is-database-stored\/\">Wo wird die Datenbank gespeichert?<\/a><\/li>\n<li class=\"page_item page-item-199\"><a href=\"https:\/\/hand2noteguide.com\/de\/guide\/database\/move-database-to-another-drive\/\">Wie man die Datenbank auf ein anderes Laufwerk verschiebt<\/a><\/li>\n<li class=\"page_item page-item-160\"><a href=\"https:\/\/hand2noteguide.com\/de\/guide\/database\/move-database-to-another-pc\/\">Wie man die Datenbank auf einen anderen PC verschiebt<\/a><\/li>\n<li class=\"page_item page-item-208\"><a href=\"https:\/\/hand2noteguide.com\/de\/guide\/database\/create-database\/\">Wie man eine neue Datenbank erstellt<\/a><\/li>\n<li class=\"page_item page-item-204\"><a href=\"https:\/\/hand2noteguide.com\/de\/guide\/database\/delete-hands\/\">Wie man H\u00e4nde aus der Datenbank l\u00f6scht<\/a><\/li>\n\n<\/ul>\n\n\n\n<h2 class=\"wp-block-heading\">Abonnement<\/h2>\n\n\n\n<p>Hand2Note ist in der BASE-Version mit einigen Einschr\u00e4nkungen der Funktionalit\u00e4t <a href=\"https:\/\/hand2noteguide.com\/de\/hand2note-for-free\/\">kostenlos<\/a> f\u00fcr alle Eins\u00e4tze. Wenn Sie alle erweiterten Funktionen der Software nutzen m\u00f6chten, k\u00f6nnen Sie eines der Add-ons kaufen: ASIA, EDGE oder PRO. Die Wahl des Abonnementplans h\u00e4ngt von den R\u00e4umen ab, in denen Sie spielen, und den Funktionen, die Sie ben\u00f6tigen. Sehen Sie sich die wichtigsten Informationen zur Lizenz an:<\/p>\n\n\n\n<ul class=\"wp-block-list\">\n<li><a href=\"https:\/\/hand2noteguide.com\/de\/guide\/choose-subscription\/\">Welcher Abonnementplan ist f\u00fcr mich geeignet?<\/a><\/li>\n\n\n\n<li><a href=\"https:\/\/hand2noteguide.com\/de\/why-purchase-hand2note\/\">Welche Vorteile habe ich durch das Abonnement?<\/a><\/li>\n\n\n\n<li><a href=\"https:\/\/hand2noteguide.com\/de\/promo\/\"><strong>Kann ich einen Rabatt bekommen? (Ja)<\/strong><\/a><\/li>\n\n\n\n<li><a href=\"https:\/\/hand2noteguide.com\/de\/guide\/upgrade-subscription\/\">Wie kann ich den Abonnementplan upgraden\/downgraden?<\/a><\/li>\n<\/ul>\n\n\n\n<h2 class=\"wp-block-heading\">Allgemein<\/h2>\n\n\n\n<p>Dies sind die wichtigsten allgemeinen Funktionen des Trackers, die jeder Spieler n\u00fctzlich finden wird. Lesen Sie die Handb\u00fccher sorgf\u00e4ltig:<\/p>\n\n\n\n\n<!-- Page-list plugin v.5.2 wordpress.org\/plugins\/page-list\/ -->\n<ul class=\"page-list \">\n<li class=\"page_item page-item-316\"><a href=\"https:\/\/hand2noteguide.com\/de\/guide\/alias\/\">Spieler-Alias<\/a><\/li>\n<li class=\"page_item page-item-420\"><a href=\"https:\/\/hand2noteguide.com\/de\/guide\/notes-on-players\/\">Notizen \u00fcber Spieler schreiben<\/a><\/li>\n<li class=\"page_item page-item-269\"><a href=\"https:\/\/hand2noteguide.com\/de\/guide\/how-to-mark-hands\/\">Wie man H\u00e4nde beim Spielen markiert<\/a><\/li>\n<li class=\"page_item page-item-413\"><a href=\"https:\/\/hand2noteguide.com\/de\/guide\/hero-stats\/\">Wie \u00fcberpr\u00fcft man die Hero-Stats?<\/a><\/li>\n<li class=\"page_item page-item-876\"><a href=\"https:\/\/hand2noteguide.com\/de\/guide\/rebuild-stats\/\">Statistiken neu aufbauen<\/a><\/li>\n\n<\/ul>\n\n\n\n<h2 class=\"wp-block-heading\">Exklusive Funktionen<\/h2>\n\n\n\n<p>Range Research und Decision Analysis sind die leistungsst\u00e4rksten Werkzeuge von Hand2Note. Sie erm\u00f6glichen es Ihnen, Ihre Gegner und Ihre eigenen Schw\u00e4chen gr\u00fcndlich zu erforschen. Diese Werkzeuge sind nur in der EDGE- oder PRO-Version verf\u00fcgbar, was ein Anreiz f\u00fcr den Kauf sein kann.<\/p>\n\n\n\n<ul class=\"page-list \">\n<li class=\"page_item page-item-3424\"><a href=\"https:\/\/hand2noteguide.com\/de\/guide\/range-research\/\"><strong>Range Research<\/strong><\/a><\/li>\n<li class=\"page_item page-item-586\"><a href=\"https:\/\/hand2noteguide.com\/de\/guide\/decision-analysis\/\">Erfahren Sie die Rentabilit\u00e4t verschiedener Handkategorien<\/a><\/li>\n\n<\/ul>\n\n\n\n<h2 class=\"wp-block-heading\">Export &amp; Umzug<\/h2>\n\n\n\n<p>Hand2Note ist sehr flexibel und Sie k\u00f6nnen problemlos alle Einstellungen, HUDs, Notizen und H\u00e4nde exportieren oder sie auf einen anderen Tracker von Hand2Note auf einem anderen Ger\u00e4t \u00fcbertragen. Schauen Sie sich die schnellen Handb\u00fccher an, wie Sie die ben\u00f6tigten Informationen aus der Software extrahieren k\u00f6nnen:<\/p>\n\n\n\n\n<!-- Page-list plugin v.5.2 wordpress.org\/plugins\/page-list\/ -->\n<ul class=\"page-list \">\n<li class=\"page_item page-item-254\"><a href=\"https:\/\/hand2noteguide.com\/de\/guide\/where-are-notes-stored\/\">Wo werden die Notizen gespeichert?<\/a><\/li>\n<li class=\"page_item page-item-151\"><a href=\"https:\/\/hand2noteguide.com\/de\/guide\/hands-archive\/\">Wo speichert Hand2Note die Handverl\u00e4ufe?<\/a><\/li>\n<li class=\"page_item page-item-263\"><a href=\"https:\/\/hand2noteguide.com\/de\/guide\/moving-marked-hands\/\">Verschieben markierter H\u00e4nde<\/a><\/li>\n<li class=\"page_item page-item-256\"><a href=\"https:\/\/hand2noteguide.com\/de\/guide\/moving-hud-and-settings\/\">Verschieben von HUD und Einstellungen<\/a><\/li>\n<li class=\"page_item page-item-166\"><a href=\"https:\/\/hand2noteguide.com\/de\/guide\/export-hands\/\">H\u00e4nde aus Hand2Note exportieren<\/a><\/li>\n\n<\/ul>\n\n\n\n<h2 class=\"wp-block-heading\">Verschiedenes<\/h2>\n\n\n\n<p>Zus\u00e4tzliche technische Informationen, die n\u00fctzlich sein k\u00f6nnen:<\/p>\n\n\n\n\n<!-- Page-list plugin v.5.2 wordpress.org\/plugins\/page-list\/ -->\n<ul class=\"page-list \">\n<li class=\"page_item page-item-572\"><a href=\"https:\/\/hand2noteguide.com\/de\/guide\/system-requirements\/\">Systemanforderungen<\/a><\/li>\n<li class=\"page_item page-item-113\"><a href=\"https:\/\/hand2noteguide.com\/de\/guide\/hand2note-version\/\">Verwendete Version. Hand2Note-Update.<\/a><\/li>\n\n<\/ul>\n\n\n\n<p>Das war es mit dem Hand2Note-Leitfaden, aber wir haben noch einige andere verwandte Handb\u00fccher, die Sie hilfreich finden k\u00f6nnten.<\/p>\n\n\n\n<h2 class=\"wp-block-heading\">Andere Software-Handb\u00fccher<\/h2>\n\n\n\n<p>Sehen Sie sich unsere Bewertungen zu den anderen <a href=\"https:\/\/hand2noteguide.com\/de\/poker\/5-best-online-poker-software\/\">beliebten Poker-Tools<\/a> an, die fast jeder Spieler n\u00fctzlich finden wird.<\/p>\n\n\n\n<ul class=\"page-list\">\n<li><a href=\"https:\/\/hand2noteguide.com\/de\/poker\/the-best-poker-preflop-charts-software\/\">FreeBetRange<\/a><\/li>\n<li><a href=\"https:\/\/hand2noteguide.com\/de\/poker\/poker-gto\/gto-wizard-review\/\">GTO Wizard<\/a><\/li>\n<li><a href=\"https:\/\/hand2noteguide.com\/de\/starscaption\/\">StarsCaption<\/a><\/li>\n<\/ul>\n\n\n\n<h2 class=\"wp-block-heading\"><a href=\"http:\/\/hand2noteguide.com\/poker\/\">Allgemeines Poker-Handbuch<\/a><\/h2>\n\n\n\n<p>Neben den Software-Handb\u00fcchern haben wir auch einen <a href=\"http:\/\/hand2noteguide.com\/poker\/\">allgemeinen Poker-Leitfaden<\/a>. Er hilft Ihnen, die grundlegenden Konzepte des Pokers sowie die fortgeschrittenen Elemente der Gewinnstrategie zu verstehen. Es gibt 9 Schritte, um die Poker-Theorie zu studieren und ein erfolgreicher Spieler zu werden. \u00dcberpr\u00fcfen Sie, bei welchem Schritt Sie sich gerade befinden?<\/p>\n","protected":false},"excerpt":{"rendered":"<p>A detailed description of all the functions of Hand2Note, answers to frequently asked questions<\/p>\n","protected":false},"author":1,"featured_media":0,"parent":0,"menu_order":5,"comment_status":"closed","ping_status":"closed","template":"page-templates\/full-width-page.php","meta":{"footnotes":""},"class_list":["post-74","page","type-page","status-publish","hentry"],"translation":{"provider":"WPGlobus","version":"3.0.2","language":"de","enabled_languages":["en","ru","pt","zh","es","fr","de","it","ja"],"languages":{"en":{"title":true,"content":true,"excerpt":true},"ru":{"title":true,"content":true,"excerpt":true},"pt":{"title":true,"content":true,"excerpt":false},"zh":{"title":true,"content":true,"excerpt":true},"es":{"title":true,"content":true,"excerpt":false},"fr":{"title":true,"content":true,"excerpt":false},"de":{"title":true,"content":true,"excerpt":false},"it":{"title":true,"content":true,"excerpt":false},"ja":{"title":true,"content":true,"excerpt":false}}},"yoast_head":"<!-- This site is optimized with the Yoast SEO plugin v27.0 - https:\/\/yoast.com\/product\/yoast-seo-wordpress\/ -->\n<title>Hand2Note 3 Benutzerhandbuch<\/title>\n<meta name=\"description\" content=\"In diesem Artikel werden wir alle Funktionen von Hand2Note durchgehen. Das Handbuch enth\u00e4lt Informationen \u00fcber alle Funktionen der Software.\" \/>\n<meta name=\"robots\" content=\"index, follow, max-snippet:-1, max-image-preview:large, max-video-preview:-1\" \/>\n<link rel=\"canonical\" href=\"https:\/\/hand2noteguide.com\/guide\/\" \/>\n<meta property=\"og:locale\" content=\"de_DE\" \/>\n<meta property=\"og:type\" content=\"article\" \/>\n<meta property=\"og:title\" content=\"Hand2Note 3 Benutzerhandbuch\" \/>\n<meta property=\"og:description\" content=\"In diesem Artikel werden wir alle Funktionen von Hand2Note durchgehen. Das Handbuch enth\u00e4lt Informationen \u00fcber alle Funktionen der Software.\" \/>\n<meta property=\"og:url\" content=\"https:\/\/hand2noteguide.com\/guide\/\" \/>\n<meta property=\"og:site_name\" content=\"Hand2Note Guide\" \/>\n<meta property=\"article:modified_time\" content=\"2025-06-04T16:21:44+00:00\" \/>\n<meta property=\"og:image\" content=\"https:\/\/hand2noteguide.com\/wp-content\/uploads\/2020\/03\/hand2note-default-hud.png\" \/>\n<meta name=\"twitter:card\" content=\"summary_large_image\" \/>\n<meta name=\"twitter:label1\" content=\"Est. reading time\" \/>\n\t<meta name=\"twitter:data1\" content=\"22 minutes\" \/>\n<!-- \/ Yoast SEO plugin. -->","yoast_head_json":{"title":"Hand2Note 3 Benutzerhandbuch","description":"In diesem Artikel werden wir alle Funktionen von Hand2Note durchgehen. Das Handbuch enth\u00e4lt Informationen \u00fcber alle Funktionen der Software.","robots":{"index":"index","follow":"follow","max-snippet":"max-snippet:-1","max-image-preview":"max-image-preview:large","max-video-preview":"max-video-preview:-1"},"canonical":"https:\/\/hand2noteguide.com\/guide\/","og_locale":"de_DE","og_type":"article","og_title":"Hand2Note 3 Benutzerhandbuch","og_description":"In diesem Artikel werden wir alle Funktionen von Hand2Note durchgehen. Das Handbuch enth\u00e4lt Informationen \u00fcber alle Funktionen der Software.","og_url":"https:\/\/hand2noteguide.com\/guide\/","og_site_name":"Hand2Note Guide","article_modified_time":"2025-06-04T16:21:44+00:00","og_image":[{"url":"https:\/\/hand2noteguide.com\/wp-content\/uploads\/2020\/03\/hand2note-default-hud.png","type":"","width":"","height":""}],"twitter_card":"summary_large_image","twitter_misc":{"Est. reading time":"22 minutes"},"schema":{"@context":"https:\/\/schema.org","@graph":[]}},"jetpack_sharing_enabled":false,"_links":{"self":[{"href":"https:\/\/hand2noteguide.com\/de\/wp-json\/wp\/v2\/pages\/74","targetHints":{"allow":["GET"]}}],"collection":[{"href":"https:\/\/hand2noteguide.com\/de\/wp-json\/wp\/v2\/pages"}],"about":[{"href":"https:\/\/hand2noteguide.com\/de\/wp-json\/wp\/v2\/types\/page"}],"author":[{"embeddable":true,"href":"https:\/\/hand2noteguide.com\/de\/wp-json\/wp\/v2\/users\/1"}],"replies":[{"embeddable":true,"href":"https:\/\/hand2noteguide.com\/de\/wp-json\/wp\/v2\/comments?post=74"}],"version-history":[{"count":160,"href":"https:\/\/hand2noteguide.com\/de\/wp-json\/wp\/v2\/pages\/74\/revisions"}],"predecessor-version":[{"id":13561,"href":"https:\/\/hand2noteguide.com\/de\/wp-json\/wp\/v2\/pages\/74\/revisions\/13561"}],"wp:attachment":[{"href":"https:\/\/hand2noteguide.com\/de\/wp-json\/wp\/v2\/media?parent=74"}],"curies":[{"name":"wp","href":"https:\/\/api.w.org\/{rel}","templated":true}]}}