{"id":7498,"date":"2024-07-31T10:57:12","date_gmt":"2024-07-31T07:57:12","guid":{"rendered":"https:\/\/hand2noteguide.com\/?page_id=7498"},"modified":"2026-03-11T18:38:41","modified_gmt":"2026-03-11T15:38:41","slug":"gto-wizard-price","status":"publish","type":"page","link":"https:\/\/hand2noteguide.com\/de\/poker\/poker-gto\/gto-wizard-review\/gto-wizard-price\/","title":{"rendered":"GTO Wizard Preis \ud83d\udcb0: Wie viel kostet die beste GTO-App?"},"content":{"rendered":"\n<p>GTO Wizard ist die beste <a href=\"https:\/\/hand2noteguide.com\/de\/poker\/poker-gto\/\">GTO<\/a>-Trainings-App und insgesamt eine der besten Poker-Softwares. Sie wird von Pokerspielern aller Spielst\u00e4rken genutzt, um ihr GTO-Wissen zu verbessern. Mehr \u00fcber die Funktionen von GTO Wizard erf\u00e4hrst du in unserer <a href=\"https:\/\/hand2noteguide.com\/de\/poker\/poker-gto\/gto-wizard-review\/\">\u00dcbersicht<\/a>.<\/p>\n\n\n\n<p>Viele Spieler haben Fragen zur Preisstruktur von GTO Wizard. In diesem kurzen Artikel schauen wir uns alle kostenpflichtigen Pl\u00e4ne an, die GTO Wizard seinen Nutzern anbietet.<\/p>\n\n\n\n<figure class=\"wp-block-image size-large\"><img loading=\"lazy\" decoding=\"async\" width=\"1024\" height=\"707\" src=\"https:\/\/hand2noteguide.com\/wp-content\/uploads\/2024\/07\/gto-wizard-price-min-1024x707.png\" alt=\"GTO Wizard Preis\" class=\"wp-image-7503\" srcset=\"https:\/\/hand2noteguide.com\/wp-content\/uploads\/2024\/07\/gto-wizard-price-min-1024x707.png 1024w, https:\/\/hand2noteguide.com\/wp-content\/uploads\/2024\/07\/gto-wizard-price-min-300x207.png 300w, https:\/\/hand2noteguide.com\/wp-content\/uploads\/2024\/07\/gto-wizard-price-min-768x530.png 768w, https:\/\/hand2noteguide.com\/wp-content\/uploads\/2024\/07\/gto-wizard-price-min-1536x1061.png 1536w, https:\/\/hand2noteguide.com\/wp-content\/uploads\/2024\/07\/gto-wizard-price-min-2048x1414.png 2048w, https:\/\/hand2noteguide.com\/wp-content\/uploads\/2024\/07\/gto-wizard-price-min-772x533.png 772w, https:\/\/hand2noteguide.com\/wp-content\/uploads\/2024\/07\/gto-wizard-price-min-624x431.png 624w\" sizes=\"auto, (max-width: 1024px) 100vw, 1024px\" \/><figcaption class=\"wp-element-caption\">GTO Wizard Preise<\/figcaption><\/figure>\n\n\n\n<p><strong>Der Preis von GTO Wizard beginnt bei 35 $ pro Monat.<\/strong> Alle kostenpflichtigen Stufen sind nach Spieltypen sowie nach Funktionsumfang aufgeteilt.<\/p>\n\n\n\n<p>Es gibt 5 Spieltyp-Gruppen:<\/p>\n\n\n\n<ul class=\"wp-block-list\">\n<li>Cash Game<\/li>\n\n\n\n<li>MTT<\/li>\n\n\n\n<li>Spin and Go<\/li>\n\n\n\n<li>HU SNG<\/li>\n\n\n\n<li>Straddle + Ante<\/li>\n<\/ul>\n\n\n\n<p>Und es gibt 3 Abo-Typen:<\/p>\n\n\n\n<ul class=\"wp-block-list\">\n<li>Starter<\/li>\n\n\n\n<li>Premium<\/li>\n\n\n\n<li>Elite<\/li>\n<\/ul>\n\n\n\n<p>Je nachdem, welche Spieltypen du spielst und wie umfangreich die Funktionen sind, die du ben\u00f6tigst, variiert der Preis. In der Tabelle unten siehst du die Preise f\u00fcr alle Szenarien.<\/p>\n\n\n\n<p><strong>\u2705 Alle Preise in der Tabelle sind bereits mit unserem <a href=\"https:\/\/hand2noteguide.com\/de\/poker\/poker-gto\/gto-wizard-review\/gto-wizard-discount\/\">Rabatt<\/a> berechnet.<\/strong><\/p>\n\n\n\n<figure class=\"wp-block-table\"><table><tbody><tr><td><\/td><td><strong>Cash Game<\/strong><\/td><td><strong>MTT<\/strong><\/td><td><strong>Spin &amp; Go<\/strong><\/td><td><strong>HU SNG<\/strong><\/td><td><strong>Straddle + Ante<\/strong><\/td><\/tr><tr><td><strong>Starter<\/strong><\/td><td>Ab <strong>35 $ pro Monat<\/strong><\/td><td>Ab <strong>35 $ pro Monat<\/strong><\/td><td>Ab <strong>35 $ pro Monat<\/strong><\/td><td>Ab <strong>26 $ pro Monat<\/strong><\/td><td>&#8211;<\/td><\/tr><tr><td><strong>Premium<\/strong><\/td><td>Ab <strong><s>69 $<\/s> 62 $ pro Monat<\/strong><\/td><td>Ab <strong><s>69 $<\/s> 62 $ pro Monat<\/strong><\/td><td>Ab <strong><s>69 $<\/s> 62 $ pro Monat<\/strong><\/td><td>Ab <strong><s>49 $<\/s> 44 $ pro Monat<\/strong><\/td><td>Ab <strong><s>69 $<\/s> 62 $ pro Monat<\/strong><\/td><\/tr><tr><td><strong>Elite<\/strong><\/td><td>Ab <strong><s>129 $<\/s> 116 $ pro Monat<\/strong><\/td><td>Ab <strong><s>129 $<\/s> 116 $ pro Monat<\/strong><\/td><td>Ab <strong><s>129 $<\/s> 116 $ pro Monat<\/strong><\/td><td>Ab <strong><s>129 $<\/s> 116 $ pro Monat<\/strong><\/td><td>Ab <strong><s>129 $<\/s> 116 $ pro Monat<\/strong><\/td><\/tr><tr><td><strong>Ultra<\/strong><\/td><td>Ab <strong><s>229 $<\/s> 206 $ pro Monat<\/strong><\/td><td>Ab <strong><s>229 $<\/s> 206 $ pro Monat<\/strong><\/td><td>Ab <strong><s>229 $<\/s> 206 $ pro Monat<\/strong><\/td><td>&#8211;<\/td><td>Ab <strong><s>229 $<\/s> 206 $ pro Monat<\/strong><\/td><\/tr><\/tbody><\/table><figcaption class=\"wp-element-caption\">\u00dcbersicht der GTO Wizard Preise<\/figcaption><\/figure>\n\n\n\n<p>Eine detaillierte Beschreibung jedes Plans findest du direkt in der GTO Wizard App. Keine Sorge \u2013 auf der Checkout-Seite kannst du genau sehen, welche Funktionen du bekommst und was du wirklich brauchst.<\/p>\n\n\n<div class=\"wp-block-h2n-cta-button\" style=\"text-align: left;\"><a href=\"https:\/\/hand2noteguide.com\/de\/go\/gtowizard\/\" class=\"btn btn-primary btn-color-amber\" target=\"_blank\" rel=\"noopener noreferrer nofollow sponsored\">Zur GTO Wizard Website \u2192<\/a><\/div>\n\n\n<p>Mit einem Jahresabo bekommst du einen besseren Preis. In Kombination mit unserem <a href=\"https:\/\/hand2noteguide.com\/de\/poker\/poker-gto\/gto-wizard-review\/gto-wizard-discount\/\">Angebot<\/a> erh\u00e4ltst du den bestm\u00f6glichen Deal beim Kauf von GTO Wizard.<\/p>\n\n\n\n<figure class=\"wp-block-image size-large\"><img loading=\"lazy\" decoding=\"async\" width=\"1024\" height=\"649\" src=\"https:\/\/hand2noteguide.com\/wp-content\/uploads\/2024\/07\/gto-wizard-discount-min-1024x649.png\" alt=\"\" class=\"wp-image-7529\" srcset=\"https:\/\/hand2noteguide.com\/wp-content\/uploads\/2024\/07\/gto-wizard-discount-min-1024x649.png 1024w, https:\/\/hand2noteguide.com\/wp-content\/uploads\/2024\/07\/gto-wizard-discount-min-300x190.png 300w, https:\/\/hand2noteguide.com\/wp-content\/uploads\/2024\/07\/gto-wizard-discount-min-768x487.png 768w, https:\/\/hand2noteguide.com\/wp-content\/uploads\/2024\/07\/gto-wizard-discount-min-1536x973.png 1536w, https:\/\/hand2noteguide.com\/wp-content\/uploads\/2024\/07\/gto-wizard-discount-min-2048x1298.png 2048w, https:\/\/hand2noteguide.com\/wp-content\/uploads\/2024\/07\/gto-wizard-discount-min-772x489.png 772w, https:\/\/hand2noteguide.com\/wp-content\/uploads\/2024\/07\/gto-wizard-discount-min-624x395.png 624w\" sizes=\"auto, (max-width: 1024px) 100vw, 1024px\" \/><figcaption class=\"wp-element-caption\">W\u00e4hle ein Jahresabo, um den maximalen Rabatt zu erhalten<\/figcaption><\/figure>\n\n\n\n<h2 class=\"wp-block-heading\">Update 2026: Die neue \u201eUltra\u201c-Stufe<\/h2>\n\n\n\n<p>Anfang 2026 f\u00fchrte GTO Wizard die <strong>Ultra<\/strong>-Stufe ein. Sie richtet sich an High-Stakes-Profis und Power-User, die mehr als nur eine vorab gel\u00f6ste Bibliothek ben\u00f6tigen. Diese Stufe integriert offiziell den leistungsstarken <strong>Multiway AI Solver<\/strong> direkt in die Oberfl\u00e4che.<\/p>\n\n\n\n<p><strong>Wichtige Ultra-Features:<\/strong><\/p>\n\n\n\n<ul class=\"wp-block-list\">\n<li><strong>Unbegrenztes Multiway-Preflop-Solving:<\/strong> L\u00f6se jede Situation mit bis zu 9 Spielern von Grund auf. Du kannst Stackgr\u00f6\u00dfen, Antes und Bet-Sizes f\u00fcr jeden Spieler individuell anpassen.<\/li>\n\n\n\n<li><strong>Multiway-Postflop-Solving:<\/strong> Zugriff auf L\u00f6sungen f\u00fcr 3-Way-Postflop-Pots mit vollst\u00e4ndiger KI-Anpassbarkeit.<\/li>\n\n\n\n<li><strong>1500 Power Credits pro Monat:<\/strong> Werden verwendet, um erweiterte Aggregated Reports und individuelle Flop-Subsets zu generieren.<\/li>\n<\/ul>\n\n\n\n<p>Der Preis f\u00fcr den Ultra-Plan beginnt bei <strong>206 $\/Monat<\/strong> (inklusive Ersparnis durch das Jahresabo und unserem exklusiven 10%-Rabatt).<\/p>\n\n\n\n<h2 class=\"wp-block-heading\">H\u00e4ufige Fragen zu GTO Wizard<\/h2>\n\n\n\n<h3 class=\"wp-block-heading\">Muss man f\u00fcr GTO Wizard bezahlen?<\/h3>\n\n\n\n<p>GTO Wizard hat eine kostenlose Version, diese ist jedoch stark in ihrer Funktionalit\u00e4t eingeschr\u00e4nkt. Um alle leistungsstarken Features der App zu nutzen, musst du eines der kostenpflichtigen Abonnements abschlie\u00dfen.<\/p>\n\n\n\n<h3 class=\"wp-block-heading\">Ist GTO Wizard gut?<\/h3>\n\n\n\n<p>Ja, GTO Wizard ist eine vertrauensw\u00fcrdige und zuverl\u00e4ssige Poker-App, die von professionellen Spielern und Coaches getestet und empfohlen wird. Sie ist ein unverzichtbares Tool f\u00fcr jeden Pokerspieler, der GTO lernen und trainieren m\u00f6chte.<\/p>\n\n\n\n<h3 class=\"wp-block-heading\">Kann man GTO Wizard herunterladen?<\/h3>\n\n\n\n<p>Nein, es ist eine browserbasierte App. Du kannst sie nur im Browser nutzen und musst nichts auf deinen PC herunterladen. Du kannst dich jederzeit von jedem Ger\u00e4t aus einloggen \u2013 alle Daten werden auf den Servern von GTO Wizard gespeichert.<\/p>\n","protected":false},"excerpt":{"rendered":"<p>GTO Wizard ist die beste GTO-Trainings-App und insgesamt eine der besten Poker-Softwares. Sie wird von Pokerspielern aller Spielst\u00e4rken genutzt, um ihr GTO-Wissen zu verbessern. Mehr \u00fcber die Funktionen von GTO Wizard erf\u00e4hrst du in unserer \u00dcbersicht. Viele Spieler haben Fragen zur Preisstruktur von GTO Wizard. In diesem kurzen Artikel schauen wir uns alle kostenpflichtigen Pl\u00e4ne &hellip; <a href=\"https:\/\/hand2noteguide.com\/de\/poker\/poker-gto\/gto-wizard-review\/gto-wizard-price\/\" class=\"more-link\">Continue reading <span class=\"screen-reader-text\">GTO Wizard Preis \ud83d\udcb0: Wie viel kostet die beste GTO-App?<\/span><\/a><\/p>\n","protected":false},"author":1,"featured_media":0,"parent":6182,"menu_order":0,"comment_status":"closed","ping_status":"closed","template":"","meta":{"footnotes":""},"class_list":["post-7498","page","type-page","status-publish","hentry"],"translation":{"provider":"WPGlobus","version":"3.0.2","language":"de","enabled_languages":["en","ru","pt","zh","es","fr","de","it","ja"],"languages":{"en":{"title":true,"content":true,"excerpt":false},"ru":{"title":true,"content":true,"excerpt":false},"pt":{"title":true,"content":true,"excerpt":false},"zh":{"title":true,"content":true,"excerpt":false},"es":{"title":true,"content":true,"excerpt":false},"fr":{"title":true,"content":true,"excerpt":false},"de":{"title":true,"content":true,"excerpt":false},"it":{"title":true,"content":true,"excerpt":false},"ja":{"title":true,"content":true,"excerpt":false}}},"yoast_head":"<!-- This site is optimized with the Yoast SEO plugin v27.0 - https:\/\/yoast.com\/product\/yoast-seo-wordpress\/ -->\n<title>GTO Wizard Preis \ud83d\udcb0: Wie viel kostet die beste GTO-App?<\/title>\n<meta name=\"description\" content=\"Erfahre, was GTO Wizard kostet \u2013 eine der besten GTO-Trainings-Apps f\u00fcr Pokerspieler. Entdecke die Preispl\u00e4ne und sichere dir mit unserem Rabattangebot den besten Deal.\" \/>\n<meta name=\"robots\" content=\"index, follow, max-snippet:-1, max-image-preview:large, max-video-preview:-1\" \/>\n<link rel=\"canonical\" href=\"https:\/\/hand2noteguide.com\/poker\/poker-gto\/gto-wizard-review\/gto-wizard-price\/\" \/>\n<meta property=\"og:locale\" content=\"de_DE\" \/>\n<meta property=\"og:type\" content=\"article\" \/>\n<meta property=\"og:title\" content=\"GTO Wizard Preis \ud83d\udcb0: Wie viel kostet die beste GTO-App?\" \/>\n<meta property=\"og:description\" content=\"Erfahre, was GTO Wizard kostet \u2013 eine der besten GTO-Trainings-Apps f\u00fcr Pokerspieler. Entdecke die Preispl\u00e4ne und sichere dir mit unserem Rabattangebot den besten Deal.\" \/>\n<meta property=\"og:url\" content=\"https:\/\/hand2noteguide.com\/poker\/poker-gto\/gto-wizard-review\/gto-wizard-price\/\" \/>\n<meta property=\"og:site_name\" content=\"Hand2Note Guide\" \/>\n<meta property=\"article:modified_time\" content=\"2026-03-11T15:38:41+00:00\" \/>\n<meta property=\"og:image\" content=\"https:\/\/hand2noteguide.com\/wp-content\/uploads\/2024\/07\/gto-wizard-price-min.png\" \/>\n\t<meta property=\"og:image:width\" content=\"2246\" \/>\n\t<meta property=\"og:image:height\" content=\"1551\" \/>\n\t<meta property=\"og:image:type\" content=\"image\/png\" \/>\n<meta name=\"twitter:card\" content=\"summary_large_image\" \/>\n<meta name=\"twitter:label1\" content=\"Est. reading time\" \/>\n\t<meta name=\"twitter:data1\" content=\"4 minutes\" \/>\n<!-- \/ Yoast SEO plugin. -->","yoast_head_json":{"title":"GTO Wizard Preis \ud83d\udcb0: Wie viel kostet die beste GTO-App?","description":"Erfahre, was GTO Wizard kostet \u2013 eine der besten GTO-Trainings-Apps f\u00fcr Pokerspieler. Entdecke die Preispl\u00e4ne und sichere dir mit unserem Rabattangebot den besten Deal.","robots":{"index":"index","follow":"follow","max-snippet":"max-snippet:-1","max-image-preview":"max-image-preview:large","max-video-preview":"max-video-preview:-1"},"canonical":"https:\/\/hand2noteguide.com\/poker\/poker-gto\/gto-wizard-review\/gto-wizard-price\/","og_locale":"de_DE","og_type":"article","og_title":"GTO Wizard Preis \ud83d\udcb0: Wie viel kostet die beste GTO-App?","og_description":"Erfahre, was GTO Wizard kostet \u2013 eine der besten GTO-Trainings-Apps f\u00fcr Pokerspieler. Entdecke die Preispl\u00e4ne und sichere dir mit unserem Rabattangebot den besten Deal.","og_url":"https:\/\/hand2noteguide.com\/poker\/poker-gto\/gto-wizard-review\/gto-wizard-price\/","og_site_name":"Hand2Note Guide","article_modified_time":"2026-03-11T15:38:41+00:00","og_image":[{"width":2246,"height":1551,"url":"https:\/\/hand2noteguide.com\/wp-content\/uploads\/2024\/07\/gto-wizard-price-min.png","type":"image\/png"}],"twitter_card":"summary_large_image","twitter_misc":{"Est. reading time":"4 minutes"},"schema":{"@context":"https:\/\/schema.org","@graph":[]}},"jetpack_sharing_enabled":true,"_links":{"self":[{"href":"https:\/\/hand2noteguide.com\/de\/wp-json\/wp\/v2\/pages\/7498","targetHints":{"allow":["GET"]}}],"collection":[{"href":"https:\/\/hand2noteguide.com\/de\/wp-json\/wp\/v2\/pages"}],"about":[{"href":"https:\/\/hand2noteguide.com\/de\/wp-json\/wp\/v2\/types\/page"}],"author":[{"embeddable":true,"href":"https:\/\/hand2noteguide.com\/de\/wp-json\/wp\/v2\/users\/1"}],"replies":[{"embeddable":true,"href":"https:\/\/hand2noteguide.com\/de\/wp-json\/wp\/v2\/comments?post=7498"}],"version-history":[{"count":67,"href":"https:\/\/hand2noteguide.com\/de\/wp-json\/wp\/v2\/pages\/7498\/revisions"}],"predecessor-version":[{"id":15848,"href":"https:\/\/hand2noteguide.com\/de\/wp-json\/wp\/v2\/pages\/7498\/revisions\/15848"}],"up":[{"embeddable":true,"href":"https:\/\/hand2noteguide.com\/de\/wp-json\/wp\/v2\/pages\/6182"}],"wp:attachment":[{"href":"https:\/\/hand2noteguide.com\/de\/wp-json\/wp\/v2\/media?parent=7498"}],"curies":[{"name":"wp","href":"https:\/\/api.w.org\/{rel}","templated":true}]}}