{"id":76,"date":"2018-07-30T00:45:18","date_gmt":"2018-07-29T21:45:18","guid":{"rendered":"https:\/\/h2n312.wordpress.com\/?page_id=76"},"modified":"2026-03-26T20:22:03","modified_gmt":"2026-03-26T17:22:03","slug":"promo","status":"publish","type":"page","link":"https:\/\/hand2noteguide.com\/de\/promo\/","title":{"rendered":"GUIDE10 Promo-Code: 10% Rabatt und Bonus-HUDs"},"content":{"rendered":"\n<p><span style=\"font-size: inherit\">Verwenden Sie den<\/span><strong style=\"font-size: inherit\"> GUIDE10<\/strong> <span style=\"font-size: inherit\">Promo-Code beim Kauf eines <\/span><a href=\"https:\/\/hand2note.com\/\" target=\"_blank\" rel=\"noreferrer noopener\">Hand2Note<\/a>-Abonnements<span style=\"font-size: inherit\">, um sofort 10% Rabatt zu erhalten. <\/span>Sie m\u00fcssen den Gutschein nur in ein spezielles Feld auf der Kaufseite eingeben. Der Preis wird sofort neu berechnet.<\/p>\n\n\n\n<p>Unser Code funktioniert sowohl f\u00fcr Hand2Note 3 als auch f\u00fcr Hand2Note 4 Versionen!<\/p>\n\n\n\n<figure class=\"wp-block-image size-large\"><img loading=\"lazy\" decoding=\"async\" width=\"1024\" height=\"802\" src=\"https:\/\/hand2noteguide.com\/wp-content\/uploads\/2026\/03\/hand2note-promo-code-1024x802.webp\" alt=\"Hand2Note Promo Code\" class=\"wp-image-15993\" srcset=\"https:\/\/hand2noteguide.com\/wp-content\/uploads\/2026\/03\/hand2note-promo-code-1024x802.webp 1024w, https:\/\/hand2noteguide.com\/wp-content\/uploads\/2026\/03\/hand2note-promo-code-300x235.webp 300w, https:\/\/hand2noteguide.com\/wp-content\/uploads\/2026\/03\/hand2note-promo-code-768x601.webp 768w, https:\/\/hand2noteguide.com\/wp-content\/uploads\/2026\/03\/hand2note-promo-code-1536x1203.webp 1536w, https:\/\/hand2noteguide.com\/wp-content\/uploads\/2026\/03\/hand2note-promo-code-2048x1604.webp 2048w, https:\/\/hand2noteguide.com\/wp-content\/uploads\/2026\/03\/hand2note-promo-code-772x605.webp 772w\" sizes=\"auto, (max-width: 1024px) 100vw, 1024px\" \/><figcaption class=\"wp-element-caption\">Geben Sie den Promo-Code ein, um einen Rabatt f\u00fcr Hand2Note zu erhalten<\/figcaption><\/figure>\n\n\n\n\n<h2 class=\"wp-block-heading\"><strong>Wie man den GUIDE10 Promo-Code verwendet<\/strong><\/h2>\n\n\n\n<ol class=\"wp-block-list\" start=\"1\">\n<li>\u00d6ffnen Sie die offizielle Hand2Note-Kaufseite<\/li>\n\n\n\n<li>W\u00e4hlen Sie Ihren Plan (Learner oder Pro)<\/li>\n\n\n\n<li>Geben Sie GUIDE10 im Promo-Code-Feld beim Checkout ein<\/li>\n\n\n\n<li>Der 10% Rabatt wird sofort angewendet<\/li>\n\n\n\n<li>Schlie\u00dfen Sie die Zahlung ab und beginnen Sie mit der Nutzung von Hand2Note<\/li>\n<\/ol>\n\n\n<div class=\"wp-block-h2n-alert h2n-alert h2n-alert--info\"><div class=\"h2n-alert__icon\" aria-hidden=\"true\"><svg width=\"22\" height=\"22\" viewBox=\"0 0 24 24\" fill=\"none\" stroke=\"currentColor\" stroke-width=\"2\" stroke-linecap=\"round\" stroke-linejoin=\"round\"><circle cx=\"12\" cy=\"12\" r=\"10\"\/><line x1=\"12\" y1=\"16\" x2=\"12\" y2=\"12\"\/><circle cx=\"12\" cy=\"8\" r=\"1\" fill=\"currentColor\" stroke=\"none\"\/><\/svg><\/div><div class=\"h2n-alert__content\">Der Promo-Code kann mit dem offiziellen Jahresrabatt (25%) kombiniert werden, was die j\u00e4hrliche Lizenz zur besten Preisoption macht.<\/div><\/div>\n\n\n<h2 class=\"wp-block-heading\">Zus\u00e4tzliche HUDs und Videokurs inklusive!<\/h2>\n\n\n\n<p>Sie erhalten mehr als nur einen Rabatt. Unser Bonuspaket beinhaltet:<\/p>\n\n\n\n<h3 class=\"wp-block-heading\"><strong>Professionelle HUDs<\/strong><\/h3>\n\n\n\n<p>Wir geben Ihnen <a href=\"https:\/\/hand2noteguide.com\/de\/hud-store\/simple-cash\/\">Simple Cash<\/a>, <a href=\"https:\/\/hand2noteguide.com\/de\/cosmos-free-mtt-hud\/\">Cosmos MTT<\/a>, <a href=\"https:\/\/www.hudstore.poker\/products\/cosmos-spins\" target=\"_blank\" rel=\"noreferrer noopener\">Cosmos Spins<\/a> und <a href=\"https:\/\/hand2noteguide.com\/de\/hud-store\/simple-cash-pack-for-free\/\">4 weitere HUD- &amp; Popup-Sets<\/a> kostenlos f\u00fcr 1 Jahr! Unser Set von HUDs deckt alle Spieltypen ab (Cash, MTT, Spin&amp;Go) und ist sowohl f\u00fcr den Einsatz im Spiel als auch f\u00fcr die Analyse abseits des Tisches gut geeignet.<\/p>\n\n\n\n<figure class=\"wp-block-gallery has-nested-images columns-3 is-cropped wp-block-gallery-1 is-layout-flex wp-block-gallery-is-layout-flex\">\n<figure class=\"wp-block-image size-large\"><img loading=\"lazy\" decoding=\"async\" width=\"1024\" height=\"737\" data-id=\"8874\" src=\"https:\/\/hand2noteguide.com\/wp-content\/uploads\/2025\/02\/1-simple-cash-1024x737.webp\" alt=\"simple cash hand2note hud\" class=\"wp-image-8874\" srcset=\"https:\/\/hand2noteguide.com\/wp-content\/uploads\/2025\/02\/1-simple-cash-1024x737.webp 1024w, https:\/\/hand2noteguide.com\/wp-content\/uploads\/2025\/02\/1-simple-cash-300x216.webp 300w, https:\/\/hand2noteguide.com\/wp-content\/uploads\/2025\/02\/1-simple-cash-768x552.webp 768w, https:\/\/hand2noteguide.com\/wp-content\/uploads\/2025\/02\/1-simple-cash-1536x1105.webp 1536w, https:\/\/hand2noteguide.com\/wp-content\/uploads\/2025\/02\/1-simple-cash-772x555.webp 772w, https:\/\/hand2noteguide.com\/wp-content\/uploads\/2025\/02\/1-simple-cash-624x449.webp 624w, https:\/\/hand2noteguide.com\/wp-content\/uploads\/2025\/02\/1-simple-cash.webp 1607w\" sizes=\"auto, (max-width: 1024px) 100vw, 1024px\" \/><\/figure>\n\n\n\n<figure class=\"wp-block-image size-large\"><img loading=\"lazy\" decoding=\"async\" width=\"1024\" height=\"728\" data-id=\"8875\" src=\"https:\/\/hand2noteguide.com\/wp-content\/uploads\/2025\/02\/2-cosmos-mtt-1024x728.webp\" alt=\"cosmos mtt hand2note hud\" class=\"wp-image-8875\" srcset=\"https:\/\/hand2noteguide.com\/wp-content\/uploads\/2025\/02\/2-cosmos-mtt-1024x728.webp 1024w, https:\/\/hand2noteguide.com\/wp-content\/uploads\/2025\/02\/2-cosmos-mtt-300x213.webp 300w, https:\/\/hand2noteguide.com\/wp-content\/uploads\/2025\/02\/2-cosmos-mtt-768x546.webp 768w, https:\/\/hand2noteguide.com\/wp-content\/uploads\/2025\/02\/2-cosmos-mtt-1536x1093.webp 1536w, https:\/\/hand2noteguide.com\/wp-content\/uploads\/2025\/02\/2-cosmos-mtt-772x549.webp 772w, https:\/\/hand2noteguide.com\/wp-content\/uploads\/2025\/02\/2-cosmos-mtt-624x444.webp 624w, https:\/\/hand2noteguide.com\/wp-content\/uploads\/2025\/02\/2-cosmos-mtt.webp 1590w\" sizes=\"auto, (max-width: 1024px) 100vw, 1024px\" \/><\/figure>\n\n\n\n<figure class=\"wp-block-image size-large\"><img loading=\"lazy\" decoding=\"async\" width=\"1024\" height=\"615\" data-id=\"8876\" src=\"https:\/\/hand2noteguide.com\/wp-content\/uploads\/2025\/02\/3-cosmos-spins-1024x615.webp\" alt=\"cosmos spins hand2note hud\" class=\"wp-image-8876\" srcset=\"https:\/\/hand2noteguide.com\/wp-content\/uploads\/2025\/02\/3-cosmos-spins-1024x615.webp 1024w, https:\/\/hand2noteguide.com\/wp-content\/uploads\/2025\/02\/3-cosmos-spins-300x180.webp 300w, https:\/\/hand2noteguide.com\/wp-content\/uploads\/2025\/02\/3-cosmos-spins-768x461.webp 768w, https:\/\/hand2noteguide.com\/wp-content\/uploads\/2025\/02\/3-cosmos-spins-772x464.webp 772w, https:\/\/hand2noteguide.com\/wp-content\/uploads\/2025\/02\/3-cosmos-spins-624x375.webp 624w, https:\/\/hand2noteguide.com\/wp-content\/uploads\/2025\/02\/3-cosmos-spins.webp 1224w\" sizes=\"auto, (max-width: 1024px) 100vw, 1024px\" \/><\/figure>\n\n\n\n<figure class=\"wp-block-image size-large\"><img loading=\"lazy\" decoding=\"async\" width=\"1024\" height=\"735\" data-id=\"8877\" src=\"https:\/\/hand2noteguide.com\/wp-content\/uploads\/2025\/02\/4-procash-1024x735.webp\" alt=\"pro cash hand2note hud\" class=\"wp-image-8877\" srcset=\"https:\/\/hand2noteguide.com\/wp-content\/uploads\/2025\/02\/4-procash-1024x735.webp 1024w, https:\/\/hand2noteguide.com\/wp-content\/uploads\/2025\/02\/4-procash-300x215.webp 300w, https:\/\/hand2noteguide.com\/wp-content\/uploads\/2025\/02\/4-procash-768x551.webp 768w, https:\/\/hand2noteguide.com\/wp-content\/uploads\/2025\/02\/4-procash-1536x1102.webp 1536w, https:\/\/hand2noteguide.com\/wp-content\/uploads\/2025\/02\/4-procash-772x554.webp 772w, https:\/\/hand2noteguide.com\/wp-content\/uploads\/2025\/02\/4-procash-624x448.webp 624w, https:\/\/hand2noteguide.com\/wp-content\/uploads\/2025\/02\/4-procash.webp 1557w\" sizes=\"auto, (max-width: 1024px) 100vw, 1024px\" \/><\/figure>\n\n\n\n<figure class=\"wp-block-image size-large\"><img loading=\"lazy\" decoding=\"async\" width=\"1024\" height=\"732\" data-id=\"8878\" src=\"https:\/\/hand2noteguide.com\/wp-content\/uploads\/2025\/02\/5-perfectcash-1024x732.webp\" alt=\"perfect cash hand2note hud\" class=\"wp-image-8878\" srcset=\"https:\/\/hand2noteguide.com\/wp-content\/uploads\/2025\/02\/5-perfectcash-1024x732.webp 1024w, https:\/\/hand2noteguide.com\/wp-content\/uploads\/2025\/02\/5-perfectcash-300x215.webp 300w, https:\/\/hand2noteguide.com\/wp-content\/uploads\/2025\/02\/5-perfectcash-768x549.webp 768w, https:\/\/hand2noteguide.com\/wp-content\/uploads\/2025\/02\/5-perfectcash-1536x1099.webp 1536w, https:\/\/hand2noteguide.com\/wp-content\/uploads\/2025\/02\/5-perfectcash-772x552.webp 772w, https:\/\/hand2noteguide.com\/wp-content\/uploads\/2025\/02\/5-perfectcash-624x446.webp 624w, https:\/\/hand2noteguide.com\/wp-content\/uploads\/2025\/02\/5-perfectcash.webp 1577w\" sizes=\"auto, (max-width: 1024px) 100vw, 1024px\" \/><\/figure>\n\n\n\n<figure class=\"wp-block-image size-large\"><img loading=\"lazy\" decoding=\"async\" width=\"1024\" height=\"571\" data-id=\"8879\" src=\"https:\/\/hand2noteguide.com\/wp-content\/uploads\/2025\/02\/6-cosmos-sixplus-1024x571.webp\" alt=\"Hand2Note Cosmos 6+ HUD\" class=\"wp-image-8879\" srcset=\"https:\/\/hand2noteguide.com\/wp-content\/uploads\/2025\/02\/6-cosmos-sixplus-1024x571.webp 1024w, https:\/\/hand2noteguide.com\/wp-content\/uploads\/2025\/02\/6-cosmos-sixplus-300x167.webp 300w, https:\/\/hand2noteguide.com\/wp-content\/uploads\/2025\/02\/6-cosmos-sixplus-768x428.webp 768w, https:\/\/hand2noteguide.com\/wp-content\/uploads\/2025\/02\/6-cosmos-sixplus-772x430.webp 772w, https:\/\/hand2noteguide.com\/wp-content\/uploads\/2025\/02\/6-cosmos-sixplus-624x348.webp 624w, https:\/\/hand2noteguide.com\/wp-content\/uploads\/2025\/02\/6-cosmos-sixplus.webp 1112w\" sizes=\"auto, (max-width: 1024px) 100vw, 1024px\" \/><\/figure>\n\n\n\n<figure class=\"wp-block-image size-large\"><img loading=\"lazy\" decoding=\"async\" width=\"1024\" height=\"613\" data-id=\"8880\" src=\"https:\/\/hand2noteguide.com\/wp-content\/uploads\/2025\/02\/7-SimpleResearch-1024x613.webp\" alt=\"Simple Research hand2note popups\" class=\"wp-image-8880\" srcset=\"https:\/\/hand2noteguide.com\/wp-content\/uploads\/2025\/02\/7-SimpleResearch-1024x613.webp 1024w, https:\/\/hand2noteguide.com\/wp-content\/uploads\/2025\/02\/7-SimpleResearch-300x180.webp 300w, https:\/\/hand2noteguide.com\/wp-content\/uploads\/2025\/02\/7-SimpleResearch-768x460.webp 768w, https:\/\/hand2noteguide.com\/wp-content\/uploads\/2025\/02\/7-SimpleResearch-1536x919.webp 1536w, https:\/\/hand2noteguide.com\/wp-content\/uploads\/2025\/02\/7-SimpleResearch-2048x1226.webp 2048w, https:\/\/hand2noteguide.com\/wp-content\/uploads\/2025\/02\/7-SimpleResearch-772x462.webp 772w, https:\/\/hand2noteguide.com\/wp-content\/uploads\/2025\/02\/7-SimpleResearch-624x373.webp 624w\" sizes=\"auto, (max-width: 1024px) 100vw, 1024px\" \/><\/figure>\n<\/figure>\n\n\n\n<h3 class=\"wp-block-heading\">Videokurs<\/h3>\n\n\n\n<p><a href=\"https:\/\/hand2noteguide.com\/de\/video-course\/\">Hand2Note Videokurs<\/a> von Nick Korolev f\u00fchrt Sie Schritt f\u00fcr Schritt durch die Nutzung von Hand2Note \u2013 von der grundlegenden Einrichtung und dem Start Ihres ersten HUDs bis hin zur fortgeschrittenen Nutzung aller wichtigen Funktionen sowohl am Tisch als auch abseits davon. Er hilft Ihnen, die Software schneller zu erlernen und Hand2Note vollst\u00e4ndig und effektiv in Ihrem Spiel einzusetzen.<\/p>\n\n\n\n<h2 class=\"wp-block-heading\">Wie erhalte ich meine Boni?<\/h2>\n\n\n\n<p>Nach dem Kauf von Hand2Note mit dem GUIDE10 Promo-Code erhalten Sie eine E-Mail mit allen HUDs und einfachen Anweisungen, wie Sie diese in Hand2Note installieren k\u00f6nnen.<\/p>\n\n\n\n<div id=\"promo-does-not-work\"><\/div>\n\n\n\n<p>Um Zugriff auf einen Videokurs zu erhalten, <a href=\"https:\/\/courses.poker\/sign_up\" target=\"_blank\" rel=\"noreferrer noopener\">erstellen Sie ein Konto auf courses.poker<\/a> mit derselben E-Mail, die Sie f\u00fcr den Hand2Note-Kauf verwendet haben. Der Zugriff auf alle Videos wird innerhalb von 24 Stunden gew\u00e4hrt.<\/p>\n\n\n\n<h2 class=\"wp-block-heading\">Was tun, wenn der Promo-Code nicht funktioniert?<\/h2>\n\n\n\n<p>Unser Promo-Code ist immer g\u00fcltig. Wenn er beim Checkout nicht angewendet wird, liegt der h\u00e4ufigste Grund darin, dass Ihr Hand2Note-Konto bereits fr\u00fchere K\u00e4ufe hatte. Laut Hand2Note-Richtlinien <strong>gelten Promo-Codes nur f\u00fcr den allerersten Kauf<\/strong>.<\/p>\n\n\n\n<h2 class=\"wp-block-heading\">Warum sollte ich Hand2Note kaufen?<\/h2>\n\n\n\n<p>Hand2Note ist die leistungsst\u00e4rkste und fortschrittlichste Poker-Tracking- und Analysetools auf dem Markt. Es bietet eine breite Palette von Werkzeugen f\u00fcr Pokerspieler jeder Stufe. Egal, ob Sie ein erfahrener regul\u00e4rer Spieler oder ein Anf\u00e4nger sind, Sie werden viele n\u00fctzliche Funktionen in Hand2Note finden. Es hilft Ihnen, Ihr Spiel zu analysieren, den maximalen Wert aus Ihren Linien zu ziehen und Ihre Gegner effektiv auszunutzen.<\/p>\n\n\n\n<p>Lesen Sie <a href=\"https:\/\/hand2noteguide.com\/de\/why-hand2note\/\">unser Material<\/a> dar\u00fcber, warum Sie Hand2Note anstelle von Holdem Manager oder Poker Tracker verwenden sollten.<\/p>\n\n\n\n<p>Sehen Sie sich auch den <a href=\"https:\/\/hand2note.com\/Help\/hand2note-vs-other-tools\" target=\"_blank\" rel=\"noreferrer noopener\">detaillierten Vergleich von Hand2Note mit Holdem Manager 3 und Poker Tracker 4<\/a> auf der offiziellen Hand2Note-Website an.<\/p>\n\n\n\n<p>Hand2Note unterst\u00fctzt die meisten gro\u00dfen Poker-R\u00e4ume und Formate, einschlie\u00dflich Cash Games, MTTs und Spin &amp; Go, was es zu einem leistungsstarken langfristigen Werkzeug f\u00fcr Verbesserungen macht.<\/p>\n\n\n\n<h2 class=\"wp-block-heading\">Welchen Hand2Note-Plan sollten Sie w\u00e4hlen?<\/h2>\n\n\n\n<p>Hand2Note bietet zwei Hauptbezahlpl\u00e4ne \u2013 <strong>Learner<\/strong> und <strong>Pro<\/strong>.<\/p>\n\n\n\n<p>Beide Pl\u00e4ne funktionieren auf allen Pokerseiten und Formaten, sind jedoch f\u00fcr unterschiedliche Ziele und Erfahrungsstufen konzipiert. Nachfolgend eine einfache Erkl\u00e4rung, die Ihnen bei der Auswahl der richtigen Option hilft.<\/p>\n\n\n\n<h3 class=\"wp-block-heading\">Learner<\/h3>\n\n\n\n<p>Der Learner-Plan ist f\u00fcr Spieler gedacht, die gerade erst mit Poker-Tracking-Software beginnen oder <strong>Micro Stakes<\/strong> spielen. Er bietet Zugang zu den meisten Hand2Note-Funktionen, einschlie\u00dflich HUDs und grundlegender Berichte, jedoch mit einigen Einschr\u00e4nkungen.<\/p>\n\n\n\n<h4 class=\"wp-block-heading\"><strong>Was Sie mit Learner erhalten:<\/strong><\/h4>\n\n\n\n<ul class=\"wp-block-list\">\n<li>Funktioniert auf allen Pokerseiten und mobilen Apps<\/li>\n\n\n\n<li>HUD mit Echtzeit-Statistiken am Tisch<\/li>\n\n\n\n<li>Zugang zu den meisten Hand2Note-Funktionen<\/li>\n\n\n\n<li>Datenbanklimit: bis zu <strong>200.000 H\u00e4nde<\/strong><\/li>\n\n\n\n<li>Keine benutzerdefinierten Filter in Reports<\/li>\n\n\n\n<li>Einsatzlimits:\n<ul class=\"wp-block-list\">\n<li>Cash Games bis zu <strong>$0,25 Big Blind<\/strong><\/li>\n\n\n\n<li>Turniere bis zu <strong>$20 + $2<\/strong><\/li>\n<\/ul>\n<\/li>\n<\/ul>\n\n\n\n<h4 class=\"wp-block-heading\">Learner <strong>Preis:<\/strong><\/h4>\n\n\n\n<p>Der Originalpreis des Learner-Plans von Hand2Note betr\u00e4gt $15,99 pro Monat bei j\u00e4hrlicher Zahlung oder $19,99 pro Monat bei monatlicher Zahlung. Mit dem GUIDE10 Promo-Code erhalten Sie einen 10% Rabatt, wodurch sich der Preis auf $14,39 pro Monat (j\u00e4hrlich) oder $17,99 pro Monat (monatlich) reduziert. Wenn Sie den Jahresplan w\u00e4hlen und GUIDE10 verwenden, <strong>betragen Ihre Gesamtersparnisse $19,19<\/strong> \u2013 Sie zahlen $172,71 statt $191,90.<\/p>\n\n\n\n<p>Learner ist eine gute Wahl, wenn Sie verstehen m\u00f6chten, wie Tracking-Software funktioniert und sich Schritt f\u00fcr Schritt verbessern m\u00f6chten, ohne f\u00fcr fortgeschrittene Funktionen zu zahlen, die Sie noch nicht ben\u00f6tigen.<\/p>\n\n\n\n<h3 class=\"wp-block-heading\">Pro<\/h3>\n\n\n\n<p>Am besten f\u00fcr Spieler mit ernsthaften Zielen und langfristigen Pl\u00e4nen. Der Pro-Plan gibt Ihnen <strong>vollen Zugriff<\/strong> auf alle Hand2Note-Funktionen ohne Einschr\u00e4nkungen. Dies ist die Version, die von regul\u00e4ren Spielern verwendet wird, die einen Vorteil am Tisch haben m\u00f6chten.<\/p>\n\n\n\n<h4 class=\"wp-block-heading\"><strong>Was Sie mit Pro erhalten:<\/strong><\/h4>\n\n\n\n<ul class=\"wp-block-list\">\n<li>Funktioniert auf allen Pokerseiten und mobilen Apps<\/li>\n\n\n\n<li>Alle Hand2Note-Funktionen freigeschaltet<\/li>\n\n\n\n<li>Keine Datenbankgr\u00f6\u00dfenbeschr\u00e4nkungen<\/li>\n\n\n\n<li>Erweiterte Berichte und benutzerdefinierte Filter<\/li>\n\n\n\n<li>Vollst\u00e4ndige Bev\u00f6lkerungsanalysetools<\/li>\n\n\n\n<li>Keine Limits bei Eins\u00e4tzen oder Formaten<\/li>\n<\/ul>\n\n\n\n<h4 class=\"wp-block-heading\">Pro <strong>Preis:<\/strong><\/h4>\n\n\n\n<p>Der Originalpreis des Pro-Plans von Hand2Note betr\u00e4gt $39 pro Monat bei j\u00e4hrlicher Zahlung oder $49 pro Monat bei monatlicher Zahlung. Mit dem GUIDE10 Promo-Code erhalten Sie einen 10% Rabatt, wodurch sich der Preis auf $35,10 pro Monat (j\u00e4hrlich) oder $44,10 pro Monat (monatlich) reduziert. Wenn Sie den Jahresplan w\u00e4hlen und GUIDE10 verwenden,<strong> betragen Ihre Gesamtersparnisse $46,80<\/strong> \u2013 Sie zahlen $421,20 statt $468.<\/p>\n\n\n\n<p>Wenn Sie regelm\u00e4\u00dfig spielen, gro\u00dfe Handproben analysieren und Hand2Note sowohl am Tisch als auch abseits davon vollst\u00e4ndig nutzen m\u00f6chten, <strong>ist Pro die empfohlene Option<\/strong>.<\/p>\n\n\n\n<h3 class=\"wp-block-heading\">Vergleiche die Ersparnis mit dem GUIDE10-Code (1 vs. 12 Monate)<\/h3>\n\n\n\n<figure class=\"wp-block-table\"><table><thead><tr><th>Plan<\/th><th>Abodauer<\/th><th>Regul\u00e4rer Preis<\/th><th>Preis mit GUIDE10<\/th><th>Deine Ersparnis<\/th><\/tr><\/thead><tbody><tr><td>Learner<\/td><td>1 Monat<\/td><td>$19.99<\/td><td>$17.99<\/td><td>$2.00<\/td><\/tr><tr><td>Learner<\/td><td>12 Monate<\/td><td>$191.90<\/td><td>$172.71<\/td><td>$19.19<\/td><\/tr><tr><td>Pro<\/td><td>1 Monat<\/td><td>$49.00<\/td><td>$44.10<\/td><td>$4.90<\/td><\/tr><tr><td>Pro<\/td><td>12 Monate<\/td><td>$468.00<\/td><td>$421.20<\/td><td>$46.80<\/td><\/tr><\/tbody><\/table><\/figure>\n\n\n\n<h2 class=\"wp-block-heading\">FAQ: Hand2Note Promo-Codes<\/h2>\n\n\n\n<p>Nachfolgend finden Sie Antworten auf die h\u00e4ufigsten Fragen zu Hand2Note Promo-Codes.<\/p>\n\n\n\n<h3 class=\"wp-block-heading\">Was ist der beste Hand2Note Promo-Code?<\/h3>\n\n\n\n<p>Der beste Hand2Note Promo-Code ist <strong>GUIDE10<\/strong>. Er bietet einen verifizierten 10% Rabatt und beinhaltet ein umfangreiches Bonuspaket mit mehreren HUDs und einem Videokurs.<\/p>\n\n\n\n<h3 class=\"wp-block-heading\">Wie funktionieren Hand2Note Promo-Codes?<\/h3>\n\n\n\n<p>Promo-Codes gew\u00e4hren einen Standardrabatt von 10% beim Checkout f\u00fcr Erstk\u00e4ufe von Lizenzen. Lizenzverl\u00e4ngerungen werden zum regul\u00e4ren Preis berechnet.<\/p>\n\n\n\n<h3 class=\"wp-block-heading\">K\u00f6nnen Promo-Codes mit anderen Rabatten kombiniert werden?<\/h3>\n\n\n\n<p>Promo-Codes k\u00f6nnen nicht miteinander kombiniert werden, aber sie k\u00f6nnen mit offiziellen Hand2Note-Rabatten kombiniert werden, einschlie\u00dflich Black Friday-Angeboten und dem 25% Jahresrabatt.<\/p>\n\n\n\n<h3 class=\"wp-block-heading\">Sind Hand2Note Promo-Codes sicher?<\/h3>\n\n\n\n<p>Ja. Legitime Hand2Note Promo-Codes sind sicher zu verwenden und werden direkt auf der offiziellen Hand2Note-Kaufseite angewendet.<\/p>\n\n\n\n<h3 class=\"wp-block-heading\">Beinhalten Promo-Codes Boni?<\/h3>\n\n\n\n<p>Einige Promo-Codes k\u00f6nnen zus\u00e4tzliche nicht-monet\u00e4re Boni beinhalten, wie HUDs oder Schulungsmaterialien. Unter ihnen bietet GUIDE10 das umfangreichste Bonuspaket.<\/p>\n\n\n\n<h2 class=\"wp-block-heading\">Warum Hand2Note Guide vertrauen?<\/h2>\n\n\n\n<p>Hand2Note Guide ist seit 2019 ein offizieller Hand2Note-Partner. Wir bewerben nur offizielle Hand2Note-Lizenzen, bieten verifizierte Rabatte und die besten Starter-Boni f\u00fcr Spieler. Wir erhalten eine Affiliate-Provision f\u00fcr die Vermittlung von Spielern \u2013 ohne zus\u00e4tzliche Kosten f\u00fcr Sie \u2013 sodass alle profitieren.<\/p>\n\n\n\n<p>Unser Promo-Code GUIDE10 wird auch vom offiziellen Hand2Note HUD-Marktplatz <a aria-label=\"undefined (opens in a new tab)\" href=\"https:\/\/www.hudstore.poker\/hand2note-promo-code\" target=\"_blank\" rel=\"noreferrer noopener\">Poker HUD Store<\/a> als empfohlener Hand2Note Promo-Code vorgestellt.<\/p>\n\n\n\n<h2 class=\"wp-block-heading\">Fazit<\/h2>\n\n\n\n<p>Hand2Note ist eines der fortschrittlichsten Poker-Tracking- und HUD-Tools, die heute verf\u00fcgbar sind, und eine starke Investition in jeder Phase Ihrer Pokerkarriere.<\/p>\n\n\n\n<p>Wenn Sie nach einem Hand2Note Promo-Code suchen, gibt es keinen Grund, es zu verkomplizieren. <strong>GUIDE10<\/strong> ist die zuverl\u00e4ssigste und empfohlene Option im Jahr 2026. Es ist ein verifizierter und legitimer Promo-Code, der den offiziellen 10% Hand2Note-Rabatt bietet und zus\u00e4tzliche Boni beinhaltet: professionelle HUDs f\u00fcr Cash Games, MTTs und Spin &amp; Go-Formate sowie einen vollst\u00e4ndigen Videokurs zur effektiven Nutzung von Hand2Note.<\/p>\n","protected":false},"excerpt":{"rendered":"<p>Verwenden Sie den GUIDE10 Promo-Code beim Kauf eines Hand2Note-Abonnements, um sofort 10% Rabatt zu erhalten. Sie m\u00fcssen den Gutschein nur in ein spezielles Feld auf der Kaufseite eingeben. Der Preis wird sofort neu berechnet. Unser Code funktioniert sowohl f\u00fcr Hand2Note 3 als auch f\u00fcr Hand2Note 4 Versionen! Wie man den GUIDE10 Promo-Code verwendet Zus\u00e4tzliche HUDs &hellip; <a href=\"https:\/\/hand2noteguide.com\/de\/promo\/\" class=\"more-link\">Continue reading <span class=\"screen-reader-text\">GUIDE10 Promo-Code: 10% Rabatt und Bonus-HUDs<\/span><\/a><\/p>\n","protected":false},"author":1,"featured_media":0,"parent":0,"menu_order":6,"comment_status":"closed","ping_status":"closed","template":"","meta":{"footnotes":""},"class_list":["post-76","page","type-page","status-publish","hentry"],"translation":{"provider":"WPGlobus","version":"3.0.2","language":"de","enabled_languages":["en","ru","pt","zh","es","fr","de","it","ja"],"languages":{"en":{"title":true,"content":true,"excerpt":false},"ru":{"title":true,"content":true,"excerpt":false},"pt":{"title":true,"content":true,"excerpt":false},"zh":{"title":true,"content":true,"excerpt":false},"es":{"title":true,"content":true,"excerpt":false},"fr":{"title":true,"content":true,"excerpt":false},"de":{"title":true,"content":true,"excerpt":false},"it":{"title":true,"content":true,"excerpt":false},"ja":{"title":true,"content":true,"excerpt":false}}},"yoast_head":"<!-- This site is optimized with the Yoast SEO plugin v27.0 - https:\/\/yoast.com\/product\/yoast-seo-wordpress\/ -->\n<title>Hand2Note Promo-Code 2026 (GUIDE10): 10% Rabatt + Kostenloses HUD<\/title>\n<meta name=\"description\" content=\"Verwenden Sie den verifizierten Hand2Note Promo-Code GUIDE10, um 10% Rabatt auf Ihren ersten Kauf zu erhalten. Inklusive Bonus-HUDs und Videokurs.\" \/>\n<meta name=\"robots\" content=\"index, follow, max-snippet:-1, max-image-preview:large, max-video-preview:-1\" \/>\n<link rel=\"canonical\" href=\"https:\/\/hand2noteguide.com\/promo\/\" \/>\n<meta property=\"og:locale\" content=\"de_DE\" \/>\n<meta property=\"og:type\" content=\"article\" \/>\n<meta property=\"og:title\" content=\"Hand2Note Promo-Code 2026 (GUIDE10): 10% Rabatt + Kostenloses HUD\" \/>\n<meta property=\"og:description\" content=\"Verwenden Sie den verifizierten Hand2Note Promo-Code GUIDE10, um 10% Rabatt auf Ihren ersten Kauf zu erhalten. Inklusive Bonus-HUDs und Videokurs.\" \/>\n<meta property=\"og:url\" content=\"https:\/\/hand2noteguide.com\/promo\/\" \/>\n<meta property=\"og:site_name\" content=\"Hand2Note Guide\" \/>\n<meta property=\"article:modified_time\" content=\"2026-03-26T17:22:03+00:00\" \/>\n<meta property=\"og:image\" content=\"https:\/\/hand2noteguide.com\/wp-content\/uploads\/2026\/03\/hand2note-promo-code.webp\" \/>\n\t<meta property=\"og:image:width\" content=\"2232\" \/>\n\t<meta property=\"og:image:height\" content=\"1748\" \/>\n\t<meta property=\"og:image:type\" content=\"image\/webp\" \/>\n<meta name=\"twitter:card\" content=\"summary_large_image\" \/>\n<meta name=\"twitter:label1\" content=\"Est. reading time\" \/>\n\t<meta name=\"twitter:data1\" content=\"8 minutes\" \/>\n<!-- \/ Yoast SEO plugin. -->","yoast_head_json":{"title":"Hand2Note Promo-Code 2026 (GUIDE10): 10% Rabatt + Kostenloses HUD","description":"Verwenden Sie den verifizierten Hand2Note Promo-Code GUIDE10, um 10% Rabatt auf Ihren ersten Kauf zu erhalten. Inklusive Bonus-HUDs und Videokurs.","robots":{"index":"index","follow":"follow","max-snippet":"max-snippet:-1","max-image-preview":"max-image-preview:large","max-video-preview":"max-video-preview:-1"},"canonical":"https:\/\/hand2noteguide.com\/promo\/","og_locale":"de_DE","og_type":"article","og_title":"Hand2Note Promo-Code 2026 (GUIDE10): 10% Rabatt + Kostenloses HUD","og_description":"Verwenden Sie den verifizierten Hand2Note Promo-Code GUIDE10, um 10% Rabatt auf Ihren ersten Kauf zu erhalten. Inklusive Bonus-HUDs und Videokurs.","og_url":"https:\/\/hand2noteguide.com\/promo\/","og_site_name":"Hand2Note Guide","article_modified_time":"2026-03-26T17:22:03+00:00","og_image":[{"width":2232,"height":1748,"url":"https:\/\/hand2noteguide.com\/wp-content\/uploads\/2026\/03\/hand2note-promo-code.webp","type":"image\/webp"}],"twitter_card":"summary_large_image","twitter_misc":{"Est. reading time":"8 minutes"},"schema":{"@context":"https:\/\/schema.org","@graph":[]}},"jetpack_sharing_enabled":false,"_links":{"self":[{"href":"https:\/\/hand2noteguide.com\/de\/wp-json\/wp\/v2\/pages\/76","targetHints":{"allow":["GET"]}}],"collection":[{"href":"https:\/\/hand2noteguide.com\/de\/wp-json\/wp\/v2\/pages"}],"about":[{"href":"https:\/\/hand2noteguide.com\/de\/wp-json\/wp\/v2\/types\/page"}],"author":[{"embeddable":true,"href":"https:\/\/hand2noteguide.com\/de\/wp-json\/wp\/v2\/users\/1"}],"replies":[{"embeddable":true,"href":"https:\/\/hand2noteguide.com\/de\/wp-json\/wp\/v2\/comments?post=76"}],"version-history":[{"count":199,"href":"https:\/\/hand2noteguide.com\/de\/wp-json\/wp\/v2\/pages\/76\/revisions"}],"predecessor-version":[{"id":15997,"href":"https:\/\/hand2noteguide.com\/de\/wp-json\/wp\/v2\/pages\/76\/revisions\/15997"}],"wp:attachment":[{"href":"https:\/\/hand2noteguide.com\/de\/wp-json\/wp\/v2\/media?parent=76"}],"curies":[{"name":"wp","href":"https:\/\/api.w.org\/{rel}","templated":true}]}}