{"id":7911,"date":"2024-09-11T01:03:12","date_gmt":"2024-09-10T22:03:12","guid":{"rendered":"https:\/\/hand2noteguide.com\/?page_id=7911"},"modified":"2026-03-11T17:00:45","modified_gmt":"2026-03-11T14:00:45","slug":"poker-positions","status":"publish","type":"page","link":"https:\/\/hand2noteguide.com\/de\/poker\/poker-positions\/","title":{"rendered":"Poker-Positionen: ihre Namen und ihre Bedeutung am Tisch"},"content":{"rendered":"\n<p>Poker ist ein Tischspiel, bei dem jeder Sitz einen eigenen Namen bzw. eine \u201ePosition\u201c hat. Die Position ist jedoch nicht an einen bestimmten Sitz gebunden \u2013 sie \ud83d\udd52 <strong>wandert mit jeder gespielten Hand im Uhrzeigersinn<\/strong>.<\/p>\n\n\n\n<p>Im Allgemeinen lassen sich die Positionen in vier Hauptgruppen unterteilen:<\/p>\n\n\n\n<ul class=\"wp-block-list\">\n<li>\ud83d\udd35 <strong>Blinds<\/strong> (Small Blind, Big Blind);<\/li>\n\n\n\n<li><strong>\ud83d\udfe2<\/strong> <strong>Late Positions<\/strong> (Button, Cutoff);<\/li>\n\n\n\n<li>\ud83d\udfe0 <strong>Middle Positions<\/strong> (Hi-Jack, Lo-Jack);<\/li>\n\n\n\n<li>\ud83d\udd34 <strong>Early Positions<\/strong> (UTG, UTG+1, UTG+2).<\/li>\n<\/ul>\n\n\n\n<p>Zwei der h\u00e4ufigsten Tischformate im Texas-Hold\u2019em-Poker sind der Full-Ring-Tisch (9 Positionen) und der Short-Handed-Tisch (6 Positionen). Alle Positionsnamen f\u00fcr diese Formate sind in den Bildern unten dargestellt:<\/p>\n\n\n\n<div class=\"wp-block-jetpack-tiled-gallery aligncenter is-style-columns has-rounded-corners-5\"><div class=\"tiled-gallery__gallery\"><div class=\"tiled-gallery__row\"><div class=\"tiled-gallery__col\"><figure class=\"tiled-gallery__item\"><img decoding=\"async\" srcset=\"https:\/\/i1.wp.com\/hand2noteguide.com\/wp-content\/uploads\/2024\/09\/Short-Handed-Game-min.jpg?strip=info&#038;w=600&#038;ssl=1 600w,https:\/\/i1.wp.com\/hand2noteguide.com\/wp-content\/uploads\/2024\/09\/Short-Handed-Game-min.jpg?strip=info&#038;w=900&#038;ssl=1 900w,https:\/\/i1.wp.com\/hand2noteguide.com\/wp-content\/uploads\/2024\/09\/Short-Handed-Game-min.jpg?strip=info&#038;w=1200&#038;ssl=1 1200w,https:\/\/i1.wp.com\/hand2noteguide.com\/wp-content\/uploads\/2024\/09\/Short-Handed-Game-min.jpg?strip=info&#038;w=1500&#038;ssl=1 1500w,https:\/\/i1.wp.com\/hand2noteguide.com\/wp-content\/uploads\/2024\/09\/Short-Handed-Game-min.jpg?strip=info&#038;w=1600&#038;ssl=1 1600w\" alt=\"\" data-height=\"900\" data-id=\"7913\" data-link=\"https:\/\/hand2noteguide.com\/?attachment_id=7913\" data-url=\"https:\/\/hand2noteguide.com\/wp-content\/uploads\/2024\/09\/Short-Handed-Game-min.jpg\" data-width=\"1600\" src=\"https:\/\/i1.wp.com\/hand2noteguide.com\/wp-content\/uploads\/2024\/09\/Short-Handed-Game-min.jpg?ssl=1\" \/><\/figure><\/div><div class=\"tiled-gallery__col\"><figure class=\"tiled-gallery__item\"><img decoding=\"async\" srcset=\"https:\/\/i0.wp.com\/hand2noteguide.com\/wp-content\/uploads\/2024\/09\/Full-Ring-Game-min.jpg?strip=info&#038;w=600&#038;ssl=1 600w,https:\/\/i0.wp.com\/hand2noteguide.com\/wp-content\/uploads\/2024\/09\/Full-Ring-Game-min.jpg?strip=info&#038;w=900&#038;ssl=1 900w,https:\/\/i0.wp.com\/hand2noteguide.com\/wp-content\/uploads\/2024\/09\/Full-Ring-Game-min.jpg?strip=info&#038;w=1200&#038;ssl=1 1200w,https:\/\/i0.wp.com\/hand2noteguide.com\/wp-content\/uploads\/2024\/09\/Full-Ring-Game-min.jpg?strip=info&#038;w=1500&#038;ssl=1 1500w,https:\/\/i0.wp.com\/hand2noteguide.com\/wp-content\/uploads\/2024\/09\/Full-Ring-Game-min.jpg?strip=info&#038;w=1600&#038;ssl=1 1600w\" alt=\"\" data-height=\"900\" data-id=\"7914\" data-link=\"https:\/\/hand2noteguide.com\/?attachment_id=7914\" data-url=\"https:\/\/hand2noteguide.com\/wp-content\/uploads\/2024\/09\/Full-Ring-Game-min.jpg\" data-width=\"1600\" src=\"https:\/\/i0.wp.com\/hand2noteguide.com\/wp-content\/uploads\/2024\/09\/Full-Ring-Game-min.jpg?ssl=1\" \/><\/figure><\/div><\/div><\/div><\/div>\n\n\n\n<h2 class=\"wp-block-heading\">Das Konzept von In Position \/ Out Of Position im Poker<\/h2>\n\n\n\n<p>Bevor wir n\u00e4her auf die Beschreibung der Pokerpositionen eingehen, ist es wichtig zu verstehen, was es bedeutet, im Poker \u201ein Position\u201c zu sein. Wenn Spieler A gegen Spieler B in Position ist, gilt Folgendes:<\/p>\n\n\n\n<ul class=\"wp-block-list\">\n<li>Spieler A sitzt <strong>rechts<\/strong> von Spieler B;<\/li>\n\n\n\n<li>Spieler A trifft seine Entscheidung <strong>nach<\/strong> Spieler B \u2013 sowohl preflop als auch postflop.<\/li>\n<\/ul>\n\n\n\n<p>Ein Spieler in Position erh\u00e4lt <strong>mehr Informationen<\/strong> \u00fcber die <a href=\"\/de\/poker\/poker-hand-rankings\/\"><strong>St\u00e4rke der H\u00e4nde<\/strong><\/a> der Spieler vor ihm, basierend auf den <a href=\"\/de\/poker\/poker-actions\/\"><strong>Aktionen, die sie ausf\u00fchren<\/strong><\/a>. Spieler A kann, nachdem er Informationen von seinen Gegnern erhalten hat, seine Strategie leicht anpassen.<\/p>\n\n\n\n<div class=\"green-block\">\n<p style=\"margin-bottom:0\">\u261d\ufe0f In Position zu sein ist die vorteilhafteste Situation im Poker. Starke Spieler nutzen den Positionsvorteil in ihrer Strategie und spielen aus sp\u00e4ten Positionen weitere Ranges.<\/p>\n<\/div>\n\n\n\n<h2 class=\"wp-block-heading\">Early Position (EP)<\/h2>\n\n\n\n<figure class=\"wp-block-image size-large\"><img loading=\"lazy\" decoding=\"async\" width=\"1024\" height=\"576\" src=\"http:\/\/hand2noteguide.com\/wp-content\/uploads\/2024\/09\/Early-Position-min-1024x576.jpg\" alt=\"Early position in poker\" class=\"wp-image-7905\" srcset=\"https:\/\/hand2noteguide.com\/wp-content\/uploads\/2024\/09\/Early-Position-min-1024x576.jpg 1024w, https:\/\/hand2noteguide.com\/wp-content\/uploads\/2024\/09\/Early-Position-min-300x169.jpg 300w, https:\/\/hand2noteguide.com\/wp-content\/uploads\/2024\/09\/Early-Position-min-768x432.jpg 768w, https:\/\/hand2noteguide.com\/wp-content\/uploads\/2024\/09\/Early-Position-min-1536x864.jpg 1536w, https:\/\/hand2noteguide.com\/wp-content\/uploads\/2024\/09\/Early-Position-min-772x434.jpg 772w, https:\/\/hand2noteguide.com\/wp-content\/uploads\/2024\/09\/Early-Position-min-624x351.jpg 624w, https:\/\/hand2noteguide.com\/wp-content\/uploads\/2024\/09\/Early-Position-min.jpg 1600w\" sizes=\"auto, (max-width: 1024px) 100vw, 1024px\" \/><\/figure>\n\n\n\n<p>Die Spieler auf <strong>Under The Gun<\/strong> (<strong>UTG, UTG+1, UTG+2<\/strong>) er\u00f6ffnen die Action preflop. Deshalb werden diese Pl\u00e4tze zu den <strong>Early Positions (EP)<\/strong> gez\u00e4hlt. Early Positions sind meist schwieriger zu spielen, da man noch keine Informationen \u00fcber die anderen Spieler und deren Aktionen hat. Deshalb sollte die Open-Raise-Range aus EP sehr tight sein.<\/p>\n\n\n\n<h2 class=\"wp-block-heading\">Middle Position (MP)<\/h2>\n\n\n\n<figure class=\"wp-block-image size-large\"><img loading=\"lazy\" decoding=\"async\" width=\"1024\" height=\"576\" src=\"https:\/\/hand2noteguide.com\/wp-content\/uploads\/2024\/09\/Middle-Position-min-1-1024x576.jpg\" alt=\"Middle poker position\" class=\"wp-image-7922\" srcset=\"https:\/\/hand2noteguide.com\/wp-content\/uploads\/2024\/09\/Middle-Position-min-1-1024x576.jpg 1024w, https:\/\/hand2noteguide.com\/wp-content\/uploads\/2024\/09\/Middle-Position-min-1-300x169.jpg 300w, https:\/\/hand2noteguide.com\/wp-content\/uploads\/2024\/09\/Middle-Position-min-1-768x432.jpg 768w, https:\/\/hand2noteguide.com\/wp-content\/uploads\/2024\/09\/Middle-Position-min-1-1536x864.jpg 1536w, https:\/\/hand2noteguide.com\/wp-content\/uploads\/2024\/09\/Middle-Position-min-1-772x434.jpg 772w, https:\/\/hand2noteguide.com\/wp-content\/uploads\/2024\/09\/Middle-Position-min-1-624x351.jpg 624w, https:\/\/hand2noteguide.com\/wp-content\/uploads\/2024\/09\/Middle-Position-min-1.jpg 1600w\" sizes=\"auto, (max-width: 1024px) 100vw, 1024px\" \/><\/figure>\n\n\n\n<p>Nach den Early Positions folgen <strong>LoJack<\/strong> (<strong>LJ<\/strong>) und <strong>HiJack<\/strong> (<strong>HJ<\/strong>) \u2013 die <strong>Middle Positions<\/strong> (<strong>MP<\/strong>). Sie agieren zwischen fr\u00fchen und sp\u00e4ten Positionen. Ein Spieler auf <strong>LJ<\/strong> muss mit seiner VPIP-Range noch vorsichtig sein, da noch f\u00fcnf Spieler nach ihm handeln m\u00fcssen. Ein Spieler auf <strong>HJ<\/strong> hat bereits Informationen \u00fcber die Spieler in EP und kann beginnen, einige spekulativere H\u00e4nde zu seiner Opening-Range hinzuzuf\u00fcgen, um die Blinds zu stehlen.<\/p>\n\n\n\n<h2 class=\"wp-block-heading\">Late Position<\/h2>\n\n\n\n<h3 class=\"wp-block-heading\">Cutoff (CO)<\/h3>\n\n\n\n<figure class=\"wp-block-image size-large\"><img loading=\"lazy\" decoding=\"async\" width=\"1024\" height=\"576\" src=\"http:\/\/hand2noteguide.com\/wp-content\/uploads\/2024\/09\/Cutoff-min-1024x576.jpg\" alt=\"Cutoff position\" class=\"wp-image-7908\" srcset=\"https:\/\/hand2noteguide.com\/wp-content\/uploads\/2024\/09\/Cutoff-min-1024x576.jpg 1024w, https:\/\/hand2noteguide.com\/wp-content\/uploads\/2024\/09\/Cutoff-min-300x169.jpg 300w, https:\/\/hand2noteguide.com\/wp-content\/uploads\/2024\/09\/Cutoff-min-768x432.jpg 768w, https:\/\/hand2noteguide.com\/wp-content\/uploads\/2024\/09\/Cutoff-min-1536x864.jpg 1536w, https:\/\/hand2noteguide.com\/wp-content\/uploads\/2024\/09\/Cutoff-min-772x434.jpg 772w, https:\/\/hand2noteguide.com\/wp-content\/uploads\/2024\/09\/Cutoff-min-624x351.jpg 624w, https:\/\/hand2noteguide.com\/wp-content\/uploads\/2024\/09\/Cutoff-min.jpg 1600w\" sizes=\"auto, (max-width: 1024px) 100vw, 1024px\" \/><\/figure>\n\n\n\n<p>Der Cutoff handelt sp\u00e4t in der Preflop-Runde. Von dieser Position aus sollte ein Spieler aggressiv versuchen, die Blinds zu stehlen, da nur noch ein Gegner \u00fcbrig ist, der in Position sitzt. Wenn du den BTN zum Folden bringst, spielst du die gesamte Hand in Position gegen die Blinds.<\/p>\n\n\n\n<h3 class=\"wp-block-heading\">Button (BU oder BTN)<\/h3>\n\n\n\n<figure class=\"wp-block-image size-large\"><img loading=\"lazy\" decoding=\"async\" width=\"1024\" height=\"576\" src=\"http:\/\/hand2noteguide.com\/wp-content\/uploads\/2024\/09\/BUTTON-min-1024x576.jpg\" alt=\"Button poker position\" class=\"wp-image-7909\" srcset=\"https:\/\/hand2noteguide.com\/wp-content\/uploads\/2024\/09\/BUTTON-min-1024x576.jpg 1024w, https:\/\/hand2noteguide.com\/wp-content\/uploads\/2024\/09\/BUTTON-min-300x169.jpg 300w, https:\/\/hand2noteguide.com\/wp-content\/uploads\/2024\/09\/BUTTON-min-768x432.jpg 768w, https:\/\/hand2noteguide.com\/wp-content\/uploads\/2024\/09\/BUTTON-min-1536x864.jpg 1536w, https:\/\/hand2noteguide.com\/wp-content\/uploads\/2024\/09\/BUTTON-min-772x434.jpg 772w, https:\/\/hand2noteguide.com\/wp-content\/uploads\/2024\/09\/BUTTON-min-624x351.jpg 624w, https:\/\/hand2noteguide.com\/wp-content\/uploads\/2024\/09\/BUTTON-min.jpg 1600w\" sizes=\"auto, (max-width: 1024px) 100vw, 1024px\" \/><\/figure>\n\n\n\n<p>Der Button ist die beste m\u00f6gliche Position im Poker, da ein Spieler hier sowohl <strong>Informationen<\/strong> von seinen Gegnern sammeln kann als auch <strong>postflop als Letzter agiert<\/strong>. Daher hat der BTN die weiteste Range an H\u00e4nden, mit denen er in eine Hand einsteigen kann.<\/p>\n\n\n\n<p>In Homegames ist der Spieler auf dem Button au\u00dferdem daf\u00fcr verantwortlich, in der aktuellen Hand die Karten zu geben.<\/p>\n\n\n\n<h2 class=\"wp-block-heading\">Die Blinds<\/h2>\n\n\n\n<figure class=\"wp-block-image size-large\"><img loading=\"lazy\" decoding=\"async\" width=\"1024\" height=\"576\" src=\"http:\/\/hand2noteguide.com\/wp-content\/uploads\/2024\/09\/blinds-min-1-1024x576.jpg\" alt=\"poker blinds\" class=\"wp-image-7816\" srcset=\"https:\/\/hand2noteguide.com\/wp-content\/uploads\/2024\/09\/blinds-min-1-1024x576.jpg 1024w, https:\/\/hand2noteguide.com\/wp-content\/uploads\/2024\/09\/blinds-min-1-300x169.jpg 300w, https:\/\/hand2noteguide.com\/wp-content\/uploads\/2024\/09\/blinds-min-1-768x432.jpg 768w, https:\/\/hand2noteguide.com\/wp-content\/uploads\/2024\/09\/blinds-min-1-1536x864.jpg 1536w, https:\/\/hand2noteguide.com\/wp-content\/uploads\/2024\/09\/blinds-min-1-772x434.jpg 772w, https:\/\/hand2noteguide.com\/wp-content\/uploads\/2024\/09\/blinds-min-1-624x351.jpg 624w, https:\/\/hand2noteguide.com\/wp-content\/uploads\/2024\/09\/blinds-min-1.jpg 1600w\" sizes=\"auto, (max-width: 1024px) 100vw, 1024px\" \/><\/figure>\n\n\n\n<p>Small Blind und Big Blind sind von Natur aus nachteilige Positionen, da sie bereits vor dem Sehen der Karten eine verpflichtende Bet preflop setzen m\u00fcssen.<\/p>\n\n\n\n<h3 class=\"wp-block-heading\">Small Blind (SB)<\/h3>\n\n\n\n<p>Der Small Blind sitzt direkt links vom Dealer-Button. Obwohl er preflop bereits einige Informationen \u00fcber seine Gegner bekommt, <strong>beginnt er die Action<\/strong> immer postflop \u2013 was deutlich schwieriger ist, als in Position zu spielen.<\/p>\n\n\n\n<h3 class=\"wp-block-heading\">Big Blind (BB)<\/h3>\n\n\n\n<p>Der Big Blind ist die schlechteste und \ud83d\ude23 <strong>schwierigste Position<\/strong> am Pokertisch. Da er einen ganzen Blind posten muss, bevor er seine Karten sieht, muss der BB <strong>eine weite Range<\/strong> von H\u00e4nden <strong>out of position<\/strong> auf jeder <a href=\"\/de\/poker\/poker-streets\/\">Street<\/a> spielen.<\/p>\n\n\n\n<p>Eine weitere Besonderheit beim Spiel im BB ist, dass man bessere Pot Odds bekommt, um preflop in die Hand einzusteigen. Daher werden H\u00e4nde, die aus anderen Positionen \u2013 selbst vom Button \u2013 nicht spielbar sind, h\u00e4ufig aus dem Big Blind gespielt.<\/p>\n\n\n\n<h2 class=\"wp-block-heading\">Fazit<\/h2>\n\n\n\n<p>Zusammenfassend l\u00e4sst sich sagen, dass das Konzept der \u201ePosition\u201c im Poker sehr wichtig ist. Wenn du alle Pokerpositionen am Tisch kennst, kannst du nicht nur eine Pokerhand korrekt beschreiben, sondern auch deinen EV am Tisch steigern, indem du den Vorteil nutzt, in Position zu spielen.<\/p>\n","protected":false},"excerpt":{"rendered":"<p>Poker ist ein Tischspiel, bei dem jeder Sitz einen eigenen Namen bzw. eine \u201ePosition\u201c hat. Die Position ist jedoch nicht an einen bestimmten Sitz gebunden \u2013 sie \ud83d\udd52 wandert mit jeder gespielten Hand im Uhrzeigersinn. Im Allgemeinen lassen sich die Positionen in vier Hauptgruppen unterteilen: Zwei der h\u00e4ufigsten Tischformate im Texas-Hold\u2019em-Poker sind der Full-Ring-Tisch (9 &hellip; <a href=\"https:\/\/hand2noteguide.com\/de\/poker\/poker-positions\/\" class=\"more-link\">Continue reading <span class=\"screen-reader-text\">Poker-Positionen: ihre Namen und ihre Bedeutung am Tisch<\/span><\/a><\/p>\n","protected":false},"author":1,"featured_media":0,"parent":7017,"menu_order":0,"comment_status":"closed","ping_status":"closed","template":"","meta":{"footnotes":""},"class_list":["post-7911","page","type-page","status-publish","hentry"],"translation":{"provider":"WPGlobus","version":"3.0.2","language":"de","enabled_languages":["en","ru","pt","zh","es","fr","de","it","ja"],"languages":{"en":{"title":true,"content":true,"excerpt":false},"ru":{"title":true,"content":true,"excerpt":false},"pt":{"title":true,"content":true,"excerpt":false},"zh":{"title":true,"content":true,"excerpt":false},"es":{"title":true,"content":true,"excerpt":false},"fr":{"title":true,"content":true,"excerpt":false},"de":{"title":true,"content":true,"excerpt":false},"it":{"title":true,"content":true,"excerpt":false},"ja":{"title":true,"content":true,"excerpt":false}}},"yoast_head":"<!-- This site is optimized with the Yoast SEO plugin v27.0 - https:\/\/yoast.com\/product\/yoast-seo-wordpress\/ -->\n<title>Poker-Positionen: Namen und Bedeutung am Tisch<\/title>\n<meta name=\"description\" content=\"Wenn du Poker-Positionen beherrschst, verstehst du das Spiel deutlich besser. Early, Middle, Late Positions und die Blinds \u2013 jede Position hat eine eigene Rolle.\" \/>\n<meta name=\"robots\" content=\"index, follow, max-snippet:-1, max-image-preview:large, max-video-preview:-1\" \/>\n<link rel=\"canonical\" href=\"https:\/\/hand2noteguide.com\/poker\/poker-positions\/\" \/>\n<meta property=\"og:locale\" content=\"de_DE\" \/>\n<meta property=\"og:type\" content=\"article\" \/>\n<meta property=\"og:title\" content=\"Poker-Positionen: Namen und Bedeutung am Tisch\" \/>\n<meta property=\"og:description\" content=\"Wenn du Poker-Positionen beherrschst, verstehst du das Spiel deutlich besser. Early, Middle, Late Positions und die Blinds \u2013 jede Position hat eine eigene Rolle.\" \/>\n<meta property=\"og:url\" content=\"https:\/\/hand2noteguide.com\/poker\/poker-positions\/\" \/>\n<meta property=\"og:site_name\" content=\"Hand2Note Guide\" \/>\n<meta property=\"article:modified_time\" content=\"2026-03-11T14:00:45+00:00\" \/>\n<meta property=\"og:image\" content=\"https:\/\/i1.wp.com\/hand2noteguide.com\/wp-content\/uploads\/2024\/09\/Short-Handed-Game-min.jpg?ssl=1\" \/>\n<meta name=\"twitter:card\" content=\"summary_large_image\" \/>\n<meta name=\"twitter:label1\" content=\"Est. reading time\" \/>\n\t<meta name=\"twitter:data1\" content=\"23 minutes\" \/>\n<!-- \/ Yoast SEO plugin. -->","yoast_head_json":{"title":"Poker-Positionen: Namen und Bedeutung am Tisch","description":"Wenn du Poker-Positionen beherrschst, verstehst du das Spiel deutlich besser. Early, Middle, Late Positions und die Blinds \u2013 jede Position hat eine eigene Rolle.","robots":{"index":"index","follow":"follow","max-snippet":"max-snippet:-1","max-image-preview":"max-image-preview:large","max-video-preview":"max-video-preview:-1"},"canonical":"https:\/\/hand2noteguide.com\/poker\/poker-positions\/","og_locale":"de_DE","og_type":"article","og_title":"Poker-Positionen: Namen und Bedeutung am Tisch","og_description":"Wenn du Poker-Positionen beherrschst, verstehst du das Spiel deutlich besser. Early, Middle, Late Positions und die Blinds \u2013 jede Position hat eine eigene Rolle.","og_url":"https:\/\/hand2noteguide.com\/poker\/poker-positions\/","og_site_name":"Hand2Note Guide","article_modified_time":"2026-03-11T14:00:45+00:00","og_image":[{"url":"https:\/\/i1.wp.com\/hand2noteguide.com\/wp-content\/uploads\/2024\/09\/Short-Handed-Game-min.jpg?ssl=1","type":"","width":"","height":""}],"twitter_card":"summary_large_image","twitter_misc":{"Est. reading time":"23 minutes"},"schema":{"@context":"https:\/\/schema.org","@graph":[]}},"jetpack_sharing_enabled":true,"_links":{"self":[{"href":"https:\/\/hand2noteguide.com\/de\/wp-json\/wp\/v2\/pages\/7911","targetHints":{"allow":["GET"]}}],"collection":[{"href":"https:\/\/hand2noteguide.com\/de\/wp-json\/wp\/v2\/pages"}],"about":[{"href":"https:\/\/hand2noteguide.com\/de\/wp-json\/wp\/v2\/types\/page"}],"author":[{"embeddable":true,"href":"https:\/\/hand2noteguide.com\/de\/wp-json\/wp\/v2\/users\/1"}],"replies":[{"embeddable":true,"href":"https:\/\/hand2noteguide.com\/de\/wp-json\/wp\/v2\/comments?post=7911"}],"version-history":[{"count":37,"href":"https:\/\/hand2noteguide.com\/de\/wp-json\/wp\/v2\/pages\/7911\/revisions"}],"predecessor-version":[{"id":15818,"href":"https:\/\/hand2noteguide.com\/de\/wp-json\/wp\/v2\/pages\/7911\/revisions\/15818"}],"up":[{"embeddable":true,"href":"https:\/\/hand2noteguide.com\/de\/wp-json\/wp\/v2\/pages\/7017"}],"wp:attachment":[{"href":"https:\/\/hand2noteguide.com\/de\/wp-json\/wp\/v2\/media?parent=7911"}],"curies":[{"name":"wp","href":"https:\/\/api.w.org\/{rel}","templated":true}]}}