{"id":7936,"date":"2024-09-11T01:50:12","date_gmt":"2024-09-10T22:50:12","guid":{"rendered":"https:\/\/hand2noteguide.com\/?page_id=7936"},"modified":"2026-03-11T16:55:58","modified_gmt":"2026-03-11T13:55:58","slug":"poker-streets","status":"publish","type":"page","link":"https:\/\/hand2noteguide.com\/de\/poker\/poker-streets\/","title":{"rendered":"Poker-Streets: Ein strategischer Leitfaden von Preflop bis River"},"content":{"rendered":"\n<p>Der Begriff Street ist ein <a href=\"\/de\/poker\/poker-terms\/\">Pokerbegriff<\/a>, dem du h\u00e4ufig begegnen wirst. Fragst du dich, was eine Street im Poker bedeutet und welchen Einfluss sie auf die Strategie hat?<\/p>\n\n\n\n<p>Der Ausdruck \u201eStreet\u201c spielt auf die Idee an, dass Poker wie ein \ud83c\udfcd\ufe0f Spaziergang durch eine Stra\u00dfe ist. Jede neue Street <strong>liefert neue Informationen<\/strong>, die dir helfen, fundiertere Entscheidungen zu treffen.<\/p>\n\n\n\n<div class=\"green-block\">\n<p style=\"margin-bottom:0\">\ud83d\udc49 <b>Streets sind Karten, die zu bestimmten Zeitpunkten einer Hand ausgeteilt werden<\/b>. Der Begriff ist in allen Poker-Varianten gleich, einschlie\u00dflich Community Card-, Stud- und Draw-Poker. Allerdings k\u00f6nnen sich Anzahl und Namen der Streets unterscheiden.<\/p>\n<\/div>\n\n\n\n<p>Zum Beispiel gibt es in Community-Card-Spielen wie Omaha und Texas Hold&#8217;em f\u00fcnf Streets. Der Flop z\u00e4hlt dabei als drei Streets, da drei Karten gleichzeitig aufgedeckt werden. Danach folgen Turn und River mit jeweils einer Karte.<\/p>\n\n\n\n<h2 class=\"wp-block-heading\">Poker-Streets \u2013 Grundlagen<\/h2>\n\n\n\n<p>In Community-Card-Spielen wie Texas Hold&#8217;em und Omaha werden h\u00e4ufig die Begriffe <strong>Preflop<\/strong>, <strong>Flop<\/strong>, <strong>Turn<\/strong> und <strong>River<\/strong> verwendet. Manche Spieler bezeichnen Turn und River jedoch auch als vierte und f\u00fcnfte Street.&nbsp;<\/p>\n\n\n\n<figure class=\"wp-block-image size-large\"><img loading=\"lazy\" decoding=\"async\" width=\"1024\" height=\"576\" src=\"http:\/\/hand2noteguide.com\/wp-content\/uploads\/2024\/09\/Streets-min-1-1024x576.jpg\" alt=\"Poker streets\" class=\"wp-image-7843\" srcset=\"https:\/\/hand2noteguide.com\/wp-content\/uploads\/2024\/09\/Streets-min-1-1024x576.jpg 1024w, https:\/\/hand2noteguide.com\/wp-content\/uploads\/2024\/09\/Streets-min-1-300x169.jpg 300w, https:\/\/hand2noteguide.com\/wp-content\/uploads\/2024\/09\/Streets-min-1-768x432.jpg 768w, https:\/\/hand2noteguide.com\/wp-content\/uploads\/2024\/09\/Streets-min-1-1536x864.jpg 1536w, https:\/\/hand2noteguide.com\/wp-content\/uploads\/2024\/09\/Streets-min-1-772x434.jpg 772w, https:\/\/hand2noteguide.com\/wp-content\/uploads\/2024\/09\/Streets-min-1-624x351.jpg 624w, https:\/\/hand2noteguide.com\/wp-content\/uploads\/2024\/09\/Streets-min-1.jpg 1600w\" sizes=\"auto, (max-width: 1024px) 100vw, 1024px\" \/><\/figure>\n\n\n\n<p>Eine Street beschreibt das Austeilen der Karten, nicht die Setzrunde. In Hold\u2019em und Omaha gibt es vier Setzrunden: Preflop, Flop, Turn und River.<\/p>\n\n\n\n<h2 class=\"wp-block-heading\">Der Preflop<\/h2>\n\n\n\n<p>Der Preflop ist <strong>die erste Setzrunde<\/strong> in Community-Pokerspielen. In dieser Phase erhalten die Spieler ihre Hole Cards, aber es wurden noch keine Gemeinschaftskarten aufgedeckt. Die zwei Spieler links vom Button posten die Blinds, und dieses Dead Money dient als finanzieller Anreiz, die Hand zu beginnen.<\/p>\n\n\n\n<figure class=\"wp-block-image size-large\"><img loading=\"lazy\" decoding=\"async\" width=\"1024\" height=\"576\" src=\"https:\/\/hand2noteguide.com\/wp-content\/uploads\/2024\/09\/Preflop-min-1024x576.jpg\" alt=\"poker preflop\" class=\"wp-image-8069\" srcset=\"https:\/\/hand2noteguide.com\/wp-content\/uploads\/2024\/09\/Preflop-min-1024x576.jpg 1024w, https:\/\/hand2noteguide.com\/wp-content\/uploads\/2024\/09\/Preflop-min-300x169.jpg 300w, https:\/\/hand2noteguide.com\/wp-content\/uploads\/2024\/09\/Preflop-min-768x432.jpg 768w, https:\/\/hand2noteguide.com\/wp-content\/uploads\/2024\/09\/Preflop-min-1536x864.jpg 1536w, https:\/\/hand2noteguide.com\/wp-content\/uploads\/2024\/09\/Preflop-min-772x434.jpg 772w, https:\/\/hand2noteguide.com\/wp-content\/uploads\/2024\/09\/Preflop-min-624x351.jpg 624w, https:\/\/hand2noteguide.com\/wp-content\/uploads\/2024\/09\/Preflop-min.jpg 1600w\" sizes=\"auto, (max-width: 1024px) 100vw, 1024px\" \/><\/figure>\n\n\n\n<p>Die Action preflop beginnt beim Spieler in der <a href=\"\/de\/poker\/poker-positions\/\">Under-the-Gun-Position<\/a> und geht weiter, bis alle verbleibenden Spieler den h\u00f6chsten Raise gecallt haben. Es ist auch m\u00f6glich, dass alle Spieler bis auf einen ihre Karten folden. In diesem Fall steht der Gewinner der Hand bereits preflop fest \u2013 weitere Streets werden nicht gespielt.<\/p>\n\n\n\n<p>Der Preflop wirkt vielleicht wie ein einfacher Einstieg, aber die Entscheidungen in dieser Phase k\u00f6nnen einen gro\u00dfen Einfluss darauf haben, wie du den Rest der Hand spielst.<\/p>\n\n\n\n<h3 class=\"wp-block-heading\">Legt die Grundlage<\/h3>\n\n\n\n<p>Der Preflop bildet die Grundlage daf\u00fcr, wie eine Hand gespielt wird. Du entscheidest, ob du <a href=\"\/de\/poker\/poker-actions\/\">callst, erh\u00f6hst oder foldest<\/a>, abh\u00e4ngig von:<\/p>\n\n\n\n<ul class=\"wp-block-list\">\n<li>\ud83e\udd14 wie stark deine Hole Cards sind;<\/li>\n\n\n\n<li>\u2753 in welcher <a href=\"\/de\/poker\/poker-positions\/\">Position<\/a> du sitzt;<\/li>\n\n\n\n<li>\u2753 welche <a href=\"\/de\/poker\/poker-actions\/\">Aktionen<\/a> vor dir stattgefunden haben.<\/li>\n<\/ul>\n\n\n\n<p>Deine Entscheidungen h\u00e4ngen stark davon ab, ob du in fr\u00fcher, mittlerer oder sp\u00e4ter Position sitzt. In fr\u00fcher Position solltest du zum Beispiel deutlich tighter spielen. In sp\u00e4ter Position kannst du hingegen die Aktionen deiner Gegner beobachten, bevor du selbst entscheidest. Das gibt dir mehr Freiheit und erm\u00f6glicht es dir, mehr H\u00e4nde profitabel zu spielen.<\/p>\n\n\n\n<h3 class=\"wp-block-heading\">Definiert <a href=\"https:\/\/blog.freebetrange.com\/de\/article\/poker-preflop-ranges-a-comprehensive-guide\" target=\"_blank\" aria-label=\"undefined (opens in a new tab)\" rel=\"noreferrer noopener\">Handranges<\/a><\/h3>\n\n\n\n<p>Erfahrene Spieler <strong>denken preflop nicht nur \u00fcber ihre eigenen Hole Cards nach<\/strong>. Sie \u00fcberlegen auch, welche H\u00e4nde ihre Gegner basierend auf deren Aktionen haben k\u00f6nnten. Wenn du die Range deines Gegners einsch\u00e4tzen kannst, kannst du beurteilen, ob deine Hand wahrscheinlich vorne oder hinten liegt. Anschlie\u00dfend kannst du deine Strategie entsprechend anpassen.<\/p>\n\n\n\n<p>Zum Beispiel: Du siehst, dass dein Gegner aus fr\u00fcher Position einen <a aria-label=\"undefined (opens in a new tab)\" href=\"https:\/\/blog.freebetrange.com\/de\/article\/preflop-charts-open-raise-in-6-max-poker-cash-games\" target=\"_blank\" rel=\"noreferrer noopener\">Open Raise<\/a> macht. Das deutet oft darauf hin, dass er eine Premium-Hand oder zumindest eine sehr spielbare Hand h\u00e4lt.<\/p>\n\n\n\n<div class=\"green-block\">\n<p>Im Durchschnitt er\u00f6ffnet ein guter Spieler aus fr\u00fcher Position etwa 15\u202f% seiner H\u00e4nde mit einem Raise:<\/p>\n<p style=\"margin-bottom:0\"><img decoding=\"async\" style=\"width:500px\" src=\"http:\/\/hand2noteguide.com\/wp-content\/uploads\/2024\/09\/ep-open-raise-min.png\" alt=\"utg open raise\"><\/p>\n<\/div>\n\n\n\n<h2 class=\"wp-block-heading\">Der Flop<\/h2>\n\n\n\n<p>In Omaha- und Texas-Hold\u2019em-Varianten ist der Flop die zweite Setzrunde nach dem Preflop. Es ist ein spannender Moment, in dem <strong>die ersten drei Gemeinschaftskarten<\/strong> auf dem Board aufgedeckt werden. Diese Karten liegen offen f\u00fcr alle Spieler sichtbar auf dem Tisch.<\/p>\n\n\n\n<figure class=\"wp-block-image size-large\"><img loading=\"lazy\" decoding=\"async\" width=\"1024\" height=\"576\" src=\"https:\/\/hand2noteguide.com\/wp-content\/uploads\/2024\/09\/Flop-min-1024x576.jpg\" alt=\"poker flop\" class=\"wp-image-7962\" srcset=\"https:\/\/hand2noteguide.com\/wp-content\/uploads\/2024\/09\/Flop-min-1024x576.jpg 1024w, https:\/\/hand2noteguide.com\/wp-content\/uploads\/2024\/09\/Flop-min-300x169.jpg 300w, https:\/\/hand2noteguide.com\/wp-content\/uploads\/2024\/09\/Flop-min-768x432.jpg 768w, https:\/\/hand2noteguide.com\/wp-content\/uploads\/2024\/09\/Flop-min-1536x864.jpg 1536w, https:\/\/hand2noteguide.com\/wp-content\/uploads\/2024\/09\/Flop-min-772x434.jpg 772w, https:\/\/hand2noteguide.com\/wp-content\/uploads\/2024\/09\/Flop-min-624x351.jpg 624w, https:\/\/hand2noteguide.com\/wp-content\/uploads\/2024\/09\/Flop-min.jpg 1600w\" sizes=\"auto, (max-width: 1024px) 100vw, 1024px\" \/><\/figure>\n\n\n\n<p>Der Flop ist nicht einfach nur eine weitere Runde im Spiel \u2013 f\u00fcr jeden Spieler am Tisch kann er \u00fcber Gewinn oder Verlust der Hand entscheiden.<\/p>\n\n\n\n<h3 class=\"wp-block-heading\">Bestimmt die <a href=\"\/de\/poker\/poker-hand-rankings\/\">St\u00e4rke deiner Hand<\/a><\/h3>\n\n\n\n<p>Der Flop ist eine entscheidende Phase. Er liefert wichtige Informationen, mit denen Spieler die St\u00e4rke ihrer Hand einsch\u00e4tzen k\u00f6nnen. Indem sie die drei Gemeinschaftskarten auf dem Flop mit ihren Hole Cards kombinieren, k\u00f6nnen Spieler ihre Gewinnwahrscheinlichkeit berechnen. Dieses Wissen hilft bei der Entscheidung, ob man folden, checken, setzen oder callen sollte.&nbsp;<\/p>\n\n\n\n<h3 class=\"wp-block-heading\">Zwingt Spieler zur Anpassung<\/h3>\n\n\n\n<p>Der Flop zwingt Spieler h\u00e4ufig dazu, ihre Strategie anzupassen, da er neue Informationen liefert. Dabei m\u00fcssen Spieler nicht nur ihre eigene Hand ber\u00fccksichtigen, sondern auch m\u00f6gliche H\u00e4nde ihrer Gegner.&nbsp;<\/p>\n\n\n\n<p>Die Anpassung an den Flop ist ein zentraler Bestandteil erfolgreichen Pokerspiels und kann den Ausgang einer Hand stark beeinflussen.<\/p>\n\n\n\n<h2 class=\"wp-block-heading\">Der Turn<\/h2>\n\n\n\n<p>Nach der Setzrunde auf dem Flop wird eine Karte vom Deck verbrannt und <strong>eine vierte Gemeinschaftskarte<\/strong> aufgedeckt. Diese Karte nennt man den Turn, auch bekannt als <strong>Fourth Street<\/strong>.<\/p>\n\n\n\n<figure class=\"wp-block-image size-large\"><img loading=\"lazy\" decoding=\"async\" width=\"1024\" height=\"576\" src=\"http:\/\/hand2noteguide.com\/wp-content\/uploads\/2024\/09\/Turn-min-1024x576.jpg\" alt=\"poker turn\" class=\"wp-image-7968\" srcset=\"https:\/\/hand2noteguide.com\/wp-content\/uploads\/2024\/09\/Turn-min-1024x576.jpg 1024w, https:\/\/hand2noteguide.com\/wp-content\/uploads\/2024\/09\/Turn-min-300x169.jpg 300w, https:\/\/hand2noteguide.com\/wp-content\/uploads\/2024\/09\/Turn-min-768x432.jpg 768w, https:\/\/hand2noteguide.com\/wp-content\/uploads\/2024\/09\/Turn-min-1536x864.jpg 1536w, https:\/\/hand2noteguide.com\/wp-content\/uploads\/2024\/09\/Turn-min-772x434.jpg 772w, https:\/\/hand2noteguide.com\/wp-content\/uploads\/2024\/09\/Turn-min-624x351.jpg 624w, https:\/\/hand2noteguide.com\/wp-content\/uploads\/2024\/09\/Turn-min.jpg 1600w\" sizes=\"auto, (max-width: 1024px) 100vw, 1024px\" \/><\/figure>\n\n\n\n<p>Der Turn ist eine oft untersch\u00e4tzte Setzrunde, die in Strategiematerialien h\u00e4ufig zu wenig Beachtung findet. Viele Strategieguides konzentrieren sich auf das richtige Spiel auf Flop und River und betrachten den Turn nur als Verbindung zwischen zwei wichtigeren Streets.<\/p>\n\n\n\n<p>Nach den Setzrunden auf Preflop und Flop ist der Pot h\u00e4ufig bereits so gro\u00df geworden, dass du entscheiden musst, ob du dich vollst\u00e4ndig auf die Hand einlassen willst oder nicht. Deshalb ist die Turn-Strategie ein entscheidender Bestandteil jeder Pokerhand.<\/p>\n\n\n\n<h3 class=\"wp-block-heading\">Ver\u00e4ndert drastisch <a href=\"https:\/\/www.getcoach.poker\/calculators\/holdem-odds\/\" target=\"_blank\" aria-label=\"undefined (opens in a new tab)\" rel=\"noreferrer noopener\">die Hand-Odds<\/a><\/h3>\n\n\n\n<p>Neben der zus\u00e4tzlichen Karte auf dem Board ver\u00e4ndert die Turn-Karte auch die Wahrscheinlichkeiten, eine Hand zu verbessern.&nbsp; Spieler k\u00f6nnen ihre Chancen auf eine Gewinnhand neu bewerten und zus\u00e4tzliche Informationen f\u00fcr weitere Analysen nutzen.<\/p>\n\n\n\n<p>Zum Beispiel steigen die Gewinnchancen eines Spielers stark an \ud83d\ude80, wenn die Turn-Karte einen Flush Draw vervollst\u00e4ndigt und er darauf gespielt hat. Verbessert die Turn-Karte seine Hand jedoch nicht, muss er seine Strategie m\u00f6glicherweise \u00fcberdenken und entscheiden, ob er foldet oder bis zur letzten Street im Pot bleibt.<\/p>\n\n\n\n<div class=\"green-block\">\n<p>Auf dem Turn haben <b>Draw-H\u00e4nde deutlich weniger Equity als auf dem Flop<\/b>. Zum Beispiel hattest du in Texas Hold\u2019em mit einem Flush Draw gegen Top Pair auf dem Flop fast 40\u202f% Equity:<\/p>\n<p><img decoding=\"async\" src=\"http:\/\/hand2noteguide.com\/wp-content\/uploads\/2024\/09\/equity-1-min.png\"><\/p>\n<p>Wenn du deine Karte auf dem Turn verpasst, bleiben dir nur noch etwa 20\u202f%.<\/p>\n<p><img decoding=\"async\" src=\"http:\/\/hand2noteguide.com\/wp-content\/uploads\/2024\/09\/equity-2-min.png\"><\/p>\n<p style=\"margin-bottom:0\">Deine Equity hat sich also halbiert. Schau dir \u00e4hnliche Szenarien mit dem <a target=\"_blank\" href=\"https:\/\/www.getcoach.poker\/calculators\/holdem-odds\/\" rel=\"noopener\">Poker Odds Calculator<\/a> an.<\/p>\n<\/div>\n\n\n\n<h3 class=\"wp-block-heading\">Stellt die F\u00e4higkeiten der Spieler auf die Probe<\/h3>\n\n\n\n<p>Der Turn ist ein entscheidender Moment im Spiel, in dem die F\u00e4higkeiten der Spieler besonders gefordert sind. Auf dem Turn m\u00fcssen Spieler sorgf\u00e4ltig die Reaktionen ihrer Gegner, Setzstrategien und den gesamten Verlauf der Hand ber\u00fccksichtigen.<\/p>\n\n\n\n<p>An diesem Punkt werden <a href=\"\/de\/poker\/poker-bluff\/\">Bluff-Techniken<\/a> noch wichtiger. Der Pot ist bereits gro\u00df und es bleibt nur noch eine Street, auf der sich H\u00e4nde verbessern k\u00f6nnen. Deshalb bietet die Turn-Setzrunde eine hervorragende Gelegenheit, zus\u00e4tzlichen Druck auf deine Gegner auszu\u00fcben.<\/p>\n\n\n\n<h2 class=\"wp-block-heading\">Der River<\/h2>\n\n\n\n<p>Nach dem Turn beginnt die River-Runde, in der die f\u00fcnfte und <strong>letzte Gemeinschaftskarte offen<\/strong> auf den Tisch gelegt wird. Es ist die letzte Chance f\u00fcr Spieler, ihre Hand zu verbessern.<\/p>\n\n\n\n<figure class=\"wp-block-image size-large\"><img loading=\"lazy\" decoding=\"async\" width=\"1024\" height=\"576\" src=\"http:\/\/hand2noteguide.com\/wp-content\/uploads\/2024\/09\/River-min-1024x576.jpg\" alt=\"poker river\" class=\"wp-image-7969\" srcset=\"https:\/\/hand2noteguide.com\/wp-content\/uploads\/2024\/09\/River-min-1024x576.jpg 1024w, https:\/\/hand2noteguide.com\/wp-content\/uploads\/2024\/09\/River-min-300x169.jpg 300w, https:\/\/hand2noteguide.com\/wp-content\/uploads\/2024\/09\/River-min-768x432.jpg 768w, https:\/\/hand2noteguide.com\/wp-content\/uploads\/2024\/09\/River-min-1536x864.jpg 1536w, https:\/\/hand2noteguide.com\/wp-content\/uploads\/2024\/09\/River-min-772x434.jpg 772w, https:\/\/hand2noteguide.com\/wp-content\/uploads\/2024\/09\/River-min-624x351.jpg 624w, https:\/\/hand2noteguide.com\/wp-content\/uploads\/2024\/09\/River-min.jpg 1600w\" sizes=\"auto, (max-width: 1024px) 100vw, 1024px\" \/><\/figure>\n\n\n\n<p>Der River ist eine sehr interessante und technisch anspruchsvolle Street, da Spieler ihre H\u00e4nde nicht mehr verbessern k\u00f6nnen. Alle Spieler haben ihre <a href=\"\/de\/poker\/poker-hand-rankings\/\">Kombinationen<\/a> bereits gebildet, und vor dem Showdown bleibt nur noch eine letzte Setzrunde.<\/p>\n\n\n\n<h3 class=\"wp-block-heading\">Zwingt zu teuren Entscheidungen<\/h3>\n\n\n\n<p>Nach mehreren Setzrunden ist der Pot in der Regel deutlich angewachsen. Entscheidungen am River sind daher sehr teuer, und du versp\u00fcrst m\u00f6glicherweise den emotionalen Wunsch, den Pot unbedingt zu gewinnen. Au\u00dferdem kann Druck entstehen, weil du bereits viel Geld investiert hast. Versuche dennoch, \ud83e\udde0 <strong>einen klaren Kopf zu behalten<\/strong> und Emotionen nicht deine Entscheidungen beeinflussen zu lassen.<\/p>\n\n\n\n<p>Denke jedoch daran, dass deine Gegner in derselben Situation sind. Deshalb kann <a href=\"\/de\/poker\/poker-bluff\/\"><strong>ein Bluff am River<\/strong><\/a> zwar riskant, aber auch sehr profitabel sein. Wichtig ist, die richtigen Situationen zu w\u00e4hlen und eine passende Betgr\u00f6\u00dfe zu verwenden.<\/p>\n\n\n\n<div class=\"green-block\">\n<p style=\"margin-bottom:0\">\ud83d\udca1 Sei vorsichtig mit Value Bets: <b>Eine Hand, die auf dem Flop stark war, ist auf dem River nicht unbedingt noch stark<\/b>.<\/p>\n<\/div>\n\n\n\n<h3 class=\"wp-block-heading\">Kann zu <a href=\"\/de\/poker\/poker-tilt\/\">Tilt<\/a> f\u00fchren<\/h3>\n\n\n\n<p>Die d\u00fcmmsten und teuersten Fehler im Poker passieren oft am River. Ein typisches Problem vieler Spieler ist, dass sie ihre Karten nicht folden k\u00f6nnen, obwohl sie wissen, dass sie beim Showdown h\u00f6chstwahrscheinlich verlieren werden. Am River spielt die Psychologie mehr als auf jeder anderen Street eine entscheidende Rolle.<\/p>\n\n\n\n<h2 class=\"wp-block-heading\">Fazit<\/h2>\n\n\n\n<p>Um im Poker erfolgreich zu sein, musst du verstehen, was Streets sind und wie sie deine Strategie beeinflussen.&nbsp;<\/p>\n\n\n\n<p>Vom Preflop bis zum River bringt jede Street eigene Chancen und Herausforderungen mit sich. Wenn du verstehst, wie jede Phase funktioniert, kannst du bessere Entscheidungen treffen, dich an neue Informationen anpassen und dein Pokerspiel insgesamt verbessern.<\/p>\n","protected":false},"excerpt":{"rendered":"<p>Der Begriff Street ist ein Pokerbegriff, dem du h\u00e4ufig begegnen wirst. Fragst du dich, was eine Street im Poker bedeutet und welchen Einfluss sie auf die Strategie hat? Der Ausdruck \u201eStreet\u201c spielt auf die Idee an, dass Poker wie ein \ud83c\udfcd\ufe0f Spaziergang durch eine Stra\u00dfe ist. Jede neue Street liefert neue Informationen, die dir helfen, &hellip; <a href=\"https:\/\/hand2noteguide.com\/de\/poker\/poker-streets\/\" class=\"more-link\">Continue reading <span class=\"screen-reader-text\">Poker-Streets: Ein strategischer Leitfaden von Preflop bis River<\/span><\/a><\/p>\n","protected":false},"author":1,"featured_media":0,"parent":7017,"menu_order":0,"comment_status":"closed","ping_status":"closed","template":"","meta":{"footnotes":""},"class_list":["post-7936","page","type-page","status-publish","hentry"],"translation":{"provider":"WPGlobus","version":"3.0.2","language":"de","enabled_languages":["en","ru","pt","zh","es","fr","de","it","ja"],"languages":{"en":{"title":true,"content":true,"excerpt":false},"ru":{"title":true,"content":true,"excerpt":false},"pt":{"title":true,"content":true,"excerpt":false},"zh":{"title":true,"content":true,"excerpt":false},"es":{"title":true,"content":true,"excerpt":false},"fr":{"title":true,"content":true,"excerpt":false},"de":{"title":true,"content":true,"excerpt":false},"it":{"title":true,"content":true,"excerpt":false},"ja":{"title":true,"content":true,"excerpt":false}}},"yoast_head":"<!-- This site is optimized with the Yoast SEO plugin v27.0 - https:\/\/yoast.com\/product\/yoast-seo-wordpress\/ -->\n<title>Poker-Streets: Ein strategischer Leitfaden von Preflop bis River<\/title>\n<meta name=\"description\" content=\"Lerne die Namen aller Poker-Streets und ihre Besonderheiten kennen. Preflop, Flop, Turn und River \u2013 jede Street hat ihre eigenen strategischen Elemente.\" \/>\n<meta name=\"robots\" content=\"index, follow, max-snippet:-1, max-image-preview:large, max-video-preview:-1\" \/>\n<link rel=\"canonical\" href=\"https:\/\/hand2noteguide.com\/poker\/poker-streets\/\" \/>\n<meta property=\"og:locale\" content=\"de_DE\" \/>\n<meta property=\"og:type\" content=\"article\" \/>\n<meta property=\"og:title\" content=\"Poker-Streets: Ein strategischer Leitfaden von Preflop bis River\" \/>\n<meta property=\"og:description\" content=\"Lerne die Namen aller Poker-Streets und ihre Besonderheiten kennen. Preflop, Flop, Turn und River \u2013 jede Street hat ihre eigenen strategischen Elemente.\" \/>\n<meta property=\"og:url\" content=\"https:\/\/hand2noteguide.com\/poker\/poker-streets\/\" \/>\n<meta property=\"og:site_name\" content=\"Hand2Note Guide\" \/>\n<meta property=\"article:modified_time\" content=\"2026-03-11T13:55:58+00:00\" \/>\n<meta property=\"og:image\" content=\"http:\/\/hand2noteguide.com\/wp-content\/uploads\/2024\/09\/Streets-min-1-1024x576.jpg\" \/>\n<meta name=\"twitter:card\" content=\"summary_large_image\" \/>\n<meta name=\"twitter:label1\" content=\"Est. reading time\" \/>\n\t<meta name=\"twitter:data1\" content=\"70 minutes\" \/>\n<!-- \/ Yoast SEO plugin. -->","yoast_head_json":{"title":"Poker-Streets: Ein strategischer Leitfaden von Preflop bis River","description":"Lerne die Namen aller Poker-Streets und ihre Besonderheiten kennen. Preflop, Flop, Turn und River \u2013 jede Street hat ihre eigenen strategischen Elemente.","robots":{"index":"index","follow":"follow","max-snippet":"max-snippet:-1","max-image-preview":"max-image-preview:large","max-video-preview":"max-video-preview:-1"},"canonical":"https:\/\/hand2noteguide.com\/poker\/poker-streets\/","og_locale":"de_DE","og_type":"article","og_title":"Poker-Streets: Ein strategischer Leitfaden von Preflop bis River","og_description":"Lerne die Namen aller Poker-Streets und ihre Besonderheiten kennen. Preflop, Flop, Turn und River \u2013 jede Street hat ihre eigenen strategischen Elemente.","og_url":"https:\/\/hand2noteguide.com\/poker\/poker-streets\/","og_site_name":"Hand2Note Guide","article_modified_time":"2026-03-11T13:55:58+00:00","og_image":[{"url":"http:\/\/hand2noteguide.com\/wp-content\/uploads\/2024\/09\/Streets-min-1-1024x576.jpg","type":"","width":"","height":""}],"twitter_card":"summary_large_image","twitter_misc":{"Est. reading time":"70 minutes"},"schema":{"@context":"https:\/\/schema.org","@graph":[]}},"jetpack_sharing_enabled":true,"_links":{"self":[{"href":"https:\/\/hand2noteguide.com\/de\/wp-json\/wp\/v2\/pages\/7936","targetHints":{"allow":["GET"]}}],"collection":[{"href":"https:\/\/hand2noteguide.com\/de\/wp-json\/wp\/v2\/pages"}],"about":[{"href":"https:\/\/hand2noteguide.com\/de\/wp-json\/wp\/v2\/types\/page"}],"author":[{"embeddable":true,"href":"https:\/\/hand2noteguide.com\/de\/wp-json\/wp\/v2\/users\/1"}],"replies":[{"embeddable":true,"href":"https:\/\/hand2noteguide.com\/de\/wp-json\/wp\/v2\/comments?post=7936"}],"version-history":[{"count":57,"href":"https:\/\/hand2noteguide.com\/de\/wp-json\/wp\/v2\/pages\/7936\/revisions"}],"predecessor-version":[{"id":15811,"href":"https:\/\/hand2noteguide.com\/de\/wp-json\/wp\/v2\/pages\/7936\/revisions\/15811"}],"up":[{"embeddable":true,"href":"https:\/\/hand2noteguide.com\/de\/wp-json\/wp\/v2\/pages\/7017"}],"wp:attachment":[{"href":"https:\/\/hand2noteguide.com\/de\/wp-json\/wp\/v2\/media?parent=7936"}],"curies":[{"name":"wp","href":"https:\/\/api.w.org\/{rel}","templated":true}]}}