{"id":7989,"date":"2024-09-11T06:48:33","date_gmt":"2024-09-11T03:48:33","guid":{"rendered":"https:\/\/hand2noteguide.com\/?page_id=7989"},"modified":"2026-03-21T15:23:53","modified_gmt":"2026-03-21T12:23:53","slug":"888caption","status":"publish","type":"page","link":"https:\/\/hand2noteguide.com\/de\/888caption\/","title":{"rendered":"888Caption \u267e\ufe0f Ihr bester Helfer auf 888poker und WSOP.com"},"content":{"rendered":"\n<p style=\"margin-top:8px\"><span class=\"product-price\">$25<\/span> <span class=\"product-price-desc\">(1-Jahres-Lizenz)<\/span><\/p>\n\n\n<p><a class=\"btn btn-primary h2n-crypto-open-checkout\" href=\"https:\/\/hand2noteguide.com\/de\/?h2n_crypto_checkout=1&#038;cfg=eyJwcm9kdWN0X2lkIjoyLCJwcm9kdWN0X3ByaWNlIjoiMjUiLCJkb3dubG9hZF9saW5rIjoiaHR0cHM6XC9cL3Bva2VyY2FwdGlvbi5jb21cL2Rvd25sb2Fkcy5odG1sIiwidmVuZG9yX2VtYWlsIjoicG9rZXJjYXB0aW9uQGdtYWlsLmNvbSIsImxpY2Vuc2VfaWRfcmVxdWlyZWQiOnRydWUsIm5ldHdvcmsiOiJ1c2R0X3RyYzIwIiwiY3VycmVuY3kiOiJVU0RUIiwiYmFzZV9hbW91bnQiOiIyNS4wMDAwMDAiLCJidXR0b25fdGV4dCI6IkthdWZlbiIsInRpdGxlIjoiIiwiZGVzY3JpcHRpb24iOiIiLCJzdWNjZXNzX21vZGUiOiJtYW51YWxfZnVsZmlsbG1lbnQiLCJyZXF1aXJlX2VtYWlsIjp0cnVlLCJ0dGxfbWludXRlcyI6NjAsIndhbGxldCI6IlRNSndSM0dlNXlMSm9DSjhyRnRjaVFrUmNoNWpEUkxudTMifQ%3D%3D&#038;sig=eeb43af0e6f3678e5727e877fb0a5fa484e0d04c75eba8b43ce2723854946dab\" target=\"_blank\" rel=\"noopener noreferrer\">Kaufen<\/a><\/p>\n\n\n\n<p>888Caption ist ein Poker-Assistenten-Tool f\u00fcr komfortables Spielen in den Poker-R\u00e4umen von 888poker und WSOP.com. Das Programm unterst\u00fctzt auch 888poker.es, 888poker.dk und alle anderen 888-Reservierungen. Hier sind einige der <strong>Funktionen von 888Caption<\/strong>:<\/p>\n\n\n\n<ul class=\"wp-block-list\">\n<li><strong>Automatische Einsatzgr\u00f6\u00dfen<\/strong>: Voreingestellte Einsatzgr\u00f6\u00dfen f\u00fcr verschiedene Situationen in Cash Games und Turnieren.<\/li>\n\n\n\n<li><strong>Hotkeys<\/strong>: Schnelle Aktionstasten zum Passen, Erh\u00f6hen, Aussetzen und mehr.<\/li>\n\n\n\n<li><strong>Benutzerdefiniertes HUD<\/strong>: Zeigt n\u00fctzliche Statistiken wie <a href=\"https:\/\/hand2noteguide.com\/de\/poker\/free-poker-tools\/pot-odds-calculator\">Pot Odds<\/a>, Stackgr\u00f6\u00dfen und Spielerpositionen an.<\/li>\n\n\n\n<li><strong>Mausrad-Einsatzanpassungen<\/strong>: \u00c4ndern Sie die Einsatzgr\u00f6\u00dfen einfach mit dem Mausrad.<\/li>\n\n\n\n<li><strong>Lobby-Management<\/strong>: Verbirgt Werbung und verhindert, dass die Lobby minimiert wird, wenn Tische ge\u00f6ffnet werden.<\/li>\n\n\n\n<li><strong>Automatisches Rebuy<\/strong>: Automatisches Nachkaufen, wenn Ihr Stack niedrig wird.<\/li>\n\n\n\n<li><strong>Tischanpassung<\/strong>: Passen Sie Tischgr\u00f6\u00dfe, Rahmen und Textfarben nach Ihren W\u00fcnschen an.<\/li>\n\n\n\n<li>Und viele mehr!<\/li>\n<\/ul>\n\n\n\n<p>888Caption funktioniert nahtlos mit <strong><a aria-label=\"undefined (opens in a new tab)\" href=\"https:\/\/hand2note.com\/\" target=\"_blank\" rel=\"noreferrer noopener\">Hand2Note<\/a><\/strong> und ist offiziell \u2705 <strong>von 888-Support genehmigt<\/strong>.<\/p>\n\n\n\n<figure class=\"wp-block-gallery has-nested-images columns-default is-cropped wp-block-gallery-1 is-layout-flex wp-block-gallery-is-layout-flex\">\n<figure class=\"wp-block-image size-large\"><img loading=\"lazy\" decoding=\"async\" width=\"972\" height=\"664\" data-id=\"7997\" src=\"https:\/\/hand2noteguide.com\/wp-content\/uploads\/2024\/09\/Betscript.jpg\" alt=\"\" class=\"wp-image-7997\" srcset=\"https:\/\/hand2noteguide.com\/wp-content\/uploads\/2024\/09\/Betscript.jpg 972w, https:\/\/hand2noteguide.com\/wp-content\/uploads\/2024\/09\/Betscript-300x205.jpg 300w, https:\/\/hand2noteguide.com\/wp-content\/uploads\/2024\/09\/Betscript-768x525.jpg 768w, https:\/\/hand2noteguide.com\/wp-content\/uploads\/2024\/09\/Betscript-772x527.jpg 772w, https:\/\/hand2noteguide.com\/wp-content\/uploads\/2024\/09\/Betscript-624x426.jpg 624w\" sizes=\"auto, (max-width: 972px) 100vw, 972px\" \/><\/figure>\n\n\n\n<figure class=\"wp-block-image size-large\"><img loading=\"lazy\" decoding=\"async\" width=\"970\" height=\"663\" data-id=\"7998\" src=\"https:\/\/hand2noteguide.com\/wp-content\/uploads\/2024\/09\/Convert-chips.jpg\" alt=\"\" class=\"wp-image-7998\" srcset=\"https:\/\/hand2noteguide.com\/wp-content\/uploads\/2024\/09\/Convert-chips.jpg 970w, https:\/\/hand2noteguide.com\/wp-content\/uploads\/2024\/09\/Convert-chips-300x205.jpg 300w, https:\/\/hand2noteguide.com\/wp-content\/uploads\/2024\/09\/Convert-chips-768x525.jpg 768w, https:\/\/hand2noteguide.com\/wp-content\/uploads\/2024\/09\/Convert-chips-772x528.jpg 772w, https:\/\/hand2noteguide.com\/wp-content\/uploads\/2024\/09\/Convert-chips-624x427.jpg 624w\" sizes=\"auto, (max-width: 970px) 100vw, 970px\" \/><\/figure>\n\n\n\n<figure class=\"wp-block-image size-large\"><img loading=\"lazy\" decoding=\"async\" width=\"970\" height=\"664\" data-id=\"8002\" src=\"https:\/\/hand2noteguide.com\/wp-content\/uploads\/2024\/09\/Dialogs.jpg\" alt=\"\" class=\"wp-image-8002\" srcset=\"https:\/\/hand2noteguide.com\/wp-content\/uploads\/2024\/09\/Dialogs.jpg 970w, https:\/\/hand2noteguide.com\/wp-content\/uploads\/2024\/09\/Dialogs-300x205.jpg 300w, https:\/\/hand2noteguide.com\/wp-content\/uploads\/2024\/09\/Dialogs-768x526.jpg 768w, https:\/\/hand2noteguide.com\/wp-content\/uploads\/2024\/09\/Dialogs-772x528.jpg 772w, https:\/\/hand2noteguide.com\/wp-content\/uploads\/2024\/09\/Dialogs-624x427.jpg 624w\" sizes=\"auto, (max-width: 970px) 100vw, 970px\" \/><\/figure>\n\n\n\n<figure class=\"wp-block-image size-large\"><img loading=\"lazy\" decoding=\"async\" width=\"969\" height=\"665\" data-id=\"8001\" src=\"https:\/\/hand2noteguide.com\/wp-content\/uploads\/2024\/09\/Hotkeys.jpg\" alt=\"\" class=\"wp-image-8001\" srcset=\"https:\/\/hand2noteguide.com\/wp-content\/uploads\/2024\/09\/Hotkeys.jpg 969w, https:\/\/hand2noteguide.com\/wp-content\/uploads\/2024\/09\/Hotkeys-300x206.jpg 300w, https:\/\/hand2noteguide.com\/wp-content\/uploads\/2024\/09\/Hotkeys-768x527.jpg 768w, https:\/\/hand2noteguide.com\/wp-content\/uploads\/2024\/09\/Hotkeys-772x530.jpg 772w, https:\/\/hand2noteguide.com\/wp-content\/uploads\/2024\/09\/Hotkeys-624x428.jpg 624w\" sizes=\"auto, (max-width: 969px) 100vw, 969px\" \/><\/figure>\n\n\n\n<figure class=\"wp-block-image size-large\"><img loading=\"lazy\" decoding=\"async\" width=\"969\" height=\"664\" data-id=\"8003\" src=\"https:\/\/hand2noteguide.com\/wp-content\/uploads\/2024\/09\/HUD.jpg\" alt=\"\" class=\"wp-image-8003\" srcset=\"https:\/\/hand2noteguide.com\/wp-content\/uploads\/2024\/09\/HUD.jpg 969w, https:\/\/hand2noteguide.com\/wp-content\/uploads\/2024\/09\/HUD-300x206.jpg 300w, https:\/\/hand2noteguide.com\/wp-content\/uploads\/2024\/09\/HUD-768x526.jpg 768w, https:\/\/hand2noteguide.com\/wp-content\/uploads\/2024\/09\/HUD-772x529.jpg 772w, https:\/\/hand2noteguide.com\/wp-content\/uploads\/2024\/09\/HUD-624x428.jpg 624w\" sizes=\"auto, (max-width: 969px) 100vw, 969px\" \/><\/figure>\n\n\n\n<figure class=\"wp-block-image size-large\"><img loading=\"lazy\" decoding=\"async\" width=\"970\" height=\"664\" data-id=\"8000\" src=\"https:\/\/hand2noteguide.com\/wp-content\/uploads\/2024\/09\/Layout-editor.jpg\" alt=\"\" class=\"wp-image-8000\" srcset=\"https:\/\/hand2noteguide.com\/wp-content\/uploads\/2024\/09\/Layout-editor.jpg 970w, https:\/\/hand2noteguide.com\/wp-content\/uploads\/2024\/09\/Layout-editor-300x205.jpg 300w, https:\/\/hand2noteguide.com\/wp-content\/uploads\/2024\/09\/Layout-editor-768x526.jpg 768w, https:\/\/hand2noteguide.com\/wp-content\/uploads\/2024\/09\/Layout-editor-772x528.jpg 772w, https:\/\/hand2noteguide.com\/wp-content\/uploads\/2024\/09\/Layout-editor-624x427.jpg 624w\" sizes=\"auto, (max-width: 970px) 100vw, 970px\" \/><\/figure>\n\n\n\n<figure class=\"wp-block-image size-large\"><img loading=\"lazy\" decoding=\"async\" width=\"969\" height=\"663\" data-id=\"7996\" src=\"https:\/\/hand2noteguide.com\/wp-content\/uploads\/2024\/09\/License.jpg\" alt=\"\" class=\"wp-image-7996\" srcset=\"https:\/\/hand2noteguide.com\/wp-content\/uploads\/2024\/09\/License.jpg 969w, https:\/\/hand2noteguide.com\/wp-content\/uploads\/2024\/09\/License-300x205.jpg 300w, https:\/\/hand2noteguide.com\/wp-content\/uploads\/2024\/09\/License-768x525.jpg 768w, https:\/\/hand2noteguide.com\/wp-content\/uploads\/2024\/09\/License-772x528.jpg 772w, https:\/\/hand2noteguide.com\/wp-content\/uploads\/2024\/09\/License-624x427.jpg 624w\" sizes=\"auto, (max-width: 969px) 100vw, 969px\" \/><\/figure>\n\n\n\n<figure class=\"wp-block-image size-large\"><img loading=\"lazy\" decoding=\"async\" width=\"970\" height=\"667\" data-id=\"7995\" src=\"https:\/\/hand2noteguide.com\/wp-content\/uploads\/2024\/09\/Lobby.jpg\" alt=\"\" class=\"wp-image-7995\" srcset=\"https:\/\/hand2noteguide.com\/wp-content\/uploads\/2024\/09\/Lobby.jpg 970w, https:\/\/hand2noteguide.com\/wp-content\/uploads\/2024\/09\/Lobby-300x206.jpg 300w, https:\/\/hand2noteguide.com\/wp-content\/uploads\/2024\/09\/Lobby-768x528.jpg 768w, https:\/\/hand2noteguide.com\/wp-content\/uploads\/2024\/09\/Lobby-772x531.jpg 772w, https:\/\/hand2noteguide.com\/wp-content\/uploads\/2024\/09\/Lobby-624x429.jpg 624w\" sizes=\"auto, (max-width: 970px) 100vw, 970px\" \/><\/figure>\n\n\n\n<figure class=\"wp-block-image size-large\"><img loading=\"lazy\" decoding=\"async\" width=\"969\" height=\"663\" data-id=\"8004\" src=\"https:\/\/hand2noteguide.com\/wp-content\/uploads\/2024\/09\/Options.jpg\" alt=\"\" class=\"wp-image-8004\" srcset=\"https:\/\/hand2noteguide.com\/wp-content\/uploads\/2024\/09\/Options.jpg 969w, https:\/\/hand2noteguide.com\/wp-content\/uploads\/2024\/09\/Options-300x205.jpg 300w, https:\/\/hand2noteguide.com\/wp-content\/uploads\/2024\/09\/Options-768x525.jpg 768w, https:\/\/hand2noteguide.com\/wp-content\/uploads\/2024\/09\/Options-772x528.jpg 772w, https:\/\/hand2noteguide.com\/wp-content\/uploads\/2024\/09\/Options-624x427.jpg 624w\" sizes=\"auto, (max-width: 969px) 100vw, 969px\" \/><\/figure>\n\n\n\n<figure class=\"wp-block-image size-large\"><img loading=\"lazy\" decoding=\"async\" width=\"969\" height=\"663\" data-id=\"7994\" src=\"https:\/\/hand2noteguide.com\/wp-content\/uploads\/2024\/09\/Table-highlight.jpg\" alt=\"\" class=\"wp-image-7994\" srcset=\"https:\/\/hand2noteguide.com\/wp-content\/uploads\/2024\/09\/Table-highlight.jpg 969w, https:\/\/hand2noteguide.com\/wp-content\/uploads\/2024\/09\/Table-highlight-300x205.jpg 300w, https:\/\/hand2noteguide.com\/wp-content\/uploads\/2024\/09\/Table-highlight-768x525.jpg 768w, https:\/\/hand2noteguide.com\/wp-content\/uploads\/2024\/09\/Table-highlight-772x528.jpg 772w, https:\/\/hand2noteguide.com\/wp-content\/uploads\/2024\/09\/Table-highlight-624x427.jpg 624w\" sizes=\"auto, (max-width: 969px) 100vw, 969px\" \/><\/figure>\n\n\n\n<figure class=\"wp-block-image size-large\"><img loading=\"lazy\" decoding=\"async\" width=\"969\" height=\"663\" data-id=\"7999\" src=\"https:\/\/hand2noteguide.com\/wp-content\/uploads\/2024\/09\/Table-manager.jpg\" alt=\"\" class=\"wp-image-7999\" srcset=\"https:\/\/hand2noteguide.com\/wp-content\/uploads\/2024\/09\/Table-manager.jpg 969w, https:\/\/hand2noteguide.com\/wp-content\/uploads\/2024\/09\/Table-manager-300x205.jpg 300w, https:\/\/hand2noteguide.com\/wp-content\/uploads\/2024\/09\/Table-manager-768x525.jpg 768w, https:\/\/hand2noteguide.com\/wp-content\/uploads\/2024\/09\/Table-manager-772x528.jpg 772w, https:\/\/hand2noteguide.com\/wp-content\/uploads\/2024\/09\/Table-manager-624x427.jpg 624w\" sizes=\"auto, (max-width: 969px) 100vw, 969px\" \/><\/figure>\n<\/figure>\n\n","protected":false},"excerpt":{"rendered":"<p>$25 (1-Jahres-Lizenz) 888Caption ist ein Poker-Assistenten-Tool f\u00fcr komfortables Spielen in den Poker-R\u00e4umen von 888poker und WSOP.com. Das Programm unterst\u00fctzt auch 888poker.es, 888poker.dk und alle anderen 888-Reservierungen. Hier sind einige der Funktionen von 888Caption: 888Caption funktioniert nahtlos mit Hand2Note und ist offiziell \u2705 von 888-Support genehmigt.<\/p>\n","protected":false},"author":1,"featured_media":0,"parent":0,"menu_order":0,"comment_status":"closed","ping_status":"closed","template":"page-templates\/full-width-page.php","meta":{"footnotes":""},"class_list":["post-7989","page","type-page","status-publish","hentry"],"translation":{"provider":"WPGlobus","version":"3.0.2","language":"de","enabled_languages":["en","ru","pt","zh","es","fr","de","it","ja"],"languages":{"en":{"title":true,"content":true,"excerpt":false},"ru":{"title":true,"content":true,"excerpt":false},"pt":{"title":true,"content":true,"excerpt":false},"zh":{"title":true,"content":true,"excerpt":false},"es":{"title":true,"content":true,"excerpt":false},"fr":{"title":true,"content":true,"excerpt":false},"de":{"title":true,"content":true,"excerpt":false},"it":{"title":true,"content":true,"excerpt":false},"ja":{"title":true,"content":true,"excerpt":false}}},"yoast_head":"<!-- This site is optimized with the Yoast SEO plugin v27.0 - https:\/\/yoast.com\/product\/yoast-seo-wordpress\/ -->\n<title>888Caption \u267e\ufe0f Ihr bester Helfer auf 888poker und WSOP.com<\/title>\n<meta name=\"description\" content=\"888Caption ist das beste Assistenten-Tool f\u00fcr das Spielen auf 888poker und WSOP.com. Chips in BB umwandeln, Hotkeys verwenden, Positionen anzeigen, Pot Odds und mehr!\" \/>\n<meta name=\"robots\" content=\"index, follow, max-snippet:-1, max-image-preview:large, max-video-preview:-1\" \/>\n<link rel=\"canonical\" href=\"https:\/\/hand2noteguide.com\/888caption\/\" \/>\n<meta property=\"og:locale\" content=\"de_DE\" \/>\n<meta property=\"og:type\" content=\"article\" \/>\n<meta property=\"og:title\" content=\"888Caption \u267e\ufe0f Ihr bester Helfer auf 888poker und WSOP.com\" \/>\n<meta property=\"og:description\" content=\"888Caption ist das beste Assistenten-Tool f\u00fcr das Spielen auf 888poker und WSOP.com. Chips in BB umwandeln, Hotkeys verwenden, Positionen anzeigen, Pot Odds und mehr!\" \/>\n<meta property=\"og:url\" content=\"https:\/\/hand2noteguide.com\/888caption\/\" \/>\n<meta property=\"og:site_name\" content=\"Hand2Note Guide\" \/>\n<meta property=\"article:modified_time\" content=\"2026-03-21T12:23:53+00:00\" \/>\n<meta property=\"og:image\" content=\"https:\/\/hand2noteguide.com\/wp-content\/uploads\/2024\/09\/Betscript.jpg\" \/>\n\t<meta property=\"og:image:width\" content=\"972\" \/>\n\t<meta property=\"og:image:height\" content=\"664\" \/>\n\t<meta property=\"og:image:type\" content=\"image\/jpeg\" \/>\n<meta name=\"twitter:card\" content=\"summary_large_image\" \/>\n<meta name=\"twitter:label1\" content=\"Est. reading time\" \/>\n\t<meta name=\"twitter:data1\" content=\"3 minutes\" \/>\n<!-- \/ Yoast SEO plugin. -->","yoast_head_json":{"title":"888Caption \u267e\ufe0f Ihr bester Helfer auf 888poker und WSOP.com","description":"888Caption ist das beste Assistenten-Tool f\u00fcr das Spielen auf 888poker und WSOP.com. Chips in BB umwandeln, Hotkeys verwenden, Positionen anzeigen, Pot Odds und mehr!","robots":{"index":"index","follow":"follow","max-snippet":"max-snippet:-1","max-image-preview":"max-image-preview:large","max-video-preview":"max-video-preview:-1"},"canonical":"https:\/\/hand2noteguide.com\/888caption\/","og_locale":"de_DE","og_type":"article","og_title":"888Caption \u267e\ufe0f Ihr bester Helfer auf 888poker und WSOP.com","og_description":"888Caption ist das beste Assistenten-Tool f\u00fcr das Spielen auf 888poker und WSOP.com. Chips in BB umwandeln, Hotkeys verwenden, Positionen anzeigen, Pot Odds und mehr!","og_url":"https:\/\/hand2noteguide.com\/888caption\/","og_site_name":"Hand2Note Guide","article_modified_time":"2026-03-21T12:23:53+00:00","og_image":[{"width":972,"height":664,"url":"https:\/\/hand2noteguide.com\/wp-content\/uploads\/2024\/09\/Betscript.jpg","type":"image\/jpeg"}],"twitter_card":"summary_large_image","twitter_misc":{"Est. reading time":"3 minutes"},"schema":{"@context":"https:\/\/schema.org","@graph":[]}},"jetpack_sharing_enabled":true,"_links":{"self":[{"href":"https:\/\/hand2noteguide.com\/de\/wp-json\/wp\/v2\/pages\/7989","targetHints":{"allow":["GET"]}}],"collection":[{"href":"https:\/\/hand2noteguide.com\/de\/wp-json\/wp\/v2\/pages"}],"about":[{"href":"https:\/\/hand2noteguide.com\/de\/wp-json\/wp\/v2\/types\/page"}],"author":[{"embeddable":true,"href":"https:\/\/hand2noteguide.com\/de\/wp-json\/wp\/v2\/users\/1"}],"replies":[{"embeddable":true,"href":"https:\/\/hand2noteguide.com\/de\/wp-json\/wp\/v2\/comments?post=7989"}],"version-history":[{"count":17,"href":"https:\/\/hand2noteguide.com\/de\/wp-json\/wp\/v2\/pages\/7989\/revisions"}],"predecessor-version":[{"id":15964,"href":"https:\/\/hand2noteguide.com\/de\/wp-json\/wp\/v2\/pages\/7989\/revisions\/15964"}],"wp:attachment":[{"href":"https:\/\/hand2noteguide.com\/de\/wp-json\/wp\/v2\/media?parent=7989"}],"curies":[{"name":"wp","href":"https:\/\/api.w.org\/{rel}","templated":true}]}}