{"id":8133,"date":"2024-09-12T11:15:43","date_gmt":"2024-09-12T08:15:43","guid":{"rendered":"https:\/\/hand2noteguide.com\/?page_id=8133"},"modified":"2026-03-11T14:29:10","modified_gmt":"2026-03-11T11:29:10","slug":"poker-hud","status":"publish","type":"page","link":"https:\/\/hand2noteguide.com\/de\/poker\/poker-hud\/","title":{"rendered":"Poker HUD: Der ultimative Leitfaden f\u00fcr Anf\u00e4nger"},"content":{"rendered":"\n<p>Wenn du neu im Online-Poker bist, hast du wahrscheinlich schon von einem \u201ePoker HUD\u201c geh\u00f6rt, bist dir aber vielleicht nicht sicher, was es genau ist oder wie man es benutzt.<\/p>\n\n\n\n<div class=\"green-block\">\n<p style=\"margin-bottom:0\">\ud83d\udc68\ud83c\udffb\u200d\ud83d\udcbb <b>Ein Poker HUD<\/b> (Heads-Up Display) ist ein Tool, das <b>w\u00e4hrend des Spiels in Echtzeit Statistiken \u00fcber deine Gegner anzeigt<\/b>.<\/p>\n<\/div>\n\n\n\n<p>Ein HUD hilft dir, bessere Entscheidungen zu treffen, indem es dir Daten dar\u00fcber liefert, wie deine Gegner spielen. In diesem Guide erkl\u00e4ren wir im Detail, was ein Poker HUD ist, warum du eines verwenden solltest und wie du damit anf\u00e4ngst.<\/p>\n\n\n\n<h2 class=\"wp-block-heading\">Was ist ein Poker HUD?<\/h2>\n\n\n\n<p>Ein Poker HUD ist ein Software-Tool, das w\u00e4hrend des Spiels Daten \u00fcber deine Gegner sammelt. Anschlie\u00dfend werden diese Daten in Form von Statistiken direkt an deinem Pokertisch angezeigt. Diese Statistiken geben dir einen schnellen \u00dcberblick dar\u00fcber, wie deine Gegner normalerweise spielen, sodass du deine Strategie entsprechend anpassen kannst.<\/p>\n\n\n\n<figure class=\"wp-block-image size-full\"><img loading=\"lazy\" decoding=\"async\" width=\"907\" height=\"627\" src=\"http:\/\/hand2noteguide.com\/wp-content\/uploads\/2024\/05\/hud-2-min.png\" alt=\"Hand2Note HUD at PokerStars table\" class=\"wp-image-6823\" srcset=\"https:\/\/hand2noteguide.com\/wp-content\/uploads\/2024\/05\/hud-2-min.png 907w, https:\/\/hand2noteguide.com\/wp-content\/uploads\/2024\/05\/hud-2-min-300x207.png 300w, https:\/\/hand2noteguide.com\/wp-content\/uploads\/2024\/05\/hud-2-min-768x531.png 768w, https:\/\/hand2noteguide.com\/wp-content\/uploads\/2024\/05\/hud-2-min-772x534.png 772w, https:\/\/hand2noteguide.com\/wp-content\/uploads\/2024\/05\/hud-2-min-624x431.png 624w\" sizes=\"auto, (max-width: 907px) 100vw, 907px\" \/><figcaption class=\"wp-element-caption\"><a href=\"https:\/\/hand2note.com\/\" target=\"_blank\" aria-label=\"undefined (opens in a new tab)\" rel=\"noreferrer noopener\">Hand2Note HUD<\/a> am PokerStars-Tisch<\/figcaption><\/figure>\n\n\n\n<p>Ein Poker HUD kann dir zum Beispiel Folgendes anzeigen:<\/p>\n\n\n\n<ul class=\"wp-block-list\">\n<li>Wie oft ein Spieler vor dem Flop erh\u00f6ht<\/li>\n\n\n\n<li>Wie oft er auf eine Continuation Bet foldet<\/li>\n\n\n\n<li>Wie h\u00e4ufig er in bestimmten Situationen All-in geht<\/li>\n<\/ul>\n\n\n\n<p>Diese Zahlen helfen dir, die n\u00e4chsten Aktionen deiner Gegner vorherzusagen und ihre Spieltypen einzuordnen \u2013 aggressiv oder passiv, tight oder loose und so weiter.<\/p>\n\n\n\n<h2 class=\"wp-block-heading\">Warum sollte man ein Poker HUD verwenden?<\/h2>\n\n\n\n<p>Ein HUD verschafft dir einen Vorteil gegen\u00fcber deinen Gegnern. Hier sind einige wichtige Vorteile:<\/p>\n\n\n\n<ul class=\"wp-block-list\">\n<li>\ud83e\udde0 <strong>Bessere Entscheidungen treffen<\/strong>. Mit einem HUD hast du mehr Informationen als Grundlage f\u00fcr deine Entscheidungen. Du kannst Muster im Spiel deiner Gegner erkennen und ihre Schw\u00e4chen ausnutzen.<\/li>\n\n\n\n<li>\ud83e\uddd8\u200d\u2642\ufe0f <strong>Mentale Energie sparen<\/strong>. Statt dir merken zu m\u00fcssen, wie jeder Spieler am Tisch spielt, \u00fcbernimmt dein HUD diese Aufgabe f\u00fcr dich. So kannst du deine mentale Energie auf andere wichtige Entscheidungen konzentrieren.<\/li>\n\n\n\n<li>\u2699\ufe0f <strong>Schnell anpassen<\/strong>. Online-Poker ist schnelllebig. Ein HUD hilft dir, dich rasch an neue Spieler am Tisch anzupassen, indem es dir ihre Statistiken innerhalb weniger Minuten liefert.<\/li>\n\n\n\n<li>\ud83d\udcc8 <strong>Dein Spiel verbessern<\/strong>. Wenn du nach einer Session deine eigenen HUD-Statistiken \u00fcberpr\u00fcfst, kannst du Leaks in deinem Spiel erkennen. Du siehst, wo du Geld verlierst, und kannst gezielt daran arbeiten.<\/li>\n<\/ul>\n\n\n\n<h2 class=\"wp-block-heading\">Wichtige <a href=\"\/de\/poker\/poker-hud-stats\/\">Poker HUD-Statistiken<\/a> f\u00fcr Anf\u00e4nger<\/h2>\n\n\n\n<p>Ein Poker HUD kann viele verschiedene Statistiken anzeigen, aber als Anf\u00e4nger solltest du dich auf einige wichtige konzentrieren:<\/p>\n\n\n\n<ul class=\"wp-block-list\">\n<li><strong>VPIP (Voluntarily Put Money in Pot)<\/strong>. Diese Statistik zeigt, wie oft ein Spieler freiwillig Geld in den Pot investiert, wenn er nicht dazu gezwungen ist (Blinds ausgenommen). Ein hoher VPIP bedeutet, dass ein Spieler loose ist (spielt viele H\u00e4nde), w\u00e4hrend ein niedriger VPIP auf einen tighten Spieler hinweist (spielt nur starke H\u00e4nde). <img decoding=\"async\" alt=\"poker vpip\" src=\"http:\/\/hand2noteguide.com\/wp-content\/uploads\/2024\/09\/VPIP-min.jpg\"> <\/li>\n<\/ul>\n\n\n\n<ul class=\"wp-block-list\">\n<li><strong>PFR (Pre-Flop Raise)<\/strong>. Zeigt, wie oft ein Spieler vor dem Flop erh\u00f6ht. Ein hoher PFR weist auf einen aggressiven Spieler hin, w\u00e4hrend ein niedriger PFR eher auf einen passiven Spielstil hindeutet.<\/li>\n\n\n\n<li><strong>AFq (Aggression Frequency)<\/strong>. Diese Statistik misst, wie h\u00e4ufig ein Spieler im Verh\u00e4ltnis zu Folds, Checks und Calls setzt oder erh\u00f6ht. Ein hoher AFq deutet auf einen aggressiven Spieler hin, w\u00e4hrend ein niedriger AFq Passivit\u00e4t signalisiert.<\/li>\n\n\n\n<li><a href=\"\/de\/poker\/3bet-in-poker\/\"><strong>3-Bet<\/strong><\/a>. Zeigt, wie oft ein Spieler vor dem Flop eine 3-Bet (Re-Raise) macht. Ein hoher 3-Bet-Prozentsatz weist auf einen Spieler hin, der h\u00e4ufig Druck mit Re-Raises aus\u00fcbt.<\/li>\n\n\n\n<li><strong>Fold to C-Bet<\/strong>. Diese Statistik zeigt, wie oft ein Spieler auf eine Continuation Bet foldet (eine Bet vom Preflop-Aggressor auf dem Flop). Ein hoher Wert bedeutet, dass der Spieler h\u00e4ufig aufgibt, wenn er mit einer C-Bet konfrontiert wird. Das kannst du ausnutzen, indem du \u00f6fter Continuation Bets setzt.<\/li>\n\n\n\n<li><strong>WTSD (Went to Showdown)<\/strong>. Zeigt, wie oft ein Spieler zum Showdown geht, nachdem er den Flop gesehen hat. Ein hoher WTSD bedeutet, dass der Spieler gerne den Showdown sieht und m\u00f6glicherweise eine \u201eCalling Station\u201c ist, die nicht leicht foldet und deine starken H\u00e4nde h\u00e4ufig auszahlt.<\/li>\n<\/ul>\n\n\n\n<div class=\"green-block\">\n<p style=\"margin-bottom:0\">\ud83d\udc49 Lies unseren Artikel \u00fcber <a href=\"\/de\/poker\/poker-hud-stats\/\"><strong>Poker-Statistiken<\/strong><\/a> f\u00fcr eine umfassendere Liste von Stats inklusive Analyse ihrer Werte.<\/p>\n<\/div>\n\n\n\n<h2 class=\"wp-block-heading\">Wie richtet man ein Poker HUD ein?<\/h2>\n\n\n\n<p>Ein Poker HUD einzurichten ist relativ einfach. Hier ist eine Schritt-f\u00fcr-Schritt-Anleitung:<\/p>\n\n\n\n<h3 class=\"wp-block-heading\">1. HUD-Software ausw\u00e4hlen und installieren<\/h3>\n\n\n\n<p>Es gibt verschiedene Poker-Tracking-Programme, die HUD-Tools anbieten. Die meisten professionellen Online-Spieler nutzen <strong>Hand2Note<\/strong> \u2013 die schnellste, komfortabelste, funktionalste und benutzerfreundlichste Poker-HUD-Software. Sie ist <a href=\"https:\/\/hand2note.com\/Help\/hand2note-vs-other-tools\" target=\"_blank\" rel=\"noreferrer noopener\">in jeder Hinsicht der Konkurrenz voraus<\/a> \u2013 in Bezug auf Funktionalit\u00e4t, Interface, Zuverl\u00e4ssigkeit und Geschwindigkeit.<\/p>\n\n\n<div class=\"wp-block-h2n-cta-button\" style=\"text-align: left;\"><a href=\"https:\/\/hand2noteguide.com\/de\/go\/hand2note\/\" class=\"btn btn-primary\" target=\"_blank\" rel=\"noopener noreferrer nofollow sponsored\">Hand2Note herunterladen<\/a><\/div>\n\n\n<figure class=\"wp-block-image size-large\"><img loading=\"lazy\" decoding=\"async\" width=\"1024\" height=\"638\" src=\"https:\/\/hand2noteguide.com\/wp-content\/uploads\/2024\/09\/hand2note-min-1024x638.png\" alt=\"\" class=\"wp-image-8163\" srcset=\"https:\/\/hand2noteguide.com\/wp-content\/uploads\/2024\/09\/hand2note-min-1024x638.png 1024w, https:\/\/hand2noteguide.com\/wp-content\/uploads\/2024\/09\/hand2note-min-300x187.png 300w, https:\/\/hand2noteguide.com\/wp-content\/uploads\/2024\/09\/hand2note-min-768x478.png 768w, https:\/\/hand2noteguide.com\/wp-content\/uploads\/2024\/09\/hand2note-min-1536x956.png 1536w, https:\/\/hand2noteguide.com\/wp-content\/uploads\/2024\/09\/hand2note-min-772x481.png 772w, https:\/\/hand2noteguide.com\/wp-content\/uploads\/2024\/09\/hand2note-min-624x389.png 624w, https:\/\/hand2noteguide.com\/wp-content\/uploads\/2024\/09\/hand2note-min.png 1590w\" sizes=\"auto, (max-width: 1024px) 100vw, 1024px\" \/><figcaption class=\"wp-element-caption\">Hand2Note ist eine der f\u00fchrenden HUD-Softwares auf dem Markt<\/figcaption><\/figure>\n\n\n\n<p>Weitere bekannte HUD-Programme sind die \u201eVeteranen\u201c des Marktes \u2013 <strong>PokerTracker 4<\/strong> und <strong>Holdem Manager 3<\/strong>. Diese Marken sind in der Poker-Community sehr beliebt. Lange Zeit hatten sie eine monopolartige Stellung, bis modernere Software auf den Markt kam. Sowohl PokerTracker 4 als auch Holdem Manager 3 sind kostenpflichtige Programme, bieten aber eine kostenlose Testversion an, damit du die Software ausprobieren kannst.<\/p>\n\n\n\n<p>Um dir einen besseren \u00dcberblick \u00fcber den Poker-Software-Markt zu geben, erw\u00e4hnen wir auch einige weniger bekannte, aber dennoch solide Optionen, die von manchen Spielern genutzt werden: <strong>Poker Copilot<\/strong> und <strong>DriveHUD<\/strong>. Sie k\u00f6nnten besonders f\u00fcr Anf\u00e4nger geeignet sein, die gerade erst anfangen, sich mit HUD-Tools zu besch\u00e4ftigen.<\/p>\n\n\n\n<h3 class=\"wp-block-heading\">2. Folge der HUD-Konfigurationsanleitung<\/h3>\n\n\n\n<p>Nachdem du deine Poker-Tracking-Software installiert hast, solltest du der Standardanleitung folgen, um das HUD in deinem Pokerraum zu starten.<\/p>\n\n\n\n<p>Bei Hand2Note sind keine zus\u00e4tzlichen Schritte erforderlich \u2013 starte einfach Hand2Note und den Pokertisch gleichzeitig. Das HUD sollte nach etwa einer Minute erscheinen. Bei anderer Poker-Software findest du entsprechende Anleitungen auf den offiziellen Websites der Anbieter.<\/p>\n\n\n\n<h3 class=\"wp-block-heading\">3. Fang an zu spielen!<\/h3>\n\n\n\n<p>Jetzt hei\u00dft es: spielen. Je mehr du spielst, desto mehr Daten werden gesammelt und desto genauer werden die Statistiken \u00fcber deine Gegner. Du wirst sehen, wie sich das HUD nach jeder gespielten Hand aktualisiert.<\/p>\n\n\n\n<figure class=\"wp-block-image size-full\"><img loading=\"lazy\" decoding=\"async\" width=\"916\" height=\"559\" src=\"http:\/\/hand2noteguide.com\/wp-content\/uploads\/2020\/07\/best-poker-tracker-hud.png\" alt=\"poker hud in action\" class=\"wp-image-2876\" srcset=\"https:\/\/hand2noteguide.com\/wp-content\/uploads\/2020\/07\/best-poker-tracker-hud.png 916w, https:\/\/hand2noteguide.com\/wp-content\/uploads\/2020\/07\/best-poker-tracker-hud-300x183.png 300w, https:\/\/hand2noteguide.com\/wp-content\/uploads\/2020\/07\/best-poker-tracker-hud-768x469.png 768w, https:\/\/hand2noteguide.com\/wp-content\/uploads\/2020\/07\/best-poker-tracker-hud-772x471.png 772w, https:\/\/hand2noteguide.com\/wp-content\/uploads\/2020\/07\/best-poker-tracker-hud-624x381.png 624w\" sizes=\"auto, (max-width: 916px) 100vw, 916px\" \/><figcaption class=\"wp-element-caption\">Poker HUD in Aktion<\/figcaption><\/figure>\n\n\n\n<p>Wir empfehlen, den Statistiken am Anfang nicht zu viel Aufmerksamkeit zu schenken. Behalte sie im Blick, aber verliere dich nicht in den Zahlen. Beginne damit, nur die <a href=\"\/de\/poker\/poker-hud-stats\/\">VPIP- und PFR-Statistiken<\/a> zu nutzen, um den allgemeinen Spielstil deiner Gegner zu erkennen.<\/p>\n\n\n\n<h3 class=\"wp-block-heading\">4. N\u00e4chster Schritt: Dein HUD anpassen<\/h3>\n\n\n\n<p>Sobald du dich an die Nutzung eines HUD gew\u00f6hnt hast, wirst du es nat\u00fcrlich erweitern, verbessern und optimieren wollen. Hand2Note und andere Pokerprogramme bieten Tools, mit denen du dein eigenes HUD und eigene Statistiken erstellen kannst.<\/p>\n\n\n\n<figure class=\"wp-block-image size-large\"><img loading=\"lazy\" decoding=\"async\" width=\"1024\" height=\"608\" src=\"https:\/\/hand2noteguide.com\/wp-content\/uploads\/2024\/09\/hud-editor-min-1024x608.png\" alt=\"\" class=\"wp-image-8167\" srcset=\"https:\/\/hand2noteguide.com\/wp-content\/uploads\/2024\/09\/hud-editor-min-1024x608.png 1024w, https:\/\/hand2noteguide.com\/wp-content\/uploads\/2024\/09\/hud-editor-min-300x178.png 300w, https:\/\/hand2noteguide.com\/wp-content\/uploads\/2024\/09\/hud-editor-min-768x456.png 768w, https:\/\/hand2noteguide.com\/wp-content\/uploads\/2024\/09\/hud-editor-min-1536x911.png 1536w, https:\/\/hand2noteguide.com\/wp-content\/uploads\/2024\/09\/hud-editor-min-2048x1215.png 2048w, https:\/\/hand2noteguide.com\/wp-content\/uploads\/2024\/09\/hud-editor-min-772x458.png 772w, https:\/\/hand2noteguide.com\/wp-content\/uploads\/2024\/09\/hud-editor-min-624x370.png 624w\" sizes=\"auto, (max-width: 1024px) 100vw, 1024px\" \/><figcaption class=\"wp-element-caption\">HUD-Anpassung im Editor<\/figcaption><\/figure>\n\n\n\n<p>Du kannst auch fertige professionelle HUD- und Statistik-Pakete im <a aria-label=\"undefined (opens in a new tab)\" href=\"https:\/\/hudstore.poker\/\" target=\"_blank\" rel=\"noreferrer noopener\"><strong>Poker HUD Store<\/strong><\/a> kaufen. Das ist eine gro\u00dfartige M\u00f6glichkeit, Zeit zu sparen und auf professionelle L\u00f6sungen zu setzen. Im Store findest du bew\u00e4hrte Pakete von professionellen HUD-Entwicklern und erfolgreichen Spielern. Du kannst dort auch <a aria-label=\"undefined (opens in a new tab)\" href=\"https:\/\/www.hudstore.poker\/custom-hud\" target=\"_blank\" rel=\"noreferrer noopener\"><strong>ein individuelles HUD bestellen<\/strong><\/a>, erstellt von einem offiziellen Hand2Note-Experten.<\/p>\n\n\n\n<h2 class=\"wp-block-heading\">Tipps f\u00fcr den effektiven Einsatz eines Poker HUD<\/h2>\n\n\n\n<ul class=\"wp-block-list\">\n<li>\u2714\ufe0f <strong>Einfach anfangen<\/strong>. Konzentriere dich zun\u00e4chst auf die wichtigsten Statistiken: VPIP, PFR und <a href=\"\/de\/poker\/3bet-in-poker\/\">3Bet<\/a>. Mit zunehmender Erfahrung kannst du deinem HUD weitere fortgeschrittene Stats hinzuf\u00fcgen.<\/li>\n\n\n\n<li>\u2714\ufe0f <strong>Sample Size ber\u00fccksichtigen<\/strong>. Die Zuverl\u00e4ssigkeit von HUD-Statistiken h\u00e4ngt von der Anzahl der gespielten H\u00e4nde gegen einen Gegner ab. Eine gro\u00dfe Sample Size liefert genauere Daten, w\u00e4hrend eine kleine Sample Size irref\u00fchrend sein kann.<\/li>\n\n\n\n<li>\u2714\ufe0f <strong>Farbcodierung nutzen<\/strong>. Die meisten HUDs erlauben es, Statistiken farblich zu markieren, damit sie leichter zu lesen sind. Zum Beispiel kannst du Gr\u00fcn f\u00fcr Spieler mit hohem VPIP (loose) und Rot f\u00fcr Spieler mit niedrigem VPIP (tight) verwenden.<\/li>\n\n\n\n<li>\u2714\ufe0f <strong>Sessions analysieren<\/strong>. \u00dcberpr\u00fcfe nach einer Session die HUD-Daten, um Muster in deinem eigenen Spiel zu erkennen und Verbesserungsm\u00f6glichkeiten zu finden.<\/li>\n<\/ul>\n\n\n\n<h2 class=\"wp-block-heading\">H\u00e4ufige Fehler, die du vermeiden solltest<\/h2>\n\n\n\n<ul class=\"wp-block-list\">\n<li>\ud83d\udeab <strong>Zu viele Stats im HUD<\/strong>. Es ist verlockend, jede m\u00f6gliche Statistik im HUD anzuzeigen, aber zu viele Informationen k\u00f6nnen \u00fcberw\u00e4ltigend sein. Bleibe zun\u00e4chst bei den Grundlagen und f\u00fcge sp\u00e4ter weitere Stats hinzu.<\/li>\n\n\n\n<li>\ud83d\udeab <strong>Spielerprofile ignorieren<\/strong>. Nicht alle Spieler lassen sich sauber in statistische Kategorien einordnen. Nutze das HUD zusammen mit deinen eigenen Beobachtungen. Zum Beispiel kann ein Spieler eine hohe Aggression Frequency haben, aber wenn du bemerkst, dass er nur mit Premiumh\u00e4nden aggressiv spielt, solltest du deine Strategie entsprechend anpassen.<\/li>\n\n\n\n<li>\ud83d\udeab <strong>Sich ausschlie\u00dflich auf das HUD verlassen<\/strong>. Ein HUD ist zwar ein m\u00e4chtiges Tool, sollte aber dein eigenes Urteilsverm\u00f6gen nicht ersetzen. Nutze es als Erg\u00e4nzung zu deinen eigenen Reads und Beobachtungen.<\/li>\n<\/ul>\n\n\n\n<div class=\"green-block\">\n<p style=\"margin-bottom:0\">\ud83d\udc49 Schau dir den Artikel <a aria-label=\"undefined (opens in a new tab)\" href=\"https:\/\/www.hudstore.poker\/7-common-mistakes-poker-players-make-when-using-hud\" target=\"_blank\" rel=\"noopener\"><strong>7 h\u00e4ufige Fehler beim Einsatz eines HUD<\/strong><\/a> an, um eine vollst\u00e4ndige Liste der Fehler mit ausf\u00fchrlichen Erkl\u00e4rungen zu sehen.<\/p>\n<\/div>\n\n\n\n<h2 class=\"wp-block-heading\">Fazit<\/h2>\n\n\n\n<p>Ein Poker HUD ist ein wichtiges Tool f\u00fcr jeden ernsthaften Online-Pokerspieler. Es liefert Echtzeitdaten, die dir helfen k\u00f6nnen, fundiertere Entscheidungen zu treffen, mentale Energie zu sparen und dich schnell an deine Gegner anzupassen. Wenn du dich auf die wichtigsten Statistiken konzentrierst und dein HUD effektiv nutzt, kannst du dir einen deutlichen Vorteil gegen\u00fcber Spielern verschaffen, die kein HUD verwenden. Denke daran, einfach zu beginnen, typische Fehler zu vermeiden und die HUD-Daten immer mit deinen eigenen Einsch\u00e4tzungen zur Hand zu kombinieren. Mit etwas \u00dcbung wirst du feststellen, dass ein <strong>HUD deine Leistung im Online-Poker deutlich verbessern kann<\/strong>.<\/p>\n","protected":false},"excerpt":{"rendered":"<p>Wenn du neu im Online-Poker bist, hast du wahrscheinlich schon von einem \u201ePoker HUD\u201c geh\u00f6rt, bist dir aber vielleicht nicht sicher, was es genau ist oder wie man es benutzt. \ud83d\udc68\ud83c\udffb\u200d\ud83d\udcbb Ein Poker HUD (Heads-Up Display) ist ein Tool, das w\u00e4hrend des Spiels in Echtzeit Statistiken \u00fcber deine Gegner anzeigt. Ein HUD hilft dir, bessere &hellip; <a href=\"https:\/\/hand2noteguide.com\/de\/poker\/poker-hud\/\" class=\"more-link\">Continue reading <span class=\"screen-reader-text\">Poker HUD: Der ultimative Leitfaden f\u00fcr Anf\u00e4nger<\/span><\/a><\/p>\n","protected":false},"author":1,"featured_media":0,"parent":7017,"menu_order":0,"comment_status":"closed","ping_status":"closed","template":"","meta":{"footnotes":""},"class_list":["post-8133","page","type-page","status-publish","hentry"],"translation":{"provider":"WPGlobus","version":"3.0.2","language":"de","enabled_languages":["en","ru","pt","zh","es","fr","de","it","ja"],"languages":{"en":{"title":true,"content":true,"excerpt":false},"ru":{"title":true,"content":true,"excerpt":false},"pt":{"title":true,"content":true,"excerpt":false},"zh":{"title":true,"content":true,"excerpt":false},"es":{"title":true,"content":true,"excerpt":false},"fr":{"title":true,"content":true,"excerpt":false},"de":{"title":true,"content":true,"excerpt":false},"it":{"title":true,"content":true,"excerpt":false},"ja":{"title":true,"content":true,"excerpt":false}}},"yoast_head":"<!-- This site is optimized with the Yoast SEO plugin v27.0 - https:\/\/yoast.com\/product\/yoast-seo-wordpress\/ -->\n<title>Poker HUD: Der ultimative Leitfaden f\u00fcr Anf\u00e4nger<\/title>\n<meta name=\"description\" content=\"Lerne, ein Poker HUD richtig zu nutzen, um fundierte Entscheidungen \u00fcber deine Gegner zu treffen und dein eigenes Spiel zu verbessern. Spare Zeit und verschaffe dir schnell einen entscheidenden Vorteil.\" \/>\n<meta name=\"robots\" content=\"index, follow, max-snippet:-1, max-image-preview:large, max-video-preview:-1\" \/>\n<link rel=\"canonical\" href=\"https:\/\/hand2noteguide.com\/poker\/poker-hud\/\" \/>\n<meta property=\"og:locale\" content=\"de_DE\" \/>\n<meta property=\"og:type\" content=\"article\" \/>\n<meta property=\"og:title\" content=\"Poker HUD: Der ultimative Leitfaden f\u00fcr Anf\u00e4nger\" \/>\n<meta property=\"og:description\" content=\"Lerne, ein Poker HUD richtig zu nutzen, um fundierte Entscheidungen \u00fcber deine Gegner zu treffen und dein eigenes Spiel zu verbessern. Spare Zeit und verschaffe dir schnell einen entscheidenden Vorteil.\" \/>\n<meta property=\"og:url\" content=\"https:\/\/hand2noteguide.com\/poker\/poker-hud\/\" \/>\n<meta property=\"og:site_name\" content=\"Hand2Note Guide\" \/>\n<meta property=\"article:modified_time\" content=\"2026-03-11T11:29:10+00:00\" \/>\n<meta property=\"og:image\" content=\"http:\/\/hand2noteguide.com\/wp-content\/uploads\/2024\/05\/hud-2-min.png\" \/>\n<meta name=\"twitter:card\" content=\"summary_large_image\" \/>\n<meta name=\"twitter:label1\" content=\"Est. reading time\" \/>\n\t<meta name=\"twitter:data1\" content=\"9 minutes\" \/>\n<!-- \/ Yoast SEO plugin. -->","yoast_head_json":{"title":"Poker HUD: Der ultimative Leitfaden f\u00fcr Anf\u00e4nger","description":"Lerne, ein Poker HUD richtig zu nutzen, um fundierte Entscheidungen \u00fcber deine Gegner zu treffen und dein eigenes Spiel zu verbessern. Spare Zeit und verschaffe dir schnell einen entscheidenden Vorteil.","robots":{"index":"index","follow":"follow","max-snippet":"max-snippet:-1","max-image-preview":"max-image-preview:large","max-video-preview":"max-video-preview:-1"},"canonical":"https:\/\/hand2noteguide.com\/poker\/poker-hud\/","og_locale":"de_DE","og_type":"article","og_title":"Poker HUD: Der ultimative Leitfaden f\u00fcr Anf\u00e4nger","og_description":"Lerne, ein Poker HUD richtig zu nutzen, um fundierte Entscheidungen \u00fcber deine Gegner zu treffen und dein eigenes Spiel zu verbessern. Spare Zeit und verschaffe dir schnell einen entscheidenden Vorteil.","og_url":"https:\/\/hand2noteguide.com\/poker\/poker-hud\/","og_site_name":"Hand2Note Guide","article_modified_time":"2026-03-11T11:29:10+00:00","og_image":[{"url":"http:\/\/hand2noteguide.com\/wp-content\/uploads\/2024\/05\/hud-2-min.png","type":"","width":"","height":""}],"twitter_card":"summary_large_image","twitter_misc":{"Est. reading time":"9 minutes"},"schema":{"@context":"https:\/\/schema.org","@graph":[]}},"jetpack_sharing_enabled":true,"_links":{"self":[{"href":"https:\/\/hand2noteguide.com\/de\/wp-json\/wp\/v2\/pages\/8133","targetHints":{"allow":["GET"]}}],"collection":[{"href":"https:\/\/hand2noteguide.com\/de\/wp-json\/wp\/v2\/pages"}],"about":[{"href":"https:\/\/hand2noteguide.com\/de\/wp-json\/wp\/v2\/types\/page"}],"author":[{"embeddable":true,"href":"https:\/\/hand2noteguide.com\/de\/wp-json\/wp\/v2\/users\/1"}],"replies":[{"embeddable":true,"href":"https:\/\/hand2noteguide.com\/de\/wp-json\/wp\/v2\/comments?post=8133"}],"version-history":[{"count":70,"href":"https:\/\/hand2noteguide.com\/de\/wp-json\/wp\/v2\/pages\/8133\/revisions"}],"predecessor-version":[{"id":15789,"href":"https:\/\/hand2noteguide.com\/de\/wp-json\/wp\/v2\/pages\/8133\/revisions\/15789"}],"up":[{"embeddable":true,"href":"https:\/\/hand2noteguide.com\/de\/wp-json\/wp\/v2\/pages\/7017"}],"wp:attachment":[{"href":"https:\/\/hand2noteguide.com\/de\/wp-json\/wp\/v2\/media?parent=8133"}],"curies":[{"name":"wp","href":"https:\/\/api.w.org\/{rel}","templated":true}]}}