{"id":8180,"date":"2024-09-12T13:44:54","date_gmt":"2024-09-12T10:44:54","guid":{"rendered":"https:\/\/hand2noteguide.com\/?page_id=8180"},"modified":"2026-03-11T13:56:09","modified_gmt":"2026-03-11T10:56:09","slug":"poker-hud-stats","status":"publish","type":"page","link":"https:\/\/hand2noteguide.com\/de\/poker\/poker-hud-stats\/","title":{"rendered":"Poker-HUD-Statistiken &#8211; lernen Sie, wie Sie Statistiken im Pokerspiel verwenden"},"content":{"rendered":"\n<p>Poker ist ein Spiel der Strategie, Beobachtung und schnellen Entscheidungsfindung. Im Online-Poker kann ein Poker HUD (Heads-Up Display) ein m\u00e4chtiges Werkzeug sein. Es zeigt Ihnen wichtige Statistiken \u00fcber Ihre Gegner in Echtzeit. Diese Statistiken helfen Ihnen, zu verstehen, wie Ihre Gegner spielen, sodass Sie bessere Entscheidungen treffen k\u00f6nnen.<\/p>\n\n\n\n<p>Wenn Sie mit HUD noch nicht vertraut sind, empfehlen wir Ihnen, zuerst unseren Artikel <a href=\"\/de\/poker\/poker-hud\/\">Poker HUD: Der ultimative Leitfaden f\u00fcr Anf\u00e4nger<\/a> zu lesen. In diesem Artikel werden wir nicht auf die technischen Aspekte des HUD eingehen. Wir konzentrieren uns auf eine detaillierte Erkl\u00e4rung der wichtigsten Statistiken, die professionelle Spieler normalerweise in ihren HUDs haben.<\/p>\n\n\n\n<h2 class=\"wp-block-heading\">Was sind Poker-Statistiken im HUD?<\/h2>\n\n\n\n<p>Poker HUD-Statistiken sind Datenpunkte, die ein HUD w\u00e4hrend des Spiels sammelt und anzeigt. Diese Statistiken verfolgen die Aktionen und Tendenzen Ihrer Gegner im Laufe der Zeit. Durch die Analyse dieser Statistiken k\u00f6nnen Sie Muster im Spiel Ihrer Gegner erkennen, was es einfacher macht, ihre Schw\u00e4chen auszunutzen. Sie k\u00f6nnen diese Statistiken sowohl f\u00fcr Entscheidungen im Spiel als auch f\u00fcr die Analyse des Spiels au\u00dferhalb der Tische verwenden.<\/p>\n\n\n\n<figure class=\"wp-block-image size-full\"><img loading=\"lazy\" decoding=\"async\" width=\"599\" height=\"232\" src=\"http:\/\/hand2noteguide.com\/wp-content\/uploads\/2020\/08\/simple-cash-transcription-1.png\" alt=\"poker hud stats\" class=\"wp-image-3817\" srcset=\"https:\/\/hand2noteguide.com\/wp-content\/uploads\/2020\/08\/simple-cash-transcription-1.png 599w, https:\/\/hand2noteguide.com\/wp-content\/uploads\/2020\/08\/simple-cash-transcription-1-300x116.png 300w\" sizes=\"auto, (max-width: 599px) 100vw, 599px\" \/><\/figure>\n\n\n\n<h2 class=\"wp-block-heading\">Wichtige Poker HUD-Statistiken<\/h2>\n\n\n\n<p>Es gibt viele Statistiken, die ein HUD anzeigen kann, aber hier sind die wichtigsten f\u00fcr Anf\u00e4nger:<\/p>\n\n\n\n<h3 class=\"wp-block-heading\">VPIP (Voluntarily Put Money in Pot)<\/h3>\n\n\n\n<p>VPIP ist die grundlegendste Statistik im Poker. Sie zeigt einen <strong>% der H\u00e4nde, in denen ein Spieler freiwillig Geld in den Pot legt, wenn er nicht muss<\/strong> (obligatorische Eins\u00e4tze von Small und Big Blind z\u00e4hlen nicht).<\/p>\n\n\n\n<figure class=\"wp-block-image size-large\"><img loading=\"lazy\" decoding=\"async\" width=\"1024\" height=\"576\" src=\"http:\/\/hand2noteguide.com\/wp-content\/uploads\/2024\/09\/VPIP-min-1024x576.jpg\" alt=\"poker vpip stat formula\" class=\"wp-image-8153\" srcset=\"https:\/\/hand2noteguide.com\/wp-content\/uploads\/2024\/09\/VPIP-min-1024x576.jpg 1024w, https:\/\/hand2noteguide.com\/wp-content\/uploads\/2024\/09\/VPIP-min-300x169.jpg 300w, https:\/\/hand2noteguide.com\/wp-content\/uploads\/2024\/09\/VPIP-min-768x432.jpg 768w, https:\/\/hand2noteguide.com\/wp-content\/uploads\/2024\/09\/VPIP-min-1536x864.jpg 1536w, https:\/\/hand2noteguide.com\/wp-content\/uploads\/2024\/09\/VPIP-min-772x434.jpg 772w, https:\/\/hand2noteguide.com\/wp-content\/uploads\/2024\/09\/VPIP-min-624x351.jpg 624w, https:\/\/hand2noteguide.com\/wp-content\/uploads\/2024\/09\/VPIP-min.jpg 1600w\" sizes=\"auto, (max-width: 1024px) 100vw, 1024px\" \/><figcaption class=\"wp-element-caption\">VPIP-Formel: ein Verh\u00e4ltnis zwischen [Anzahl der H\u00e4nde, in denen ein Spieler freiwillig Geld in den Pot legt] und [Gesamtanzahl der H\u00e4nde].<\/figcaption><\/figure>\n\n\n\n<p>VPIP ist die wichtigste Statistik in Ihrem HUD. Selbst bei einer geringen Stichprobengr\u00f6\u00dfe, w\u00e4hrend andere Statistiken m\u00f6glicherweise noch nicht informativ sind, kann VPIP bereits wertvolle Informationen \u00fcber den Spielstil Ihres Gegners liefern. Ein <strong>hoher VPIP bedeutet, dass ein Spieler loose ist<\/strong> und viele H\u00e4nde spielt, w\u00e4hrend <strong>ein niedriger VPIP auf einen tight Spieler hinweist<\/strong>, der nur starke H\u00e4nde spielt. Verwenden Sie diese Statistik, um festzustellen, ob ein Gegner loose oder tight ist, und passen Sie Ihre Strategie entsprechend an.<\/p>\n\n\n\n<h4 class=\"wp-block-heading\">Was ist ein guter VPIP-Bereich?<\/h4>\n\n\n\n<p>Bitte beachten Sie, dass die angegebenen Werte f\u00fcr VPIP und andere Statistiken ungef\u00e4hr sind, damit Sie eine Art Referenz im Kopf haben. In der Realit\u00e4t k\u00f6nnen die Intervalle je nach Spieltyp, Spielstil der Spieler, Stack-Gr\u00f6\u00dfen, Spielgrenzen und anderen Faktoren stark variieren.<\/p>\n\n\n\n<ul class=\"wp-block-list\">\n<li>\ud83d\udc4d <strong>Der typische VPIP-Wert f\u00fcr einen guten Online-Spieler<\/strong> liegt normalerweise im Bereich <strong>von 20 bis 30<\/strong>. Alle hier und weiter erw\u00e4hnten Werte sind relevant f\u00fcr ein klassisches 6-max No-Limit Holdem Cash-Spiel.<\/li>\n\n\n\n<li>\ud83d\uddff <strong>Wenn VPIP weniger als 15 betr\u00e4gt<\/strong>, ist dieser Spieler <strong>zu tight<\/strong>, spielt nur Premium-H\u00e4nde und ist normalerweise leicht zu lesen. Sie werden auch oft als \u201eNits\u201c bezeichnet.<\/li>\n\n\n\n<li>\ud83d\udc35 <strong>Wenn VPIP h\u00f6her als 35 ist<\/strong>, ist es ein <strong>sehr lockerer Stil<\/strong>. Meistens haben Freizeitspieler einen aufgebl\u00e4hten VPIP, weil sie oft mit \u201espielbaren\u201c H\u00e4nden ins Spiel gehen, die in Wirklichkeit einen negativen EV haben.<\/li>\n<\/ul>\n\n\n\n<div class=\"green-block\">\n<p style=\"margin-bottom:0\">Um die Bedeutung der Statistiken besser zu verstehen, empfehlen wir Ihnen, <a target=\"_blank\" href=\"https:\/\/blog.freebetrange.com\/de\/article\/poker-preflop-ranges-a-comprehensive-guide\" rel=\"noopener\"><b>das Konzept der Ranges im Poker<\/b><\/a> zu studieren. Mit Hilfe von Ranges k\u00f6nnen wir Annahmen dar\u00fcber treffen, welche H\u00e4nde ein Gegner mit einem bestimmten Statistikwert haben k\u00f6nnte.<\/p>\n<\/div>\n\n\n\n<h3 class=\"wp-block-heading\">PFR (Pre-Flop Raise)<\/h3>\n\n\n\n<p>PFR steht f\u00fcr Pre-Flop Raise und zeigt, wie oft ein Spieler vor dem Flop erh\u00f6ht. Ein hoher PFR bedeutet, dass ein Spieler aggressiv ist und oft versucht, die Kontrolle \u00fcber die Hand fr\u00fch zu \u00fcbernehmen. Ein niedriger PFR deutet auf einen passiveren Spieler hin, der lieber callt oder foldet, anstatt zu erh\u00f6hen.<\/p>\n\n\n\n<figure class=\"wp-block-image size-large\"><img loading=\"lazy\" decoding=\"async\" width=\"1024\" height=\"576\" src=\"https:\/\/hand2noteguide.com\/wp-content\/uploads\/2024\/09\/pfr-min-1024x576.png\" alt=\"poker pfr stat formula\" class=\"wp-image-8500\" srcset=\"https:\/\/hand2noteguide.com\/wp-content\/uploads\/2024\/09\/pfr-min-1024x576.png 1024w, https:\/\/hand2noteguide.com\/wp-content\/uploads\/2024\/09\/pfr-min-300x169.png 300w, https:\/\/hand2noteguide.com\/wp-content\/uploads\/2024\/09\/pfr-min-768x432.png 768w, https:\/\/hand2noteguide.com\/wp-content\/uploads\/2024\/09\/pfr-min-1536x864.png 1536w, https:\/\/hand2noteguide.com\/wp-content\/uploads\/2024\/09\/pfr-min-772x434.png 772w, https:\/\/hand2noteguide.com\/wp-content\/uploads\/2024\/09\/pfr-min-624x351.png 624w, https:\/\/hand2noteguide.com\/wp-content\/uploads\/2024\/09\/pfr-min.png 1600w\" sizes=\"auto, (max-width: 1024px) 100vw, 1024px\" \/><figcaption class=\"wp-element-caption\">PFR-Formel: ein Verh\u00e4ltnis zwischen [Anzahl der H\u00e4nde, in denen ein Spieler einen Pre-Flop Raise gemacht hat] und [Gesamtanzahl der H\u00e4nde].<\/figcaption><\/figure>\n\n\n\n<ul class=\"wp-block-list\">\n<li>\ud83d\udc4d <strong>Der ausgewogene PFR<\/strong>-Wert liegt <strong>zwischen 15 und 25<\/strong>. Spieler in diesem Bereich sind aggressiv, aber nicht r\u00fccksichtslos. Sie erh\u00f6hen mit starken H\u00e4nden und mischen einige <a href=\"\/de\/poker\/poker-bluff\/\">Bluffs<\/a> ein.<\/li>\n\n\n\n<li>\ud83d\uddff Spieler mit einem <strong>PFR von weniger als 10<\/strong> erh\u00f6hen <strong>sehr selten<\/strong>. Sie sind zu vorsichtig und k\u00f6nnen Chancen verpassen.<\/li>\n\n\n\n<li>\ud83d\udc35 Spieler mit einem <strong>PFR \u00fcber 28<\/strong> erh\u00f6hen <strong>zu oft<\/strong>. Sie sind \u00fcberaggressiv und k\u00f6nnen mit dem richtigen Ansatz ausgenutzt werden.<\/li>\n<\/ul>\n\n\n\n<h3 class=\"wp-block-heading\">VPIP und PFR zusammen verwenden<\/h3>\n\n\n\n<p>Der Vergleich von VPIP und PFR eines Spielers kann Ihnen Einblicke in seinen Stil geben. Zum Beispiel k\u00f6nnte ein Spieler mit einem hohen VPIP, aber niedrigem PFR loose-passiv sein, was bedeutet, dass er viele H\u00e4nde spielt, aber selten erh\u00f6ht.<\/p>\n\n\n\n<p>In klassischen Online-Poker-Cash-Spielen haben professionelle Spieler normalerweise einen Unterschied zwischen VPIP und PFR von nicht mehr als 10. Ein typischer 6-max Regular-Spieler h\u00e4tte <strong>VPIP\/PFR<\/strong>-Statistiken wie <strong>26\/21<\/strong>.<\/p>\n\n\n\n<p>In Poker-Diskussionen \u00fcber H\u00e4nde und Strategien erw\u00e4hnen Spieler oft diese 2 Zahlen zusammen als wichtige Informationen \u00fcber ihre Gegner. Zum Beispiel k\u00f6nnten Sie h\u00f6ren: \u201e<em>Ich war am Button, machte einen Open Raise mit <span class=\"hc club\">A\u2663<\/span> <span class=\"hc club\">5\u2663<\/span>, und bekam ein 3-Bet von einem 30\/25 aggressiven Regular-Spieler aus dem Small Blind<\/em>\u201c. Das bedeutet, dass der Spieler im Small Blind einen VPIP von 30 und einen PFR von 25 hat.<\/p>\n\n\n\n<div class=\"green-block\">\n<h4 style=\"color:#656565;font-size:20px\">Welche Software erm\u00f6glicht es mir, all diese Statistiken zu verwenden?<\/h4>\n<p style=\"margin-bottom:0\">Die beste Poker-Statistik-Software auf dem Markt ist <a target=\"_blank\" href=\"https:\/\/hand2note.com\/\" rel=\"noopener\"><b>Hand2Note<\/b><\/a>. Sie bietet Ihnen ein praktisches und funktionales HUD, mit der M\u00f6glichkeit, beliebige Statistiken hinzuzuf\u00fcgen. Ein weiteres herausragendes Merkmal von Hand2Note ist, dass es Ihnen eine Schnittstelle zur Erstellung eigener Statistiken bietet. So k\u00f6nnen Sie einzigartige Statistiken f\u00fcr Spielsituationen erstellen.<\/p>\n<\/div>\n\n\n\n<h3 class=\"wp-block-heading\"><a href=\"\/de\/poker\/3bet-in-poker\/\">3-Bet<\/a>-Prozentsatz<\/h3>\n\n\n\n<p>Der 3-Bet-Prozentsatz zeigt, wie oft ein Spieler vor dem Flop erneut erh\u00f6ht. Ein hoher 3-Bet-Prozentsatz bedeutet, dass ein Spieler sehr aggressiv ist und oft mit einer breiten Handrange erneut erh\u00f6ht. Ein niedriger 3-Bet-Prozentsatz zeigt an, dass ein Spieler nur mit Premium-H\u00e4nden erneut erh\u00f6ht. Wenn Sie den 3-Bet-Prozentsatz eines Gegners kennen, k\u00f6nnen Sie Ihre Strategie anpassen, wenn Sie einem Re-Raise gegen\u00fcberstehen.<\/p>\n\n\n\n<figure class=\"wp-block-image size-large\"><img loading=\"lazy\" decoding=\"async\" width=\"1024\" height=\"576\" src=\"http:\/\/hand2noteguide.com\/wp-content\/uploads\/2024\/09\/3Bet-min-1024x576.jpg\" alt=\"3bet\" class=\"wp-image-8154\" srcset=\"https:\/\/hand2noteguide.com\/wp-content\/uploads\/2024\/09\/3Bet-min-1024x576.jpg 1024w, https:\/\/hand2noteguide.com\/wp-content\/uploads\/2024\/09\/3Bet-min-300x169.jpg 300w, https:\/\/hand2noteguide.com\/wp-content\/uploads\/2024\/09\/3Bet-min-768x432.jpg 768w, https:\/\/hand2noteguide.com\/wp-content\/uploads\/2024\/09\/3Bet-min-1536x864.jpg 1536w, https:\/\/hand2noteguide.com\/wp-content\/uploads\/2024\/09\/3Bet-min-772x434.jpg 772w, https:\/\/hand2noteguide.com\/wp-content\/uploads\/2024\/09\/3Bet-min-624x351.jpg 624w, https:\/\/hand2noteguide.com\/wp-content\/uploads\/2024\/09\/3Bet-min.jpg 1600w\" sizes=\"auto, (max-width: 1024px) 100vw, 1024px\" \/><\/figure>\n\n\n\n<p>Erfahren Sie mehr \u00fcber 3-Bets und die typischen Werte in unserem <a href=\"\/de\/poker\/3bet-in-poker\/\">Poker 3Bet<\/a>-Artikel.<\/p>\n\n\n\n<h3 class=\"wp-block-heading\">AF &amp; Afq (Aggression Factor &amp; Aggression Frequency)<\/h3>\n\n\n\n<p>AF und Afq sind zwei Statistiken mit demselben Prinzip: Sie zeigen den Grad der Aggression eines Spielers. Sie werden mit leicht unterschiedlichen Formeln berechnet. AF ist das Verh\u00e4ltnis der Gesamtanzahl von Bets und Raises zur Gesamtanzahl der Calls des Spielers. W\u00e4hrend Afq das Verh\u00e4ltnis von Bets und Raises zu allen m\u00f6glichen passiven Aktionen (Fold, Call, Check) ist.<\/p>\n\n\n\n<figure class=\"wp-block-image size-large\"><img loading=\"lazy\" decoding=\"async\" width=\"1024\" height=\"576\" src=\"https:\/\/hand2noteguide.com\/wp-content\/uploads\/2024\/09\/agg-min-1024x576.png\" alt=\"\" class=\"wp-image-8501\" srcset=\"https:\/\/hand2noteguide.com\/wp-content\/uploads\/2024\/09\/agg-min-1024x576.png 1024w, https:\/\/hand2noteguide.com\/wp-content\/uploads\/2024\/09\/agg-min-300x169.png 300w, https:\/\/hand2noteguide.com\/wp-content\/uploads\/2024\/09\/agg-min-768x432.png 768w, https:\/\/hand2noteguide.com\/wp-content\/uploads\/2024\/09\/agg-min-1536x864.png 1536w, https:\/\/hand2noteguide.com\/wp-content\/uploads\/2024\/09\/agg-min-772x434.png 772w, https:\/\/hand2noteguide.com\/wp-content\/uploads\/2024\/09\/agg-min-624x351.png 624w, https:\/\/hand2noteguide.com\/wp-content\/uploads\/2024\/09\/agg-min.png 1600w\" sizes=\"auto, (max-width: 1024px) 100vw, 1024px\" \/><figcaption class=\"wp-element-caption\">Poker-Aggressionsstatistiken-Formeln<\/figcaption><\/figure>\n\n\n\n<p>Welche Statistik ist besser zu verwenden? Sie werden unterschiedliche Meinungen in der Poker-Community finden, aber AFq wird als praktischere und modernere Statistik angesehen. Ihr Wert ist transparenter &#8211; % der aggressiven Aktionen von allen Aktionen. Sie ist auch informativer bei kleinen Stichproben &#8211; was ein sehr wichtiger Vorteil in modernen Spielen ist.<\/p>\n\n\n\n<h3 class=\"wp-block-heading\">WTSD (Went to Showdown)<\/h3>\n\n\n\n<p>WTSD misst, wie oft ein Spieler nach dem Flop zum Showdown geht. Ein hoher WTSD deutet darauf hin, dass der Spieler gerne den Showdown sieht und m\u00f6glicherweise eine \u201eCalling Station\u201c ist, jemand, der oft callt und nicht leicht foldet. Ein niedriger WTSD bedeutet, dass der Spieler eher vor dem Showdown foldet, was es einfacher macht, ihn aus dem Pot zu bluffen.<\/p>\n\n\n\n<figure class=\"wp-block-image size-large\"><img loading=\"lazy\" decoding=\"async\" width=\"1024\" height=\"576\" src=\"https:\/\/hand2noteguide.com\/wp-content\/uploads\/2024\/09\/WTSD-min-1024x576.jpg\" alt=\"\" class=\"wp-image-8396\" srcset=\"https:\/\/hand2noteguide.com\/wp-content\/uploads\/2024\/09\/WTSD-min-1024x576.jpg 1024w, https:\/\/hand2noteguide.com\/wp-content\/uploads\/2024\/09\/WTSD-min-300x169.jpg 300w, https:\/\/hand2noteguide.com\/wp-content\/uploads\/2024\/09\/WTSD-min-768x432.jpg 768w, https:\/\/hand2noteguide.com\/wp-content\/uploads\/2024\/09\/WTSD-min-1536x864.jpg 1536w, https:\/\/hand2noteguide.com\/wp-content\/uploads\/2024\/09\/WTSD-min-772x434.jpg 772w, https:\/\/hand2noteguide.com\/wp-content\/uploads\/2024\/09\/WTSD-min-624x351.jpg 624w, https:\/\/hand2noteguide.com\/wp-content\/uploads\/2024\/09\/WTSD-min.jpg 1600w\" sizes=\"auto, (max-width: 1024px) 100vw, 1024px\" \/><figcaption class=\"wp-element-caption\">Went To Showdown-Statistik-Formel<\/figcaption><\/figure>\n\n\n\n<p>Es gibt viele andere Poker-Statistiken, die Sie nach und nach lernen werden, w\u00e4hrend Sie Ihre <a href=\"https:\/\/hand2note.com\/\" target=\"_blank\" aria-label=\"undefined (opens in a new tab)\" rel=\"noreferrer noopener\">Hand2Note<\/a>-Reise fortsetzen. Wir empfehlen, Statistiken schrittweise in Ihr Spiel und Ihre Analyse zu integrieren, von den popul\u00e4reren zu den weniger popul\u00e4ren.<\/p>\n\n\n\n<h2 class=\"wp-block-heading\">Wie man Poker HUD-Statistiken verwendet<\/h2>\n\n\n\n<p>Die effektive Nutzung von Poker HUD-Statistiken erfordert \u00dcbung und Erfahrung. Hier sind einige Tipps, um Ihnen den Einstieg zu erleichtern:<\/p>\n\n\n\n<ol class=\"wp-block-list\">\n<li><strong>Konzentrieren Sie sich auf die Grundlagen<\/strong>. Als Anf\u00e4nger sollten Sie sich zun\u00e4chst auf die wichtigsten Statistiken wie VPIP, PFR und Afq konzentrieren. Diese geben Ihnen eine gute Vorstellung vom allgemeinen Spielstil Ihrer Gegner.<\/li>\n\n\n\n<li><strong>Passen Sie sich der Stichprobengr\u00f6\u00dfe an<\/strong>. Die Genauigkeit der Statistiken h\u00e4ngt davon ab, wie viele H\u00e4nde Sie von einem Spieler haben. Eine gro\u00dfe Stichprobengr\u00f6\u00dfe liefert Ihnen zuverl\u00e4ssigere Daten, w\u00e4hrend eine kleine Stichprobengr\u00f6\u00dfe irref\u00fchrend sein kann. Seien Sie sehr vorsichtig mit Statistiken mit geringen Stichproben &#8211; die Varianz kann einen gro\u00dfen Einfluss auf sie haben, und sie vermitteln keine wertvollen Informationen. Streben Sie etwa 10 Stichproben f\u00fcr eine Statistik an &#8211; nehmen Sie eine Statistik nicht ernst, wenn sie weniger als diese Stichprobe hat.<\/li>\n\n\n\n<li><strong>Verwenden Sie Statistiken in Kombination<\/strong>. Verlassen Sie sich nicht auf eine einzelne Statistik. Kombinieren Sie mehrere Statistiken, um ein vollst\u00e4ndiges Bild vom Stil Ihres Gegners zu erhalten. Vergleichen Sie zum Beispiel VPIP und PFR, um zu sehen, ob ein Spieler loose-aggressiv oder tight-aggressiv ist.<\/li>\n\n\n\n<li><strong>Passen Sie Ihre Strategie an<\/strong>. Verwenden Sie die Statistiken, um Ihre Strategie in Echtzeit anzupassen. Wenn Sie sehen, dass ein Gegner eine hohe Fold to C-Bet hat, sollten Sie <a href=\"\/de\/poker\/poker-bluff\/\">h\u00e4ufiger bluffen<\/a>. Wenn er einen hohen WTSD hat, seien Sie mit Bluffs vorsichtiger.<\/li>\n\n\n\n<li><strong>Denken Sie an den Positionsfaktor<\/strong>. Die von uns angegebenen Statistikwerte sind typisch, aber derselbe Spieler kann in verschiedenen Positionen drastisch unterschiedliche Werte f\u00fcr dieselbe Statistik haben. Zum Beispiel haben gute Spieler einen Pre-Flop Raise von etwa 14% aus der fr\u00fchen Position und etwa 40% vom Button. Dies liegt daran, dass Sie am Button eine viel bessere Position haben, um ins Spiel einzusteigen, und Sie k\u00f6nnen viele weitere H\u00e4nde profitabel spielen.<\/li>\n\n\n\n<li><strong>Verlieren Sie sich nicht in Zahlen<\/strong>. Sie spielen immer noch Poker &#8211; ein menschliches Spiel. Verbringen Sie nicht Ihre gesamte Zeit damit, Zahlen zu betrachten. Es gibt viele andere n\u00fctzliche Informationen, die Ihnen in der Hand zur Verf\u00fcgung stehen &#8211; Aktionshistorie, Board-Textur, Einsatzgr\u00f6\u00dfen, Timing-Tells, die Equity Ihrer Hand und so weiter.<\/li>\n<\/ol>\n\n\n\n<h2 class=\"wp-block-heading\">Fazit<\/h2>\n\n\n\n<p>Poker HUD-Statistiken sind m\u00e4chtige Werkzeuge, die Ihnen im Online-Poker einen erheblichen Vorteil verschaffen k\u00f6nnen. Indem Sie diese Statistiken verstehen und effektiv nutzen, k\u00f6nnen Sie bessere Entscheidungen treffen und Ihre Gewinnchancen verbessern. Beginnen Sie mit den Grundlagen, lernen Sie, wie Sie die Statistiken lesen, und \u00fcben Sie, sie in Ihren Spielen zu verwenden. Mit der Zeit und Erfahrung werden Sie ein geschickterer und erfolgreicherer Pokerspieler.<\/p>\n","protected":false},"excerpt":{"rendered":"<p>Poker ist ein Spiel der Strategie, Beobachtung und schnellen Entscheidungsfindung. Im Online-Poker kann ein Poker HUD (Heads-Up Display) ein m\u00e4chtiges Werkzeug sein. Es zeigt Ihnen wichtige Statistiken \u00fcber Ihre Gegner in Echtzeit. Diese Statistiken helfen Ihnen, zu verstehen, wie Ihre Gegner spielen, sodass Sie bessere Entscheidungen treffen k\u00f6nnen. Wenn Sie mit HUD noch nicht vertraut &hellip; <a href=\"https:\/\/hand2noteguide.com\/de\/poker\/poker-hud-stats\/\" class=\"more-link\">Continue reading <span class=\"screen-reader-text\">Poker-HUD-Statistiken &#8211; lernen Sie, wie Sie Statistiken im Pokerspiel verwenden<\/span><\/a><\/p>\n","protected":false},"author":1,"featured_media":0,"parent":7017,"menu_order":0,"comment_status":"closed","ping_status":"closed","template":"","meta":{"footnotes":""},"class_list":["post-8180","page","type-page","status-publish","hentry"],"translation":{"provider":"WPGlobus","version":"3.0.2","language":"de","enabled_languages":["en","ru","pt","zh","es","fr","de","it","ja"],"languages":{"en":{"title":true,"content":true,"excerpt":false},"ru":{"title":true,"content":true,"excerpt":false},"pt":{"title":true,"content":true,"excerpt":false},"zh":{"title":true,"content":true,"excerpt":false},"es":{"title":true,"content":true,"excerpt":false},"fr":{"title":true,"content":true,"excerpt":false},"de":{"title":true,"content":true,"excerpt":false},"it":{"title":true,"content":true,"excerpt":false},"ja":{"title":true,"content":true,"excerpt":false}}},"yoast_head":"<!-- This site is optimized with the Yoast SEO plugin v27.0 - https:\/\/yoast.com\/product\/yoast-seo-wordpress\/ -->\n<title>Poker-HUD-Statistiken - lernen Sie, wie Sie Statistiken im Pokerspiel verwenden<\/title>\n<meta name=\"description\" content=\"Erfahren Sie, wie Sie Poker-HUD-Statistiken verwenden und welche ihre g\u00e4ngigen Werte sind. Wichtige Statistiken umfassen VPIP, PFR, 3BET und WTSD. Statistiken k\u00f6nnen Ihnen helfen, Ihre Gegner auszunutzen.\" \/>\n<meta name=\"robots\" content=\"index, follow, max-snippet:-1, max-image-preview:large, max-video-preview:-1\" \/>\n<link rel=\"canonical\" href=\"https:\/\/hand2noteguide.com\/poker\/poker-hud-stats\/\" \/>\n<meta property=\"og:locale\" content=\"de_DE\" \/>\n<meta property=\"og:type\" content=\"article\" \/>\n<meta property=\"og:title\" content=\"Poker-HUD-Statistiken - lernen Sie, wie Sie Statistiken im Pokerspiel verwenden\" \/>\n<meta property=\"og:description\" content=\"Erfahren Sie, wie Sie Poker-HUD-Statistiken verwenden und welche ihre g\u00e4ngigen Werte sind. Wichtige Statistiken umfassen VPIP, PFR, 3BET und WTSD. Statistiken k\u00f6nnen Ihnen helfen, Ihre Gegner auszunutzen.\" \/>\n<meta property=\"og:url\" content=\"https:\/\/hand2noteguide.com\/poker\/poker-hud-stats\/\" \/>\n<meta property=\"og:site_name\" content=\"Hand2Note Guide\" \/>\n<meta property=\"article:modified_time\" content=\"2026-03-11T10:56:09+00:00\" \/>\n<meta property=\"og:image\" content=\"http:\/\/hand2noteguide.com\/wp-content\/uploads\/2020\/08\/simple-cash-transcription-1.png\" \/>\n<meta name=\"twitter:card\" content=\"summary_large_image\" \/>\n<meta name=\"twitter:label1\" content=\"Est. reading time\" \/>\n\t<meta name=\"twitter:data1\" content=\"10 minutes\" \/>\n<!-- \/ Yoast SEO plugin. -->","yoast_head_json":{"title":"Poker-HUD-Statistiken - lernen Sie, wie Sie Statistiken im Pokerspiel verwenden","description":"Erfahren Sie, wie Sie Poker-HUD-Statistiken verwenden und welche ihre g\u00e4ngigen Werte sind. Wichtige Statistiken umfassen VPIP, PFR, 3BET und WTSD. Statistiken k\u00f6nnen Ihnen helfen, Ihre Gegner auszunutzen.","robots":{"index":"index","follow":"follow","max-snippet":"max-snippet:-1","max-image-preview":"max-image-preview:large","max-video-preview":"max-video-preview:-1"},"canonical":"https:\/\/hand2noteguide.com\/poker\/poker-hud-stats\/","og_locale":"de_DE","og_type":"article","og_title":"Poker-HUD-Statistiken - lernen Sie, wie Sie Statistiken im Pokerspiel verwenden","og_description":"Erfahren Sie, wie Sie Poker-HUD-Statistiken verwenden und welche ihre g\u00e4ngigen Werte sind. Wichtige Statistiken umfassen VPIP, PFR, 3BET und WTSD. Statistiken k\u00f6nnen Ihnen helfen, Ihre Gegner auszunutzen.","og_url":"https:\/\/hand2noteguide.com\/poker\/poker-hud-stats\/","og_site_name":"Hand2Note Guide","article_modified_time":"2026-03-11T10:56:09+00:00","og_image":[{"url":"http:\/\/hand2noteguide.com\/wp-content\/uploads\/2020\/08\/simple-cash-transcription-1.png","type":"","width":"","height":""}],"twitter_card":"summary_large_image","twitter_misc":{"Est. reading time":"10 minutes"},"schema":{"@context":"https:\/\/schema.org","@graph":[]}},"jetpack_sharing_enabled":true,"_links":{"self":[{"href":"https:\/\/hand2noteguide.com\/de\/wp-json\/wp\/v2\/pages\/8180","targetHints":{"allow":["GET"]}}],"collection":[{"href":"https:\/\/hand2noteguide.com\/de\/wp-json\/wp\/v2\/pages"}],"about":[{"href":"https:\/\/hand2noteguide.com\/de\/wp-json\/wp\/v2\/types\/page"}],"author":[{"embeddable":true,"href":"https:\/\/hand2noteguide.com\/de\/wp-json\/wp\/v2\/users\/1"}],"replies":[{"embeddable":true,"href":"https:\/\/hand2noteguide.com\/de\/wp-json\/wp\/v2\/comments?post=8180"}],"version-history":[{"count":79,"href":"https:\/\/hand2noteguide.com\/de\/wp-json\/wp\/v2\/pages\/8180\/revisions"}],"predecessor-version":[{"id":15766,"href":"https:\/\/hand2noteguide.com\/de\/wp-json\/wp\/v2\/pages\/8180\/revisions\/15766"}],"up":[{"embeddable":true,"href":"https:\/\/hand2noteguide.com\/de\/wp-json\/wp\/v2\/pages\/7017"}],"wp:attachment":[{"href":"https:\/\/hand2noteguide.com\/de\/wp-json\/wp\/v2\/media?parent=8180"}],"curies":[{"name":"wp","href":"https:\/\/api.w.org\/{rel}","templated":true}]}}