{"id":8237,"date":"2024-09-12T15:27:30","date_gmt":"2024-09-12T12:27:30","guid":{"rendered":"https:\/\/hand2noteguide.com\/?page_id=8237"},"modified":"2026-03-11T13:47:45","modified_gmt":"2026-03-11T10:47:45","slug":"poker-tilt","status":"publish","type":"page","link":"https:\/\/hand2noteguide.com\/de\/poker\/poker-tilt\/","title":{"rendered":"Poker-Tilt: Emotionen verstehen und kontrollieren"},"content":{"rendered":"\n<p>Poker ist nicht nur ein Spiel aus K\u00f6nnen und Strategie. Es ist auch ein Spiel der Emotionen. Selbst die besten Spieler haben manchmal Schwierigkeiten, ihre Gef\u00fchle am Tisch zu kontrollieren. Eine der gr\u00f6\u00dften Herausforderungen f\u00fcr Pokerspieler ist der sogenannte \u201eTilt\u201c. \u2620\ufe0f Tilt kann dein Spiel ruinieren, deine Bankroll aufbrauchen und dich frustriert zur\u00fccklassen. Zu verstehen, was Tilt ist und wie man damit umgeht, ist f\u00fcr jeden ernsthaften Pokerspieler entscheidend.<\/p>\n\n\n\n<figure class=\"wp-block-image size-full\"><img loading=\"lazy\" decoding=\"async\" width=\"540\" height=\"346\" src=\"http:\/\/hand2noteguide.com\/wp-content\/uploads\/2024\/09\/anger.jpg\" alt=\"\" class=\"wp-image-8250\" srcset=\"https:\/\/hand2noteguide.com\/wp-content\/uploads\/2024\/09\/anger.jpg 540w, https:\/\/hand2noteguide.com\/wp-content\/uploads\/2024\/09\/anger-300x192.jpg 300w\" sizes=\"auto, (max-width: 540px) 100vw, 540px\" \/><\/figure>\n\n\n\n<p>In diesem Artikel schauen wir uns an, was Poker-Tilt ist, warum er entsteht, wie er dein Spiel beeinflusst und vor allem, wie du ihn kontrollieren und verhindern kannst.<\/p>\n\n\n\n<h2 class=\"wp-block-heading\">Was ist Poker-Tilt?<\/h2>\n\n\n\n<p>Tilt ist ein Begriff aus dem Poker und beschreibt einen emotionalen Zustand von <strong>Frustration<\/strong> oder <strong>Wut<\/strong>, der zu schlechten Entscheidungen f\u00fchrt. Wenn ein Spieler auf Tilt ist, setzt er oft irrational, jagt Verlusten hinterher oder spielt H\u00e4nde, die er normalerweise nicht spielen w\u00fcrde. Tilt bedeutet nicht nur, die Beherrschung zu verlieren. Er kann auch subtiler auftreten, zum Beispiel wenn man sich nach einem gro\u00dfen Gewinn <strong>\u00fcberm\u00e4\u00dfig selbstsicher<\/strong> f\u00fchlt oder nach mehreren verlorenen H\u00e4nden nerv\u00f6s wird.<\/p>\n\n\n\n<div class=\"green-block\">\n<p style=\"margin-bottom:0\">\ud83d\udcad Jede starke Emotion, die deine F\u00e4higkeit beeintr\u00e4chtigt, klar zu denken und gute Entscheidungen zu treffen, kann als Tilt betrachtet werden.<\/p>\n<\/div>\n\n\n\n<figure class=\"wp-block-embed is-type-video is-provider-youtube wp-block-embed-youtube wp-embed-aspect-16-9 wp-has-aspect-ratio\"><div class=\"wp-block-embed__wrapper\">\n<div class=\"jetpack-video-wrapper\"><iframe loading=\"lazy\" title=\"Phil Hellmuth Is On MEGA TILT After These Monster Pots\" width=\"700\" height=\"394\" src=\"https:\/\/www.youtube.com\/embed\/u_KNDOtj0DU?feature=oembed\" frameborder=\"0\" allow=\"accelerometer; autoplay; clipboard-write; encrypted-media; gyroscope; picture-in-picture; web-share\" referrerpolicy=\"strict-origin-when-cross-origin\" allowfullscreen><\/iframe><\/div>\n<\/div><\/figure>\n\n\n\n<p>Tilt kann jedem passieren \u2013 unabh\u00e4ngig vom Erfahrungslevel. Wir sind alle Menschen und unterliegen Emotionen. Auch professionelle Pokerspieler geraten manchmal auf Tilt, aber seltener, und die Qualit\u00e4t ihrer Entscheidungen leidet meist weniger darunter. Au\u00dferdem kennen gute Spieler verschiedene Techniken, um mit Tilt umzugehen. Dadurch k\u00f6nnen sie Disziplin und Konzentration auf einem hohen Niveau halten und einen Tilt-Zustand schneller \u00fcberwinden.<\/p>\n\n\n\n<h2 class=\"wp-block-heading\">Warum geraten Spieler auf Tilt?<\/h2>\n\n\n\n<p>Es gibt mehrere Faktoren, die Online- oder Live-Pokerspieler auf Tilt bringen k\u00f6nnen. Hier sind einige der h\u00e4ufigsten Ausl\u00f6ser:<\/p>\n\n\n\n<h3 class=\"wp-block-heading\">1. <strong>Bad Beats<\/strong><\/h3>\n\n\n\n<p>Ein Bad Beat ist, wenn du eine Hand trotz der besseren Karten verlierst. Das kann extrem frustrierend sein, besonders wenn du durch einen gl\u00fccklichen Treffer am <a href=\"\/de\/poker\/poker-streets\/\">River<\/a> geschlagen wirst. Bad Beats sind eine h\u00e4ufige Ursache f\u00fcr Tilt, weil sie das Gef\u00fchl vermitteln, einfach nur Pech zu haben und nichts dagegen tun zu k\u00f6nnen.<\/p>\n\n\n\n<h3 class=\"wp-block-heading\">2. <strong>Verlustserien<\/strong><\/h3>\n\n\n\n<p>Wenn du mehrere H\u00e4nde hintereinander verlierst, ist es leicht, frustriert zu werden und an deinen F\u00e4higkeiten zu zweifeln. Das kann zu Verzweiflung f\u00fchren, sodass du riskante Entscheidungen triffst, um deine Verluste schnell zur\u00fcckzugewinnen. Das wiederum kann zu noch gr\u00f6\u00dferen Verlusten, mehr Frustration und einem tieferen Tilt-Zustand f\u00fchren.<\/p>\n\n\n\n<figure class=\"wp-block-image size-large is-resized\"><img loading=\"lazy\" decoding=\"async\" src=\"http:\/\/hand2noteguide.com\/wp-content\/uploads\/2024\/09\/variance-min-1024x499.png\" alt=\"\" class=\"wp-image-8051\" width=\"840\" height=\"409\" srcset=\"https:\/\/hand2noteguide.com\/wp-content\/uploads\/2024\/09\/variance-min-1024x499.png 1024w, https:\/\/hand2noteguide.com\/wp-content\/uploads\/2024\/09\/variance-min-300x146.png 300w, https:\/\/hand2noteguide.com\/wp-content\/uploads\/2024\/09\/variance-min-768x374.png 768w, https:\/\/hand2noteguide.com\/wp-content\/uploads\/2024\/09\/variance-min-1536x748.png 1536w, https:\/\/hand2noteguide.com\/wp-content\/uploads\/2024\/09\/variance-min-772x376.png 772w, https:\/\/hand2noteguide.com\/wp-content\/uploads\/2024\/09\/variance-min-624x304.png 624w, https:\/\/hand2noteguide.com\/wp-content\/uploads\/2024\/09\/variance-min.png 1880w\" sizes=\"auto, (max-width: 840px) 100vw, 840px\" \/><figcaption class=\"wp-element-caption\">Die Varianz im Poker kann brutal sein. Du kannst eine profitable Strategie spielen und trotzdem eine lange Downswing-Phase erleben.<\/figcaption><\/figure>\n\n\n\n<h3 class=\"wp-block-heading\">3. <strong>Verhalten der Gegner<\/strong><\/h3>\n\n\n\n<p>Manchmal kann auch das Verhalten anderer Spieler dich auf Tilt bringen. Wenn ein Gegner Trash Talk betreibt, slowrollt oder sich anderweitig respektlos verh\u00e4lt, kann dich das w\u00fctend machen und von deinem Spiel ablenken. Das kommt h\u00e4ufiger im Live-Poker vor, aber auch im Online-Poker k\u00f6nnen Gegner provozierend sein, zum Beispiel durch aggressive Kommentare im Chat.<\/p>\n\n\n\n<figure class=\"wp-block-embed is-type-video is-provider-youtube wp-block-embed-youtube wp-embed-aspect-16-9 wp-has-aspect-ratio\"><div class=\"wp-block-embed__wrapper\">\n<div class=\"jetpack-video-wrapper\"><iframe loading=\"lazy\" title=\"TONY G Vs PHIL HELLMUTH: Part II of the EPIC Battle \u2660\ufe0f Poker Rivals \u2660\ufe0f PokerStars\" width=\"700\" height=\"394\" src=\"https:\/\/www.youtube.com\/embed\/oDqJZ-xEqWk?feature=oembed\" frameborder=\"0\" allow=\"accelerometer; autoplay; clipboard-write; encrypted-media; gyroscope; picture-in-picture; web-share\" referrerpolicy=\"strict-origin-when-cross-origin\" allowfullscreen><\/iframe><\/div>\n<\/div><\/figure>\n\n\n\n<h3 class=\"wp-block-heading\">4. <strong>Pers\u00f6nliche Probleme<\/strong><\/h3>\n\n\n\n<p>Auch externe Faktoren wie Stress bei der Arbeit, Probleme in Beziehungen oder gesundheitliche Schwierigkeiten k\u00f6nnen deinen mentalen Zustand am Pokertisch beeinflussen. Wenn du bereits emotional belastet bist, bevor du \u00fcberhaupt anf\u00e4ngst zu spielen, ist die Wahrscheinlichkeit h\u00f6her, dass du auf Tilt ger\u00e4tst.<\/p>\n\n\n\n<h3 class=\"wp-block-heading\">5. <strong>M\u00fcdigkeit<\/strong><\/h3>\n\n\n\n<p>Lange Pokersessions ohne Pause k\u00f6nnen zu mentaler Ersch\u00f6pfung f\u00fchren. Wenn du m\u00fcde bist, f\u00e4llt es dir schwerer, deine Emotionen zu kontrollieren und klar zu denken \u2013 dadurch wirst du anf\u00e4lliger f\u00fcr Tilt.<\/p>\n\n\n\n<h2 class=\"wp-block-heading\">Wie beeinflusst Tilt dein Spiel?<\/h2>\n\n\n\n<p>Tilt kann einen starken Einfluss auf deine Pokerleistung haben. So kann er dein Spiel beeintr\u00e4chtigen:<\/p>\n\n\n\n<h3 class=\"wp-block-heading\">1. <strong>Schlechte Entscheidungen<\/strong><\/h3>\n\n\n\n<p>Wenn du auf Tilt bist, \u00fcbernehmen deine Emotionen die Kontrolle und du denkst nicht mehr logisch. Du spielst vielleicht H\u00e4nde, die du normalerweise folden w\u00fcrdest, setzt gr\u00f6\u00dfere Betr\u00e4ge als \u00fcblich oder callst, obwohl ein Fold besser w\u00e4re. Das kann zu erheblichen Verlusten f\u00fchren. Das gro\u00dfe Problem dabei ist: Schlechte Entscheidungen k\u00f6nnen dich noch mehr triggern, wodurch du immer schlechtere Entscheidungen triffst. Das mentale Spiel ist f\u00fcr jeden Pokerspieler eine gro\u00dfe Herausforderung.<\/p>\n\n\n\n<h3 class=\"wp-block-heading\">2. <strong>Verluste hinterherjagen<\/strong><\/h3>\n\n\n\n<p>Eines der h\u00e4ufigsten Anzeichen f\u00fcr Tilt ist das Hinterherjagen von Verlusten. Anstatt zu akzeptieren, dass du verloren hast, und bei deiner Strategie zu bleiben, beginnst du riskante Bets zu machen, um das verlorene Geld zur\u00fcckzugewinnen. Das f\u00fchrt meistens zu noch gr\u00f6\u00dferen Verlusten.<\/p>\n\n\n\n<h3 class=\"wp-block-heading\">3. <strong>Zu aggressiv oder zu passiv spielen<\/strong><\/h3>\n\n\n\n<p>Tilt kann dazu f\u00fchren, dass du entweder zu aggressiv oder zu passiv spielst. Vielleicht setzt du pl\u00f6tzlich wild, ohne die Odds zu ber\u00fccksichtigen, oder du wirst so vorsichtig, dass du viel zu oft foldest \u2013 sogar mit einer guten Hand.<\/p>\n\n\n\n<h3 class=\"wp-block-heading\">4. <strong>Konzentration verlieren<\/strong><\/h3>\n\n\n\n<p>Wenn du auf Tilt bist, verlierst du leicht den Fokus auf das Spiel. Du achtest vielleicht nicht mehr auf die <a href=\"\/de\/poker\/poker-actions\/\">Aktionen<\/a> deiner Gegner. Au\u00dferdem \u00fcbersiehst du wichtige Details, ber\u00fccksichtigst die Odds nicht oder schaust nicht mehr auf relevante <a href=\"\/de\/poker\/poker-hud-stats\/\">HUD-Stats<\/a>. Dieser Konzentrationsverlust kann zu teuren Fehlern f\u00fchren.<\/p>\n\n\n\n<h3 class=\"wp-block-heading\">5. <strong>Sch\u00e4den an deiner Bankroll<\/strong><\/h3>\n\n\n\n<p>Wenn du deinen Tilt nicht kontrollierst, kann er deine Bankroll schnell zerst\u00f6ren. Ein paar schlechte Entscheidungen k\u00f6nnen zu gro\u00dfen Verlusten f\u00fchren, und wenn du w\u00e4hrend eines Tilt-Zustands weiterhin versuchst, Verluste zur\u00fcckzugewinnen, kannst du am Ende viel mehr verlieren, als du dir leisten kannst.<\/p>\n\n\n\n<figure class=\"wp-block-image size-large\"><img loading=\"lazy\" decoding=\"async\" width=\"1024\" height=\"628\" src=\"https:\/\/hand2noteguide.com\/wp-content\/uploads\/2024\/09\/bankroll-min-1024x628.png\" alt=\"\" class=\"wp-image-8255\" srcset=\"https:\/\/hand2noteguide.com\/wp-content\/uploads\/2024\/09\/bankroll-min-1024x628.png 1024w, https:\/\/hand2noteguide.com\/wp-content\/uploads\/2024\/09\/bankroll-min-300x184.png 300w, https:\/\/hand2noteguide.com\/wp-content\/uploads\/2024\/09\/bankroll-min-768x471.png 768w, https:\/\/hand2noteguide.com\/wp-content\/uploads\/2024\/09\/bankroll-min-1536x942.png 1536w, https:\/\/hand2noteguide.com\/wp-content\/uploads\/2024\/09\/bankroll-min-2048x1257.png 2048w, https:\/\/hand2noteguide.com\/wp-content\/uploads\/2024\/09\/bankroll-min-772x474.png 772w, https:\/\/hand2noteguide.com\/wp-content\/uploads\/2024\/09\/bankroll-min-624x383.png 624w\" sizes=\"auto, (max-width: 1024px) 100vw, 1024px\" \/><figcaption class=\"wp-element-caption\">Empfohlene Bankroll-Gr\u00f6\u00dfe laut <a aria-label=\"undefined (opens in a new tab)\" href=\"https:\/\/www.getcoach.poker\/calculators\/bankroll-size\/\" target=\"_blank\" rel=\"noreferrer noopener\">Poker Bankroll Calculator<\/a><\/figcaption><\/figure>\n\n\n\n<h2 class=\"wp-block-heading\">Wie man Tilt kontrolliert und verhindert<\/h2>\n\n\n\n<p>Tilt zu kontrollieren ist eine wichtige F\u00e4higkeit, wenn du ein erfolgreicher Pokerspieler werden m\u00f6chtest. Hier sind einige Strategien, die dir helfen k\u00f6nnen, die Kontrolle zu behalten:<\/p>\n\n\n\n<h3 class=\"wp-block-heading\">1. Die Anzeichen von Tilt erkennen<\/h3>\n\n\n\n<p>Der erste Schritt im Umgang mit Tilt ist zu erkennen, wann du auf Tilt bist. Achte auf deine Emotionen und dein Verhalten. F\u00fchlst du dich frustriert, w\u00fctend oder nerv\u00f6s? Triffst du Entscheidungen, die nicht typisch f\u00fcr dich sind? Wenn ja, bist du m\u00f6glicherweise auf Tilt. Je fr\u00fcher du das erkennst, desto leichter kannst du die Kontrolle zur\u00fcckgewinnen.<\/p>\n\n\n\n<h3 class=\"wp-block-heading\">2. Eine Pause machen<\/h3>\n\n\n\n<p>Wenn du merkst, dass du auf Tilt bist, ist das Beste, was du tun kannst, eine Pause einzulegen. Entferne dich vom Tisch, geh spazieren oder mach etwas, das dir hilft zu entspannen. Eine Pause hilft dir, den Kopf freizubekommen, dich zu beruhigen und mit einer frischen Perspektive zum Spiel zur\u00fcckzukehren.<\/p>\n\n\n\n<figure class=\"wp-block-image size-large\"><img loading=\"lazy\" decoding=\"async\" width=\"1024\" height=\"683\" src=\"https:\/\/hand2noteguide.com\/wp-content\/uploads\/2024\/09\/break-from-work-min-1024x683.jpg\" alt=\"\" class=\"wp-image-8260\" srcset=\"https:\/\/hand2noteguide.com\/wp-content\/uploads\/2024\/09\/break-from-work-min-1024x683.jpg 1024w, https:\/\/hand2noteguide.com\/wp-content\/uploads\/2024\/09\/break-from-work-min-300x200.jpg 300w, https:\/\/hand2noteguide.com\/wp-content\/uploads\/2024\/09\/break-from-work-min-768x512.jpg 768w, https:\/\/hand2noteguide.com\/wp-content\/uploads\/2024\/09\/break-from-work-min-772x515.jpg 772w, https:\/\/hand2noteguide.com\/wp-content\/uploads\/2024\/09\/break-from-work-min-624x416.jpg 624w, https:\/\/hand2noteguide.com\/wp-content\/uploads\/2024\/09\/break-from-work-min.jpg 1536w\" sizes=\"auto, (max-width: 1024px) 100vw, 1024px\" \/><\/figure>\n\n\n\n<h3 class=\"wp-block-heading\">3. \u270b Stop-Loss-Limits festlegen<\/h3>\n\n\n\n<p>Setze dir vor dem Spielen klare Grenzen. Entscheide, wie viel du maximal verlieren m\u00f6chtest, und halte dich daran. Wenn du dieses Limit erreichst, h\u00f6r auf zu spielen \u2013 selbst wenn du das Gef\u00fchl hast, das Geld zur\u00fcckgewinnen zu k\u00f6nnen. Solche Limits helfen, Tilt zu verhindern, indem sie deine Verluste begrenzen.<\/p>\n\n\n\n<h3 class=\"wp-block-heading\">4. Achtsamkeit und \ud83e\uddd8\u200d\u2642\ufe0f Meditation praktizieren<\/h3>\n\n\n\n<p>Achtsamkeit bedeutet, im Moment pr\u00e4sent zu bleiben und sich seiner Gedanken und Gef\u00fchle bewusst zu sein, ohne sich von ihnen kontrollieren zu lassen. Durch Achtsamkeit lernst du, deine Emotionen wahrzunehmen, ohne impulsiv darauf zu reagieren \u2013 das hilft dir, am Pokertisch ruhig und fokussiert zu bleiben.<\/p>\n\n\n\n<h3 class=\"wp-block-heading\">5. Auf die lange Sicht konzentrieren<\/h3>\n\n\n\n<p>Poker ist ein Spiel mit Varianz, das bedeutet, dass kurzfristige Ergebnisse nicht immer dein tats\u00e4chliches K\u00f6nnen widerspiegeln. Anstatt dich vom Ausgang einzelner H\u00e4nde beeinflussen zu lassen, konzentriere dich darauf, gute Entscheidungen zu treffen und dein Spiel langfristig zu verbessern. Diese Perspektive hilft dir, ruhig zu bleiben und Tilt zu vermeiden.<\/p>\n\n\n\n<div class=\"green-block\">\n<p style=\"margin-bottom:0\">\ud83d\udc49 Wir empfehlen den <a target=\"_blank\" href=\"https:\/\/courses.poker\/p\/tilt-buster-tilt-free-in-3-days\" rel=\"noopener\"><b>Tilt Buster Videokurs<\/b><\/a>. Das ist ein kurzer und effektiver Kurs, der dir einfache Techniken zeigt, um deine Emotionen besser zu kontrollieren und Tilt generell zu meistern.<\/p>\n<\/div>\n\n\n\n<h3 class=\"wp-block-heading\">6. Nicht spielen, wenn du emotional bist<\/h3>\n\n\n\n<p>Wenn du dich bereits emotional oder gestresst f\u00fchlst, bevor du anf\u00e4ngst zu spielen, ist es besser, die Session auszulassen. Poker erfordert einen klaren Kopf und emotionale Kontrolle. Wenn du mental nicht in der richtigen Verfassung bist, ger\u00e4tst du viel schneller auf Tilt.<\/p>\n\n\n\n<h3 class=\"wp-block-heading\">7. Eine Pre-Game-Routine entwickeln<\/h3>\n\n\n\n<p>Eine feste Routine vor der Session kann dir helfen, in die richtige mentale Verfassung zu kommen. Dazu k\u00f6nnen Atem\u00fcbungen, Visualisierung oder das Durchgehen deiner Ziele f\u00fcr die Session geh\u00f6ren. Eine konstante Routine hilft dir, fokussiert und ruhig zu bleiben.<\/p>\n\n\n\n<h3 class=\"wp-block-heading\">8. Deine Tilt-Ausl\u00f6ser analysieren<\/h3>\n\n\n\n<p>Nimm dir nach einer Session Zeit und \u00fcberlege, was deinen Tilt ausgel\u00f6st hat. War es ein Bad Beat, eine Verlustserie oder etwas anderes? Wenn du deine Ausl\u00f6ser verstehst, kannst du in Zukunft besser damit umgehen. Vielleicht stellst du sogar fest, dass bestimmte Spieltypen oder Gegner h\u00e4ufiger Tilt bei dir ausl\u00f6sen.<\/p>\n\n\n\n<h3 class=\"wp-block-heading\">9. Aus deinen Fehlern lernen<\/h3>\n\n\n\n<p>Tilt kann eine wertvolle Lernerfahrung sein, wenn du deine Fehler analysierst. Schau dir nach der Session deine H\u00e4nde und Entscheidungen an, um herauszufinden, was schiefgelaufen ist. Diese Analyse hilft dir, Verhaltensmuster zu erkennen und dein Spiel zu verbessern.<\/p>\n\n\n\n<h3 class=\"wp-block-heading\">10. Unterst\u00fctzung suchen<\/h3>\n\n\n\n<p>Wenn Tilt f\u00fcr dich ein wiederkehrendes Problem ist, kann es helfen, Unterst\u00fctzung von anderen Spielern oder einem Coach zu suchen. \u00dcber deine Erfahrungen zu sprechen und Ratschl\u00e4ge von Spielern zu bekommen, die \u00e4hnliche Situationen erlebt haben, kann dir neue Strategien f\u00fcr den Umgang mit deinen Emotionen geben.<\/p>\n\n\n\n<div class=\"green-block\">\n<p style=\"margin-bottom:0\">\ud83d\udc49 Achte auch auf <a target=\"_blank\" href=\"https:\/\/www.getcoach.poker\/coaches\/psychology\/\" rel=\"noopener\"><b>Mental Game Coaching<\/b><\/a>. Es gibt Poker-Coaches, die sich speziell auf den mentalen Aspekt des Spiels konzentrieren. Sie haben oft einen Hintergrund in Psychologie oder viel Erfahrung in diesem Bereich und helfen erfolgreichen Spielern, auch w\u00e4hrend langer Downswings mental stark zu bleiben.<\/p>\n<\/div>\n\n\n\n<h3 class=\"wp-block-heading\">11. Einen gesunden Lebensstil au\u00dferhalb der Tische aufbauen<\/h3>\n\n\n\n<p>Dein Leben au\u00dferhalb des Pokertisches beeinflusst deine Entscheidungen viel st\u00e4rker, als du vielleicht denkst. Wenn du in deinem Leben insgesamt zufrieden bist, f\u00e4llt es dir viel leichter, am Tisch klare Entscheidungen zu treffen. Achte auf deinen Lebensstil: Ern\u00e4hre dich gut, versuche mehr zu entspannen und verbessere deinen Schlaf. Umgib dich mit Menschen, mit denen du gerne Zeit verbringst und die \u00e4hnliche Interessen haben.<\/p>\n\n\n\n<div class=\"green-block\">\n<p style=\"margin-bottom:0\">\u2728 Ein positives Umfeld in deinem Leben sorgt f\u00fcr positive Emotionen \u2013 sodass du sie nicht durch Entscheidungen am Pokertisch suchen musst.<\/p>\n<\/div>\n\n\n\n<h2 class=\"wp-block-heading\">Fazit<\/h2>\n\n\n\n<p>Tilt ist eine der gr\u00f6\u00dften Herausforderungen f\u00fcr jeden Pokerspieler, aber er ist nicht unbesiegbar. Wenn du verstehst, was Tilt ist, seine Anzeichen erkennst und Strategien anwendest, um ihn zu kontrollieren, kannst du deine Emotionen besser im Griff behalten und bessere Entscheidungen am Tisch treffen. Denk daran: Poker ist ein Marathon, kein Sprint. Ruhig, fokussiert und diszipliniert zu bleiben f\u00fchrt langfristig zum Erfolg. Wenn du diese Tipps umsetzt, wirst du Tilt immer besser kontrollieren k\u00f6nnen \u2013 und dadurch auch deine Gesamtleistung im Poker verbessern.<\/p>\n","protected":false},"excerpt":{"rendered":"<p>Poker ist nicht nur ein Spiel aus K\u00f6nnen und Strategie. Es ist auch ein Spiel der Emotionen. Selbst die besten Spieler haben manchmal Schwierigkeiten, ihre Gef\u00fchle am Tisch zu kontrollieren. Eine der gr\u00f6\u00dften Herausforderungen f\u00fcr Pokerspieler ist der sogenannte \u201eTilt\u201c. \u2620\ufe0f Tilt kann dein Spiel ruinieren, deine Bankroll aufbrauchen und dich frustriert zur\u00fccklassen. Zu verstehen, &hellip; <a href=\"https:\/\/hand2noteguide.com\/de\/poker\/poker-tilt\/\" class=\"more-link\">Continue reading <span class=\"screen-reader-text\">Poker-Tilt: Emotionen verstehen und kontrollieren<\/span><\/a><\/p>\n","protected":false},"author":1,"featured_media":0,"parent":7017,"menu_order":0,"comment_status":"closed","ping_status":"closed","template":"","meta":{"footnotes":""},"class_list":["post-8237","page","type-page","status-publish","hentry"],"translation":{"provider":"WPGlobus","version":"3.0.2","language":"de","enabled_languages":["en","ru","pt","zh","es","fr","de","it","ja"],"languages":{"en":{"title":true,"content":true,"excerpt":false},"ru":{"title":true,"content":true,"excerpt":false},"pt":{"title":true,"content":true,"excerpt":false},"zh":{"title":true,"content":true,"excerpt":false},"es":{"title":true,"content":true,"excerpt":false},"fr":{"title":true,"content":true,"excerpt":false},"de":{"title":true,"content":true,"excerpt":false},"it":{"title":true,"content":true,"excerpt":false},"ja":{"title":true,"content":true,"excerpt":false}}},"yoast_head":"<!-- This site is optimized with the Yoast SEO plugin v27.0 - https:\/\/yoast.com\/product\/yoast-seo-wordpress\/ -->\n<title>Poker-Tilt: Emotionen verstehen und kontrollieren<\/title>\n<meta name=\"description\" content=\"Poker-Tilt zu verstehen und zu kontrollieren ist entscheidend f\u00fcr langfristigen Erfolg im Poker. Lerne die Ausl\u00f6ser kennen und setze Strategien um, um fokussiert zu bleiben.\" \/>\n<meta name=\"robots\" content=\"index, follow, max-snippet:-1, max-image-preview:large, max-video-preview:-1\" \/>\n<link rel=\"canonical\" href=\"https:\/\/hand2noteguide.com\/poker\/poker-tilt\/\" \/>\n<meta property=\"og:locale\" content=\"de_DE\" \/>\n<meta property=\"og:type\" content=\"article\" \/>\n<meta property=\"og:title\" content=\"Poker-Tilt: Emotionen verstehen und kontrollieren\" \/>\n<meta property=\"og:description\" content=\"Poker-Tilt zu verstehen und zu kontrollieren ist entscheidend f\u00fcr langfristigen Erfolg im Poker. Lerne die Ausl\u00f6ser kennen und setze Strategien um, um fokussiert zu bleiben.\" \/>\n<meta property=\"og:url\" content=\"https:\/\/hand2noteguide.com\/poker\/poker-tilt\/\" \/>\n<meta property=\"og:site_name\" content=\"Hand2Note Guide\" \/>\n<meta property=\"article:modified_time\" content=\"2026-03-11T10:47:45+00:00\" \/>\n<meta property=\"og:image\" content=\"http:\/\/hand2noteguide.com\/wp-content\/uploads\/2024\/09\/anger.jpg\" \/>\n<meta name=\"twitter:card\" content=\"summary_large_image\" \/>\n<meta name=\"twitter:label1\" content=\"Est. reading time\" \/>\n\t<meta name=\"twitter:data1\" content=\"55 minutes\" \/>\n<!-- \/ Yoast SEO plugin. -->","yoast_head_json":{"title":"Poker-Tilt: Emotionen verstehen und kontrollieren","description":"Poker-Tilt zu verstehen und zu kontrollieren ist entscheidend f\u00fcr langfristigen Erfolg im Poker. Lerne die Ausl\u00f6ser kennen und setze Strategien um, um fokussiert zu bleiben.","robots":{"index":"index","follow":"follow","max-snippet":"max-snippet:-1","max-image-preview":"max-image-preview:large","max-video-preview":"max-video-preview:-1"},"canonical":"https:\/\/hand2noteguide.com\/poker\/poker-tilt\/","og_locale":"de_DE","og_type":"article","og_title":"Poker-Tilt: Emotionen verstehen und kontrollieren","og_description":"Poker-Tilt zu verstehen und zu kontrollieren ist entscheidend f\u00fcr langfristigen Erfolg im Poker. Lerne die Ausl\u00f6ser kennen und setze Strategien um, um fokussiert zu bleiben.","og_url":"https:\/\/hand2noteguide.com\/poker\/poker-tilt\/","og_site_name":"Hand2Note Guide","article_modified_time":"2026-03-11T10:47:45+00:00","og_image":[{"url":"http:\/\/hand2noteguide.com\/wp-content\/uploads\/2024\/09\/anger.jpg","type":"","width":"","height":""}],"twitter_card":"summary_large_image","twitter_misc":{"Est. reading time":"55 minutes"},"schema":{"@context":"https:\/\/schema.org","@graph":[]}},"jetpack_sharing_enabled":true,"_links":{"self":[{"href":"https:\/\/hand2noteguide.com\/de\/wp-json\/wp\/v2\/pages\/8237","targetHints":{"allow":["GET"]}}],"collection":[{"href":"https:\/\/hand2noteguide.com\/de\/wp-json\/wp\/v2\/pages"}],"about":[{"href":"https:\/\/hand2noteguide.com\/de\/wp-json\/wp\/v2\/types\/page"}],"author":[{"embeddable":true,"href":"https:\/\/hand2noteguide.com\/de\/wp-json\/wp\/v2\/users\/1"}],"replies":[{"embeddable":true,"href":"https:\/\/hand2noteguide.com\/de\/wp-json\/wp\/v2\/comments?post=8237"}],"version-history":[{"count":66,"href":"https:\/\/hand2noteguide.com\/de\/wp-json\/wp\/v2\/pages\/8237\/revisions"}],"predecessor-version":[{"id":15765,"href":"https:\/\/hand2noteguide.com\/de\/wp-json\/wp\/v2\/pages\/8237\/revisions\/15765"}],"up":[{"embeddable":true,"href":"https:\/\/hand2noteguide.com\/de\/wp-json\/wp\/v2\/pages\/7017"}],"wp:attachment":[{"href":"https:\/\/hand2noteguide.com\/de\/wp-json\/wp\/v2\/media?parent=8237"}],"curies":[{"name":"wp","href":"https:\/\/api.w.org\/{rel}","templated":true}]}}