{"id":8482,"date":"2024-09-12T23:15:05","date_gmt":"2024-09-12T20:15:05","guid":{"rendered":"https:\/\/hand2noteguide.com\/?page_id=8482"},"modified":"2026-03-11T13:22:42","modified_gmt":"2026-03-11T10:22:42","slug":"chances-of-getting-a-royal-flush","status":"publish","type":"page","link":"https:\/\/hand2noteguide.com\/de\/poker\/chances-of-getting-a-royal-flush\/","title":{"rendered":"Wahrscheinlichkeit f\u00fcr einen Royal Flush im Poker"},"content":{"rendered":"\n<p>Der Royal Flush ist die seltenste und begehrteste Hand im Poker. Er ist die ultimative Hand und steht ganz oben in der <a href=\"\/de\/poker\/poker-hand-rankings\/\">Liste aller Pokerh\u00e4nde<\/a>. Aber wie selten ist er wirklich? Und wie hoch ist die Chance, in einem echten Spiel wenigstens einmal im Leben einen Royal Flush zu bekommen? Schauen wir uns die Mathematik dahinter genauer an und finden heraus, was n\u00f6tig ist, um im Poker einen Royal Flush zu treffen.<\/p>\n\n\n\n<h2 class=\"wp-block-heading\">Was ist ein Royal Flush?<\/h2>\n\n\n\n<p>Zuerst kl\u00e4ren wir, was ein Royal Flush \u00fcberhaupt ist. Ein Royal Flush ist die h\u00f6chste Hand im Poker. Sie besteht aus f\u00fcnf aufeinanderfolgenden Karten derselben Farbe: Zehn, Bube, Dame, K\u00f6nig und Ass.<\/p>\n\n\n\n<p>Zum Beispiel: Wenn du <span class=\"hc spade\">A\u2660<\/span> <span class=\"hc spade\">K\u2660<\/span> <span class=\"hc spade\">Q\u2660<\/span> <span class=\"hc spade\">J\u2660<\/span> <span class=\"hc spade\">T\u2660<\/span> h\u00e4ltst, hast du einen Royal Flush. In einem Kartendeck gibt es nur vier m\u00f6gliche Royal Flushes (je einen pro Farbe: \u2665 Herz, \u2666 Karo, \u2663 Kreuz und \u2660 Pik).<\/p>\n\n\n\n<figure class=\"wp-block-image size-large\"><img loading=\"lazy\" decoding=\"async\" width=\"1024\" height=\"576\" src=\"http:\/\/hand2noteguide.com\/wp-content\/uploads\/2024\/09\/royal-flush-min-1024x576.jpg\" alt=\"royal flush\" class=\"wp-image-7872\" srcset=\"https:\/\/hand2noteguide.com\/wp-content\/uploads\/2024\/09\/royal-flush-min-1024x576.jpg 1024w, https:\/\/hand2noteguide.com\/wp-content\/uploads\/2024\/09\/royal-flush-min-300x169.jpg 300w, https:\/\/hand2noteguide.com\/wp-content\/uploads\/2024\/09\/royal-flush-min-768x432.jpg 768w, https:\/\/hand2noteguide.com\/wp-content\/uploads\/2024\/09\/royal-flush-min-1536x864.jpg 1536w, https:\/\/hand2noteguide.com\/wp-content\/uploads\/2024\/09\/royal-flush-min-772x434.jpg 772w, https:\/\/hand2noteguide.com\/wp-content\/uploads\/2024\/09\/royal-flush-min-624x351.jpg 624w, https:\/\/hand2noteguide.com\/wp-content\/uploads\/2024\/09\/royal-flush-min.jpg 1600w\" sizes=\"auto, (max-width: 1024px) 100vw, 1024px\" \/><\/figure>\n\n\n\n<h2 class=\"wp-block-heading\">Berechnung der Wahrscheinlichkeit f\u00fcr einen Royal Flush<\/h2>\n\n\n\n<h3 class=\"wp-block-heading\">Schritt 1. Wie viele Pokerh\u00e4nde gibt es?<\/h3>\n\n\n\n<p>Um die Wahrscheinlichkeit f\u00fcr einen Royal Flush zu verstehen, m\u00fcssen wir zun\u00e4chst wissen, wie viele m\u00f6gliche Pokerh\u00e4nde es gibt. Ein Standarddeck hat 52 Karten. Um die Anzahl m\u00f6glicher Pokerh\u00e4nde zu berechnen, bestimmen wir die Kombinationen von 5 Karten aus 52.<\/p>\n\n\n\n<p>Die Formel zur Berechnung von Kombinationen lautet:<\/p>\n\n\n\n<blockquote class=\"wp-block-quote is-layout-flow wp-block-quote-is-layout-flow\">\n<p>C(n,k)=n! \/ (k! \u00d7 (n\u2212k)!)<\/p>\n<\/blockquote>\n\n\n\n<p>Dabei ist (n) die Gesamtzahl der Karten (52 im Deck) und (k) die Anzahl der Karten in der Hand (5 im Poker). Also:<\/p>\n\n\n\n<blockquote class=\"wp-block-quote is-layout-flow wp-block-quote-is-layout-flow\">\n<p>C(52, 5) = 52! \/ (5! \u00d7 (52\u22125)!) = 2,598,960.<\/p>\n<\/blockquote>\n\n\n\n<p>Das bedeutet, dass es insgesamt 2.598.960 m\u00f6gliche 5-Karten-Pokerh\u00e4nde gibt.<\/p>\n\n\n\n<h3 class=\"wp-block-heading\">Schritt 2. Wie viele Royal Flushes gibt es?<\/h3>\n\n\n\n<p>Nun schauen wir uns an, wie viele Royal Flushes m\u00f6glich sind. Wie bereits erw\u00e4hnt, besteht ein Royal Flush aus f\u00fcnf bestimmten Karten (Zehn, Bube, Dame, K\u00f6nig, Ass) derselben Farbe. Da es vier Farben gibt, existieren insgesamt 4 Royal Flushes.<\/p>\n\n\n\n<h3 class=\"wp-block-heading\">Schritt 3. Die Wahrscheinlichkeit f\u00fcr einen Royal Flush<\/h3>\n\n\n\n<p>Die Wahrscheinlichkeit eines Ereignisses wird so berechnet:<\/p>\n\n\n\n<blockquote class=\"wp-block-quote is-layout-flow wp-block-quote-is-layout-flow\">\n<p>P(A) = Anzahl g\u00fcnstiger Ergebnisse \/ Gesamtzahl m\u00f6glicher Ergebnisse<\/p>\n<\/blockquote>\n\n\n\n<p>F\u00fcr einen Royal Flush ergibt sich also:<\/p>\n\n\n\n<blockquote class=\"wp-block-quote is-layout-flow wp-block-quote-is-layout-flow\">\n<p>P(Royal Flush) = 4 \/ 2,598,960 = 1 \/ 649,740<\/p>\n<\/blockquote>\n\n\n\n<p>Die Chance, in einer 5\u2011Karten-Pokerhand einen Royal Flush zu erhalten, liegt also bei 1 zu 649.740. Im Durchschnitt bedeutet das, dass <strong>du etwa einmal in 650.000 H\u00e4nden einen Royal Flush bekommst<\/strong>.<\/p>\n\n\n\n<h3 class=\"wp-block-heading\">Warum ist er so selten?<\/h3>\n\n\n\n<p>Die Seltenheit des Royal Flush liegt an der extrem spezifischen Kartenkombination, die daf\u00fcr ben\u00f6tigt wird. Es gibt viele andere Pokerh\u00e4nde wie Paare, Drillinge, Full Houses oder Straight Flushes, aber der Royal Flush ist die seltenste von allen. Die Wahrscheinlichkeit f\u00fcr andere H\u00e4nde ist deutlich h\u00f6her, weshalb sie im Spiel viel h\u00e4ufiger vorkommen.<\/p>\n\n\n\n<h3 class=\"wp-block-heading\">Wie oft bekomme ich einen Royal Flush in Offline-Spielen?<\/h3>\n\n\n\n<p>An Live-Tischen werden normalerweise etwa 20 H\u00e4nde pro Stunde gespielt. Um 650.000 H\u00e4nde zu erreichen, m\u00fcsstest du etwa 32.500 Stunden Poker spielen. Wenn du 8 Stunden am Tag und 5 Tage pro Woche spielst (wie in einem normalen Job), w\u00fcrdest du <strong>mehr als 15 Jahre<\/strong> brauchen, um 650.000 gespielte H\u00e4nde zu erreichen.<\/p>\n\n\n\n<p>Aber selbst dann gibt es keine Garantie, dass du \u00fcberhaupt einmal einen Royal Flush siehst. Viel h\u00e4ngt vom Gl\u00fcck ab. Manche Spieler erleben einen Royal Flush mehrfach, w\u00e4hrend andere nie das Gef\u00fchl haben, die st\u00e4rkste Kombination im Poker zu halten.<\/p>\n\n\n\n<figure class=\"wp-block-embed is-type-video is-provider-youtube wp-block-embed-youtube wp-embed-aspect-16-9 wp-has-aspect-ratio\"><div class=\"wp-block-embed__wrapper\">\n<div class=\"jetpack-video-wrapper\"><iframe loading=\"lazy\" title=\"ROYAL FLUSH vs FULL HOUSE | Sickest Runout in Poker History!\" width=\"700\" height=\"394\" src=\"https:\/\/www.youtube.com\/embed\/Ff5PxLLi06g?feature=oembed\" frameborder=\"0\" allow=\"accelerometer; autoplay; clipboard-write; encrypted-media; gyroscope; picture-in-picture; web-share\" referrerpolicy=\"strict-origin-when-cross-origin\" allowfullscreen><\/iframe><\/div>\n<\/div><\/figure>\n\n\n\n<h3 class=\"wp-block-heading\"><strong>Und wie sieht es beim Online-Poker aus?<\/strong><\/h3>\n\n\n\n<p>Beim Online-Poker sind deine Chancen auf einen Royal Flush h\u00f6her, weil die H\u00e4nde viel schneller ausgeteilt werden. Online werden in der Regel etwa 90 H\u00e4nde pro Stunde gespielt. Wenn wir die gleiche Rechnung anwenden, brauchst du f\u00fcr 650.000 H\u00e4nde etwa <strong>3,5 Jahre Vollzeit-Grinding<\/strong>.<\/p>\n\n\n\n<p>Du kannst deine Chancen noch weiter erh\u00f6hen, indem du mehrere Tische gleichzeitig spielst, wie es viele Online-Pros tun. In diesem Fall wirst du wahrscheinlich schon in weniger als einem Jahr mindestens einen Royal Flush sehen.<\/p>\n\n\n\n<figure class=\"wp-block-embed is-type-video is-provider-youtube wp-block-embed-youtube wp-embed-aspect-16-9 wp-has-aspect-ratio\"><div class=\"wp-block-embed__wrapper\">\n<div class=\"jetpack-video-wrapper\"><iframe loading=\"lazy\" title=\"Just Another Royal Flush! - PokerStars Online Twitch Stream Best Moments\" width=\"700\" height=\"394\" src=\"https:\/\/www.youtube.com\/embed\/pU1G67uLQRE?feature=oembed\" frameborder=\"0\" allow=\"accelerometer; autoplay; clipboard-write; encrypted-media; gyroscope; picture-in-picture; web-share\" referrerpolicy=\"strict-origin-when-cross-origin\" allowfullscreen><\/iframe><\/div>\n<\/div><\/figure>\n\n\n\n<h2 class=\"wp-block-heading\">Vergleich des Royal Flush mit anderen Pokerh\u00e4nden<\/h2>\n\n\n\n<p>Um die Seltenheit des Royal Flush besser einzuordnen, vergleichen wir ihn mit den Wahrscheinlichkeiten anderer Pokerh\u00e4nde:<\/p>\n\n\n\n<ul class=\"wp-block-list\">\n<li><strong>Straight Flush (ohne Royal Flush)<\/strong>: 1 zu 72.193<\/li>\n\n\n\n<li><strong>Vierling<\/strong>: 1 zu 4.165<\/li>\n\n\n\n<li><strong>Full House<\/strong>: 1 zu 694<\/li>\n\n\n\n<li><strong>Flush<\/strong>: 1 zu 509<\/li>\n\n\n\n<li><strong>Straight<\/strong>: 1 zu 255<\/li>\n\n\n\n<li><strong>Drilling<\/strong>: 1 zu 47<\/li>\n\n\n\n<li><strong>Zwei Paare<\/strong>: 1 zu 21<\/li>\n\n\n\n<li><strong>Ein Paar<\/strong>: 1 zu 2,4<\/li>\n\n\n\n<li><strong>High Card<\/strong>: 1 zu 1,3<\/li>\n<\/ul>\n\n\n\n<p>Wie man an diesen Zahlen deutlich sieht, ist der Royal Flush mit Abstand die seltenste Pokerhand.<\/p>\n\n\n\n<h2 class=\"wp-block-heading\">Wahrscheinlichkeiten in verschiedenen Pokervarianten<\/h2>\n\n\n\n<p>Die oben genannten Wahrscheinlichkeiten gelten f\u00fcr klassisches 5\u2011Card\u2011Draw-Poker. Es gibt jedoch viele Poker-Varianten wie Texas Hold\u2019em, Omaha oder Seven\u2011Card Stud. Die Chancen auf einen Royal Flush k\u00f6nnen je nach Spiel variieren.<\/p>\n\n\n\n<ul class=\"wp-block-list\">\n<li><a href=\"\/de\/poker\/poker-rules\/\"><strong>Texas Hold&#8217;em<\/strong><\/a>: Beim Texas Hold&#8217;em erh\u00e4lt jeder Spieler zwei verdeckte Karten, und f\u00fcnf Gemeinschaftskarten werden offen auf den Tisch gelegt. Die Wahrscheinlichkeit f\u00fcr einen Royal Flush ist etwas anders, weil Spieler aus sieben Karten die beste 5\u2011Karten-Hand bilden k\u00f6nnen. Die Chance liegt bei etwa 1 zu 30.939.<\/li>\n\n\n\n<li><strong>Omaha<\/strong>: Beim Omaha erh\u00e4lt jeder Spieler vier verdeckte Karten, dazu kommen f\u00fcnf Gemeinschaftskarten. Spieler m\u00fcssen genau zwei ihrer eigenen Karten und drei Gemeinschaftskarten verwenden, um die beste Hand zu bilden. Die Wahrscheinlichkeit liegt ungef\u00e4hr bei 1 zu 108.290.<\/li>\n\n\n\n<li><strong>Seven-Card Stud<\/strong>: Beim Seven\u2011Card Stud bekommt jeder Spieler sieben Karten, und die beste 5\u2011Karten-Hand gewinnt. Die Wahrscheinlichkeit f\u00fcr einen Royal Flush liegt bei etwa 1 zu 30.939 \u2013 \u00e4hnlich wie bei Texas Hold\u2019em.<\/li>\n<\/ul>\n\n\n\n<p>Diese Unterschiede machen den Royal Flush in manchen Varianten etwas wahrscheinlicher als in anderen, aber insgesamt bleibt er eine extrem seltene Hand.<\/p>\n\n\n\n<h2 class=\"wp-block-heading\">Was tun, wenn du einen Royal Flush bekommst?<\/h2>\n\n\n\n<p>Wenn du das Gl\u00fcck hast, einen Royal Flush zu bekommen, ist das ein gro\u00dfes Ereignis. Diese Hand kann nicht geschlagen werden. Die beste Strategie ist, selbstbewusst zu setzen, aber nicht zu aggressiv, damit deine Gegner im Spiel bleiben. Wenn du sie mit einer gro\u00dfen Bet verschreckst, k\u00f6nnten sie folden, und du gewinnst weniger. Ein gut gespielter Royal Flush kann dir einen sehr gro\u00dfen Pot einbringen. Bei Live-Spielen hast du zus\u00e4tzlich noch die Herausforderung, dein Pokerface zu bewahren \ud83d\ude05<\/p>\n\n\n\n<h2 class=\"wp-block-heading\">Fazit<\/h2>\n\n\n\n<p>Der Royal Flush ist die Kr\u00f6nung aller Pokerh\u00e4nde \u2013 selten und unschlagbar. Mit einer Wahrscheinlichkeit von 1 zu 649.740 im 5\u2011Card\u2011Draw ist es kein Wunder, dass Spieler davon tr\u00e4umen, diese Hand zu treffen. In Varianten wie Texas Hold\u2019em oder Seven\u2011Card Stud sind die Chancen zwar etwas besser, doch der Royal Flush bleibt ein seltenes Ereignis. Wenn du jemals einen Royal Flush bekommst, genie\u00dfe den Moment und spiele die Hand klug. Es ist eine Hand, die man nicht oft sieht \u2013 und genau deshalb bleibt sie unvergesslich.<\/p>\n","protected":false},"excerpt":{"rendered":"<p>Der Royal Flush ist die seltenste und begehrteste Hand im Poker. Er ist die ultimative Hand und steht ganz oben in der Liste aller Pokerh\u00e4nde. Aber wie selten ist er wirklich? Und wie hoch ist die Chance, in einem echten Spiel wenigstens einmal im Leben einen Royal Flush zu bekommen? Schauen wir uns die Mathematik &hellip; <a href=\"https:\/\/hand2noteguide.com\/de\/poker\/chances-of-getting-a-royal-flush\/\" class=\"more-link\">Continue reading <span class=\"screen-reader-text\">Wahrscheinlichkeit f\u00fcr einen Royal Flush im Poker<\/span><\/a><\/p>\n","protected":false},"author":1,"featured_media":0,"parent":7017,"menu_order":0,"comment_status":"closed","ping_status":"closed","template":"","meta":{"footnotes":""},"class_list":["post-8482","page","type-page","status-publish","hentry"],"translation":{"provider":"WPGlobus","version":"3.0.2","language":"de","enabled_languages":["en","ru","pt","zh","es","fr","de","it","ja"],"languages":{"en":{"title":true,"content":true,"excerpt":false},"ru":{"title":true,"content":true,"excerpt":false},"pt":{"title":true,"content":true,"excerpt":false},"zh":{"title":true,"content":true,"excerpt":false},"es":{"title":true,"content":true,"excerpt":false},"fr":{"title":true,"content":true,"excerpt":false},"de":{"title":true,"content":true,"excerpt":false},"it":{"title":true,"content":true,"excerpt":false},"ja":{"title":true,"content":true,"excerpt":false}}},"yoast_head":"<!-- This site is optimized with the Yoast SEO plugin v27.0 - https:\/\/yoast.com\/product\/yoast-seo-wordpress\/ -->\n<title>Wahrscheinlichkeit, einen Royal Flush im Poker zu bekommen<\/title>\n<meta name=\"description\" content=\"Der Royal Flush ist die seltenste Hand und die beste Kombination im Poker. Die Chance, einen Royal Flush zu bekommen, ist extrem gering: etwa 1 zu 649.740.\" \/>\n<meta name=\"robots\" content=\"index, follow, max-snippet:-1, max-image-preview:large, max-video-preview:-1\" \/>\n<link rel=\"canonical\" href=\"https:\/\/hand2noteguide.com\/poker\/chances-of-getting-a-royal-flush\/\" \/>\n<meta property=\"og:locale\" content=\"de_DE\" \/>\n<meta property=\"og:type\" content=\"article\" \/>\n<meta property=\"og:title\" content=\"Wahrscheinlichkeit, einen Royal Flush im Poker zu bekommen\" \/>\n<meta property=\"og:description\" content=\"Der Royal Flush ist die seltenste Hand und die beste Kombination im Poker. Die Chance, einen Royal Flush zu bekommen, ist extrem gering: etwa 1 zu 649.740.\" \/>\n<meta property=\"og:url\" content=\"https:\/\/hand2noteguide.com\/poker\/chances-of-getting-a-royal-flush\/\" \/>\n<meta property=\"og:site_name\" content=\"Hand2Note Guide\" \/>\n<meta property=\"article:modified_time\" content=\"2026-03-11T10:22:42+00:00\" \/>\n<meta property=\"og:image\" content=\"http:\/\/hand2noteguide.com\/wp-content\/uploads\/2024\/09\/royal-flush-min-1024x576.jpg\" \/>\n<meta name=\"twitter:card\" content=\"summary_large_image\" \/>\n<meta name=\"twitter:label1\" content=\"Est. reading time\" \/>\n\t<meta name=\"twitter:data1\" content=\"35 minutes\" \/>\n<!-- \/ Yoast SEO plugin. -->","yoast_head_json":{"title":"Wahrscheinlichkeit, einen Royal Flush im Poker zu bekommen","description":"Der Royal Flush ist die seltenste Hand und die beste Kombination im Poker. Die Chance, einen Royal Flush zu bekommen, ist extrem gering: etwa 1 zu 649.740.","robots":{"index":"index","follow":"follow","max-snippet":"max-snippet:-1","max-image-preview":"max-image-preview:large","max-video-preview":"max-video-preview:-1"},"canonical":"https:\/\/hand2noteguide.com\/poker\/chances-of-getting-a-royal-flush\/","og_locale":"de_DE","og_type":"article","og_title":"Wahrscheinlichkeit, einen Royal Flush im Poker zu bekommen","og_description":"Der Royal Flush ist die seltenste Hand und die beste Kombination im Poker. Die Chance, einen Royal Flush zu bekommen, ist extrem gering: etwa 1 zu 649.740.","og_url":"https:\/\/hand2noteguide.com\/poker\/chances-of-getting-a-royal-flush\/","og_site_name":"Hand2Note Guide","article_modified_time":"2026-03-11T10:22:42+00:00","og_image":[{"url":"http:\/\/hand2noteguide.com\/wp-content\/uploads\/2024\/09\/royal-flush-min-1024x576.jpg","type":"","width":"","height":""}],"twitter_card":"summary_large_image","twitter_misc":{"Est. reading time":"35 minutes"},"schema":{"@context":"https:\/\/schema.org","@graph":[]}},"jetpack_sharing_enabled":true,"_links":{"self":[{"href":"https:\/\/hand2noteguide.com\/de\/wp-json\/wp\/v2\/pages\/8482","targetHints":{"allow":["GET"]}}],"collection":[{"href":"https:\/\/hand2noteguide.com\/de\/wp-json\/wp\/v2\/pages"}],"about":[{"href":"https:\/\/hand2noteguide.com\/de\/wp-json\/wp\/v2\/types\/page"}],"author":[{"embeddable":true,"href":"https:\/\/hand2noteguide.com\/de\/wp-json\/wp\/v2\/users\/1"}],"replies":[{"embeddable":true,"href":"https:\/\/hand2noteguide.com\/de\/wp-json\/wp\/v2\/comments?post=8482"}],"version-history":[{"count":38,"href":"https:\/\/hand2noteguide.com\/de\/wp-json\/wp\/v2\/pages\/8482\/revisions"}],"predecessor-version":[{"id":15740,"href":"https:\/\/hand2noteguide.com\/de\/wp-json\/wp\/v2\/pages\/8482\/revisions\/15740"}],"up":[{"embeddable":true,"href":"https:\/\/hand2noteguide.com\/de\/wp-json\/wp\/v2\/pages\/7017"}],"wp:attachment":[{"href":"https:\/\/hand2noteguide.com\/de\/wp-json\/wp\/v2\/media?parent=8482"}],"curies":[{"name":"wp","href":"https:\/\/api.w.org\/{rel}","templated":true}]}}