{"id":8503,"date":"2024-09-13T13:15:27","date_gmt":"2024-09-13T10:15:27","guid":{"rendered":"https:\/\/hand2noteguide.com\/?page_id=8503"},"modified":"2026-03-11T12:55:43","modified_gmt":"2026-03-11T09:55:43","slug":"flopzilla","status":"publish","type":"page","link":"https:\/\/hand2noteguide.com\/de\/flopzilla\/","title":{"rendered":"Flopzilla: Poker Equity Calculator, Range-Analyse und mehr"},"content":{"rendered":"\n<p style=\"margin-top:8px\"><span class=\"product-price\">$25<\/span> <span class=\"product-price-desc\">(Lebenslange Lizenz)<\/span><\/p>\n<p><a class=\"button add-to-cart\" href=\"\/de\/flopzilla\/buy-flopzilla\/\">Jetzt kaufen<\/a><\/p>\n\n\n\n<p>Flopzilla ist die ultimative Software f\u00fcr <a aria-label=\"undefined (opens in a new tab)\" href=\"https:\/\/blog.freebetrange.com\/de\/article\/poker-preflop-ranges-a-comprehensive-guide\" target=\"_blank\" rel=\"noreferrer noopener\">Poker-Ranges<\/a> und Equity-Berechnungen. Sie erm\u00f6glicht es dir, schnell die Gewinnchancen f\u00fcr jede Hand gegen eine Range sowie Range-gegen-Range-Situationen auf jedem <a href=\"\/de\/poker\/poker-streets\/\">Flop, Turn und River<\/a> zu berechnen. Au\u00dferdem zeigt dir Flopzilla, wie eine Range verschiedene Board-Texturen trifft. Es ist ein komplettes Tool, um ein tiefes Verst\u00e4ndnis daf\u00fcr zu entwickeln, wie Ranges und Equity im Poker funktionieren.<\/p>\n\n\n\n<figure class=\"wp-block-image size-large\"><img loading=\"lazy\" decoding=\"async\" width=\"1024\" height=\"613\" src=\"https:\/\/hand2noteguide.com\/wp-content\/uploads\/2024\/09\/flopzilla-interface-min-1024x613.png\" alt=\"\" class=\"wp-image-8507\" srcset=\"https:\/\/hand2noteguide.com\/wp-content\/uploads\/2024\/09\/flopzilla-interface-min-1024x613.png 1024w, https:\/\/hand2noteguide.com\/wp-content\/uploads\/2024\/09\/flopzilla-interface-min-300x180.png 300w, https:\/\/hand2noteguide.com\/wp-content\/uploads\/2024\/09\/flopzilla-interface-min-768x460.png 768w, https:\/\/hand2noteguide.com\/wp-content\/uploads\/2024\/09\/flopzilla-interface-min-1536x919.png 1536w, https:\/\/hand2noteguide.com\/wp-content\/uploads\/2024\/09\/flopzilla-interface-min-2048x1225.png 2048w, https:\/\/hand2noteguide.com\/wp-content\/uploads\/2024\/09\/flopzilla-interface-min-772x462.png 772w, https:\/\/hand2noteguide.com\/wp-content\/uploads\/2024\/09\/flopzilla-interface-min-624x373.png 624w\" sizes=\"auto, (max-width: 1024px) 100vw, 1024px\" \/><figcaption class=\"wp-element-caption\">Flopzilla: die beste Software zur Analyse von Poker-Ranges<\/figcaption><\/figure>\n\n\n\n<h2 class=\"wp-block-heading\">Welche Funktionen bietet Flopzilla?<\/h2>\n\n\n\n<p>Flopzilla bietet dir zahlreiche Tools, um Poker-Ranges f\u00fcr jede m\u00f6gliche Spielsituation zu analysieren.<\/p>\n\n\n\n<ul class=\"wp-block-list\">\n<li>\ud83d\udcc8 <strong>Erweiterte Equity-Berechnung.<\/strong> Du kannst eine Range eingeben und sehen, wie sie gegen bestimmte H\u00e4nde oder andere Ranges abschneidet. Die Gewinnchancen lassen sich auf jeder Street von Preflop bis River anzeigen. Au\u00dferdem zeigt dir die Software, wie sich die Odds abh\u00e4ngig von verschiedenen Runouts auf den n\u00e4chsten Streets ver\u00e4ndern.<\/li>\n\n\n\n<li>\ud83d\udcca <strong>Analyse der Board-Treffer.<\/strong> Untersuche, wie unterschiedliche Ranges verschiedene Board-Texturen treffen. Es ist eine entscheidende F\u00e4higkeit zu verstehen, wie du und dein Gegner das Board treffen. Wie viele starke H\u00e4nde und wie viele Draws befinden sich in der Range deines Gegners? Wer hat mehr Nut-H\u00e4nde? Wie viel Prozent der Range sind Top-Pair oder besser? F\u00fcr jedes Board und jede eingegebene Range findest du Antworten auf diese Fragen.<\/li>\n\n\n\n<li>\ud83d\udce6 <strong>Ranges speichern.<\/strong> Du kannst deine Preflop-Strategie erstellen und in Flopzilla speichern. Danach kannst du deine gespeicherten Ranges f\u00fcr Equity- und Board-Analysen verwenden.<\/li>\n\n\n\n<li><strong>\ud83d\udcbe<\/strong> <strong>Berechnungen speichern\/laden.<\/strong> Du kannst jede analysierte Situation ganz einfach speichern und sp\u00e4ter erneut \u00f6ffnen.<\/li>\n\n\n\n<li><strong>\ud83d\udd04<\/strong> <strong>Synchronisierung mit dem GTO+ Solver.<\/strong> Du kannst Flopzilla mit dem GTO Plus Solver verbinden, um fortgeschrittene Strategieanalysen durchzuf\u00fchren. Analysiere deine Flopzilla-Ranges aus der <a href=\"\/de\/poker\/poker-gto\/\">GTO-Perspektive<\/a> im Solver. Oder importiere eine Solver-Situation in Flopzilla, um sie mit den Flopzilla-Funktionen genauer zu untersuchen.<\/li>\n<\/ul>\n\n\n\n<p>Sieh dir das Flopzilla-Tutorial-Video von <a href=\"https:\/\/www.getcoach.poker\/videos\/splitsuit-poker\/\" target=\"_blank\" aria-label=\"undefined (opens in a new tab)\" rel=\"noreferrer noopener\">James &#8220;SplitSuit&#8221; Sweeney<\/a> an. Er f\u00fchrt dich durch die grundlegenden Funktionen von Flopzilla, damit du die Software sicher nutzen kannst.<\/p>\n\n\n\n<figure class=\"wp-block-embed is-type-video is-provider-youtube wp-block-embed-youtube wp-embed-aspect-16-9 wp-has-aspect-ratio\"><div class=\"wp-block-embed__wrapper\">\n<div class=\"jetpack-video-wrapper\"><iframe loading=\"lazy\" title=\"Flopzilla Pro Tutorial (21 Features You Should Be Using)\" width=\"700\" height=\"394\" src=\"https:\/\/www.youtube.com\/embed\/ZwRLXy40N7E?feature=oembed\" frameborder=\"0\" allow=\"accelerometer; autoplay; clipboard-write; encrypted-media; gyroscope; picture-in-picture; web-share\" referrerpolicy=\"strict-origin-when-cross-origin\" allowfullscreen><\/iframe><\/div>\n<\/div><\/figure>\n\n\n\n<p>Wir empfehlen dir dringend, die Flopzilla-Pokersoftware in dein Analyse-Toolkit aufzunehmen. Viele erfolgreiche Pokerspieler nutzen Flopzilla, um ihre Strategie zu verbessern.<\/p>\n\n\n<div class=\"wp-block-h2n-alert h2n-alert h2n-alert--info\"><div class=\"h2n-alert__icon\" aria-hidden=\"true\"><svg width=\"22\" height=\"22\" viewBox=\"0 0 24 24\" fill=\"none\" stroke=\"currentColor\" stroke-width=\"2\" stroke-linecap=\"round\" stroke-linejoin=\"round\"><circle cx=\"12\" cy=\"12\" r=\"10\"\/><line x1=\"12\" y1=\"16\" x2=\"12\" y2=\"12\"\/><circle cx=\"12\" cy=\"8\" r=\"1\" fill=\"currentColor\" stroke=\"none\"\/><\/svg><\/div><div class=\"h2n-alert__content\">Wenn du schnelle und einfache Hand-gegen-Hand-Equity-Berechnungen ben\u00f6tigst, kannst du auch unseren kostenlosen <a href=\"\/de\/poker\/free-poker-tools\/poker-odds-calculator\/\">Poker Odds Calculator<\/a> verwenden.<\/div><\/div>\n\n\n<h2 class=\"wp-block-heading\">Was kostet Flopzilla?<\/h2>\n\n\n\n<p>Flopzilla kostet <strong>$25 f\u00fcr eine lebenslange Lizenz<\/strong>. Sowohl Flopzilla v1 als auch Flopzilla PRO sind im Kauf enthalten, sodass du w\u00e4hlen kannst, welche Version du verwenden m\u00f6chtest. Flopzilla PRO ist die neueste Version mit verbesserter Benutzeroberfl\u00e4che, h\u00f6herer Geschwindigkeit und zus\u00e4tzlichen Funktionen. Wir empfehlen die Nutzung von Flopzilla Pro, da es zum gleichen Preis erh\u00e4ltlich ist und bessere Funktionen bietet. Alle Screenshots und Tutorials oben wurden mit der Pro-Version erstellt.<\/p>\n\n\n\n<h2 class=\"wp-block-heading\">Wie kann man Flopzilla kaufen?<\/h2>\n\n\n\n<p>Gehe zur Seite <a href=\"\/de\/flopzilla\/buy-flopzilla\/\"><strong>Flopzilla: Kaufen und aktivieren<\/strong><\/a> und folge den Anweisungen. Du musst eine Zahlung durchf\u00fchren und deine E\u2011Mail sowie deine Hardware-ID f\u00fcr die Lizenzaktivierung angeben. <a href=\"https:\/\/hand2noteguide.com\/de\/contact-us\/\">Kontaktiere uns<\/a>, wenn du weitere Fragen zum Kauf von Flopzilla hast.<\/p>\n","protected":false},"excerpt":{"rendered":"<p>$25 (Lebenslange Lizenz) Jetzt kaufen Flopzilla ist die ultimative Software f\u00fcr Poker-Ranges und Equity-Berechnungen. Sie erm\u00f6glicht es dir, schnell die Gewinnchancen f\u00fcr jede Hand gegen eine Range sowie Range-gegen-Range-Situationen auf jedem Flop, Turn und River zu berechnen. Au\u00dferdem zeigt dir Flopzilla, wie eine Range verschiedene Board-Texturen trifft. Es ist ein komplettes Tool, um ein tiefes &hellip; <a href=\"https:\/\/hand2noteguide.com\/de\/flopzilla\/\" class=\"more-link\">Continue reading <span class=\"screen-reader-text\">Flopzilla: Poker Equity Calculator, Range-Analyse und mehr<\/span><\/a><\/p>\n","protected":false},"author":1,"featured_media":0,"parent":0,"menu_order":0,"comment_status":"closed","ping_status":"closed","template":"page-templates\/full-width-page.php","meta":{"footnotes":""},"class_list":["post-8503","page","type-page","status-publish","hentry"],"translation":{"provider":"WPGlobus","version":"3.0.2","language":"de","enabled_languages":["en","ru","pt","zh","es","fr","de","it","ja"],"languages":{"en":{"title":true,"content":true,"excerpt":false},"ru":{"title":true,"content":true,"excerpt":false},"pt":{"title":true,"content":true,"excerpt":false},"zh":{"title":true,"content":true,"excerpt":false},"es":{"title":true,"content":true,"excerpt":false},"fr":{"title":true,"content":true,"excerpt":false},"de":{"title":true,"content":true,"excerpt":false},"it":{"title":true,"content":true,"excerpt":false},"ja":{"title":true,"content":true,"excerpt":false}}},"yoast_head":"<!-- This site is optimized with the Yoast SEO plugin v27.0 - https:\/\/yoast.com\/product\/yoast-seo-wordpress\/ -->\n<title>Flopzilla: Poker Equity Calculator, Range-Analyse und mehr<\/title>\n<meta name=\"description\" content=\"Flopzilla ist ein fortgeschrittener Poker-Equity-Calculator und eine Software zur Analyse von Poker-Ranges. Berechne Equity und untersuche Ranges sowie Board-Interaktionen.\" \/>\n<meta name=\"robots\" content=\"index, follow, max-snippet:-1, max-image-preview:large, max-video-preview:-1\" \/>\n<link rel=\"canonical\" href=\"https:\/\/hand2noteguide.com\/flopzilla\/\" \/>\n<meta property=\"og:locale\" content=\"de_DE\" \/>\n<meta property=\"og:type\" content=\"article\" \/>\n<meta property=\"og:title\" content=\"Flopzilla: Poker Equity Calculator, Range-Analyse und mehr\" \/>\n<meta property=\"og:description\" content=\"Flopzilla ist ein fortgeschrittener Poker-Equity-Calculator und eine Software zur Analyse von Poker-Ranges. Berechne Equity und untersuche Ranges sowie Board-Interaktionen.\" \/>\n<meta property=\"og:url\" content=\"https:\/\/hand2noteguide.com\/flopzilla\/\" \/>\n<meta property=\"og:site_name\" content=\"Hand2Note Guide\" \/>\n<meta property=\"article:modified_time\" content=\"2026-03-11T09:55:43+00:00\" \/>\n<meta property=\"og:image\" content=\"https:\/\/hand2noteguide.com\/wp-content\/uploads\/2024\/09\/flopzilla-interface-min.png\" \/>\n\t<meta property=\"og:image:width\" content=\"3070\" \/>\n\t<meta property=\"og:image:height\" content=\"1837\" \/>\n\t<meta property=\"og:image:type\" content=\"image\/png\" \/>\n<meta name=\"twitter:card\" content=\"summary_large_image\" \/>\n<meta name=\"twitter:label1\" content=\"Est. reading time\" \/>\n\t<meta name=\"twitter:data1\" content=\"3 minutes\" \/>\n<!-- \/ Yoast SEO plugin. -->","yoast_head_json":{"title":"Flopzilla: Poker Equity Calculator, Range-Analyse und mehr","description":"Flopzilla ist ein fortgeschrittener Poker-Equity-Calculator und eine Software zur Analyse von Poker-Ranges. Berechne Equity und untersuche Ranges sowie Board-Interaktionen.","robots":{"index":"index","follow":"follow","max-snippet":"max-snippet:-1","max-image-preview":"max-image-preview:large","max-video-preview":"max-video-preview:-1"},"canonical":"https:\/\/hand2noteguide.com\/flopzilla\/","og_locale":"de_DE","og_type":"article","og_title":"Flopzilla: Poker Equity Calculator, Range-Analyse und mehr","og_description":"Flopzilla ist ein fortgeschrittener Poker-Equity-Calculator und eine Software zur Analyse von Poker-Ranges. Berechne Equity und untersuche Ranges sowie Board-Interaktionen.","og_url":"https:\/\/hand2noteguide.com\/flopzilla\/","og_site_name":"Hand2Note Guide","article_modified_time":"2026-03-11T09:55:43+00:00","og_image":[{"width":3070,"height":1837,"url":"https:\/\/hand2noteguide.com\/wp-content\/uploads\/2024\/09\/flopzilla-interface-min.png","type":"image\/png"}],"twitter_card":"summary_large_image","twitter_misc":{"Est. reading time":"3 minutes"},"schema":{"@context":"https:\/\/schema.org","@graph":[]}},"jetpack_sharing_enabled":true,"_links":{"self":[{"href":"https:\/\/hand2noteguide.com\/de\/wp-json\/wp\/v2\/pages\/8503","targetHints":{"allow":["GET"]}}],"collection":[{"href":"https:\/\/hand2noteguide.com\/de\/wp-json\/wp\/v2\/pages"}],"about":[{"href":"https:\/\/hand2noteguide.com\/de\/wp-json\/wp\/v2\/types\/page"}],"author":[{"embeddable":true,"href":"https:\/\/hand2noteguide.com\/de\/wp-json\/wp\/v2\/users\/1"}],"replies":[{"embeddable":true,"href":"https:\/\/hand2noteguide.com\/de\/wp-json\/wp\/v2\/comments?post=8503"}],"version-history":[{"count":67,"href":"https:\/\/hand2noteguide.com\/de\/wp-json\/wp\/v2\/pages\/8503\/revisions"}],"predecessor-version":[{"id":15726,"href":"https:\/\/hand2noteguide.com\/de\/wp-json\/wp\/v2\/pages\/8503\/revisions\/15726"}],"wp:attachment":[{"href":"https:\/\/hand2noteguide.com\/de\/wp-json\/wp\/v2\/media?parent=8503"}],"curies":[{"name":"wp","href":"https:\/\/api.w.org\/{rel}","templated":true}]}}