{"id":876,"date":"2019-05-27T08:02:28","date_gmt":"2019-05-27T05:02:28","guid":{"rendered":"https:\/\/h2n312.wordpress.com\/?page_id=876"},"modified":"2025-06-04T17:46:16","modified_gmt":"2025-06-04T14:46:16","slug":"rebuild-stats","status":"publish","type":"page","link":"https:\/\/hand2noteguide.com\/de\/guide\/rebuild-stats\/","title":{"rendered":"Statistiken neu aufbauen"},"content":{"rendered":"<p>Um <a href=\"https:\/\/hand2noteguide.com\/de\/guide\/creating-stats\/\">die Statistiken<\/a> neu aufzubauen, gehen Sie wie folgt vor:<\/p>\n<ol>\n<li>\u00d6ffnen Sie das Hauptfenster von Hand2Note<\/li>\n<li>Klicken Sie auf &#8220;Clear Stats&#8221;<\/li>\n<li>Klicken Sie auf &#8220;Build Stats&#8221;<\/li>\n<li>Warten Sie bis zum Ende des Prozesses<\/li>\n<\/ol>\n<p><img loading=\"lazy\" decoding=\"async\" class=\"alignnone size-full wp-image-904\" src=\"https:\/\/hand2noteguide.com\/wp-content\/uploads\/2019\/05\/hand2note-rebuild-stats.png\" alt=\"hand2note rebuild stats\" width=\"612\" height=\"131\" srcset=\"https:\/\/hand2noteguide.com\/wp-content\/uploads\/2019\/05\/hand2note-rebuild-stats.png 612w, https:\/\/hand2noteguide.com\/wp-content\/uploads\/2019\/05\/hand2note-rebuild-stats-300x64.png 300w\" sizes=\"auto, (max-width: 612px) 100vw, 612px\" \/><\/p>\n<h3>Warum ben\u00f6tigen Sie das?<\/h3>\n<p>Hand2Note speichert Statistiken in fertiger Form. Wenn Sie sich an einen Tisch setzen, werden die Statistiken im <a href=\"https:\/\/hand2noteguide.com\/de\/guide\/hud\/\">HUD<\/a> nicht jedes Mal in Echtzeit \u00fcber die gesamte <a href=\"https:\/\/hand2noteguide.com\/de\/guide\/database\/\">Datenbank<\/a> berechnet. Der Tracker zeigt bereits abgeschlossene Statistiken an, und die Statistiken werden nur aus neuen H\u00e4nden berechnet. Dies erm\u00f6glicht es Ihnen, die Geschwindigkeit der Softwareleistung erheblich zu erh\u00f6hen und den Verbrauch von Computerressourcen w\u00e4hrend des Spiels zu reduzieren.<\/p>\n<h3>Wann ist ein Neuaufbau erforderlich?<\/h3>\n<ul>\n<li>Nach \u00c4nderungen an Statistiken im HUD oder Popup<\/li>\n<li>Beim Wechsel des HUD- und Popup-Profils oder bei anderen \u00c4nderungen in den Spieltyp-Einstellungen (<em>Settings \u2192 Game Types<\/em>)<\/li>\n<li>Beim \u00c4ndern der Zeitzonenverschiebung (<em>Settings \u2192 Rooms<\/em>)<\/li>\n<li>Beim \u00c4ndern der Hauptw\u00e4hrung (<em>Settings \u2192 Other options \u2192 Currency<\/em>)<\/li>\n<\/ul>\n<h3>Verliere ich irgendwelche Daten?<\/h3>\n<p>Nein, alle Ihre H\u00e4nde bleiben erhalten. Nur die Statistiken werden neu berechnet.<\/p>\n<h3>Wie lange dauert der Neuaufbau?<\/h3>\n<p>Es h\u00e4ngt von der Gr\u00f6\u00dfe der Datenbank, der Komplexit\u00e4t und Anzahl der in Ihrem HUD und Popups verwendeten Statistiken sowie der Leistungsf\u00e4higkeit Ihres Ger\u00e4ts ab. Auf einem Standardcomputer kann die Geschwindigkeit beim Verwenden einer durchschnittlichen Anzahl von Statistiken etwa 1000 H\u00e4nde pro Sekunde betragen.<\/p>\n","protected":false},"excerpt":{"rendered":"<p>Um die Statistiken neu aufzubauen, gehen Sie wie folgt vor: \u00d6ffnen Sie das Hauptfenster von Hand2Note Klicken Sie auf &#8220;Clear Stats&#8221; Klicken Sie auf &#8220;Build Stats&#8221; Warten Sie bis zum Ende des Prozesses Warum ben\u00f6tigen Sie das? Hand2Note speichert Statistiken in fertiger Form. Wenn Sie sich an einen Tisch setzen, werden die Statistiken im HUD &hellip; <a href=\"https:\/\/hand2noteguide.com\/de\/guide\/rebuild-stats\/\" class=\"more-link\">Continue reading <span class=\"screen-reader-text\">Statistiken neu aufbauen<\/span><\/a><\/p>\n","protected":false},"author":1,"featured_media":0,"parent":74,"menu_order":0,"comment_status":"closed","ping_status":"closed","template":"page-templates\/full-width-page.php","meta":{"footnotes":""},"class_list":["post-876","page","type-page","status-publish","hentry"],"translation":{"provider":"WPGlobus","version":"3.0.2","language":"de","enabled_languages":["en","ru","pt","zh","es","fr","de","it","ja"],"languages":{"en":{"title":true,"content":true,"excerpt":false},"ru":{"title":true,"content":true,"excerpt":false},"pt":{"title":true,"content":true,"excerpt":false},"zh":{"title":true,"content":true,"excerpt":false},"es":{"title":true,"content":true,"excerpt":false},"fr":{"title":true,"content":true,"excerpt":false},"de":{"title":true,"content":true,"excerpt":false},"it":{"title":true,"content":true,"excerpt":false},"ja":{"title":true,"content":true,"excerpt":false}}},"yoast_head":"<!-- This site is optimized with the Yoast SEO plugin v27.0 - https:\/\/yoast.com\/product\/yoast-seo-wordpress\/ -->\n<title>Wie man Statistiken in Hand2Note neu aufbaut: Ein schneller Leitfaden<\/title>\n<meta name=\"description\" content=\"Erfahren Sie, wie Sie Statistiken in Hand2Note effizient neu aufbauen. Folgen Sie unserem Schritt-f\u00fcr-Schritt-Leitfaden, um die Leistung zu optimieren und genaue Pokerstatistiken sicherzustellen.\" \/>\n<meta name=\"robots\" content=\"index, follow, max-snippet:-1, max-image-preview:large, max-video-preview:-1\" \/>\n<link rel=\"canonical\" href=\"https:\/\/hand2noteguide.com\/guide\/rebuild-stats\/\" \/>\n<meta property=\"og:locale\" content=\"de_DE\" \/>\n<meta property=\"og:type\" content=\"article\" \/>\n<meta property=\"og:title\" content=\"Wie man Statistiken in Hand2Note neu aufbaut: Ein schneller Leitfaden\" \/>\n<meta property=\"og:description\" content=\"Erfahren Sie, wie Sie Statistiken in Hand2Note effizient neu aufbauen. Folgen Sie unserem Schritt-f\u00fcr-Schritt-Leitfaden, um die Leistung zu optimieren und genaue Pokerstatistiken sicherzustellen.\" \/>\n<meta property=\"og:url\" content=\"https:\/\/hand2noteguide.com\/guide\/rebuild-stats\/\" \/>\n<meta property=\"og:site_name\" content=\"Hand2Note Guide\" \/>\n<meta property=\"article:modified_time\" content=\"2025-06-04T14:46:16+00:00\" \/>\n<meta property=\"og:image\" content=\"https:\/\/hand2noteguide.com\/wp-content\/uploads\/2018\/08\/hand2note-d0bfd0b5d180d0b5d181d182d180d0bed0b8d182d18c-d181d182d0b0d182d0b8d181d182d0b8d0bad183.png\" \/>\n<meta name=\"twitter:card\" content=\"summary_large_image\" \/>\n<meta name=\"twitter:label1\" content=\"Est. reading time\" \/>\n\t<meta name=\"twitter:data1\" content=\"7 minutes\" \/>\n<!-- \/ Yoast SEO plugin. -->","yoast_head_json":{"title":"Wie man Statistiken in Hand2Note neu aufbaut: Ein schneller Leitfaden","description":"Erfahren Sie, wie Sie Statistiken in Hand2Note effizient neu aufbauen. Folgen Sie unserem Schritt-f\u00fcr-Schritt-Leitfaden, um die Leistung zu optimieren und genaue Pokerstatistiken sicherzustellen.","robots":{"index":"index","follow":"follow","max-snippet":"max-snippet:-1","max-image-preview":"max-image-preview:large","max-video-preview":"max-video-preview:-1"},"canonical":"https:\/\/hand2noteguide.com\/guide\/rebuild-stats\/","og_locale":"de_DE","og_type":"article","og_title":"Wie man Statistiken in Hand2Note neu aufbaut: Ein schneller Leitfaden","og_description":"Erfahren Sie, wie Sie Statistiken in Hand2Note effizient neu aufbauen. Folgen Sie unserem Schritt-f\u00fcr-Schritt-Leitfaden, um die Leistung zu optimieren und genaue Pokerstatistiken sicherzustellen.","og_url":"https:\/\/hand2noteguide.com\/guide\/rebuild-stats\/","og_site_name":"Hand2Note Guide","article_modified_time":"2025-06-04T14:46:16+00:00","og_image":[{"url":"https:\/\/hand2noteguide.com\/wp-content\/uploads\/2018\/08\/hand2note-d0bfd0b5d180d0b5d181d182d180d0bed0b8d182d18c-d181d182d0b0d182d0b8d181d182d0b8d0bad183.png","type":"","width":"","height":""}],"twitter_card":"summary_large_image","twitter_misc":{"Est. reading time":"7 minutes"},"schema":{"@context":"https:\/\/schema.org","@graph":[]}},"jetpack_sharing_enabled":false,"_links":{"self":[{"href":"https:\/\/hand2noteguide.com\/de\/wp-json\/wp\/v2\/pages\/876","targetHints":{"allow":["GET"]}}],"collection":[{"href":"https:\/\/hand2noteguide.com\/de\/wp-json\/wp\/v2\/pages"}],"about":[{"href":"https:\/\/hand2noteguide.com\/de\/wp-json\/wp\/v2\/types\/page"}],"author":[{"embeddable":true,"href":"https:\/\/hand2noteguide.com\/de\/wp-json\/wp\/v2\/users\/1"}],"replies":[{"embeddable":true,"href":"https:\/\/hand2noteguide.com\/de\/wp-json\/wp\/v2\/comments?post=876"}],"version-history":[{"count":12,"href":"https:\/\/hand2noteguide.com\/de\/wp-json\/wp\/v2\/pages\/876\/revisions"}],"predecessor-version":[{"id":13515,"href":"https:\/\/hand2noteguide.com\/de\/wp-json\/wp\/v2\/pages\/876\/revisions\/13515"}],"up":[{"embeddable":true,"href":"https:\/\/hand2noteguide.com\/de\/wp-json\/wp\/v2\/pages\/74"}],"wp:attachment":[{"href":"https:\/\/hand2noteguide.com\/de\/wp-json\/wp\/v2\/media?parent=876"}],"curies":[{"name":"wp","href":"https:\/\/api.w.org\/{rel}","templated":true}]}}