{"id":8774,"date":"2024-11-09T21:02:21","date_gmt":"2024-11-09T18:02:21","guid":{"rendered":"https:\/\/hand2noteguide.com\/?page_id=8774"},"modified":"2026-02-21T10:44:54","modified_gmt":"2026-02-21T07:44:54","slug":"winamaxcaption","status":"publish","type":"page","link":"https:\/\/hand2noteguide.com\/de\/winamaxcaption\/","title":{"rendered":"WinamaxCaption \ud83d\udca5 Ihr bester Helfer auf Winamax"},"content":{"rendered":"\n<p style=\"margin-top:8px\"><span class=\"product-price\">$30<\/span> <span class=\"product-price-desc\">(1-Jahres-Lizenz)<\/span><\/p>\n\n\n<p><a class=\"btn btn-primary h2n-crypto-open-checkout\" href=\"https:\/\/hand2noteguide.com\/de\/?h2n_crypto_checkout=1&#038;cfg=eyJwcm9kdWN0X2lkIjo0LCJwcm9kdWN0X3ByaWNlIjoiMzAiLCJkb3dubG9hZF9saW5rIjoiaHR0cHM6XC9cL3Bva2VyY2FwdGlvbi5jb21cL2Rvd25sb2Fkcy5odG1sIiwidmVuZG9yX2VtYWlsIjoicG9rZXJjYXB0aW9uQGdtYWlsLmNvbSIsImxpY2Vuc2VfaWRfcmVxdWlyZWQiOnRydWUsIm5ldHdvcmsiOiJ1c2R0X3RyYzIwIiwiY3VycmVuY3kiOiJVU0RUIiwiYmFzZV9hbW91bnQiOiIzMC4wMDAwMDAiLCJidXR0b25fdGV4dCI6IkthdWZlbiIsInRpdGxlIjoiIiwiZGVzY3JpcHRpb24iOiIiLCJzdWNjZXNzX21vZGUiOiJtYW51YWxfZnVsZmlsbG1lbnQiLCJyZXF1aXJlX2VtYWlsIjp0cnVlLCJ0dGxfbWludXRlcyI6NjAsIndhbGxldCI6IlRNSndSM0dlNXlMSm9DSjhyRnRjaVFrUmNoNWpEUkxudTMifQ%3D%3D&#038;sig=147bba220d5fecf9b4afc6d292191f5e7745dc042fdf838e763d59a959bb071b\" target=\"_blank\" rel=\"noopener noreferrer\">Kaufen<\/a><\/p>\n\n\n\n<p>WinamaxCaption ist ein Tool, das das Gameplay auf Winamax Poker verbessert. Es ist vollst\u00e4ndig von Winamax genehmigt und steigert die Effizienz Ihrer Sessions mit anpassbaren Hotkeys, einem detaillierten HUD, automatischer Tischaktivierung und mehr. Zu den Funktionen geh\u00f6ren:<\/p>\n\n\n\n<ul class=\"wp-block-list\">\n<li>Anpassbare Einsatzgr\u00f6\u00dfen und Hotkeys.<\/li>\n\n\n\n<li>HUD mit Call\/Push Odds, Potgr\u00f6\u00dfe und mehr.<\/li>\n\n\n\n<li>Tischhervorhebung nach Aktion oder Kriterien.<\/li>\n\n\n\n<li>Automatische Aktivierung von Tischen.<\/li>\n\n\n\n<li>Effizienter Modus f\u00fcr langsame Computer.<\/li>\n\n\n\n<li>Und weitere Funktionen!<\/li>\n<\/ul>\n\n\n\n<p>Perfekt f\u00fcr ein reibungsloseres, schnelleres Multi-Tabling.<\/p>\n\n\n\n<figure class=\"wp-block-gallery has-nested-images columns-default is-cropped wp-block-gallery-1 is-layout-flex wp-block-gallery-is-layout-flex\">\n<figure class=\"wp-block-image size-large\"><img loading=\"lazy\" decoding=\"async\" width=\"985\" height=\"695\" data-id=\"8777\" src=\"https:\/\/hand2noteguide.com\/wp-content\/uploads\/2024\/11\/1-min.jpg\" alt=\"\" class=\"wp-image-8777\" srcset=\"https:\/\/hand2noteguide.com\/wp-content\/uploads\/2024\/11\/1-min.jpg 985w, https:\/\/hand2noteguide.com\/wp-content\/uploads\/2024\/11\/1-min-300x212.jpg 300w, https:\/\/hand2noteguide.com\/wp-content\/uploads\/2024\/11\/1-min-768x542.jpg 768w, https:\/\/hand2noteguide.com\/wp-content\/uploads\/2024\/11\/1-min-772x545.jpg 772w, https:\/\/hand2noteguide.com\/wp-content\/uploads\/2024\/11\/1-min-624x440.jpg 624w\" sizes=\"auto, (max-width: 985px) 100vw, 985px\" \/><\/figure>\n\n\n\n<figure class=\"wp-block-image size-large\"><img loading=\"lazy\" decoding=\"async\" width=\"985\" height=\"696\" data-id=\"8779\" src=\"https:\/\/hand2noteguide.com\/wp-content\/uploads\/2024\/11\/2-min.jpg\" alt=\"\" class=\"wp-image-8779\" srcset=\"https:\/\/hand2noteguide.com\/wp-content\/uploads\/2024\/11\/2-min.jpg 985w, https:\/\/hand2noteguide.com\/wp-content\/uploads\/2024\/11\/2-min-300x212.jpg 300w, https:\/\/hand2noteguide.com\/wp-content\/uploads\/2024\/11\/2-min-768x543.jpg 768w, https:\/\/hand2noteguide.com\/wp-content\/uploads\/2024\/11\/2-min-772x545.jpg 772w, https:\/\/hand2noteguide.com\/wp-content\/uploads\/2024\/11\/2-min-624x441.jpg 624w\" sizes=\"auto, (max-width: 985px) 100vw, 985px\" \/><\/figure>\n\n\n\n<figure class=\"wp-block-image size-large\"><img loading=\"lazy\" decoding=\"async\" width=\"985\" height=\"695\" data-id=\"8775\" src=\"https:\/\/hand2noteguide.com\/wp-content\/uploads\/2024\/11\/3-min.jpg\" alt=\"\" class=\"wp-image-8775\" srcset=\"https:\/\/hand2noteguide.com\/wp-content\/uploads\/2024\/11\/3-min.jpg 985w, https:\/\/hand2noteguide.com\/wp-content\/uploads\/2024\/11\/3-min-300x212.jpg 300w, https:\/\/hand2noteguide.com\/wp-content\/uploads\/2024\/11\/3-min-768x542.jpg 768w, https:\/\/hand2noteguide.com\/wp-content\/uploads\/2024\/11\/3-min-772x545.jpg 772w, https:\/\/hand2noteguide.com\/wp-content\/uploads\/2024\/11\/3-min-624x440.jpg 624w\" sizes=\"auto, (max-width: 985px) 100vw, 985px\" \/><\/figure>\n\n\n\n<figure class=\"wp-block-image size-large\"><img loading=\"lazy\" decoding=\"async\" width=\"985\" height=\"696\" data-id=\"8780\" src=\"https:\/\/hand2noteguide.com\/wp-content\/uploads\/2024\/11\/4-min.jpg\" alt=\"\" class=\"wp-image-8780\" srcset=\"https:\/\/hand2noteguide.com\/wp-content\/uploads\/2024\/11\/4-min.jpg 985w, https:\/\/hand2noteguide.com\/wp-content\/uploads\/2024\/11\/4-min-300x212.jpg 300w, https:\/\/hand2noteguide.com\/wp-content\/uploads\/2024\/11\/4-min-768x543.jpg 768w, https:\/\/hand2noteguide.com\/wp-content\/uploads\/2024\/11\/4-min-772x545.jpg 772w, https:\/\/hand2noteguide.com\/wp-content\/uploads\/2024\/11\/4-min-624x441.jpg 624w\" sizes=\"auto, (max-width: 985px) 100vw, 985px\" \/><\/figure>\n\n\n\n<figure class=\"wp-block-image size-large\"><img loading=\"lazy\" decoding=\"async\" width=\"986\" height=\"694\" data-id=\"8778\" src=\"https:\/\/hand2noteguide.com\/wp-content\/uploads\/2024\/11\/5-min.jpg\" alt=\"\" class=\"wp-image-8778\" srcset=\"https:\/\/hand2noteguide.com\/wp-content\/uploads\/2024\/11\/5-min.jpg 986w, https:\/\/hand2noteguide.com\/wp-content\/uploads\/2024\/11\/5-min-300x211.jpg 300w, https:\/\/hand2noteguide.com\/wp-content\/uploads\/2024\/11\/5-min-768x541.jpg 768w, https:\/\/hand2noteguide.com\/wp-content\/uploads\/2024\/11\/5-min-772x543.jpg 772w, https:\/\/hand2noteguide.com\/wp-content\/uploads\/2024\/11\/5-min-624x439.jpg 624w\" sizes=\"auto, (max-width: 986px) 100vw, 986px\" \/><\/figure>\n\n\n\n<figure class=\"wp-block-image size-large\"><img loading=\"lazy\" decoding=\"async\" width=\"986\" height=\"697\" data-id=\"8776\" src=\"https:\/\/hand2noteguide.com\/wp-content\/uploads\/2024\/11\/6-min.jpg\" alt=\"\" class=\"wp-image-8776\" srcset=\"https:\/\/hand2noteguide.com\/wp-content\/uploads\/2024\/11\/6-min.jpg 986w, https:\/\/hand2noteguide.com\/wp-content\/uploads\/2024\/11\/6-min-300x212.jpg 300w, https:\/\/hand2noteguide.com\/wp-content\/uploads\/2024\/11\/6-min-768x543.jpg 768w, https:\/\/hand2noteguide.com\/wp-content\/uploads\/2024\/11\/6-min-772x546.jpg 772w, https:\/\/hand2noteguide.com\/wp-content\/uploads\/2024\/11\/6-min-624x441.jpg 624w\" sizes=\"auto, (max-width: 986px) 100vw, 986px\" \/><\/figure>\n<\/figure>\n\n\n\n<h2 class=\"wp-block-heading\">Was sind die Funktionen von Winamax Caption?<\/h2>\n\n\n\n<h3 class=\"wp-block-heading\">1. <strong>Hotkeys<\/strong><\/h3>\n\n\n\n<ul class=\"wp-block-list\">\n<li>Anpassbare Hotkeys f\u00fcr Aktionen: Check\/Fold, Call, Bet\/Raise, Sit Out Next Big Blind, Tisch schlie\u00dfen, Replayer und mehr.<\/li>\n\n\n\n<li>Einsatz-Hotkeys mit benutzerdefinierten Formeln.<\/li>\n\n\n\n<li>Weisen Sie Hotkeys zu, um auf bestimmte Punkte auf dem Tisch zu klicken.<\/li>\n<\/ul>\n\n\n\n<h3 class=\"wp-block-heading\">2. <strong>Betscript<\/strong><\/h3>\n\n\n\n<ul class=\"wp-block-list\">\n<li>Definieren Sie Einsatz-\/Raise-Gr\u00f6\u00dfen f\u00fcr verschiedene Situationen (z. B. Preflop, Postflop).<\/li>\n\n\n\n<li>Automatische Eingabe voreingestellter Einsatzbetr\u00e4ge in das Einsatzfeld, wenn der Hero an der Reihe ist.<\/li>\n\n\n\n<li>Anpassbare Bildschirmtasten mit Formelsupport.<\/li>\n<\/ul>\n\n\n\n<h3 class=\"wp-block-heading\">3. <strong>Anpassbares HUD<\/strong><\/h3>\n\n\n\n<ul class=\"wp-block-list\">\n<li>Anzeige umfassender Informationen: Einsatz, Blind-Level, Call Odds, Push Odds, SPR (Stack-to-Pot Ratio), Bluff Equity, Potgr\u00f6\u00dfe und der Stack des Hero f\u00fcr die n\u00e4chste Stra\u00dfe.<\/li>\n\n\n\n<li>Zeigt Werte wie Potgr\u00f6\u00dfe und Einsatzfeldbetrag als Prozentsatz des Pots an.<\/li>\n\n\n\n<li>Numerische Werte im HUD k\u00f6nnen basierend auf von Ihnen festgelegten Schwellenwerten die Farbe \u00e4ndern.<\/li>\n\n\n\n<li>Anpassbare Positionslabels f\u00fcr verschiedene Tischgr\u00f6\u00dfen.<\/li>\n\n\n\n<li>Unterst\u00fctzung f\u00fcr die Erstellung mehrerer benutzerdefinierter Einsatzbuttons mit Formeln.<\/li>\n<\/ul>\n\n\n\n<h3 class=\"wp-block-heading\">4. <strong>Tischhervorhebung<\/strong><\/h3>\n\n\n\n<ul class=\"wp-block-list\">\n<li>Hervorhebung von Tischen basierend auf verschiedenen Kriterien:\n<ul class=\"wp-block-list\">\n<li>Tisch unter dem Mauszeiger.<\/li>\n\n\n\n<li>Tisch, an dem der Hero an der Reihe ist.<\/li>\n\n\n\n<li>Blind-Level, Potgr\u00f6\u00dfe, Stackgr\u00f6\u00dfe, Buy-in-Status und ITM (In the Money) Status.<\/li>\n<\/ul>\n<\/li>\n\n\n\n<li>Rahmen- und\/oder F\u00fcllhervorhebung, um aktive Tische besser sichtbar zu machen.<\/li>\n<\/ul>\n\n\n\n<h3 class=\"wp-block-heading\">5. <strong>Mausrad-Anpassung<\/strong><\/h3>\n\n\n\n<ul class=\"wp-block-list\">\n<li>Stellen Sie das Mausrad ein, um Einsatzgr\u00f6\u00dfen anzupassen (in Big Blinds oder Dollar).<\/li>\n\n\n\n<li>Konfigurierbare Laufrichtung f\u00fcr Feinabstimmungen.<\/li>\n<\/ul>\n\n\n\n<h3 class=\"wp-block-heading\">6. <strong>Lobby- und Tisch-Slot-Management<\/strong><\/h3>\n\n\n\n<ul class=\"wp-block-list\">\n<li>Zugewiesene Slots f\u00fcr die Lobby, neue Tische und den Replayer.<\/li>\n\n\n\n<li>M\u00f6glichkeit, Tische f\u00fcr einfachere Navigation und Fokussierung zu organisieren.<\/li>\n<\/ul>\n\n\n\n<h3 class=\"wp-block-heading\">7. <strong>Automatische Aktivierung von Tischen<\/strong><\/h3>\n\n\n\n<ul class=\"wp-block-list\">\n<li>Automatische Aktivierung von Tischen, wenn der Hero an der Reihe ist.<\/li>\n\n\n\n<li>Aktivierungseinstellungen umfassen:\n<ul class=\"wp-block-list\">\n<li>Nach Zeit seit Erhalt der Aktion.<\/li>\n\n\n\n<li>Nach verbleibender Zeit f\u00fcr die Aktion.<\/li>\n<\/ul>\n<\/li>\n\n\n\n<li>Option, die Maus automatisch zum aktiven Tisch zu bewegen.<\/li>\n\n\n\n<li>Kann die automatische Aktivierung deaktivieren, wenn die Hauptlobby fokussiert ist.<\/li>\n\n\n\n<li>Option f\u00fcr automatische Aktivierung ohne Fokusverlust auf dem aktuellen Bildschirm.<\/li>\n<\/ul>\n\n\n\n<h3 class=\"wp-block-heading\">8. <strong>Playground-Unterst\u00fctzung (Stack-Modus)<\/strong><\/h3>\n\n\n\n<ul class=\"wp-block-list\">\n<li>Funktioniert vollst\u00e4ndig im Stack-Modus von Playground f\u00fcr effizienteres Multi-Tabling auf langsameren Computern.<\/li>\n\n\n\n<li>Reduziert den Ressourcenverbrauch des Winamax-Clients w\u00e4hrend des Spiels mit hohem Volumen.<\/li>\n<\/ul>\n","protected":false},"excerpt":{"rendered":"<p>$30 (1-Jahres-Lizenz) WinamaxCaption ist ein Tool, das das Gameplay auf Winamax Poker verbessert. Es ist vollst\u00e4ndig von Winamax genehmigt und steigert die Effizienz Ihrer Sessions mit anpassbaren Hotkeys, einem detaillierten HUD, automatischer Tischaktivierung und mehr. Zu den Funktionen geh\u00f6ren: Perfekt f\u00fcr ein reibungsloseres, schnelleres Multi-Tabling. Was sind die Funktionen von Winamax Caption? 1. Hotkeys 2. &hellip; <a href=\"https:\/\/hand2noteguide.com\/de\/winamaxcaption\/\" class=\"more-link\">Continue reading <span class=\"screen-reader-text\">WinamaxCaption \ud83d\udca5 Ihr bester Helfer auf Winamax<\/span><\/a><\/p>\n","protected":false},"author":1,"featured_media":0,"parent":0,"menu_order":0,"comment_status":"closed","ping_status":"closed","template":"page-templates\/full-width-page.php","meta":{"footnotes":""},"class_list":["post-8774","page","type-page","status-publish","hentry"],"translation":{"provider":"WPGlobus","version":"3.0.2","language":"de","enabled_languages":["en","ru","pt","zh","es","fr","de","it","ja"],"languages":{"en":{"title":true,"content":true,"excerpt":false},"ru":{"title":true,"content":true,"excerpt":false},"pt":{"title":true,"content":true,"excerpt":false},"zh":{"title":true,"content":true,"excerpt":false},"es":{"title":true,"content":true,"excerpt":false},"fr":{"title":true,"content":true,"excerpt":false},"de":{"title":true,"content":true,"excerpt":false},"it":{"title":true,"content":true,"excerpt":false},"ja":{"title":true,"content":true,"excerpt":false}}},"yoast_head":"<!-- This site is optimized with the Yoast SEO plugin v27.0 - https:\/\/yoast.com\/product\/yoast-seo-wordpress\/ -->\n<title>WinamaxCaption \ud83d\udca5 Ihr bester Helfer auf Winamax<\/title>\n<meta name=\"description\" content=\"WinamaxCaption verbessert den Winamax Poker-Client mit Hotkeys, HUD, automatischem Tischwechsel und mehr. Genehmigtes Tool f\u00fcr schnelleres, einfacheres Multi-Tabling.\" \/>\n<meta name=\"robots\" content=\"index, follow, max-snippet:-1, max-image-preview:large, max-video-preview:-1\" \/>\n<link rel=\"canonical\" href=\"https:\/\/hand2noteguide.com\/ru\/winamaxcaption\/\" \/>\n<meta property=\"og:locale\" content=\"de_DE\" \/>\n<meta property=\"og:type\" content=\"article\" \/>\n<meta property=\"og:title\" content=\"WinamaxCaption \ud83d\udca5 Ihr bester Helfer auf Winamax\" \/>\n<meta property=\"og:description\" content=\"WinamaxCaption verbessert den Winamax Poker-Client mit Hotkeys, HUD, automatischem Tischwechsel und mehr. Genehmigtes Tool f\u00fcr schnelleres, einfacheres Multi-Tabling.\" \/>\n<meta property=\"og:url\" content=\"https:\/\/hand2noteguide.com\/ru\/winamaxcaption\/\" \/>\n<meta property=\"og:site_name\" content=\"Hand2Note Guide\" \/>\n<meta property=\"article:modified_time\" content=\"2026-02-21T07:44:54+00:00\" \/>\n<meta property=\"og:image\" content=\"https:\/\/hand2noteguide.com\/wp-content\/uploads\/2024\/11\/1-min.jpg\" \/>\n<meta name=\"twitter:card\" content=\"summary_large_image\" \/>\n<meta name=\"twitter:label1\" content=\"Est. reading time\" \/>\n\t<meta name=\"twitter:data1\" content=\"4 minutes\" \/>\n<!-- \/ Yoast SEO plugin. -->","yoast_head_json":{"title":"WinamaxCaption \ud83d\udca5 Ihr bester Helfer auf Winamax","description":"WinamaxCaption verbessert den Winamax Poker-Client mit Hotkeys, HUD, automatischem Tischwechsel und mehr. Genehmigtes Tool f\u00fcr schnelleres, einfacheres Multi-Tabling.","robots":{"index":"index","follow":"follow","max-snippet":"max-snippet:-1","max-image-preview":"max-image-preview:large","max-video-preview":"max-video-preview:-1"},"canonical":"https:\/\/hand2noteguide.com\/ru\/winamaxcaption\/","og_locale":"de_DE","og_type":"article","og_title":"WinamaxCaption \ud83d\udca5 Ihr bester Helfer auf Winamax","og_description":"WinamaxCaption verbessert den Winamax Poker-Client mit Hotkeys, HUD, automatischem Tischwechsel und mehr. Genehmigtes Tool f\u00fcr schnelleres, einfacheres Multi-Tabling.","og_url":"https:\/\/hand2noteguide.com\/ru\/winamaxcaption\/","og_site_name":"Hand2Note Guide","article_modified_time":"2026-02-21T07:44:54+00:00","og_image":[{"url":"https:\/\/hand2noteguide.com\/wp-content\/uploads\/2024\/11\/1-min.jpg","type":"","width":"","height":""}],"twitter_card":"summary_large_image","twitter_misc":{"Est. reading time":"4 minutes"},"schema":{"@context":"https:\/\/schema.org","@graph":[]}},"jetpack_sharing_enabled":true,"_links":{"self":[{"href":"https:\/\/hand2noteguide.com\/de\/wp-json\/wp\/v2\/pages\/8774","targetHints":{"allow":["GET"]}}],"collection":[{"href":"https:\/\/hand2noteguide.com\/de\/wp-json\/wp\/v2\/pages"}],"about":[{"href":"https:\/\/hand2noteguide.com\/de\/wp-json\/wp\/v2\/types\/page"}],"author":[{"embeddable":true,"href":"https:\/\/hand2noteguide.com\/de\/wp-json\/wp\/v2\/users\/1"}],"replies":[{"embeddable":true,"href":"https:\/\/hand2noteguide.com\/de\/wp-json\/wp\/v2\/comments?post=8774"}],"version-history":[{"count":14,"href":"https:\/\/hand2noteguide.com\/de\/wp-json\/wp\/v2\/pages\/8774\/revisions"}],"predecessor-version":[{"id":15168,"href":"https:\/\/hand2noteguide.com\/de\/wp-json\/wp\/v2\/pages\/8774\/revisions\/15168"}],"wp:attachment":[{"href":"https:\/\/hand2noteguide.com\/de\/wp-json\/wp\/v2\/media?parent=8774"}],"curies":[{"name":"wp","href":"https:\/\/api.w.org\/{rel}","templated":true}]}}